{"id":13895,"date":"2024-08-20T09:11:56","date_gmt":"2024-08-20T09:11:56","guid":{"rendered":"https:\/\/www.elementvape.de\/?post_type=product&#038;p=13895"},"modified":"2024-12-12T06:34:21","modified_gmt":"2024-12-12T06:34:21","slug":"strawberry-pitaya-lemonade-12000-zuege-coole-led-lichter-grosshandelspreis-fuer-e-zigaretten","status":"publish","type":"product","link":"https:\/\/www.elementvape.de\/en\/produkt\/strawberry-pitaya-lemonade-12000-zuege-coole-led-lichter-grosshandelspreis-fuer-e-zigaretten\/","title":{"rendered":"STRAWBERRY PITAYA LEMONADE 12000 Puffs cool LED lights Wholesale price for e-cigarettes"},"content":{"rendered":"<h2>Versatile MTL e-cigarette: Perfect combination of performance and style<\/h2>\n<p>This MTL <strong><a href=\"https:\/\/www.elementvape.de\/en\/\" target=\"_blank\" rel=\"noopener\">E-cigarette<\/a><\/strong> offers a flexible selection of advantages-N: 2% and 5%. Whether you prefer a nicotine-free vaping experience or want a stronger nicotine kick, this device adapts perfectly to your individual preferences.<\/p>\n<p>Equipped with 20 ml of e-liquid, the e-cigarette offers sufficient capacity for long-lasting vaping sessions. The impressive number of 12,000 puffs per device guarantees that you will enjoy it for a long time without having to refill or replace the device frequently.<\/p>\n<h4>Powerful technology and modern features<\/h4>\n<p>The 650 mAh battery ensures a reliable power supply and can be quickly charged via the practical Type-C port. The RGB lighting design not only gives the e-cigarette a modern and stylish look, but also makes vaping a visual experience.<\/p>\n<p>The 0.8 \u03a9 mesh coil guarantees even vapor production and an intense flavor experience, suitable for both beginners and experienced vapers. Thanks to the automatic draw, operation is very simple - just pull and enjoy.<\/p>\n<h4>Ergonomic design and technical precision<\/h4>\n<p>Weighing 82 g and with compact dimensions of 35<em>36<\/em>133.5 mm, this e-cigarette is light and comfortable to hold. It is ideal for everyday use and can be easily taken anywhere.<\/p>\n<p>The device features a 1.0 \u03a9 mesh core that ensures a smooth and satisfying MTL vaping experience. The 14 ml liquid tank offers ample capacity to ensure a balanced ratio between portability and performance.<\/p>\n<p>This MTL e-cigarette combines innovative technology with stylish design and is the ideal choice for vapers who value quality and versatility. Whether you are a beginner or an experienced vaper, this device offers you an outstanding vaping experience that will inspire you.<\/p>","protected":false},"excerpt":{"rendered":"<p>Vielseitige MTL-E-Zigarette: Perfekte Kombination aus Leistung und Stil Diese MTL E-Zigarette bietet eine flexible Auswahl an Vorteile-N:\u00a0 2% und 5%. Egal, ob Sie ein nikotinfreies Dampferlebnis bevorzugen oder einen st\u00e4rkeren Nikotinkick w\u00fcnschen, dieses Ger\u00e4t passt sich Ihren individuellen Vorlieben perfekt an. Mit 20 ml E-Liquid ausgestattet, bietet die E-Zigarette ausreichend Kapazit\u00e4t f\u00fcr langanhaltende Dampf-Sessions. Die [&hellip;]<\/p>","protected":false},"featured_media":13896,"template":"","meta":{"inline_featured_image":false},"product_cat":[15,78,747,740,734,753,732,722],"product_tag":[710,673],"tiered_pricing_type":"fixed","tiered_pricing_fixed_rules":{"110":"6.75","200":"6.00","500":"5.25"},"tiered_pricing_percentage_rules":[],"tiered_pricing_minimum":1,"_administrator_tiered_pricing_type":"fixed","_administrator_tiered_pricing_fixed_rules":[],"_editor_tiered_pricing_type":"fixed","_editor_tiered_pricing_fixed_rules":[],"_author_tiered_pricing_type":"fixed","_author_tiered_pricing_fixed_rules":[],"_contributor_tiered_pricing_type":"fixed","_contributor_tiered_pricing_fixed_rules":[],"_subscriber_tiered_pricing_type":"fixed","_subscriber_tiered_pricing_fixed_rules":[],"_customer_tiered_pricing_type":"fixed","_customer_tiered_pricing_fixed_rules":[],"_shop_manager_tiered_pricing_type":"fixed","_shop_manager_tiered_pricing_fixed_rules":[],"_wpseo_manager_tiered_pricing_type":"fixed","_wpseo_manager_tiered_pricing_fixed_rules":[],"_wpseo_editor_tiered_pricing_type":"fixed","_wpseo_editor_tiered_pricing_fixed_rules":[],"_wholesale_customer_tiered_pricing_type":"fixed","_wholesale_customer_tiered_pricing_fixed_rules":[],"_marketer_tiered_pricing_type":"fixed","_marketer_tiered_pricing_fixed_rules":[],"_sales_manager_tiered_pricing_type":"fixed","_sales_manager_tiered_pricing_fixed_rules":[],"_sales_rep_tiered_pricing_type":"fixed","_sales_rep_tiered_pricing_fixed_rules":[],"yoast_head":"<!-- This site is optimized with the Yoast SEO plugin v23.3 - https:\/\/yoast.com\/wordpress\/plugins\/seo\/ -->\n<title>STRAWBERRY PITAYA LEMONADE 12000 Z\u00fcge coole LED-Lichter Gro\u00dfhandelspreis f\u00fcr E-Zigaretten | ElementVape.de<\/title>\n<meta name=\"description\" content=\"Wir bieten STRAWBERRY PITAYA LEMONADE 12000 Z\u00fcge coole LED-Lichter Gro\u00dfhandelspreis f\u00fcr E-Zigaretten , Elementvape.de akzeptieren Gro\u00df-und Einzelhandel Bestellungen.\" \/>\n<meta name=\"robots\" content=\"index, follow, max-snippet:-1, max-image-preview:large, max-video-preview:-1\" \/>\n<link rel=\"canonical\" href=\"https:\/\/www.elementvape.de\/en\/produkt\/strawberry-pitaya-lemonade-12000-zuege-coole-led-lichter-grosshandelspreis-fuer-e-zigaretten\/\" \/>\n<meta property=\"og:locale\" content=\"en_US\" \/>\n<meta property=\"og:type\" content=\"article\" \/>\n<meta property=\"og:title\" content=\"STRAWBERRY PITAYA LEMONADE 12000 Z\u00fcge coole LED-Lichter Gro\u00dfhandelspreis f\u00fcr E-Zigaretten | ElementVape.de\" \/>\n<meta property=\"og:description\" content=\"Wir bieten STRAWBERRY PITAYA LEMONADE 12000 Z\u00fcge coole LED-Lichter Gro\u00dfhandelspreis f\u00fcr E-Zigaretten , Elementvape.de akzeptieren Gro\u00df-und Einzelhandel Bestellungen.\" \/>\n<meta property=\"og:url\" content=\"https:\/\/www.elementvape.de\/en\/produkt\/strawberry-pitaya-lemonade-12000-zuege-coole-led-lichter-grosshandelspreis-fuer-e-zigaretten\/\" \/>\n<meta property=\"og:site_name\" content=\"ElementVape.de\" \/>\n<meta property=\"article:modified_time\" content=\"2024-12-12T06:34:21+00:00\" \/>\n<meta property=\"og:image\" content=\"https:\/\/www.elementvape.de\/wp-content\/uploads\/2024\/08\/Strawberry-pitaya-lemonade_980.png\" \/>\n\t<meta property=\"og:image:width\" content=\"980\" \/>\n\t<meta property=\"og:image:height\" content=\"980\" \/>\n\t<meta property=\"og:image:type\" content=\"image\/png\" \/>\n<meta name=\"twitter:card\" content=\"summary_large_image\" \/>\n<meta name=\"twitter:label1\" content=\"Est. reading time\" \/>\n\t<meta name=\"twitter:data1\" content=\"2 minutes\" \/>\n<script type=\"application\/ld+json\" class=\"yoast-schema-graph\">{\"@context\":\"https:\/\/schema.org\",\"@graph\":[{\"@type\":\"WebPage\",\"@id\":\"https:\/\/www.elementvape.de\/sk\/produkt\/strawberry-pitaya-lemonade-12000-zuege-coole-led-lichter-grosshandelspreis-fuer-e-zigaretten\/\",\"url\":\"https:\/\/www.elementvape.de\/sk\/produkt\/strawberry-pitaya-lemonade-12000-zuege-coole-led-lichter-grosshandelspreis-fuer-e-zigaretten\/\",\"name\":\"STRAWBERRY PITAYA LEMONADE 12000 Z\u00fcge coole LED-Lichter Gro\u00dfhandelspreis f\u00fcr E-Zigaretten | ElementVape.de\",\"isPartOf\":{\"@id\":\"https:\/\/www.elementvape.de\/#website\"},\"primaryImageOfPage\":{\"@id\":\"https:\/\/www.elementvape.de\/sk\/produkt\/strawberry-pitaya-lemonade-12000-zuege-coole-led-lichter-grosshandelspreis-fuer-e-zigaretten\/#primaryimage\"},\"image\":{\"@id\":\"https:\/\/www.elementvape.de\/sk\/produkt\/strawberry-pitaya-lemonade-12000-zuege-coole-led-lichter-grosshandelspreis-fuer-e-zigaretten\/#primaryimage\"},\"thumbnailUrl\":\"https:\/\/www.elementvape.de\/wp-content\/uploads\/2024\/08\/Strawberry-pitaya-lemonade_980.png\",\"datePublished\":\"2024-08-20T09:11:56+00:00\",\"dateModified\":\"2024-12-12T06:34:21+00:00\",\"description\":\"Wir bieten STRAWBERRY PITAYA LEMONADE 12000 Z\u00fcge coole LED-Lichter Gro\u00dfhandelspreis f\u00fcr E-Zigaretten , Elementvape.de akzeptieren Gro\u00df-und Einzelhandel Bestellungen.\",\"breadcrumb\":{\"@id\":\"https:\/\/www.elementvape.de\/sk\/produkt\/strawberry-pitaya-lemonade-12000-zuege-coole-led-lichter-grosshandelspreis-fuer-e-zigaretten\/#breadcrumb\"},\"inLanguage\":\"en-US\",\"potentialAction\":[{\"@type\":\"ReadAction\",\"target\":[\"https:\/\/www.elementvape.de\/sk\/produkt\/strawberry-pitaya-lemonade-12000-zuege-coole-led-lichter-grosshandelspreis-fuer-e-zigaretten\/\"]}]},{\"@type\":\"ImageObject\",\"inLanguage\":\"en-US\",\"@id\":\"https:\/\/www.elementvape.de\/sk\/produkt\/strawberry-pitaya-lemonade-12000-zuege-coole-led-lichter-grosshandelspreis-fuer-e-zigaretten\/#primaryimage\",\"url\":\"https:\/\/www.elementvape.de\/wp-content\/uploads\/2024\/08\/Strawberry-pitaya-lemonade_980.png\",\"contentUrl\":\"https:\/\/www.elementvape.de\/wp-content\/uploads\/2024\/08\/Strawberry-pitaya-lemonade_980.png\",\"width\":980,\"height\":980,\"caption\":\"STRAWBERRY PITAYA LEMONADE\"},{\"@type\":\"BreadcrumbList\",\"@id\":\"https:\/\/www.elementvape.de\/sk\/produkt\/strawberry-pitaya-lemonade-12000-zuege-coole-led-lichter-grosshandelspreis-fuer-e-zigaretten\/#breadcrumb\",\"itemListElement\":[{\"@type\":\"ListItem\",\"position\":1,\"name\":\"Home\",\"item\":\"https:\/\/www.elementvape.de\/\"},{\"@type\":\"ListItem\",\"position\":2,\"name\":\"Shop\",\"item\":\"https:\/\/www.elementvape.de\/shop\/\"},{\"@type\":\"ListItem\",\"position\":3,\"name\":\"STRAWBERRY PITAYA LEMONADE 12000 Z\u00fcge coole LED-Lichter Gro\u00dfhandelspreis f\u00fcr E-Zigaretten\"}]},{\"@type\":\"WebSite\",\"@id\":\"https:\/\/www.elementvape.de\/#website\",\"url\":\"https:\/\/www.elementvape.de\/\",\"name\":\"ElementVape.de\",\"description\":\"\",\"publisher\":{\"@id\":\"https:\/\/www.elementvape.de\/#organization\"},\"potentialAction\":[{\"@type\":\"SearchAction\",\"target\":{\"@type\":\"EntryPoint\",\"urlTemplate\":\"https:\/\/www.elementvape.de\/?s={search_term_string}\"},\"query-input\":\"required name=search_term_string\"}],\"inLanguage\":\"en-US\"},{\"@type\":\"Organization\",\"@id\":\"https:\/\/www.elementvape.de\/#organization\",\"name\":\"ElementVape.DE\",\"url\":\"https:\/\/www.elementvape.de\/\",\"logo\":{\"@type\":\"ImageObject\",\"inLanguage\":\"en-US\",\"@id\":\"https:\/\/www.elementvape.de\/#\/schema\/logo\/image\/\",\"url\":\"https:\/\/www.elementvape.de\/wp-content\/uploads\/2024\/09\/cropped-1elementvape-3.png\",\"contentUrl\":\"https:\/\/www.elementvape.de\/wp-content\/uploads\/2024\/09\/cropped-1elementvape-3.png\",\"width\":285,\"height\":228,\"caption\":\"ElementVape.DE\"},\"image\":{\"@id\":\"https:\/\/www.elementvape.de\/#\/schema\/logo\/image\/\"}}]}<\/script>\n<!-- \/ Yoast SEO plugin. -->","yoast_head_json":{"title":"STRAWBERRY PITAYA LEMONADE 12000 Z\u00fcge coole LED-Lichter Gro\u00dfhandelspreis f\u00fcr E-Zigaretten | ElementVape.de","description":"Wir bieten STRAWBERRY PITAYA LEMONADE 12000 Z\u00fcge coole LED-Lichter Gro\u00dfhandelspreis f\u00fcr E-Zigaretten , Elementvape.de akzeptieren Gro\u00df-und Einzelhandel Bestellungen.","robots":{"index":"index","follow":"follow","max-snippet":"max-snippet:-1","max-image-preview":"max-image-preview:large","max-video-preview":"max-video-preview:-1"},"canonical":"https:\/\/www.elementvape.de\/en\/produkt\/strawberry-pitaya-lemonade-12000-zuege-coole-led-lichter-grosshandelspreis-fuer-e-zigaretten\/","og_locale":"en_US","og_type":"article","og_title":"STRAWBERRY PITAYA LEMONADE 12000 Z\u00fcge coole LED-Lichter Gro\u00dfhandelspreis f\u00fcr E-Zigaretten | ElementVape.de","og_description":"Wir bieten STRAWBERRY PITAYA LEMONADE 12000 Z\u00fcge coole LED-Lichter Gro\u00dfhandelspreis f\u00fcr E-Zigaretten , Elementvape.de akzeptieren Gro\u00df-und Einzelhandel Bestellungen.","og_url":"https:\/\/www.elementvape.de\/en\/produkt\/strawberry-pitaya-lemonade-12000-zuege-coole-led-lichter-grosshandelspreis-fuer-e-zigaretten\/","og_site_name":"ElementVape.de","article_modified_time":"2024-12-12T06:34:21+00:00","og_image":[{"width":980,"height":980,"url":"https:\/\/www.elementvape.de\/wp-content\/uploads\/2024\/08\/Strawberry-pitaya-lemonade_980.png","type":"image\/png"}],"twitter_card":"summary_large_image","twitter_misc":{"Est. reading time":"2 minutes"},"schema":{"@context":"https:\/\/schema.org","@graph":[{"@type":"WebPage","@id":"https:\/\/www.elementvape.de\/sk\/produkt\/strawberry-pitaya-lemonade-12000-zuege-coole-led-lichter-grosshandelspreis-fuer-e-zigaretten\/","url":"https:\/\/www.elementvape.de\/sk\/produkt\/strawberry-pitaya-lemonade-12000-zuege-coole-led-lichter-grosshandelspreis-fuer-e-zigaretten\/","name":"STRAWBERRY PITAYA LEMONADE 12000 Z\u00fcge coole LED-Lichter Gro\u00dfhandelspreis f\u00fcr E-Zigaretten | ElementVape.de","isPartOf":{"@id":"https:\/\/www.elementvape.de\/#website"},"primaryImageOfPage":{"@id":"https:\/\/www.elementvape.de\/sk\/produkt\/strawberry-pitaya-lemonade-12000-zuege-coole-led-lichter-grosshandelspreis-fuer-e-zigaretten\/#primaryimage"},"image":{"@id":"https:\/\/www.elementvape.de\/sk\/produkt\/strawberry-pitaya-lemonade-12000-zuege-coole-led-lichter-grosshandelspreis-fuer-e-zigaretten\/#primaryimage"},"thumbnailUrl":"https:\/\/www.elementvape.de\/wp-content\/uploads\/2024\/08\/Strawberry-pitaya-lemonade_980.png","datePublished":"2024-08-20T09:11:56+00:00","dateModified":"2024-12-12T06:34:21+00:00","description":"Wir bieten STRAWBERRY PITAYA LEMONADE 12000 Z\u00fcge coole LED-Lichter Gro\u00dfhandelspreis f\u00fcr E-Zigaretten , Elementvape.de akzeptieren Gro\u00df-und Einzelhandel Bestellungen.","breadcrumb":{"@id":"https:\/\/www.elementvape.de\/sk\/produkt\/strawberry-pitaya-lemonade-12000-zuege-coole-led-lichter-grosshandelspreis-fuer-e-zigaretten\/#breadcrumb"},"inLanguage":"en-US","potentialAction":[{"@type":"ReadAction","target":["https:\/\/www.elementvape.de\/sk\/produkt\/strawberry-pitaya-lemonade-12000-zuege-coole-led-lichter-grosshandelspreis-fuer-e-zigaretten\/"]}]},{"@type":"ImageObject","inLanguage":"en-US","@id":"https:\/\/www.elementvape.de\/sk\/produkt\/strawberry-pitaya-lemonade-12000-zuege-coole-led-lichter-grosshandelspreis-fuer-e-zigaretten\/#primaryimage","url":"https:\/\/www.elementvape.de\/wp-content\/uploads\/2024\/08\/Strawberry-pitaya-lemonade_980.png","contentUrl":"https:\/\/www.elementvape.de\/wp-content\/uploads\/2024\/08\/Strawberry-pitaya-lemonade_980.png","width":980,"height":980,"caption":"STRAWBERRY PITAYA LEMONADE"},{"@type":"BreadcrumbList","@id":"https:\/\/www.elementvape.de\/sk\/produkt\/strawberry-pitaya-lemonade-12000-zuege-coole-led-lichter-grosshandelspreis-fuer-e-zigaretten\/#breadcrumb","itemListElement":[{"@type":"ListItem","position":1,"name":"Home","item":"https:\/\/www.elementvape.de\/"},{"@type":"ListItem","position":2,"name":"Shop","item":"https:\/\/www.elementvape.de\/shop\/"},{"@type":"ListItem","position":3,"name":"STRAWBERRY PITAYA LEMONADE 12000 Z\u00fcge coole LED-Lichter Gro\u00dfhandelspreis f\u00fcr E-Zigaretten"}]},{"@type":"WebSite","@id":"https:\/\/www.elementvape.de\/#website","url":"https:\/\/www.elementvape.de\/","name":"ElementVape.de","description":"","publisher":{"@id":"https:\/\/www.elementvape.de\/#organization"},"potentialAction":[{"@type":"SearchAction","target":{"@type":"EntryPoint","urlTemplate":"https:\/\/www.elementvape.de\/?s={search_term_string}"},"query-input":"required name=search_term_string"}],"inLanguage":"en-US"},{"@type":"Organization","@id":"https:\/\/www.elementvape.de\/#organization","name":"ElementVape.DE","url":"https:\/\/www.elementvape.de\/","logo":{"@type":"ImageObject","inLanguage":"en-US","@id":"https:\/\/www.elementvape.de\/#\/schema\/logo\/image\/","url":"https:\/\/www.elementvape.de\/wp-content\/uploads\/2024\/09\/cropped-1elementvape-3.png","contentUrl":"https:\/\/www.elementvape.de\/wp-content\/uploads\/2024\/09\/cropped-1elementvape-3.png","width":285,"height":228,"caption":"ElementVape.DE"},"image":{"@id":"https:\/\/www.elementvape.de\/#\/schema\/logo\/image\/"}}]}},"_links":{"self":[{"href":"https:\/\/www.elementvape.de\/en\/wp-json\/wp\/v2\/product\/13895"}],"collection":[{"href":"https:\/\/www.elementvape.de\/en\/wp-json\/wp\/v2\/product"}],"about":[{"href":"https:\/\/www.elementvape.de\/en\/wp-json\/wp\/v2\/types\/product"}],"wp:featuredmedia":[{"embeddable":true,"href":"https:\/\/www.elementvape.de\/en\/wp-json\/wp\/v2\/media\/13896"}],"wp:attachment":[{"href":"https:\/\/www.elementvape.de\/en\/wp-json\/wp\/v2\/media?parent=13895"}],"wp:term":[{"taxonomy":"product_cat","embeddable":true,"href":"https:\/\/www.elementvape.de\/en\/wp-json\/wp\/v2\/product_cat?post=13895"},{"taxonomy":"product_tag","embeddable":true,"href":"https:\/\/www.elementvape.de\/en\/wp-json\/wp\/v2\/product_tag?post=13895"}],"curies":[{"name":"wp","href":"https:\/\/api.w.org\/{rel}","templated":true}]}}