{"id":12623,"date":"2024-06-19T08:03:47","date_gmt":"2024-06-19T08:03:47","guid":{"rendered":"https:\/\/www.elementvape.de\/?post_type=product&#038;p=12623"},"modified":"2024-09-12T10:35:52","modified_gmt":"2024-09-12T10:35:52","slug":"wotofo-ultra-wiederaufladbarer-einweg-e-zigarette-3000-zuege","status":"publish","type":"product","link":"https:\/\/www.elementvape.de\/en\/produkt\/wotofo-ultra-wiederaufladbarer-einweg-e-zigarette-3000-zuege\/","title":{"rendered":"Wotofo Ultra Rechargeable Disposable E-Cigarette 3000 Puffs"},"content":{"rendered":"<div class=\"flex-shrink-0 flex flex-col relative items-end\">\n<div>\n<div class=\"pt-0.5 juice:pt-0\">\n<div class=\"gizmo-bot-avatar flex h-6 w-6 items-center justify-center overflow-hidden rounded-full juice:h-8 juice:w-8\">\n<div class=\"relative p-1 rounded-sm flex items-center justify-center bg-token-main-surface-primary text-token-text-primary h-8 w-8\"><\/div>\n<\/div>\n<\/div>\n<\/div>\n<\/div>\n<div class=\"group\/conversation-turn relative flex w-full min-w-0 flex-col agent-turn\">\n<div class=\"flex-col gap-1 md:gap-3\">\n<div class=\"flex flex-grow flex-col max-w-full\">\n<div class=\"min-h-[20px] text-message flex flex-col items-start whitespace-pre-wrap break-words [.text-message+&amp;]:mt-5 juice:w-full juice:items-end overflow-x-auto gap-2\" dir=\"auto\" data-message-author-role=\"assistant\" data-message-id=\"add0f779-7224-4244-b7be-7ed4f56074be\">\n<div class=\"flex w-full flex-col gap-1 juice:empty:hidden juice:first:pt-[3px]\">\n<div class=\"markdown prose w-full break-words dark:prose-invert light\">\n<h2>Wotofo Ultra Rechargeable Disposable Vape: Quality and Innovation Combined<\/h2>\n<p>Vape Wholesale Global is proud to operate as one of the largest wholesalers and suppliers of Wotofo Vape products in China. We offer a wide range of Wotofo Ecigs and disposable vape products of the highest quality. Our latest highlight is the Wotofo Ultra Rechargeable Disposable Vape, a rechargeable disposable device that impresses with top-notch performance and user-friendliness. Perfect for wholesalers who want to provide their customers with an outstanding vaping experience.<\/p>\n<h4>Technical Specifications<\/h4>\n<p>The Wotofo Ultra Rechargeable Disposable Vape impresses with its advanced technical features:<\/p>\n<ul>\n<li><strong>Dimensions<\/strong>: \u00d824.6 x 112.8 mm \u2013 a compact and portable design that can be conveniently carried in a pocket.<\/li>\n<li><strong>Material<\/strong>: Made from SS304 and food-grade PC, offering maximum safety and durability.<\/li>\n<li><strong>Battery Capacity<\/strong>: 550 mAh \u2013 sufficient for long-lasting vaping, rechargeable for extended use.<\/li>\n<li><strong>Charging Port<\/strong>: Micro USB \u2013 allows easy and quick charging.<\/li>\n<li><strong>Heating Core<\/strong>: Equipped with a Mesh Coil from nexMESH Tech for even heat distribution and intense flavor.<\/li>\n<li><strong>Resistance<\/strong>: 1.4 \u03a9 \u2013 ideal for a consistent and smooth vaping experience.<\/li>\n<li><strong>Nicotine Salt<\/strong>: Available in 50 mg and 20 mg to meet different user preferences.<\/li>\n<li><strong>E-Liquid Capacity<\/strong>: 8.5 ml \u2013 large capacity for long-lasting enjoyment without frequent refilling.<\/li>\n<li><strong>Number of Puffs<\/strong>: Up to 3000 puffs \u2013 provides long-lasting use and excellent value for money.<\/li>\n<li><strong>Flavors<\/strong>: 10 basic flavors, customizable according to customer preferences.<\/li>\n<\/ul>\n<h4>Flavors<\/h4>\n<p>The Wotofo Ultra Rechargeable Disposable Vape is available in a variety of delicious flavors to suit every taste. The basic flavors include:<\/p>\n<ul>\n<li>Peach Ice<\/li>\n<li>Strawberry Ice Cream<\/li>\n<li>Watermelon Ice<\/li>\n<li>Energy Cherry<\/li>\n<li>Strawberry Rum<\/li>\n<li>Gummy Bears<\/li>\n<li>Mango Ice<\/li>\n<li>Blueberry Raspberry Ice<\/li>\n<li>Grape Ice<\/li>\n<li>Sour Apple<\/li>\n<\/ul>\n<p>Custom flavor adjustments are possible to meet the specific needs and preferences of your customers.<\/p>\n<h4>Product Details and Packaging<\/h4>\n<p>Each package of the Wotofo Ultra Rechargeable Disposable Vape contains:<\/p>\n<ul>\n<li><strong>1 x Wotofo Ultra Rechargeable Disposable Vape 3000 Puffs<\/strong>: A fully charged and pre-filled device that is ready to use immediately. The disposable design ensures easy handling without maintenance.<\/li>\n<\/ul>\n<p>The Wotofo Ultra Rechargeable Disposable Vape sets new standards in quality, user-friendliness, and flavor experience. Its robust design, rechargeable function, and wide range of flavors make it an ideal choice for vapers seeking both convenience and an intense vaping experience. For wholesalers, the Wotofo Ultra offers an excellent opportunity to offer a high-quality product at attractive prices, which will surely generate great enthusiasm among customers.<\/p>\n<\/div>\n<\/div>\n<\/div>\n<\/div>\n<\/div>\n<\/div>","protected":false},"excerpt":{"rendered":"<p>Wotofo Ultra Rechargeable Disposable Vape: Qualit\u00e4t und Innovation vereint Vape Wholesale Global ist stolz darauf, als einer der gr\u00f6\u00dften Gro\u00dfh\u00e4ndler und Lieferanten von Wotofo Vape-Produkten in China zu agieren. Wir bieten eine breite Palette von Wotofo Ecigs und Einweg-Vape-Produkten in h\u00f6chster Qualit\u00e4t an. Unser neuestes Highlight ist der Wotofo Ultra Rechargeable Disposable Vape, ein wiederaufladbares [&hellip;]<\/p>","protected":false},"featured_media":12624,"template":"","meta":{"inline_featured_image":false},"product_cat":[78,754,745,742,748,744,755,738,751],"product_tag":[],"tiered_pricing_type":"fixed","tiered_pricing_fixed_rules":[],"tiered_pricing_percentage_rules":[],"tiered_pricing_minimum":1,"_administrator_tiered_pricing_type":"fixed","_administrator_tiered_pricing_fixed_rules":[],"_editor_tiered_pricing_type":"fixed","_editor_tiered_pricing_fixed_rules":[],"_author_tiered_pricing_type":"fixed","_author_tiered_pricing_fixed_rules":[],"_contributor_tiered_pricing_type":"fixed","_contributor_tiered_pricing_fixed_rules":[],"_subscriber_tiered_pricing_type":"fixed","_subscriber_tiered_pricing_fixed_rules":[],"_customer_tiered_pricing_type":"fixed","_customer_tiered_pricing_fixed_rules":[],"_shop_manager_tiered_pricing_type":"fixed","_shop_manager_tiered_pricing_fixed_rules":[],"_wpseo_manager_tiered_pricing_type":"fixed","_wpseo_manager_tiered_pricing_fixed_rules":[],"_wpseo_editor_tiered_pricing_type":"fixed","_wpseo_editor_tiered_pricing_fixed_rules":[],"_wholesale_customer_tiered_pricing_type":"fixed","_wholesale_customer_tiered_pricing_fixed_rules":[],"_marketer_tiered_pricing_type":"fixed","_marketer_tiered_pricing_fixed_rules":[],"_sales_manager_tiered_pricing_type":"fixed","_sales_manager_tiered_pricing_fixed_rules":[],"_sales_rep_tiered_pricing_type":"fixed","_sales_rep_tiered_pricing_fixed_rules":[],"yoast_head":"<!-- This site is optimized with the Yoast SEO plugin v23.3 - https:\/\/yoast.com\/wordpress\/plugins\/seo\/ -->\n<title>Wotofo Ultra wiederaufladbarer Einweg-E-Zigarette 3000 Z\u00fcge | ElementVape.de<\/title>\n<meta name=\"description\" content=\"Wir bieten Wotofo Ultra wiederaufladbarer Einweg-E-Zigarette 3000 Z\u00fcge , Elementvape.de akzeptieren Gro\u00df-und Einzelhandel Bestellungen.\" \/>\n<meta name=\"robots\" content=\"index, follow, max-snippet:-1, max-image-preview:large, max-video-preview:-1\" \/>\n<link rel=\"canonical\" href=\"https:\/\/www.elementvape.de\/en\/produkt\/wotofo-ultra-wiederaufladbarer-einweg-e-zigarette-3000-zuege\/\" \/>\n<meta property=\"og:locale\" content=\"en_US\" \/>\n<meta property=\"og:type\" content=\"article\" \/>\n<meta property=\"og:title\" content=\"Wotofo Ultra wiederaufladbarer Einweg-E-Zigarette 3000 Z\u00fcge | ElementVape.de\" \/>\n<meta property=\"og:description\" content=\"Wir bieten Wotofo Ultra wiederaufladbarer Einweg-E-Zigarette 3000 Z\u00fcge , Elementvape.de akzeptieren Gro\u00df-und Einzelhandel Bestellungen.\" \/>\n<meta property=\"og:url\" content=\"https:\/\/www.elementvape.de\/en\/produkt\/wotofo-ultra-wiederaufladbarer-einweg-e-zigarette-3000-zuege\/\" \/>\n<meta property=\"og:site_name\" content=\"ElementVape.de\" \/>\n<meta property=\"article:modified_time\" content=\"2024-09-12T10:35:52+00:00\" \/>\n<meta property=\"og:image\" content=\"https:\/\/www.elementvape.de\/wp-content\/uploads\/2024\/06\/Wotofo-Ultra-Rechargeable-Disposable-Vape-3000-Puffs.webp\" \/>\n\t<meta property=\"og:image:width\" content=\"800\" \/>\n\t<meta property=\"og:image:height\" content=\"800\" \/>\n\t<meta property=\"og:image:type\" content=\"image\/webp\" \/>\n<meta name=\"twitter:card\" content=\"summary_large_image\" \/>\n<meta name=\"twitter:label1\" content=\"Est. reading time\" \/>\n\t<meta name=\"twitter:data1\" content=\"3 minutes\" \/>\n<script type=\"application\/ld+json\" class=\"yoast-schema-graph\">{\"@context\":\"https:\/\/schema.org\",\"@graph\":[{\"@type\":\"WebPage\",\"@id\":\"https:\/\/www.elementvape.de\/produkt\/wotofo-ultra-wiederaufladbarer-einweg-e-zigarette-3000-zuege\/\",\"url\":\"https:\/\/www.elementvape.de\/produkt\/wotofo-ultra-wiederaufladbarer-einweg-e-zigarette-3000-zuege\/\",\"name\":\"Wotofo Ultra wiederaufladbarer Einweg-E-Zigarette 3000 Z\u00fcge | ElementVape.de\",\"isPartOf\":{\"@id\":\"https:\/\/www.elementvape.de\/#website\"},\"primaryImageOfPage\":{\"@id\":\"https:\/\/www.elementvape.de\/produkt\/wotofo-ultra-wiederaufladbarer-einweg-e-zigarette-3000-zuege\/#primaryimage\"},\"image\":{\"@id\":\"https:\/\/www.elementvape.de\/produkt\/wotofo-ultra-wiederaufladbarer-einweg-e-zigarette-3000-zuege\/#primaryimage\"},\"thumbnailUrl\":\"https:\/\/www.elementvape.de\/wp-content\/uploads\/2024\/06\/Wotofo-Ultra-Rechargeable-Disposable-Vape-3000-Puffs.webp\",\"datePublished\":\"2024-06-19T08:03:47+00:00\",\"dateModified\":\"2024-09-12T10:35:52+00:00\",\"description\":\"Wir bieten Wotofo Ultra wiederaufladbarer Einweg-E-Zigarette 3000 Z\u00fcge , Elementvape.de akzeptieren Gro\u00df-und Einzelhandel Bestellungen.\",\"breadcrumb\":{\"@id\":\"https:\/\/www.elementvape.de\/produkt\/wotofo-ultra-wiederaufladbarer-einweg-e-zigarette-3000-zuege\/#breadcrumb\"},\"inLanguage\":\"en-US\",\"potentialAction\":[{\"@type\":\"ReadAction\",\"target\":[\"https:\/\/www.elementvape.de\/produkt\/wotofo-ultra-wiederaufladbarer-einweg-e-zigarette-3000-zuege\/\"]}]},{\"@type\":\"ImageObject\",\"inLanguage\":\"en-US\",\"@id\":\"https:\/\/www.elementvape.de\/produkt\/wotofo-ultra-wiederaufladbarer-einweg-e-zigarette-3000-zuege\/#primaryimage\",\"url\":\"https:\/\/www.elementvape.de\/wp-content\/uploads\/2024\/06\/Wotofo-Ultra-Rechargeable-Disposable-Vape-3000-Puffs.webp\",\"contentUrl\":\"https:\/\/www.elementvape.de\/wp-content\/uploads\/2024\/06\/Wotofo-Ultra-Rechargeable-Disposable-Vape-3000-Puffs.webp\",\"width\":800,\"height\":800,\"caption\":\"Wotofo-Ultra-Rechargeable-Disposable-Vape-3000-Puffs\"},{\"@type\":\"BreadcrumbList\",\"@id\":\"https:\/\/www.elementvape.de\/produkt\/wotofo-ultra-wiederaufladbarer-einweg-e-zigarette-3000-zuege\/#breadcrumb\",\"itemListElement\":[{\"@type\":\"ListItem\",\"position\":1,\"name\":\"Home\",\"item\":\"https:\/\/www.elementvape.de\/\"},{\"@type\":\"ListItem\",\"position\":2,\"name\":\"Shop\",\"item\":\"https:\/\/www.elementvape.de\/shop\/\"},{\"@type\":\"ListItem\",\"position\":3,\"name\":\"Wotofo Ultra wiederaufladbarer Einweg-E-Zigarette 3000 Z\u00fcge\"}]},{\"@type\":\"WebSite\",\"@id\":\"https:\/\/www.elementvape.de\/#website\",\"url\":\"https:\/\/www.elementvape.de\/\",\"name\":\"ElementVape.de\",\"description\":\"\",\"publisher\":{\"@id\":\"https:\/\/www.elementvape.de\/#organization\"},\"potentialAction\":[{\"@type\":\"SearchAction\",\"target\":{\"@type\":\"EntryPoint\",\"urlTemplate\":\"https:\/\/www.elementvape.de\/?s={search_term_string}\"},\"query-input\":\"required name=search_term_string\"}],\"inLanguage\":\"en-US\"},{\"@type\":\"Organization\",\"@id\":\"https:\/\/www.elementvape.de\/#organization\",\"name\":\"ElementVape.DE\",\"url\":\"https:\/\/www.elementvape.de\/\",\"logo\":{\"@type\":\"ImageObject\",\"inLanguage\":\"en-US\",\"@id\":\"https:\/\/www.elementvape.de\/#\/schema\/logo\/image\/\",\"url\":\"https:\/\/www.elementvape.de\/wp-content\/uploads\/2024\/09\/cropped-1elementvape-3.png\",\"contentUrl\":\"https:\/\/www.elementvape.de\/wp-content\/uploads\/2024\/09\/cropped-1elementvape-3.png\",\"width\":285,\"height\":228,\"caption\":\"ElementVape.DE\"},\"image\":{\"@id\":\"https:\/\/www.elementvape.de\/#\/schema\/logo\/image\/\"}}]}<\/script>\n<!-- \/ Yoast SEO plugin. -->","yoast_head_json":{"title":"Wotofo Ultra wiederaufladbarer Einweg-E-Zigarette 3000 Z\u00fcge | ElementVape.de","description":"Wir bieten Wotofo Ultra wiederaufladbarer Einweg-E-Zigarette 3000 Z\u00fcge , Elementvape.de akzeptieren Gro\u00df-und Einzelhandel Bestellungen.","robots":{"index":"index","follow":"follow","max-snippet":"max-snippet:-1","max-image-preview":"max-image-preview:large","max-video-preview":"max-video-preview:-1"},"canonical":"https:\/\/www.elementvape.de\/en\/produkt\/wotofo-ultra-wiederaufladbarer-einweg-e-zigarette-3000-zuege\/","og_locale":"en_US","og_type":"article","og_title":"Wotofo Ultra wiederaufladbarer Einweg-E-Zigarette 3000 Z\u00fcge | ElementVape.de","og_description":"Wir bieten Wotofo Ultra wiederaufladbarer Einweg-E-Zigarette 3000 Z\u00fcge , Elementvape.de akzeptieren Gro\u00df-und Einzelhandel Bestellungen.","og_url":"https:\/\/www.elementvape.de\/en\/produkt\/wotofo-ultra-wiederaufladbarer-einweg-e-zigarette-3000-zuege\/","og_site_name":"ElementVape.de","article_modified_time":"2024-09-12T10:35:52+00:00","og_image":[{"width":800,"height":800,"url":"https:\/\/www.elementvape.de\/wp-content\/uploads\/2024\/06\/Wotofo-Ultra-Rechargeable-Disposable-Vape-3000-Puffs.webp","type":"image\/webp"}],"twitter_card":"summary_large_image","twitter_misc":{"Est. reading time":"3 minutes"},"schema":{"@context":"https:\/\/schema.org","@graph":[{"@type":"WebPage","@id":"https:\/\/www.elementvape.de\/produkt\/wotofo-ultra-wiederaufladbarer-einweg-e-zigarette-3000-zuege\/","url":"https:\/\/www.elementvape.de\/produkt\/wotofo-ultra-wiederaufladbarer-einweg-e-zigarette-3000-zuege\/","name":"Wotofo Ultra wiederaufladbarer Einweg-E-Zigarette 3000 Z\u00fcge | ElementVape.de","isPartOf":{"@id":"https:\/\/www.elementvape.de\/#website"},"primaryImageOfPage":{"@id":"https:\/\/www.elementvape.de\/produkt\/wotofo-ultra-wiederaufladbarer-einweg-e-zigarette-3000-zuege\/#primaryimage"},"image":{"@id":"https:\/\/www.elementvape.de\/produkt\/wotofo-ultra-wiederaufladbarer-einweg-e-zigarette-3000-zuege\/#primaryimage"},"thumbnailUrl":"https:\/\/www.elementvape.de\/wp-content\/uploads\/2024\/06\/Wotofo-Ultra-Rechargeable-Disposable-Vape-3000-Puffs.webp","datePublished":"2024-06-19T08:03:47+00:00","dateModified":"2024-09-12T10:35:52+00:00","description":"Wir bieten Wotofo Ultra wiederaufladbarer Einweg-E-Zigarette 3000 Z\u00fcge , Elementvape.de akzeptieren Gro\u00df-und Einzelhandel Bestellungen.","breadcrumb":{"@id":"https:\/\/www.elementvape.de\/produkt\/wotofo-ultra-wiederaufladbarer-einweg-e-zigarette-3000-zuege\/#breadcrumb"},"inLanguage":"en-US","potentialAction":[{"@type":"ReadAction","target":["https:\/\/www.elementvape.de\/produkt\/wotofo-ultra-wiederaufladbarer-einweg-e-zigarette-3000-zuege\/"]}]},{"@type":"ImageObject","inLanguage":"en-US","@id":"https:\/\/www.elementvape.de\/produkt\/wotofo-ultra-wiederaufladbarer-einweg-e-zigarette-3000-zuege\/#primaryimage","url":"https:\/\/www.elementvape.de\/wp-content\/uploads\/2024\/06\/Wotofo-Ultra-Rechargeable-Disposable-Vape-3000-Puffs.webp","contentUrl":"https:\/\/www.elementvape.de\/wp-content\/uploads\/2024\/06\/Wotofo-Ultra-Rechargeable-Disposable-Vape-3000-Puffs.webp","width":800,"height":800,"caption":"Wotofo-Ultra-Rechargeable-Disposable-Vape-3000-Puffs"},{"@type":"BreadcrumbList","@id":"https:\/\/www.elementvape.de\/produkt\/wotofo-ultra-wiederaufladbarer-einweg-e-zigarette-3000-zuege\/#breadcrumb","itemListElement":[{"@type":"ListItem","position":1,"name":"Home","item":"https:\/\/www.elementvape.de\/"},{"@type":"ListItem","position":2,"name":"Shop","item":"https:\/\/www.elementvape.de\/shop\/"},{"@type":"ListItem","position":3,"name":"Wotofo Ultra wiederaufladbarer Einweg-E-Zigarette 3000 Z\u00fcge"}]},{"@type":"WebSite","@id":"https:\/\/www.elementvape.de\/#website","url":"https:\/\/www.elementvape.de\/","name":"ElementVape.de","description":"","publisher":{"@id":"https:\/\/www.elementvape.de\/#organization"},"potentialAction":[{"@type":"SearchAction","target":{"@type":"EntryPoint","urlTemplate":"https:\/\/www.elementvape.de\/?s={search_term_string}"},"query-input":"required name=search_term_string"}],"inLanguage":"en-US"},{"@type":"Organization","@id":"https:\/\/www.elementvape.de\/#organization","name":"ElementVape.DE","url":"https:\/\/www.elementvape.de\/","logo":{"@type":"ImageObject","inLanguage":"en-US","@id":"https:\/\/www.elementvape.de\/#\/schema\/logo\/image\/","url":"https:\/\/www.elementvape.de\/wp-content\/uploads\/2024\/09\/cropped-1elementvape-3.png","contentUrl":"https:\/\/www.elementvape.de\/wp-content\/uploads\/2024\/09\/cropped-1elementvape-3.png","width":285,"height":228,"caption":"ElementVape.DE"},"image":{"@id":"https:\/\/www.elementvape.de\/#\/schema\/logo\/image\/"}}]}},"_links":{"self":[{"href":"https:\/\/www.elementvape.de\/en\/wp-json\/wp\/v2\/product\/12623"}],"collection":[{"href":"https:\/\/www.elementvape.de\/en\/wp-json\/wp\/v2\/product"}],"about":[{"href":"https:\/\/www.elementvape.de\/en\/wp-json\/wp\/v2\/types\/product"}],"wp:featuredmedia":[{"embeddable":true,"href":"https:\/\/www.elementvape.de\/en\/wp-json\/wp\/v2\/media\/12624"}],"wp:attachment":[{"href":"https:\/\/www.elementvape.de\/en\/wp-json\/wp\/v2\/media?parent=12623"}],"wp:term":[{"taxonomy":"product_cat","embeddable":true,"href":"https:\/\/www.elementvape.de\/en\/wp-json\/wp\/v2\/product_cat?post=12623"},{"taxonomy":"product_tag","embeddable":true,"href":"https:\/\/www.elementvape.de\/en\/wp-json\/wp\/v2\/product_tag?post=12623"}],"curies":[{"name":"wp","href":"https:\/\/api.w.org\/{rel}","templated":true}]}}