{"id":11858,"date":"2024-06-07T08:59:35","date_gmt":"2024-06-07T08:59:35","guid":{"rendered":"https:\/\/www.elementvape.de\/?post_type=product&#038;p=11858"},"modified":"2024-09-12T10:36:19","modified_gmt":"2024-09-12T10:36:19","slug":"randm-dazzle-king-3000-led-licht-leuchtender-einweg-vape-3000-zuege","status":"publish","type":"product","link":"https:\/\/www.elementvape.de\/en\/produkt\/randm-dazzle-king-3000-led-licht-leuchtender-einweg-vape-3000-zuege\/","title":{"rendered":"RandM Dazzle King 3000 LED Light Bright Disposable Vape 3000 Puffs"},"content":{"rendered":"<h3>Product Description<\/h3>\n<p><strong>RandM Dazzle King<\/strong> is a <strong><a href=\"https:\/\/www.elementvape.de\/en\/\">Disposable E-Cigarettes<\/a><\/strong> Device with a popular transparent tank and colorful RGB light. It contains 8 ml of E-Liquid with 0\/2\/3\/5 % Nicotine Salt and offers up to 3000 puffs. You can choose from 12 flavors. The RGB light makes it the coolest disposable device. It also features a rechargeable USB port at the bottom of the device, ensuring you use up the last drop of E-Liquid in the tank and that the light stays on the entire time.<\/p>\n<h4>Features of the RandM Dazzle King disposable device:<\/h4>\n<ul>\n<li><strong>Nicotine Options<\/strong>: 0 %, 2 %, 3 %, and 5 % nicotine salt<\/li>\n<li><strong>Capacity<\/strong>: 8 ml of E-Liquid<\/li>\n<li><strong>Puffs<\/strong>: Up to 3000 puffs per device<\/li>\n<li><strong>Light<\/strong>: 6-color RGB light<\/li>\n<li><strong>Battery<\/strong>: Rechargeable, non-refillable, built-in 1000mAh battery<\/li>\n<li><strong>Flavors<\/strong>: 12 available flavors<\/li>\n<li><strong>Packaging<\/strong>: 10 pieces in a display box, 300 pieces in a carton<\/li>\n<\/ul>\n<h4>Available flavors:<\/h4>\n<ul>\n<li><strong>Simple Design:<\/strong>\n<ol>\n<li>Strawberry Watermelon<\/li>\n<li>Blue Razz Ice<\/li>\n<li>Grape Ice<\/li>\n<li>Mighty Mint<\/li>\n<li>Strawberry Yogurt<\/li>\n<li>Banana Vanilla Ice Cream<\/li>\n<\/ol>\n<\/li>\n<li><strong>Cartoon Design:<\/strong><\/li>\n<\/ul>\n<ol>\n<li>\u00a0Kiwi Berry<\/li>\n<li>Lush Ice<\/li>\n<li>Gummy Bears<\/li>\n<li>Mixed Berries<\/li>\n<li>Green Apple Lemon<\/li>\n<li>Energy Drink<\/li>\n<\/ol>\n<h4>Product details:<\/h4>\n<ul>\n<li><strong>Unit<\/strong>: 1 x RandM Dazzle King 3000 LED Light Brightening Disposable Vape<\/li>\n<\/ul>","protected":false},"excerpt":{"rendered":"<p>Produktbeschreibung RandM Dazzle King ist ein Einweg-E-Zigaretten Ger\u00e4t mit einem beliebten durchsichtigen Tank und buntem RGB-Licht. Es enth\u00e4lt 8 ml E-Liquid mit 0\/2\/3\/5 % Nikotinsalz und bietet bis zu 3000 Z\u00fcge. Sie k\u00f6nnen zwischen 12 Geschmacksrichtungen w\u00e4hlen. Das RGB-Licht macht es zum coolsten Einwegger\u00e4t. Au\u00dferdem verf\u00fcgt es \u00fcber einen aufladbaren USB-Anschluss an der Unterseite des [&hellip;]<\/p>","protected":false},"featured_media":11859,"template":"","meta":{"inline_featured_image":false},"product_cat":[78,754,745,742,748,744,755,738,751],"product_tag":[676],"tiered_pricing_type":"fixed","tiered_pricing_fixed_rules":[],"tiered_pricing_percentage_rules":[],"tiered_pricing_minimum":1,"_administrator_tiered_pricing_type":"fixed","_administrator_tiered_pricing_fixed_rules":[],"_editor_tiered_pricing_type":"fixed","_editor_tiered_pricing_fixed_rules":[],"_author_tiered_pricing_type":"fixed","_author_tiered_pricing_fixed_rules":[],"_contributor_tiered_pricing_type":"fixed","_contributor_tiered_pricing_fixed_rules":[],"_subscriber_tiered_pricing_type":"fixed","_subscriber_tiered_pricing_fixed_rules":[],"_customer_tiered_pricing_type":"fixed","_customer_tiered_pricing_fixed_rules":[],"_shop_manager_tiered_pricing_type":"fixed","_shop_manager_tiered_pricing_fixed_rules":[],"_wpseo_manager_tiered_pricing_type":"fixed","_wpseo_manager_tiered_pricing_fixed_rules":[],"_wpseo_editor_tiered_pricing_type":"fixed","_wpseo_editor_tiered_pricing_fixed_rules":[],"_wholesale_customer_tiered_pricing_type":"fixed","_wholesale_customer_tiered_pricing_fixed_rules":[],"_marketer_tiered_pricing_type":"fixed","_marketer_tiered_pricing_fixed_rules":[],"_sales_manager_tiered_pricing_type":"fixed","_sales_manager_tiered_pricing_fixed_rules":[],"_sales_rep_tiered_pricing_type":"fixed","_sales_rep_tiered_pricing_fixed_rules":[],"yoast_head":"<!-- This site is optimized with the Yoast SEO plugin v23.3 - https:\/\/yoast.com\/wordpress\/plugins\/seo\/ -->\n<title>RandM Dazzle King 3000 LED-Licht leuchtender Einweg-Vape 3000 Z\u00fcge | ElementVape.de<\/title>\n<meta name=\"description\" content=\"Wir bieten RandM Dazzle King 3000 LED-Licht leuchtender Einweg-Vape 3000 Z\u00fcge , Elementvape.de akzeptieren Gro\u00df-und Einzelhandel Bestellungen.\" \/>\n<meta name=\"robots\" content=\"index, follow, max-snippet:-1, max-image-preview:large, max-video-preview:-1\" \/>\n<link rel=\"canonical\" href=\"https:\/\/www.elementvape.de\/en\/produkt\/randm-dazzle-king-3000-led-licht-leuchtender-einweg-vape-3000-zuege\/\" \/>\n<meta property=\"og:locale\" content=\"en_US\" \/>\n<meta property=\"og:type\" content=\"article\" \/>\n<meta property=\"og:title\" content=\"RandM Dazzle King 3000 LED-Licht leuchtender Einweg-Vape 3000 Z\u00fcge | ElementVape.de\" \/>\n<meta property=\"og:description\" content=\"Wir bieten RandM Dazzle King 3000 LED-Licht leuchtender Einweg-Vape 3000 Z\u00fcge , Elementvape.de akzeptieren Gro\u00df-und Einzelhandel Bestellungen.\" \/>\n<meta property=\"og:url\" content=\"https:\/\/www.elementvape.de\/en\/produkt\/randm-dazzle-king-3000-led-licht-leuchtender-einweg-vape-3000-zuege\/\" \/>\n<meta property=\"og:site_name\" content=\"ElementVape.de\" \/>\n<meta property=\"article:modified_time\" content=\"2024-09-12T10:36:19+00:00\" \/>\n<meta property=\"og:image\" content=\"https:\/\/www.elementvape.de\/wp-content\/uploads\/2024\/06\/RandM-Dazzle-King.webp\" \/>\n\t<meta property=\"og:image:width\" content=\"800\" \/>\n\t<meta property=\"og:image:height\" content=\"800\" \/>\n\t<meta property=\"og:image:type\" content=\"image\/webp\" \/>\n<meta name=\"twitter:card\" content=\"summary_large_image\" \/>\n<meta name=\"twitter:label1\" content=\"Est. reading time\" \/>\n\t<meta name=\"twitter:data1\" content=\"2 minutes\" \/>\n<script type=\"application\/ld+json\" class=\"yoast-schema-graph\">{\"@context\":\"https:\/\/schema.org\",\"@graph\":[{\"@type\":\"WebPage\",\"@id\":\"https:\/\/www.elementvape.de\/produkt\/randm-dazzle-king-3000-led-licht-leuchtender-einweg-vape-3000-zuege\/\",\"url\":\"https:\/\/www.elementvape.de\/produkt\/randm-dazzle-king-3000-led-licht-leuchtender-einweg-vape-3000-zuege\/\",\"name\":\"RandM Dazzle King 3000 LED-Licht leuchtender Einweg-Vape 3000 Z\u00fcge | ElementVape.de\",\"isPartOf\":{\"@id\":\"https:\/\/www.elementvape.de\/#website\"},\"primaryImageOfPage\":{\"@id\":\"https:\/\/www.elementvape.de\/produkt\/randm-dazzle-king-3000-led-licht-leuchtender-einweg-vape-3000-zuege\/#primaryimage\"},\"image\":{\"@id\":\"https:\/\/www.elementvape.de\/produkt\/randm-dazzle-king-3000-led-licht-leuchtender-einweg-vape-3000-zuege\/#primaryimage\"},\"thumbnailUrl\":\"https:\/\/www.elementvape.de\/wp-content\/uploads\/2024\/06\/RandM-Dazzle-King.webp\",\"datePublished\":\"2024-06-07T08:59:35+00:00\",\"dateModified\":\"2024-09-12T10:36:19+00:00\",\"description\":\"Wir bieten RandM Dazzle King 3000 LED-Licht leuchtender Einweg-Vape 3000 Z\u00fcge , Elementvape.de akzeptieren Gro\u00df-und Einzelhandel Bestellungen.\",\"breadcrumb\":{\"@id\":\"https:\/\/www.elementvape.de\/produkt\/randm-dazzle-king-3000-led-licht-leuchtender-einweg-vape-3000-zuege\/#breadcrumb\"},\"inLanguage\":\"en-US\",\"potentialAction\":[{\"@type\":\"ReadAction\",\"target\":[\"https:\/\/www.elementvape.de\/produkt\/randm-dazzle-king-3000-led-licht-leuchtender-einweg-vape-3000-zuege\/\"]}]},{\"@type\":\"ImageObject\",\"inLanguage\":\"en-US\",\"@id\":\"https:\/\/www.elementvape.de\/produkt\/randm-dazzle-king-3000-led-licht-leuchtender-einweg-vape-3000-zuege\/#primaryimage\",\"url\":\"https:\/\/www.elementvape.de\/wp-content\/uploads\/2024\/06\/RandM-Dazzle-King.webp\",\"contentUrl\":\"https:\/\/www.elementvape.de\/wp-content\/uploads\/2024\/06\/RandM-Dazzle-King.webp\",\"width\":800,\"height\":800,\"caption\":\"RandM-Dazzle-King\"},{\"@type\":\"BreadcrumbList\",\"@id\":\"https:\/\/www.elementvape.de\/produkt\/randm-dazzle-king-3000-led-licht-leuchtender-einweg-vape-3000-zuege\/#breadcrumb\",\"itemListElement\":[{\"@type\":\"ListItem\",\"position\":1,\"name\":\"Home\",\"item\":\"https:\/\/www.elementvape.de\/\"},{\"@type\":\"ListItem\",\"position\":2,\"name\":\"Shop\",\"item\":\"https:\/\/www.elementvape.de\/shop\/\"},{\"@type\":\"ListItem\",\"position\":3,\"name\":\"RandM Dazzle King 3000 LED-Licht leuchtender Einweg-Vape 3000 Z\u00fcge\"}]},{\"@type\":\"WebSite\",\"@id\":\"https:\/\/www.elementvape.de\/#website\",\"url\":\"https:\/\/www.elementvape.de\/\",\"name\":\"ElementVape.de\",\"description\":\"\",\"publisher\":{\"@id\":\"https:\/\/www.elementvape.de\/#organization\"},\"potentialAction\":[{\"@type\":\"SearchAction\",\"target\":{\"@type\":\"EntryPoint\",\"urlTemplate\":\"https:\/\/www.elementvape.de\/?s={search_term_string}\"},\"query-input\":\"required name=search_term_string\"}],\"inLanguage\":\"en-US\"},{\"@type\":\"Organization\",\"@id\":\"https:\/\/www.elementvape.de\/#organization\",\"name\":\"ElementVape.DE\",\"url\":\"https:\/\/www.elementvape.de\/\",\"logo\":{\"@type\":\"ImageObject\",\"inLanguage\":\"en-US\",\"@id\":\"https:\/\/www.elementvape.de\/#\/schema\/logo\/image\/\",\"url\":\"https:\/\/www.elementvape.de\/wp-content\/uploads\/2024\/09\/cropped-1elementvape-3.png\",\"contentUrl\":\"https:\/\/www.elementvape.de\/wp-content\/uploads\/2024\/09\/cropped-1elementvape-3.png\",\"width\":285,\"height\":228,\"caption\":\"ElementVape.DE\"},\"image\":{\"@id\":\"https:\/\/www.elementvape.de\/#\/schema\/logo\/image\/\"}}]}<\/script>\n<!-- \/ Yoast SEO plugin. -->","yoast_head_json":{"title":"RandM Dazzle King 3000 LED-Licht leuchtender Einweg-Vape 3000 Z\u00fcge | ElementVape.de","description":"Wir bieten RandM Dazzle King 3000 LED-Licht leuchtender Einweg-Vape 3000 Z\u00fcge , Elementvape.de akzeptieren Gro\u00df-und Einzelhandel Bestellungen.","robots":{"index":"index","follow":"follow","max-snippet":"max-snippet:-1","max-image-preview":"max-image-preview:large","max-video-preview":"max-video-preview:-1"},"canonical":"https:\/\/www.elementvape.de\/en\/produkt\/randm-dazzle-king-3000-led-licht-leuchtender-einweg-vape-3000-zuege\/","og_locale":"en_US","og_type":"article","og_title":"RandM Dazzle King 3000 LED-Licht leuchtender Einweg-Vape 3000 Z\u00fcge | ElementVape.de","og_description":"Wir bieten RandM Dazzle King 3000 LED-Licht leuchtender Einweg-Vape 3000 Z\u00fcge , Elementvape.de akzeptieren Gro\u00df-und Einzelhandel Bestellungen.","og_url":"https:\/\/www.elementvape.de\/en\/produkt\/randm-dazzle-king-3000-led-licht-leuchtender-einweg-vape-3000-zuege\/","og_site_name":"ElementVape.de","article_modified_time":"2024-09-12T10:36:19+00:00","og_image":[{"width":800,"height":800,"url":"https:\/\/www.elementvape.de\/wp-content\/uploads\/2024\/06\/RandM-Dazzle-King.webp","type":"image\/webp"}],"twitter_card":"summary_large_image","twitter_misc":{"Est. reading time":"2 minutes"},"schema":{"@context":"https:\/\/schema.org","@graph":[{"@type":"WebPage","@id":"https:\/\/www.elementvape.de\/produkt\/randm-dazzle-king-3000-led-licht-leuchtender-einweg-vape-3000-zuege\/","url":"https:\/\/www.elementvape.de\/produkt\/randm-dazzle-king-3000-led-licht-leuchtender-einweg-vape-3000-zuege\/","name":"RandM Dazzle King 3000 LED-Licht leuchtender Einweg-Vape 3000 Z\u00fcge | ElementVape.de","isPartOf":{"@id":"https:\/\/www.elementvape.de\/#website"},"primaryImageOfPage":{"@id":"https:\/\/www.elementvape.de\/produkt\/randm-dazzle-king-3000-led-licht-leuchtender-einweg-vape-3000-zuege\/#primaryimage"},"image":{"@id":"https:\/\/www.elementvape.de\/produkt\/randm-dazzle-king-3000-led-licht-leuchtender-einweg-vape-3000-zuege\/#primaryimage"},"thumbnailUrl":"https:\/\/www.elementvape.de\/wp-content\/uploads\/2024\/06\/RandM-Dazzle-King.webp","datePublished":"2024-06-07T08:59:35+00:00","dateModified":"2024-09-12T10:36:19+00:00","description":"Wir bieten RandM Dazzle King 3000 LED-Licht leuchtender Einweg-Vape 3000 Z\u00fcge , Elementvape.de akzeptieren Gro\u00df-und Einzelhandel Bestellungen.","breadcrumb":{"@id":"https:\/\/www.elementvape.de\/produkt\/randm-dazzle-king-3000-led-licht-leuchtender-einweg-vape-3000-zuege\/#breadcrumb"},"inLanguage":"en-US","potentialAction":[{"@type":"ReadAction","target":["https:\/\/www.elementvape.de\/produkt\/randm-dazzle-king-3000-led-licht-leuchtender-einweg-vape-3000-zuege\/"]}]},{"@type":"ImageObject","inLanguage":"en-US","@id":"https:\/\/www.elementvape.de\/produkt\/randm-dazzle-king-3000-led-licht-leuchtender-einweg-vape-3000-zuege\/#primaryimage","url":"https:\/\/www.elementvape.de\/wp-content\/uploads\/2024\/06\/RandM-Dazzle-King.webp","contentUrl":"https:\/\/www.elementvape.de\/wp-content\/uploads\/2024\/06\/RandM-Dazzle-King.webp","width":800,"height":800,"caption":"RandM-Dazzle-King"},{"@type":"BreadcrumbList","@id":"https:\/\/www.elementvape.de\/produkt\/randm-dazzle-king-3000-led-licht-leuchtender-einweg-vape-3000-zuege\/#breadcrumb","itemListElement":[{"@type":"ListItem","position":1,"name":"Home","item":"https:\/\/www.elementvape.de\/"},{"@type":"ListItem","position":2,"name":"Shop","item":"https:\/\/www.elementvape.de\/shop\/"},{"@type":"ListItem","position":3,"name":"RandM Dazzle King 3000 LED-Licht leuchtender Einweg-Vape 3000 Z\u00fcge"}]},{"@type":"WebSite","@id":"https:\/\/www.elementvape.de\/#website","url":"https:\/\/www.elementvape.de\/","name":"ElementVape.de","description":"","publisher":{"@id":"https:\/\/www.elementvape.de\/#organization"},"potentialAction":[{"@type":"SearchAction","target":{"@type":"EntryPoint","urlTemplate":"https:\/\/www.elementvape.de\/?s={search_term_string}"},"query-input":"required name=search_term_string"}],"inLanguage":"en-US"},{"@type":"Organization","@id":"https:\/\/www.elementvape.de\/#organization","name":"ElementVape.DE","url":"https:\/\/www.elementvape.de\/","logo":{"@type":"ImageObject","inLanguage":"en-US","@id":"https:\/\/www.elementvape.de\/#\/schema\/logo\/image\/","url":"https:\/\/www.elementvape.de\/wp-content\/uploads\/2024\/09\/cropped-1elementvape-3.png","contentUrl":"https:\/\/www.elementvape.de\/wp-content\/uploads\/2024\/09\/cropped-1elementvape-3.png","width":285,"height":228,"caption":"ElementVape.DE"},"image":{"@id":"https:\/\/www.elementvape.de\/#\/schema\/logo\/image\/"}}]}},"_links":{"self":[{"href":"https:\/\/www.elementvape.de\/en\/wp-json\/wp\/v2\/product\/11858"}],"collection":[{"href":"https:\/\/www.elementvape.de\/en\/wp-json\/wp\/v2\/product"}],"about":[{"href":"https:\/\/www.elementvape.de\/en\/wp-json\/wp\/v2\/types\/product"}],"wp:featuredmedia":[{"embeddable":true,"href":"https:\/\/www.elementvape.de\/en\/wp-json\/wp\/v2\/media\/11859"}],"wp:attachment":[{"href":"https:\/\/www.elementvape.de\/en\/wp-json\/wp\/v2\/media?parent=11858"}],"wp:term":[{"taxonomy":"product_cat","embeddable":true,"href":"https:\/\/www.elementvape.de\/en\/wp-json\/wp\/v2\/product_cat?post=11858"},{"taxonomy":"product_tag","embeddable":true,"href":"https:\/\/www.elementvape.de\/en\/wp-json\/wp\/v2\/product_tag?post=11858"}],"curies":[{"name":"wp","href":"https:\/\/api.w.org\/{rel}","templated":true}]}}