{"id":11542,"date":"2024-06-04T09:51:07","date_gmt":"2024-06-04T09:51:07","guid":{"rendered":"https:\/\/www.elementvape.de\/?post_type=product&#038;p=11542"},"modified":"2024-09-12T10:36:30","modified_gmt":"2024-09-12T10:36:30","slug":"exvape-expod-einweg-e-zigarette-20mg","status":"publish","type":"product","link":"https:\/\/www.elementvape.de\/en\/produkt\/exvape-expod-einweg-e-zigarette-20mg\/","title":{"rendered":"EXVAPE EXPOD Disposable E-Cigarette 20mg"},"content":{"rendered":"<h2>EXPOD \u2013 DISPOSABLE POD E-CIGARETTE:<\/h2>\n<p>The EXPOD e-cigarette from EXVAPE\u00ae is an easy-to-use disposable e-cigarette. Everything you need for vaping is already integrated, just unpack and start vaping.<\/p>\n<p>The disposable e-cigarette is the perfect choice as an entry point into vaping. You do not need to charge the device, refill it, or make any adjustments. The e-cigarette features an automatic draw. You simply pull on the mouthpiece to activate the device and produce vapor for inhalation. The device is designed for MTL (mouth-to-lung) vaping, where you first draw the vapor into your mouth and then inhale into your lungs, similar to a traditional cigarette.<\/p>\n<p>The EXPOD e-cigarette, with its built-in 400mAh battery and 2ml pre-filled liquid, provides up to 600 puffs. That\u2019s approximately 2 packs of traditional cigarettes (40 pieces), assuming about 10-15 puffs per cigarette. Once the pre-filled liquid or the built-in battery is depleted, you replace it with a new device.<\/p>\n<p>Filled with nicotine salt liquid with a nicotine content of 20mg\/ml, which corresponds to a nicotine strength of 2%. Nicotine salt, unlike traditional nicotine, is absorbed faster by the body and causes a milder throat hit, better mimicking smoking, and reducing nicotine cravings more quickly.<\/p>\n<h3>THE EXPOD IS AVAILABLE IN 12 DIFFERENT FLAVORS:<\/h3>\n<p>Blueberry Ice: Delicious blueberries combined with an icy freshness.<br \/>\nCool Mint: Fresh mint with menthol and an icy coolness.<br \/>\nFruit Mix: A tasty mix of various fruits with a hint of coolness.<br \/>\nGreen Apple Ice: Green apple combined with an icy freshness.<br \/>\nLemon Cake: A wonderfully delicious lemon cake.<br \/>\nMango Ice: Tropical mango with an icy coolness.<br \/>\nMelon Ice: A tasty melon mix combined with coolness.<br \/>\nMint Tobacco: Finest tobacco paired with menthol and mint.<br \/>\nMixed Berries: A fruity blend of various berries.<br \/>\nStrawberry Ice: Fresh strawberries with an icy coolness.<br \/>\nTobacco Classic: A smooth and refined tobacco.<br \/>\nVanilla Custard: A wonderfully creamy vanilla pudding.<\/p>","protected":false},"excerpt":{"rendered":"<p>EXPOD &#8211; EINWEG POD E-ZIGARETTE: Die EXPOD E-Zigarette von EXVAPE\u00ae ist eine leicht zu bedienende Einweg E-Zigarette. Alles was Sie zum Dampfen ben\u00f6tigen ist schon integriert, einfach auspacken und los dampfen. Die Einweg E-Zigarette ist die perfekte Wahl als Einstieg in das Dampfen. Sie m\u00fcssen das Ger\u00e4t weder aufladen, noch bef\u00fcllen oder irgendwelche Einstellungen vornehmen. [&hellip;]<\/p>","protected":false},"featured_media":11543,"template":"","meta":{"inline_featured_image":false},"product_cat":[78,754,745,742,748,744,755,738,751],"product_tag":[679],"tiered_pricing_type":"fixed","tiered_pricing_fixed_rules":[],"tiered_pricing_percentage_rules":[],"tiered_pricing_minimum":1,"_administrator_tiered_pricing_type":"fixed","_administrator_tiered_pricing_fixed_rules":[],"_editor_tiered_pricing_type":"fixed","_editor_tiered_pricing_fixed_rules":[],"_author_tiered_pricing_type":"fixed","_author_tiered_pricing_fixed_rules":[],"_contributor_tiered_pricing_type":"fixed","_contributor_tiered_pricing_fixed_rules":[],"_subscriber_tiered_pricing_type":"fixed","_subscriber_tiered_pricing_fixed_rules":[],"_customer_tiered_pricing_type":"fixed","_customer_tiered_pricing_fixed_rules":[],"_shop_manager_tiered_pricing_type":"fixed","_shop_manager_tiered_pricing_fixed_rules":[],"_wpseo_manager_tiered_pricing_type":"fixed","_wpseo_manager_tiered_pricing_fixed_rules":[],"_wpseo_editor_tiered_pricing_type":"fixed","_wpseo_editor_tiered_pricing_fixed_rules":[],"_wholesale_customer_tiered_pricing_type":"fixed","_wholesale_customer_tiered_pricing_fixed_rules":[],"_marketer_tiered_pricing_type":"fixed","_marketer_tiered_pricing_fixed_rules":[],"_sales_manager_tiered_pricing_type":"fixed","_sales_manager_tiered_pricing_fixed_rules":[],"_sales_rep_tiered_pricing_type":"fixed","_sales_rep_tiered_pricing_fixed_rules":[],"yoast_head":"<!-- This site is optimized with the Yoast SEO plugin v23.3 - https:\/\/yoast.com\/wordpress\/plugins\/seo\/ -->\n<title>EXVAPE EXPOD Einweg-E-Zigarette 20mg | ElementVape.de<\/title>\n<meta name=\"description\" content=\"Wir bieten EXVAPE EXPOD Einweg-E-Zigarette 20mg , Elementvape.de akzeptieren Gro\u00df-und Einzelhandel Bestellungen.\" \/>\n<meta name=\"robots\" content=\"index, follow, max-snippet:-1, max-image-preview:large, max-video-preview:-1\" \/>\n<link rel=\"canonical\" href=\"https:\/\/www.elementvape.de\/en\/produkt\/exvape-expod-einweg-e-zigarette-20mg\/\" \/>\n<meta property=\"og:locale\" content=\"en_US\" \/>\n<meta property=\"og:type\" content=\"article\" \/>\n<meta property=\"og:title\" content=\"EXVAPE EXPOD Einweg-E-Zigarette 20mg | ElementVape.de\" \/>\n<meta property=\"og:description\" content=\"Wir bieten EXVAPE EXPOD Einweg-E-Zigarette 20mg , Elementvape.de akzeptieren Gro\u00df-und Einzelhandel Bestellungen.\" \/>\n<meta property=\"og:url\" content=\"https:\/\/www.elementvape.de\/en\/produkt\/exvape-expod-einweg-e-zigarette-20mg\/\" \/>\n<meta property=\"og:site_name\" content=\"ElementVape.de\" \/>\n<meta property=\"article:modified_time\" content=\"2024-09-12T10:36:30+00:00\" \/>\n<meta property=\"og:image\" content=\"https:\/\/www.elementvape.de\/wp-content\/uploads\/2024\/06\/exvape-expod-einweg-e-zigarette-melon-ice-20-mg.jpg\" \/>\n\t<meta property=\"og:image:width\" content=\"1000\" \/>\n\t<meta property=\"og:image:height\" content=\"1000\" \/>\n\t<meta property=\"og:image:type\" content=\"image\/jpeg\" \/>\n<meta name=\"twitter:card\" content=\"summary_large_image\" \/>\n<meta name=\"twitter:label1\" content=\"Est. reading time\" \/>\n\t<meta name=\"twitter:data1\" content=\"3 minutes\" \/>\n<script type=\"application\/ld+json\" class=\"yoast-schema-graph\">{\"@context\":\"https:\/\/schema.org\",\"@graph\":[{\"@type\":\"WebPage\",\"@id\":\"https:\/\/www.elementvape.de\/nl\/produkt\/exvape-expod-einweg-e-zigarette-20mg\/\",\"url\":\"https:\/\/www.elementvape.de\/nl\/produkt\/exvape-expod-einweg-e-zigarette-20mg\/\",\"name\":\"EXVAPE EXPOD Einweg-E-Zigarette 20mg | ElementVape.de\",\"isPartOf\":{\"@id\":\"https:\/\/www.elementvape.de\/#website\"},\"primaryImageOfPage\":{\"@id\":\"https:\/\/www.elementvape.de\/nl\/produkt\/exvape-expod-einweg-e-zigarette-20mg\/#primaryimage\"},\"image\":{\"@id\":\"https:\/\/www.elementvape.de\/nl\/produkt\/exvape-expod-einweg-e-zigarette-20mg\/#primaryimage\"},\"thumbnailUrl\":\"https:\/\/www.elementvape.de\/wp-content\/uploads\/2024\/06\/exvape-expod-einweg-e-zigarette-melon-ice-20-mg.jpg\",\"datePublished\":\"2024-06-04T09:51:07+00:00\",\"dateModified\":\"2024-09-12T10:36:30+00:00\",\"description\":\"Wir bieten EXVAPE EXPOD Einweg-E-Zigarette 20mg , Elementvape.de akzeptieren Gro\u00df-und Einzelhandel Bestellungen.\",\"breadcrumb\":{\"@id\":\"https:\/\/www.elementvape.de\/nl\/produkt\/exvape-expod-einweg-e-zigarette-20mg\/#breadcrumb\"},\"inLanguage\":\"en-US\",\"potentialAction\":[{\"@type\":\"ReadAction\",\"target\":[\"https:\/\/www.elementvape.de\/nl\/produkt\/exvape-expod-einweg-e-zigarette-20mg\/\"]}]},{\"@type\":\"ImageObject\",\"inLanguage\":\"en-US\",\"@id\":\"https:\/\/www.elementvape.de\/nl\/produkt\/exvape-expod-einweg-e-zigarette-20mg\/#primaryimage\",\"url\":\"https:\/\/www.elementvape.de\/wp-content\/uploads\/2024\/06\/exvape-expod-einweg-e-zigarette-melon-ice-20-mg.jpg\",\"contentUrl\":\"https:\/\/www.elementvape.de\/wp-content\/uploads\/2024\/06\/exvape-expod-einweg-e-zigarette-melon-ice-20-mg.jpg\",\"width\":1000,\"height\":1000,\"caption\":\"exvape-expod-einweg-e-zigarette-melon-ice-20-mg\"},{\"@type\":\"BreadcrumbList\",\"@id\":\"https:\/\/www.elementvape.de\/nl\/produkt\/exvape-expod-einweg-e-zigarette-20mg\/#breadcrumb\",\"itemListElement\":[{\"@type\":\"ListItem\",\"position\":1,\"name\":\"Home\",\"item\":\"https:\/\/www.elementvape.de\/\"},{\"@type\":\"ListItem\",\"position\":2,\"name\":\"Shop\",\"item\":\"https:\/\/www.elementvape.de\/shop\/\"},{\"@type\":\"ListItem\",\"position\":3,\"name\":\"EXVAPE EXPOD Einweg-E-Zigarette 20mg\"}]},{\"@type\":\"WebSite\",\"@id\":\"https:\/\/www.elementvape.de\/#website\",\"url\":\"https:\/\/www.elementvape.de\/\",\"name\":\"ElementVape.de\",\"description\":\"\",\"publisher\":{\"@id\":\"https:\/\/www.elementvape.de\/#organization\"},\"potentialAction\":[{\"@type\":\"SearchAction\",\"target\":{\"@type\":\"EntryPoint\",\"urlTemplate\":\"https:\/\/www.elementvape.de\/?s={search_term_string}\"},\"query-input\":\"required name=search_term_string\"}],\"inLanguage\":\"en-US\"},{\"@type\":\"Organization\",\"@id\":\"https:\/\/www.elementvape.de\/#organization\",\"name\":\"ElementVape.DE\",\"url\":\"https:\/\/www.elementvape.de\/\",\"logo\":{\"@type\":\"ImageObject\",\"inLanguage\":\"en-US\",\"@id\":\"https:\/\/www.elementvape.de\/#\/schema\/logo\/image\/\",\"url\":\"https:\/\/www.elementvape.de\/wp-content\/uploads\/2024\/09\/cropped-1elementvape-3.png\",\"contentUrl\":\"https:\/\/www.elementvape.de\/wp-content\/uploads\/2024\/09\/cropped-1elementvape-3.png\",\"width\":285,\"height\":228,\"caption\":\"ElementVape.DE\"},\"image\":{\"@id\":\"https:\/\/www.elementvape.de\/#\/schema\/logo\/image\/\"}}]}<\/script>\n<!-- \/ Yoast SEO plugin. -->","yoast_head_json":{"title":"EXVAPE EXPOD Einweg-E-Zigarette 20mg | ElementVape.de","description":"Wir bieten EXVAPE EXPOD Einweg-E-Zigarette 20mg , Elementvape.de akzeptieren Gro\u00df-und Einzelhandel Bestellungen.","robots":{"index":"index","follow":"follow","max-snippet":"max-snippet:-1","max-image-preview":"max-image-preview:large","max-video-preview":"max-video-preview:-1"},"canonical":"https:\/\/www.elementvape.de\/en\/produkt\/exvape-expod-einweg-e-zigarette-20mg\/","og_locale":"en_US","og_type":"article","og_title":"EXVAPE EXPOD Einweg-E-Zigarette 20mg | ElementVape.de","og_description":"Wir bieten EXVAPE EXPOD Einweg-E-Zigarette 20mg , Elementvape.de akzeptieren Gro\u00df-und Einzelhandel Bestellungen.","og_url":"https:\/\/www.elementvape.de\/en\/produkt\/exvape-expod-einweg-e-zigarette-20mg\/","og_site_name":"ElementVape.de","article_modified_time":"2024-09-12T10:36:30+00:00","og_image":[{"width":1000,"height":1000,"url":"https:\/\/www.elementvape.de\/wp-content\/uploads\/2024\/06\/exvape-expod-einweg-e-zigarette-melon-ice-20-mg.jpg","type":"image\/jpeg"}],"twitter_card":"summary_large_image","twitter_misc":{"Est. reading time":"3 minutes"},"schema":{"@context":"https:\/\/schema.org","@graph":[{"@type":"WebPage","@id":"https:\/\/www.elementvape.de\/nl\/produkt\/exvape-expod-einweg-e-zigarette-20mg\/","url":"https:\/\/www.elementvape.de\/nl\/produkt\/exvape-expod-einweg-e-zigarette-20mg\/","name":"EXVAPE EXPOD Einweg-E-Zigarette 20mg | ElementVape.de","isPartOf":{"@id":"https:\/\/www.elementvape.de\/#website"},"primaryImageOfPage":{"@id":"https:\/\/www.elementvape.de\/nl\/produkt\/exvape-expod-einweg-e-zigarette-20mg\/#primaryimage"},"image":{"@id":"https:\/\/www.elementvape.de\/nl\/produkt\/exvape-expod-einweg-e-zigarette-20mg\/#primaryimage"},"thumbnailUrl":"https:\/\/www.elementvape.de\/wp-content\/uploads\/2024\/06\/exvape-expod-einweg-e-zigarette-melon-ice-20-mg.jpg","datePublished":"2024-06-04T09:51:07+00:00","dateModified":"2024-09-12T10:36:30+00:00","description":"Wir bieten EXVAPE EXPOD Einweg-E-Zigarette 20mg , Elementvape.de akzeptieren Gro\u00df-und Einzelhandel Bestellungen.","breadcrumb":{"@id":"https:\/\/www.elementvape.de\/nl\/produkt\/exvape-expod-einweg-e-zigarette-20mg\/#breadcrumb"},"inLanguage":"en-US","potentialAction":[{"@type":"ReadAction","target":["https:\/\/www.elementvape.de\/nl\/produkt\/exvape-expod-einweg-e-zigarette-20mg\/"]}]},{"@type":"ImageObject","inLanguage":"en-US","@id":"https:\/\/www.elementvape.de\/nl\/produkt\/exvape-expod-einweg-e-zigarette-20mg\/#primaryimage","url":"https:\/\/www.elementvape.de\/wp-content\/uploads\/2024\/06\/exvape-expod-einweg-e-zigarette-melon-ice-20-mg.jpg","contentUrl":"https:\/\/www.elementvape.de\/wp-content\/uploads\/2024\/06\/exvape-expod-einweg-e-zigarette-melon-ice-20-mg.jpg","width":1000,"height":1000,"caption":"exvape-expod-einweg-e-zigarette-melon-ice-20-mg"},{"@type":"BreadcrumbList","@id":"https:\/\/www.elementvape.de\/nl\/produkt\/exvape-expod-einweg-e-zigarette-20mg\/#breadcrumb","itemListElement":[{"@type":"ListItem","position":1,"name":"Home","item":"https:\/\/www.elementvape.de\/"},{"@type":"ListItem","position":2,"name":"Shop","item":"https:\/\/www.elementvape.de\/shop\/"},{"@type":"ListItem","position":3,"name":"EXVAPE EXPOD Einweg-E-Zigarette 20mg"}]},{"@type":"WebSite","@id":"https:\/\/www.elementvape.de\/#website","url":"https:\/\/www.elementvape.de\/","name":"ElementVape.de","description":"","publisher":{"@id":"https:\/\/www.elementvape.de\/#organization"},"potentialAction":[{"@type":"SearchAction","target":{"@type":"EntryPoint","urlTemplate":"https:\/\/www.elementvape.de\/?s={search_term_string}"},"query-input":"required name=search_term_string"}],"inLanguage":"en-US"},{"@type":"Organization","@id":"https:\/\/www.elementvape.de\/#organization","name":"ElementVape.DE","url":"https:\/\/www.elementvape.de\/","logo":{"@type":"ImageObject","inLanguage":"en-US","@id":"https:\/\/www.elementvape.de\/#\/schema\/logo\/image\/","url":"https:\/\/www.elementvape.de\/wp-content\/uploads\/2024\/09\/cropped-1elementvape-3.png","contentUrl":"https:\/\/www.elementvape.de\/wp-content\/uploads\/2024\/09\/cropped-1elementvape-3.png","width":285,"height":228,"caption":"ElementVape.DE"},"image":{"@id":"https:\/\/www.elementvape.de\/#\/schema\/logo\/image\/"}}]}},"_links":{"self":[{"href":"https:\/\/www.elementvape.de\/en\/wp-json\/wp\/v2\/product\/11542"}],"collection":[{"href":"https:\/\/www.elementvape.de\/en\/wp-json\/wp\/v2\/product"}],"about":[{"href":"https:\/\/www.elementvape.de\/en\/wp-json\/wp\/v2\/types\/product"}],"wp:featuredmedia":[{"embeddable":true,"href":"https:\/\/www.elementvape.de\/en\/wp-json\/wp\/v2\/media\/11543"}],"wp:attachment":[{"href":"https:\/\/www.elementvape.de\/en\/wp-json\/wp\/v2\/media?parent=11542"}],"wp:term":[{"taxonomy":"product_cat","embeddable":true,"href":"https:\/\/www.elementvape.de\/en\/wp-json\/wp\/v2\/product_cat?post=11542"},{"taxonomy":"product_tag","embeddable":true,"href":"https:\/\/www.elementvape.de\/en\/wp-json\/wp\/v2\/product_tag?post=11542"}],"curies":[{"name":"wp","href":"https:\/\/api.w.org\/{rel}","templated":true}]}}