{"id":11317,"date":"2024-05-31T08:37:45","date_gmt":"2024-05-31T08:37:45","guid":{"rendered":"https:\/\/www.elementvape.de\/?post_type=product&#038;p=11317"},"modified":"2024-09-12T10:36:37","modified_gmt":"2024-09-12T10:36:37","slug":"flerbar-hyppe-dm-600-kaufen-einweg-vape","status":"publish","type":"product","link":"https:\/\/www.elementvape.de\/en\/produkt\/flerbar-hyppe-dm-600-kaufen-einweg-vape\/","title":{"rendered":"Flerbar Hyppe DM 600 disposable vape"},"content":{"rendered":"<h2>Hyppe Vape DM600 by Flerbar:<\/h2>\n<p>With the Hyppe DM600, Flerbar presents a new disposable vape. With a wide selection of 24 flavors, there is something for every taste.<\/p>\n<h3>Details:<\/h3>\n<p>The Hyppe DM600 Vape has a 550mAh battery that allows up to 600 puffs with 20mg. The flavor remains consistent and intense until the last puff. When the battery is empty, the LED lights up and the Hyppe DM600 can be disposed of.<\/p>\n<p>First vape with dual mesh coil: The special feature of the Hyppe DM600 Vape is the dual mesh coil, which provides dense and intense vapor. Previously used only in larger e-cigarettes, the Hyppe DM600 is the first disposable vape with a dual mesh coil.<\/p>\n<p>The Hyppe Vape is ready to use immediately, just take it out of the package, activate with 5 short puffs, and start vaping. Thanks to this simple operation, the Hyppe DM600 is suitable for both beginners and experienced vapers.<\/p>\n<p>Hyppe DM600 Vape by Flerbar \u2013 Disposable e-cigarettes with dual mesh coil<\/p>\n<p>What flavors are available for Hyppe DM600 by Flerbar?<br \/>\nThese delicious flavors are available with the Hyppe DM600:<br \/>\nBlueberry Cherry Cranberry<br \/>\nBlue Razz Ice Pop<br \/>\nCherry Ice<br \/>\nFizzy Cherry<br \/>\nGummy Bears<br \/>\nLemon Lime<br \/>\nMan Blue<br \/>\nPineapple Ice<br \/>\nRed Apple Ice<br \/>\nStrawberry Raspberry Cherry Ice<br \/>\nTriple Mango<br \/>\nWatermelon Ice<br \/>\nBlue Razz Cherry<br \/>\nBlueberry Banana<br \/>\nVimbull Ice<br \/>\nTasty Pink Lemonade<br \/>\nStrawberry Watermelon Hubba Hubba<br \/>\nRainbow Skittz<br \/>\nPineapple Peach Passionfruit<br \/>\nPeach Freeze<br \/>\nMr. Black<br \/>\nFresh Mint Ice<br \/>\nFizzy Cola Bottles<br \/>\nBlueberry Raspberry<\/p>","protected":false},"excerpt":{"rendered":"<p>Hyppe Vape DM600 von Flerbar: Mit der Hyppe DM600 pr\u00e4sentiert Flerbar eine neue Einweg Vape. In der riesigen Auswahl von 24 Sorten ist f\u00fcr jeden Geschmack etwas dabei. Einzelheiten: Die Hyppe DM600 Vape hat einen 550mAh Akku, der bis zu 600 Z\u00fcge mit 20mg erm\u00f6glicht. Dabei bleibt der Geschmack bis zum letzten Zug konstant und [&hellip;]<\/p>","protected":false},"featured_media":11318,"template":"","meta":{"inline_featured_image":false},"product_cat":[78,754,745,742,748,744,755,738,751],"product_tag":[679],"tiered_pricing_type":"fixed","tiered_pricing_fixed_rules":[],"tiered_pricing_percentage_rules":[],"tiered_pricing_minimum":1,"_administrator_tiered_pricing_type":"fixed","_administrator_tiered_pricing_fixed_rules":[],"_editor_tiered_pricing_type":"fixed","_editor_tiered_pricing_fixed_rules":[],"_author_tiered_pricing_type":"fixed","_author_tiered_pricing_fixed_rules":[],"_contributor_tiered_pricing_type":"fixed","_contributor_tiered_pricing_fixed_rules":[],"_subscriber_tiered_pricing_type":"fixed","_subscriber_tiered_pricing_fixed_rules":[],"_customer_tiered_pricing_type":"fixed","_customer_tiered_pricing_fixed_rules":[],"_shop_manager_tiered_pricing_type":"fixed","_shop_manager_tiered_pricing_fixed_rules":[],"_wpseo_manager_tiered_pricing_type":"fixed","_wpseo_manager_tiered_pricing_fixed_rules":[],"_wpseo_editor_tiered_pricing_type":"fixed","_wpseo_editor_tiered_pricing_fixed_rules":[],"_wholesale_customer_tiered_pricing_type":"fixed","_wholesale_customer_tiered_pricing_fixed_rules":[],"_marketer_tiered_pricing_type":"fixed","_marketer_tiered_pricing_fixed_rules":[],"_sales_manager_tiered_pricing_type":"fixed","_sales_manager_tiered_pricing_fixed_rules":[],"_sales_rep_tiered_pricing_type":"fixed","_sales_rep_tiered_pricing_fixed_rules":[],"yoast_head":"<!-- This site is optimized with the Yoast SEO plugin v23.3 - https:\/\/yoast.com\/wordpress\/plugins\/seo\/ -->\n<title>Flerbar Hyppe DM 600 Kaufen Einweg Vape | ElementVape.de<\/title>\n<meta name=\"description\" content=\"Wir bieten Flerbar Hyppe DM 600 Kaufen Einweg Vape , Elementvape.de akzeptieren Gro\u00df-und Einzelhandel Bestellungen.\" \/>\n<meta name=\"robots\" content=\"index, follow, max-snippet:-1, max-image-preview:large, max-video-preview:-1\" \/>\n<link rel=\"canonical\" href=\"https:\/\/www.elementvape.de\/en\/produkt\/flerbar-hyppe-dm-600-kaufen-einweg-vape\/\" \/>\n<meta property=\"og:locale\" content=\"en_US\" \/>\n<meta property=\"og:type\" content=\"article\" \/>\n<meta property=\"og:title\" content=\"Flerbar Hyppe DM 600 Kaufen Einweg Vape | ElementVape.de\" \/>\n<meta property=\"og:description\" content=\"Wir bieten Flerbar Hyppe DM 600 Kaufen Einweg Vape , Elementvape.de akzeptieren Gro\u00df-und Einzelhandel Bestellungen.\" \/>\n<meta property=\"og:url\" content=\"https:\/\/www.elementvape.de\/en\/produkt\/flerbar-hyppe-dm-600-kaufen-einweg-vape\/\" \/>\n<meta property=\"og:site_name\" content=\"ElementVape.de\" \/>\n<meta property=\"article:modified_time\" content=\"2024-09-12T10:36:37+00:00\" \/>\n<meta property=\"og:image\" content=\"https:\/\/www.elementvape.de\/wp-content\/uploads\/2024\/05\/flerbar-dm600-hyppe-blueberry-cherry-cranberry-20mg.jpg\" \/>\n\t<meta property=\"og:image:width\" content=\"1120\" \/>\n\t<meta property=\"og:image:height\" content=\"1120\" \/>\n\t<meta property=\"og:image:type\" content=\"image\/jpeg\" \/>\n<meta name=\"twitter:card\" content=\"summary_large_image\" \/>\n<meta name=\"twitter:label1\" content=\"Est. reading time\" \/>\n\t<meta name=\"twitter:data1\" content=\"2 minutes\" \/>\n<script type=\"application\/ld+json\" class=\"yoast-schema-graph\">{\"@context\":\"https:\/\/schema.org\",\"@graph\":[{\"@type\":\"WebPage\",\"@id\":\"https:\/\/www.elementvape.de\/produkt\/flerbar-hyppe-dm-600-kaufen-einweg-vape\/\",\"url\":\"https:\/\/www.elementvape.de\/produkt\/flerbar-hyppe-dm-600-kaufen-einweg-vape\/\",\"name\":\"Flerbar Hyppe DM 600 Kaufen Einweg Vape | ElementVape.de\",\"isPartOf\":{\"@id\":\"https:\/\/www.elementvape.de\/#website\"},\"primaryImageOfPage\":{\"@id\":\"https:\/\/www.elementvape.de\/produkt\/flerbar-hyppe-dm-600-kaufen-einweg-vape\/#primaryimage\"},\"image\":{\"@id\":\"https:\/\/www.elementvape.de\/produkt\/flerbar-hyppe-dm-600-kaufen-einweg-vape\/#primaryimage\"},\"thumbnailUrl\":\"https:\/\/www.elementvape.de\/wp-content\/uploads\/2024\/05\/flerbar-dm600-hyppe-blueberry-cherry-cranberry-20mg.jpg\",\"datePublished\":\"2024-05-31T08:37:45+00:00\",\"dateModified\":\"2024-09-12T10:36:37+00:00\",\"description\":\"Wir bieten Flerbar Hyppe DM 600 Kaufen Einweg Vape , Elementvape.de akzeptieren Gro\u00df-und Einzelhandel Bestellungen.\",\"breadcrumb\":{\"@id\":\"https:\/\/www.elementvape.de\/produkt\/flerbar-hyppe-dm-600-kaufen-einweg-vape\/#breadcrumb\"},\"inLanguage\":\"en-US\",\"potentialAction\":[{\"@type\":\"ReadAction\",\"target\":[\"https:\/\/www.elementvape.de\/produkt\/flerbar-hyppe-dm-600-kaufen-einweg-vape\/\"]}]},{\"@type\":\"ImageObject\",\"inLanguage\":\"en-US\",\"@id\":\"https:\/\/www.elementvape.de\/produkt\/flerbar-hyppe-dm-600-kaufen-einweg-vape\/#primaryimage\",\"url\":\"https:\/\/www.elementvape.de\/wp-content\/uploads\/2024\/05\/flerbar-dm600-hyppe-blueberry-cherry-cranberry-20mg.jpg\",\"contentUrl\":\"https:\/\/www.elementvape.de\/wp-content\/uploads\/2024\/05\/flerbar-dm600-hyppe-blueberry-cherry-cranberry-20mg.jpg\",\"width\":1120,\"height\":1120,\"caption\":\"flerbar-dm600-hyppe-blueberry-cherry-cranberry-20mg\"},{\"@type\":\"BreadcrumbList\",\"@id\":\"https:\/\/www.elementvape.de\/produkt\/flerbar-hyppe-dm-600-kaufen-einweg-vape\/#breadcrumb\",\"itemListElement\":[{\"@type\":\"ListItem\",\"position\":1,\"name\":\"Home\",\"item\":\"https:\/\/www.elementvape.de\/\"},{\"@type\":\"ListItem\",\"position\":2,\"name\":\"Shop\",\"item\":\"https:\/\/www.elementvape.de\/shop\/\"},{\"@type\":\"ListItem\",\"position\":3,\"name\":\"Flerbar Hyppe DM 600 Kaufen Einweg Vape\"}]},{\"@type\":\"WebSite\",\"@id\":\"https:\/\/www.elementvape.de\/#website\",\"url\":\"https:\/\/www.elementvape.de\/\",\"name\":\"ElementVape.de\",\"description\":\"\",\"publisher\":{\"@id\":\"https:\/\/www.elementvape.de\/#organization\"},\"potentialAction\":[{\"@type\":\"SearchAction\",\"target\":{\"@type\":\"EntryPoint\",\"urlTemplate\":\"https:\/\/www.elementvape.de\/?s={search_term_string}\"},\"query-input\":\"required name=search_term_string\"}],\"inLanguage\":\"en-US\"},{\"@type\":\"Organization\",\"@id\":\"https:\/\/www.elementvape.de\/#organization\",\"name\":\"ElementVape.DE\",\"url\":\"https:\/\/www.elementvape.de\/\",\"logo\":{\"@type\":\"ImageObject\",\"inLanguage\":\"en-US\",\"@id\":\"https:\/\/www.elementvape.de\/#\/schema\/logo\/image\/\",\"url\":\"https:\/\/www.elementvape.de\/wp-content\/uploads\/2024\/09\/cropped-1elementvape-3.png\",\"contentUrl\":\"https:\/\/www.elementvape.de\/wp-content\/uploads\/2024\/09\/cropped-1elementvape-3.png\",\"width\":285,\"height\":228,\"caption\":\"ElementVape.DE\"},\"image\":{\"@id\":\"https:\/\/www.elementvape.de\/#\/schema\/logo\/image\/\"}}]}<\/script>\n<!-- \/ Yoast SEO plugin. -->","yoast_head_json":{"title":"Flerbar Hyppe DM 600 Kaufen Einweg Vape | ElementVape.de","description":"Wir bieten Flerbar Hyppe DM 600 Kaufen Einweg Vape , Elementvape.de akzeptieren Gro\u00df-und Einzelhandel Bestellungen.","robots":{"index":"index","follow":"follow","max-snippet":"max-snippet:-1","max-image-preview":"max-image-preview:large","max-video-preview":"max-video-preview:-1"},"canonical":"https:\/\/www.elementvape.de\/en\/produkt\/flerbar-hyppe-dm-600-kaufen-einweg-vape\/","og_locale":"en_US","og_type":"article","og_title":"Flerbar Hyppe DM 600 Kaufen Einweg Vape | ElementVape.de","og_description":"Wir bieten Flerbar Hyppe DM 600 Kaufen Einweg Vape , Elementvape.de akzeptieren Gro\u00df-und Einzelhandel Bestellungen.","og_url":"https:\/\/www.elementvape.de\/en\/produkt\/flerbar-hyppe-dm-600-kaufen-einweg-vape\/","og_site_name":"ElementVape.de","article_modified_time":"2024-09-12T10:36:37+00:00","og_image":[{"width":1120,"height":1120,"url":"https:\/\/www.elementvape.de\/wp-content\/uploads\/2024\/05\/flerbar-dm600-hyppe-blueberry-cherry-cranberry-20mg.jpg","type":"image\/jpeg"}],"twitter_card":"summary_large_image","twitter_misc":{"Est. reading time":"2 minutes"},"schema":{"@context":"https:\/\/schema.org","@graph":[{"@type":"WebPage","@id":"https:\/\/www.elementvape.de\/produkt\/flerbar-hyppe-dm-600-kaufen-einweg-vape\/","url":"https:\/\/www.elementvape.de\/produkt\/flerbar-hyppe-dm-600-kaufen-einweg-vape\/","name":"Flerbar Hyppe DM 600 Kaufen Einweg Vape | ElementVape.de","isPartOf":{"@id":"https:\/\/www.elementvape.de\/#website"},"primaryImageOfPage":{"@id":"https:\/\/www.elementvape.de\/produkt\/flerbar-hyppe-dm-600-kaufen-einweg-vape\/#primaryimage"},"image":{"@id":"https:\/\/www.elementvape.de\/produkt\/flerbar-hyppe-dm-600-kaufen-einweg-vape\/#primaryimage"},"thumbnailUrl":"https:\/\/www.elementvape.de\/wp-content\/uploads\/2024\/05\/flerbar-dm600-hyppe-blueberry-cherry-cranberry-20mg.jpg","datePublished":"2024-05-31T08:37:45+00:00","dateModified":"2024-09-12T10:36:37+00:00","description":"Wir bieten Flerbar Hyppe DM 600 Kaufen Einweg Vape , Elementvape.de akzeptieren Gro\u00df-und Einzelhandel Bestellungen.","breadcrumb":{"@id":"https:\/\/www.elementvape.de\/produkt\/flerbar-hyppe-dm-600-kaufen-einweg-vape\/#breadcrumb"},"inLanguage":"en-US","potentialAction":[{"@type":"ReadAction","target":["https:\/\/www.elementvape.de\/produkt\/flerbar-hyppe-dm-600-kaufen-einweg-vape\/"]}]},{"@type":"ImageObject","inLanguage":"en-US","@id":"https:\/\/www.elementvape.de\/produkt\/flerbar-hyppe-dm-600-kaufen-einweg-vape\/#primaryimage","url":"https:\/\/www.elementvape.de\/wp-content\/uploads\/2024\/05\/flerbar-dm600-hyppe-blueberry-cherry-cranberry-20mg.jpg","contentUrl":"https:\/\/www.elementvape.de\/wp-content\/uploads\/2024\/05\/flerbar-dm600-hyppe-blueberry-cherry-cranberry-20mg.jpg","width":1120,"height":1120,"caption":"flerbar-dm600-hyppe-blueberry-cherry-cranberry-20mg"},{"@type":"BreadcrumbList","@id":"https:\/\/www.elementvape.de\/produkt\/flerbar-hyppe-dm-600-kaufen-einweg-vape\/#breadcrumb","itemListElement":[{"@type":"ListItem","position":1,"name":"Home","item":"https:\/\/www.elementvape.de\/"},{"@type":"ListItem","position":2,"name":"Shop","item":"https:\/\/www.elementvape.de\/shop\/"},{"@type":"ListItem","position":3,"name":"Flerbar Hyppe DM 600 Kaufen Einweg Vape"}]},{"@type":"WebSite","@id":"https:\/\/www.elementvape.de\/#website","url":"https:\/\/www.elementvape.de\/","name":"ElementVape.de","description":"","publisher":{"@id":"https:\/\/www.elementvape.de\/#organization"},"potentialAction":[{"@type":"SearchAction","target":{"@type":"EntryPoint","urlTemplate":"https:\/\/www.elementvape.de\/?s={search_term_string}"},"query-input":"required name=search_term_string"}],"inLanguage":"en-US"},{"@type":"Organization","@id":"https:\/\/www.elementvape.de\/#organization","name":"ElementVape.DE","url":"https:\/\/www.elementvape.de\/","logo":{"@type":"ImageObject","inLanguage":"en-US","@id":"https:\/\/www.elementvape.de\/#\/schema\/logo\/image\/","url":"https:\/\/www.elementvape.de\/wp-content\/uploads\/2024\/09\/cropped-1elementvape-3.png","contentUrl":"https:\/\/www.elementvape.de\/wp-content\/uploads\/2024\/09\/cropped-1elementvape-3.png","width":285,"height":228,"caption":"ElementVape.DE"},"image":{"@id":"https:\/\/www.elementvape.de\/#\/schema\/logo\/image\/"}}]}},"_links":{"self":[{"href":"https:\/\/www.elementvape.de\/en\/wp-json\/wp\/v2\/product\/11317"}],"collection":[{"href":"https:\/\/www.elementvape.de\/en\/wp-json\/wp\/v2\/product"}],"about":[{"href":"https:\/\/www.elementvape.de\/en\/wp-json\/wp\/v2\/types\/product"}],"wp:featuredmedia":[{"embeddable":true,"href":"https:\/\/www.elementvape.de\/en\/wp-json\/wp\/v2\/media\/11318"}],"wp:attachment":[{"href":"https:\/\/www.elementvape.de\/en\/wp-json\/wp\/v2\/media?parent=11317"}],"wp:term":[{"taxonomy":"product_cat","embeddable":true,"href":"https:\/\/www.elementvape.de\/en\/wp-json\/wp\/v2\/product_cat?post=11317"},{"taxonomy":"product_tag","embeddable":true,"href":"https:\/\/www.elementvape.de\/en\/wp-json\/wp\/v2\/product_tag?post=11317"}],"curies":[{"name":"wp","href":"https:\/\/api.w.org\/{rel}","templated":true}]}}