{"id":11220,"date":"2024-05-31T06:20:48","date_gmt":"2024-05-31T06:20:48","guid":{"rendered":"https:\/\/www.elementvape.de\/?post_type=product&#038;p=11220"},"modified":"2024-09-12T10:36:39","modified_gmt":"2024-09-12T10:36:39","slug":"187-box-e-shisha-20mg-kaufen","status":"publish","type":"product","link":"https:\/\/www.elementvape.de\/en\/produkt\/187-box-e-shisha-20mg-kaufen\/","title":{"rendered":"187 Box E-Shisha 20mg Buy"},"content":{"rendered":"<h2>187 Box Disposable Vape:<\/h2>\n<p>We have something very special for you: the brand new 187 Box Disposable Vape from the 187 Street Gang! With this disposable vape, you can immerse yourself in the world of vaping and enjoy the most delicious flavors.<\/p>\n<h3>Available options include<\/h3>\n<p>Apple Peach<br \/>\nBlue Razz Lemonade<br \/>\nBlueberry<br \/>\nBlueberry Sour Raspberry<br \/>\nCherry<br \/>\nGrape<br \/>\nKiwi Passionfruit<br \/>\nPeach Ice<br \/>\nPineapple Peach Mango<br \/>\nStrawberry Ice<\/p>\n<p>Whether you prefer fruity or sweet flavors, there's something for everyone here.<\/p>\n<p>You can easily activate the 187 Box Disposable Vape by taking three puffs. This way, you can immediately enjoy the aromatic vapor. And the best part: the vape lasts up to 600 puffs!<\/p>\n<p>So, what are you waiting for? Get the 187 Box Disposable Vape now and enjoy a full load of flavor and vapor. With this product, you'll definitely become the coolest vaper on the street.<\/p>\n<h3>Product Data:<\/h3>\n<p>10 fruity flavors<br \/>\nEasy-to-use disposable device (not rechargeable, not refillable)<br \/>\nExtremely compact and lightweight<br \/>\nup to 600 puffs (according to the manufacturer)<br \/>\nNo settings required<br \/>\nContents: 2ml with 20mg\/ml nicotine salt<\/p>","protected":false},"excerpt":{"rendered":"<p>187 Box Einweg Vape: Wir haben hier was ganz Besonderes f\u00fcr euch: den brandneue 187 Box Einweg Vape der 187 Strassenbande! Mit diesem Einweg Vape k\u00f6nnt ihr in die Welt des Dampfens eintauchen und dabei die leckersten Geschmacksrichtungen genie\u00dfen. Zur Auswahl stehen Apple Peach Blue Razz Lemonade Blueberry Blueberry Sour Raspberry Cherry Grape Kiwi Passionfruit [&hellip;]<\/p>","protected":false},"featured_media":11221,"template":"","meta":{"inline_featured_image":false},"product_cat":[78,754,745,742,748,744,755,738,751],"product_tag":[679],"tiered_pricing_type":"fixed","tiered_pricing_fixed_rules":[],"tiered_pricing_percentage_rules":[],"tiered_pricing_minimum":1,"_administrator_tiered_pricing_type":"fixed","_administrator_tiered_pricing_fixed_rules":[],"_editor_tiered_pricing_type":"fixed","_editor_tiered_pricing_fixed_rules":[],"_author_tiered_pricing_type":"fixed","_author_tiered_pricing_fixed_rules":[],"_contributor_tiered_pricing_type":"fixed","_contributor_tiered_pricing_fixed_rules":[],"_subscriber_tiered_pricing_type":"fixed","_subscriber_tiered_pricing_fixed_rules":[],"_customer_tiered_pricing_type":"fixed","_customer_tiered_pricing_fixed_rules":[],"_shop_manager_tiered_pricing_type":"fixed","_shop_manager_tiered_pricing_fixed_rules":[],"_wpseo_manager_tiered_pricing_type":"fixed","_wpseo_manager_tiered_pricing_fixed_rules":[],"_wpseo_editor_tiered_pricing_type":"fixed","_wpseo_editor_tiered_pricing_fixed_rules":[],"_wholesale_customer_tiered_pricing_type":"fixed","_wholesale_customer_tiered_pricing_fixed_rules":[],"_marketer_tiered_pricing_type":"fixed","_marketer_tiered_pricing_fixed_rules":[],"_sales_manager_tiered_pricing_type":"fixed","_sales_manager_tiered_pricing_fixed_rules":[],"_sales_rep_tiered_pricing_type":"fixed","_sales_rep_tiered_pricing_fixed_rules":[],"yoast_head":"<!-- This site is optimized with the Yoast SEO plugin v23.3 - https:\/\/yoast.com\/wordpress\/plugins\/seo\/ -->\n<title>187 Box E-Shisha 20mg Kaufen | ElementVape.de<\/title>\n<meta name=\"description\" content=\"Wir bieten 187 Box E-Shisha 20mg Kaufen , Elementvape.de akzeptieren Gro\u00df-und Einzelhandel Bestellungen.\" \/>\n<meta name=\"robots\" content=\"index, follow, max-snippet:-1, max-image-preview:large, max-video-preview:-1\" \/>\n<link rel=\"canonical\" href=\"https:\/\/www.elementvape.de\/en\/produkt\/187-box-e-shisha-20mg-kaufen\/\" \/>\n<meta property=\"og:locale\" content=\"en_US\" \/>\n<meta property=\"og:type\" content=\"article\" \/>\n<meta property=\"og:title\" content=\"187 Box E-Shisha 20mg Kaufen | ElementVape.de\" \/>\n<meta property=\"og:description\" content=\"Wir bieten 187 Box E-Shisha 20mg Kaufen , Elementvape.de akzeptieren Gro\u00df-und Einzelhandel Bestellungen.\" \/>\n<meta property=\"og:url\" content=\"https:\/\/www.elementvape.de\/en\/produkt\/187-box-e-shisha-20mg-kaufen\/\" \/>\n<meta property=\"og:site_name\" content=\"ElementVape.de\" \/>\n<meta property=\"article:modified_time\" content=\"2024-09-12T10:36:39+00:00\" \/>\n<meta property=\"og:image\" content=\"https:\/\/www.elementvape.de\/wp-content\/uploads\/2024\/05\/187-box-e-shisha-20mg-apple-peach.jpg\" \/>\n\t<meta property=\"og:image:width\" content=\"560\" \/>\n\t<meta property=\"og:image:height\" content=\"560\" \/>\n\t<meta property=\"og:image:type\" content=\"image\/jpeg\" \/>\n<meta name=\"twitter:card\" content=\"summary_large_image\" \/>\n<meta name=\"twitter:label1\" content=\"Est. reading time\" \/>\n\t<meta name=\"twitter:data1\" content=\"2 minutes\" \/>\n<script type=\"application\/ld+json\" class=\"yoast-schema-graph\">{\"@context\":\"https:\/\/schema.org\",\"@graph\":[{\"@type\":\"WebPage\",\"@id\":\"https:\/\/www.elementvape.de\/produkt\/187-box-e-shisha-20mg-kaufen\/\",\"url\":\"https:\/\/www.elementvape.de\/produkt\/187-box-e-shisha-20mg-kaufen\/\",\"name\":\"187 Box E-Shisha 20mg Kaufen | ElementVape.de\",\"isPartOf\":{\"@id\":\"https:\/\/www.elementvape.de\/#website\"},\"primaryImageOfPage\":{\"@id\":\"https:\/\/www.elementvape.de\/produkt\/187-box-e-shisha-20mg-kaufen\/#primaryimage\"},\"image\":{\"@id\":\"https:\/\/www.elementvape.de\/produkt\/187-box-e-shisha-20mg-kaufen\/#primaryimage\"},\"thumbnailUrl\":\"https:\/\/www.elementvape.de\/wp-content\/uploads\/2024\/05\/187-box-e-shisha-20mg-apple-peach.jpg\",\"datePublished\":\"2024-05-31T06:20:48+00:00\",\"dateModified\":\"2024-09-12T10:36:39+00:00\",\"description\":\"Wir bieten 187 Box E-Shisha 20mg Kaufen , Elementvape.de akzeptieren Gro\u00df-und Einzelhandel Bestellungen.\",\"breadcrumb\":{\"@id\":\"https:\/\/www.elementvape.de\/produkt\/187-box-e-shisha-20mg-kaufen\/#breadcrumb\"},\"inLanguage\":\"en-US\",\"potentialAction\":[{\"@type\":\"ReadAction\",\"target\":[\"https:\/\/www.elementvape.de\/produkt\/187-box-e-shisha-20mg-kaufen\/\"]}]},{\"@type\":\"ImageObject\",\"inLanguage\":\"en-US\",\"@id\":\"https:\/\/www.elementvape.de\/produkt\/187-box-e-shisha-20mg-kaufen\/#primaryimage\",\"url\":\"https:\/\/www.elementvape.de\/wp-content\/uploads\/2024\/05\/187-box-e-shisha-20mg-apple-peach.jpg\",\"contentUrl\":\"https:\/\/www.elementvape.de\/wp-content\/uploads\/2024\/05\/187-box-e-shisha-20mg-apple-peach.jpg\",\"width\":560,\"height\":560,\"caption\":\"187-box-e-shisha-20mg-apple-peach\"},{\"@type\":\"BreadcrumbList\",\"@id\":\"https:\/\/www.elementvape.de\/produkt\/187-box-e-shisha-20mg-kaufen\/#breadcrumb\",\"itemListElement\":[{\"@type\":\"ListItem\",\"position\":1,\"name\":\"Home\",\"item\":\"https:\/\/www.elementvape.de\/\"},{\"@type\":\"ListItem\",\"position\":2,\"name\":\"Shop\",\"item\":\"https:\/\/www.elementvape.de\/shop\/\"},{\"@type\":\"ListItem\",\"position\":3,\"name\":\"187 Box E-Shisha 20mg Kaufen\"}]},{\"@type\":\"WebSite\",\"@id\":\"https:\/\/www.elementvape.de\/#website\",\"url\":\"https:\/\/www.elementvape.de\/\",\"name\":\"ElementVape.de\",\"description\":\"\",\"publisher\":{\"@id\":\"https:\/\/www.elementvape.de\/#organization\"},\"potentialAction\":[{\"@type\":\"SearchAction\",\"target\":{\"@type\":\"EntryPoint\",\"urlTemplate\":\"https:\/\/www.elementvape.de\/?s={search_term_string}\"},\"query-input\":\"required name=search_term_string\"}],\"inLanguage\":\"en-US\"},{\"@type\":\"Organization\",\"@id\":\"https:\/\/www.elementvape.de\/#organization\",\"name\":\"ElementVape.DE\",\"url\":\"https:\/\/www.elementvape.de\/\",\"logo\":{\"@type\":\"ImageObject\",\"inLanguage\":\"en-US\",\"@id\":\"https:\/\/www.elementvape.de\/#\/schema\/logo\/image\/\",\"url\":\"https:\/\/www.elementvape.de\/wp-content\/uploads\/2024\/09\/cropped-1elementvape-3.png\",\"contentUrl\":\"https:\/\/www.elementvape.de\/wp-content\/uploads\/2024\/09\/cropped-1elementvape-3.png\",\"width\":285,\"height\":228,\"caption\":\"ElementVape.DE\"},\"image\":{\"@id\":\"https:\/\/www.elementvape.de\/#\/schema\/logo\/image\/\"}}]}<\/script>\n<!-- \/ Yoast SEO plugin. -->","yoast_head_json":{"title":"187 Box E-Shisha 20mg Kaufen | ElementVape.de","description":"Wir bieten 187 Box E-Shisha 20mg Kaufen , Elementvape.de akzeptieren Gro\u00df-und Einzelhandel Bestellungen.","robots":{"index":"index","follow":"follow","max-snippet":"max-snippet:-1","max-image-preview":"max-image-preview:large","max-video-preview":"max-video-preview:-1"},"canonical":"https:\/\/www.elementvape.de\/en\/produkt\/187-box-e-shisha-20mg-kaufen\/","og_locale":"en_US","og_type":"article","og_title":"187 Box E-Shisha 20mg Kaufen | ElementVape.de","og_description":"Wir bieten 187 Box E-Shisha 20mg Kaufen , Elementvape.de akzeptieren Gro\u00df-und Einzelhandel Bestellungen.","og_url":"https:\/\/www.elementvape.de\/en\/produkt\/187-box-e-shisha-20mg-kaufen\/","og_site_name":"ElementVape.de","article_modified_time":"2024-09-12T10:36:39+00:00","og_image":[{"width":560,"height":560,"url":"https:\/\/www.elementvape.de\/wp-content\/uploads\/2024\/05\/187-box-e-shisha-20mg-apple-peach.jpg","type":"image\/jpeg"}],"twitter_card":"summary_large_image","twitter_misc":{"Est. reading time":"2 minutes"},"schema":{"@context":"https:\/\/schema.org","@graph":[{"@type":"WebPage","@id":"https:\/\/www.elementvape.de\/produkt\/187-box-e-shisha-20mg-kaufen\/","url":"https:\/\/www.elementvape.de\/produkt\/187-box-e-shisha-20mg-kaufen\/","name":"187 Box E-Shisha 20mg Kaufen | ElementVape.de","isPartOf":{"@id":"https:\/\/www.elementvape.de\/#website"},"primaryImageOfPage":{"@id":"https:\/\/www.elementvape.de\/produkt\/187-box-e-shisha-20mg-kaufen\/#primaryimage"},"image":{"@id":"https:\/\/www.elementvape.de\/produkt\/187-box-e-shisha-20mg-kaufen\/#primaryimage"},"thumbnailUrl":"https:\/\/www.elementvape.de\/wp-content\/uploads\/2024\/05\/187-box-e-shisha-20mg-apple-peach.jpg","datePublished":"2024-05-31T06:20:48+00:00","dateModified":"2024-09-12T10:36:39+00:00","description":"Wir bieten 187 Box E-Shisha 20mg Kaufen , Elementvape.de akzeptieren Gro\u00df-und Einzelhandel Bestellungen.","breadcrumb":{"@id":"https:\/\/www.elementvape.de\/produkt\/187-box-e-shisha-20mg-kaufen\/#breadcrumb"},"inLanguage":"en-US","potentialAction":[{"@type":"ReadAction","target":["https:\/\/www.elementvape.de\/produkt\/187-box-e-shisha-20mg-kaufen\/"]}]},{"@type":"ImageObject","inLanguage":"en-US","@id":"https:\/\/www.elementvape.de\/produkt\/187-box-e-shisha-20mg-kaufen\/#primaryimage","url":"https:\/\/www.elementvape.de\/wp-content\/uploads\/2024\/05\/187-box-e-shisha-20mg-apple-peach.jpg","contentUrl":"https:\/\/www.elementvape.de\/wp-content\/uploads\/2024\/05\/187-box-e-shisha-20mg-apple-peach.jpg","width":560,"height":560,"caption":"187-box-e-shisha-20mg-apple-peach"},{"@type":"BreadcrumbList","@id":"https:\/\/www.elementvape.de\/produkt\/187-box-e-shisha-20mg-kaufen\/#breadcrumb","itemListElement":[{"@type":"ListItem","position":1,"name":"Home","item":"https:\/\/www.elementvape.de\/"},{"@type":"ListItem","position":2,"name":"Shop","item":"https:\/\/www.elementvape.de\/shop\/"},{"@type":"ListItem","position":3,"name":"187 Box E-Shisha 20mg Kaufen"}]},{"@type":"WebSite","@id":"https:\/\/www.elementvape.de\/#website","url":"https:\/\/www.elementvape.de\/","name":"ElementVape.de","description":"","publisher":{"@id":"https:\/\/www.elementvape.de\/#organization"},"potentialAction":[{"@type":"SearchAction","target":{"@type":"EntryPoint","urlTemplate":"https:\/\/www.elementvape.de\/?s={search_term_string}"},"query-input":"required name=search_term_string"}],"inLanguage":"en-US"},{"@type":"Organization","@id":"https:\/\/www.elementvape.de\/#organization","name":"ElementVape.DE","url":"https:\/\/www.elementvape.de\/","logo":{"@type":"ImageObject","inLanguage":"en-US","@id":"https:\/\/www.elementvape.de\/#\/schema\/logo\/image\/","url":"https:\/\/www.elementvape.de\/wp-content\/uploads\/2024\/09\/cropped-1elementvape-3.png","contentUrl":"https:\/\/www.elementvape.de\/wp-content\/uploads\/2024\/09\/cropped-1elementvape-3.png","width":285,"height":228,"caption":"ElementVape.DE"},"image":{"@id":"https:\/\/www.elementvape.de\/#\/schema\/logo\/image\/"}}]}},"_links":{"self":[{"href":"https:\/\/www.elementvape.de\/en\/wp-json\/wp\/v2\/product\/11220"}],"collection":[{"href":"https:\/\/www.elementvape.de\/en\/wp-json\/wp\/v2\/product"}],"about":[{"href":"https:\/\/www.elementvape.de\/en\/wp-json\/wp\/v2\/types\/product"}],"wp:featuredmedia":[{"embeddable":true,"href":"https:\/\/www.elementvape.de\/en\/wp-json\/wp\/v2\/media\/11221"}],"wp:attachment":[{"href":"https:\/\/www.elementvape.de\/en\/wp-json\/wp\/v2\/media?parent=11220"}],"wp:term":[{"taxonomy":"product_cat","embeddable":true,"href":"https:\/\/www.elementvape.de\/en\/wp-json\/wp\/v2\/product_cat?post=11220"},{"taxonomy":"product_tag","embeddable":true,"href":"https:\/\/www.elementvape.de\/en\/wp-json\/wp\/v2\/product_tag?post=11220"}],"curies":[{"name":"wp","href":"https:\/\/api.w.org\/{rel}","templated":true}]}}