{"id":11072,"date":"2024-05-29T08:40:29","date_gmt":"2024-05-29T08:40:29","guid":{"rendered":"https:\/\/www.elementvape.de\/?post_type=product&#038;p=11072"},"modified":"2024-09-12T10:36:42","modified_gmt":"2024-09-12T10:36:42","slug":"geek-bar-pro-einweg-vape-1500-zuege-850mah","status":"publish","type":"product","link":"https:\/\/www.elementvape.de\/en\/produkt\/geek-bar-pro-einweg-vape-1500-zuege-850mah\/","title":{"rendered":"GEEK BAR Pro Disposable Vape 1500 Puffs 850mAh"},"content":{"rendered":"<p>Description<br \/>\nGEEK BAR Pro Disposable Vape 1500 Puffs Wholesale. The GEEK BAR Pro Disposable Vape comes with 4.5 ml pre-filled liquid in various flavors to meet your different needs. Powered by an internal 850-mAh battery, the GEEK BAR Pro supports about 1500 puffs. With a constant output system and 5 % nicotine salt, the GEEK BAR Pro offers a smooth taste, massive clouds, and a solid throat hit. GEEK BAR Pro provides users with the ultimate vaping experience.<\/p>\n<p><span>Parameters<\/span><br \/>\n<span>Size: 24.71 x 22.63 x 109 mm<\/span><br \/>\n<span>Battery: 850 mAh Built-in<\/span><br \/>\n<span>E-Liquid Capacity: 4.5 ml pre-filled<\/span><br \/>\n<span>Puffs: Up to 1500 puffs Nicotine: 20 mg, 50 mg<\/span><br \/>\n<span>Material: PCTG, Organic Cotton<\/span><br \/>\n<span>Flavors: 20<\/span><br \/>\n<span>Output: Constant 3.6 V<\/span><\/p>\n<p><span>Product Details<\/span><br \/>\n<span>1 x GEEK BAR Pro Disposable Vape 1500 Puffs<\/span><\/p>","protected":false},"excerpt":{"rendered":"<p>Beschreibung GEEK BAR Pro Einweg-Vape 1500 Z\u00fcge im Gro\u00dfhandel. Der GEEK BAR Pro Einweg-Vape wird mit 4,5 ml vorgef\u00fclltem Liquid mit verschiedenen Geschmacksrichtungen geliefert, um Ihren unterschiedlichen Bed\u00fcrfnissen gerecht zu werden. Angetrieben von einem internen 850-mAh-Akku unterst\u00fctzt der GEEK BAR Pro etwa 1500 Z\u00fcge. Mit einem konstanten Ausgabesystem und 5 % Nikotinsalz bietet Ihnen der [&hellip;]<\/p>","protected":false},"featured_media":11093,"template":"","meta":{"inline_featured_image":false},"product_cat":[78,754,745,742,748,744,755,738,751],"product_tag":[675],"tiered_pricing_type":"fixed","tiered_pricing_fixed_rules":[],"tiered_pricing_percentage_rules":[],"tiered_pricing_minimum":1,"_administrator_tiered_pricing_type":"fixed","_administrator_tiered_pricing_fixed_rules":[],"_editor_tiered_pricing_type":"fixed","_editor_tiered_pricing_fixed_rules":[],"_author_tiered_pricing_type":"fixed","_author_tiered_pricing_fixed_rules":[],"_contributor_tiered_pricing_type":"fixed","_contributor_tiered_pricing_fixed_rules":[],"_subscriber_tiered_pricing_type":"fixed","_subscriber_tiered_pricing_fixed_rules":[],"_customer_tiered_pricing_type":"fixed","_customer_tiered_pricing_fixed_rules":[],"_shop_manager_tiered_pricing_type":"fixed","_shop_manager_tiered_pricing_fixed_rules":[],"_wpseo_manager_tiered_pricing_type":"fixed","_wpseo_manager_tiered_pricing_fixed_rules":[],"_wpseo_editor_tiered_pricing_type":"fixed","_wpseo_editor_tiered_pricing_fixed_rules":[],"_wholesale_customer_tiered_pricing_type":"fixed","_wholesale_customer_tiered_pricing_fixed_rules":[],"_marketer_tiered_pricing_type":"fixed","_marketer_tiered_pricing_fixed_rules":[],"_sales_manager_tiered_pricing_type":"fixed","_sales_manager_tiered_pricing_fixed_rules":[],"_sales_rep_tiered_pricing_type":"fixed","_sales_rep_tiered_pricing_fixed_rules":[],"yoast_head":"<!-- This site is optimized with the Yoast SEO plugin v23.3 - https:\/\/yoast.com\/wordpress\/plugins\/seo\/ -->\n<title>GEEK BAR Pro Einweg-Vape 1500 Z\u00fcge 850mAh | ElementVape.de<\/title>\n<meta name=\"description\" content=\"Wir bieten GEEK BAR Pro Einweg-Vape 1500 Z\u00fcge 850mAh , Elementvape.de akzeptieren Gro\u00df-und Einzelhandel Bestellungen.\" \/>\n<meta name=\"robots\" content=\"index, follow, max-snippet:-1, max-image-preview:large, max-video-preview:-1\" \/>\n<link rel=\"canonical\" href=\"https:\/\/www.elementvape.de\/en\/produkt\/geek-bar-pro-einweg-vape-1500-zuege-850mah\/\" \/>\n<meta property=\"og:locale\" content=\"en_US\" \/>\n<meta property=\"og:type\" content=\"article\" \/>\n<meta property=\"og:title\" content=\"GEEK BAR Pro Einweg-Vape 1500 Z\u00fcge 850mAh | ElementVape.de\" \/>\n<meta property=\"og:description\" content=\"Wir bieten GEEK BAR Pro Einweg-Vape 1500 Z\u00fcge 850mAh , Elementvape.de akzeptieren Gro\u00df-und Einzelhandel Bestellungen.\" \/>\n<meta property=\"og:url\" content=\"https:\/\/www.elementvape.de\/en\/produkt\/geek-bar-pro-einweg-vape-1500-zuege-850mah\/\" \/>\n<meta property=\"og:site_name\" content=\"ElementVape.de\" \/>\n<meta property=\"article:modified_time\" content=\"2024-09-12T10:36:42+00:00\" \/>\n<meta property=\"og:image\" content=\"https:\/\/www.elementvape.de\/wp-content\/uploads\/2024\/05\/GEEK-BAR-Pro-Disposable-Vape-1500-Puffs.webp\" \/>\n\t<meta property=\"og:image:width\" content=\"600\" \/>\n\t<meta property=\"og:image:height\" content=\"600\" \/>\n\t<meta property=\"og:image:type\" content=\"image\/webp\" \/>\n<meta name=\"twitter:card\" content=\"summary_large_image\" \/>\n<meta name=\"twitter:label1\" content=\"Est. reading time\" \/>\n\t<meta name=\"twitter:data1\" content=\"1 minute\" \/>\n<script type=\"application\/ld+json\" class=\"yoast-schema-graph\">{\"@context\":\"https:\/\/schema.org\",\"@graph\":[{\"@type\":\"WebPage\",\"@id\":\"https:\/\/www.elementvape.de\/fr\/produkt\/geek-bar-pro-einweg-vape-1500-zuege-850mah\/\",\"url\":\"https:\/\/www.elementvape.de\/fr\/produkt\/geek-bar-pro-einweg-vape-1500-zuege-850mah\/\",\"name\":\"GEEK BAR Pro Einweg-Vape 1500 Z\u00fcge 850mAh | ElementVape.de\",\"isPartOf\":{\"@id\":\"https:\/\/www.elementvape.de\/#website\"},\"primaryImageOfPage\":{\"@id\":\"https:\/\/www.elementvape.de\/fr\/produkt\/geek-bar-pro-einweg-vape-1500-zuege-850mah\/#primaryimage\"},\"image\":{\"@id\":\"https:\/\/www.elementvape.de\/fr\/produkt\/geek-bar-pro-einweg-vape-1500-zuege-850mah\/#primaryimage\"},\"thumbnailUrl\":\"https:\/\/www.elementvape.de\/wp-content\/uploads\/2024\/05\/GEEK-BAR-Pro-Disposable-Vape-1500-Puffs.webp\",\"datePublished\":\"2024-05-29T08:40:29+00:00\",\"dateModified\":\"2024-09-12T10:36:42+00:00\",\"description\":\"Wir bieten GEEK BAR Pro Einweg-Vape 1500 Z\u00fcge 850mAh , Elementvape.de akzeptieren Gro\u00df-und Einzelhandel Bestellungen.\",\"breadcrumb\":{\"@id\":\"https:\/\/www.elementvape.de\/fr\/produkt\/geek-bar-pro-einweg-vape-1500-zuege-850mah\/#breadcrumb\"},\"inLanguage\":\"en-US\",\"potentialAction\":[{\"@type\":\"ReadAction\",\"target\":[\"https:\/\/www.elementvape.de\/fr\/produkt\/geek-bar-pro-einweg-vape-1500-zuege-850mah\/\"]}]},{\"@type\":\"ImageObject\",\"inLanguage\":\"en-US\",\"@id\":\"https:\/\/www.elementvape.de\/fr\/produkt\/geek-bar-pro-einweg-vape-1500-zuege-850mah\/#primaryimage\",\"url\":\"https:\/\/www.elementvape.de\/wp-content\/uploads\/2024\/05\/GEEK-BAR-Pro-Disposable-Vape-1500-Puffs.webp\",\"contentUrl\":\"https:\/\/www.elementvape.de\/wp-content\/uploads\/2024\/05\/GEEK-BAR-Pro-Disposable-Vape-1500-Puffs.webp\",\"width\":600,\"height\":600,\"caption\":\"GEEK-BAR-Pro-Disposable-Vape-1500-Puffs\"},{\"@type\":\"BreadcrumbList\",\"@id\":\"https:\/\/www.elementvape.de\/fr\/produkt\/geek-bar-pro-einweg-vape-1500-zuege-850mah\/#breadcrumb\",\"itemListElement\":[{\"@type\":\"ListItem\",\"position\":1,\"name\":\"Home\",\"item\":\"https:\/\/www.elementvape.de\/\"},{\"@type\":\"ListItem\",\"position\":2,\"name\":\"Shop\",\"item\":\"https:\/\/www.elementvape.de\/shop\/\"},{\"@type\":\"ListItem\",\"position\":3,\"name\":\"GEEK BAR Pro Einweg-Vape 1500 Z\u00fcge 850mAh\"}]},{\"@type\":\"WebSite\",\"@id\":\"https:\/\/www.elementvape.de\/#website\",\"url\":\"https:\/\/www.elementvape.de\/\",\"name\":\"ElementVape.de\",\"description\":\"\",\"publisher\":{\"@id\":\"https:\/\/www.elementvape.de\/#organization\"},\"potentialAction\":[{\"@type\":\"SearchAction\",\"target\":{\"@type\":\"EntryPoint\",\"urlTemplate\":\"https:\/\/www.elementvape.de\/?s={search_term_string}\"},\"query-input\":\"required name=search_term_string\"}],\"inLanguage\":\"en-US\"},{\"@type\":\"Organization\",\"@id\":\"https:\/\/www.elementvape.de\/#organization\",\"name\":\"ElementVape.DE\",\"url\":\"https:\/\/www.elementvape.de\/\",\"logo\":{\"@type\":\"ImageObject\",\"inLanguage\":\"en-US\",\"@id\":\"https:\/\/www.elementvape.de\/#\/schema\/logo\/image\/\",\"url\":\"https:\/\/www.elementvape.de\/wp-content\/uploads\/2024\/09\/cropped-1elementvape-3.png\",\"contentUrl\":\"https:\/\/www.elementvape.de\/wp-content\/uploads\/2024\/09\/cropped-1elementvape-3.png\",\"width\":285,\"height\":228,\"caption\":\"ElementVape.DE\"},\"image\":{\"@id\":\"https:\/\/www.elementvape.de\/#\/schema\/logo\/image\/\"}}]}<\/script>\n<!-- \/ Yoast SEO plugin. -->","yoast_head_json":{"title":"GEEK BAR Pro Einweg-Vape 1500 Z\u00fcge 850mAh | ElementVape.de","description":"Wir bieten GEEK BAR Pro Einweg-Vape 1500 Z\u00fcge 850mAh , Elementvape.de akzeptieren Gro\u00df-und Einzelhandel Bestellungen.","robots":{"index":"index","follow":"follow","max-snippet":"max-snippet:-1","max-image-preview":"max-image-preview:large","max-video-preview":"max-video-preview:-1"},"canonical":"https:\/\/www.elementvape.de\/en\/produkt\/geek-bar-pro-einweg-vape-1500-zuege-850mah\/","og_locale":"en_US","og_type":"article","og_title":"GEEK BAR Pro Einweg-Vape 1500 Z\u00fcge 850mAh | ElementVape.de","og_description":"Wir bieten GEEK BAR Pro Einweg-Vape 1500 Z\u00fcge 850mAh , Elementvape.de akzeptieren Gro\u00df-und Einzelhandel Bestellungen.","og_url":"https:\/\/www.elementvape.de\/en\/produkt\/geek-bar-pro-einweg-vape-1500-zuege-850mah\/","og_site_name":"ElementVape.de","article_modified_time":"2024-09-12T10:36:42+00:00","og_image":[{"width":600,"height":600,"url":"https:\/\/www.elementvape.de\/wp-content\/uploads\/2024\/05\/GEEK-BAR-Pro-Disposable-Vape-1500-Puffs.webp","type":"image\/webp"}],"twitter_card":"summary_large_image","twitter_misc":{"Est. reading time":"1 minute"},"schema":{"@context":"https:\/\/schema.org","@graph":[{"@type":"WebPage","@id":"https:\/\/www.elementvape.de\/fr\/produkt\/geek-bar-pro-einweg-vape-1500-zuege-850mah\/","url":"https:\/\/www.elementvape.de\/fr\/produkt\/geek-bar-pro-einweg-vape-1500-zuege-850mah\/","name":"GEEK BAR Pro Einweg-Vape 1500 Z\u00fcge 850mAh | ElementVape.de","isPartOf":{"@id":"https:\/\/www.elementvape.de\/#website"},"primaryImageOfPage":{"@id":"https:\/\/www.elementvape.de\/fr\/produkt\/geek-bar-pro-einweg-vape-1500-zuege-850mah\/#primaryimage"},"image":{"@id":"https:\/\/www.elementvape.de\/fr\/produkt\/geek-bar-pro-einweg-vape-1500-zuege-850mah\/#primaryimage"},"thumbnailUrl":"https:\/\/www.elementvape.de\/wp-content\/uploads\/2024\/05\/GEEK-BAR-Pro-Disposable-Vape-1500-Puffs.webp","datePublished":"2024-05-29T08:40:29+00:00","dateModified":"2024-09-12T10:36:42+00:00","description":"Wir bieten GEEK BAR Pro Einweg-Vape 1500 Z\u00fcge 850mAh , Elementvape.de akzeptieren Gro\u00df-und Einzelhandel Bestellungen.","breadcrumb":{"@id":"https:\/\/www.elementvape.de\/fr\/produkt\/geek-bar-pro-einweg-vape-1500-zuege-850mah\/#breadcrumb"},"inLanguage":"en-US","potentialAction":[{"@type":"ReadAction","target":["https:\/\/www.elementvape.de\/fr\/produkt\/geek-bar-pro-einweg-vape-1500-zuege-850mah\/"]}]},{"@type":"ImageObject","inLanguage":"en-US","@id":"https:\/\/www.elementvape.de\/fr\/produkt\/geek-bar-pro-einweg-vape-1500-zuege-850mah\/#primaryimage","url":"https:\/\/www.elementvape.de\/wp-content\/uploads\/2024\/05\/GEEK-BAR-Pro-Disposable-Vape-1500-Puffs.webp","contentUrl":"https:\/\/www.elementvape.de\/wp-content\/uploads\/2024\/05\/GEEK-BAR-Pro-Disposable-Vape-1500-Puffs.webp","width":600,"height":600,"caption":"GEEK-BAR-Pro-Disposable-Vape-1500-Puffs"},{"@type":"BreadcrumbList","@id":"https:\/\/www.elementvape.de\/fr\/produkt\/geek-bar-pro-einweg-vape-1500-zuege-850mah\/#breadcrumb","itemListElement":[{"@type":"ListItem","position":1,"name":"Home","item":"https:\/\/www.elementvape.de\/"},{"@type":"ListItem","position":2,"name":"Shop","item":"https:\/\/www.elementvape.de\/shop\/"},{"@type":"ListItem","position":3,"name":"GEEK BAR Pro Einweg-Vape 1500 Z\u00fcge 850mAh"}]},{"@type":"WebSite","@id":"https:\/\/www.elementvape.de\/#website","url":"https:\/\/www.elementvape.de\/","name":"ElementVape.de","description":"","publisher":{"@id":"https:\/\/www.elementvape.de\/#organization"},"potentialAction":[{"@type":"SearchAction","target":{"@type":"EntryPoint","urlTemplate":"https:\/\/www.elementvape.de\/?s={search_term_string}"},"query-input":"required name=search_term_string"}],"inLanguage":"en-US"},{"@type":"Organization","@id":"https:\/\/www.elementvape.de\/#organization","name":"ElementVape.DE","url":"https:\/\/www.elementvape.de\/","logo":{"@type":"ImageObject","inLanguage":"en-US","@id":"https:\/\/www.elementvape.de\/#\/schema\/logo\/image\/","url":"https:\/\/www.elementvape.de\/wp-content\/uploads\/2024\/09\/cropped-1elementvape-3.png","contentUrl":"https:\/\/www.elementvape.de\/wp-content\/uploads\/2024\/09\/cropped-1elementvape-3.png","width":285,"height":228,"caption":"ElementVape.DE"},"image":{"@id":"https:\/\/www.elementvape.de\/#\/schema\/logo\/image\/"}}]}},"_links":{"self":[{"href":"https:\/\/www.elementvape.de\/en\/wp-json\/wp\/v2\/product\/11072"}],"collection":[{"href":"https:\/\/www.elementvape.de\/en\/wp-json\/wp\/v2\/product"}],"about":[{"href":"https:\/\/www.elementvape.de\/en\/wp-json\/wp\/v2\/types\/product"}],"wp:featuredmedia":[{"embeddable":true,"href":"https:\/\/www.elementvape.de\/en\/wp-json\/wp\/v2\/media\/11093"}],"wp:attachment":[{"href":"https:\/\/www.elementvape.de\/en\/wp-json\/wp\/v2\/media?parent=11072"}],"wp:term":[{"taxonomy":"product_cat","embeddable":true,"href":"https:\/\/www.elementvape.de\/en\/wp-json\/wp\/v2\/product_cat?post=11072"},{"taxonomy":"product_tag","embeddable":true,"href":"https:\/\/www.elementvape.de\/en\/wp-json\/wp\/v2\/product_tag?post=11072"}],"curies":[{"name":"wp","href":"https:\/\/api.w.org\/{rel}","templated":true}]}}