{"id":10952,"date":"2024-05-28T07:38:29","date_gmt":"2024-05-28T07:38:29","guid":{"rendered":"https:\/\/www.elementvape.de\/?post_type=product&#038;p=10952"},"modified":"2024-09-12T10:36:44","modified_gmt":"2024-09-12T10:36:44","slug":"geek-bar-b4000-einweg-vape-4000-zuege-1050mah","status":"publish","type":"product","link":"https:\/\/www.elementvape.de\/en\/produkt\/geek-bar-b4000-einweg-vape-4000-zuege-1050mah\/","title":{"rendered":"Geek Bar B4000 Disposable Vape 4000 Puffs 1050mAh"},"content":{"rendered":"<h2>Description:<\/h2>\n<p>The online vape shop from Elementvape offers wholesale accessories for disposable vape products from Geek Bar worldwide. Become a member. Buy disposable vape products from Geek Bar B4000 at the best wholesale prices. GEEK BAR B4000, the crystal box with KAl mesh coil inside, two-tone injection molding in one piece. It offers vapers rich flavors and a strong throat hit. It is also very compact, so you can put the device in your pocket or bag. The gentle touch sensation starts from your hand to your lips and ultimately leads to your vaping experience.<\/p>\n<p>Flavors:<\/p>\n<p>Watermelon Ice<br \/>\nBlue Razz Lemonade<br \/>\nStrawberry Lemonade<br \/>\nPineapple Peach Mango<br \/>\nKiwi Passion Guava<br \/>\nLemon Ice Cream<br \/>\nStrawberry Kiwi<br \/>\nLime Cactus<br \/>\nPolar Ice Mint<br \/>\nPineapple Coconut Milk<br \/>\nMixed Fruit Shisha<br \/>\nGreen Apple Kiwi<br \/>\nTropical Fruit<br \/>\nAvocado Milkshake<br \/>\nBerry Trio<br \/>\nBlueberry Milkshake<br \/>\nStrawberry Donuts<br \/>\nPeach Mango Guava<br \/>\nForest Berry<br \/>\nPineapple Lemonade Soda<br \/>\nWatermelon Cherry<br \/>\nMixed Peach Berries<\/p>\n<p>Parameters<br \/>\nSize: 50.6 x 21 x 75.5 mm<br \/>\nBattery: 1050 mAh built-in battery<br \/>\nE-liquid: 10 ml pre-filled<br \/>\nPuffs: Up to 4000 puffs<br \/>\nNicotine: 50 mg<br \/>\nFlavors: 22<br \/>\nPerformance: Constant 3.6 V<\/p>\n<p>Packages<br \/>\n1 x Geek Bar B4000 disposable vape 4000 puffs<\/p>","protected":false},"excerpt":{"rendered":"<p>Beschreibung: Der Online-Vape-Shop von Elementvape bietet weltweit Gro\u00dfhandelszubeh\u00f6r f\u00fcr Einweg-Vape-Produkte von Geek Bar an. Werden Sie Mitglied. Kaufen Sie Einweg-Vape-Produkte von Geek Bar B4000 zu den besten Gro\u00dfhandelspreisen. GEEK BAR B4000, die Kristallbox mit KAl-Netzspule im Inneren, zweifarbiger Spritzguss in einem St\u00fcck. Es bietet Dampfern reichhaltige Aromen und einen starken Throat Hit. Es ist au\u00dferdem [&hellip;]<\/p>","protected":false},"featured_media":10943,"template":"","meta":{"inline_featured_image":false},"product_cat":[78,754,745,742,748,744,755,738,751],"product_tag":[677],"tiered_pricing_type":"fixed","tiered_pricing_fixed_rules":[],"tiered_pricing_percentage_rules":[],"tiered_pricing_minimum":1,"_administrator_tiered_pricing_type":"fixed","_administrator_tiered_pricing_fixed_rules":[],"_editor_tiered_pricing_type":"fixed","_editor_tiered_pricing_fixed_rules":[],"_author_tiered_pricing_type":"fixed","_author_tiered_pricing_fixed_rules":[],"_contributor_tiered_pricing_type":"fixed","_contributor_tiered_pricing_fixed_rules":[],"_subscriber_tiered_pricing_type":"fixed","_subscriber_tiered_pricing_fixed_rules":[],"_customer_tiered_pricing_type":"fixed","_customer_tiered_pricing_fixed_rules":[],"_shop_manager_tiered_pricing_type":"fixed","_shop_manager_tiered_pricing_fixed_rules":[],"_wpseo_manager_tiered_pricing_type":"fixed","_wpseo_manager_tiered_pricing_fixed_rules":[],"_wpseo_editor_tiered_pricing_type":"fixed","_wpseo_editor_tiered_pricing_fixed_rules":[],"_wholesale_customer_tiered_pricing_type":"fixed","_wholesale_customer_tiered_pricing_fixed_rules":[],"_marketer_tiered_pricing_type":"fixed","_marketer_tiered_pricing_fixed_rules":[],"_sales_manager_tiered_pricing_type":"fixed","_sales_manager_tiered_pricing_fixed_rules":[],"_sales_rep_tiered_pricing_type":"fixed","_sales_rep_tiered_pricing_fixed_rules":[],"yoast_head":"<!-- This site is optimized with the Yoast SEO plugin v23.3 - https:\/\/yoast.com\/wordpress\/plugins\/seo\/ -->\n<title>Geek Bar B4000 Einweg-Vape 4000 Z\u00fcge 1050mAh | ElementVape.de<\/title>\n<meta name=\"description\" content=\"Wir bieten Geek Bar B4000 Einweg-Vape 4000 Z\u00fcge 1050mAh , Elementvape.de akzeptieren Gro\u00df-und Einzelhandel Bestellungen.\" \/>\n<meta name=\"robots\" content=\"index, follow, max-snippet:-1, max-image-preview:large, max-video-preview:-1\" \/>\n<link rel=\"canonical\" href=\"https:\/\/www.elementvape.de\/en\/produkt\/geek-bar-b4000-einweg-vape-4000-zuege-1050mah\/\" \/>\n<meta property=\"og:locale\" content=\"en_US\" \/>\n<meta property=\"og:type\" content=\"article\" \/>\n<meta property=\"og:title\" content=\"Geek Bar B4000 Einweg-Vape 4000 Z\u00fcge 1050mAh | ElementVape.de\" \/>\n<meta property=\"og:description\" content=\"Wir bieten Geek Bar B4000 Einweg-Vape 4000 Z\u00fcge 1050mAh , Elementvape.de akzeptieren Gro\u00df-und Einzelhandel Bestellungen.\" \/>\n<meta property=\"og:url\" content=\"https:\/\/www.elementvape.de\/en\/produkt\/geek-bar-b4000-einweg-vape-4000-zuege-1050mah\/\" \/>\n<meta property=\"og:site_name\" content=\"ElementVape.de\" \/>\n<meta property=\"article:modified_time\" content=\"2024-09-12T10:36:44+00:00\" \/>\n<meta property=\"og:image\" content=\"https:\/\/www.elementvape.de\/wp-content\/uploads\/2024\/05\/Geek-bar-B4000-Disposable-Vape-4000-Puffs-2-834510.webp\" \/>\n\t<meta property=\"og:image:width\" content=\"800\" \/>\n\t<meta property=\"og:image:height\" content=\"800\" \/>\n\t<meta property=\"og:image:type\" content=\"image\/webp\" \/>\n<meta name=\"twitter:card\" content=\"summary_large_image\" \/>\n<meta name=\"twitter:label1\" content=\"Est. reading time\" \/>\n\t<meta name=\"twitter:data1\" content=\"2 minutes\" \/>\n<script type=\"application\/ld+json\" class=\"yoast-schema-graph\">{\"@context\":\"https:\/\/schema.org\",\"@graph\":[{\"@type\":\"WebPage\",\"@id\":\"https:\/\/www.elementvape.de\/es\/produkt\/geek-bar-b4000-einweg-vape-4000-zuege-1050mah\/\",\"url\":\"https:\/\/www.elementvape.de\/es\/produkt\/geek-bar-b4000-einweg-vape-4000-zuege-1050mah\/\",\"name\":\"Geek Bar B4000 Einweg-Vape 4000 Z\u00fcge 1050mAh | ElementVape.de\",\"isPartOf\":{\"@id\":\"https:\/\/www.elementvape.de\/#website\"},\"primaryImageOfPage\":{\"@id\":\"https:\/\/www.elementvape.de\/es\/produkt\/geek-bar-b4000-einweg-vape-4000-zuege-1050mah\/#primaryimage\"},\"image\":{\"@id\":\"https:\/\/www.elementvape.de\/es\/produkt\/geek-bar-b4000-einweg-vape-4000-zuege-1050mah\/#primaryimage\"},\"thumbnailUrl\":\"https:\/\/www.elementvape.de\/wp-content\/uploads\/2024\/05\/Geek-bar-B4000-Disposable-Vape-4000-Puffs-2-834510.webp\",\"datePublished\":\"2024-05-28T07:38:29+00:00\",\"dateModified\":\"2024-09-12T10:36:44+00:00\",\"description\":\"Wir bieten Geek Bar B4000 Einweg-Vape 4000 Z\u00fcge 1050mAh , Elementvape.de akzeptieren Gro\u00df-und Einzelhandel Bestellungen.\",\"breadcrumb\":{\"@id\":\"https:\/\/www.elementvape.de\/es\/produkt\/geek-bar-b4000-einweg-vape-4000-zuege-1050mah\/#breadcrumb\"},\"inLanguage\":\"en-US\",\"potentialAction\":[{\"@type\":\"ReadAction\",\"target\":[\"https:\/\/www.elementvape.de\/es\/produkt\/geek-bar-b4000-einweg-vape-4000-zuege-1050mah\/\"]}]},{\"@type\":\"ImageObject\",\"inLanguage\":\"en-US\",\"@id\":\"https:\/\/www.elementvape.de\/es\/produkt\/geek-bar-b4000-einweg-vape-4000-zuege-1050mah\/#primaryimage\",\"url\":\"https:\/\/www.elementvape.de\/wp-content\/uploads\/2024\/05\/Geek-bar-B4000-Disposable-Vape-4000-Puffs-2-834510.webp\",\"contentUrl\":\"https:\/\/www.elementvape.de\/wp-content\/uploads\/2024\/05\/Geek-bar-B4000-Disposable-Vape-4000-Puffs-2-834510.webp\",\"width\":800,\"height\":800,\"caption\":\"Geek-bar-B4000-Disposable-Vape-4000-Puffs-2-834510\"},{\"@type\":\"BreadcrumbList\",\"@id\":\"https:\/\/www.elementvape.de\/es\/produkt\/geek-bar-b4000-einweg-vape-4000-zuege-1050mah\/#breadcrumb\",\"itemListElement\":[{\"@type\":\"ListItem\",\"position\":1,\"name\":\"Home\",\"item\":\"https:\/\/www.elementvape.de\/\"},{\"@type\":\"ListItem\",\"position\":2,\"name\":\"Shop\",\"item\":\"https:\/\/www.elementvape.de\/shop\/\"},{\"@type\":\"ListItem\",\"position\":3,\"name\":\"Geek Bar B4000 Einweg-Vape 4000 Z\u00fcge 1050mAh\"}]},{\"@type\":\"WebSite\",\"@id\":\"https:\/\/www.elementvape.de\/#website\",\"url\":\"https:\/\/www.elementvape.de\/\",\"name\":\"ElementVape.de\",\"description\":\"\",\"publisher\":{\"@id\":\"https:\/\/www.elementvape.de\/#organization\"},\"potentialAction\":[{\"@type\":\"SearchAction\",\"target\":{\"@type\":\"EntryPoint\",\"urlTemplate\":\"https:\/\/www.elementvape.de\/?s={search_term_string}\"},\"query-input\":\"required name=search_term_string\"}],\"inLanguage\":\"en-US\"},{\"@type\":\"Organization\",\"@id\":\"https:\/\/www.elementvape.de\/#organization\",\"name\":\"ElementVape.DE\",\"url\":\"https:\/\/www.elementvape.de\/\",\"logo\":{\"@type\":\"ImageObject\",\"inLanguage\":\"en-US\",\"@id\":\"https:\/\/www.elementvape.de\/#\/schema\/logo\/image\/\",\"url\":\"https:\/\/www.elementvape.de\/wp-content\/uploads\/2024\/09\/cropped-1elementvape-3.png\",\"contentUrl\":\"https:\/\/www.elementvape.de\/wp-content\/uploads\/2024\/09\/cropped-1elementvape-3.png\",\"width\":285,\"height\":228,\"caption\":\"ElementVape.DE\"},\"image\":{\"@id\":\"https:\/\/www.elementvape.de\/#\/schema\/logo\/image\/\"}}]}<\/script>\n<!-- \/ Yoast SEO plugin. -->","yoast_head_json":{"title":"Geek Bar B4000 Einweg-Vape 4000 Z\u00fcge 1050mAh | ElementVape.de","description":"Wir bieten Geek Bar B4000 Einweg-Vape 4000 Z\u00fcge 1050mAh , Elementvape.de akzeptieren Gro\u00df-und Einzelhandel Bestellungen.","robots":{"index":"index","follow":"follow","max-snippet":"max-snippet:-1","max-image-preview":"max-image-preview:large","max-video-preview":"max-video-preview:-1"},"canonical":"https:\/\/www.elementvape.de\/en\/produkt\/geek-bar-b4000-einweg-vape-4000-zuege-1050mah\/","og_locale":"en_US","og_type":"article","og_title":"Geek Bar B4000 Einweg-Vape 4000 Z\u00fcge 1050mAh | ElementVape.de","og_description":"Wir bieten Geek Bar B4000 Einweg-Vape 4000 Z\u00fcge 1050mAh , Elementvape.de akzeptieren Gro\u00df-und Einzelhandel Bestellungen.","og_url":"https:\/\/www.elementvape.de\/en\/produkt\/geek-bar-b4000-einweg-vape-4000-zuege-1050mah\/","og_site_name":"ElementVape.de","article_modified_time":"2024-09-12T10:36:44+00:00","og_image":[{"width":800,"height":800,"url":"https:\/\/www.elementvape.de\/wp-content\/uploads\/2024\/05\/Geek-bar-B4000-Disposable-Vape-4000-Puffs-2-834510.webp","type":"image\/webp"}],"twitter_card":"summary_large_image","twitter_misc":{"Est. reading time":"2 minutes"},"schema":{"@context":"https:\/\/schema.org","@graph":[{"@type":"WebPage","@id":"https:\/\/www.elementvape.de\/es\/produkt\/geek-bar-b4000-einweg-vape-4000-zuege-1050mah\/","url":"https:\/\/www.elementvape.de\/es\/produkt\/geek-bar-b4000-einweg-vape-4000-zuege-1050mah\/","name":"Geek Bar B4000 Einweg-Vape 4000 Z\u00fcge 1050mAh | ElementVape.de","isPartOf":{"@id":"https:\/\/www.elementvape.de\/#website"},"primaryImageOfPage":{"@id":"https:\/\/www.elementvape.de\/es\/produkt\/geek-bar-b4000-einweg-vape-4000-zuege-1050mah\/#primaryimage"},"image":{"@id":"https:\/\/www.elementvape.de\/es\/produkt\/geek-bar-b4000-einweg-vape-4000-zuege-1050mah\/#primaryimage"},"thumbnailUrl":"https:\/\/www.elementvape.de\/wp-content\/uploads\/2024\/05\/Geek-bar-B4000-Disposable-Vape-4000-Puffs-2-834510.webp","datePublished":"2024-05-28T07:38:29+00:00","dateModified":"2024-09-12T10:36:44+00:00","description":"Wir bieten Geek Bar B4000 Einweg-Vape 4000 Z\u00fcge 1050mAh , Elementvape.de akzeptieren Gro\u00df-und Einzelhandel Bestellungen.","breadcrumb":{"@id":"https:\/\/www.elementvape.de\/es\/produkt\/geek-bar-b4000-einweg-vape-4000-zuege-1050mah\/#breadcrumb"},"inLanguage":"en-US","potentialAction":[{"@type":"ReadAction","target":["https:\/\/www.elementvape.de\/es\/produkt\/geek-bar-b4000-einweg-vape-4000-zuege-1050mah\/"]}]},{"@type":"ImageObject","inLanguage":"en-US","@id":"https:\/\/www.elementvape.de\/es\/produkt\/geek-bar-b4000-einweg-vape-4000-zuege-1050mah\/#primaryimage","url":"https:\/\/www.elementvape.de\/wp-content\/uploads\/2024\/05\/Geek-bar-B4000-Disposable-Vape-4000-Puffs-2-834510.webp","contentUrl":"https:\/\/www.elementvape.de\/wp-content\/uploads\/2024\/05\/Geek-bar-B4000-Disposable-Vape-4000-Puffs-2-834510.webp","width":800,"height":800,"caption":"Geek-bar-B4000-Disposable-Vape-4000-Puffs-2-834510"},{"@type":"BreadcrumbList","@id":"https:\/\/www.elementvape.de\/es\/produkt\/geek-bar-b4000-einweg-vape-4000-zuege-1050mah\/#breadcrumb","itemListElement":[{"@type":"ListItem","position":1,"name":"Home","item":"https:\/\/www.elementvape.de\/"},{"@type":"ListItem","position":2,"name":"Shop","item":"https:\/\/www.elementvape.de\/shop\/"},{"@type":"ListItem","position":3,"name":"Geek Bar B4000 Einweg-Vape 4000 Z\u00fcge 1050mAh"}]},{"@type":"WebSite","@id":"https:\/\/www.elementvape.de\/#website","url":"https:\/\/www.elementvape.de\/","name":"ElementVape.de","description":"","publisher":{"@id":"https:\/\/www.elementvape.de\/#organization"},"potentialAction":[{"@type":"SearchAction","target":{"@type":"EntryPoint","urlTemplate":"https:\/\/www.elementvape.de\/?s={search_term_string}"},"query-input":"required name=search_term_string"}],"inLanguage":"en-US"},{"@type":"Organization","@id":"https:\/\/www.elementvape.de\/#organization","name":"ElementVape.DE","url":"https:\/\/www.elementvape.de\/","logo":{"@type":"ImageObject","inLanguage":"en-US","@id":"https:\/\/www.elementvape.de\/#\/schema\/logo\/image\/","url":"https:\/\/www.elementvape.de\/wp-content\/uploads\/2024\/09\/cropped-1elementvape-3.png","contentUrl":"https:\/\/www.elementvape.de\/wp-content\/uploads\/2024\/09\/cropped-1elementvape-3.png","width":285,"height":228,"caption":"ElementVape.DE"},"image":{"@id":"https:\/\/www.elementvape.de\/#\/schema\/logo\/image\/"}}]}},"_links":{"self":[{"href":"https:\/\/www.elementvape.de\/en\/wp-json\/wp\/v2\/product\/10952"}],"collection":[{"href":"https:\/\/www.elementvape.de\/en\/wp-json\/wp\/v2\/product"}],"about":[{"href":"https:\/\/www.elementvape.de\/en\/wp-json\/wp\/v2\/types\/product"}],"wp:featuredmedia":[{"embeddable":true,"href":"https:\/\/www.elementvape.de\/en\/wp-json\/wp\/v2\/media\/10943"}],"wp:attachment":[{"href":"https:\/\/www.elementvape.de\/en\/wp-json\/wp\/v2\/media?parent=10952"}],"wp:term":[{"taxonomy":"product_cat","embeddable":true,"href":"https:\/\/www.elementvape.de\/en\/wp-json\/wp\/v2\/product_cat?post=10952"},{"taxonomy":"product_tag","embeddable":true,"href":"https:\/\/www.elementvape.de\/en\/wp-json\/wp\/v2\/product_tag?post=10952"}],"curies":[{"name":"wp","href":"https:\/\/api.w.org\/{rel}","templated":true}]}}