{"id":10904,"date":"2024-05-27T08:33:30","date_gmt":"2024-05-27T08:33:30","guid":{"rendered":"https:\/\/www.elementvape.de\/?post_type=product&#038;p=10904"},"modified":"2024-09-12T10:36:45","modified_gmt":"2024-09-12T10:36:45","slug":"elf-bar-cr2500-einweg-vape-1000mah-2500zuege","status":"publish","type":"product","link":"https:\/\/www.elementvape.de\/en\/produkt\/elf-bar-cr2500-einweg-vape-1000mah-2500zuege\/","title":{"rendered":"ELF BAR CR2500 Disposable Vape 1000mAh 2500 Puffs"},"content":{"rendered":"<div class=\"card__header\">\n<h2 class=\"card__title heading h3\"><span>Description<\/span><\/h2>\n<\/div>\n<div class=\"card__section\">\n<div class=\"rte text--pull\"><span>Product Introduction:<\/span><br \/>\n<span>The <\/span><strong><a title=\"ELF BAR\" href=\"https:\/\/www.elementvape.de\/en\/product-brand\/elfbar\/\">ELF BAR<\/a><\/strong><span>\u00a0CR2500 Disposable Vaporizer features a 5.5 ml pre-filled pod with various delicious flavors. And the ELF BAR CR2500 disposable vaporizer has an improved coil for better flavor. Simply get the sleek and stylish ELF BAR CR2500 disposable vaporizer and enjoy an excellent vaping experience.<\/span><\/p>\n<p><span>Parameters<\/span><br \/>\n<span>Size: \u03a624.5 x 105.5 mm<\/span><br \/>\n<span>E-liquid Capacity: 5.5 ml<\/span><br \/>\n<span>Nicotine Strength: 5 %\/2 %<\/span><br \/>\n<span>Battery: 1000 mAh<\/span><br \/>\n<span>Puffs: up to 2500<\/span><\/p>\n<p><span>Pocket-friendly size for easy carrying<\/span><br \/>\n<span>Enhanced coil for better flavor<\/span><br \/>\n<span>Various delicious e-liquids for excellent taste<\/span><br \/>\n<span>Built-in 1000 mAh battery for 2500 puffs<\/span><br \/>\n<span>5.5 ml pre-filled pod with built-in coil included in the package<\/span><\/p>\n<p><span>Includes:<\/span><br \/>\n<span>1 \u00d7 ELF BAR CR2500 disposable vaporizer 1000 mAh<\/span><\/div>\n<\/div>","protected":false},"excerpt":{"rendered":"<p>Beschreibung Produkteinf\u00fchrung: Der ELF BAR\u00a0CR2500 Einwegverdampfer verf\u00fcgt \u00fcber einen 5,5 ml gro\u00dfen vorgef\u00fcllten Pod mit verschiedenen k\u00f6stlichen Aromen. Und der ELF BAR CR2500 Einwegverdampfer verf\u00fcgt \u00fcber eine verbesserte Spule f\u00fcr einen besseren Geschmack. Holen Sie sich einfach den sch\u00f6nen und schlanken ELF BAR CR2500 Einwegverdampfer und genie\u00dfen Sie das gro\u00dfartige Dampferlebnis. Parameter Gr\u00f6\u00dfe: \u03a624,5 x [&hellip;]<\/p>","protected":false},"featured_media":10905,"template":"","meta":{"inline_featured_image":false},"product_cat":[15,78,754,745,742,748,744,755,738,751],"product_tag":[],"tiered_pricing_type":"fixed","tiered_pricing_fixed_rules":[],"tiered_pricing_percentage_rules":[],"tiered_pricing_minimum":1,"_administrator_tiered_pricing_type":"fixed","_administrator_tiered_pricing_fixed_rules":[],"_editor_tiered_pricing_type":"fixed","_editor_tiered_pricing_fixed_rules":[],"_author_tiered_pricing_type":"fixed","_author_tiered_pricing_fixed_rules":[],"_contributor_tiered_pricing_type":"fixed","_contributor_tiered_pricing_fixed_rules":[],"_subscriber_tiered_pricing_type":"fixed","_subscriber_tiered_pricing_fixed_rules":[],"_customer_tiered_pricing_type":"fixed","_customer_tiered_pricing_fixed_rules":[],"_shop_manager_tiered_pricing_type":"fixed","_shop_manager_tiered_pricing_fixed_rules":[],"_wpseo_manager_tiered_pricing_type":"fixed","_wpseo_manager_tiered_pricing_fixed_rules":[],"_wpseo_editor_tiered_pricing_type":"fixed","_wpseo_editor_tiered_pricing_fixed_rules":[],"_wholesale_customer_tiered_pricing_type":"fixed","_wholesale_customer_tiered_pricing_fixed_rules":[],"_marketer_tiered_pricing_type":"fixed","_marketer_tiered_pricing_fixed_rules":[],"_sales_manager_tiered_pricing_type":"fixed","_sales_manager_tiered_pricing_fixed_rules":[],"_sales_rep_tiered_pricing_type":"fixed","_sales_rep_tiered_pricing_fixed_rules":[],"yoast_head":"<!-- This site is optimized with the Yoast SEO plugin v23.3 - https:\/\/yoast.com\/wordpress\/plugins\/seo\/ -->\n<title>ELF BAR CR2500 Einweg Vape 1000mAh 2500Z\u00fcge | ElementVape.de<\/title>\n<meta name=\"description\" content=\"Wir bieten ELF BAR CR2500 Einweg Vape 1000mAh 2500Z\u00fcge , Elementvape.de akzeptieren Gro\u00df-und Einzelhandel Bestellungen.\" \/>\n<meta name=\"robots\" content=\"index, follow, max-snippet:-1, max-image-preview:large, max-video-preview:-1\" \/>\n<link rel=\"canonical\" href=\"https:\/\/www.elementvape.de\/en\/produkt\/elf-bar-cr2500-einweg-vape-1000mah-2500zuege\/\" \/>\n<meta property=\"og:locale\" content=\"en_US\" \/>\n<meta property=\"og:type\" content=\"article\" \/>\n<meta property=\"og:title\" content=\"ELF BAR CR2500 Einweg Vape 1000mAh 2500Z\u00fcge | ElementVape.de\" \/>\n<meta property=\"og:description\" content=\"Wir bieten ELF BAR CR2500 Einweg Vape 1000mAh 2500Z\u00fcge , Elementvape.de akzeptieren Gro\u00df-und Einzelhandel Bestellungen.\" \/>\n<meta property=\"og:url\" content=\"https:\/\/www.elementvape.de\/en\/produkt\/elf-bar-cr2500-einweg-vape-1000mah-2500zuege\/\" \/>\n<meta property=\"og:site_name\" content=\"ElementVape.de\" \/>\n<meta property=\"article:modified_time\" content=\"2024-09-12T10:36:45+00:00\" \/>\n<meta property=\"og:image\" content=\"https:\/\/www.elementvape.de\/wp-content\/uploads\/2024\/05\/ELF-BAR-CR2500-Disposable-vape-1000mAh-5-275392.webp\" \/>\n\t<meta property=\"og:image:width\" content=\"600\" \/>\n\t<meta property=\"og:image:height\" content=\"600\" \/>\n\t<meta property=\"og:image:type\" content=\"image\/webp\" \/>\n<meta name=\"twitter:card\" content=\"summary_large_image\" \/>\n<meta name=\"twitter:label1\" content=\"Est. reading time\" \/>\n\t<meta name=\"twitter:data1\" content=\"1 minute\" \/>\n<script type=\"application\/ld+json\" class=\"yoast-schema-graph\">{\"@context\":\"https:\/\/schema.org\",\"@graph\":[{\"@type\":\"WebPage\",\"@id\":\"https:\/\/www.elementvape.de\/produkt\/elf-bar-cr2500-einweg-vape-1000mah-2500zuege\/\",\"url\":\"https:\/\/www.elementvape.de\/produkt\/elf-bar-cr2500-einweg-vape-1000mah-2500zuege\/\",\"name\":\"ELF BAR CR2500 Einweg Vape 1000mAh 2500Z\u00fcge | ElementVape.de\",\"isPartOf\":{\"@id\":\"https:\/\/www.elementvape.de\/#website\"},\"primaryImageOfPage\":{\"@id\":\"https:\/\/www.elementvape.de\/produkt\/elf-bar-cr2500-einweg-vape-1000mah-2500zuege\/#primaryimage\"},\"image\":{\"@id\":\"https:\/\/www.elementvape.de\/produkt\/elf-bar-cr2500-einweg-vape-1000mah-2500zuege\/#primaryimage\"},\"thumbnailUrl\":\"https:\/\/www.elementvape.de\/wp-content\/uploads\/2024\/05\/ELF-BAR-CR2500-Disposable-vape-1000mAh-5-275392.webp\",\"datePublished\":\"2024-05-27T08:33:30+00:00\",\"dateModified\":\"2024-09-12T10:36:45+00:00\",\"description\":\"Wir bieten ELF BAR CR2500 Einweg Vape 1000mAh 2500Z\u00fcge , Elementvape.de akzeptieren Gro\u00df-und Einzelhandel Bestellungen.\",\"breadcrumb\":{\"@id\":\"https:\/\/www.elementvape.de\/produkt\/elf-bar-cr2500-einweg-vape-1000mah-2500zuege\/#breadcrumb\"},\"inLanguage\":\"en-US\",\"potentialAction\":[{\"@type\":\"ReadAction\",\"target\":[\"https:\/\/www.elementvape.de\/produkt\/elf-bar-cr2500-einweg-vape-1000mah-2500zuege\/\"]}]},{\"@type\":\"ImageObject\",\"inLanguage\":\"en-US\",\"@id\":\"https:\/\/www.elementvape.de\/produkt\/elf-bar-cr2500-einweg-vape-1000mah-2500zuege\/#primaryimage\",\"url\":\"https:\/\/www.elementvape.de\/wp-content\/uploads\/2024\/05\/ELF-BAR-CR2500-Disposable-vape-1000mAh-5-275392.webp\",\"contentUrl\":\"https:\/\/www.elementvape.de\/wp-content\/uploads\/2024\/05\/ELF-BAR-CR2500-Disposable-vape-1000mAh-5-275392.webp\",\"width\":600,\"height\":600,\"caption\":\"ELF-BAR-CR2500-Disposable-vape-1000mAh-5-275392\"},{\"@type\":\"BreadcrumbList\",\"@id\":\"https:\/\/www.elementvape.de\/produkt\/elf-bar-cr2500-einweg-vape-1000mah-2500zuege\/#breadcrumb\",\"itemListElement\":[{\"@type\":\"ListItem\",\"position\":1,\"name\":\"Home\",\"item\":\"https:\/\/www.elementvape.de\/\"},{\"@type\":\"ListItem\",\"position\":2,\"name\":\"Shop\",\"item\":\"https:\/\/www.elementvape.de\/shop\/\"},{\"@type\":\"ListItem\",\"position\":3,\"name\":\"ELF BAR CR2500 Einweg Vape 1000mAh 2500Z\u00fcge\"}]},{\"@type\":\"WebSite\",\"@id\":\"https:\/\/www.elementvape.de\/#website\",\"url\":\"https:\/\/www.elementvape.de\/\",\"name\":\"ElementVape.de\",\"description\":\"\",\"publisher\":{\"@id\":\"https:\/\/www.elementvape.de\/#organization\"},\"potentialAction\":[{\"@type\":\"SearchAction\",\"target\":{\"@type\":\"EntryPoint\",\"urlTemplate\":\"https:\/\/www.elementvape.de\/?s={search_term_string}\"},\"query-input\":\"required name=search_term_string\"}],\"inLanguage\":\"en-US\"},{\"@type\":\"Organization\",\"@id\":\"https:\/\/www.elementvape.de\/#organization\",\"name\":\"ElementVape.DE\",\"url\":\"https:\/\/www.elementvape.de\/\",\"logo\":{\"@type\":\"ImageObject\",\"inLanguage\":\"en-US\",\"@id\":\"https:\/\/www.elementvape.de\/#\/schema\/logo\/image\/\",\"url\":\"https:\/\/www.elementvape.de\/wp-content\/uploads\/2024\/09\/cropped-1elementvape-3.png\",\"contentUrl\":\"https:\/\/www.elementvape.de\/wp-content\/uploads\/2024\/09\/cropped-1elementvape-3.png\",\"width\":285,\"height\":228,\"caption\":\"ElementVape.DE\"},\"image\":{\"@id\":\"https:\/\/www.elementvape.de\/#\/schema\/logo\/image\/\"}}]}<\/script>\n<!-- \/ Yoast SEO plugin. -->","yoast_head_json":{"title":"ELF BAR CR2500 Einweg Vape 1000mAh 2500Z\u00fcge | ElementVape.de","description":"Wir bieten ELF BAR CR2500 Einweg Vape 1000mAh 2500Z\u00fcge , Elementvape.de akzeptieren Gro\u00df-und Einzelhandel Bestellungen.","robots":{"index":"index","follow":"follow","max-snippet":"max-snippet:-1","max-image-preview":"max-image-preview:large","max-video-preview":"max-video-preview:-1"},"canonical":"https:\/\/www.elementvape.de\/en\/produkt\/elf-bar-cr2500-einweg-vape-1000mah-2500zuege\/","og_locale":"en_US","og_type":"article","og_title":"ELF BAR CR2500 Einweg Vape 1000mAh 2500Z\u00fcge | ElementVape.de","og_description":"Wir bieten ELF BAR CR2500 Einweg Vape 1000mAh 2500Z\u00fcge , Elementvape.de akzeptieren Gro\u00df-und Einzelhandel Bestellungen.","og_url":"https:\/\/www.elementvape.de\/en\/produkt\/elf-bar-cr2500-einweg-vape-1000mah-2500zuege\/","og_site_name":"ElementVape.de","article_modified_time":"2024-09-12T10:36:45+00:00","og_image":[{"width":600,"height":600,"url":"https:\/\/www.elementvape.de\/wp-content\/uploads\/2024\/05\/ELF-BAR-CR2500-Disposable-vape-1000mAh-5-275392.webp","type":"image\/webp"}],"twitter_card":"summary_large_image","twitter_misc":{"Est. reading time":"1 minute"},"schema":{"@context":"https:\/\/schema.org","@graph":[{"@type":"WebPage","@id":"https:\/\/www.elementvape.de\/produkt\/elf-bar-cr2500-einweg-vape-1000mah-2500zuege\/","url":"https:\/\/www.elementvape.de\/produkt\/elf-bar-cr2500-einweg-vape-1000mah-2500zuege\/","name":"ELF BAR CR2500 Einweg Vape 1000mAh 2500Z\u00fcge | ElementVape.de","isPartOf":{"@id":"https:\/\/www.elementvape.de\/#website"},"primaryImageOfPage":{"@id":"https:\/\/www.elementvape.de\/produkt\/elf-bar-cr2500-einweg-vape-1000mah-2500zuege\/#primaryimage"},"image":{"@id":"https:\/\/www.elementvape.de\/produkt\/elf-bar-cr2500-einweg-vape-1000mah-2500zuege\/#primaryimage"},"thumbnailUrl":"https:\/\/www.elementvape.de\/wp-content\/uploads\/2024\/05\/ELF-BAR-CR2500-Disposable-vape-1000mAh-5-275392.webp","datePublished":"2024-05-27T08:33:30+00:00","dateModified":"2024-09-12T10:36:45+00:00","description":"Wir bieten ELF BAR CR2500 Einweg Vape 1000mAh 2500Z\u00fcge , Elementvape.de akzeptieren Gro\u00df-und Einzelhandel Bestellungen.","breadcrumb":{"@id":"https:\/\/www.elementvape.de\/produkt\/elf-bar-cr2500-einweg-vape-1000mah-2500zuege\/#breadcrumb"},"inLanguage":"en-US","potentialAction":[{"@type":"ReadAction","target":["https:\/\/www.elementvape.de\/produkt\/elf-bar-cr2500-einweg-vape-1000mah-2500zuege\/"]}]},{"@type":"ImageObject","inLanguage":"en-US","@id":"https:\/\/www.elementvape.de\/produkt\/elf-bar-cr2500-einweg-vape-1000mah-2500zuege\/#primaryimage","url":"https:\/\/www.elementvape.de\/wp-content\/uploads\/2024\/05\/ELF-BAR-CR2500-Disposable-vape-1000mAh-5-275392.webp","contentUrl":"https:\/\/www.elementvape.de\/wp-content\/uploads\/2024\/05\/ELF-BAR-CR2500-Disposable-vape-1000mAh-5-275392.webp","width":600,"height":600,"caption":"ELF-BAR-CR2500-Disposable-vape-1000mAh-5-275392"},{"@type":"BreadcrumbList","@id":"https:\/\/www.elementvape.de\/produkt\/elf-bar-cr2500-einweg-vape-1000mah-2500zuege\/#breadcrumb","itemListElement":[{"@type":"ListItem","position":1,"name":"Home","item":"https:\/\/www.elementvape.de\/"},{"@type":"ListItem","position":2,"name":"Shop","item":"https:\/\/www.elementvape.de\/shop\/"},{"@type":"ListItem","position":3,"name":"ELF BAR CR2500 Einweg Vape 1000mAh 2500Z\u00fcge"}]},{"@type":"WebSite","@id":"https:\/\/www.elementvape.de\/#website","url":"https:\/\/www.elementvape.de\/","name":"ElementVape.de","description":"","publisher":{"@id":"https:\/\/www.elementvape.de\/#organization"},"potentialAction":[{"@type":"SearchAction","target":{"@type":"EntryPoint","urlTemplate":"https:\/\/www.elementvape.de\/?s={search_term_string}"},"query-input":"required name=search_term_string"}],"inLanguage":"en-US"},{"@type":"Organization","@id":"https:\/\/www.elementvape.de\/#organization","name":"ElementVape.DE","url":"https:\/\/www.elementvape.de\/","logo":{"@type":"ImageObject","inLanguage":"en-US","@id":"https:\/\/www.elementvape.de\/#\/schema\/logo\/image\/","url":"https:\/\/www.elementvape.de\/wp-content\/uploads\/2024\/09\/cropped-1elementvape-3.png","contentUrl":"https:\/\/www.elementvape.de\/wp-content\/uploads\/2024\/09\/cropped-1elementvape-3.png","width":285,"height":228,"caption":"ElementVape.DE"},"image":{"@id":"https:\/\/www.elementvape.de\/#\/schema\/logo\/image\/"}}]}},"_links":{"self":[{"href":"https:\/\/www.elementvape.de\/en\/wp-json\/wp\/v2\/product\/10904"}],"collection":[{"href":"https:\/\/www.elementvape.de\/en\/wp-json\/wp\/v2\/product"}],"about":[{"href":"https:\/\/www.elementvape.de\/en\/wp-json\/wp\/v2\/types\/product"}],"wp:featuredmedia":[{"embeddable":true,"href":"https:\/\/www.elementvape.de\/en\/wp-json\/wp\/v2\/media\/10905"}],"wp:attachment":[{"href":"https:\/\/www.elementvape.de\/en\/wp-json\/wp\/v2\/media?parent=10904"}],"wp:term":[{"taxonomy":"product_cat","embeddable":true,"href":"https:\/\/www.elementvape.de\/en\/wp-json\/wp\/v2\/product_cat?post=10904"},{"taxonomy":"product_tag","embeddable":true,"href":"https:\/\/www.elementvape.de\/en\/wp-json\/wp\/v2\/product_tag?post=10904"}],"curies":[{"name":"wp","href":"https:\/\/api.w.org\/{rel}","templated":true}]}}