{"id":10885,"date":"2024-05-27T08:14:12","date_gmt":"2024-05-27T08:14:12","guid":{"rendered":"https:\/\/www.elementvape.de\/?post_type=product&#038;p=10885"},"modified":"2024-09-12T10:31:34","modified_gmt":"2024-09-12T10:31:34","slug":"elf-bar-2500-einweg-vape-2500-zuege-1400mah","status":"publish","type":"product","link":"https:\/\/www.elementvape.de\/en\/produkt\/elf-bar-2500-einweg-vape-2500-zuege-1400mah\/","title":{"rendered":"ELF BAR 2500 Disposable Vape 2500 Puffs 1400mAh"},"content":{"rendered":"<div class=\"card__header\">\n<h2 class=\"card__title heading h3\">Description<\/h2>\n<\/div>\n<div class=\"card__section\">\n<div class=\"rte text--pull\">\n<p><strong><a title=\"Elfbar\" href=\"https:\/\/www.elementvape.de\/en\/product-brand\/elfbar\/\">Elf Bar<\/a><\/strong>\u00a02500 Disposable Vape comes with 1400 mAh more battery capacity and 8 ml more pre-filled e-liquid, so you can vape satisfactorily all day long. And the Elf bar 2500 Disposable Vape features stylish color gradients and a matte surface to be more attractive and feel smooth. With its vertical dual-coil structure, the Elf bar 2500 Disposable Vape must provide you with pure flavor. Fruity flavors meet your different needs. Simply get the Elf bar 2500 Disposable Vape and enjoy vaping.<\/p>\n<h3>Parameters:<\/h3>\n<p>Size: 108 x 23 mm<br \/>\nE-liquid capacity: 8 ml<br \/>\nNicotine strength: 5 %\/2 %\/2 % SE<br \/>\nBattery capacity: 1400 mAh<br \/>\nPuffs: 2500 puffs<\/p>\n<p>The vertical dual-coil structure ensures the purity of the flavor<br \/>\nLarger battery capacity and larger e-liquid capacity<br \/>\nStylish color gradients with smooth feel<br \/>\nFruity flavors meet different needs<\/p>\n<h3>Included in the package:<\/h3>\n<p>1 \u00d7 Elf bar 2500 Disposable Vape 1400 mAh<\/p>\n<\/div>\n<\/div>","protected":false},"excerpt":{"rendered":"<p>Beschreibung Elf bar\u00a02500 Disposable Vape kommt mit 1400 mAh mehr Akkukapazit\u00e4t und 8 ml mehr vorgef\u00fcllter E-Fl\u00fcssigkeit, damit Sie den ganzen Tag lang zufriedenstellend dampfen k\u00f6nnen. Und der Elf bar 2500 Disposable Vape hat stilvolle Farbverl\u00e4ufe und eine matte Oberfl\u00e4che, um attraktiver zu sein und sich glatt anzuf\u00fchlen. Mit seiner vertikalen Doppelspulenstruktur muss der Elf [&hellip;]<\/p>","protected":false},"featured_media":10886,"template":"","meta":{"inline_featured_image":false},"product_cat":[15,78,750,737,736,749],"product_tag":[676],"tiered_pricing_type":"fixed","tiered_pricing_fixed_rules":[],"tiered_pricing_percentage_rules":[],"tiered_pricing_minimum":1,"_administrator_tiered_pricing_type":"fixed","_administrator_tiered_pricing_fixed_rules":[],"_editor_tiered_pricing_type":"fixed","_editor_tiered_pricing_fixed_rules":[],"_author_tiered_pricing_type":"fixed","_author_tiered_pricing_fixed_rules":[],"_contributor_tiered_pricing_type":"fixed","_contributor_tiered_pricing_fixed_rules":[],"_subscriber_tiered_pricing_type":"fixed","_subscriber_tiered_pricing_fixed_rules":[],"_customer_tiered_pricing_type":"fixed","_customer_tiered_pricing_fixed_rules":[],"_shop_manager_tiered_pricing_type":"fixed","_shop_manager_tiered_pricing_fixed_rules":[],"_wpseo_manager_tiered_pricing_type":"fixed","_wpseo_manager_tiered_pricing_fixed_rules":[],"_wpseo_editor_tiered_pricing_type":"fixed","_wpseo_editor_tiered_pricing_fixed_rules":[],"_wholesale_customer_tiered_pricing_type":"fixed","_wholesale_customer_tiered_pricing_fixed_rules":[],"_marketer_tiered_pricing_type":"fixed","_marketer_tiered_pricing_fixed_rules":[],"_sales_manager_tiered_pricing_type":"fixed","_sales_manager_tiered_pricing_fixed_rules":[],"_sales_rep_tiered_pricing_type":"fixed","_sales_rep_tiered_pricing_fixed_rules":[],"yoast_head":"<!-- This site is optimized with the Yoast SEO plugin v23.3 - https:\/\/yoast.com\/wordpress\/plugins\/seo\/ -->\n<title>ELF BAR 2500 Einweg-Vape 2500 Z\u00fcge 1400mAh | ElementVape.de<\/title>\n<meta name=\"description\" content=\"Wir bieten ELF BAR 2500 Einweg-Vape 2500 Z\u00fcge 1400mAh , Elementvape.de akzeptieren Gro\u00df-und Einzelhandel Bestellungen.\" \/>\n<meta name=\"robots\" content=\"index, follow, max-snippet:-1, max-image-preview:large, max-video-preview:-1\" \/>\n<link rel=\"canonical\" href=\"https:\/\/www.elementvape.de\/en\/produkt\/elf-bar-2500-einweg-vape-2500-zuege-1400mah\/\" \/>\n<meta property=\"og:locale\" content=\"en_US\" \/>\n<meta property=\"og:type\" content=\"article\" \/>\n<meta property=\"og:title\" content=\"ELF BAR 2500 Einweg-Vape 2500 Z\u00fcge 1400mAh | ElementVape.de\" \/>\n<meta property=\"og:description\" content=\"Wir bieten ELF BAR 2500 Einweg-Vape 2500 Z\u00fcge 1400mAh , Elementvape.de akzeptieren Gro\u00df-und Einzelhandel Bestellungen.\" \/>\n<meta property=\"og:url\" content=\"https:\/\/www.elementvape.de\/en\/produkt\/elf-bar-2500-einweg-vape-2500-zuege-1400mah\/\" \/>\n<meta property=\"og:site_name\" content=\"ElementVape.de\" \/>\n<meta property=\"article:modified_time\" content=\"2024-09-12T10:31:34+00:00\" \/>\n<meta property=\"og:image\" content=\"https:\/\/www.elementvape.de\/wp-content\/uploads\/2024\/05\/ELF-BAR-2500-Disposable-Vape-1400mAh.webp\" \/>\n\t<meta property=\"og:image:width\" content=\"600\" \/>\n\t<meta property=\"og:image:height\" content=\"600\" \/>\n\t<meta property=\"og:image:type\" content=\"image\/webp\" \/>\n<meta name=\"twitter:card\" content=\"summary_large_image\" \/>\n<meta name=\"twitter:label1\" content=\"Est. reading time\" \/>\n\t<meta name=\"twitter:data1\" content=\"1 minute\" \/>\n<script type=\"application\/ld+json\" class=\"yoast-schema-graph\">{\"@context\":\"https:\/\/schema.org\",\"@graph\":[{\"@type\":\"WebPage\",\"@id\":\"https:\/\/www.elementvape.de\/sk\/produkt\/elf-bar-2500-einweg-vape-2500-zuege-1400mah\/\",\"url\":\"https:\/\/www.elementvape.de\/sk\/produkt\/elf-bar-2500-einweg-vape-2500-zuege-1400mah\/\",\"name\":\"ELF BAR 2500 Einweg-Vape 2500 Z\u00fcge 1400mAh | ElementVape.de\",\"isPartOf\":{\"@id\":\"https:\/\/www.elementvape.de\/#website\"},\"primaryImageOfPage\":{\"@id\":\"https:\/\/www.elementvape.de\/sk\/produkt\/elf-bar-2500-einweg-vape-2500-zuege-1400mah\/#primaryimage\"},\"image\":{\"@id\":\"https:\/\/www.elementvape.de\/sk\/produkt\/elf-bar-2500-einweg-vape-2500-zuege-1400mah\/#primaryimage\"},\"thumbnailUrl\":\"https:\/\/www.elementvape.de\/wp-content\/uploads\/2024\/05\/ELF-BAR-2500-Disposable-Vape-1400mAh.webp\",\"datePublished\":\"2024-05-27T08:14:12+00:00\",\"dateModified\":\"2024-09-12T10:31:34+00:00\",\"description\":\"Wir bieten ELF BAR 2500 Einweg-Vape 2500 Z\u00fcge 1400mAh , Elementvape.de akzeptieren Gro\u00df-und Einzelhandel Bestellungen.\",\"breadcrumb\":{\"@id\":\"https:\/\/www.elementvape.de\/sk\/produkt\/elf-bar-2500-einweg-vape-2500-zuege-1400mah\/#breadcrumb\"},\"inLanguage\":\"en-US\",\"potentialAction\":[{\"@type\":\"ReadAction\",\"target\":[\"https:\/\/www.elementvape.de\/sk\/produkt\/elf-bar-2500-einweg-vape-2500-zuege-1400mah\/\"]}]},{\"@type\":\"ImageObject\",\"inLanguage\":\"en-US\",\"@id\":\"https:\/\/www.elementvape.de\/sk\/produkt\/elf-bar-2500-einweg-vape-2500-zuege-1400mah\/#primaryimage\",\"url\":\"https:\/\/www.elementvape.de\/wp-content\/uploads\/2024\/05\/ELF-BAR-2500-Disposable-Vape-1400mAh.webp\",\"contentUrl\":\"https:\/\/www.elementvape.de\/wp-content\/uploads\/2024\/05\/ELF-BAR-2500-Disposable-Vape-1400mAh.webp\",\"width\":600,\"height\":600,\"caption\":\"ELF-BAR-2500-Disposable-Vape-1400mAh\"},{\"@type\":\"BreadcrumbList\",\"@id\":\"https:\/\/www.elementvape.de\/sk\/produkt\/elf-bar-2500-einweg-vape-2500-zuege-1400mah\/#breadcrumb\",\"itemListElement\":[{\"@type\":\"ListItem\",\"position\":1,\"name\":\"Home\",\"item\":\"https:\/\/www.elementvape.de\/\"},{\"@type\":\"ListItem\",\"position\":2,\"name\":\"Shop\",\"item\":\"https:\/\/www.elementvape.de\/shop\/\"},{\"@type\":\"ListItem\",\"position\":3,\"name\":\"ELF BAR 2500 Einweg-Vape 2500 Z\u00fcge 1400mAh\"}]},{\"@type\":\"WebSite\",\"@id\":\"https:\/\/www.elementvape.de\/#website\",\"url\":\"https:\/\/www.elementvape.de\/\",\"name\":\"ElementVape.de\",\"description\":\"\",\"publisher\":{\"@id\":\"https:\/\/www.elementvape.de\/#organization\"},\"potentialAction\":[{\"@type\":\"SearchAction\",\"target\":{\"@type\":\"EntryPoint\",\"urlTemplate\":\"https:\/\/www.elementvape.de\/?s={search_term_string}\"},\"query-input\":\"required name=search_term_string\"}],\"inLanguage\":\"en-US\"},{\"@type\":\"Organization\",\"@id\":\"https:\/\/www.elementvape.de\/#organization\",\"name\":\"ElementVape.DE\",\"url\":\"https:\/\/www.elementvape.de\/\",\"logo\":{\"@type\":\"ImageObject\",\"inLanguage\":\"en-US\",\"@id\":\"https:\/\/www.elementvape.de\/#\/schema\/logo\/image\/\",\"url\":\"https:\/\/www.elementvape.de\/wp-content\/uploads\/2024\/09\/cropped-1elementvape-3.png\",\"contentUrl\":\"https:\/\/www.elementvape.de\/wp-content\/uploads\/2024\/09\/cropped-1elementvape-3.png\",\"width\":285,\"height\":228,\"caption\":\"ElementVape.DE\"},\"image\":{\"@id\":\"https:\/\/www.elementvape.de\/#\/schema\/logo\/image\/\"}}]}<\/script>\n<!-- \/ Yoast SEO plugin. -->","yoast_head_json":{"title":"ELF BAR 2500 Einweg-Vape 2500 Z\u00fcge 1400mAh | ElementVape.de","description":"Wir bieten ELF BAR 2500 Einweg-Vape 2500 Z\u00fcge 1400mAh , Elementvape.de akzeptieren Gro\u00df-und Einzelhandel Bestellungen.","robots":{"index":"index","follow":"follow","max-snippet":"max-snippet:-1","max-image-preview":"max-image-preview:large","max-video-preview":"max-video-preview:-1"},"canonical":"https:\/\/www.elementvape.de\/en\/produkt\/elf-bar-2500-einweg-vape-2500-zuege-1400mah\/","og_locale":"en_US","og_type":"article","og_title":"ELF BAR 2500 Einweg-Vape 2500 Z\u00fcge 1400mAh | ElementVape.de","og_description":"Wir bieten ELF BAR 2500 Einweg-Vape 2500 Z\u00fcge 1400mAh , Elementvape.de akzeptieren Gro\u00df-und Einzelhandel Bestellungen.","og_url":"https:\/\/www.elementvape.de\/en\/produkt\/elf-bar-2500-einweg-vape-2500-zuege-1400mah\/","og_site_name":"ElementVape.de","article_modified_time":"2024-09-12T10:31:34+00:00","og_image":[{"width":600,"height":600,"url":"https:\/\/www.elementvape.de\/wp-content\/uploads\/2024\/05\/ELF-BAR-2500-Disposable-Vape-1400mAh.webp","type":"image\/webp"}],"twitter_card":"summary_large_image","twitter_misc":{"Est. reading time":"1 minute"},"schema":{"@context":"https:\/\/schema.org","@graph":[{"@type":"WebPage","@id":"https:\/\/www.elementvape.de\/sk\/produkt\/elf-bar-2500-einweg-vape-2500-zuege-1400mah\/","url":"https:\/\/www.elementvape.de\/sk\/produkt\/elf-bar-2500-einweg-vape-2500-zuege-1400mah\/","name":"ELF BAR 2500 Einweg-Vape 2500 Z\u00fcge 1400mAh | ElementVape.de","isPartOf":{"@id":"https:\/\/www.elementvape.de\/#website"},"primaryImageOfPage":{"@id":"https:\/\/www.elementvape.de\/sk\/produkt\/elf-bar-2500-einweg-vape-2500-zuege-1400mah\/#primaryimage"},"image":{"@id":"https:\/\/www.elementvape.de\/sk\/produkt\/elf-bar-2500-einweg-vape-2500-zuege-1400mah\/#primaryimage"},"thumbnailUrl":"https:\/\/www.elementvape.de\/wp-content\/uploads\/2024\/05\/ELF-BAR-2500-Disposable-Vape-1400mAh.webp","datePublished":"2024-05-27T08:14:12+00:00","dateModified":"2024-09-12T10:31:34+00:00","description":"Wir bieten ELF BAR 2500 Einweg-Vape 2500 Z\u00fcge 1400mAh , Elementvape.de akzeptieren Gro\u00df-und Einzelhandel Bestellungen.","breadcrumb":{"@id":"https:\/\/www.elementvape.de\/sk\/produkt\/elf-bar-2500-einweg-vape-2500-zuege-1400mah\/#breadcrumb"},"inLanguage":"en-US","potentialAction":[{"@type":"ReadAction","target":["https:\/\/www.elementvape.de\/sk\/produkt\/elf-bar-2500-einweg-vape-2500-zuege-1400mah\/"]}]},{"@type":"ImageObject","inLanguage":"en-US","@id":"https:\/\/www.elementvape.de\/sk\/produkt\/elf-bar-2500-einweg-vape-2500-zuege-1400mah\/#primaryimage","url":"https:\/\/www.elementvape.de\/wp-content\/uploads\/2024\/05\/ELF-BAR-2500-Disposable-Vape-1400mAh.webp","contentUrl":"https:\/\/www.elementvape.de\/wp-content\/uploads\/2024\/05\/ELF-BAR-2500-Disposable-Vape-1400mAh.webp","width":600,"height":600,"caption":"ELF-BAR-2500-Disposable-Vape-1400mAh"},{"@type":"BreadcrumbList","@id":"https:\/\/www.elementvape.de\/sk\/produkt\/elf-bar-2500-einweg-vape-2500-zuege-1400mah\/#breadcrumb","itemListElement":[{"@type":"ListItem","position":1,"name":"Home","item":"https:\/\/www.elementvape.de\/"},{"@type":"ListItem","position":2,"name":"Shop","item":"https:\/\/www.elementvape.de\/shop\/"},{"@type":"ListItem","position":3,"name":"ELF BAR 2500 Einweg-Vape 2500 Z\u00fcge 1400mAh"}]},{"@type":"WebSite","@id":"https:\/\/www.elementvape.de\/#website","url":"https:\/\/www.elementvape.de\/","name":"ElementVape.de","description":"","publisher":{"@id":"https:\/\/www.elementvape.de\/#organization"},"potentialAction":[{"@type":"SearchAction","target":{"@type":"EntryPoint","urlTemplate":"https:\/\/www.elementvape.de\/?s={search_term_string}"},"query-input":"required name=search_term_string"}],"inLanguage":"en-US"},{"@type":"Organization","@id":"https:\/\/www.elementvape.de\/#organization","name":"ElementVape.DE","url":"https:\/\/www.elementvape.de\/","logo":{"@type":"ImageObject","inLanguage":"en-US","@id":"https:\/\/www.elementvape.de\/#\/schema\/logo\/image\/","url":"https:\/\/www.elementvape.de\/wp-content\/uploads\/2024\/09\/cropped-1elementvape-3.png","contentUrl":"https:\/\/www.elementvape.de\/wp-content\/uploads\/2024\/09\/cropped-1elementvape-3.png","width":285,"height":228,"caption":"ElementVape.DE"},"image":{"@id":"https:\/\/www.elementvape.de\/#\/schema\/logo\/image\/"}}]}},"_links":{"self":[{"href":"https:\/\/www.elementvape.de\/en\/wp-json\/wp\/v2\/product\/10885"}],"collection":[{"href":"https:\/\/www.elementvape.de\/en\/wp-json\/wp\/v2\/product"}],"about":[{"href":"https:\/\/www.elementvape.de\/en\/wp-json\/wp\/v2\/types\/product"}],"wp:featuredmedia":[{"embeddable":true,"href":"https:\/\/www.elementvape.de\/en\/wp-json\/wp\/v2\/media\/10886"}],"wp:attachment":[{"href":"https:\/\/www.elementvape.de\/en\/wp-json\/wp\/v2\/media?parent=10885"}],"wp:term":[{"taxonomy":"product_cat","embeddable":true,"href":"https:\/\/www.elementvape.de\/en\/wp-json\/wp\/v2\/product_cat?post=10885"},{"taxonomy":"product_tag","embeddable":true,"href":"https:\/\/www.elementvape.de\/en\/wp-json\/wp\/v2\/product_tag?post=10885"}],"curies":[{"name":"wp","href":"https:\/\/api.w.org\/{rel}","templated":true}]}}