{"id":10757,"date":"2024-05-27T06:26:10","date_gmt":"2024-05-27T06:26:10","guid":{"rendered":"https:\/\/www.elementvape.de\/?post_type=product&#038;p=10757"},"modified":"2024-09-12T10:31:38","modified_gmt":"2024-09-12T10:31:38","slug":"elf-bar-bc3500-einweg-vape-3500-zuege-650mah","status":"publish","type":"product","link":"https:\/\/www.elementvape.de\/en\/produkt\/elf-bar-bc3500-einweg-vape-3500-zuege-650mah\/","title":{"rendered":"ELF BAR BC3500 Disposable Vape 3500 Puffs 650mAh"},"content":{"rendered":"<div class=\"card__header\">\n<h2 class=\"card__title heading h3\"><span>Description<\/span><\/h2>\n<\/div>\n<div class=\"card__section\">\n<div class=\"rte text--pull\"><span>Product Introduction:<\/span><br \/>\n<strong><a title=\"Elfbar\" href=\"https:\/\/www.elementvape.de\/en\/product-brand\/elfbar\/\">Elf Bar<\/a><\/strong><span>\u00a0BC3500 Disposable Vape, made in a new bottle shape with portable size for an unprecedented user experience. The Elf Bar BC3500 Disposable Vape can support 3500 puffs with the built-in 650mAh battery and 10.5ml pre-filled juice. And the Elf Bar BC3500 Disposable Vape features dual coils with exceptional flavors. Contrasting color combinations provide more enjoyment. Simply get the beautiful Elf Bar BC3500 device and enjoy the purest taste.<\/span><\/p>\n<p><span>Parameters<\/span><br \/>\n<span>Size: 69 mm x 41 mm x 19 mm<\/span><br \/>\n<span>E-Liquid Capacity: 10.5 ml<\/span><br \/>\n<span>Nicotine strength: 50 mg (5 %)<\/span><br \/>\n<span>Battery capacity: 650 mAh<\/span><br \/>\n<span>Puffs: 3500 puffs<\/span><\/p>\n<p><span>Bottle-shaped design and compact size<\/span><br \/>\n<span>Dual coil with exceptional flavors for purest taste<\/span><br \/>\n<span>650 mAh rechargeable battery and 10.5 ml pre-filled pod<\/span><br \/>\n<span>3500 puffs, small box with great performance<\/span><br \/>\n<span>Contrasting color combination for more enjoyment<\/span><\/p>\n<p><span>Included in the package:<\/span><br \/>\n<span>1 \u00d7 Elf Bar BC3500 Disposable Vape 650 mAh (rechargeable)<\/span><\/div>\n<\/div>","protected":false},"excerpt":{"rendered":"<p>Beschreibung Produkteinf\u00fchrung: Elf Bar\u00a0BC3500 Disposable Vape, der in einer neuen Flaschenform mit tragbarer Gr\u00f6\u00dfe f\u00fcr ein beispielloses Nutzungserlebnis hergestellt wird. Der Elf Bar BC3500 Disposable Vape kann mit dem eingebauten 650-mAh-Akku und 10,5 ml vorgef\u00fclltem Saft 3500 Z\u00fcge unterst\u00fctzen. Und der Elf Bar BC3500 Disposable Vape verf\u00fcgt \u00fcber die Doppelspule mit au\u00dfergew\u00f6hnlichen Aromen. Kontrastierende Farbkombination [&hellip;]<\/p>","protected":false},"featured_media":10758,"template":"","meta":{"inline_featured_image":false},"product_cat":[15,78,750,737,736,749],"product_tag":[],"tiered_pricing_type":"fixed","tiered_pricing_fixed_rules":[],"tiered_pricing_percentage_rules":[],"tiered_pricing_minimum":1,"_administrator_tiered_pricing_type":"fixed","_administrator_tiered_pricing_fixed_rules":[],"_editor_tiered_pricing_type":"fixed","_editor_tiered_pricing_fixed_rules":[],"_author_tiered_pricing_type":"fixed","_author_tiered_pricing_fixed_rules":[],"_contributor_tiered_pricing_type":"fixed","_contributor_tiered_pricing_fixed_rules":[],"_subscriber_tiered_pricing_type":"fixed","_subscriber_tiered_pricing_fixed_rules":[],"_customer_tiered_pricing_type":"fixed","_customer_tiered_pricing_fixed_rules":[],"_shop_manager_tiered_pricing_type":"fixed","_shop_manager_tiered_pricing_fixed_rules":[],"_wpseo_manager_tiered_pricing_type":"fixed","_wpseo_manager_tiered_pricing_fixed_rules":[],"_wpseo_editor_tiered_pricing_type":"fixed","_wpseo_editor_tiered_pricing_fixed_rules":[],"_wholesale_customer_tiered_pricing_type":"fixed","_wholesale_customer_tiered_pricing_fixed_rules":[],"_marketer_tiered_pricing_type":"fixed","_marketer_tiered_pricing_fixed_rules":[],"_sales_manager_tiered_pricing_type":"fixed","_sales_manager_tiered_pricing_fixed_rules":[],"_sales_rep_tiered_pricing_type":"fixed","_sales_rep_tiered_pricing_fixed_rules":[],"yoast_head":"<!-- This site is optimized with the Yoast SEO plugin v23.3 - https:\/\/yoast.com\/wordpress\/plugins\/seo\/ -->\n<title>ELF BAR BC3500 Einweg-Vape 3500 Z\u00fcge 650mAh | ElementVape.de<\/title>\n<meta name=\"description\" content=\"Wir bieten ELF BAR BC3500 Einweg-Vape 3500 Z\u00fcge 650mAh , Elementvape.de akzeptieren Gro\u00df-und Einzelhandel Bestellungen.\" \/>\n<meta name=\"robots\" content=\"index, follow, max-snippet:-1, max-image-preview:large, max-video-preview:-1\" \/>\n<link rel=\"canonical\" href=\"https:\/\/www.elementvape.de\/en\/produkt\/elf-bar-bc3500-einweg-vape-3500-zuege-650mah\/\" \/>\n<meta property=\"og:locale\" content=\"en_US\" \/>\n<meta property=\"og:type\" content=\"article\" \/>\n<meta property=\"og:title\" content=\"ELF BAR BC3500 Einweg-Vape 3500 Z\u00fcge 650mAh | ElementVape.de\" \/>\n<meta property=\"og:description\" content=\"Wir bieten ELF BAR BC3500 Einweg-Vape 3500 Z\u00fcge 650mAh , Elementvape.de akzeptieren Gro\u00df-und Einzelhandel Bestellungen.\" \/>\n<meta property=\"og:url\" content=\"https:\/\/www.elementvape.de\/en\/produkt\/elf-bar-bc3500-einweg-vape-3500-zuege-650mah\/\" \/>\n<meta property=\"og:site_name\" content=\"ElementVape.de\" \/>\n<meta property=\"article:modified_time\" content=\"2024-09-12T10:31:38+00:00\" \/>\n<meta property=\"og:image\" content=\"https:\/\/www.elementvape.de\/wp-content\/uploads\/2024\/05\/ELF-BAR-BC3500-Disposable-Vape-3500-puffs-747950.webp\" \/>\n\t<meta property=\"og:image:width\" content=\"600\" \/>\n\t<meta property=\"og:image:height\" content=\"600\" \/>\n\t<meta property=\"og:image:type\" content=\"image\/webp\" \/>\n<meta name=\"twitter:card\" content=\"summary_large_image\" \/>\n<meta name=\"twitter:label1\" content=\"Est. reading time\" \/>\n\t<meta name=\"twitter:data1\" content=\"2 minutes\" \/>\n<script type=\"application\/ld+json\" class=\"yoast-schema-graph\">{\"@context\":\"https:\/\/schema.org\",\"@graph\":[{\"@type\":\"WebPage\",\"@id\":\"https:\/\/www.elementvape.de\/lt\/produkt\/elf-bar-bc3500-einweg-vape-3500-zuege-650mah\/\",\"url\":\"https:\/\/www.elementvape.de\/lt\/produkt\/elf-bar-bc3500-einweg-vape-3500-zuege-650mah\/\",\"name\":\"ELF BAR BC3500 Einweg-Vape 3500 Z\u00fcge 650mAh | ElementVape.de\",\"isPartOf\":{\"@id\":\"https:\/\/www.elementvape.de\/#website\"},\"primaryImageOfPage\":{\"@id\":\"https:\/\/www.elementvape.de\/lt\/produkt\/elf-bar-bc3500-einweg-vape-3500-zuege-650mah\/#primaryimage\"},\"image\":{\"@id\":\"https:\/\/www.elementvape.de\/lt\/produkt\/elf-bar-bc3500-einweg-vape-3500-zuege-650mah\/#primaryimage\"},\"thumbnailUrl\":\"https:\/\/www.elementvape.de\/wp-content\/uploads\/2024\/05\/ELF-BAR-BC3500-Disposable-Vape-3500-puffs-747950.webp\",\"datePublished\":\"2024-05-27T06:26:10+00:00\",\"dateModified\":\"2024-09-12T10:31:38+00:00\",\"description\":\"Wir bieten ELF BAR BC3500 Einweg-Vape 3500 Z\u00fcge 650mAh , Elementvape.de akzeptieren Gro\u00df-und Einzelhandel Bestellungen.\",\"breadcrumb\":{\"@id\":\"https:\/\/www.elementvape.de\/lt\/produkt\/elf-bar-bc3500-einweg-vape-3500-zuege-650mah\/#breadcrumb\"},\"inLanguage\":\"en-US\",\"potentialAction\":[{\"@type\":\"ReadAction\",\"target\":[\"https:\/\/www.elementvape.de\/lt\/produkt\/elf-bar-bc3500-einweg-vape-3500-zuege-650mah\/\"]}]},{\"@type\":\"ImageObject\",\"inLanguage\":\"en-US\",\"@id\":\"https:\/\/www.elementvape.de\/lt\/produkt\/elf-bar-bc3500-einweg-vape-3500-zuege-650mah\/#primaryimage\",\"url\":\"https:\/\/www.elementvape.de\/wp-content\/uploads\/2024\/05\/ELF-BAR-BC3500-Disposable-Vape-3500-puffs-747950.webp\",\"contentUrl\":\"https:\/\/www.elementvape.de\/wp-content\/uploads\/2024\/05\/ELF-BAR-BC3500-Disposable-Vape-3500-puffs-747950.webp\",\"width\":600,\"height\":600,\"caption\":\"ELF-BAR-BC3500-Disposable-Vape-3500-puffs-747950\"},{\"@type\":\"BreadcrumbList\",\"@id\":\"https:\/\/www.elementvape.de\/lt\/produkt\/elf-bar-bc3500-einweg-vape-3500-zuege-650mah\/#breadcrumb\",\"itemListElement\":[{\"@type\":\"ListItem\",\"position\":1,\"name\":\"Home\",\"item\":\"https:\/\/www.elementvape.de\/\"},{\"@type\":\"ListItem\",\"position\":2,\"name\":\"Shop\",\"item\":\"https:\/\/www.elementvape.de\/shop\/\"},{\"@type\":\"ListItem\",\"position\":3,\"name\":\"ELF BAR BC3500 Einweg-Vape 3500 Z\u00fcge 650mAh\"}]},{\"@type\":\"WebSite\",\"@id\":\"https:\/\/www.elementvape.de\/#website\",\"url\":\"https:\/\/www.elementvape.de\/\",\"name\":\"ElementVape.de\",\"description\":\"\",\"publisher\":{\"@id\":\"https:\/\/www.elementvape.de\/#organization\"},\"potentialAction\":[{\"@type\":\"SearchAction\",\"target\":{\"@type\":\"EntryPoint\",\"urlTemplate\":\"https:\/\/www.elementvape.de\/?s={search_term_string}\"},\"query-input\":\"required name=search_term_string\"}],\"inLanguage\":\"en-US\"},{\"@type\":\"Organization\",\"@id\":\"https:\/\/www.elementvape.de\/#organization\",\"name\":\"ElementVape.DE\",\"url\":\"https:\/\/www.elementvape.de\/\",\"logo\":{\"@type\":\"ImageObject\",\"inLanguage\":\"en-US\",\"@id\":\"https:\/\/www.elementvape.de\/#\/schema\/logo\/image\/\",\"url\":\"https:\/\/www.elementvape.de\/wp-content\/uploads\/2024\/09\/cropped-1elementvape-3.png\",\"contentUrl\":\"https:\/\/www.elementvape.de\/wp-content\/uploads\/2024\/09\/cropped-1elementvape-3.png\",\"width\":285,\"height\":228,\"caption\":\"ElementVape.DE\"},\"image\":{\"@id\":\"https:\/\/www.elementvape.de\/#\/schema\/logo\/image\/\"}}]}<\/script>\n<!-- \/ Yoast SEO plugin. -->","yoast_head_json":{"title":"ELF BAR BC3500 Einweg-Vape 3500 Z\u00fcge 650mAh | ElementVape.de","description":"Wir bieten ELF BAR BC3500 Einweg-Vape 3500 Z\u00fcge 650mAh , Elementvape.de akzeptieren Gro\u00df-und Einzelhandel Bestellungen.","robots":{"index":"index","follow":"follow","max-snippet":"max-snippet:-1","max-image-preview":"max-image-preview:large","max-video-preview":"max-video-preview:-1"},"canonical":"https:\/\/www.elementvape.de\/en\/produkt\/elf-bar-bc3500-einweg-vape-3500-zuege-650mah\/","og_locale":"en_US","og_type":"article","og_title":"ELF BAR BC3500 Einweg-Vape 3500 Z\u00fcge 650mAh | ElementVape.de","og_description":"Wir bieten ELF BAR BC3500 Einweg-Vape 3500 Z\u00fcge 650mAh , Elementvape.de akzeptieren Gro\u00df-und Einzelhandel Bestellungen.","og_url":"https:\/\/www.elementvape.de\/en\/produkt\/elf-bar-bc3500-einweg-vape-3500-zuege-650mah\/","og_site_name":"ElementVape.de","article_modified_time":"2024-09-12T10:31:38+00:00","og_image":[{"width":600,"height":600,"url":"https:\/\/www.elementvape.de\/wp-content\/uploads\/2024\/05\/ELF-BAR-BC3500-Disposable-Vape-3500-puffs-747950.webp","type":"image\/webp"}],"twitter_card":"summary_large_image","twitter_misc":{"Est. reading time":"2 minutes"},"schema":{"@context":"https:\/\/schema.org","@graph":[{"@type":"WebPage","@id":"https:\/\/www.elementvape.de\/lt\/produkt\/elf-bar-bc3500-einweg-vape-3500-zuege-650mah\/","url":"https:\/\/www.elementvape.de\/lt\/produkt\/elf-bar-bc3500-einweg-vape-3500-zuege-650mah\/","name":"ELF BAR BC3500 Einweg-Vape 3500 Z\u00fcge 650mAh | ElementVape.de","isPartOf":{"@id":"https:\/\/www.elementvape.de\/#website"},"primaryImageOfPage":{"@id":"https:\/\/www.elementvape.de\/lt\/produkt\/elf-bar-bc3500-einweg-vape-3500-zuege-650mah\/#primaryimage"},"image":{"@id":"https:\/\/www.elementvape.de\/lt\/produkt\/elf-bar-bc3500-einweg-vape-3500-zuege-650mah\/#primaryimage"},"thumbnailUrl":"https:\/\/www.elementvape.de\/wp-content\/uploads\/2024\/05\/ELF-BAR-BC3500-Disposable-Vape-3500-puffs-747950.webp","datePublished":"2024-05-27T06:26:10+00:00","dateModified":"2024-09-12T10:31:38+00:00","description":"Wir bieten ELF BAR BC3500 Einweg-Vape 3500 Z\u00fcge 650mAh , Elementvape.de akzeptieren Gro\u00df-und Einzelhandel Bestellungen.","breadcrumb":{"@id":"https:\/\/www.elementvape.de\/lt\/produkt\/elf-bar-bc3500-einweg-vape-3500-zuege-650mah\/#breadcrumb"},"inLanguage":"en-US","potentialAction":[{"@type":"ReadAction","target":["https:\/\/www.elementvape.de\/lt\/produkt\/elf-bar-bc3500-einweg-vape-3500-zuege-650mah\/"]}]},{"@type":"ImageObject","inLanguage":"en-US","@id":"https:\/\/www.elementvape.de\/lt\/produkt\/elf-bar-bc3500-einweg-vape-3500-zuege-650mah\/#primaryimage","url":"https:\/\/www.elementvape.de\/wp-content\/uploads\/2024\/05\/ELF-BAR-BC3500-Disposable-Vape-3500-puffs-747950.webp","contentUrl":"https:\/\/www.elementvape.de\/wp-content\/uploads\/2024\/05\/ELF-BAR-BC3500-Disposable-Vape-3500-puffs-747950.webp","width":600,"height":600,"caption":"ELF-BAR-BC3500-Disposable-Vape-3500-puffs-747950"},{"@type":"BreadcrumbList","@id":"https:\/\/www.elementvape.de\/lt\/produkt\/elf-bar-bc3500-einweg-vape-3500-zuege-650mah\/#breadcrumb","itemListElement":[{"@type":"ListItem","position":1,"name":"Home","item":"https:\/\/www.elementvape.de\/"},{"@type":"ListItem","position":2,"name":"Shop","item":"https:\/\/www.elementvape.de\/shop\/"},{"@type":"ListItem","position":3,"name":"ELF BAR BC3500 Einweg-Vape 3500 Z\u00fcge 650mAh"}]},{"@type":"WebSite","@id":"https:\/\/www.elementvape.de\/#website","url":"https:\/\/www.elementvape.de\/","name":"ElementVape.de","description":"","publisher":{"@id":"https:\/\/www.elementvape.de\/#organization"},"potentialAction":[{"@type":"SearchAction","target":{"@type":"EntryPoint","urlTemplate":"https:\/\/www.elementvape.de\/?s={search_term_string}"},"query-input":"required name=search_term_string"}],"inLanguage":"en-US"},{"@type":"Organization","@id":"https:\/\/www.elementvape.de\/#organization","name":"ElementVape.DE","url":"https:\/\/www.elementvape.de\/","logo":{"@type":"ImageObject","inLanguage":"en-US","@id":"https:\/\/www.elementvape.de\/#\/schema\/logo\/image\/","url":"https:\/\/www.elementvape.de\/wp-content\/uploads\/2024\/09\/cropped-1elementvape-3.png","contentUrl":"https:\/\/www.elementvape.de\/wp-content\/uploads\/2024\/09\/cropped-1elementvape-3.png","width":285,"height":228,"caption":"ElementVape.DE"},"image":{"@id":"https:\/\/www.elementvape.de\/#\/schema\/logo\/image\/"}}]}},"_links":{"self":[{"href":"https:\/\/www.elementvape.de\/en\/wp-json\/wp\/v2\/product\/10757"}],"collection":[{"href":"https:\/\/www.elementvape.de\/en\/wp-json\/wp\/v2\/product"}],"about":[{"href":"https:\/\/www.elementvape.de\/en\/wp-json\/wp\/v2\/types\/product"}],"wp:featuredmedia":[{"embeddable":true,"href":"https:\/\/www.elementvape.de\/en\/wp-json\/wp\/v2\/media\/10758"}],"wp:attachment":[{"href":"https:\/\/www.elementvape.de\/en\/wp-json\/wp\/v2\/media?parent=10757"}],"wp:term":[{"taxonomy":"product_cat","embeddable":true,"href":"https:\/\/www.elementvape.de\/en\/wp-json\/wp\/v2\/product_cat?post=10757"},{"taxonomy":"product_tag","embeddable":true,"href":"https:\/\/www.elementvape.de\/en\/wp-json\/wp\/v2\/product_tag?post=10757"}],"curies":[{"name":"wp","href":"https:\/\/api.w.org\/{rel}","templated":true}]}}