{"id":10400,"date":"2024-05-08T08:31:27","date_gmt":"2024-05-08T08:31:27","guid":{"rendered":"https:\/\/www.elementvape.de\/?post_type=product&#038;p=10400"},"modified":"2024-09-12T10:31:46","modified_gmt":"2024-09-12T10:31:46","slug":"elf-bar-elfa-pods-2-ml","status":"publish","type":"product","link":"https:\/\/www.elementvape.de\/en\/produkt\/elf-bar-elfa-pods-2-ml\/","title":{"rendered":"ELF BAR ELFA Pods \u2013 2 ml"},"content":{"rendered":"<h2>ELFA Cartridges from ELF BAR: Contains 20 mg of nicotine<\/h2>\n<p>Elfa Pods are pre-filled liquid pods (cartridges) of the Elf Bar brand, containing 2 ml of Elfbar liquid in various flavors, in packs with 2 pods. Elfa Pods use mesh coils. This provides a rich flavor and a mild aromatic vapor.<\/p>\n<p>\u2713 Mesh coil<br \/>\n\u2713 Easy to install<br \/>\n\u2713 No coil replacement required<br \/>\n\u2713 Intense flavor until the last puff<\/p>\n<h2>What types of ELF BAR ELFA Pods are there?<\/h2>\n<h3>These are the varieties of ELFA Pods:<\/h3>\n<p>Blue Razz Lemonade: Refreshing lemonade with blue raspberries and spicy lemon.<br \/>\nPink Lemonade: Pink lemonade with strawberries, raspberries, and lemon.<br \/>\nTropical Fruits: A tropical fruit mix of mango, pineapple, papaya, and kiwi.<br \/>\nMixed Berries: A blend of blueberries, blackberries, strawberries, and raspberries.<br \/>\nApple Peach: A classic combination of juicy apples and cool peaches.<br \/>\nBanana: Frozen banana slices with a creamy texture.<br \/>\nBlueberries: A handful of fresh blueberries.<br \/>\nBlueberry Marshmallow: Sweet marshmallow with blueberry flavor and a hint of freshness.<br \/>\nBlueberry Sour Raspberry: A fruity mix of blueberries and raspberries with slight acidity and cool taste.<br \/>\nBlue Razz Lemonade: Refreshing lemonade with blue raspberries and spicy lemon.<br \/>\nCherry candies: Sweet and juicy cherry candies.<br \/>\nCola: Classic cola flavor with a cool aftertaste.<br \/>\nCranberry Grape: A fruity combination of cranberries and grapes, sweet and sour.<br \/>\nElfergy (Elfstorm): Ice-cold energy drink.<br \/>\nGrapes: The pure taste of ripe grapes with a sweet, fruity aroma.<br \/>\nKiwi Passion Fruit: A tropical blend of kiwi and passion fruit.<br \/>\nMango: Ripe mango with a sweet, creamy flavor.<br \/>\nStrawberry Ice Cream: Creamy strawberry ice cream, lightly chilled.<br \/>\nJuicy Peach: The juicy flavor of peaches with a sweet, fruity aroma.<br \/>\nStrawberry Kiwi: The sweetness of strawberries and the fruitiness of kiwi.<br \/>\nWatermelon: Juicy watermelon with a hint of coolness.<\/p>\n<p>We have extensively tested the Elf Bar Elfa Pods ourselves and have come to the conclusion: Until 2024, there will be no better product in this category (pre-filled pods) from Elf Bar or any other brand for the price of these pods. Affordable, high quality, and with such a wide selection of pre-filled pads, you will not find another brand of pre-filled pads. With Elfa Pods, Elf Bar has created a really good product.<\/p>","protected":false},"excerpt":{"rendered":"<p>ELFA-Kartuschen von ELF BAR: Enth\u00e4lt 20 mg Nikotin Elfa Pods sind vorgef\u00fcllte fl\u00fcssige Pods (Kapseln) der Marke Elf Bar, die 2 ml Elfbar-Fl\u00fcssigkeit in verschiedenen Geschmacksrichtungen enthalten, in Packungen mit 2 Pods. In Elfa Pods werden Netzspulen verwendet. Dies sorgt f\u00fcr ein reichhaltiges Aroma und einen mild aromatischen Dampf. \u2713 Mesh-Spule \u2713 Einfach zu installieren [&hellip;]<\/p>","protected":false},"featured_media":10401,"template":"","meta":{"inline_featured_image":false},"product_cat":[15,78,750,737,736,749,76],"product_tag":[],"tiered_pricing_type":"fixed","tiered_pricing_fixed_rules":[],"tiered_pricing_percentage_rules":[],"tiered_pricing_minimum":1,"_administrator_tiered_pricing_type":"fixed","_administrator_tiered_pricing_fixed_rules":[],"_editor_tiered_pricing_type":"fixed","_editor_tiered_pricing_fixed_rules":[],"_author_tiered_pricing_type":"fixed","_author_tiered_pricing_fixed_rules":[],"_contributor_tiered_pricing_type":"fixed","_contributor_tiered_pricing_fixed_rules":[],"_subscriber_tiered_pricing_type":"fixed","_subscriber_tiered_pricing_fixed_rules":[],"_customer_tiered_pricing_type":"fixed","_customer_tiered_pricing_fixed_rules":[],"_shop_manager_tiered_pricing_type":"fixed","_shop_manager_tiered_pricing_fixed_rules":[],"_wpseo_manager_tiered_pricing_type":"fixed","_wpseo_manager_tiered_pricing_fixed_rules":[],"_wpseo_editor_tiered_pricing_type":"fixed","_wpseo_editor_tiered_pricing_fixed_rules":[],"_wholesale_customer_tiered_pricing_type":"fixed","_wholesale_customer_tiered_pricing_fixed_rules":[],"_marketer_tiered_pricing_type":"fixed","_marketer_tiered_pricing_fixed_rules":[],"_sales_manager_tiered_pricing_type":"fixed","_sales_manager_tiered_pricing_fixed_rules":[],"_sales_rep_tiered_pricing_type":"fixed","_sales_rep_tiered_pricing_fixed_rules":[],"yoast_head":"<!-- This site is optimized with the Yoast SEO plugin v23.3 - https:\/\/yoast.com\/wordpress\/plugins\/seo\/ -->\n<title>ELF BAR ELFA Pods - 2 ml | ElementVape.de<\/title>\n<meta name=\"description\" content=\"Wir bieten ELF BAR ELFA Pods - 2 ml , Elementvape.de akzeptieren Gro\u00df-und Einzelhandel Bestellungen.\" \/>\n<meta name=\"robots\" content=\"index, follow, max-snippet:-1, max-image-preview:large, max-video-preview:-1\" \/>\n<link rel=\"canonical\" href=\"https:\/\/www.elementvape.de\/en\/produkt\/elf-bar-elfa-pods-2-ml\/\" \/>\n<meta property=\"og:locale\" content=\"en_US\" \/>\n<meta property=\"og:type\" content=\"article\" \/>\n<meta property=\"og:title\" content=\"ELF BAR ELFA Pods - 2 ml | ElementVape.de\" \/>\n<meta property=\"og:description\" content=\"Wir bieten ELF BAR ELFA Pods - 2 ml , Elementvape.de akzeptieren Gro\u00df-und Einzelhandel Bestellungen.\" \/>\n<meta property=\"og:url\" content=\"https:\/\/www.elementvape.de\/en\/produkt\/elf-bar-elfa-pods-2-ml\/\" \/>\n<meta property=\"og:site_name\" content=\"ElementVape.de\" \/>\n<meta property=\"article:modified_time\" content=\"2024-09-12T10:31:46+00:00\" \/>\n<meta property=\"og:image\" content=\"https:\/\/www.elementvape.de\/wp-content\/uploads\/2024\/05\/Elf-Bar-Elfa-Pod.webp\" \/>\n\t<meta property=\"og:image:width\" content=\"800\" \/>\n\t<meta property=\"og:image:height\" content=\"800\" \/>\n\t<meta property=\"og:image:type\" content=\"image\/webp\" \/>\n<meta name=\"twitter:card\" content=\"summary_large_image\" \/>\n<meta name=\"twitter:label1\" content=\"Est. reading time\" \/>\n\t<meta name=\"twitter:data1\" content=\"3 minutes\" \/>\n<script type=\"application\/ld+json\" class=\"yoast-schema-graph\">{\"@context\":\"https:\/\/schema.org\",\"@graph\":[{\"@type\":\"WebPage\",\"@id\":\"https:\/\/www.elementvape.de\/produkt\/elf-bar-elfa-pods-2-ml\/\",\"url\":\"https:\/\/www.elementvape.de\/produkt\/elf-bar-elfa-pods-2-ml\/\",\"name\":\"ELF BAR ELFA Pods - 2 ml | ElementVape.de\",\"isPartOf\":{\"@id\":\"https:\/\/www.elementvape.de\/#website\"},\"primaryImageOfPage\":{\"@id\":\"https:\/\/www.elementvape.de\/produkt\/elf-bar-elfa-pods-2-ml\/#primaryimage\"},\"image\":{\"@id\":\"https:\/\/www.elementvape.de\/produkt\/elf-bar-elfa-pods-2-ml\/#primaryimage\"},\"thumbnailUrl\":\"https:\/\/www.elementvape.de\/wp-content\/uploads\/2024\/05\/Elf-Bar-Elfa-Pod.webp\",\"datePublished\":\"2024-05-08T08:31:27+00:00\",\"dateModified\":\"2024-09-12T10:31:46+00:00\",\"description\":\"Wir bieten ELF BAR ELFA Pods - 2 ml , Elementvape.de akzeptieren Gro\u00df-und Einzelhandel Bestellungen.\",\"breadcrumb\":{\"@id\":\"https:\/\/www.elementvape.de\/produkt\/elf-bar-elfa-pods-2-ml\/#breadcrumb\"},\"inLanguage\":\"en-US\",\"potentialAction\":[{\"@type\":\"ReadAction\",\"target\":[\"https:\/\/www.elementvape.de\/produkt\/elf-bar-elfa-pods-2-ml\/\"]}]},{\"@type\":\"ImageObject\",\"inLanguage\":\"en-US\",\"@id\":\"https:\/\/www.elementvape.de\/produkt\/elf-bar-elfa-pods-2-ml\/#primaryimage\",\"url\":\"https:\/\/www.elementvape.de\/wp-content\/uploads\/2024\/05\/Elf-Bar-Elfa-Pod.webp\",\"contentUrl\":\"https:\/\/www.elementvape.de\/wp-content\/uploads\/2024\/05\/Elf-Bar-Elfa-Pod.webp\",\"width\":800,\"height\":800,\"caption\":\"Elf-Bar-Elfa-Pod\"},{\"@type\":\"BreadcrumbList\",\"@id\":\"https:\/\/www.elementvape.de\/produkt\/elf-bar-elfa-pods-2-ml\/#breadcrumb\",\"itemListElement\":[{\"@type\":\"ListItem\",\"position\":1,\"name\":\"Home\",\"item\":\"https:\/\/www.elementvape.de\/\"},{\"@type\":\"ListItem\",\"position\":2,\"name\":\"Shop\",\"item\":\"https:\/\/www.elementvape.de\/shop\/\"},{\"@type\":\"ListItem\",\"position\":3,\"name\":\"ELF BAR ELFA Pods &#8211; 2 ml\"}]},{\"@type\":\"WebSite\",\"@id\":\"https:\/\/www.elementvape.de\/#website\",\"url\":\"https:\/\/www.elementvape.de\/\",\"name\":\"ElementVape.de\",\"description\":\"\",\"publisher\":{\"@id\":\"https:\/\/www.elementvape.de\/#organization\"},\"potentialAction\":[{\"@type\":\"SearchAction\",\"target\":{\"@type\":\"EntryPoint\",\"urlTemplate\":\"https:\/\/www.elementvape.de\/?s={search_term_string}\"},\"query-input\":\"required name=search_term_string\"}],\"inLanguage\":\"en-US\"},{\"@type\":\"Organization\",\"@id\":\"https:\/\/www.elementvape.de\/#organization\",\"name\":\"ElementVape.DE\",\"url\":\"https:\/\/www.elementvape.de\/\",\"logo\":{\"@type\":\"ImageObject\",\"inLanguage\":\"en-US\",\"@id\":\"https:\/\/www.elementvape.de\/#\/schema\/logo\/image\/\",\"url\":\"https:\/\/www.elementvape.de\/wp-content\/uploads\/2024\/09\/cropped-1elementvape-3.png\",\"contentUrl\":\"https:\/\/www.elementvape.de\/wp-content\/uploads\/2024\/09\/cropped-1elementvape-3.png\",\"width\":285,\"height\":228,\"caption\":\"ElementVape.DE\"},\"image\":{\"@id\":\"https:\/\/www.elementvape.de\/#\/schema\/logo\/image\/\"}}]}<\/script>\n<!-- \/ Yoast SEO plugin. -->","yoast_head_json":{"title":"ELF BAR ELFA Pods - 2 ml | ElementVape.de","description":"Wir bieten ELF BAR ELFA Pods - 2 ml , Elementvape.de akzeptieren Gro\u00df-und Einzelhandel Bestellungen.","robots":{"index":"index","follow":"follow","max-snippet":"max-snippet:-1","max-image-preview":"max-image-preview:large","max-video-preview":"max-video-preview:-1"},"canonical":"https:\/\/www.elementvape.de\/en\/produkt\/elf-bar-elfa-pods-2-ml\/","og_locale":"en_US","og_type":"article","og_title":"ELF BAR ELFA Pods - 2 ml | ElementVape.de","og_description":"Wir bieten ELF BAR ELFA Pods - 2 ml , Elementvape.de akzeptieren Gro\u00df-und Einzelhandel Bestellungen.","og_url":"https:\/\/www.elementvape.de\/en\/produkt\/elf-bar-elfa-pods-2-ml\/","og_site_name":"ElementVape.de","article_modified_time":"2024-09-12T10:31:46+00:00","og_image":[{"width":800,"height":800,"url":"https:\/\/www.elementvape.de\/wp-content\/uploads\/2024\/05\/Elf-Bar-Elfa-Pod.webp","type":"image\/webp"}],"twitter_card":"summary_large_image","twitter_misc":{"Est. reading time":"3 minutes"},"schema":{"@context":"https:\/\/schema.org","@graph":[{"@type":"WebPage","@id":"https:\/\/www.elementvape.de\/produkt\/elf-bar-elfa-pods-2-ml\/","url":"https:\/\/www.elementvape.de\/produkt\/elf-bar-elfa-pods-2-ml\/","name":"ELF BAR ELFA Pods - 2 ml | ElementVape.de","isPartOf":{"@id":"https:\/\/www.elementvape.de\/#website"},"primaryImageOfPage":{"@id":"https:\/\/www.elementvape.de\/produkt\/elf-bar-elfa-pods-2-ml\/#primaryimage"},"image":{"@id":"https:\/\/www.elementvape.de\/produkt\/elf-bar-elfa-pods-2-ml\/#primaryimage"},"thumbnailUrl":"https:\/\/www.elementvape.de\/wp-content\/uploads\/2024\/05\/Elf-Bar-Elfa-Pod.webp","datePublished":"2024-05-08T08:31:27+00:00","dateModified":"2024-09-12T10:31:46+00:00","description":"Wir bieten ELF BAR ELFA Pods - 2 ml , Elementvape.de akzeptieren Gro\u00df-und Einzelhandel Bestellungen.","breadcrumb":{"@id":"https:\/\/www.elementvape.de\/produkt\/elf-bar-elfa-pods-2-ml\/#breadcrumb"},"inLanguage":"en-US","potentialAction":[{"@type":"ReadAction","target":["https:\/\/www.elementvape.de\/produkt\/elf-bar-elfa-pods-2-ml\/"]}]},{"@type":"ImageObject","inLanguage":"en-US","@id":"https:\/\/www.elementvape.de\/produkt\/elf-bar-elfa-pods-2-ml\/#primaryimage","url":"https:\/\/www.elementvape.de\/wp-content\/uploads\/2024\/05\/Elf-Bar-Elfa-Pod.webp","contentUrl":"https:\/\/www.elementvape.de\/wp-content\/uploads\/2024\/05\/Elf-Bar-Elfa-Pod.webp","width":800,"height":800,"caption":"Elf-Bar-Elfa-Pod"},{"@type":"BreadcrumbList","@id":"https:\/\/www.elementvape.de\/produkt\/elf-bar-elfa-pods-2-ml\/#breadcrumb","itemListElement":[{"@type":"ListItem","position":1,"name":"Home","item":"https:\/\/www.elementvape.de\/"},{"@type":"ListItem","position":2,"name":"Shop","item":"https:\/\/www.elementvape.de\/shop\/"},{"@type":"ListItem","position":3,"name":"ELF BAR ELFA Pods &#8211; 2 ml"}]},{"@type":"WebSite","@id":"https:\/\/www.elementvape.de\/#website","url":"https:\/\/www.elementvape.de\/","name":"ElementVape.de","description":"","publisher":{"@id":"https:\/\/www.elementvape.de\/#organization"},"potentialAction":[{"@type":"SearchAction","target":{"@type":"EntryPoint","urlTemplate":"https:\/\/www.elementvape.de\/?s={search_term_string}"},"query-input":"required name=search_term_string"}],"inLanguage":"en-US"},{"@type":"Organization","@id":"https:\/\/www.elementvape.de\/#organization","name":"ElementVape.DE","url":"https:\/\/www.elementvape.de\/","logo":{"@type":"ImageObject","inLanguage":"en-US","@id":"https:\/\/www.elementvape.de\/#\/schema\/logo\/image\/","url":"https:\/\/www.elementvape.de\/wp-content\/uploads\/2024\/09\/cropped-1elementvape-3.png","contentUrl":"https:\/\/www.elementvape.de\/wp-content\/uploads\/2024\/09\/cropped-1elementvape-3.png","width":285,"height":228,"caption":"ElementVape.DE"},"image":{"@id":"https:\/\/www.elementvape.de\/#\/schema\/logo\/image\/"}}]}},"_links":{"self":[{"href":"https:\/\/www.elementvape.de\/en\/wp-json\/wp\/v2\/product\/10400"}],"collection":[{"href":"https:\/\/www.elementvape.de\/en\/wp-json\/wp\/v2\/product"}],"about":[{"href":"https:\/\/www.elementvape.de\/en\/wp-json\/wp\/v2\/types\/product"}],"wp:featuredmedia":[{"embeddable":true,"href":"https:\/\/www.elementvape.de\/en\/wp-json\/wp\/v2\/media\/10401"}],"wp:attachment":[{"href":"https:\/\/www.elementvape.de\/en\/wp-json\/wp\/v2\/media?parent=10400"}],"wp:term":[{"taxonomy":"product_cat","embeddable":true,"href":"https:\/\/www.elementvape.de\/en\/wp-json\/wp\/v2\/product_cat?post=10400"},{"taxonomy":"product_tag","embeddable":true,"href":"https:\/\/www.elementvape.de\/en\/wp-json\/wp\/v2\/product_tag?post=10400"}],"curies":[{"name":"wp","href":"https:\/\/api.w.org\/{rel}","templated":true}]}}