{"id":14267,"date":"2024-09-10T07:57:34","date_gmt":"2024-09-10T07:57:34","guid":{"rendered":"https:\/\/www.elementvape.de\/?page_id=14267"},"modified":"2024-09-10T07:57:37","modified_gmt":"2024-09-10T07:57:37","slug":"versandart","status":"publish","type":"page","link":"https:\/\/www.elementvape.de\/en\/versandart\/","title":{"rendered":"Shipping Method"},"content":{"rendered":"<h2 class=\"wp-block-heading has-text-align-center\">Shipping Terms at Elementvape.de<\/h2>\n\n\n\n<p class=\"has-medium-font-size\">For all shipping methods, Elementvape.de only charges the shipping costs, excluding any applicable taxes and customs duties. Please note that all taxes and customs duties incurred in the destination country are the responsibility of the customer.<\/p>\n\n\n\n<p class=\"has-medium-font-size\">If you have your own shipping method or a freight forwarder in China, please contact us and provide the relevant information. We will then send the order to your warehouse or your freight forwarder.<\/p>\n\n\n\n<h3 class=\"wp-block-heading has-text-align-center\">European Warehouse Transport<\/h3>\n\n\n\n<ul>\n<li class=\"has-medium-font-size\"><strong>Shipping Method<\/strong>: DHL, UPS<\/li>\n\n\n\n<li class=\"has-medium-font-size\"><strong>Delivery Time to Germany<\/strong>: 2-3 Business Days<\/li>\n\n\n\n<li class=\"has-medium-font-size\"><strong>Delivery Time to EU Countries<\/strong>: 3-4 Business Days<\/li>\n<\/ul>\n\n\n\n<h3 class=\"wp-block-heading has-text-align-center\">Non-European Warehouse Transport<\/h3>\n\n\n\n<ul>\n<li class=\"has-medium-font-size\"><strong>Shipping Method<\/strong>: DHL, UPS<\/li>\n\n\n\n<li class=\"has-medium-font-size\"><strong>Destination Countries<\/strong>: Countries of the European Union<\/li>\n\n\n\n<li class=\"has-medium-font-size\"><strong>Estimated Delivery Time<\/strong>: 12-20 Business Days<\/li>\n<\/ul>\n\n\n\n<p class=\"has-medium-font-size\"><strong>Note:<\/strong> Free shipping to EU countries for orders over \u20ac3,000.<\/p>\n\n\n\n<h3 class=\"wp-block-heading has-text-align-center\">How do I check the shipping costs to the destination?<\/h3>\n\n\n\n<p class=\"has-medium-font-size\">Shipping costs vary depending on product weight, destination, shipping method, and other factors. Detailed price information can be found on the checkout page. Please enter your delivery address first to see the exact costs.<\/p>\n\n\n\n<h3 class=\"wp-block-heading has-text-align-center\">Handling of Customs and Import Duties<\/h3>\n\n\n\n<p class=\"has-medium-font-size\">We recommend that you check with local customs authorities about possible import duties, taxes, and fees before placing your order. Certain products may require special permits or licenses for import.<\/p>\n\n\n\n<p class=\"has-medium-font-size\"><strong>Elementvapee<\/strong> does not accept responsibility for products that are rejected, seized, or destroyed by customs in your country. Since shipping is from Hong Kong (Freeport), the government of Hong Kong does not charge sales tax or customs duties. Taxes in the destination country are the responsibility of the customer.<\/p>","protected":false},"excerpt":{"rendered":"<p>Versandbedingungen bei Elementvape.de F\u00fcr alle Versandarten berechnet Elementvape.de lediglich die Versandkosten, exklusive etwaiger Steuern und Z\u00f6lle. Bitte beachten Sie, dass alle im Zielland anfallenden Steuern und Z\u00f6lle in der Verantwortung des Kunden liegen. Falls Sie \u00fcber eine eigene Versandart oder einen eigenen Spediteur in China verf\u00fcgen, setzen Sie sich bitte mit uns in Verbindung und [&hellip;]<\/p>","protected":false},"author":3,"featured_media":0,"parent":0,"menu_order":0,"comment_status":"closed","ping_status":"closed","template":"","meta":{"inline_featured_image":false,"footnotes":""},"yoast_head":"<!-- This site is optimized with the Yoast SEO plugin v23.3 - https:\/\/yoast.com\/wordpress\/plugins\/seo\/ -->\n<title>Versandart<\/title>\n<meta name=\"description\" content=\"Bereitgestellt vom ElementVape.de -Team, damit Sie die internationale Politik von E-Zigaretten verstehen, unser Verst\u00e4ndnis von E-Zigaretten verbessern und einige Tipps zur richtigen Verwendung von E-Zigaretten erhalten. Wenn Sie mehr wissen m\u00f6chten, k\u00f6nnen Sie unseren Kanal abonnieren\" \/>\n<meta name=\"robots\" content=\"index, follow, max-snippet:-1, max-image-preview:large, max-video-preview:-1\" \/>\n<link rel=\"canonical\" href=\"https:\/\/www.elementvape.de\/en\/versandart\/\" \/>\n<meta property=\"og:locale\" content=\"en_US\" \/>\n<meta property=\"og:type\" content=\"article\" \/>\n<meta property=\"og:title\" content=\"Versandart\" \/>\n<meta property=\"og:description\" content=\"Bereitgestellt vom ElementVape.de -Team, damit Sie die internationale Politik von E-Zigaretten verstehen, unser Verst\u00e4ndnis von E-Zigaretten verbessern und einige Tipps zur richtigen Verwendung von E-Zigaretten erhalten. Wenn Sie mehr wissen m\u00f6chten, k\u00f6nnen Sie unseren Kanal abonnieren\" \/>\n<meta property=\"og:url\" content=\"https:\/\/www.elementvape.de\/en\/versandart\/\" \/>\n<meta property=\"og:site_name\" content=\"ElementVape.de\" \/>\n<meta property=\"article:modified_time\" content=\"2024-09-10T07:57:37+00:00\" \/>\n<meta name=\"twitter:card\" content=\"summary_large_image\" \/>\n<meta name=\"twitter:label1\" content=\"Est. reading time\" \/>\n\t<meta name=\"twitter:data1\" content=\"2 minutes\" \/>\n<script type=\"application\/ld+json\" class=\"yoast-schema-graph\">{\"@context\":\"https:\/\/schema.org\",\"@graph\":[{\"@type\":\"WebPage\",\"@id\":\"https:\/\/www.elementvape.de\/versandart\/\",\"url\":\"https:\/\/www.elementvape.de\/versandart\/\",\"name\":\"Versandart\",\"isPartOf\":{\"@id\":\"https:\/\/www.elementvape.de\/#website\"},\"datePublished\":\"2024-09-10T07:57:34+00:00\",\"dateModified\":\"2024-09-10T07:57:37+00:00\",\"description\":\"Bereitgestellt vom ElementVape.de -Team, damit Sie die internationale Politik von E-Zigaretten verstehen, unser Verst\u00e4ndnis von E-Zigaretten verbessern und einige Tipps zur richtigen Verwendung von E-Zigaretten erhalten. Wenn Sie mehr wissen m\u00f6chten, k\u00f6nnen Sie unseren Kanal abonnieren\",\"breadcrumb\":{\"@id\":\"https:\/\/www.elementvape.de\/versandart\/#breadcrumb\"},\"inLanguage\":\"en-US\",\"potentialAction\":[{\"@type\":\"ReadAction\",\"target\":[\"https:\/\/www.elementvape.de\/versandart\/\"]}]},{\"@type\":\"BreadcrumbList\",\"@id\":\"https:\/\/www.elementvape.de\/versandart\/#breadcrumb\",\"itemListElement\":[{\"@type\":\"ListItem\",\"position\":1,\"name\":\"Home\",\"item\":\"https:\/\/www.elementvape.de\/\"},{\"@type\":\"ListItem\",\"position\":2,\"name\":\"Versandart\"}]},{\"@type\":\"WebSite\",\"@id\":\"https:\/\/www.elementvape.de\/#website\",\"url\":\"https:\/\/www.elementvape.de\/\",\"name\":\"ElementVape.de\",\"description\":\"\",\"publisher\":{\"@id\":\"https:\/\/www.elementvape.de\/#organization\"},\"potentialAction\":[{\"@type\":\"SearchAction\",\"target\":{\"@type\":\"EntryPoint\",\"urlTemplate\":\"https:\/\/www.elementvape.de\/?s={search_term_string}\"},\"query-input\":\"required name=search_term_string\"}],\"inLanguage\":\"en-US\"},{\"@type\":\"Organization\",\"@id\":\"https:\/\/www.elementvape.de\/#organization\",\"name\":\"ElementVape.DE\",\"url\":\"https:\/\/www.elementvape.de\/\",\"logo\":{\"@type\":\"ImageObject\",\"inLanguage\":\"en-US\",\"@id\":\"https:\/\/www.elementvape.de\/#\/schema\/logo\/image\/\",\"url\":\"https:\/\/www.elementvape.de\/wp-content\/uploads\/2024\/09\/cropped-1elementvape-3.png\",\"contentUrl\":\"https:\/\/www.elementvape.de\/wp-content\/uploads\/2024\/09\/cropped-1elementvape-3.png\",\"width\":285,\"height\":228,\"caption\":\"ElementVape.DE\"},\"image\":{\"@id\":\"https:\/\/www.elementvape.de\/#\/schema\/logo\/image\/\"}}]}<\/script>\n<!-- \/ Yoast SEO plugin. -->","yoast_head_json":{"title":"Versandart","description":"Bereitgestellt vom ElementVape.de -Team, damit Sie die internationale Politik von E-Zigaretten verstehen, unser Verst\u00e4ndnis von E-Zigaretten verbessern und einige Tipps zur richtigen Verwendung von E-Zigaretten erhalten. Wenn Sie mehr wissen m\u00f6chten, k\u00f6nnen Sie unseren Kanal abonnieren","robots":{"index":"index","follow":"follow","max-snippet":"max-snippet:-1","max-image-preview":"max-image-preview:large","max-video-preview":"max-video-preview:-1"},"canonical":"https:\/\/www.elementvape.de\/en\/versandart\/","og_locale":"en_US","og_type":"article","og_title":"Versandart","og_description":"Bereitgestellt vom ElementVape.de -Team, damit Sie die internationale Politik von E-Zigaretten verstehen, unser Verst\u00e4ndnis von E-Zigaretten verbessern und einige Tipps zur richtigen Verwendung von E-Zigaretten erhalten. Wenn Sie mehr wissen m\u00f6chten, k\u00f6nnen Sie unseren Kanal abonnieren","og_url":"https:\/\/www.elementvape.de\/en\/versandart\/","og_site_name":"ElementVape.de","article_modified_time":"2024-09-10T07:57:37+00:00","twitter_card":"summary_large_image","twitter_misc":{"Est. reading time":"2 minutes"},"schema":{"@context":"https:\/\/schema.org","@graph":[{"@type":"WebPage","@id":"https:\/\/www.elementvape.de\/versandart\/","url":"https:\/\/www.elementvape.de\/versandart\/","name":"Versandart","isPartOf":{"@id":"https:\/\/www.elementvape.de\/#website"},"datePublished":"2024-09-10T07:57:34+00:00","dateModified":"2024-09-10T07:57:37+00:00","description":"Bereitgestellt vom ElementVape.de -Team, damit Sie die internationale Politik von E-Zigaretten verstehen, unser Verst\u00e4ndnis von E-Zigaretten verbessern und einige Tipps zur richtigen Verwendung von E-Zigaretten erhalten. Wenn Sie mehr wissen m\u00f6chten, k\u00f6nnen Sie unseren Kanal abonnieren","breadcrumb":{"@id":"https:\/\/www.elementvape.de\/versandart\/#breadcrumb"},"inLanguage":"en-US","potentialAction":[{"@type":"ReadAction","target":["https:\/\/www.elementvape.de\/versandart\/"]}]},{"@type":"BreadcrumbList","@id":"https:\/\/www.elementvape.de\/versandart\/#breadcrumb","itemListElement":[{"@type":"ListItem","position":1,"name":"Home","item":"https:\/\/www.elementvape.de\/"},{"@type":"ListItem","position":2,"name":"Versandart"}]},{"@type":"WebSite","@id":"https:\/\/www.elementvape.de\/#website","url":"https:\/\/www.elementvape.de\/","name":"ElementVape.de","description":"","publisher":{"@id":"https:\/\/www.elementvape.de\/#organization"},"potentialAction":[{"@type":"SearchAction","target":{"@type":"EntryPoint","urlTemplate":"https:\/\/www.elementvape.de\/?s={search_term_string}"},"query-input":"required name=search_term_string"}],"inLanguage":"en-US"},{"@type":"Organization","@id":"https:\/\/www.elementvape.de\/#organization","name":"ElementVape.DE","url":"https:\/\/www.elementvape.de\/","logo":{"@type":"ImageObject","inLanguage":"en-US","@id":"https:\/\/www.elementvape.de\/#\/schema\/logo\/image\/","url":"https:\/\/www.elementvape.de\/wp-content\/uploads\/2024\/09\/cropped-1elementvape-3.png","contentUrl":"https:\/\/www.elementvape.de\/wp-content\/uploads\/2024\/09\/cropped-1elementvape-3.png","width":285,"height":228,"caption":"ElementVape.DE"},"image":{"@id":"https:\/\/www.elementvape.de\/#\/schema\/logo\/image\/"}}]}},"_links":{"self":[{"href":"https:\/\/www.elementvape.de\/en\/wp-json\/wp\/v2\/pages\/14267"}],"collection":[{"href":"https:\/\/www.elementvape.de\/en\/wp-json\/wp\/v2\/pages"}],"about":[{"href":"https:\/\/www.elementvape.de\/en\/wp-json\/wp\/v2\/types\/page"}],"author":[{"embeddable":true,"href":"https:\/\/www.elementvape.de\/en\/wp-json\/wp\/v2\/users\/3"}],"replies":[{"embeddable":true,"href":"https:\/\/www.elementvape.de\/en\/wp-json\/wp\/v2\/comments?post=14267"}],"version-history":[{"count":1,"href":"https:\/\/www.elementvape.de\/en\/wp-json\/wp\/v2\/pages\/14267\/revisions"}],"predecessor-version":[{"id":14268,"href":"https:\/\/www.elementvape.de\/en\/wp-json\/wp\/v2\/pages\/14267\/revisions\/14268"}],"wp:attachment":[{"href":"https:\/\/www.elementvape.de\/en\/wp-json\/wp\/v2\/media?parent=14267"}],"curies":[{"name":"wp","href":"https:\/\/api.w.org\/{rel}","templated":true}]}}