{"id":16322,"date":"2025-04-19T06:24:14","date_gmt":"2025-04-19T06:24:14","guid":{"rendered":"https:\/\/www.elementvape.de\/?post_type=product&#038;p=16322"},"modified":"2025-06-21T06:06:46","modified_gmt":"2025-06-21T06:06:46","slug":"bang-king-45000-zuege-watermelon-strawberry-ice-cream-triplemelon-fuer-fruchtigen-genuss","status":"publish","type":"product","link":"https:\/\/www.elementvape.de\/el\/produkt\/bang-king-45000-zuege-watermelon-strawberry-ice-cream-triplemelon-fuer-fruchtigen-genuss\/","title":{"rendered":"BANG KING 45000 \u03ba\u03b9\u03bd\u03ae\u03c3\u03b5\u03b9\u03c2 Watermelon Strawberry Ice Cream Triplemelon \u03b3\u03b9\u03b1 \u03c6\u03c1\u03bf\u03c5\u03c4\u03ad\u03bd\u03b9\u03b1 \u03b1\u03c0\u03cc\u03bb\u03b1\u03c5\u03c3\u03b7"},"content":{"rendered":"<h2 data-start=\"40\" data-end=\"117\"><strong data-start=\"43\" data-end=\"115\">BANG KING 45000 \u03c4\u03c3\u03b9\u03bc\u03c0\u03ae\u03bc\u03b1\u03c4\u03b1 \u03a0\u03b5\u03c0\u03cc\u03bd\u03b9, \u03a6\u03c1\u03ac\u03bf\u03c5\u03bb\u03b1 \u03a0\u03b1\u03b3\u03c9\u03c4\u03cc, \u03a4\u03c1\u03b9\u03c0\u03bb\u03cc\u03c0\u03b5\u03c0\u03bf\u03bd<\/strong><\/h2>\n<p data-start=\"185\" data-end=\"508\">\u03a4\u03bf BANG KING 45000 \u03c4\u03c3\u03b9\u03bc\u03c0\u03ae\u03bc\u03b1\u03c4\u03b1 \u03b8\u03ad\u03c4\u03b5\u03b9 \u03bd\u03ad\u03b1 \u03c0\u03c1\u03cc\u03c4\u03c5\u03c0\u03b1 \u03c3\u03c4\u03bf\u03bd \u03c4\u03bf\u03bc\u03ad\u03b1 \u03c4\u03c9\u03bd \u03bc\u03b9\u03b1\u03c2 \u03c7\u03c1\u03ae\u03c3\u03b7\u03c2 \u03b7\u03bb\u03b5\u03ba\u03c4\u03c1\u03bf\u03bd\u03b9\u03ba\u03ce\u03bd \u03c4\u03c3\u03b9\u03b3\u03ac\u03c1\u03c9\u03bd. \u039c\u03b5 \u03c7\u03c9\u03c1\u03b7\u03c4\u03b9\u03ba\u03cc\u03c4\u03b7\u03c4\u03b1 \u03ad\u03c9\u03c2 \u03ba\u03b1\u03b9 45.000 \u03c4\u03c3\u03b9\u03bc\u03c0\u03ae\u03bc\u03b1\u03c4\u03b1 \u03ba\u03b1\u03b9 \u03c4\u03c1\u03b5\u03b9\u03c2 \u03c0\u03c1\u03bf\u03c3\u03b5\u03ba\u03c4\u03b9\u03ba\u03ac \u03c1\u03c5\u03b8\u03bc\u03b9\u03c3\u03bc\u03ad\u03bd\u03b5\u03c2 \u03b3\u03b5\u03cd\u03c3\u03b5\u03b9\u03c2 \u2013 \u03a0\u03b5\u03c0\u03cc\u03bd\u03b9, \u03a6\u03c1\u03ac\u03bf\u03c5\u03bb\u03b1 \u03a0\u03b1\u03b3\u03c9\u03c4\u03cc \u03ba\u03b1\u03b9 \u03a4\u03c1\u03b9\u03c0\u03bb\u03cc\u03c0\u03b5\u03c0\u03bf\u03bd \u2013 \u03c0\u03c1\u03bf\u03c3\u03c6\u03ad\u03c1\u03b5\u03b9 \u03bc\u03b9\u03b1 \u03bc\u03b1\u03ba\u03c1\u03ac\u03c2 \u03b4\u03b9\u03ac\u03c1\u03ba\u03b5\u03b9\u03b1\u03c2 \u03ba\u03b1\u03b9 \u03b3\u03b5\u03c5\u03c3\u03c4\u03b9\u03ba\u03ac \u03ad\u03bd\u03c4\u03bf\u03bd\u03b7 \u03b5\u03bc\u03c0\u03b5\u03b9\u03c1\u03af\u03b1 \u03b1\u03c4\u03bc\u03af\u03c3\u03bc\u03b1\u03c4\u03bf\u03c2.<\/p>\n<h3 data-start=\"515\" data-end=\"557\"><strong data-start=\"519\" data-end=\"557\">\u039b\u03b5\u03c0\u03c4\u03bf\u03bc\u03ad\u03c1\u03b5\u03b9\u03b5\u03c2 \u03b3\u03b9\u03b1 \u03c4\u03b9\u03c2 \u03b3\u03b5\u03cd\u03c3\u03b5\u03b9\u03c2<\/strong><\/h3>\n<p data-start=\"559\" data-end=\"777\"><strong data-start=\"559\" data-end=\"573\">\u039a\u03b1\u03c1\u03c0\u03bf\u03cd\u03b6\u03b9<\/strong><br data-start=\"573\" data-end=\"576\" \/>\u039c\u03b9\u03b1 \u03b4\u03c1\u03bf\u03c3\u03b5\u03c1\u03ac \u03b3\u03bb\u03c5\u03ba\u03b9\u03ac \u03b3\u03b5\u03cd\u03c3\u03b7 \u03ce\u03c1\u03b9\u03bc\u03bf\u03c5 \u03c0\u03b5\u03c0\u03bf\u03bd\u03b9\u03bf\u03cd. \u0399\u03b4\u03b1\u03bd\u03b9\u03ba\u03ae \u03b3\u03b9\u03b1 \u03b1\u03c4\u03bc\u03b9\u03c3\u03c4\u03ad\u03c2 \u03c0\u03bf\u03c5 \u03c0\u03c1\u03bf\u03c4\u03b9\u03bc\u03bf\u03cd\u03bd \u03ba\u03b1\u03b8\u03b1\u03c1\u03cc, \u03b4\u03c1\u03bf\u03c3\u03b5\u03c1\u03cc \u03ac\u03c1\u03c9\u03bc\u03b1. \u039a\u03ac\u03b8\u03b5 \u03c4\u03c3\u03af\u03bc\u03c0\u03b7\u03bc\u03b1 \u03b8\u03c5\u03bc\u03af\u03b6\u03b5\u03b9 \u03bc\u03b9\u03b1 \u03ba\u03b1\u03c5\u03c4\u03ae \u03ba\u03b1\u03bb\u03bf\u03ba\u03b1\u03b9\u03c1\u03b9\u03bd\u03ae \u03b7\u03bc\u03ad\u03c1\u03b1 \u03ba\u03b1\u03b9 \u03c0\u03c1\u03bf\u03c3\u03c6\u03ad\u03c1\u03b5\u03b9 \u03bc\u03b9\u03b1 \u03b5\u03c5\u03c7\u03ac\u03c1\u03b9\u03c3\u03c4\u03b1 \u03b4\u03c1\u03bf\u03c3\u03b5\u03c1\u03ae \u03b1\u03af\u03c3\u03b8\u03b7\u03c3\u03b7.<\/p>\n<p data-start=\"779\" data-end=\"994\"><strong data-start=\"779\" data-end=\"803\">\u03a0\u03b1\u03b3\u03c9\u03c4\u03cc \u03a6\u03c1\u03ac\u03bf\u03c5\u03bb\u03b1<\/strong><br data-start=\"803\" data-end=\"806\" \/>\u039c\u03b9\u03b1 \u03b1\u03c1\u03bc\u03bf\u03bd\u03b9\u03ba\u03ae \u03bc\u03af\u03be\u03b7 \u03c6\u03c1\u03bf\u03c5\u03c4\u03ad\u03bd\u03b9\u03b1\u03c2 \u03c6\u03c1\u03ac\u03bf\u03c5\u03bb\u03b1\u03c2 \u03ba\u03b1\u03b9 \u03ba\u03c1\u03b5\u03bc\u03ce\u03b4\u03bf\u03c5\u03c2 \u03c0\u03b1\u03b3\u03c9\u03c4\u03bf\u03cd. \u0397 \u03b3\u03b5\u03cd\u03c3\u03b7 \u03b5\u03af\u03bd\u03b1\u03b9 \u03b1\u03c0\u03b1\u03bb\u03ae, \u03b5\u03bb\u03b1\u03c6\u03c1\u03ce\u03c2 \u03b3\u03bb\u03c5\u03ba\u03b9\u03ac \u03ba\u03b1\u03b9 \u03b1\u03c6\u03ae\u03bd\u03b5\u03b9 \u03ad\u03bd\u03b1 \u03b4\u03c1\u03bf\u03c3\u03b5\u03c1\u03cc, \u03ba\u03c1\u03b5\u03bc\u03ce\u03b4\u03b5\u03c2 \u03c4\u03b5\u03bb\u03b5\u03af\u03c9\u03bc\u03b1 \u2013 \u03c3\u03b1\u03bd \u03ad\u03bd\u03b1 \u03b5\u03c0\u03b9\u03b4\u03cc\u03c1\u03c0\u03b9\u03bf \u03c3\u03b5 \u03bc\u03bf\u03c1\u03c6\u03ae \u03b1\u03c4\u03bc\u03bf\u03cd.<\/p>\n<p data-start=\"996\" data-end=\"1198\"><strong data-start=\"996\" data-end=\"1011\">\u03a4\u03c1\u03b9\u03c0\u03bb\u03cc\u03c0\u03b5\u03c0\u03bf\u03bd<\/strong><br data-start=\"1011\" data-end=\"1014\" \/>\u03a4\u03c1\u03b5\u03b9\u03c2 \u03c0\u03bf\u03b9\u03ba\u03b9\u03bb\u03af\u03b5\u03c2 \u03c0\u03b5\u03c0\u03bf\u03bd\u03b9\u03bf\u03cd \u03b5\u03bd\u03ce\u03bd\u03bf\u03bd\u03c4\u03b1\u03b9 \u03c3\u03b5 \u03bc\u03b9\u03b1 \u03c4\u03c1\u03bf\u03c0\u03b9\u03ba\u03ae \u03b3\u03b5\u03c5\u03c3\u03c4\u03b9\u03ba\u03ae \u03b5\u03bc\u03c0\u03b5\u03b9\u03c1\u03af\u03b1: \u039c\u03ad\u03bb\u03b9 \u03c0\u03b5\u03c0\u03cc\u03bd\u03b9, \u039a\u03b1\u03bd\u03c4\u03b1\u03bb\u03bf\u03cd\u03c0\u03b7 \u03ba\u03b1\u03b9 \u03a0\u03b5\u03c0\u03cc\u03bd\u03b9, \u03c0\u03c1\u03bf\u03c3\u03c6\u03ad\u03c1\u03bf\u03bd\u03c4\u03b1\u03c2 \u03ad\u03bd\u03b1 \u03c0\u03bb\u03ae\u03c1\u03b5\u03c2, \u03b6\u03bf\u03c5\u03bc\u03b5\u03c1\u03cc \u03ac\u03c1\u03c9\u03bc\u03b1 \u03c0\u03bf\u03c5 \u03b5\u03bd\u03b8\u03bf\u03c5\u03c3\u03b9\u03ac\u03b6\u03b5\u03b9 \u03c4\u03bf\u03c5\u03c2 \u03bb\u03ac\u03c4\u03c1\u03b5\u03b9\u03c2 \u03c4\u03c9\u03bd \u03c6\u03c1\u03bf\u03cd\u03c4\u03c9\u03bd.<\/p>\n<h3 data-start=\"1205\" data-end=\"1237\"><strong data-start=\"1209\" data-end=\"1237\">\u03a4\u03b5\u03c7\u03bd\u03bf\u03bb\u03bf\u03b3\u03af\u03b1 \u03ba\u03b1\u03b9 \u03b1\u03c0\u03cc\u03b4\u03bf\u03c3\u03b7<\/strong><\/h3>\n<p data-start=\"1239\" data-end=\"1586\">\u0395\u03be\u03bf\u03c0\u03bb\u03b9\u03c3\u03bc\u03ad\u03bd\u03bf \u03bc\u03b5 \u03c3\u03cd\u03b3\u03c7\u03c1\u03bf\u03bd\u03b7 \u03c4\u03b5\u03c7\u03bd\u03bf\u03bb\u03bf\u03b3\u03af\u03b1 Mesh-Coil, \u03c4\u03bf <strong><a href=\"https:\/\/www.elementvape.de\/el\/c\/bang-king-45000-puffs\/\">BANG KING 45000 \u03c4\u03c3\u03b9\u03bc\u03c0\u03ae\u03bc\u03b1\u03c4\u03b1<\/a><\/strong> \u03c0\u03c1\u03bf\u03c3\u03c6\u03ad\u03c1\u03b5\u03b9 \u03bf\u03bc\u03bf\u03b9\u03cc\u03bc\u03bf\u03c1\u03c6\u03b7 \u03b5\u03be\u03ac\u03c4\u03bc\u03b9\u03c3\u03b7 \u03ba\u03b1\u03b9 \u03ad\u03bd\u03c4\u03bf\u03bd\u03b7 \u03b1\u03bd\u03ac\u03c0\u03c4\u03c5\u03be\u03b7 \u03b3\u03b5\u03cd\u03c3\u03b7\u03c2.<br data-start=\"1384\" data-end=\"1387\" \/>\u0388\u03bd\u03b1\u03c2 \u03b9\u03c3\u03c7\u03c5\u03c1\u03cc\u03c2 \u03bc\u03c0\u03b1\u03c4\u03b1\u03c1\u03af\u03b1 650mAh \u03b5\u03be\u03b1\u03c3\u03c6\u03b1\u03bb\u03af\u03b6\u03b5\u03b9 \u03bc\u03b1\u03ba\u03c1\u03ac \u03b4\u03b9\u03ac\u03c1\u03ba\u03b5\u03b9\u03b1 \u03bb\u03b5\u03b9\u03c4\u03bf\u03c5\u03c1\u03b3\u03af\u03b1\u03c2, \u03b5\u03bd\u03ce \u03b7 \u03b8\u03cd\u03c1\u03b1 Type-C \u03b5\u03c0\u03b9\u03c4\u03c1\u03ad\u03c0\u03b5\u03b9 \u03b3\u03c1\u03ae\u03b3\u03bf\u03c1\u03b7 \u03ba\u03b1\u03b9 \u03ac\u03bd\u03b5\u03c4\u03b7 \u03c6\u03cc\u03c1\u03c4\u03b9\u03c3\u03b7. \u0399\u03b4\u03b1\u03bd\u03b9\u03ba\u03cc \u03b3\u03b9\u03b1 \u03ba\u03b1\u03b8\u03b7\u03bc\u03b5\u03c1\u03b9\u03bd\u03ae \u03c7\u03c1\u03ae\u03c3\u03b7, \u03c7\u03c9\u03c1\u03af\u03c2 \u03c3\u03c5\u03bd\u03b5\u03c7\u03ad\u03c2 \u03c6\u03cc\u03c1\u03c4\u03b9\u03c3\u03bc\u03b1.<\/p>\n<h3 data-start=\"1593\" data-end=\"1627\"><strong data-start=\"1597\" data-end=\"1627\">\u03a0\u03c1\u03bf\u03c3\u03b1\u03c1\u03bc\u03bf\u03c3\u03c4\u03b9\u03ba\u03ac \u03b5\u03c0\u03af\u03c0\u03b5\u03b4\u03b1 \u03bd\u03b9\u03ba\u03bf\u03c4\u03af\u03bd\u03b7\u03c2<\/strong><\/h3>\n<p data-start=\"1629\" data-end=\"1841\">\u0391\u03bd\u03ac\u03bb\u03bf\u03b3\u03b1 \u03bc\u03b5 \u03c4\u03b7\u03bd \u03c0\u03c1\u03bf\u03c4\u03af\u03bc\u03b7\u03c3\u03b7, \u03c4\u03bf \u03c0\u03c1\u03bf\u03ca\u03cc\u03bd \u03b4\u03b9\u03b1\u03c4\u03af\u03b8\u03b5\u03c4\u03b1\u03b9 \u03c3\u03b5 \u03b4\u03b9\u03ac\u03c6\u03bf\u03c1\u03b1 \u03b5\u03c0\u03af\u03c0\u03b5\u03b4\u03b1 \u03bd\u03b9\u03ba\u03bf\u03c4\u03af\u03bd\u03b7\u03c2:<br data-start=\"1703\" data-end=\"1706\" \/>0 %, 2 %, 3 % \u03ba\u03b1\u03b9 5 % \u03bd\u03b9\u03ba\u03bf\u03c4\u03af\u03bd\u03b7<br data-start=\"1735\" data-end=\"1738\" \/>\u0388\u03c4\u03c3\u03b9, \u03ba\u03ac\u03b8\u03b5 \u03c7\u03c1\u03ae\u03c3\u03c4\u03b7\u03c2 \u03bc\u03c0\u03bf\u03c1\u03b5\u03af \u03bd\u03b1 \u03c0\u03c1\u03bf\u03c3\u03b1\u03c1\u03bc\u03cc\u03c3\u03b5\u03b9 \u03c4\u03b7\u03bd \u03b5\u03bc\u03c0\u03b5\u03b9\u03c1\u03af\u03b1 \u03b1\u03c4\u03bc\u03af\u03c3\u03bc\u03b1\u03c4\u03bf\u03c2 \u03c3\u03cd\u03bc\u03c6\u03c9\u03bd\u03b1 \u03bc\u03b5 \u03c4\u03b9\u03c2 \u03b1\u03bd\u03ac\u03b3\u03ba\u03b5\u03c2 \u03c4\u03bf\u03c5 \u2013 \u03b1\u03c0\u03cc \u03b5\u03bd\u03c4\u03b5\u03bb\u03ce\u03c2 \u03c7\u03c9\u03c1\u03af\u03c2 \u03bd\u03b9\u03ba\u03bf\u03c4\u03af\u03bd\u03b7 \u03ad\u03c9\u03c2 \u03ad\u03bd\u03c4\u03bf\u03bd\u03b7.<\/p>\n<h3 data-start=\"1848\" data-end=\"1880\"><strong data-start=\"1852\" data-end=\"1880\">\u03a0\u03bb\u03b5\u03bf\u03bd\u03b5\u03ba\u03c4\u03ae\u03bc\u03b1\u03c4\u03b1 \u03c3\u03b5 \u03bc\u03b9\u03b1 \u03bc\u03b1\u03c4\u03b9\u03ac<\/strong><\/h3>\n<ul data-start=\"1882\" data-end=\"2168\">\n<li data-start=\"1882\" data-end=\"1939\">\n<p data-start=\"1884\" data-end=\"1939\">\u0388\u03c9\u03c2 \u03ba\u03b1\u03b9 45.000 \u03c4\u03c3\u03b9\u03bc\u03c0\u03ae\u03bc\u03b1\u03c4\u03b1 \u2013 \u03b5\u03be\u03b1\u03b9\u03c1\u03b5\u03c4\u03b9\u03ba\u03ac \u03bc\u03b5\u03b3\u03ac\u03bb\u03b7 \u03b4\u03b9\u03ac\u03c1\u03ba\u03b5\u03b9\u03b1 \u03b6\u03c9\u03ae\u03c2<\/p>\n<\/li>\n<li data-start=\"1940\" data-end=\"1999\">\n<p data-start=\"1942\" data-end=\"1999\">\u03a4\u03c1\u03b5\u03b9\u03c2 \u03c5\u03c8\u03b7\u03bb\u03ae\u03c2 \u03c0\u03bf\u03b9\u03cc\u03c4\u03b7\u03c4\u03b1\u03c2 \u03b3\u03b5\u03cd\u03c3\u03b5\u03b9\u03c2 \u2013 \u03c6\u03c1\u03bf\u03c5\u03c4\u03ad\u03bd\u03b9\u03b1, \u03ba\u03c1\u03b5\u03bc\u03ce\u03b4\u03b7, \u03b4\u03c1\u03bf\u03c3\u03b5\u03c1\u03ac<\/p>\n<\/li>\n<li data-start=\"2000\" data-end=\"2065\">\n<p data-start=\"2002\" data-end=\"2065\">\u0395\u03cd\u03ba\u03bf\u03bb\u03b7 \u03c7\u03c1\u03ae\u03c3\u03b7 \u2013 \u03c7\u03c9\u03c1\u03af\u03c2 \u03b1\u03bd\u03ac\u03b3\u03ba\u03b7 \u03b1\u03bd\u03b1\u03c0\u03bb\u03ae\u03c1\u03c9\u03c3\u03b7\u03c2 \u03ae \u03b1\u03bb\u03bb\u03b1\u03b3\u03ae\u03c2<\/p>\n<\/li>\n<li data-start=\"2066\" data-end=\"2120\">\n<p data-start=\"2068\" data-end=\"2120\">\u0395\u03c0\u03b1\u03bd\u03b1\u03c6\u03bf\u03c1\u03c4\u03b9\u03b6\u03cc\u03bc\u03b5\u03bd\u03bf \u03bc\u03ad\u03c3\u03c9 Type-C \u2013 \u03b3\u03c1\u03ae\u03b3\u03bf\u03c1\u03bf \u03ba\u03b1\u03b9 \u03b1\u03c0\u03bf\u03b4\u03bf\u03c4\u03b9\u03ba\u03cc<\/p>\n<\/li>\n<li data-start=\"2121\" data-end=\"2168\">\n<p data-start=\"2123\" data-end=\"2168\">\u039a\u03b1\u03c4\u03ac\u03bb\u03bb\u03b7\u03bb\u03bf \u03b3\u03b9\u03b1 \u03b1\u03c1\u03c7\u03ac\u03c1\u03b9\u03bf\u03c5\u03c2 \u03ba\u03b1\u03b9 \u03ad\u03bc\u03c0\u03b5\u03b9\u03c1\u03bf\u03c5\u03c2 \u03b1\u03c4\u03bc\u03b9\u03c3\u03c4\u03ad\u03c2<\/p>\n<\/li>\n<\/ul>\n<p data-start=\"2190\" data-end=\"2467\">\u03a4\u03bf BANG KING 45000 \u03c1\u03bf\u03c5\u03c6\u03b7\u03be\u03b9\u03ad\u03c2 \u03b5\u03af\u03bd\u03b1\u03b9 \u03b7 \u03b9\u03b4\u03b1\u03bd\u03b9\u03ba\u03ae \u03b5\u03c0\u03b9\u03bb\u03bf\u03b3\u03ae \u03b3\u03b9\u03b1 \u03cc\u03c3\u03bf\u03c5\u03c2 \u03b4\u03af\u03bd\u03bf\u03c5\u03bd \u03ad\u03bc\u03c6\u03b1\u03c3\u03b7 \u03c3\u03c4\u03b7 \u03b3\u03b5\u03cd\u03c3\u03b7, \u03c4\u03b7\u03bd \u03b1\u03c0\u03cc\u03b4\u03bf\u03c3\u03b7 \u03ba\u03b1\u03b9 \u03c4\u03b7\u03bd \u03b5\u03cd\u03ba\u03bf\u03bb\u03b7 \u03c7\u03c1\u03ae\u03c3\u03b7. \u039c\u03b5 \u03c5\u03c8\u03b7\u03bb\u03ae\u03c2 \u03c0\u03bf\u03b9\u03cc\u03c4\u03b7\u03c4\u03b1\u03c2 \u03b1\u03c1\u03ce\u03bc\u03b1\u03c4\u03b1 \u03ba\u03b1\u03b9 \u03c4\u03b7\u03bd \u03c0\u03b9\u03bf \u03c3\u03cd\u03b3\u03c7\u03c1\u03bf\u03bd\u03b7 \u03c4\u03b5\u03c7\u03bd\u03bf\u03bb\u03bf\u03b3\u03af\u03b1, \u03b1\u03c5\u03c4\u03cc \u03c4\u03bf \u03bc\u03b9\u03b1\u03c2 \u03c7\u03c1\u03ae\u03c3\u03b7\u03c2 \u03c0\u03c1\u03bf\u03ca\u03cc\u03bd \u03c0\u03c1\u03bf\u03c3\u03c6\u03ad\u03c1\u03b5\u03b9 \u03bc\u03b9\u03b1 \u03bf\u03bb\u03bf\u03ba\u03bb\u03b7\u03c1\u03c9\u03bc\u03ad\u03bd\u03b7 \u03b5\u03bc\u03c0\u03b5\u03b9\u03c1\u03af\u03b1 \u03b1\u03c4\u03bc\u03af\u03c3\u03bc\u03b1\u03c4\u03bf\u03c2 \u2013 \u03b1\u03be\u03b9\u03cc\u03c0\u03b9\u03c3\u03c4\u03b7, \u03ad\u03bd\u03c4\u03bf\u03bd\u03b7 \u03ba\u03b1\u03b9 \u03bc\u03b1\u03ba\u03c1\u03ac\u03c2 \u03b4\u03b9\u03ac\u03c1\u03ba\u03b5\u03b9\u03b1\u03c2.<\/p>","protected":false},"excerpt":{"rendered":"<p>BANG KING 45000 Z\u00fcge Watermelon, Strawberry Ice Cream, Triplemelon Die BANG KING 45000 Z\u00fcge setzt neue Ma\u00dfst\u00e4be im Bereich der Einweg-E-Zigaretten. Mit einer enormen Kapazit\u00e4t von bis zu 45.000 Z\u00fcgen und drei sorgf\u00e4ltig abgestimmten Geschmacksrichtungen \u2013 Watermelon, Strawberry Ice Cream und Triplemelon \u2013 bietet dieses Ger\u00e4t ein langanhaltendes und geschmacklich intensives Dampferlebnis. Die Geschmacksrichtungen im [&hellip;]<\/p>","protected":false},"featured_media":16300,"template":"","meta":{"inline_featured_image":false},"product_cat":[779,734,753],"product_tag":[780],"tiered_pricing_type":"fixed","tiered_pricing_fixed_rules":[],"tiered_pricing_percentage_rules":[],"tiered_pricing_minimum":1,"_administrator_tiered_pricing_type":"fixed","_administrator_tiered_pricing_fixed_rules":[],"_editor_tiered_pricing_type":"fixed","_editor_tiered_pricing_fixed_rules":[],"_author_tiered_pricing_type":"fixed","_author_tiered_pricing_fixed_rules":[],"_contributor_tiered_pricing_type":"fixed","_contributor_tiered_pricing_fixed_rules":[],"_subscriber_tiered_pricing_type":"fixed","_subscriber_tiered_pricing_fixed_rules":[],"_customer_tiered_pricing_type":"fixed","_customer_tiered_pricing_fixed_rules":[],"_shop_manager_tiered_pricing_type":"fixed","_shop_manager_tiered_pricing_fixed_rules":[],"_wpseo_manager_tiered_pricing_type":"fixed","_wpseo_manager_tiered_pricing_fixed_rules":[],"_wpseo_editor_tiered_pricing_type":"fixed","_wpseo_editor_tiered_pricing_fixed_rules":[],"_wholesale_customer_tiered_pricing_type":"fixed","_wholesale_customer_tiered_pricing_fixed_rules":[],"_marketer_tiered_pricing_type":"fixed","_marketer_tiered_pricing_fixed_rules":[],"_sales_manager_tiered_pricing_type":"fixed","_sales_manager_tiered_pricing_fixed_rules":[],"_sales_rep_tiered_pricing_type":"fixed","_sales_rep_tiered_pricing_fixed_rules":[],"yoast_head":"<!-- This site is optimized with the Yoast SEO plugin v23.3 - https:\/\/yoast.com\/wordpress\/plugins\/seo\/ -->\n<title>BANG KING 45000 Z\u00fcge Watermelon Strawberry Ice Cream Triplemelon f\u00fcr fruchtigen Genuss | ElementVape.de<\/title>\n<meta name=\"description\" content=\"BANG KING 45000 Z\u00fcge bietet erfrischende Aromen wie Watermelon, Strawberry Ice Cream und Triplemelon f\u00fcr ein langanhaltendes Dampferlebnis.\" \/>\n<meta name=\"robots\" content=\"index, follow, max-snippet:-1, max-image-preview:large, max-video-preview:-1\" \/>\n<link rel=\"canonical\" href=\"https:\/\/www.elementvape.de\/el\/produkt\/bang-king-45000-zuege-watermelon-strawberry-ice-cream-triplemelon-fuer-fruchtigen-genuss\/\" \/>\n<meta property=\"og:locale\" content=\"el_GR\" \/>\n<meta property=\"og:type\" content=\"article\" \/>\n<meta property=\"og:title\" content=\"BANG KING 45000 Z\u00fcge Watermelon Strawberry Ice Cream Triplemelon f\u00fcr fruchtigen Genuss | ElementVape.de\" \/>\n<meta property=\"og:description\" content=\"BANG KING 45000 Z\u00fcge bietet erfrischende Aromen wie Watermelon, Strawberry Ice Cream und Triplemelon f\u00fcr ein langanhaltendes Dampferlebnis.\" \/>\n<meta property=\"og:url\" content=\"https:\/\/www.elementvape.de\/el\/produkt\/bang-king-45000-zuege-watermelon-strawberry-ice-cream-triplemelon-fuer-fruchtigen-genuss\/\" \/>\n<meta property=\"og:site_name\" content=\"ElementVape.de\" \/>\n<meta property=\"article:modified_time\" content=\"2025-06-21T06:06:46+00:00\" \/>\n<meta property=\"og:image\" content=\"https:\/\/www.elementvape.de\/wp-content\/uploads\/2025\/04\/bangking45k-Watermelon-Strawberry-Ice-Cream-Triplemelon.jpg\" \/>\n\t<meta property=\"og:image:width\" content=\"679\" \/>\n\t<meta property=\"og:image:height\" content=\"750\" \/>\n\t<meta property=\"og:image:type\" content=\"image\/jpeg\" \/>\n<meta name=\"twitter:card\" content=\"summary_large_image\" \/>\n<meta name=\"twitter:label1\" content=\"Est. reading time\" \/>\n\t<meta name=\"twitter:data1\" content=\"2 \u03bb\u03b5\u03c0\u03c4\u03ac\" \/>\n<script type=\"application\/ld+json\" class=\"yoast-schema-graph\">{\"@context\":\"https:\/\/schema.org\",\"@graph\":[{\"@type\":\"WebPage\",\"@id\":\"https:\/\/www.elementvape.de\/fi\/produkt\/bang-king-45000-zuege-watermelon-strawberry-ice-cream-triplemelon-fuer-fruchtigen-genuss\/\",\"url\":\"https:\/\/www.elementvape.de\/fi\/produkt\/bang-king-45000-zuege-watermelon-strawberry-ice-cream-triplemelon-fuer-fruchtigen-genuss\/\",\"name\":\"BANG KING 45000 Z\u00fcge Watermelon Strawberry Ice Cream Triplemelon f\u00fcr fruchtigen Genuss | ElementVape.de\",\"isPartOf\":{\"@id\":\"https:\/\/www.elementvape.de\/#website\"},\"primaryImageOfPage\":{\"@id\":\"https:\/\/www.elementvape.de\/fi\/produkt\/bang-king-45000-zuege-watermelon-strawberry-ice-cream-triplemelon-fuer-fruchtigen-genuss\/#primaryimage\"},\"image\":{\"@id\":\"https:\/\/www.elementvape.de\/fi\/produkt\/bang-king-45000-zuege-watermelon-strawberry-ice-cream-triplemelon-fuer-fruchtigen-genuss\/#primaryimage\"},\"thumbnailUrl\":\"https:\/\/www.elementvape.de\/wp-content\/uploads\/2025\/04\/bangking45k-Watermelon-Strawberry-Ice-Cream-Triplemelon.jpg\",\"datePublished\":\"2025-04-19T06:24:14+00:00\",\"dateModified\":\"2025-06-21T06:06:46+00:00\",\"description\":\"BANG KING 45000 Z\u00fcge bietet erfrischende Aromen wie Watermelon, Strawberry Ice Cream und Triplemelon f\u00fcr ein langanhaltendes Dampferlebnis.\",\"breadcrumb\":{\"@id\":\"https:\/\/www.elementvape.de\/fi\/produkt\/bang-king-45000-zuege-watermelon-strawberry-ice-cream-triplemelon-fuer-fruchtigen-genuss\/#breadcrumb\"},\"inLanguage\":\"el\",\"potentialAction\":[{\"@type\":\"ReadAction\",\"target\":[\"https:\/\/www.elementvape.de\/fi\/produkt\/bang-king-45000-zuege-watermelon-strawberry-ice-cream-triplemelon-fuer-fruchtigen-genuss\/\"]}]},{\"@type\":\"ImageObject\",\"inLanguage\":\"el\",\"@id\":\"https:\/\/www.elementvape.de\/fi\/produkt\/bang-king-45000-zuege-watermelon-strawberry-ice-cream-triplemelon-fuer-fruchtigen-genuss\/#primaryimage\",\"url\":\"https:\/\/www.elementvape.de\/wp-content\/uploads\/2025\/04\/bangking45k-Watermelon-Strawberry-Ice-Cream-Triplemelon.jpg\",\"contentUrl\":\"https:\/\/www.elementvape.de\/wp-content\/uploads\/2025\/04\/bangking45k-Watermelon-Strawberry-Ice-Cream-Triplemelon.jpg\",\"width\":679,\"height\":750},{\"@type\":\"BreadcrumbList\",\"@id\":\"https:\/\/www.elementvape.de\/fi\/produkt\/bang-king-45000-zuege-watermelon-strawberry-ice-cream-triplemelon-fuer-fruchtigen-genuss\/#breadcrumb\",\"itemListElement\":[{\"@type\":\"ListItem\",\"position\":1,\"name\":\"Home\",\"item\":\"https:\/\/www.elementvape.de\/\"},{\"@type\":\"ListItem\",\"position\":2,\"name\":\"Shop\",\"item\":\"https:\/\/www.elementvape.de\/shop\/\"},{\"@type\":\"ListItem\",\"position\":3,\"name\":\"BANG KING 45000 Z\u00fcge Watermelon Strawberry Ice Cream Triplemelon f\u00fcr fruchtigen Genuss\"}]},{\"@type\":\"WebSite\",\"@id\":\"https:\/\/www.elementvape.de\/#website\",\"url\":\"https:\/\/www.elementvape.de\/\",\"name\":\"ElementVape.de\",\"description\":\"\",\"publisher\":{\"@id\":\"https:\/\/www.elementvape.de\/#organization\"},\"potentialAction\":[{\"@type\":\"SearchAction\",\"target\":{\"@type\":\"EntryPoint\",\"urlTemplate\":\"https:\/\/www.elementvape.de\/?s={search_term_string}\"},\"query-input\":\"required name=search_term_string\"}],\"inLanguage\":\"el\"},{\"@type\":\"Organization\",\"@id\":\"https:\/\/www.elementvape.de\/#organization\",\"name\":\"ElementVape.DE\",\"url\":\"https:\/\/www.elementvape.de\/\",\"logo\":{\"@type\":\"ImageObject\",\"inLanguage\":\"el\",\"@id\":\"https:\/\/www.elementvape.de\/#\/schema\/logo\/image\/\",\"url\":\"https:\/\/www.elementvape.de\/wp-content\/uploads\/2024\/09\/cropped-1elementvape-3.png\",\"contentUrl\":\"https:\/\/www.elementvape.de\/wp-content\/uploads\/2024\/09\/cropped-1elementvape-3.png\",\"width\":285,\"height\":228,\"caption\":\"ElementVape.DE\"},\"image\":{\"@id\":\"https:\/\/www.elementvape.de\/#\/schema\/logo\/image\/\"}}]}<\/script>\n<!-- \/ Yoast SEO plugin. -->","yoast_head_json":{"title":"BANG KING 45000 Z\u00fcge Watermelon Strawberry Ice Cream Triplemelon f\u00fcr fruchtigen Genuss | ElementVape.de","description":"BANG KING 45000 Z\u00fcge bietet erfrischende Aromen wie Watermelon, Strawberry Ice Cream und Triplemelon f\u00fcr ein langanhaltendes Dampferlebnis.","robots":{"index":"index","follow":"follow","max-snippet":"max-snippet:-1","max-image-preview":"max-image-preview:large","max-video-preview":"max-video-preview:-1"},"canonical":"https:\/\/www.elementvape.de\/el\/produkt\/bang-king-45000-zuege-watermelon-strawberry-ice-cream-triplemelon-fuer-fruchtigen-genuss\/","og_locale":"el_GR","og_type":"article","og_title":"BANG KING 45000 Z\u00fcge Watermelon Strawberry Ice Cream Triplemelon f\u00fcr fruchtigen Genuss | ElementVape.de","og_description":"BANG KING 45000 Z\u00fcge bietet erfrischende Aromen wie Watermelon, Strawberry Ice Cream und Triplemelon f\u00fcr ein langanhaltendes Dampferlebnis.","og_url":"https:\/\/www.elementvape.de\/el\/produkt\/bang-king-45000-zuege-watermelon-strawberry-ice-cream-triplemelon-fuer-fruchtigen-genuss\/","og_site_name":"ElementVape.de","article_modified_time":"2025-06-21T06:06:46+00:00","og_image":[{"width":679,"height":750,"url":"https:\/\/www.elementvape.de\/wp-content\/uploads\/2025\/04\/bangking45k-Watermelon-Strawberry-Ice-Cream-Triplemelon.jpg","type":"image\/jpeg"}],"twitter_card":"summary_large_image","twitter_misc":{"Est. reading time":"2 \u03bb\u03b5\u03c0\u03c4\u03ac"},"schema":{"@context":"https:\/\/schema.org","@graph":[{"@type":"WebPage","@id":"https:\/\/www.elementvape.de\/fi\/produkt\/bang-king-45000-zuege-watermelon-strawberry-ice-cream-triplemelon-fuer-fruchtigen-genuss\/","url":"https:\/\/www.elementvape.de\/fi\/produkt\/bang-king-45000-zuege-watermelon-strawberry-ice-cream-triplemelon-fuer-fruchtigen-genuss\/","name":"BANG KING 45000 Z\u00fcge Watermelon Strawberry Ice Cream Triplemelon f\u00fcr fruchtigen Genuss | ElementVape.de","isPartOf":{"@id":"https:\/\/www.elementvape.de\/#website"},"primaryImageOfPage":{"@id":"https:\/\/www.elementvape.de\/fi\/produkt\/bang-king-45000-zuege-watermelon-strawberry-ice-cream-triplemelon-fuer-fruchtigen-genuss\/#primaryimage"},"image":{"@id":"https:\/\/www.elementvape.de\/fi\/produkt\/bang-king-45000-zuege-watermelon-strawberry-ice-cream-triplemelon-fuer-fruchtigen-genuss\/#primaryimage"},"thumbnailUrl":"https:\/\/www.elementvape.de\/wp-content\/uploads\/2025\/04\/bangking45k-Watermelon-Strawberry-Ice-Cream-Triplemelon.jpg","datePublished":"2025-04-19T06:24:14+00:00","dateModified":"2025-06-21T06:06:46+00:00","description":"BANG KING 45000 Z\u00fcge bietet erfrischende Aromen wie Watermelon, Strawberry Ice Cream und Triplemelon f\u00fcr ein langanhaltendes Dampferlebnis.","breadcrumb":{"@id":"https:\/\/www.elementvape.de\/fi\/produkt\/bang-king-45000-zuege-watermelon-strawberry-ice-cream-triplemelon-fuer-fruchtigen-genuss\/#breadcrumb"},"inLanguage":"el","potentialAction":[{"@type":"ReadAction","target":["https:\/\/www.elementvape.de\/fi\/produkt\/bang-king-45000-zuege-watermelon-strawberry-ice-cream-triplemelon-fuer-fruchtigen-genuss\/"]}]},{"@type":"ImageObject","inLanguage":"el","@id":"https:\/\/www.elementvape.de\/fi\/produkt\/bang-king-45000-zuege-watermelon-strawberry-ice-cream-triplemelon-fuer-fruchtigen-genuss\/#primaryimage","url":"https:\/\/www.elementvape.de\/wp-content\/uploads\/2025\/04\/bangking45k-Watermelon-Strawberry-Ice-Cream-Triplemelon.jpg","contentUrl":"https:\/\/www.elementvape.de\/wp-content\/uploads\/2025\/04\/bangking45k-Watermelon-Strawberry-Ice-Cream-Triplemelon.jpg","width":679,"height":750},{"@type":"BreadcrumbList","@id":"https:\/\/www.elementvape.de\/fi\/produkt\/bang-king-45000-zuege-watermelon-strawberry-ice-cream-triplemelon-fuer-fruchtigen-genuss\/#breadcrumb","itemListElement":[{"@type":"ListItem","position":1,"name":"Home","item":"https:\/\/www.elementvape.de\/"},{"@type":"ListItem","position":2,"name":"Shop","item":"https:\/\/www.elementvape.de\/shop\/"},{"@type":"ListItem","position":3,"name":"BANG KING 45000 Z\u00fcge Watermelon Strawberry Ice Cream Triplemelon f\u00fcr fruchtigen Genuss"}]},{"@type":"WebSite","@id":"https:\/\/www.elementvape.de\/#website","url":"https:\/\/www.elementvape.de\/","name":"ElementVape.de","description":"","publisher":{"@id":"https:\/\/www.elementvape.de\/#organization"},"potentialAction":[{"@type":"SearchAction","target":{"@type":"EntryPoint","urlTemplate":"https:\/\/www.elementvape.de\/?s={search_term_string}"},"query-input":"required name=search_term_string"}],"inLanguage":"el"},{"@type":"Organization","@id":"https:\/\/www.elementvape.de\/#organization","name":"ElementVape.DE","url":"https:\/\/www.elementvape.de\/","logo":{"@type":"ImageObject","inLanguage":"el","@id":"https:\/\/www.elementvape.de\/#\/schema\/logo\/image\/","url":"https:\/\/www.elementvape.de\/wp-content\/uploads\/2024\/09\/cropped-1elementvape-3.png","contentUrl":"https:\/\/www.elementvape.de\/wp-content\/uploads\/2024\/09\/cropped-1elementvape-3.png","width":285,"height":228,"caption":"ElementVape.DE"},"image":{"@id":"https:\/\/www.elementvape.de\/#\/schema\/logo\/image\/"}}]}},"_links":{"self":[{"href":"https:\/\/www.elementvape.de\/el\/wp-json\/wp\/v2\/product\/16322"}],"collection":[{"href":"https:\/\/www.elementvape.de\/el\/wp-json\/wp\/v2\/product"}],"about":[{"href":"https:\/\/www.elementvape.de\/el\/wp-json\/wp\/v2\/types\/product"}],"wp:featuredmedia":[{"embeddable":true,"href":"https:\/\/www.elementvape.de\/el\/wp-json\/wp\/v2\/media\/16300"}],"wp:attachment":[{"href":"https:\/\/www.elementvape.de\/el\/wp-json\/wp\/v2\/media?parent=16322"}],"wp:term":[{"taxonomy":"product_cat","embeddable":true,"href":"https:\/\/www.elementvape.de\/el\/wp-json\/wp\/v2\/product_cat?post=16322"},{"taxonomy":"product_tag","embeddable":true,"href":"https:\/\/www.elementvape.de\/el\/wp-json\/wp\/v2\/product_tag?post=16322"}],"curies":[{"name":"wp","href":"https:\/\/api.w.org\/{rel}","templated":true}]}}