{"id":13945,"date":"2024-08-22T07:44:09","date_gmt":"2024-08-22T07:44:09","guid":{"rendered":"https:\/\/www.elementvape.de\/?post_type=product&#038;p=13945"},"modified":"2024-12-12T06:34:04","modified_gmt":"2024-12-12T06:34:04","slug":"fruchtige-fusion-die-perfekte-mischung-aus-strawberry-kiwi-fuer-ultimative-frische","status":"publish","type":"product","link":"https:\/\/www.elementvape.de\/el\/produkt\/fruchtige-fusion-die-perfekte-mischung-aus-strawberry-kiwi-fuer-ultimative-frische\/","title":{"rendered":"\u03a6\u03c1\u03bf\u03c5\u03c4\u03ce\u03b4\u03b7\u03c2 \u03a3\u03c5\u03b3\u03c7\u03ce\u03bd\u03b5\u03c5\u03c3\u03b7 \u0397 \u03c4\u03ad\u03bb\u03b5\u03b9\u03b1 \u03bc\u03af\u03be\u03b7 \u03b1\u03c0\u03cc Strawberry Kiwi \u03b3\u03b9\u03b1 \u03b1\u03c0\u03cc\u03bb\u03c5\u03c4\u03b7 \u03c6\u03c1\u03b5\u03c3\u03ba\u03ac\u03b4\u03b1"},"content":{"rendered":"<table style=\"font-size: 16px;\">\n<thead>\n<tr>\n<th><strong>\u03a7\u03b1\u03c1\u03b1\u03ba\u03c4\u03b7\u03c1\u03b9\u03c3\u03c4\u03b9\u03ba\u03cc<\/strong><\/th>\n<th><strong>\u039b\u03b5\u03c0\u03c4\u03bf\u03bc\u03ad\u03c1\u03b5\u03b9\u03b5\u03c2<\/strong><\/th>\n<\/tr>\n<\/thead>\n<tbody>\n<tr>\n<td>\u0393\u03b5\u03cd\u03c3\u03b7<\/td>\n<td>\u03a6\u03c1\u03ac\u03bf\u03c5\u03bb\u03b1 \u039a\u03af\u03b9<\/td>\n<\/tr>\n<tr>\n<td>\u03a0\u03b5\u03c1\u03b9\u03b5\u03c7\u03cc\u03bc\u03b5\u03bd\u03bf N<\/td>\n<td>2% , 5%<\/td>\n<\/tr>\n<tr>\n<td>\u03a7\u03c9\u03c1\u03b7\u03c4\u03b9\u03ba\u03cc\u03c4\u03b7\u03c4\u03b1 Puff<\/td>\n<td>\u0388\u03c9\u03c2 15.000 \u03ba\u03b9\u03bd\u03ae\u03c3\u03b5\u03b9\u03c2<\/td>\n<\/tr>\n<tr>\n<td>\u03a7\u03c9\u03c1\u03b7\u03c4\u03b9\u03ba\u03cc\u03c4\u03b7\u03c4\u03b1 \u0397\u03bb\u03b5\u03ba\u03c4\u03c1\u03bf\u03bb\u03cd\u03c4\u03b7<\/td>\n<td>22ml<\/td>\n<\/tr>\n<tr>\n<td>\u03a4\u03b5\u03c7\u03bd\u03bf\u03bb\u03bf\u03b3\u03af\u03b1 \u03c0\u03b7\u03bd\u03af\u03bf\u03c5<\/td>\n<td>0,8\u03a9 \u03a0\u03bb\u03ad\u03b3\u03bc\u03b1\u03c2 \u039a\u03b5\u03c1\u03b1\u03bc\u03b9\u03ba\u03cc\u03c2 \u03b3\u03b9\u03b1 \u03c0\u03b9\u03bf \u03ad\u03bd\u03c4\u03bf\u03bd\u03b7 \u03b3\u03b5\u03cd\u03c3\u03b7 \u03ba\u03b1\u03b9 \u03c0\u03b5\u03c1\u03b9\u03c3\u03c3\u03cc\u03c4\u03b5\u03c1\u03bf \u03b1\u03c4\u03bc\u03cc<\/td>\n<\/tr>\n<tr>\n<td>\u039f\u03b8\u03cc\u03bd\u03b7<\/td>\n<td>\u039f\u03b8\u03cc\u03bd\u03b7 LCD \u03b3\u03b9\u03b1 \u03b5\u03bc\u03c6\u03ac\u03bd\u03b9\u03c3\u03b7 \u03c0\u03bb\u03b7\u03c1\u03bf\u03c6\u03bf\u03c1\u03b9\u03ce\u03bd \u03c3\u03b5 \u03c0\u03c1\u03b1\u03b3\u03bc\u03b1\u03c4\u03b9\u03ba\u03cc \u03c7\u03c1\u03cc\u03bd\u03bf<\/td>\n<\/tr>\n<tr>\n<td>\u039c\u03c0\u03b1\u03c4\u03b1\u03c1\u03af\u03b1<\/td>\n<td>\u0395\u03c0\u03b1\u03bd\u03b1\u03c6\u03bf\u03c1\u03c4\u03b9\u03b6\u03cc\u03bc\u03b5\u03bd\u03b7 \u03bc\u03c0\u03b1\u03c4\u03b1\u03c1\u03af\u03b1 850mAh<\/td>\n<\/tr>\n<tr>\n<td>\u03a3\u03cd\u03bd\u03b4\u03b5\u03c3\u03b7 \u03a6\u03cc\u03c1\u03c4\u03b9\u03c3\u03b7\u03c2<\/td>\n<td>\u0398\u03cd\u03c1\u03b1 Type-C<\/td>\n<\/tr>\n<\/tbody>\n<\/table>\n<hr \/>\n<h3>\u03a6\u03c1\u03bf\u03c5\u03c4\u03ce\u03b4\u03b7\u03c2 \u03a3\u03c5\u03b3\u03c7\u03ce\u03bd\u03b5\u03c5\u03c3\u03b7: \u039f \u03c4\u03ad\u03bb\u03b5\u03b9\u03bf\u03c2 \u03c3\u03c5\u03bd\u03b4\u03c5\u03b1\u03c3\u03bc\u03cc\u03c2 Strawberry Kiwi \u03b3\u03b9\u03b1 \u03b1\u03c0\u03cc\u03bb\u03c5\u03c4\u03b7 \u03c6\u03c1\u03b5\u03c3\u03ba\u03ac\u03b4\u03b1<\/h3>\n<h4>\u03a0\u03b9\u03bf \u03ad\u03bd\u03c4\u03bf\u03bd\u03b7 \u03b3\u03b5\u03cd\u03c3\u03b7 \u03c6\u03c1\u03bf\u03cd\u03c4\u03c9\u03bd \u03c3\u03b5 \u03ba\u03ac\u03b8\u03b5 \u03b5\u03b9\u03c3\u03c0\u03bd\u03bf\u03ae<\/h4>\n<p>\u039f <strong>WASPE 15000 \u0391\u03bd\u03b1\u03c0\u03bb\u03ae\u03c1\u03c9\u03c3\u03b7<\/strong> \u03c3\u03b1\u03c2 \u03c0\u03c1\u03bf\u03c3\u03c6\u03ad\u03c1\u03b5\u03b9 \u03ad\u03bd\u03b1\u03bd \u03b1\u03bd\u03b5\u03c0\u03b1\u03bd\u03ac\u03bb\u03b7\u03c0\u03c4\u03bf \u03c3\u03c5\u03bd\u03b4\u03c5\u03b1\u03c3\u03bc\u03cc \u03b3\u03bb\u03c5\u03ba\u03b9\u03ac\u03c2 \u03c6\u03c1\u03ac\u03bf\u03c5\u03bb\u03b1\u03c2 \u03ba\u03b1\u03b9 \u03b4\u03c1\u03bf\u03c3\u03b5\u03c1\u03ae\u03c2 \u03b1\u03ba\u03c4\u03b9\u03bd\u03af\u03b4\u03b9\u03bf. \u0391\u03c5\u03c4\u03ae \u03b7 \u03c6\u03c1\u03bf\u03c5\u03c4\u03ce\u03b4\u03b7\u03c2 \u03c3\u03c5\u03b3\u03c7\u03ce\u03bd\u03b5\u03c5\u03c3\u03b7 \u03c0\u03b1\u03c1\u03ad\u03c7\u03b5\u03b9 \u03c3\u03b5 \u03ba\u03ac\u03b8\u03b5 \u03b5\u03b9\u03c3\u03c0\u03bd\u03bf\u03ae \u03bc\u03b9\u03b1 \u03ad\u03bd\u03c4\u03bf\u03bd\u03b7 \u03ad\u03ba\u03c1\u03b7\u03be\u03b7 \u03b3\u03b5\u03cd\u03c3\u03b7\u03c2 \u03c0\u03bf\u03c5 \u03b1\u03bd\u03b1\u03b6\u03c9\u03bf\u03b3\u03bf\u03bd\u03b5\u03af \u03c4\u03b9\u03c2 \u03b1\u03b9\u03c3\u03b8\u03ae\u03c3\u03b5\u03b9\u03c2 \u03c3\u03b1\u03c2. \u0397 \u03b9\u03c3\u03bf\u03c1\u03c1\u03bf\u03c0\u03af\u03b1 \u03bc\u03b5\u03c4\u03b1\u03be\u03cd \u03c4\u03b7\u03c2 \u03b6\u03bf\u03c5\u03bc\u03b5\u03c1\u03ae\u03c2 \u03b3\u03bb\u03c5\u03ba\u03cd\u03c4\u03b7\u03c4\u03b1\u03c2 \u03c4\u03b7\u03c2 \u03c6\u03c1\u03ac\u03bf\u03c5\u03bb\u03b1\u03c2 \u03ba\u03b1\u03b9 \u03c4\u03b7\u03c2 \u03b1\u03bd\u03b1\u03b6\u03c9\u03bf\u03b3\u03bf\u03bd\u03b7\u03c4\u03b9\u03ba\u03ae\u03c2 \u03c6\u03c1\u03b5\u03c3\u03ba\u03ac\u03b4\u03b1\u03c2 \u03c4\u03bf\u03c5 \u03b1\u03ba\u03c4\u03b9\u03bd\u03b9\u03b4\u03af\u03bf\u03c5 \u03b5\u03be\u03b1\u03c3\u03c6\u03b1\u03bb\u03af\u03b6\u03b5\u03b9 \u03bc\u03b9\u03b1 \u03b5\u03be\u03b1\u03b9\u03c1\u03b5\u03c4\u03b9\u03ba\u03ae \u03b5\u03bc\u03c0\u03b5\u03b9\u03c1\u03af\u03b1 \u03b1\u03c4\u03bc\u03af\u03c3\u03bc\u03b1\u03c4\u03bf\u03c2, \u03c0\u03bf\u03c5 \u03b8\u03b1 \u03b8\u03ad\u03bb\u03b5\u03c4\u03b5 \u03bd\u03b1 \u03be\u03b1\u03bd\u03b1\u03b6\u03ae\u03c3\u03b5\u03c4\u03b5.<\/p>\n<p>\u0397 \u03c4\u03b5\u03c7\u03bd\u03bf\u03bb\u03bf\u03b3\u03af\u03b1 Mesh Coil \u03c4\u03b7\u03c2 \u03c3\u03c5\u03c3\u03ba\u03b5\u03c5\u03ae\u03c2 \u03bc\u03b5\u03b3\u03b9\u03c3\u03c4\u03bf\u03c0\u03bf\u03b9\u03b5\u03af \u03c4\u03b9\u03c2 \u03b3\u03b5\u03cd\u03c3\u03b5\u03b9\u03c2 \u03ba\u03b1\u03b9 \u03b5\u03b3\u03b3\u03c5\u03ac\u03c4\u03b1\u03b9 \u03cc\u03c4\u03b9 \u03b8\u03b1 \u03b2\u03b9\u03ce\u03c3\u03b5\u03c4\u03b5 \u03c4\u03b7\u03bd \u03c0\u03bb\u03ae\u03c1\u03b7 \u03b3\u03b5\u03cd\u03c3\u03b7 \u03c4\u03bf\u03c5 Strawberry Kiwi \u03c3\u03b5 \u03ba\u03ac\u03b8\u03b5 \u03b5\u03b9\u03c3\u03c0\u03bd\u03bf\u03ae. \u0397 \u03c0\u03c1\u03bf\u03b7\u03b3\u03bc\u03ad\u03bd\u03b7 \u03c4\u03b5\u03c7\u03bd\u03bf\u03bb\u03bf\u03b3\u03af\u03b1 \u03b1\u03c4\u03bc\u03af\u03c3\u03bc\u03b1\u03c4\u03bf\u03c2 \u03b4\u03b9\u03b1\u03c3\u03c6\u03b1\u03bb\u03af\u03b6\u03b5\u03b9 \u03cc\u03c4\u03b9 \u03c4\u03b1 \u03c0\u03c1\u03bf\u03c6\u03af\u03bb \u03b3\u03b5\u03cd\u03c3\u03b7\u03c2 \u03c0\u03b1\u03c1\u03b1\u03bc\u03ad\u03bd\u03bf\u03c5\u03bd \u03ba\u03b1\u03b8\u03b1\u03c1\u03ac \u03ba\u03b1\u03b9 \u03ad\u03bd\u03c4\u03bf\u03bd\u03b1, \u03ce\u03c3\u03c4\u03b5 \u03bd\u03b1 \u03b1\u03c0\u03bf\u03bb\u03b1\u03bc\u03b2\u03ac\u03bd\u03b5\u03c4\u03b5 \u03c4\u03b7 \u03c6\u03c1\u03bf\u03c5\u03c4\u03ce\u03b4\u03b7 \u03b1\u03c0\u03cc\u03bb\u03b1\u03c5\u03c3\u03b7 \u03c3\u03c4\u03b7\u03bd \u03ba\u03b1\u03bb\u03cd\u03c4\u03b5\u03c1\u03b7 \u03c4\u03b7\u03c2 \u03bc\u03bf\u03c1\u03c6\u03ae.<\/p>\n<h4>\u039c\u03b1\u03ba\u03c1\u03bf\u03c7\u03c1\u03cc\u03bd\u03b9\u03b1 \u03b1\u03c0\u03cc\u03bb\u03b1\u03c5\u03c3\u03b7 \u03bc\u03b5 \u03c5\u03c8\u03b7\u03bb\u03ae \u03c7\u03c9\u03c1\u03b7\u03c4\u03b9\u03ba\u03cc\u03c4\u03b7\u03c4\u03b1<\/h4>\n<p>\u039c\u03b5 \u03c7\u03c9\u03c1\u03b7\u03c4\u03b9\u03ba\u03cc\u03c4\u03b7\u03c4\u03b1 \u03ad\u03c9\u03c2 \u03ba\u03b1\u03b9 15.000 \u03b5\u03b9\u03c3\u03c0\u03bd\u03bf\u03ad\u03c2, \u03bf <strong>WASPE 15000 \u0391\u03bd\u03b1\u03c0\u03bb\u03ae\u03c1\u03c9\u03c3\u03b7<\/strong> \u03bc\u03b1\u03ba\u03c1\u03ac\u03c2 \u03b4\u03b9\u03ac\u03c1\u03ba\u03b5\u03b9\u03b1\u03c2 \u03b1\u03c0\u03cc\u03bb\u03b1\u03c5\u03c3\u03b7 \u03c4\u03b7\u03c2 \u03b1\u03b3\u03b1\u03c0\u03b7\u03bc\u03ad\u03bd\u03b7\u03c2 \u03c3\u03b1\u03c2 \u03b3\u03b5\u03cd\u03c3\u03b7\u03c2, \u03c7\u03c9\u03c1\u03af\u03c2 \u03bd\u03b1 \u03c7\u03c1\u03b5\u03b9\u03ac\u03b6\u03b5\u03c4\u03b1\u03b9 \u03c3\u03c5\u03c7\u03bd\u03ac \u03bd\u03b1 \u03be\u03b1\u03bd\u03b1\u03b3\u03b5\u03bc\u03af\u03b6\u03b5\u03c4\u03b5. \u039f \u03b5\u03c5\u03c1\u03cd\u03c7\u03c9\u03c1\u03bf\u03c2 \u03ba\u03ac\u03b4\u03bf\u03c2 22ml \u03b3\u03b9\u03b1 \u03c5\u03b3\u03c1\u03cc \u03b5\u03c0\u03b9\u03c4\u03c1\u03ad\u03c0\u03b5\u03b9 \u03c0\u03b1\u03c1\u03b1\u03c4\u03b5\u03c4\u03b1\u03bc\u03ad\u03bd\u03b7 \u03b4\u03b9\u03ac\u03c1\u03ba\u03b5\u03b9\u03b1 \u03b1\u03c4\u03bc\u03af\u03c3\u03bc\u03b1\u03c4\u03bf\u03c2, \u03ce\u03c3\u03c4\u03b5 \u03bd\u03b1 \u03c0\u03b5\u03c1\u03bd\u03ac\u03c4\u03b5 \u03c0\u03b5\u03c1\u03b9\u03c3\u03c3\u03cc\u03c4\u03b5\u03c1\u03bf \u03c7\u03c1\u03cc\u03bd\u03bf \u03bc\u03b5 \u03c4\u03b7 \u03b4\u03c1\u03bf\u03c3\u03b5\u03c1\u03ae \u03b3\u03b5\u03cd\u03c3\u03b7 Strawberry Kiwi.<\/p>\n<p>\u0397 \u03b9\u03c3\u03c7\u03c5\u03c1\u03ae \u03bc\u03c0\u03b1\u03c4\u03b1\u03c1\u03af\u03b1 850mAh \u03c6\u03bf\u03c1\u03c4\u03af\u03b6\u03b5\u03b9 \u03b3\u03c1\u03ae\u03b3\u03bf\u03c1\u03b1 \u03bc\u03ad\u03c3\u03c9 \u03c4\u03b7\u03c2 \u03b8\u03cd\u03c1\u03b1\u03c2 Type-C, \u03b5\u03c0\u03b9\u03c4\u03c1\u03ad\u03c0\u03bf\u03bd\u03c4\u03b1\u03c2 \u03b5\u03cd\u03ba\u03bf\u03bb\u03b7 \u03ba\u03b1\u03b9 \u03b3\u03c1\u03ae\u03b3\u03bf\u03c1\u03b7 \u03b1\u03bd\u03b1\u03c0\u03bb\u03ae\u03c1\u03c9\u03c3\u03b7 \u03b5\u03bd\u03ad\u03c1\u03b3\u03b5\u03b9\u03b1\u03c2. \u0391\u03c5\u03c4\u03cc \u03b4\u03b9\u03b1\u03c3\u03c6\u03b1\u03bb\u03af\u03b6\u03b5\u03b9 \u03cc\u03c4\u03b9 \u03b5\u03af\u03c3\u03c4\u03b5 \u03c0\u03ac\u03bd\u03c4\u03b1 \u03ad\u03c4\u03bf\u03b9\u03bc\u03bf\u03b9 \u03b3\u03b9\u03b1 \u03bc\u03b9\u03b1 \u03bd\u03ad\u03b1 \u03b5\u03bc\u03c0\u03b5\u03b9\u03c1\u03af\u03b1 \u03c6\u03c1\u03bf\u03c5\u03c4\u03ce\u03b4\u03bf\u03c5\u03c2 \u03b1\u03c4\u03bc\u03af\u03c3\u03bc\u03b1\u03c4\u03bf\u03c2 \u03ba\u03b1\u03b9 \u03b4\u03b5\u03bd \u03c7\u03c1\u03b5\u03b9\u03ac\u03b6\u03b5\u03c4\u03b1\u03b9 \u03bd\u03b1 \u03c0\u03b5\u03c1\u03b9\u03bc\u03ad\u03bd\u03b5\u03c4\u03b5 \u03c0\u03bf\u03bb\u03cd \u03b3\u03b9\u03b1 \u03c4\u03bf \u03b5\u03c0\u03cc\u03bc\u03b5\u03bd\u03bf \u03c4\u03c3\u03b9\u03b3\u03ac\u03c1\u03bf \u03c3\u03b1\u03c2.<\/p>\n<p><img loading=\"lazy\" decoding=\"async\" class=\"size-medium wp-image-13947\" src=\"https:\/\/www.elementvape.de\/wp-content\/uploads\/2024\/08\/Strawberry-Kiwi1-300x300.jpg\" alt=\"\u03a6\u03c1\u03ac\u03bf\u03c5\u03bb\u03b1 \u039a\u03af\u03c4\u03c1\u03b91\" width=\"300\" height=\"300\" srcset=\"https:\/\/www.elementvape.de\/wp-content\/uploads\/2024\/08\/Strawberry-Kiwi1-300x300.jpg 300w, https:\/\/www.elementvape.de\/wp-content\/uploads\/2024\/08\/Strawberry-Kiwi1-1024x1024.jpg 1024w, https:\/\/www.elementvape.de\/wp-content\/uploads\/2024\/08\/Strawberry-Kiwi1-150x150.jpg 150w, https:\/\/www.elementvape.de\/wp-content\/uploads\/2024\/08\/Strawberry-Kiwi1-768x768.jpg 768w, https:\/\/www.elementvape.de\/wp-content\/uploads\/2024\/08\/Strawberry-Kiwi1-600x600.jpg 600w, https:\/\/www.elementvape.de\/wp-content\/uploads\/2024\/08\/Strawberry-Kiwi1-100x100.jpg 100w, https:\/\/www.elementvape.de\/wp-content\/uploads\/2024\/08\/Strawberry-Kiwi1-50x50.jpg 50w, https:\/\/www.elementvape.de\/wp-content\/uploads\/2024\/08\/Strawberry-Kiwi1.jpg 1200w\" sizes=\"(max-width: 300px) 100vw, 300px\" \/><\/p>","protected":false},"excerpt":{"rendered":"<p>Merkmal Details Geschmack Strawberry Kiwi N-Gehalt 2% , 5% Puff-Kapazit\u00e4t Bis zu 15.000 Z\u00fcge E-Liquid-Kapazit\u00e4t 22ml Coil-Technologie 0,8\u03a9 Mesh Coil f\u00fcr intensiveren Geschmack und mehr Dampf Display LCD-Display zur Anzeige von Echtzeitinformationen Batterie Wiederaufladbarer 850mAh Akku Ladeanschluss Type-C Port Fruchtige Fusion: Die perfekte Mischung aus Strawberry Kiwi f\u00fcr ultimative Frische Intensiver Fruchtgenuss bei jedem Zug [&hellip;]<\/p>","protected":false},"featured_media":13946,"template":"","meta":{"inline_featured_image":false},"product_cat":[15,78,735,746,741,733,744,755,738,751,732,723],"product_tag":[710,674],"tiered_pricing_type":"fixed","tiered_pricing_fixed_rules":{"110":"7.91","200":"7.03","500":"6.15"},"tiered_pricing_percentage_rules":[],"tiered_pricing_minimum":1,"_administrator_tiered_pricing_type":"fixed","_administrator_tiered_pricing_fixed_rules":[],"_editor_tiered_pricing_type":"fixed","_editor_tiered_pricing_fixed_rules":[],"_author_tiered_pricing_type":"fixed","_author_tiered_pricing_fixed_rules":[],"_contributor_tiered_pricing_type":"fixed","_contributor_tiered_pricing_fixed_rules":[],"_subscriber_tiered_pricing_type":"fixed","_subscriber_tiered_pricing_fixed_rules":[],"_customer_tiered_pricing_type":"fixed","_customer_tiered_pricing_fixed_rules":[],"_shop_manager_tiered_pricing_type":"fixed","_shop_manager_tiered_pricing_fixed_rules":[],"_wpseo_manager_tiered_pricing_type":"fixed","_wpseo_manager_tiered_pricing_fixed_rules":[],"_wpseo_editor_tiered_pricing_type":"fixed","_wpseo_editor_tiered_pricing_fixed_rules":[],"_wholesale_customer_tiered_pricing_type":"fixed","_wholesale_customer_tiered_pricing_fixed_rules":[],"_marketer_tiered_pricing_type":"fixed","_marketer_tiered_pricing_fixed_rules":[],"_sales_manager_tiered_pricing_type":"fixed","_sales_manager_tiered_pricing_fixed_rules":[],"_sales_rep_tiered_pricing_type":"fixed","_sales_rep_tiered_pricing_fixed_rules":[],"yoast_head":"<!-- This site is optimized with the Yoast SEO plugin v23.3 - https:\/\/yoast.com\/wordpress\/plugins\/seo\/ -->\n<title>Fruchtige Fusion Die perfekte Mischung aus Strawberry Kiwi f\u00fcr ultimative Frische | ElementVape.de<\/title>\n<meta name=\"description\" content=\"Wir bieten Fruchtige Fusion Die perfekte Mischung aus Strawberry Kiwi f\u00fcr ultimative Frische , Elementvape.de akzeptieren Gro\u00df-und Einzelhandel Bestellungen.\" \/>\n<meta name=\"robots\" content=\"index, follow, max-snippet:-1, max-image-preview:large, max-video-preview:-1\" \/>\n<link rel=\"canonical\" href=\"https:\/\/www.elementvape.de\/el\/produkt\/fruchtige-fusion-die-perfekte-mischung-aus-strawberry-kiwi-fuer-ultimative-frische\/\" \/>\n<meta property=\"og:locale\" content=\"el_GR\" \/>\n<meta property=\"og:type\" content=\"article\" \/>\n<meta property=\"og:title\" content=\"Fruchtige Fusion Die perfekte Mischung aus Strawberry Kiwi f\u00fcr ultimative Frische | ElementVape.de\" \/>\n<meta property=\"og:description\" content=\"Wir bieten Fruchtige Fusion Die perfekte Mischung aus Strawberry Kiwi f\u00fcr ultimative Frische , Elementvape.de akzeptieren Gro\u00df-und Einzelhandel Bestellungen.\" \/>\n<meta property=\"og:url\" content=\"https:\/\/www.elementvape.de\/el\/produkt\/fruchtige-fusion-die-perfekte-mischung-aus-strawberry-kiwi-fuer-ultimative-frische\/\" \/>\n<meta property=\"og:site_name\" content=\"ElementVape.de\" \/>\n<meta property=\"article:modified_time\" content=\"2024-12-12T06:34:04+00:00\" \/>\n<meta property=\"og:image\" content=\"https:\/\/www.elementvape.de\/wp-content\/uploads\/2024\/08\/Strawberry-Kiwi-1.jpg\" \/>\n\t<meta property=\"og:image:width\" content=\"1920\" \/>\n\t<meta property=\"og:image:height\" content=\"1536\" \/>\n\t<meta property=\"og:image:type\" content=\"image\/jpeg\" \/>\n<meta name=\"twitter:card\" content=\"summary_large_image\" \/>\n<meta name=\"twitter:label1\" content=\"Est. reading time\" \/>\n\t<meta name=\"twitter:data1\" content=\"2 \u03bb\u03b5\u03c0\u03c4\u03ac\" \/>\n<script type=\"application\/ld+json\" class=\"yoast-schema-graph\">{\"@context\":\"https:\/\/schema.org\",\"@graph\":[{\"@type\":\"WebPage\",\"@id\":\"https:\/\/www.elementvape.de\/produkt\/fruchtige-fusion-die-perfekte-mischung-aus-strawberry-kiwi-fuer-ultimative-frische\/\",\"url\":\"https:\/\/www.elementvape.de\/produkt\/fruchtige-fusion-die-perfekte-mischung-aus-strawberry-kiwi-fuer-ultimative-frische\/\",\"name\":\"Fruchtige Fusion Die perfekte Mischung aus Strawberry Kiwi f\u00fcr ultimative Frische | ElementVape.de\",\"isPartOf\":{\"@id\":\"https:\/\/www.elementvape.de\/#website\"},\"primaryImageOfPage\":{\"@id\":\"https:\/\/www.elementvape.de\/produkt\/fruchtige-fusion-die-perfekte-mischung-aus-strawberry-kiwi-fuer-ultimative-frische\/#primaryimage\"},\"image\":{\"@id\":\"https:\/\/www.elementvape.de\/produkt\/fruchtige-fusion-die-perfekte-mischung-aus-strawberry-kiwi-fuer-ultimative-frische\/#primaryimage\"},\"thumbnailUrl\":\"https:\/\/www.elementvape.de\/wp-content\/uploads\/2024\/08\/Strawberry-Kiwi-1.jpg\",\"datePublished\":\"2024-08-22T07:44:09+00:00\",\"dateModified\":\"2024-12-12T06:34:04+00:00\",\"description\":\"Wir bieten Fruchtige Fusion Die perfekte Mischung aus Strawberry Kiwi f\u00fcr ultimative Frische , Elementvape.de akzeptieren Gro\u00df-und Einzelhandel Bestellungen.\",\"breadcrumb\":{\"@id\":\"https:\/\/www.elementvape.de\/produkt\/fruchtige-fusion-die-perfekte-mischung-aus-strawberry-kiwi-fuer-ultimative-frische\/#breadcrumb\"},\"inLanguage\":\"el\",\"potentialAction\":[{\"@type\":\"ReadAction\",\"target\":[\"https:\/\/www.elementvape.de\/produkt\/fruchtige-fusion-die-perfekte-mischung-aus-strawberry-kiwi-fuer-ultimative-frische\/\"]}]},{\"@type\":\"ImageObject\",\"inLanguage\":\"el\",\"@id\":\"https:\/\/www.elementvape.de\/produkt\/fruchtige-fusion-die-perfekte-mischung-aus-strawberry-kiwi-fuer-ultimative-frische\/#primaryimage\",\"url\":\"https:\/\/www.elementvape.de\/wp-content\/uploads\/2024\/08\/Strawberry-Kiwi-1.jpg\",\"contentUrl\":\"https:\/\/www.elementvape.de\/wp-content\/uploads\/2024\/08\/Strawberry-Kiwi-1.jpg\",\"width\":1920,\"height\":1536,\"caption\":\"Strawberry Kiwi\"},{\"@type\":\"BreadcrumbList\",\"@id\":\"https:\/\/www.elementvape.de\/produkt\/fruchtige-fusion-die-perfekte-mischung-aus-strawberry-kiwi-fuer-ultimative-frische\/#breadcrumb\",\"itemListElement\":[{\"@type\":\"ListItem\",\"position\":1,\"name\":\"Home\",\"item\":\"https:\/\/www.elementvape.de\/\"},{\"@type\":\"ListItem\",\"position\":2,\"name\":\"Shop\",\"item\":\"https:\/\/www.elementvape.de\/shop\/\"},{\"@type\":\"ListItem\",\"position\":3,\"name\":\"Fruchtige Fusion Die perfekte Mischung aus Strawberry Kiwi f\u00fcr ultimative Frische\"}]},{\"@type\":\"WebSite\",\"@id\":\"https:\/\/www.elementvape.de\/#website\",\"url\":\"https:\/\/www.elementvape.de\/\",\"name\":\"ElementVape.de\",\"description\":\"\",\"publisher\":{\"@id\":\"https:\/\/www.elementvape.de\/#organization\"},\"potentialAction\":[{\"@type\":\"SearchAction\",\"target\":{\"@type\":\"EntryPoint\",\"urlTemplate\":\"https:\/\/www.elementvape.de\/?s={search_term_string}\"},\"query-input\":\"required name=search_term_string\"}],\"inLanguage\":\"el\"},{\"@type\":\"Organization\",\"@id\":\"https:\/\/www.elementvape.de\/#organization\",\"name\":\"ElementVape.DE\",\"url\":\"https:\/\/www.elementvape.de\/\",\"logo\":{\"@type\":\"ImageObject\",\"inLanguage\":\"el\",\"@id\":\"https:\/\/www.elementvape.de\/#\/schema\/logo\/image\/\",\"url\":\"https:\/\/www.elementvape.de\/wp-content\/uploads\/2024\/09\/cropped-1elementvape-3.png\",\"contentUrl\":\"https:\/\/www.elementvape.de\/wp-content\/uploads\/2024\/09\/cropped-1elementvape-3.png\",\"width\":285,\"height\":228,\"caption\":\"ElementVape.DE\"},\"image\":{\"@id\":\"https:\/\/www.elementvape.de\/#\/schema\/logo\/image\/\"}}]}<\/script>\n<!-- \/ Yoast SEO plugin. -->","yoast_head_json":{"title":"Fruchtige Fusion Die perfekte Mischung aus Strawberry Kiwi f\u00fcr ultimative Frische | ElementVape.de","description":"Wir bieten Fruchtige Fusion Die perfekte Mischung aus Strawberry Kiwi f\u00fcr ultimative Frische , Elementvape.de akzeptieren Gro\u00df-und Einzelhandel Bestellungen.","robots":{"index":"index","follow":"follow","max-snippet":"max-snippet:-1","max-image-preview":"max-image-preview:large","max-video-preview":"max-video-preview:-1"},"canonical":"https:\/\/www.elementvape.de\/el\/produkt\/fruchtige-fusion-die-perfekte-mischung-aus-strawberry-kiwi-fuer-ultimative-frische\/","og_locale":"el_GR","og_type":"article","og_title":"Fruchtige Fusion Die perfekte Mischung aus Strawberry Kiwi f\u00fcr ultimative Frische | ElementVape.de","og_description":"Wir bieten Fruchtige Fusion Die perfekte Mischung aus Strawberry Kiwi f\u00fcr ultimative Frische , Elementvape.de akzeptieren Gro\u00df-und Einzelhandel Bestellungen.","og_url":"https:\/\/www.elementvape.de\/el\/produkt\/fruchtige-fusion-die-perfekte-mischung-aus-strawberry-kiwi-fuer-ultimative-frische\/","og_site_name":"ElementVape.de","article_modified_time":"2024-12-12T06:34:04+00:00","og_image":[{"width":1920,"height":1536,"url":"https:\/\/www.elementvape.de\/wp-content\/uploads\/2024\/08\/Strawberry-Kiwi-1.jpg","type":"image\/jpeg"}],"twitter_card":"summary_large_image","twitter_misc":{"Est. reading time":"2 \u03bb\u03b5\u03c0\u03c4\u03ac"},"schema":{"@context":"https:\/\/schema.org","@graph":[{"@type":"WebPage","@id":"https:\/\/www.elementvape.de\/produkt\/fruchtige-fusion-die-perfekte-mischung-aus-strawberry-kiwi-fuer-ultimative-frische\/","url":"https:\/\/www.elementvape.de\/produkt\/fruchtige-fusion-die-perfekte-mischung-aus-strawberry-kiwi-fuer-ultimative-frische\/","name":"Fruchtige Fusion Die perfekte Mischung aus Strawberry Kiwi f\u00fcr ultimative Frische | ElementVape.de","isPartOf":{"@id":"https:\/\/www.elementvape.de\/#website"},"primaryImageOfPage":{"@id":"https:\/\/www.elementvape.de\/produkt\/fruchtige-fusion-die-perfekte-mischung-aus-strawberry-kiwi-fuer-ultimative-frische\/#primaryimage"},"image":{"@id":"https:\/\/www.elementvape.de\/produkt\/fruchtige-fusion-die-perfekte-mischung-aus-strawberry-kiwi-fuer-ultimative-frische\/#primaryimage"},"thumbnailUrl":"https:\/\/www.elementvape.de\/wp-content\/uploads\/2024\/08\/Strawberry-Kiwi-1.jpg","datePublished":"2024-08-22T07:44:09+00:00","dateModified":"2024-12-12T06:34:04+00:00","description":"Wir bieten Fruchtige Fusion Die perfekte Mischung aus Strawberry Kiwi f\u00fcr ultimative Frische , Elementvape.de akzeptieren Gro\u00df-und Einzelhandel Bestellungen.","breadcrumb":{"@id":"https:\/\/www.elementvape.de\/produkt\/fruchtige-fusion-die-perfekte-mischung-aus-strawberry-kiwi-fuer-ultimative-frische\/#breadcrumb"},"inLanguage":"el","potentialAction":[{"@type":"ReadAction","target":["https:\/\/www.elementvape.de\/produkt\/fruchtige-fusion-die-perfekte-mischung-aus-strawberry-kiwi-fuer-ultimative-frische\/"]}]},{"@type":"ImageObject","inLanguage":"el","@id":"https:\/\/www.elementvape.de\/produkt\/fruchtige-fusion-die-perfekte-mischung-aus-strawberry-kiwi-fuer-ultimative-frische\/#primaryimage","url":"https:\/\/www.elementvape.de\/wp-content\/uploads\/2024\/08\/Strawberry-Kiwi-1.jpg","contentUrl":"https:\/\/www.elementvape.de\/wp-content\/uploads\/2024\/08\/Strawberry-Kiwi-1.jpg","width":1920,"height":1536,"caption":"Strawberry Kiwi"},{"@type":"BreadcrumbList","@id":"https:\/\/www.elementvape.de\/produkt\/fruchtige-fusion-die-perfekte-mischung-aus-strawberry-kiwi-fuer-ultimative-frische\/#breadcrumb","itemListElement":[{"@type":"ListItem","position":1,"name":"Home","item":"https:\/\/www.elementvape.de\/"},{"@type":"ListItem","position":2,"name":"Shop","item":"https:\/\/www.elementvape.de\/shop\/"},{"@type":"ListItem","position":3,"name":"Fruchtige Fusion Die perfekte Mischung aus Strawberry Kiwi f\u00fcr ultimative Frische"}]},{"@type":"WebSite","@id":"https:\/\/www.elementvape.de\/#website","url":"https:\/\/www.elementvape.de\/","name":"ElementVape.de","description":"","publisher":{"@id":"https:\/\/www.elementvape.de\/#organization"},"potentialAction":[{"@type":"SearchAction","target":{"@type":"EntryPoint","urlTemplate":"https:\/\/www.elementvape.de\/?s={search_term_string}"},"query-input":"required name=search_term_string"}],"inLanguage":"el"},{"@type":"Organization","@id":"https:\/\/www.elementvape.de\/#organization","name":"ElementVape.DE","url":"https:\/\/www.elementvape.de\/","logo":{"@type":"ImageObject","inLanguage":"el","@id":"https:\/\/www.elementvape.de\/#\/schema\/logo\/image\/","url":"https:\/\/www.elementvape.de\/wp-content\/uploads\/2024\/09\/cropped-1elementvape-3.png","contentUrl":"https:\/\/www.elementvape.de\/wp-content\/uploads\/2024\/09\/cropped-1elementvape-3.png","width":285,"height":228,"caption":"ElementVape.DE"},"image":{"@id":"https:\/\/www.elementvape.de\/#\/schema\/logo\/image\/"}}]}},"_links":{"self":[{"href":"https:\/\/www.elementvape.de\/el\/wp-json\/wp\/v2\/product\/13945"}],"collection":[{"href":"https:\/\/www.elementvape.de\/el\/wp-json\/wp\/v2\/product"}],"about":[{"href":"https:\/\/www.elementvape.de\/el\/wp-json\/wp\/v2\/types\/product"}],"wp:featuredmedia":[{"embeddable":true,"href":"https:\/\/www.elementvape.de\/el\/wp-json\/wp\/v2\/media\/13946"}],"wp:attachment":[{"href":"https:\/\/www.elementvape.de\/el\/wp-json\/wp\/v2\/media?parent=13945"}],"wp:term":[{"taxonomy":"product_cat","embeddable":true,"href":"https:\/\/www.elementvape.de\/el\/wp-json\/wp\/v2\/product_cat?post=13945"},{"taxonomy":"product_tag","embeddable":true,"href":"https:\/\/www.elementvape.de\/el\/wp-json\/wp\/v2\/product_tag?post=13945"}],"curies":[{"name":"wp","href":"https:\/\/api.w.org\/{rel}","templated":true}]}}