{"id":13943,"date":"2024-08-22T07:32:05","date_gmt":"2024-08-22T07:32:05","guid":{"rendered":"https:\/\/www.elementvape.de\/?post_type=product&#038;p=13943"},"modified":"2024-12-12T06:34:06","modified_gmt":"2024-12-12T06:34:06","slug":"doppelte-frische-double-apple-der-geschmack-der-jeden-zug-unvergesslich-macht","status":"publish","type":"product","link":"https:\/\/www.elementvape.de\/el\/produkt\/doppelte-frische-double-apple-der-geschmack-der-jeden-zug-unvergesslich-macht\/","title":{"rendered":"\u0394\u03b9\u03c0\u03bb\u03ae \u03c6\u03c1\u03b5\u03c3\u03ba\u03ac\u03b4\u03b1 Double Apple \u2013 \u03b7 \u03b3\u03b5\u03cd\u03c3\u03b7 \u03c0\u03bf\u03c5 \u03ba\u03b1\u03b8\u03b9\u03c3\u03c4\u03ac \u03ba\u03ac\u03b8\u03b5 \u03c4\u03b6\u03bf\u03cd\u03c1\u03b1 \u03b1\u03be\u03ad\u03c7\u03b1\u03c3\u03c4\u03b7"},"content":{"rendered":"<h2>\u0394\u03b9\u03c0\u03bb\u03ae \u03c6\u03c1\u03b5\u03c3\u03ba\u03ac\u03b4\u03b1 Double Apple \u2013 \u03b7 \u03b3\u03b5\u03cd\u03c3\u03b7 \u03c0\u03bf\u03c5 \u03ba\u03b1\u03b8\u03b9\u03c3\u03c4\u03ac \u03ba\u03ac\u03b8\u03b5 \u03c4\u03b6\u03bf\u03cd\u03c1\u03b1 \u03b1\u03be\u03ad\u03c7\u03b1\u03c3\u03c4\u03b7<\/h2>\n<h3>\u03a6\u03c1\u03bf\u03c5\u03c4\u03ce\u03b4\u03b7\u03c2 \u03ad\u03bd\u03c4\u03b1\u03c3\u03b7 \u03c3\u03b5 \u03ba\u03ac\u03b8\u03b5 \u03c4\u03b6\u03bf\u03cd\u03c1\u03b1<\/h3>\n<p>\u0396\u03ae\u03c3\u03c4\u03b5 \u03c4\u03bf \u03c4\u03ad\u03bb\u03b5\u03b9\u03bf \u03bc\u03b5\u03af\u03b3\u03bc\u03b1 \u03b1\u03c0\u03cc \u03b3\u03bb\u03c5\u03ba\u03cc \u03ba\u03cc\u03ba\u03ba\u03b9\u03bd\u03bf \u03bc\u03ae\u03bb\u03bf \u03ba\u03b1\u03b9 \u03b4\u03c1\u03bf\u03c3\u03b5\u03c1\u03cc \u03c0\u03c1\u03ac\u03c3\u03b9\u03bd\u03bf \u03bc\u03ae\u03bb\u03bf \u03bc\u03b5 \u03c4\u03bf WASPE 15000 PUFFS. \u0397 \u03b4\u03b9\u03c0\u03bb\u03ae \u03b3\u03b5\u03cd\u03c3\u03b7 \u03bc\u03ae\u03bb\u03bf\u03c5 \u03c0\u03c1\u03bf\u03c3\u03c6\u03ad\u03c1\u03b5\u03b9 \u03bc\u03b9\u03b1 \u03b1\u03bd\u03b5\u03c0\u03b1\u03bd\u03ac\u03bb\u03b7\u03c0\u03c4\u03b7 \u03c6\u03c1\u03bf\u03c5\u03c4\u03ce\u03b4\u03b7 \u03b3\u03b5\u03cd\u03c3\u03b7 \u03c0\u03bf\u03c5 \u03ba\u03b1\u03bb\u03bf\u03bc\u03b1\u03b8\u03b1\u03af\u03bd\u03b5\u03b9 \u03c4\u03b9\u03c2 \u03b3\u03b5\u03c5\u03c3\u03c4\u03b9\u03ba\u03ad\u03c2 \u03c3\u03b1\u03c2 \u03b1\u03b9\u03c3\u03b8\u03ae\u03c3\u03b5\u03b9\u03c2 \u03c3\u03b5 \u03ba\u03ac\u03b8\u03b5 \u03c4\u03b6\u03bf\u03cd\u03c1\u03b1. \u039f \u03c0\u03c1\u03bf\u03c3\u03b5\u03ba\u03c4\u03b9\u03ba\u03ac \u03b9\u03c3\u03bf\u03c1\u03c1\u03bf\u03c0\u03b7\u03bc\u03ad\u03bd\u03bf\u03c2 \u03c3\u03c5\u03bd\u03b4\u03c5\u03b1\u03c3\u03bc\u03cc\u03c2 \u03b4\u03cd\u03bf \u03c0\u03bf\u03b9\u03ba\u03b9\u03bb\u03b9\u03ce\u03bd \u03bc\u03ae\u03bb\u03bf\u03c5 \u03b5\u03be\u03b1\u03c3\u03c6\u03b1\u03bb\u03af\u03b6\u03b5\u03b9 \u03bc\u03b9\u03b1 \u03b1\u03c1\u03bc\u03bf\u03bd\u03b9\u03ba\u03ae \u03b9\u03c3\u03bf\u03c1\u03c1\u03bf\u03c0\u03af\u03b1 \u03bc\u03b5\u03c4\u03b1\u03be\u03cd \u03b3\u03bb\u03cd\u03ba\u03b1\u03c2 \u03ba\u03b1\u03b9 \u03c6\u03c1\u03b5\u03c3\u03ba\u03ac\u03b4\u03b1\u03c2 \u03c0\u03bf\u03c5 \u03b4\u03b5\u03bd \u03b8\u03b1 \u03be\u03b5\u03c7\u03ac\u03c3\u03b5\u03c4\u03b5 \u03c4\u03cc\u03c3\u03bf \u03b5\u03cd\u03ba\u03bf\u03bb\u03b1.<\/p>\n<p>\u03a7\u03ac\u03c1\u03b7 \u03c3\u03c4\u03b7\u03bd \u03c0\u03c1\u03bf\u03b7\u03b3\u03bc\u03ad\u03bd\u03b7 \u03c4\u03b5\u03c7\u03bd\u03bf\u03bb\u03bf\u03b3\u03af\u03b1 Mesh Coil, \u03b7 \u03b3\u03b5\u03cd\u03c3\u03b7 \u03c4\u03bf\u03c5 Double Apple E-Liquid \u03b1\u03c0\u03bf\u03ba\u03b1\u03bb\u03cd\u03c0\u03c4\u03b5\u03c4\u03b1\u03b9 \u03b9\u03b4\u03b1\u03bd\u03b9\u03ba\u03ac. \u039a\u03ac\u03b8\u03b5 \u03b5\u03b9\u03c3\u03c0\u03bd\u03bf\u03ae \u03b1\u03bd\u03b1\u03b4\u03b5\u03b9\u03ba\u03bd\u03cd\u03b5\u03b9 \u03ba\u03b1\u03b8\u03b1\u03c1\u03ac \u03ba\u03b1\u03b9 \u03ad\u03bd\u03c4\u03bf\u03bd\u03b1 \u03c4\u03b1 \u03c6\u03c1\u03bf\u03c5\u03c4\u03ce\u03b4\u03b7 \u03b1\u03c1\u03ce\u03bc\u03b1\u03c4\u03b1, \u03ce\u03c3\u03c4\u03b5 \u03bd\u03b1 \u03b1\u03c0\u03bf\u03bb\u03b1\u03cd\u03c3\u03b5\u03c4\u03b5 \u03c0\u03bb\u03ae\u03c1\u03c9\u03c2 \u03c4\u03bf \u03b4\u03af\u03b4\u03c5\u03bc\u03bf \u03bc\u03ae\u03bb\u03bf\u03c5. \u0391\u03c5\u03c4\u03ae \u03b7 \u03c4\u03b5\u03c7\u03bd\u03bf\u03bb\u03bf\u03b3\u03af\u03b1 \u03b5\u03b3\u03b3\u03c5\u03ac\u03c4\u03b1\u03b9 \u03cc\u03c4\u03b9 \u03ba\u03ac\u03b8\u03b5 \u03c4\u03b6\u03bf\u03cd\u03c1\u03b1 \u03b5\u03af\u03bd\u03b1\u03b9 \u03b3\u03b5\u03bc\u03ac\u03c4\u03b7 \u03bc\u03b5 \u03c4\u03b7\u03bd \u03b1\u03c5\u03b8\u03b5\u03bd\u03c4\u03b9\u03ba\u03ae \u03b3\u03b5\u03cd\u03c3\u03b7 \u03c0\u03bf\u03c5 \u03b1\u03b3\u03b1\u03c0\u03ac\u03c4\u03b5.<\/p>\n<h3>\u039c\u03b1\u03ba\u03c1\u03ac\u03c2 \u03b4\u03b9\u03ac\u03c1\u03ba\u03b5\u03b9\u03b1\u03c2 \u03b5\u03bc\u03c0\u03b5\u03b9\u03c1\u03af\u03b1 \u03b1\u03c4\u03bc\u03af\u03c3\u03bc\u03b1\u03c4\u03bf\u03c2<\/h3>\n<p>\u039c\u03b5 \u03c7\u03c9\u03c1\u03b7\u03c4\u03b9\u03ba\u03cc\u03c4\u03b7\u03c4\u03b1 \u03ad\u03c9\u03c2 \u03ba\u03b1\u03b9 15.000 \u03c4\u03b6\u03bf\u03cd\u03c1\u03b5\u03c2, \u03c4\u03bf WASPE 15000 PUFFS \u03c0\u03c1\u03bf\u03c3\u03c6\u03ad\u03c1\u03b5\u03b9 \u03cc\u03c7\u03b9 \u03bc\u03cc\u03bd\u03bf \u03b5\u03be\u03b1\u03b9\u03c1\u03b5\u03c4\u03b9\u03ba\u03ae \u03b3\u03b5\u03cd\u03c3\u03b7, \u03b1\u03bb\u03bb\u03ac \u03ba\u03b1\u03b9 \u03b5\u03bd\u03c4\u03c5\u03c0\u03c9\u03c3\u03b9\u03b1\u03ba\u03ae \u03b1\u03bd\u03c4\u03bf\u03c7\u03ae. \u03a4\u03bf \u03b5\u03c5\u03c1\u03cd 22ml \u03b4\u03bf\u03c7\u03b5\u03af\u03bf E-Liquid \u03b4\u03b9\u03b1\u03c3\u03c6\u03b1\u03bb\u03af\u03b6\u03b5\u03b9 \u03cc\u03c4\u03b9 \u03b8\u03b1 \u03b1\u03c0\u03bf\u03bb\u03b1\u03bc\u03b2\u03ac\u03bd\u03b5\u03c4\u03b5 \u03c4\u03b7 \u03b3\u03b5\u03cd\u03c3\u03b7 Double Apple \u03b3\u03b9\u03b1 \u03bc\u03b5\u03b3\u03ac\u03bb\u03bf \u03c7\u03c1\u03bf\u03bd\u03b9\u03ba\u03cc \u03b4\u03b9\u03ac\u03c3\u03c4\u03b7\u03bc\u03b1, \u03c7\u03c9\u03c1\u03af\u03c2 \u03bd\u03b1 \u03c7\u03c1\u03b5\u03b9\u03ac\u03b6\u03b5\u03c4\u03b1\u03b9 \u03c3\u03c5\u03c7\u03bd\u03ac \u03bd\u03b1 \u03c4\u03bf \u03be\u03b1\u03bd\u03b1\u03b3\u03b5\u03bc\u03af\u03b6\u03b5\u03c4\u03b5. \u0391\u03c5\u03c4\u03cc \u03ba\u03b1\u03b8\u03b9\u03c3\u03c4\u03ac \u03c4\u03b7 \u03c3\u03c5\u03c3\u03ba\u03b5\u03c5\u03ae \u03b9\u03b4\u03b1\u03bd\u03b9\u03ba\u03cc \u03c3\u03c5\u03bd\u03bf\u03b4\u03cc \u03b3\u03b9\u03b1 \u03b5\u03ba\u03c4\u03b5\u03c4\u03b1\u03bc\u03ad\u03bd\u03b5\u03c2 \u03c3\u03c5\u03bd\u03b5\u03b4\u03c1\u03af\u03b5\u03c2 \u03b1\u03c4\u03bc\u03af\u03c3\u03bc\u03b1\u03c4\u03bf\u03c2.<\/p>\n<p>\u0397 \u03b5\u03c0\u03b1\u03bd\u03b1\u03c6\u03bf\u03c1\u03c4\u03b9\u03b6\u03cc\u03bc\u03b5\u03bd\u03b7 \u03bc\u03c0\u03b1\u03c4\u03b1\u03c1\u03af\u03b1 850mAh \u03b5\u03be\u03b1\u03c3\u03c6\u03b1\u03bb\u03af\u03b6\u03b5\u03b9 \u03cc\u03c4\u03b9 \u03b8\u03b1 \u03b1\u03c0\u03bf\u03bb\u03b1\u03bc\u03b2\u03ac\u03bd\u03b5\u03c4\u03b5 \u03c4\u03b7\u03bd \u03c0\u03bb\u03ae\u03c1\u03b7 \u03b5\u03bc\u03c0\u03b5\u03b9\u03c1\u03af\u03b1 \u03c7\u03c9\u03c1\u03af\u03c2 \u03b4\u03b9\u03b1\u03ba\u03bf\u03c0\u03ad\u03c2. \u0397 \u03c3\u03cd\u03b3\u03c7\u03c1\u03bf\u03bd\u03b7 \u03b8\u03cd\u03c1\u03b1 Type-C \u03b5\u03c0\u03b9\u03c4\u03c1\u03ad\u03c0\u03b5\u03b9 \u03b3\u03c1\u03ae\u03b3\u03bf\u03c1\u03b7 \u03ba\u03b1\u03b9 \u03b5\u03cd\u03ba\u03bf\u03bb\u03b7 \u03c6\u03cc\u03c1\u03c4\u03b9\u03c3\u03b7, \u03ce\u03c3\u03c4\u03b5 \u03bd\u03b1 \u03b5\u03af\u03c3\u03c4\u03b5 \u03c0\u03ac\u03bd\u03c4\u03b1 \u03ad\u03c4\u03bf\u03b9\u03bc\u03bf\u03b9 \u03b3\u03b9\u03b1 \u03bc\u03b9\u03b1 \u03bd\u03ad\u03b1 \u03b4\u03cc\u03c3\u03b7 \u03c6\u03c1\u03bf\u03c5\u03c4\u03ce\u03b4\u03bf\u03c5\u03c2 \u03b1\u03c0\u03cc\u03bb\u03b1\u03c5\u03c3\u03b7\u03c2.<\/p>\n<table>\n<thead>\n<tr>\n<th><strong>\u03a7\u03b1\u03c1\u03b1\u03ba\u03c4\u03b7\u03c1\u03b9\u03c3\u03c4\u03b9\u03ba\u03cc<\/strong><\/th>\n<th><strong>\u039b\u03b5\u03c0\u03c4\u03bf\u03bc\u03ad\u03c1\u03b5\u03b9\u03b5\u03c2<\/strong><\/th>\n<\/tr>\n<\/thead>\n<tbody>\n<tr>\n<td>\u0393\u03b5\u03cd\u03c3\u03b7<\/td>\n<td>\u0394\u03b9\u03c0\u03bb\u03cc \u039c\u03ae\u03bb\u03bf<\/td>\n<\/tr>\n<tr>\n<td>\u03a0\u03b5\u03c1\u03b9\u03b5\u03c7\u03cc\u03bc\u03b5\u03bd\u03bf N<\/td>\n<td>2% , 5%<\/td>\n<\/tr>\n<tr>\n<td>\u03a7\u03c9\u03c1\u03b7\u03c4\u03b9\u03ba\u03cc\u03c4\u03b7\u03c4\u03b1 Puff<\/td>\n<td>\u0388\u03c9\u03c2 15.000 \u03ba\u03b9\u03bd\u03ae\u03c3\u03b5\u03b9\u03c2<\/td>\n<\/tr>\n<tr>\n<td>\u03a7\u03c9\u03c1\u03b7\u03c4\u03b9\u03ba\u03cc\u03c4\u03b7\u03c4\u03b1 \u0397\u03bb\u03b5\u03ba\u03c4\u03c1\u03bf\u03bb\u03cd\u03c4\u03b7<\/td>\n<td>22ml<\/td>\n<\/tr>\n<tr>\n<td>\u03a4\u03b5\u03c7\u03bd\u03bf\u03bb\u03bf\u03b3\u03af\u03b1 \u03c0\u03b7\u03bd\u03af\u03bf\u03c5<\/td>\n<td>0,8\u03a9 \u03a0\u03bb\u03ad\u03b3\u03bc\u03b1\u03c2 \u039a\u03b5\u03c1\u03b1\u03bc\u03b9\u03ba\u03cc\u03c2 \u03b3\u03b9\u03b1 \u03c0\u03b9\u03bf \u03ad\u03bd\u03c4\u03bf\u03bd\u03b7 \u03b3\u03b5\u03cd\u03c3\u03b7 \u03ba\u03b1\u03b9 \u03c0\u03b5\u03c1\u03b9\u03c3\u03c3\u03cc\u03c4\u03b5\u03c1\u03bf \u03b1\u03c4\u03bc\u03cc<\/td>\n<\/tr>\n<tr>\n<td>\u039f\u03b8\u03cc\u03bd\u03b7<\/td>\n<td>\u039f\u03b8\u03cc\u03bd\u03b7 LCD \u03b3\u03b9\u03b1 \u03b5\u03bc\u03c6\u03ac\u03bd\u03b9\u03c3\u03b7 \u03c0\u03bb\u03b7\u03c1\u03bf\u03c6\u03bf\u03c1\u03b9\u03ce\u03bd \u03c3\u03b5 \u03c0\u03c1\u03b1\u03b3\u03bc\u03b1\u03c4\u03b9\u03ba\u03cc \u03c7\u03c1\u03cc\u03bd\u03bf<\/td>\n<\/tr>\n<tr>\n<td>\u039c\u03c0\u03b1\u03c4\u03b1\u03c1\u03af\u03b1<\/td>\n<td>\u0395\u03c0\u03b1\u03bd\u03b1\u03c6\u03bf\u03c1\u03c4\u03b9\u03b6\u03cc\u03bc\u03b5\u03bd\u03b7 \u03bc\u03c0\u03b1\u03c4\u03b1\u03c1\u03af\u03b1 850mAh<\/td>\n<\/tr>\n<tr>\n<td>\u03a3\u03cd\u03bd\u03b4\u03b5\u03c3\u03b7 \u03a6\u03cc\u03c1\u03c4\u03b9\u03c3\u03b7\u03c2<\/td>\n<td>\u0398\u03cd\u03c1\u03b1 Type-C<\/td>\n<\/tr>\n<\/tbody>\n<\/table>","protected":false},"excerpt":{"rendered":"<p>Doppelte Frische: Double Apple \u2013 Der Geschmack, der jeden Zug unvergesslich macht Fruchtige Intensit\u00e4t in jedem Zug Erleben Sie die perfekte Mischung aus s\u00fc\u00dfem roten Apfel und erfrischendem gr\u00fcnem Apfel mit dem WASPE 15000 PUFFS. Der doppelte Apfelgeschmack bietet Ihnen eine unvergleichliche Fruchtigkeit, die Ihre Geschmacksknospen bei jedem Zug verw\u00f6hnt. Die sorgf\u00e4ltig abgestimmte Kombination aus [&hellip;]<\/p>","protected":false},"featured_media":13944,"template":"","meta":{"inline_featured_image":false},"product_cat":[15,78,735,746,741,733,744,755,738,751,732,723],"product_tag":[710,674],"tiered_pricing_type":"fixed","tiered_pricing_fixed_rules":{"110":"7.91","200":"7.03","500":"6.15"},"tiered_pricing_percentage_rules":[],"tiered_pricing_minimum":1,"_administrator_tiered_pricing_type":"fixed","_administrator_tiered_pricing_fixed_rules":[],"_editor_tiered_pricing_type":"fixed","_editor_tiered_pricing_fixed_rules":[],"_author_tiered_pricing_type":"fixed","_author_tiered_pricing_fixed_rules":[],"_contributor_tiered_pricing_type":"fixed","_contributor_tiered_pricing_fixed_rules":[],"_subscriber_tiered_pricing_type":"fixed","_subscriber_tiered_pricing_fixed_rules":[],"_customer_tiered_pricing_type":"fixed","_customer_tiered_pricing_fixed_rules":[],"_shop_manager_tiered_pricing_type":"fixed","_shop_manager_tiered_pricing_fixed_rules":[],"_wpseo_manager_tiered_pricing_type":"fixed","_wpseo_manager_tiered_pricing_fixed_rules":[],"_wpseo_editor_tiered_pricing_type":"fixed","_wpseo_editor_tiered_pricing_fixed_rules":[],"_wholesale_customer_tiered_pricing_type":"fixed","_wholesale_customer_tiered_pricing_fixed_rules":[],"_marketer_tiered_pricing_type":"fixed","_marketer_tiered_pricing_fixed_rules":[],"_sales_manager_tiered_pricing_type":"fixed","_sales_manager_tiered_pricing_fixed_rules":[],"_sales_rep_tiered_pricing_type":"fixed","_sales_rep_tiered_pricing_fixed_rules":[],"yoast_head":"<!-- This site is optimized with the Yoast SEO plugin v23.3 - https:\/\/yoast.com\/wordpress\/plugins\/seo\/ -->\n<title>Doppelte Frische Double Apple \u2013 der Geschmack der jeden Zug unvergesslich macht | ElementVape.de<\/title>\n<meta name=\"description\" content=\"Wir bieten Doppelte Frische Double Apple \u2013 der Geschmack der jeden Zug unvergesslich macht , Elementvape.de akzeptieren Gro\u00df-und Einzelhandel Bestellungen.\" \/>\n<meta name=\"robots\" content=\"index, follow, max-snippet:-1, max-image-preview:large, max-video-preview:-1\" \/>\n<link rel=\"canonical\" href=\"https:\/\/www.elementvape.de\/el\/produkt\/doppelte-frische-double-apple-der-geschmack-der-jeden-zug-unvergesslich-macht\/\" \/>\n<meta property=\"og:locale\" content=\"el_GR\" \/>\n<meta property=\"og:type\" content=\"article\" \/>\n<meta property=\"og:title\" content=\"Doppelte Frische Double Apple \u2013 der Geschmack der jeden Zug unvergesslich macht | ElementVape.de\" \/>\n<meta property=\"og:description\" content=\"Wir bieten Doppelte Frische Double Apple \u2013 der Geschmack der jeden Zug unvergesslich macht , Elementvape.de akzeptieren Gro\u00df-und Einzelhandel Bestellungen.\" \/>\n<meta property=\"og:url\" content=\"https:\/\/www.elementvape.de\/el\/produkt\/doppelte-frische-double-apple-der-geschmack-der-jeden-zug-unvergesslich-macht\/\" \/>\n<meta property=\"og:site_name\" content=\"ElementVape.de\" \/>\n<meta property=\"article:modified_time\" content=\"2024-12-12T06:34:06+00:00\" \/>\n<meta property=\"og:image\" content=\"https:\/\/www.elementvape.de\/wp-content\/uploads\/2024\/08\/Double-Apple.jpg\" \/>\n\t<meta property=\"og:image:width\" content=\"1920\" \/>\n\t<meta property=\"og:image:height\" content=\"1536\" \/>\n\t<meta property=\"og:image:type\" content=\"image\/jpeg\" \/>\n<meta name=\"twitter:card\" content=\"summary_large_image\" \/>\n<meta name=\"twitter:label1\" content=\"Est. reading time\" \/>\n\t<meta name=\"twitter:data1\" content=\"2 \u03bb\u03b5\u03c0\u03c4\u03ac\" \/>\n<script type=\"application\/ld+json\" class=\"yoast-schema-graph\">{\"@context\":\"https:\/\/schema.org\",\"@graph\":[{\"@type\":\"WebPage\",\"@id\":\"https:\/\/www.elementvape.de\/it\/produkt\/doppelte-frische-double-apple-der-geschmack-der-jeden-zug-unvergesslich-macht\/\",\"url\":\"https:\/\/www.elementvape.de\/it\/produkt\/doppelte-frische-double-apple-der-geschmack-der-jeden-zug-unvergesslich-macht\/\",\"name\":\"Doppelte Frische Double Apple \u2013 der Geschmack der jeden Zug unvergesslich macht | ElementVape.de\",\"isPartOf\":{\"@id\":\"https:\/\/www.elementvape.de\/#website\"},\"primaryImageOfPage\":{\"@id\":\"https:\/\/www.elementvape.de\/it\/produkt\/doppelte-frische-double-apple-der-geschmack-der-jeden-zug-unvergesslich-macht\/#primaryimage\"},\"image\":{\"@id\":\"https:\/\/www.elementvape.de\/it\/produkt\/doppelte-frische-double-apple-der-geschmack-der-jeden-zug-unvergesslich-macht\/#primaryimage\"},\"thumbnailUrl\":\"https:\/\/www.elementvape.de\/wp-content\/uploads\/2024\/08\/Double-Apple.jpg\",\"datePublished\":\"2024-08-22T07:32:05+00:00\",\"dateModified\":\"2024-12-12T06:34:06+00:00\",\"description\":\"Wir bieten Doppelte Frische Double Apple \u2013 der Geschmack der jeden Zug unvergesslich macht , Elementvape.de akzeptieren Gro\u00df-und Einzelhandel Bestellungen.\",\"breadcrumb\":{\"@id\":\"https:\/\/www.elementvape.de\/it\/produkt\/doppelte-frische-double-apple-der-geschmack-der-jeden-zug-unvergesslich-macht\/#breadcrumb\"},\"inLanguage\":\"el\",\"potentialAction\":[{\"@type\":\"ReadAction\",\"target\":[\"https:\/\/www.elementvape.de\/it\/produkt\/doppelte-frische-double-apple-der-geschmack-der-jeden-zug-unvergesslich-macht\/\"]}]},{\"@type\":\"ImageObject\",\"inLanguage\":\"el\",\"@id\":\"https:\/\/www.elementvape.de\/it\/produkt\/doppelte-frische-double-apple-der-geschmack-der-jeden-zug-unvergesslich-macht\/#primaryimage\",\"url\":\"https:\/\/www.elementvape.de\/wp-content\/uploads\/2024\/08\/Double-Apple.jpg\",\"contentUrl\":\"https:\/\/www.elementvape.de\/wp-content\/uploads\/2024\/08\/Double-Apple.jpg\",\"width\":1920,\"height\":1536,\"caption\":\"Double Apple\"},{\"@type\":\"BreadcrumbList\",\"@id\":\"https:\/\/www.elementvape.de\/it\/produkt\/doppelte-frische-double-apple-der-geschmack-der-jeden-zug-unvergesslich-macht\/#breadcrumb\",\"itemListElement\":[{\"@type\":\"ListItem\",\"position\":1,\"name\":\"Home\",\"item\":\"https:\/\/www.elementvape.de\/\"},{\"@type\":\"ListItem\",\"position\":2,\"name\":\"Shop\",\"item\":\"https:\/\/www.elementvape.de\/shop\/\"},{\"@type\":\"ListItem\",\"position\":3,\"name\":\"Doppelte Frische Double Apple \u2013 der Geschmack der jeden Zug unvergesslich macht\"}]},{\"@type\":\"WebSite\",\"@id\":\"https:\/\/www.elementvape.de\/#website\",\"url\":\"https:\/\/www.elementvape.de\/\",\"name\":\"ElementVape.de\",\"description\":\"\",\"publisher\":{\"@id\":\"https:\/\/www.elementvape.de\/#organization\"},\"potentialAction\":[{\"@type\":\"SearchAction\",\"target\":{\"@type\":\"EntryPoint\",\"urlTemplate\":\"https:\/\/www.elementvape.de\/?s={search_term_string}\"},\"query-input\":\"required name=search_term_string\"}],\"inLanguage\":\"el\"},{\"@type\":\"Organization\",\"@id\":\"https:\/\/www.elementvape.de\/#organization\",\"name\":\"ElementVape.DE\",\"url\":\"https:\/\/www.elementvape.de\/\",\"logo\":{\"@type\":\"ImageObject\",\"inLanguage\":\"el\",\"@id\":\"https:\/\/www.elementvape.de\/#\/schema\/logo\/image\/\",\"url\":\"https:\/\/www.elementvape.de\/wp-content\/uploads\/2024\/09\/cropped-1elementvape-3.png\",\"contentUrl\":\"https:\/\/www.elementvape.de\/wp-content\/uploads\/2024\/09\/cropped-1elementvape-3.png\",\"width\":285,\"height\":228,\"caption\":\"ElementVape.DE\"},\"image\":{\"@id\":\"https:\/\/www.elementvape.de\/#\/schema\/logo\/image\/\"}}]}<\/script>\n<!-- \/ Yoast SEO plugin. -->","yoast_head_json":{"title":"Doppelte Frische Double Apple \u2013 der Geschmack der jeden Zug unvergesslich macht | ElementVape.de","description":"Wir bieten Doppelte Frische Double Apple \u2013 der Geschmack der jeden Zug unvergesslich macht , Elementvape.de akzeptieren Gro\u00df-und Einzelhandel Bestellungen.","robots":{"index":"index","follow":"follow","max-snippet":"max-snippet:-1","max-image-preview":"max-image-preview:large","max-video-preview":"max-video-preview:-1"},"canonical":"https:\/\/www.elementvape.de\/el\/produkt\/doppelte-frische-double-apple-der-geschmack-der-jeden-zug-unvergesslich-macht\/","og_locale":"el_GR","og_type":"article","og_title":"Doppelte Frische Double Apple \u2013 der Geschmack der jeden Zug unvergesslich macht | ElementVape.de","og_description":"Wir bieten Doppelte Frische Double Apple \u2013 der Geschmack der jeden Zug unvergesslich macht , Elementvape.de akzeptieren Gro\u00df-und Einzelhandel Bestellungen.","og_url":"https:\/\/www.elementvape.de\/el\/produkt\/doppelte-frische-double-apple-der-geschmack-der-jeden-zug-unvergesslich-macht\/","og_site_name":"ElementVape.de","article_modified_time":"2024-12-12T06:34:06+00:00","og_image":[{"width":1920,"height":1536,"url":"https:\/\/www.elementvape.de\/wp-content\/uploads\/2024\/08\/Double-Apple.jpg","type":"image\/jpeg"}],"twitter_card":"summary_large_image","twitter_misc":{"Est. reading time":"2 \u03bb\u03b5\u03c0\u03c4\u03ac"},"schema":{"@context":"https:\/\/schema.org","@graph":[{"@type":"WebPage","@id":"https:\/\/www.elementvape.de\/it\/produkt\/doppelte-frische-double-apple-der-geschmack-der-jeden-zug-unvergesslich-macht\/","url":"https:\/\/www.elementvape.de\/it\/produkt\/doppelte-frische-double-apple-der-geschmack-der-jeden-zug-unvergesslich-macht\/","name":"Doppelte Frische Double Apple \u2013 der Geschmack der jeden Zug unvergesslich macht | ElementVape.de","isPartOf":{"@id":"https:\/\/www.elementvape.de\/#website"},"primaryImageOfPage":{"@id":"https:\/\/www.elementvape.de\/it\/produkt\/doppelte-frische-double-apple-der-geschmack-der-jeden-zug-unvergesslich-macht\/#primaryimage"},"image":{"@id":"https:\/\/www.elementvape.de\/it\/produkt\/doppelte-frische-double-apple-der-geschmack-der-jeden-zug-unvergesslich-macht\/#primaryimage"},"thumbnailUrl":"https:\/\/www.elementvape.de\/wp-content\/uploads\/2024\/08\/Double-Apple.jpg","datePublished":"2024-08-22T07:32:05+00:00","dateModified":"2024-12-12T06:34:06+00:00","description":"Wir bieten Doppelte Frische Double Apple \u2013 der Geschmack der jeden Zug unvergesslich macht , Elementvape.de akzeptieren Gro\u00df-und Einzelhandel Bestellungen.","breadcrumb":{"@id":"https:\/\/www.elementvape.de\/it\/produkt\/doppelte-frische-double-apple-der-geschmack-der-jeden-zug-unvergesslich-macht\/#breadcrumb"},"inLanguage":"el","potentialAction":[{"@type":"ReadAction","target":["https:\/\/www.elementvape.de\/it\/produkt\/doppelte-frische-double-apple-der-geschmack-der-jeden-zug-unvergesslich-macht\/"]}]},{"@type":"ImageObject","inLanguage":"el","@id":"https:\/\/www.elementvape.de\/it\/produkt\/doppelte-frische-double-apple-der-geschmack-der-jeden-zug-unvergesslich-macht\/#primaryimage","url":"https:\/\/www.elementvape.de\/wp-content\/uploads\/2024\/08\/Double-Apple.jpg","contentUrl":"https:\/\/www.elementvape.de\/wp-content\/uploads\/2024\/08\/Double-Apple.jpg","width":1920,"height":1536,"caption":"Double Apple"},{"@type":"BreadcrumbList","@id":"https:\/\/www.elementvape.de\/it\/produkt\/doppelte-frische-double-apple-der-geschmack-der-jeden-zug-unvergesslich-macht\/#breadcrumb","itemListElement":[{"@type":"ListItem","position":1,"name":"Home","item":"https:\/\/www.elementvape.de\/"},{"@type":"ListItem","position":2,"name":"Shop","item":"https:\/\/www.elementvape.de\/shop\/"},{"@type":"ListItem","position":3,"name":"Doppelte Frische Double Apple \u2013 der Geschmack der jeden Zug unvergesslich macht"}]},{"@type":"WebSite","@id":"https:\/\/www.elementvape.de\/#website","url":"https:\/\/www.elementvape.de\/","name":"ElementVape.de","description":"","publisher":{"@id":"https:\/\/www.elementvape.de\/#organization"},"potentialAction":[{"@type":"SearchAction","target":{"@type":"EntryPoint","urlTemplate":"https:\/\/www.elementvape.de\/?s={search_term_string}"},"query-input":"required name=search_term_string"}],"inLanguage":"el"},{"@type":"Organization","@id":"https:\/\/www.elementvape.de\/#organization","name":"ElementVape.DE","url":"https:\/\/www.elementvape.de\/","logo":{"@type":"ImageObject","inLanguage":"el","@id":"https:\/\/www.elementvape.de\/#\/schema\/logo\/image\/","url":"https:\/\/www.elementvape.de\/wp-content\/uploads\/2024\/09\/cropped-1elementvape-3.png","contentUrl":"https:\/\/www.elementvape.de\/wp-content\/uploads\/2024\/09\/cropped-1elementvape-3.png","width":285,"height":228,"caption":"ElementVape.DE"},"image":{"@id":"https:\/\/www.elementvape.de\/#\/schema\/logo\/image\/"}}]}},"_links":{"self":[{"href":"https:\/\/www.elementvape.de\/el\/wp-json\/wp\/v2\/product\/13943"}],"collection":[{"href":"https:\/\/www.elementvape.de\/el\/wp-json\/wp\/v2\/product"}],"about":[{"href":"https:\/\/www.elementvape.de\/el\/wp-json\/wp\/v2\/types\/product"}],"wp:featuredmedia":[{"embeddable":true,"href":"https:\/\/www.elementvape.de\/el\/wp-json\/wp\/v2\/media\/13944"}],"wp:attachment":[{"href":"https:\/\/www.elementvape.de\/el\/wp-json\/wp\/v2\/media?parent=13943"}],"wp:term":[{"taxonomy":"product_cat","embeddable":true,"href":"https:\/\/www.elementvape.de\/el\/wp-json\/wp\/v2\/product_cat?post=13943"},{"taxonomy":"product_tag","embeddable":true,"href":"https:\/\/www.elementvape.de\/el\/wp-json\/wp\/v2\/product_tag?post=13943"}],"curies":[{"name":"wp","href":"https:\/\/api.w.org\/{rel}","templated":true}]}}