{"id":13784,"date":"2024-08-16T06:39:29","date_gmt":"2024-08-16T06:39:29","guid":{"rendered":"https:\/\/www.elementvape.de\/?post_type=product&#038;p=13784"},"modified":"2024-12-12T06:34:52","modified_gmt":"2024-12-12T06:34:52","slug":"geschmeidig-und-fruchtig15000-zuege-strawberry-banana-in-der-elf-box-pulse-x","status":"publish","type":"product","link":"https:\/\/www.elementvape.de\/el\/produkt\/geschmeidig-und-fruchtig15000-zuege-strawberry-banana-in-der-elf-box-pulse-x\/","title":{"rendered":"\u0391\u03c0\u03b1\u03bb\u03cc \u03ba\u03b1\u03b9 \u03c6\u03c1\u03bf\u03c5\u03c4\u03ce\u03b4\u03b5\u03c2 15000 \u03c4\u03b6\u03bf\u03cd\u03c1\u03b5\u03c2 Strawberry Banana \u03c3\u03c4\u03b7\u03bd ELF BOX PULSE X"},"content":{"rendered":"<table style=\"font-size: 16px;\">\n<thead>\n<tr>\n<th><strong>\u03a7\u03b1\u03c1\u03b1\u03ba\u03c4\u03b7\u03c1\u03b9\u03c3\u03c4\u03b9\u03ba\u03cc<\/strong><\/th>\n<th><strong>\u039b\u03b5\u03c0\u03c4\u03bf\u03bc\u03ad\u03c1\u03b5\u03b9\u03b5\u03c2<\/strong><\/th>\n<\/tr>\n<\/thead>\n<tbody>\n<tr>\n<td>\u0391\u03c1\u03b9\u03b8\u03bc\u03cc\u03c2 \u03ba\u03b9\u03bd\u03ae\u03c3\u03b5\u03c9\u03bd (\u039a\u03b1\u03bd\u03bf\u03bd\u03b9\u03ba\u03ae \u03bb\u03b5\u03b9\u03c4\u03bf\u03c5\u03c1\u03b3\u03af\u03b1)<\/td>\n<td>\u0388\u03c9\u03c2 25.000 \u03ba\u03b9\u03bd\u03ae\u03c3\u03b5\u03b9\u03c2<\/td>\n<\/tr>\n<tr>\n<td>\u0391\u03c1\u03b9\u03b8\u03bc\u03cc\u03c2 \u03ba\u03b9\u03bd\u03ae\u03c3\u03b5\u03c9\u03bd (\u039b\u03b5\u03b9\u03c4\u03bf\u03c5\u03c1\u03b3\u03af\u03b1 Rocket)<\/td>\n<td>\u0388\u03c9\u03c2 15.000 \u03ba\u03b9\u03bd\u03ae\u03c3\u03b5\u03b9\u03c2<\/td>\n<\/tr>\n<tr>\n<td>\u03a0\u03b7\u03bd\u03af\u03b1<\/td>\n<td>\u0394\u03b9\u03c0\u03bb\u03cc \u03c0\u03b7\u03bd\u03af\u03bf \u03c0\u03bb\u03ad\u03b3\u03bc\u03b1\u03c4\u03bf\u03c2: 0,8 Ohm + 0,8 Ohm<\/td>\n<\/tr>\n<tr>\n<td>\u03a7\u03c9\u03c1\u03b7\u03c4\u03b9\u03ba\u03cc\u03c4\u03b7\u03c4\u03b1 \u0397\u03bb\u03b5\u03ba\u03c4\u03c1\u03bf\u03bb\u03cd\u03c4\u03b7<\/td>\n<td>18 ml<\/td>\n<\/tr>\n<tr>\n<td>\u0394\u03cd\u03bd\u03b1\u03bc\u03b7 N<\/td>\n<td>2%, 5%<\/td>\n<\/tr>\n<tr>\n<td>\u03a7\u03c9\u03c1\u03b7\u03c4\u03b9\u03ba\u03cc\u03c4\u03b7\u03c4\u03b1 \u039c\u03c0\u03b1\u03c4\u03b1\u03c1\u03af\u03b1\u03c2<\/td>\n<td>13.500 mAh (\u03ae \u03c0\u03b9\u03b8\u03b1\u03bd\u03ce\u03c2 750 mAh)<\/td>\n<\/tr>\n<tr>\n<td>\u03a6\u03cc\u03c1\u03c4\u03b9\u03c3\u03b7<\/td>\n<td>\u0395\u03c0\u03b1\u03bd\u03b1\u03c6\u03bf\u03c1\u03c4\u03b9\u03b6\u03cc\u03bc\u03b5\u03bd\u03bf \u03bc\u03ad\u03c3\u03c9 USB \u03a4\u03cd\u03c0\u03bf\u03c5-C<\/td>\n<\/tr>\n<tr>\n<td>\u0395\u03b9\u03b4\u03b9\u03ba\u03ad\u03c2 \u03bb\u03b5\u03b9\u03c4\u03bf\u03c5\u03c1\u03b3\u03af\u03b5\u03c2<\/td>\n<td>3D \u03ba\u03b1\u03bc\u03c0\u03c5\u03bb\u03ae \u03bf\u03b8\u03cc\u03bd\u03b7, \u03c0\u03c1\u03bf\u03c3\u03b1\u03c1\u03bc\u03bf\u03b3\u03ae \u03b1\u03c0\u03cc\u03b4\u03bf\u03c3\u03b7\u03c2 AI, Pulse Power, Super Boost VPU<\/td>\n<\/tr>\n<tr>\n<td>\u039c\u03ad\u03b3\u03b5\u03b8\u03bf\u03c2 \u03c0\u03c1\u03bf\u03ca\u03cc\u03bd\u03c4\u03bf\u03c2<\/td>\n<td>91,5 mm x 56,5 mm x 28,5 mm<\/td>\n<\/tr>\n<tr>\n<td>\u0392\u03ac\u03c1\u03bf\u03c2 \u03c0\u03c1\u03bf\u03ca\u03cc\u03bd\u03c4\u03bf\u03c2<\/td>\n<td>100 g<\/td>\n<\/tr>\n<tr>\n<td>\u0394\u03b9\u03b1\u03b8\u03ad\u03c3\u03b9\u03bc\u03b7 \u03b3\u03b5\u03cd\u03c3\u03b7<\/td>\n<td>\u03a6\u03c1\u03ac\u03bf\u03c5\u03bb\u03b1-\u039c\u03c0\u03b1\u03bd\u03ac\u03bd\u03b1 (\u00ab\u039f\u03bc\u03b1\u03bb\u03ae \u03ba\u03b1\u03b9 \u03c6\u03c1\u03bf\u03c5\u03c4\u03ce\u03b4\u03b7\u03c2\u00bb)<\/td>\n<\/tr>\n<\/tbody>\n<\/table>\n<h3>\u03a0\u03b5\u03c1\u03b9\u03b3\u03c1\u03b1\u03c6\u03ae \u03c0\u03c1\u03bf\u03ca\u03cc\u03bd\u03c4\u03bf\u03c2<\/h3>\n<p>\u0397 \u03c0\u03c1\u03bf\u03c4\u03b5\u03b9\u03bd\u03cc\u03bc\u03b5\u03bd\u03b7 \u03b7\u03bb\u03b5\u03ba\u03c4\u03c1\u03bf\u03bd\u03b9\u03ba\u03ae \u03c3\u03c5\u03c3\u03ba\u03b5\u03c5\u03ae \u03c4\u03c3\u03b9\u03b3\u03ac\u03c1\u03bf\u03c5 \u03b5\u03af\u03bd\u03b1\u03b9 \u03ad\u03bd\u03b1 \u03c0\u03c1\u03bf\u03b7\u03b3\u03bc\u03ad\u03bd\u03bf \u03ba\u03b1\u03b9 \u03c0\u03bf\u03bb\u03c5\u03bb\u03b5\u03b9\u03c4\u03bf\u03c5\u03c1\u03b3\u03b9\u03ba\u03cc \u03c0\u03c1\u03bf\u03ca\u03cc\u03bd, \u03c3\u03c7\u03b5\u03b4\u03b9\u03b1\u03c3\u03bc\u03ad\u03bd\u03bf \u03b3\u03b9\u03b1 \u03bc\u03b9\u03b1 \u03ad\u03bd\u03c4\u03bf\u03bd\u03b7 \u03ba\u03b1\u03b9 \u03c4\u03b1\u03c5\u03c4\u03cc\u03c7\u03c1\u03bf\u03bd\u03b1 \u03c0\u03c1\u03bf\u03c3\u03b1\u03c1\u03bc\u03cc\u03c3\u03b9\u03bc\u03b7 \u03b5\u03bc\u03c0\u03b5\u03b9\u03c1\u03af\u03b1 \u03b1\u03c4\u03bc\u03af\u03c3\u03bc\u03b1\u03c4\u03bf\u03c2. \u03a0\u03c1\u03bf\u03c3\u03c6\u03ad\u03c1\u03b5\u03b9 \u03b4\u03cd\u03bf \u03bb\u03b5\u03b9\u03c4\u03bf\u03c5\u03c1\u03b3\u03af\u03b5\u03c2: \u03c4\u03b7 \u03c6\u03c5\u03c3\u03b9\u03bf\u03bb\u03bf\u03b3\u03b9\u03ba\u03ae \u03bb\u03b5\u03b9\u03c4\u03bf\u03c5\u03c1\u03b3\u03af\u03b1 \u03bc\u03b5 \u03ad\u03c9\u03c2 \u03ba\u03b1\u03b9 25.000 \u03c4\u03c3\u03b9\u03bc\u03c0\u03ae\u03bc\u03b1\u03c4\u03b1 \u03ba\u03b1\u03b9 \u03c4\u03b7 \u03bb\u03b5\u03b9\u03c4\u03bf\u03c5\u03c1\u03b3\u03af\u03b1 Rocket \u03bc\u03b5 \u03ad\u03c9\u03c2 \u03ba\u03b1\u03b9 15.000 \u03c4\u03c3\u03b9\u03bc\u03c0\u03ae\u03bc\u03b1\u03c4\u03b1.<\/p>\n<p>\u0395\u03be\u03bf\u03c0\u03bb\u03b9\u03c3\u03bc\u03ad\u03bd\u03b7 \u03bc\u03b5 \u03b4\u03b9\u03c0\u03bb\u03ac Mesh Coils (0,8 Ohm + 0,8 Ohm) \u03ba\u03b1\u03b9 \u03c7\u03c9\u03c1\u03b7\u03c4\u03b9\u03ba\u03cc\u03c4\u03b7\u03c4\u03b1 E-Liquid 18 ml, \u03b1\u03c5\u03c4\u03ae \u03b7 \u03c3\u03c5\u03c3\u03ba\u03b5\u03c5\u03ae \u03bc\u03c0\u03bf\u03c1\u03b5\u03af \u03bd\u03b1 \u03b4\u03b5\u03c7\u03b8\u03b5\u03af \u03b4\u03b9\u03ac\u03c6\u03bf\u03c1\u03b1 \u03b5\u03c0\u03af\u03c0\u03b5\u03b4\u03b1 \u03bd\u03b9\u03ba\u03bf\u03c4\u03af\u03bd\u03b7\u03c2 \u03b1\u03c0\u03cc 2% \u03ad\u03c9\u03c2 5%. \u0397 \u03b5\u03bd\u03c3\u03c9\u03bc\u03b1\u03c4\u03c9\u03bc\u03ad\u03bd\u03b7 \u03bc\u03c0\u03b1\u03c4\u03b1\u03c1\u03af\u03b1 \u03bc\u03b5 \u03c7\u03c9\u03c1\u03b7\u03c4\u03b9\u03ba\u03cc\u03c4\u03b7\u03c4\u03b1 13.500 mAh (\u03ae \u03c0\u03b9\u03b8\u03b1\u03bd\u03ce\u03c2 750 mAh) \u03b5\u03be\u03b1\u03c3\u03c6\u03b1\u03bb\u03af\u03b6\u03b5\u03b9 \u03bc\u03b5\u03b3\u03ac\u03bb\u03b7 \u03b4\u03b9\u03ac\u03c1\u03ba\u03b5\u03b9\u03b1 \u03bb\u03b5\u03b9\u03c4\u03bf\u03c5\u03c1\u03b3\u03af\u03b1\u03c2 \u03ba\u03b1\u03b9 \u03bc\u03c0\u03bf\u03c1\u03b5\u03af \u03b5\u03cd\u03ba\u03bf\u03bb\u03b1 \u03bd\u03b1 \u03b5\u03c0\u03b1\u03bd\u03b1\u03c6\u03bf\u03c1\u03c4\u03b9\u03c3\u03c4\u03b5\u03af \u03bc\u03ad\u03c3\u03c9 USB \u03a4\u03cd\u03c0\u03bf\u03c5-C.<\/p>\n<p>\u03a4\u03b1 \u03b9\u03b4\u03b9\u03b1\u03af\u03c4\u03b5\u03c1\u03b1 \u03c7\u03b1\u03c1\u03b1\u03ba\u03c4\u03b7\u03c1\u03b9\u03c3\u03c4\u03b9\u03ba\u03ac \u03c0\u03b5\u03c1\u03b9\u03bb\u03b1\u03bc\u03b2\u03ac\u03bd\u03bf\u03c5\u03bd \u03bc\u03b9\u03b1 3D \u03ba\u03b1\u03bc\u03c0\u03c5\u03bb\u03c9\u03bc\u03ad\u03bd\u03b7 \u03bf\u03b8\u03cc\u03bd\u03b7, \u03c1\u03cd\u03b8\u03bc\u03b9\u03c3\u03b7 \u03b9\u03c3\u03c7\u03cd\u03bf\u03c2 \u03bc\u03b5 \u03c4\u03b5\u03c7\u03bd\u03b7\u03c4\u03ae \u03bd\u03bf\u03b7\u03bc\u03bf\u03c3\u03cd\u03bd\u03b7, Pulse Power \u03ba\u03b1\u03b9 \u03bc\u03b9\u03b1 Super Boost VPU, \u03c0\u03bf\u03c5 \u03b5\u03be\u03b1\u03c3\u03c6\u03b1\u03bb\u03af\u03b6\u03bf\u03c5\u03bd \u03c3\u03c5\u03bd\u03b5\u03c7\u03ae \u03ba\u03b1\u03b9 \u03ad\u03bd\u03c4\u03bf\u03bd\u03b7 \u03c0\u03b1\u03c1\u03b1\u03b3\u03c9\u03b3\u03ae \u03b1\u03c4\u03bc\u03bf\u03cd.<\/p>\n<p>\u039f \u03c3\u03c5\u03bc\u03c0\u03b1\u03b3\u03ae\u03c2 \u03c3\u03c7\u03b5\u03b4\u03b9\u03b1\u03c3\u03bc\u03cc\u03c2 \u03bc\u03b5 \u03b4\u03b9\u03b1\u03c3\u03c4\u03ac\u03c3\u03b5\u03b9\u03c2 91,5 mm x 56,5 mm x 28,5 mm \u03ba\u03b1\u03b9 \u03b2\u03ac\u03c1\u03bf\u03c2 100 g \u03ba\u03b1\u03b8\u03b9\u03c3\u03c4\u03ac \u03c4\u03b7 \u03c3\u03c5\u03c3\u03ba\u03b5\u03c5\u03ae \u03b2\u03bf\u03bb\u03b9\u03ba\u03ae \u03ba\u03b1\u03b9 \u03b5\u03cd\u03ba\u03bf\u03bb\u03b7 \u03c3\u03c4\u03b7 \u03bc\u03b5\u03c4\u03b1\u03c6\u03bf\u03c1\u03ac. \u0394\u03b9\u03b1\u03b8\u03ad\u03c3\u03b9\u03bc\u03b7 \u03c3\u03c4\u03b7 \u03b3\u03b5\u03cd\u03c3\u03b7 \u03a6\u03c1\u03ac\u03bf\u03c5\u03bb\u03b1-\u039c\u03c0\u03b1\u03bd\u03ac\u03bd\u03b1, \u03c0\u03bf\u03c5 \u03c0\u03b5\u03c1\u03b9\u03b3\u03c1\u03ac\u03c6\u03b5\u03c4\u03b1\u03b9 \u03c9\u03c2 \u00ab\u03bf\u03bc\u03b1\u03bb\u03ae \u03ba\u03b1\u03b9 \u03c6\u03c1\u03bf\u03c5\u03c4\u03ce\u03b4\u03b7\u03c2\u00bb, \u03b1\u03c5\u03c4\u03ae \u03b7 \u03c3\u03c5\u03c3\u03ba\u03b5\u03c5\u03ae \u03b5\u03af\u03bd\u03b1\u03b9 \u03b9\u03b4\u03b1\u03bd\u03b9\u03ba\u03ae \u03b3\u03b9\u03b1 \u03b1\u03c0\u03b1\u03b9\u03c4\u03b7\u03c4\u03b9\u03ba\u03bf\u03cd\u03c2 \u03b1\u03c4\u03bc\u03b9\u03c3\u03c4\u03ad\u03c2 \u03c0\u03bf\u03c5 \u03b4\u03af\u03bd\u03bf\u03c5\u03bd \u03ad\u03bc\u03c6\u03b1\u03c3\u03b7 \u03c3\u03c4\u03b7\u03bd \u03c0\u03bf\u03b9\u03cc\u03c4\u03b7\u03c4\u03b1 \u03ba\u03b1\u03b9 \u03c4\u03b7\u03bd \u03c0\u03bf\u03bb\u03c5\u03bc\u03bf\u03c1\u03c6\u03af\u03b1.<\/p>","protected":false},"excerpt":{"rendered":"<p>Eigenschaft Details Zuganzahl (Normalmodus) Bis zu 25.000 Z\u00fcge Zuganzahl (Rocket-Modus) Bis zu 15.000 Z\u00fcge Coils Dual Mesh Coil: 0,8 Ohm + 0,8 Ohm E-Liquid-Kapazit\u00e4t 18 ml N-St\u00e4rke 2%, 5% Batteriekapazit\u00e4t 13.500 mAh (oder m\u00f6glicherweise 750 mAh) Aufladung Wiederaufladbar via USB Typ-C Besondere Funktionen 3D Curved Screen, KI-Leistungsanpassung, Pulse Power, Super Boost VPU Produktgr\u00f6\u00dfe 91,5 mm [&hellip;]<\/p>","protected":false},"featured_media":13785,"template":"","meta":{"inline_featured_image":false},"product_cat":[15,78,747,740,734,753,717,732],"product_tag":[710,674],"tiered_pricing_type":"fixed","tiered_pricing_fixed_rules":{"110":"12.39","200":"11.02","500":"9.64"},"tiered_pricing_percentage_rules":[],"tiered_pricing_minimum":1,"_administrator_tiered_pricing_type":"fixed","_administrator_tiered_pricing_fixed_rules":[],"_editor_tiered_pricing_type":"fixed","_editor_tiered_pricing_fixed_rules":[],"_author_tiered_pricing_type":"fixed","_author_tiered_pricing_fixed_rules":[],"_contributor_tiered_pricing_type":"fixed","_contributor_tiered_pricing_fixed_rules":[],"_subscriber_tiered_pricing_type":"fixed","_subscriber_tiered_pricing_fixed_rules":[],"_customer_tiered_pricing_type":"fixed","_customer_tiered_pricing_fixed_rules":[],"_shop_manager_tiered_pricing_type":"fixed","_shop_manager_tiered_pricing_fixed_rules":[],"_wpseo_manager_tiered_pricing_type":"fixed","_wpseo_manager_tiered_pricing_fixed_rules":[],"_wpseo_editor_tiered_pricing_type":"fixed","_wpseo_editor_tiered_pricing_fixed_rules":[],"_wholesale_customer_tiered_pricing_type":"fixed","_wholesale_customer_tiered_pricing_fixed_rules":[],"_marketer_tiered_pricing_type":"fixed","_marketer_tiered_pricing_fixed_rules":[],"_sales_manager_tiered_pricing_type":"fixed","_sales_manager_tiered_pricing_fixed_rules":[],"_sales_rep_tiered_pricing_type":"fixed","_sales_rep_tiered_pricing_fixed_rules":[],"yoast_head":"<!-- This site is optimized with the Yoast SEO plugin v23.3 - https:\/\/yoast.com\/wordpress\/plugins\/seo\/ -->\n<title>Geschmeidig und fruchtig15000 Z\u00fcge Strawberry Banana in der ELF BOX PULSE X | ElementVape.de<\/title>\n<meta name=\"description\" content=\"Wir bieten Geschmeidig und fruchtig15000 Z\u00fcge Strawberry Banana in der ELF BOX PULSE X , Elementvape.de akzeptieren Gro\u00df-und Einzelhandel Bestellungen.\" \/>\n<meta name=\"robots\" content=\"index, follow, max-snippet:-1, max-image-preview:large, max-video-preview:-1\" \/>\n<link rel=\"canonical\" href=\"https:\/\/www.elementvape.de\/el\/produkt\/geschmeidig-und-fruchtig15000-zuege-strawberry-banana-in-der-elf-box-pulse-x\/\" \/>\n<meta property=\"og:locale\" content=\"el_GR\" \/>\n<meta property=\"og:type\" content=\"article\" \/>\n<meta property=\"og:title\" content=\"Geschmeidig und fruchtig15000 Z\u00fcge Strawberry Banana in der ELF BOX PULSE X | ElementVape.de\" \/>\n<meta property=\"og:description\" content=\"Wir bieten Geschmeidig und fruchtig15000 Z\u00fcge Strawberry Banana in der ELF BOX PULSE X , Elementvape.de akzeptieren Gro\u00df-und Einzelhandel Bestellungen.\" \/>\n<meta property=\"og:url\" content=\"https:\/\/www.elementvape.de\/el\/produkt\/geschmeidig-und-fruchtig15000-zuege-strawberry-banana-in-der-elf-box-pulse-x\/\" \/>\n<meta property=\"og:site_name\" content=\"ElementVape.de\" \/>\n<meta property=\"article:modified_time\" content=\"2024-12-12T06:34:52+00:00\" \/>\n<meta property=\"og:image\" content=\"https:\/\/www.elementvape.de\/wp-content\/uploads\/2024\/08\/06.jpg\" \/>\n\t<meta property=\"og:image:width\" content=\"1000\" \/>\n\t<meta property=\"og:image:height\" content=\"1000\" \/>\n\t<meta property=\"og:image:type\" content=\"image\/jpeg\" \/>\n<meta name=\"twitter:card\" content=\"summary_large_image\" \/>\n<meta name=\"twitter:label1\" content=\"Est. reading time\" \/>\n\t<meta name=\"twitter:data1\" content=\"2 \u03bb\u03b5\u03c0\u03c4\u03ac\" \/>\n<script type=\"application\/ld+json\" class=\"yoast-schema-graph\">{\"@context\":\"https:\/\/schema.org\",\"@graph\":[{\"@type\":\"WebPage\",\"@id\":\"https:\/\/www.elementvape.de\/es\/produkt\/geschmeidig-und-fruchtig15000-zuege-strawberry-banana-in-der-elf-box-pulse-x\/\",\"url\":\"https:\/\/www.elementvape.de\/es\/produkt\/geschmeidig-und-fruchtig15000-zuege-strawberry-banana-in-der-elf-box-pulse-x\/\",\"name\":\"Geschmeidig und fruchtig15000 Z\u00fcge Strawberry Banana in der ELF BOX PULSE X | ElementVape.de\",\"isPartOf\":{\"@id\":\"https:\/\/www.elementvape.de\/#website\"},\"primaryImageOfPage\":{\"@id\":\"https:\/\/www.elementvape.de\/es\/produkt\/geschmeidig-und-fruchtig15000-zuege-strawberry-banana-in-der-elf-box-pulse-x\/#primaryimage\"},\"image\":{\"@id\":\"https:\/\/www.elementvape.de\/es\/produkt\/geschmeidig-und-fruchtig15000-zuege-strawberry-banana-in-der-elf-box-pulse-x\/#primaryimage\"},\"thumbnailUrl\":\"https:\/\/www.elementvape.de\/wp-content\/uploads\/2024\/08\/06.jpg\",\"datePublished\":\"2024-08-16T06:39:29+00:00\",\"dateModified\":\"2024-12-12T06:34:52+00:00\",\"description\":\"Wir bieten Geschmeidig und fruchtig15000 Z\u00fcge Strawberry Banana in der ELF BOX PULSE X , Elementvape.de akzeptieren Gro\u00df-und Einzelhandel Bestellungen.\",\"breadcrumb\":{\"@id\":\"https:\/\/www.elementvape.de\/es\/produkt\/geschmeidig-und-fruchtig15000-zuege-strawberry-banana-in-der-elf-box-pulse-x\/#breadcrumb\"},\"inLanguage\":\"el\",\"potentialAction\":[{\"@type\":\"ReadAction\",\"target\":[\"https:\/\/www.elementvape.de\/es\/produkt\/geschmeidig-und-fruchtig15000-zuege-strawberry-banana-in-der-elf-box-pulse-x\/\"]}]},{\"@type\":\"ImageObject\",\"inLanguage\":\"el\",\"@id\":\"https:\/\/www.elementvape.de\/es\/produkt\/geschmeidig-und-fruchtig15000-zuege-strawberry-banana-in-der-elf-box-pulse-x\/#primaryimage\",\"url\":\"https:\/\/www.elementvape.de\/wp-content\/uploads\/2024\/08\/06.jpg\",\"contentUrl\":\"https:\/\/www.elementvape.de\/wp-content\/uploads\/2024\/08\/06.jpg\",\"width\":1000,\"height\":1000,\"caption\":\"Strawberry Banana\"},{\"@type\":\"BreadcrumbList\",\"@id\":\"https:\/\/www.elementvape.de\/es\/produkt\/geschmeidig-und-fruchtig15000-zuege-strawberry-banana-in-der-elf-box-pulse-x\/#breadcrumb\",\"itemListElement\":[{\"@type\":\"ListItem\",\"position\":1,\"name\":\"Home\",\"item\":\"https:\/\/www.elementvape.de\/\"},{\"@type\":\"ListItem\",\"position\":2,\"name\":\"Shop\",\"item\":\"https:\/\/www.elementvape.de\/shop\/\"},{\"@type\":\"ListItem\",\"position\":3,\"name\":\"Geschmeidig und fruchtig15000 Z\u00fcge Strawberry Banana in der ELF BOX PULSE X\"}]},{\"@type\":\"WebSite\",\"@id\":\"https:\/\/www.elementvape.de\/#website\",\"url\":\"https:\/\/www.elementvape.de\/\",\"name\":\"ElementVape.de\",\"description\":\"\",\"publisher\":{\"@id\":\"https:\/\/www.elementvape.de\/#organization\"},\"potentialAction\":[{\"@type\":\"SearchAction\",\"target\":{\"@type\":\"EntryPoint\",\"urlTemplate\":\"https:\/\/www.elementvape.de\/?s={search_term_string}\"},\"query-input\":\"required name=search_term_string\"}],\"inLanguage\":\"el\"},{\"@type\":\"Organization\",\"@id\":\"https:\/\/www.elementvape.de\/#organization\",\"name\":\"ElementVape.DE\",\"url\":\"https:\/\/www.elementvape.de\/\",\"logo\":{\"@type\":\"ImageObject\",\"inLanguage\":\"el\",\"@id\":\"https:\/\/www.elementvape.de\/#\/schema\/logo\/image\/\",\"url\":\"https:\/\/www.elementvape.de\/wp-content\/uploads\/2024\/09\/cropped-1elementvape-3.png\",\"contentUrl\":\"https:\/\/www.elementvape.de\/wp-content\/uploads\/2024\/09\/cropped-1elementvape-3.png\",\"width\":285,\"height\":228,\"caption\":\"ElementVape.DE\"},\"image\":{\"@id\":\"https:\/\/www.elementvape.de\/#\/schema\/logo\/image\/\"}}]}<\/script>\n<!-- \/ Yoast SEO plugin. -->","yoast_head_json":{"title":"Geschmeidig und fruchtig15000 Z\u00fcge Strawberry Banana in der ELF BOX PULSE X | ElementVape.de","description":"Wir bieten Geschmeidig und fruchtig15000 Z\u00fcge Strawberry Banana in der ELF BOX PULSE X , Elementvape.de akzeptieren Gro\u00df-und Einzelhandel Bestellungen.","robots":{"index":"index","follow":"follow","max-snippet":"max-snippet:-1","max-image-preview":"max-image-preview:large","max-video-preview":"max-video-preview:-1"},"canonical":"https:\/\/www.elementvape.de\/el\/produkt\/geschmeidig-und-fruchtig15000-zuege-strawberry-banana-in-der-elf-box-pulse-x\/","og_locale":"el_GR","og_type":"article","og_title":"Geschmeidig und fruchtig15000 Z\u00fcge Strawberry Banana in der ELF BOX PULSE X | ElementVape.de","og_description":"Wir bieten Geschmeidig und fruchtig15000 Z\u00fcge Strawberry Banana in der ELF BOX PULSE X , Elementvape.de akzeptieren Gro\u00df-und Einzelhandel Bestellungen.","og_url":"https:\/\/www.elementvape.de\/el\/produkt\/geschmeidig-und-fruchtig15000-zuege-strawberry-banana-in-der-elf-box-pulse-x\/","og_site_name":"ElementVape.de","article_modified_time":"2024-12-12T06:34:52+00:00","og_image":[{"width":1000,"height":1000,"url":"https:\/\/www.elementvape.de\/wp-content\/uploads\/2024\/08\/06.jpg","type":"image\/jpeg"}],"twitter_card":"summary_large_image","twitter_misc":{"Est. reading time":"2 \u03bb\u03b5\u03c0\u03c4\u03ac"},"schema":{"@context":"https:\/\/schema.org","@graph":[{"@type":"WebPage","@id":"https:\/\/www.elementvape.de\/es\/produkt\/geschmeidig-und-fruchtig15000-zuege-strawberry-banana-in-der-elf-box-pulse-x\/","url":"https:\/\/www.elementvape.de\/es\/produkt\/geschmeidig-und-fruchtig15000-zuege-strawberry-banana-in-der-elf-box-pulse-x\/","name":"Geschmeidig und fruchtig15000 Z\u00fcge Strawberry Banana in der ELF BOX PULSE X | ElementVape.de","isPartOf":{"@id":"https:\/\/www.elementvape.de\/#website"},"primaryImageOfPage":{"@id":"https:\/\/www.elementvape.de\/es\/produkt\/geschmeidig-und-fruchtig15000-zuege-strawberry-banana-in-der-elf-box-pulse-x\/#primaryimage"},"image":{"@id":"https:\/\/www.elementvape.de\/es\/produkt\/geschmeidig-und-fruchtig15000-zuege-strawberry-banana-in-der-elf-box-pulse-x\/#primaryimage"},"thumbnailUrl":"https:\/\/www.elementvape.de\/wp-content\/uploads\/2024\/08\/06.jpg","datePublished":"2024-08-16T06:39:29+00:00","dateModified":"2024-12-12T06:34:52+00:00","description":"Wir bieten Geschmeidig und fruchtig15000 Z\u00fcge Strawberry Banana in der ELF BOX PULSE X , Elementvape.de akzeptieren Gro\u00df-und Einzelhandel Bestellungen.","breadcrumb":{"@id":"https:\/\/www.elementvape.de\/es\/produkt\/geschmeidig-und-fruchtig15000-zuege-strawberry-banana-in-der-elf-box-pulse-x\/#breadcrumb"},"inLanguage":"el","potentialAction":[{"@type":"ReadAction","target":["https:\/\/www.elementvape.de\/es\/produkt\/geschmeidig-und-fruchtig15000-zuege-strawberry-banana-in-der-elf-box-pulse-x\/"]}]},{"@type":"ImageObject","inLanguage":"el","@id":"https:\/\/www.elementvape.de\/es\/produkt\/geschmeidig-und-fruchtig15000-zuege-strawberry-banana-in-der-elf-box-pulse-x\/#primaryimage","url":"https:\/\/www.elementvape.de\/wp-content\/uploads\/2024\/08\/06.jpg","contentUrl":"https:\/\/www.elementvape.de\/wp-content\/uploads\/2024\/08\/06.jpg","width":1000,"height":1000,"caption":"Strawberry Banana"},{"@type":"BreadcrumbList","@id":"https:\/\/www.elementvape.de\/es\/produkt\/geschmeidig-und-fruchtig15000-zuege-strawberry-banana-in-der-elf-box-pulse-x\/#breadcrumb","itemListElement":[{"@type":"ListItem","position":1,"name":"Home","item":"https:\/\/www.elementvape.de\/"},{"@type":"ListItem","position":2,"name":"Shop","item":"https:\/\/www.elementvape.de\/shop\/"},{"@type":"ListItem","position":3,"name":"Geschmeidig und fruchtig15000 Z\u00fcge Strawberry Banana in der ELF BOX PULSE X"}]},{"@type":"WebSite","@id":"https:\/\/www.elementvape.de\/#website","url":"https:\/\/www.elementvape.de\/","name":"ElementVape.de","description":"","publisher":{"@id":"https:\/\/www.elementvape.de\/#organization"},"potentialAction":[{"@type":"SearchAction","target":{"@type":"EntryPoint","urlTemplate":"https:\/\/www.elementvape.de\/?s={search_term_string}"},"query-input":"required name=search_term_string"}],"inLanguage":"el"},{"@type":"Organization","@id":"https:\/\/www.elementvape.de\/#organization","name":"ElementVape.DE","url":"https:\/\/www.elementvape.de\/","logo":{"@type":"ImageObject","inLanguage":"el","@id":"https:\/\/www.elementvape.de\/#\/schema\/logo\/image\/","url":"https:\/\/www.elementvape.de\/wp-content\/uploads\/2024\/09\/cropped-1elementvape-3.png","contentUrl":"https:\/\/www.elementvape.de\/wp-content\/uploads\/2024\/09\/cropped-1elementvape-3.png","width":285,"height":228,"caption":"ElementVape.DE"},"image":{"@id":"https:\/\/www.elementvape.de\/#\/schema\/logo\/image\/"}}]}},"_links":{"self":[{"href":"https:\/\/www.elementvape.de\/el\/wp-json\/wp\/v2\/product\/13784"}],"collection":[{"href":"https:\/\/www.elementvape.de\/el\/wp-json\/wp\/v2\/product"}],"about":[{"href":"https:\/\/www.elementvape.de\/el\/wp-json\/wp\/v2\/types\/product"}],"wp:featuredmedia":[{"embeddable":true,"href":"https:\/\/www.elementvape.de\/el\/wp-json\/wp\/v2\/media\/13785"}],"wp:attachment":[{"href":"https:\/\/www.elementvape.de\/el\/wp-json\/wp\/v2\/media?parent=13784"}],"wp:term":[{"taxonomy":"product_cat","embeddable":true,"href":"https:\/\/www.elementvape.de\/el\/wp-json\/wp\/v2\/product_cat?post=13784"},{"taxonomy":"product_tag","embeddable":true,"href":"https:\/\/www.elementvape.de\/el\/wp-json\/wp\/v2\/product_tag?post=13784"}],"curies":[{"name":"wp","href":"https:\/\/api.w.org\/{rel}","templated":true}]}}