{"id":13765,"date":"2024-08-15T08:56:02","date_gmt":"2024-08-15T08:56:02","guid":{"rendered":"https:\/\/www.elementvape.de\/?post_type=product&#038;p=13765"},"modified":"2024-12-12T06:34:56","modified_gmt":"2024-12-12T06:34:56","slug":"erleben-sie-die-eisige-frische-von-peach-ice-15000-zuege-im-pulsmodus","status":"publish","type":"product","link":"https:\/\/www.elementvape.de\/el\/produkt\/erleben-sie-die-eisige-frische-von-peach-ice-15000-zuege-im-pulsmodus\/","title":{"rendered":"\u0396\u03ae\u03c3\u03c4\u03b5 \u03c4\u03b7 \u03b4\u03c1\u03bf\u03c3\u03b5\u03c1\u03ae \u03c6\u03c1\u03b5\u03c3\u03ba\u03ac\u03b4\u03b1 \u03c4\u03bf\u03c5 Peach Ice 15000 \u03c4\u03b6\u03bf\u03cd\u03c1\u03b5\u03c2 \u03c3\u03b5 \u03bb\u03b5\u03b9\u03c4\u03bf\u03c5\u03c1\u03b3\u03af\u03b1 \u03c0\u03b1\u03bb\u03bc\u03ce\u03bd"},"content":{"rendered":"<table style=\"font-size: 16px;\">\n<thead>\n<tr>\n<th>\u03a7\u03b1\u03c1\u03b1\u03ba\u03c4\u03b7\u03c1\u03b9\u03c3\u03c4\u03b9\u03ba\u03cc<\/th>\n<th>\u03a0\u03c1\u03bf\u03b4\u03b9\u03b1\u03b3\u03c1\u03b1\u03c6\u03ae<\/th>\n<\/tr>\n<\/thead>\n<tbody>\n<tr>\n<td>\u0391\u03bd\u03ac\u03c3\u03b5\u03c2 (\u039a\u03b1\u03bd\u03bf\u03bd\u03b9\u03ba\u03ad\u03c2)<\/td>\n<td>25.000<\/td>\n<\/tr>\n<tr>\n<td>\u0391\u03bd\u03ac\u03c3\u03b5\u03c2 (Pulse)<\/td>\n<td>15.000<\/td>\n<\/tr>\n<tr>\n<td>\u0394\u03b9\u03c0\u03bb\u03cc\u03c2 \u03a0\u03b7\u03bd\u03af\u03bf \u039c\u03b5\u03c4\u03b1\u03bb\u03bb\u03b9\u03ba\u03ae\u03c2 \u038e\u03c6\u03b1\u03bd\u03c3\u03b7\u03c2<\/td>\n<td>0.8ohm + 0.8ohm<\/td>\n<\/tr>\n<tr>\n<td>\u0397\u03bb\u03b5\u03ba\u03c4\u03c1\u03bf\u03bd\u03b9\u03ba\u03cc \u03a5\u03b3\u03c1\u03cc<\/td>\n<td>18ml<\/td>\n<\/tr>\n<tr>\n<td>N<\/td>\n<td>2%\u00a0 \/ 5%<\/td>\n<\/tr>\n<tr>\n<td>\u039c\u03c0\u03b1\u03c4\u03b1\u03c1\u03af\u03b1<\/td>\n<td>13500-750mAh<\/td>\n<\/tr>\n<tr>\n<td>\u039f\u03b8\u03cc\u03bd\u03b7<\/td>\n<td>3D \u039a\u03b1\u03bc\u03c0\u03c5\u03bb\u03c9\u03c4\u03ae \u039f\u03b8\u03cc\u03bd\u03b7, \u03a1\u03cd\u03b8\u03bc\u03b9\u03c3\u03b7 \u0399\u03c3\u03c7\u03cd\u03bf\u03c2 AI<\/td>\n<\/tr>\n<tr>\n<td>\u03a4\u03b5\u03c7\u03bd\u03bf\u03bb\u03bf\u03b3\u03af\u03b1<\/td>\n<td>Pulse Power, Super Boost VPU Inside<\/td>\n<\/tr>\n<tr>\n<td>\u0395\u03c0\u03b1\u03bd\u03b1\u03c6\u03bf\u03c1\u03c4\u03b9\u03b6\u03cc\u03bc\u03b5\u03bd\u03bf<\/td>\n<td>\u03a4\u03cd\u03c0\u03bf\u03c2-C<\/td>\n<\/tr>\n<tr>\n<td>\u0392\u03ac\u03c1\u03bf\u03c2 \u03c0\u03c1\u03bf\u03ca\u03cc\u03bd\u03c4\u03bf\u03c2<\/td>\n<td>100g<\/td>\n<\/tr>\n<tr>\n<td>\u039c\u03ad\u03b3\u03b5\u03b8\u03bf\u03c2 \u03c0\u03c1\u03bf\u03ca\u03cc\u03bd\u03c4\u03bf\u03c2<\/td>\n<td>91.5<em>56.5<\/em>28.5mm<\/td>\n<\/tr>\n<\/tbody>\n<\/table>\n<h3>\u0396\u03ae\u03c3\u03c4\u03b5 \u03c4\u03b7 \u03b4\u03c1\u03bf\u03c3\u03b5\u03c1\u03ae \u03c6\u03c1\u03b5\u03c3\u03ba\u03ac\u03b4\u03b1 \u03c4\u03bf\u03c5 Peach Ice 15000 \u03c4\u03b6\u03bf\u03cd\u03c1\u03b5\u03c2 \u03c3\u03b5 \u03bb\u03b5\u03b9\u03c4\u03bf\u03c5\u03c1\u03b3\u03af\u03b1 \u03c0\u03b1\u03bb\u03bc\u03ce\u03bd<\/h3>\n<p>\u0392\u03c5\u03b8\u03b9\u03c3\u03c4\u03b5\u03af\u03c4\u03b5 \u03c3\u03c4\u03bf\u03bd \u03b1\u03bd\u03b1\u03b6\u03c9\u03bf\u03b3\u03bf\u03bd\u03b7\u03c4\u03b9\u03ba\u03cc \u03ba\u03cc\u03c3\u03bc\u03bf \u03c4\u03bf\u03c5 Peach Ice ELF BOX PULSE X \u03ba\u03b1\u03b9 \u03b6\u03ae\u03c3\u03c4\u03b5 \u03bc\u03b9\u03b1 \u03b5\u03bc\u03c0\u03b5\u03b9\u03c1\u03af\u03b1 \u03b1\u03c4\u03bc\u03af\u03c3\u03bc\u03b1\u03c4\u03bf\u03c2 \u03c0\u03bf\u03c5 \u03c3\u03b1\u03c2 \u03bc\u03b5\u03c4\u03b1\u03c6\u03ad\u03c1\u03b5\u03b9 \u03bc\u03b5 \u03ba\u03ac\u03b8\u03b5 \u03c1\u03bf\u03c5\u03c6\u03b7\u03be\u03b9\u03ac \u03c3\u03c4\u03b7 \u03b4\u03c1\u03bf\u03c3\u03b5\u03c1\u03ae, \u03c6\u03c1\u03bf\u03c5\u03c4\u03ce\u03b4\u03b7 \u03c6\u03c1\u03b5\u03c3\u03ba\u03ac\u03b4\u03b1 \u03b5\u03bd\u03cc\u03c2 \u03b6\u03bf\u03c5\u03bc\u03b5\u03c1\u03bf\u03cd \u03c1\u03bf\u03b4\u03ac\u03ba\u03b9\u03bd\u03bf\u03c5. \u039f \u03c3\u03c5\u03bd\u03b4\u03c5\u03b1\u03c3\u03bc\u03cc\u03c2 \u03b3\u03bb\u03c5\u03ba\u03b9\u03ac\u03c2 \u03b3\u03b5\u03cd\u03c3\u03b7\u03c2 \u03c1\u03bf\u03b4\u03ac\u03ba\u03b9\u03bd\u03bf\u03c5 \u03ba\u03b1\u03b9 \u03c0\u03b1\u03b3\u03c9\u03bc\u03ad\u03bd\u03b7\u03c2 \u03bd\u03cc\u03c4\u03b1\u03c2 \u03c0\u03c1\u03bf\u03c3\u03c6\u03ad\u03c1\u03b5\u03b9 \u03ad\u03bd\u03b1\u03bd \u03bc\u03bf\u03bd\u03b1\u03b4\u03b9\u03ba\u03cc \u03c3\u03c5\u03bd\u03b4\u03c5\u03b1\u03c3\u03bc\u03cc \u03b3\u03b5\u03cd\u03c3\u03b5\u03c9\u03bd \u03c0\u03bf\u03c5 \u03b1\u03bd\u03b1\u03b6\u03c9\u03bf\u03b3\u03bf\u03bd\u03b5\u03af \u03c4\u03b9\u03c2 \u03b1\u03b9\u03c3\u03b8\u03ae\u03c3\u03b5\u03b9\u03c2 \u03c3\u03b1\u03c2 \u03ba\u03b1\u03b9 \u03c3\u03b1\u03c2 \u03c7\u03b1\u03c1\u03af\u03b6\u03b5\u03b9 \u03b1\u03af\u03c3\u03b8\u03b7\u03c3\u03b7 \u03c6\u03c1\u03b5\u03c3\u03ba\u03ac\u03b4\u03b1\u03c2 \u03ba\u03b1\u03b9 \u03b6\u03c9\u03c4\u03b9\u03ba\u03cc\u03c4\u03b7\u03c4\u03b1\u03c2.<\/p>\n<p>\u039c\u03b5 \u03c4\u03bf ELF BOX PULSE X \u03bb\u03b1\u03bc\u03b2\u03ac\u03bd\u03b5\u03c4\u03b5 \u03cc\u03c7\u03b9 \u03bc\u03cc\u03bd\u03bf \u03bc\u03b9\u03b1 \u03b1\u03bd\u03b1\u03b6\u03c9\u03bf\u03b3\u03bf\u03bd\u03b7\u03c4\u03b9\u03ba\u03ae \u03b3\u03b5\u03cd\u03c3\u03b7, \u03b1\u03bb\u03bb\u03ac \u03ba\u03b1\u03b9 \u03c4\u03b7\u03bd \u03b5\u03bd\u03c4\u03c5\u03c0\u03c9\u03c3\u03b9\u03b1\u03ba\u03ae \u03b1\u03c0\u03cc\u03b4\u03bf\u03c3\u03b7 \u03c4\u03c9\u03bd 15.000 \u03c1\u03bf\u03c5\u03c6\u03b7\u03be\u03b9\u03ce\u03bd \u03c3\u03b5 \u03bb\u03b5\u03b9\u03c4\u03bf\u03c5\u03c1\u03b3\u03af\u03b1 \u03c0\u03b1\u03bb\u03bc\u03bf\u03cd. \u0391\u03c5\u03c4\u03ae \u03b7 \u03bb\u03b5\u03b9\u03c4\u03bf\u03c5\u03c1\u03b3\u03af\u03b1 \u03b5\u03bd\u03b9\u03c3\u03c7\u03cd\u03b5\u03b9 \u03ba\u03ac\u03b8\u03b5 \u03c1\u03bf\u03c5\u03c6\u03b7\u03be\u03b9\u03ac \u03ba\u03b1\u03b9 \u03b4\u03b9\u03b1\u03c3\u03c6\u03b1\u03bb\u03af\u03b6\u03b5\u03b9 \u03cc\u03c4\u03b9 \u03b8\u03b1 \u03b1\u03c0\u03bf\u03bb\u03b1\u03bc\u03b2\u03ac\u03bd\u03b5\u03c4\u03b5 \u03c4\u03b7\u03bd \u03c0\u03bb\u03ae\u03c1\u03b7, \u03ad\u03bd\u03c4\u03bf\u03bd\u03b7 \u03b3\u03b5\u03cd\u03c3\u03b7 \u03c4\u03bf\u03c5 Peach Ice \u03b3\u03b9\u03b1 \u03bc\u03b5\u03b3\u03ac\u03bb\u03bf \u03c7\u03c1\u03bf\u03bd\u03b9\u03ba\u03cc \u03b4\u03b9\u03ac\u03c3\u03c4\u03b7\u03bc\u03b1. \u0397 \u03bb\u03b5\u03b9\u03c4\u03bf\u03c5\u03c1\u03b3\u03af\u03b1 \u03c0\u03b1\u03bb\u03bc\u03bf\u03cd \u03b2\u03b5\u03bb\u03c4\u03b9\u03c3\u03c4\u03bf\u03c0\u03bf\u03b9\u03b5\u03af \u03c4\u03b7\u03bd \u03b1\u03c0\u03cc\u03b4\u03bf\u03c3\u03b7, \u03ce\u03c3\u03c4\u03b5 \u03ba\u03ac\u03b8\u03b5 \u03c1\u03bf\u03c5\u03c6\u03b7\u03be\u03b9\u03ac \u03bd\u03b1 \u03b5\u03af\u03bd\u03b1\u03b9 \u03cc\u03c7\u03b9 \u03bc\u03cc\u03bd\u03bf \u03bd\u03cc\u03c3\u03c4\u03b9\u03bc\u03b7, \u03b1\u03bb\u03bb\u03ac \u03ba\u03b1\u03b9 \u03b9\u03c3\u03c7\u03c5\u03c1\u03ae.<\/p>\n<h3>Super Boost VPU \u2013 \u039c\u03ad\u03b3\u03b9\u03c3\u03c4\u03b7 \u03a6\u03c1\u03b5\u03c3\u03ba\u03ac\u03b4\u03b1 \u03ba\u03b1\u03b9 \u0393\u03b5\u03cd\u03c3\u03b7<\/h3>\n<p>\u0397 \u03c0\u03c1\u03bf\u03b7\u03b3\u03bc\u03ad\u03bd\u03b7 \u03c4\u03b5\u03c7\u03bd\u03bf\u03bb\u03bf\u03b3\u03af\u03b1 Super Boost VPU \u03c4\u03bf\u03c5 ELF BOX PULSE X \u03b5\u03bd\u03b9\u03c3\u03c7\u03cd\u03b5\u03b9 \u03c4\u03b7 \u03b3\u03b5\u03cd\u03c3\u03b7 \u03ba\u03b1\u03b9 \u03c0\u03b1\u03c1\u03ac\u03b3\u03b5\u03b9 \u03c0\u03bb\u03bf\u03cd\u03c3\u03b9\u03bf \u03b1\u03c4\u03bc\u03cc. \u0391\u03c5\u03c4\u03ae \u03b7 \u03c4\u03b5\u03c7\u03bd\u03bf\u03bb\u03bf\u03b3\u03af\u03b1 \u03ba\u03b1\u03b8\u03b9\u03c3\u03c4\u03ac \u03ba\u03ac\u03b8\u03b5 \u03c1\u03bf\u03c5\u03c6\u03b7\u03be\u03b9\u03ac \u03b1\u03ba\u03cc\u03bc\u03b1 \u03c0\u03b9\u03bf \u03b4\u03c1\u03bf\u03c3\u03b5\u03c1\u03ae \u03ba\u03b1\u03b9 \u03b3\u03b5\u03c5\u03c3\u03c4\u03b9\u03ba\u03ae, \u03ce\u03c3\u03c4\u03b5 \u03bd\u03b1 \u03b2\u03b9\u03ce\u03c3\u03b5\u03c4\u03b5 \u03c4\u03b7\u03bd \u03c0\u03b1\u03b3\u03c9\u03bc\u03ad\u03bd\u03b7 \u03c6\u03c1\u03b5\u03c3\u03ba\u03ac\u03b4\u03b1 \u03c4\u03bf\u03c5 Peach Ice \u03c3\u03c4\u03b7\u03bd \u03c0\u03bb\u03ae\u03c1\u03b7 \u03ad\u03bd\u03c4\u03b1\u03c3\u03ae \u03c4\u03b7\u03c2. \u0391\u03c0\u03bf\u03bb\u03b1\u03cd\u03c3\u03c4\u03b5 \u03bc\u03b9\u03b1 \u03bc\u03b1\u03ba\u03c1\u03ac\u03c2 \u03b4\u03b9\u03ac\u03c1\u03ba\u03b5\u03b9\u03b1\u03c2, \u03b1\u03bd\u03b1\u03b6\u03c9\u03bf\u03b3\u03bf\u03bd\u03b7\u03c4\u03b9\u03ba\u03ae \u03b5\u03bc\u03c0\u03b5\u03b9\u03c1\u03af\u03b1 \u03b1\u03c4\u03bc\u03af\u03c3\u03bc\u03b1\u03c4\u03bf\u03c2 \u03c0\u03bf\u03c5 \u03b4\u03b5\u03bd \u03b1\u03c6\u03ae\u03bd\u03b5\u03b9 \u03c4\u03af\u03c0\u03bf\u03c4\u03b1 \u03bd\u03b1 \u03b5\u03c0\u03b9\u03b8\u03c5\u03bc\u03b5\u03af.<\/p>\n<p>\u03a4\u03bf Peach Ice ELF BOX PULSE X \u03b5\u03af\u03bd\u03b1\u03b9 \u03b7 \u03c4\u03ad\u03bb\u03b5\u03b9\u03b1 \u03b5\u03c0\u03b9\u03bb\u03bf\u03b3\u03ae \u03b3\u03b9\u03b1 \u03cc\u03c3\u03bf\u03c5\u03c2 \u03b1\u03bd\u03b1\u03b6\u03b7\u03c4\u03bf\u03cd\u03bd \u03bc\u03b9\u03b1 \u03b4\u03c1\u03bf\u03c3\u03b5\u03c1\u03ae, \u03bc\u03b1\u03ba\u03c1\u03ac\u03c2 \u03b4\u03b9\u03ac\u03c1\u03ba\u03b5\u03b9\u03b1\u03c2 \u03ba\u03b1\u03b9 \u03ad\u03bd\u03c4\u03bf\u03bd\u03b7 \u03b5\u03bc\u03c0\u03b5\u03b9\u03c1\u03af\u03b1 \u03b1\u03c4\u03bc\u03af\u03c3\u03bc\u03b1\u03c4\u03bf\u03c2. \u039c\u03b5 15.000 \u03c1\u03bf\u03c5\u03c6\u03b7\u03be\u03b9\u03ad\u03c2 \u03c3\u03b5 \u03bb\u03b5\u03b9\u03c4\u03bf\u03c5\u03c1\u03b3\u03af\u03b1 \u03c0\u03b1\u03bb\u03bc\u03bf\u03cd, \u03c0\u03c1\u03bf\u03c3\u03c6\u03ad\u03c1\u03b5\u03b9 \u03bc\u03b9\u03b1 \u03b1\u03bd\u03b5\u03c0\u03b1\u03bd\u03ac\u03bb\u03b7\u03c0\u03c4\u03b7 \u03b3\u03b5\u03c5\u03c3\u03c4\u03b9\u03ba\u03ae \u03b5\u03bc\u03c0\u03b5\u03b9\u03c1\u03af\u03b1 \u03c0\u03bf\u03c5 \u03b8\u03b1 \u03c3\u03b1\u03c2 \u03b5\u03bd\u03b8\u03bf\u03c5\u03c3\u03b9\u03ac\u03c3\u03b5\u03b9 \u03c3\u03b5 \u03ba\u03ac\u03b8\u03b5 \u03c1\u03bf\u03c5\u03c6\u03b7\u03be\u03b9\u03ac.<\/p>","protected":false},"excerpt":{"rendered":"<p>Merkmal Spezifikation Puffs (Regular) 25.000 Puffs (Pulse) 15.000 Dual Mesh Coil 0.8ohm + 0.8ohm E-Liquid 18ml N 2%\u00a0 \/ 5% Batterie 13500-750mAh Bildschirm 3D Curved Screen, AI Power Adjustment Technologie Pulse Power, Super Boost VPU Inside Wiederaufladbar Type-C Produktgewicht 100g Produktgr\u00f6\u00dfe 91.556.528.5mm Erleben Sie die Eisige Frische von Peach Ice \u2013 15.000 Z\u00fcge im Pulsmodus [&hellip;]<\/p>","protected":false},"featured_media":13766,"template":"","meta":{"inline_featured_image":false},"product_cat":[15,78,747,740,734,753,717,732],"product_tag":[710,674],"tiered_pricing_type":"fixed","tiered_pricing_fixed_rules":{"110":"12.39","200":"11.02","500":"9.64"},"tiered_pricing_percentage_rules":[],"tiered_pricing_minimum":1,"_administrator_tiered_pricing_type":"fixed","_administrator_tiered_pricing_fixed_rules":[],"_editor_tiered_pricing_type":"fixed","_editor_tiered_pricing_fixed_rules":[],"_author_tiered_pricing_type":"fixed","_author_tiered_pricing_fixed_rules":[],"_contributor_tiered_pricing_type":"fixed","_contributor_tiered_pricing_fixed_rules":[],"_subscriber_tiered_pricing_type":"fixed","_subscriber_tiered_pricing_fixed_rules":[],"_customer_tiered_pricing_type":"fixed","_customer_tiered_pricing_fixed_rules":[],"_shop_manager_tiered_pricing_type":"fixed","_shop_manager_tiered_pricing_fixed_rules":[],"_wpseo_manager_tiered_pricing_type":"fixed","_wpseo_manager_tiered_pricing_fixed_rules":[],"_wpseo_editor_tiered_pricing_type":"fixed","_wpseo_editor_tiered_pricing_fixed_rules":[],"_wholesale_customer_tiered_pricing_type":"fixed","_wholesale_customer_tiered_pricing_fixed_rules":[],"_marketer_tiered_pricing_type":"fixed","_marketer_tiered_pricing_fixed_rules":[],"_sales_manager_tiered_pricing_type":"fixed","_sales_manager_tiered_pricing_fixed_rules":[],"_sales_rep_tiered_pricing_type":"fixed","_sales_rep_tiered_pricing_fixed_rules":[],"yoast_head":"<!-- This site is optimized with the Yoast SEO plugin v23.3 - https:\/\/yoast.com\/wordpress\/plugins\/seo\/ -->\n<title>Erleben Sie die eisige Frische von Peach Ice 15000 Z\u00fcge im Pulsmodus | ElementVape.de<\/title>\n<meta name=\"description\" content=\"Wir bieten Erleben Sie die eisige Frische von Peach Ice 15000 Z\u00fcge im Pulsmodus , Elementvape.de akzeptieren Gro\u00df-und Einzelhandel Bestellungen.\" \/>\n<meta name=\"robots\" content=\"index, follow, max-snippet:-1, max-image-preview:large, max-video-preview:-1\" \/>\n<link rel=\"canonical\" href=\"https:\/\/www.elementvape.de\/el\/produkt\/erleben-sie-die-eisige-frische-von-peach-ice-15000-zuege-im-pulsmodus\/\" \/>\n<meta property=\"og:locale\" content=\"el_GR\" \/>\n<meta property=\"og:type\" content=\"article\" \/>\n<meta property=\"og:title\" content=\"Erleben Sie die eisige Frische von Peach Ice 15000 Z\u00fcge im Pulsmodus | ElementVape.de\" \/>\n<meta property=\"og:description\" content=\"Wir bieten Erleben Sie die eisige Frische von Peach Ice 15000 Z\u00fcge im Pulsmodus , Elementvape.de akzeptieren Gro\u00df-und Einzelhandel Bestellungen.\" \/>\n<meta property=\"og:url\" content=\"https:\/\/www.elementvape.de\/el\/produkt\/erleben-sie-die-eisige-frische-von-peach-ice-15000-zuege-im-pulsmodus\/\" \/>\n<meta property=\"og:site_name\" content=\"ElementVape.de\" \/>\n<meta property=\"article:modified_time\" content=\"2024-12-12T06:34:56+00:00\" \/>\n<meta property=\"og:image\" content=\"https:\/\/www.elementvape.de\/wp-content\/uploads\/2024\/08\/05.jpg\" \/>\n\t<meta property=\"og:image:width\" content=\"1000\" \/>\n\t<meta property=\"og:image:height\" content=\"1000\" \/>\n\t<meta property=\"og:image:type\" content=\"image\/jpeg\" \/>\n<meta name=\"twitter:card\" content=\"summary_large_image\" \/>\n<meta name=\"twitter:label1\" content=\"Est. reading time\" \/>\n\t<meta name=\"twitter:data1\" content=\"2 \u03bb\u03b5\u03c0\u03c4\u03ac\" \/>\n<script type=\"application\/ld+json\" class=\"yoast-schema-graph\">{\"@context\":\"https:\/\/schema.org\",\"@graph\":[{\"@type\":\"WebPage\",\"@id\":\"https:\/\/www.elementvape.de\/produkt\/erleben-sie-die-eisige-frische-von-peach-ice-15000-zuege-im-pulsmodus\/\",\"url\":\"https:\/\/www.elementvape.de\/produkt\/erleben-sie-die-eisige-frische-von-peach-ice-15000-zuege-im-pulsmodus\/\",\"name\":\"Erleben Sie die eisige Frische von Peach Ice 15000 Z\u00fcge im Pulsmodus | ElementVape.de\",\"isPartOf\":{\"@id\":\"https:\/\/www.elementvape.de\/#website\"},\"primaryImageOfPage\":{\"@id\":\"https:\/\/www.elementvape.de\/produkt\/erleben-sie-die-eisige-frische-von-peach-ice-15000-zuege-im-pulsmodus\/#primaryimage\"},\"image\":{\"@id\":\"https:\/\/www.elementvape.de\/produkt\/erleben-sie-die-eisige-frische-von-peach-ice-15000-zuege-im-pulsmodus\/#primaryimage\"},\"thumbnailUrl\":\"https:\/\/www.elementvape.de\/wp-content\/uploads\/2024\/08\/05.jpg\",\"datePublished\":\"2024-08-15T08:56:02+00:00\",\"dateModified\":\"2024-12-12T06:34:56+00:00\",\"description\":\"Wir bieten Erleben Sie die eisige Frische von Peach Ice 15000 Z\u00fcge im Pulsmodus , Elementvape.de akzeptieren Gro\u00df-und Einzelhandel Bestellungen.\",\"breadcrumb\":{\"@id\":\"https:\/\/www.elementvape.de\/produkt\/erleben-sie-die-eisige-frische-von-peach-ice-15000-zuege-im-pulsmodus\/#breadcrumb\"},\"inLanguage\":\"el\",\"potentialAction\":[{\"@type\":\"ReadAction\",\"target\":[\"https:\/\/www.elementvape.de\/produkt\/erleben-sie-die-eisige-frische-von-peach-ice-15000-zuege-im-pulsmodus\/\"]}]},{\"@type\":\"ImageObject\",\"inLanguage\":\"el\",\"@id\":\"https:\/\/www.elementvape.de\/produkt\/erleben-sie-die-eisige-frische-von-peach-ice-15000-zuege-im-pulsmodus\/#primaryimage\",\"url\":\"https:\/\/www.elementvape.de\/wp-content\/uploads\/2024\/08\/05.jpg\",\"contentUrl\":\"https:\/\/www.elementvape.de\/wp-content\/uploads\/2024\/08\/05.jpg\",\"width\":1000,\"height\":1000,\"caption\":\"Peach ice\"},{\"@type\":\"BreadcrumbList\",\"@id\":\"https:\/\/www.elementvape.de\/produkt\/erleben-sie-die-eisige-frische-von-peach-ice-15000-zuege-im-pulsmodus\/#breadcrumb\",\"itemListElement\":[{\"@type\":\"ListItem\",\"position\":1,\"name\":\"Home\",\"item\":\"https:\/\/www.elementvape.de\/\"},{\"@type\":\"ListItem\",\"position\":2,\"name\":\"Shop\",\"item\":\"https:\/\/www.elementvape.de\/shop\/\"},{\"@type\":\"ListItem\",\"position\":3,\"name\":\"Erleben Sie die eisige Frische von Peach Ice 15000 Z\u00fcge im Pulsmodus\"}]},{\"@type\":\"WebSite\",\"@id\":\"https:\/\/www.elementvape.de\/#website\",\"url\":\"https:\/\/www.elementvape.de\/\",\"name\":\"ElementVape.de\",\"description\":\"\",\"publisher\":{\"@id\":\"https:\/\/www.elementvape.de\/#organization\"},\"potentialAction\":[{\"@type\":\"SearchAction\",\"target\":{\"@type\":\"EntryPoint\",\"urlTemplate\":\"https:\/\/www.elementvape.de\/?s={search_term_string}\"},\"query-input\":\"required name=search_term_string\"}],\"inLanguage\":\"el\"},{\"@type\":\"Organization\",\"@id\":\"https:\/\/www.elementvape.de\/#organization\",\"name\":\"ElementVape.DE\",\"url\":\"https:\/\/www.elementvape.de\/\",\"logo\":{\"@type\":\"ImageObject\",\"inLanguage\":\"el\",\"@id\":\"https:\/\/www.elementvape.de\/#\/schema\/logo\/image\/\",\"url\":\"https:\/\/www.elementvape.de\/wp-content\/uploads\/2024\/09\/cropped-1elementvape-3.png\",\"contentUrl\":\"https:\/\/www.elementvape.de\/wp-content\/uploads\/2024\/09\/cropped-1elementvape-3.png\",\"width\":285,\"height\":228,\"caption\":\"ElementVape.DE\"},\"image\":{\"@id\":\"https:\/\/www.elementvape.de\/#\/schema\/logo\/image\/\"}}]}<\/script>\n<!-- \/ Yoast SEO plugin. -->","yoast_head_json":{"title":"Erleben Sie die eisige Frische von Peach Ice 15000 Z\u00fcge im Pulsmodus | ElementVape.de","description":"Wir bieten Erleben Sie die eisige Frische von Peach Ice 15000 Z\u00fcge im Pulsmodus , Elementvape.de akzeptieren Gro\u00df-und Einzelhandel Bestellungen.","robots":{"index":"index","follow":"follow","max-snippet":"max-snippet:-1","max-image-preview":"max-image-preview:large","max-video-preview":"max-video-preview:-1"},"canonical":"https:\/\/www.elementvape.de\/el\/produkt\/erleben-sie-die-eisige-frische-von-peach-ice-15000-zuege-im-pulsmodus\/","og_locale":"el_GR","og_type":"article","og_title":"Erleben Sie die eisige Frische von Peach Ice 15000 Z\u00fcge im Pulsmodus | ElementVape.de","og_description":"Wir bieten Erleben Sie die eisige Frische von Peach Ice 15000 Z\u00fcge im Pulsmodus , Elementvape.de akzeptieren Gro\u00df-und Einzelhandel Bestellungen.","og_url":"https:\/\/www.elementvape.de\/el\/produkt\/erleben-sie-die-eisige-frische-von-peach-ice-15000-zuege-im-pulsmodus\/","og_site_name":"ElementVape.de","article_modified_time":"2024-12-12T06:34:56+00:00","og_image":[{"width":1000,"height":1000,"url":"https:\/\/www.elementvape.de\/wp-content\/uploads\/2024\/08\/05.jpg","type":"image\/jpeg"}],"twitter_card":"summary_large_image","twitter_misc":{"Est. reading time":"2 \u03bb\u03b5\u03c0\u03c4\u03ac"},"schema":{"@context":"https:\/\/schema.org","@graph":[{"@type":"WebPage","@id":"https:\/\/www.elementvape.de\/produkt\/erleben-sie-die-eisige-frische-von-peach-ice-15000-zuege-im-pulsmodus\/","url":"https:\/\/www.elementvape.de\/produkt\/erleben-sie-die-eisige-frische-von-peach-ice-15000-zuege-im-pulsmodus\/","name":"Erleben Sie die eisige Frische von Peach Ice 15000 Z\u00fcge im Pulsmodus | ElementVape.de","isPartOf":{"@id":"https:\/\/www.elementvape.de\/#website"},"primaryImageOfPage":{"@id":"https:\/\/www.elementvape.de\/produkt\/erleben-sie-die-eisige-frische-von-peach-ice-15000-zuege-im-pulsmodus\/#primaryimage"},"image":{"@id":"https:\/\/www.elementvape.de\/produkt\/erleben-sie-die-eisige-frische-von-peach-ice-15000-zuege-im-pulsmodus\/#primaryimage"},"thumbnailUrl":"https:\/\/www.elementvape.de\/wp-content\/uploads\/2024\/08\/05.jpg","datePublished":"2024-08-15T08:56:02+00:00","dateModified":"2024-12-12T06:34:56+00:00","description":"Wir bieten Erleben Sie die eisige Frische von Peach Ice 15000 Z\u00fcge im Pulsmodus , Elementvape.de akzeptieren Gro\u00df-und Einzelhandel Bestellungen.","breadcrumb":{"@id":"https:\/\/www.elementvape.de\/produkt\/erleben-sie-die-eisige-frische-von-peach-ice-15000-zuege-im-pulsmodus\/#breadcrumb"},"inLanguage":"el","potentialAction":[{"@type":"ReadAction","target":["https:\/\/www.elementvape.de\/produkt\/erleben-sie-die-eisige-frische-von-peach-ice-15000-zuege-im-pulsmodus\/"]}]},{"@type":"ImageObject","inLanguage":"el","@id":"https:\/\/www.elementvape.de\/produkt\/erleben-sie-die-eisige-frische-von-peach-ice-15000-zuege-im-pulsmodus\/#primaryimage","url":"https:\/\/www.elementvape.de\/wp-content\/uploads\/2024\/08\/05.jpg","contentUrl":"https:\/\/www.elementvape.de\/wp-content\/uploads\/2024\/08\/05.jpg","width":1000,"height":1000,"caption":"Peach ice"},{"@type":"BreadcrumbList","@id":"https:\/\/www.elementvape.de\/produkt\/erleben-sie-die-eisige-frische-von-peach-ice-15000-zuege-im-pulsmodus\/#breadcrumb","itemListElement":[{"@type":"ListItem","position":1,"name":"Home","item":"https:\/\/www.elementvape.de\/"},{"@type":"ListItem","position":2,"name":"Shop","item":"https:\/\/www.elementvape.de\/shop\/"},{"@type":"ListItem","position":3,"name":"Erleben Sie die eisige Frische von Peach Ice 15000 Z\u00fcge im Pulsmodus"}]},{"@type":"WebSite","@id":"https:\/\/www.elementvape.de\/#website","url":"https:\/\/www.elementvape.de\/","name":"ElementVape.de","description":"","publisher":{"@id":"https:\/\/www.elementvape.de\/#organization"},"potentialAction":[{"@type":"SearchAction","target":{"@type":"EntryPoint","urlTemplate":"https:\/\/www.elementvape.de\/?s={search_term_string}"},"query-input":"required name=search_term_string"}],"inLanguage":"el"},{"@type":"Organization","@id":"https:\/\/www.elementvape.de\/#organization","name":"ElementVape.DE","url":"https:\/\/www.elementvape.de\/","logo":{"@type":"ImageObject","inLanguage":"el","@id":"https:\/\/www.elementvape.de\/#\/schema\/logo\/image\/","url":"https:\/\/www.elementvape.de\/wp-content\/uploads\/2024\/09\/cropped-1elementvape-3.png","contentUrl":"https:\/\/www.elementvape.de\/wp-content\/uploads\/2024\/09\/cropped-1elementvape-3.png","width":285,"height":228,"caption":"ElementVape.DE"},"image":{"@id":"https:\/\/www.elementvape.de\/#\/schema\/logo\/image\/"}}]}},"_links":{"self":[{"href":"https:\/\/www.elementvape.de\/el\/wp-json\/wp\/v2\/product\/13765"}],"collection":[{"href":"https:\/\/www.elementvape.de\/el\/wp-json\/wp\/v2\/product"}],"about":[{"href":"https:\/\/www.elementvape.de\/el\/wp-json\/wp\/v2\/types\/product"}],"wp:featuredmedia":[{"embeddable":true,"href":"https:\/\/www.elementvape.de\/el\/wp-json\/wp\/v2\/media\/13766"}],"wp:attachment":[{"href":"https:\/\/www.elementvape.de\/el\/wp-json\/wp\/v2\/media?parent=13765"}],"wp:term":[{"taxonomy":"product_cat","embeddable":true,"href":"https:\/\/www.elementvape.de\/el\/wp-json\/wp\/v2\/product_cat?post=13765"},{"taxonomy":"product_tag","embeddable":true,"href":"https:\/\/www.elementvape.de\/el\/wp-json\/wp\/v2\/product_tag?post=13765"}],"curies":[{"name":"wp","href":"https:\/\/api.w.org\/{rel}","templated":true}]}}