{"id":13563,"date":"2024-07-03T09:52:47","date_gmt":"2024-07-03T09:52:47","guid":{"rendered":"https:\/\/www.elementvape.de\/?post_type=product&#038;p=13563"},"modified":"2024-09-12T10:28:39","modified_gmt":"2024-09-12T10:28:39","slug":"vaporesso-xros-pro-pod-kit-1200mah","status":"publish","type":"product","link":"https:\/\/www.elementvape.de\/el\/produkt\/vaporesso-xros-pro-pod-kit-1200mah\/","title":{"rendered":"Vaporesso XROS Pro Pod Kit Vape \u0391\u03b3\u03bf\u03c1\u03ac 1200mAh"},"content":{"rendered":"<h3>\u03a0\u03b5\u03c1\u03b9\u03b3\u03c1\u03b1\u03c6\u03ae \u03c0\u03c1\u03bf\u03ca\u03cc\u03bd\u03c4\u03bf\u03c2 Vaporesso XROS Pro Pod Kit<\/h3>\n<p>\u0396\u03ae\u03c3\u03c4\u03b5 \u03c4\u03bf \u03c0\u03c1\u03ce\u03c4\u03bf \u03c3\u03c4\u03bf\u03bd \u03ba\u03bb\u03ac\u03b4\u03bf Super-\/Puls-Pod \u03bc\u03b5 \u03c4\u03bf Vaporesso XROS Pro Pod Kit. \u0391\u03c5\u03c4\u03ae \u03b7 \u03ba\u03b1\u03b9\u03bd\u03bf\u03c4\u03cc\u03bc\u03bf\u03c2 \u03c3\u03c5\u03c3\u03ba\u03b5\u03c5\u03ae \u03b8\u03ad\u03c4\u03b5\u03b9 \u03bd\u03ad\u03b1 \u03c0\u03c1\u03cc\u03c4\u03c5\u03c0\u03b1 \u03c3\u03c4\u03bf \u03ac\u03c4\u03bc\u03b9\u03c3\u03bc\u03b1 \u03ba\u03b1\u03b9 \u03c0\u03c1\u03bf\u03c3\u03c6\u03ad\u03c1\u03b5\u03b9 \u03bc\u03b9\u03b1 \u03b5\u03be\u03b1\u03b9\u03c1\u03b5\u03c4\u03b9\u03ba\u03ae \u03b5\u03bc\u03c0\u03b5\u03b9\u03c1\u03af\u03b1 \u03b3\u03b5\u03cd\u03c3\u03b7\u03c2.<\/p>\n<h4>\u039a\u03cd\u03c1\u03b9\u03b1 \u03c7\u03b1\u03c1\u03b1\u03ba\u03c4\u03b7\u03c1\u03b9\u03c3\u03c4\u03b9\u03ba\u03ac:<\/h4>\n<ul>\n<li><strong>\u03a4\u03b5\u03c7\u03bd\u03bf\u03bb\u03bf\u03b3\u03af\u03b1 Super-\/Puls-Pod<\/strong>: \u039f Vaporesso XROS Pro \u03b5\u03af\u03bd\u03b1\u03b9 \u03bf \u03c0\u03c1\u03ce\u03c4\u03bf\u03c2 \u03c4\u03bf\u03c5 \u03b5\u03af\u03b4\u03bf\u03c5\u03c2 \u03c4\u03bf\u03c5 \u03bc\u03b5 \u03b1\u03c5\u03c4\u03ae\u03bd \u03c4\u03b7\u03bd \u03c0\u03c1\u03bf\u03b7\u03b3\u03bc\u03ad\u03bd\u03b7 \u03c4\u03b5\u03c7\u03bd\u03bf\u03bb\u03bf\u03b3\u03af\u03b1, \u03c0\u03bf\u03c5 \u03b5\u03be\u03b1\u03c3\u03c6\u03b1\u03bb\u03af\u03b6\u03b5\u03b9 \u03bf\u03bc\u03bf\u03b9\u03cc\u03bc\u03bf\u03c1\u03c6\u03b7 \u03ba\u03b1\u03b9 \u03ad\u03bd\u03c4\u03bf\u03bd\u03b7 \u03b3\u03b5\u03cd\u03c3\u03b7.<\/li>\n<li><strong>\u0399\u03c3\u03c7\u03c5\u03c1\u03ae \u03bc\u03c0\u03b1\u03c4\u03b1\u03c1\u03af\u03b1 1200 mAh<\/strong>: \u0391\u03c0\u03bf\u03bb\u03b1\u03cd\u03c3\u03c4\u03b5 \u03bc\u03b5\u03b3\u03b1\u03bb\u03cd\u03c4\u03b5\u03c1\u03b5\u03c2 \u03c3\u03c5\u03bd\u03b5\u03b4\u03c1\u03af\u03b5\u03c2 \u03ac\u03c4\u03bc\u03b9\u03c3\u03bc\u03b1\u03c4\u03bf\u03c2 \u03bc\u03b5 \u03bc\u03b9\u03b1 \u03bc\u03c0\u03b1\u03c4\u03b1\u03c1\u03af\u03b1 \u03c0\u03bf\u03c5 \u03b4\u03b9\u03b1\u03c1\u03ba\u03b5\u03af 50% \u03c0\u03b5\u03c1\u03b9\u03c3\u03c3\u03cc\u03c4\u03b5\u03c1\u03bf \u03b1\u03c0\u03cc \u03c4\u03b1 \u03c3\u03c5\u03bc\u03b2\u03b1\u03c4\u03b9\u03ba\u03ac \u03bc\u03bf\u03bd\u03c4\u03ad\u03bb\u03b1.<\/li>\n<li><strong>\u0393\u03c1\u03ae\u03b3\u03bf\u03c1\u03b7 \u03c6\u03cc\u03c1\u03c4\u03b9\u03c3\u03b7<\/strong>: \u039c\u03cc\u03bd\u03bf 35 \u03bb\u03b5\u03c0\u03c4\u03ac \u03c7\u03c1\u03b5\u03b9\u03ac\u03b6\u03bf\u03bd\u03c4\u03b1\u03b9 \u03b3\u03b9\u03b1 \u03c0\u03bb\u03ae\u03c1\u03b7 \u03c6\u03cc\u03c1\u03c4\u03b9\u03c3\u03b7 \u03c7\u03ac\u03c1\u03b7 \u03c3\u03c4\u03b7 \u03b8\u03cd\u03c1\u03b1 Type-C \u03bc\u03b5 2 A.<\/li>\n<li><strong>\u03a6\u03b9\u03bb\u03b9\u03ba\u03cc\u03c2 \u03c0\u03c1\u03bf\u03c2 \u03c4\u03bf \u03c7\u03c1\u03ae\u03c3\u03c4\u03b7 \u03c3\u03c7\u03b5\u03b4\u03b9\u03b1\u03c3\u03bc\u03cc\u03c2<\/strong>: \u0397 \u03b5\u03bd\u03c3\u03c9\u03bc\u03b1\u03c4\u03c9\u03bc\u03ad\u03bd\u03b7 \u03bf\u03b8\u03cc\u03bd\u03b7 \u03ba\u03b1\u03b9 \u03b7 \u03ba\u03bb\u03b5\u03b9\u03b4\u03b1\u03c1\u03b9\u03ac \u03bf\u03bb\u03af\u03c3\u03b8\u03b7\u03c3\u03b7\u03c2 \u03ba\u03b1\u03b8\u03b9\u03c3\u03c4\u03bf\u03cd\u03bd \u03c4\u03b7 \u03c7\u03c1\u03ae\u03c3\u03b7 \u03b9\u03b4\u03b9\u03b1\u03af\u03c4\u03b5\u03c1\u03b1 \u03b5\u03cd\u03ba\u03bf\u03bb\u03b7 \u03ba\u03b1\u03b9 \u03b1\u03c3\u03c6\u03b1\u03bb\u03ae.<\/li>\n<li><strong>\u03a3\u03c5\u03bc\u03b2\u03b1\u03c4\u03cc\u03c4\u03b7\u03c4\u03b1<\/strong>: \u03a4\u03bf XROS Pro Pod Kit \u03b5\u03af\u03bd\u03b1\u03b9 \u03c3\u03c5\u03bc\u03b2\u03b1\u03c4\u03cc \u03bc\u03b5 \u03cc\u03bb\u03bf\u03c5\u03c2 \u03c4\u03bf\u03c5\u03c2 pods \u03c4\u03b7\u03c2 \u03c3\u03b5\u03b9\u03c1\u03ac\u03c2 XROS, \u03c0\u03c1\u03bf\u03c3\u03c6\u03ad\u03c1\u03bf\u03bd\u03c4\u03ac\u03c2 \u03c3\u03b1\u03c2 \u03b5\u03c5\u03b5\u03bb\u03b9\u03be\u03af\u03b1 \u03ba\u03b1\u03b9 \u03c0\u03bf\u03b9\u03ba\u03b9\u03bb\u03af\u03b1.<\/li>\n<\/ul>\n<h4>\u03a4\u03b5\u03c7\u03bd\u03b9\u03ba\u03ac \u03a7\u03b1\u03c1\u03b1\u03ba\u03c4\u03b7\u03c1\u03b9\u03c3\u03c4\u03b9\u03ba\u03ac:<\/h4>\n<ul>\n<li><strong>\u0394\u03b9\u03b1\u03c3\u03c4\u03ac\u03c3\u03b5\u03b9\u03c2<\/strong>: 24,4 x 18,45 x 119,7 mm<\/li>\n<li><strong>\u03a7\u03c9\u03c1\u03b7\u03c4\u03b9\u03ba\u03cc\u03c4\u03b7\u03c4\u03b1 Pod<\/strong>: 3 ml \/ 2 ml<\/li>\n<li><strong>\u0391\u03bd\u03c4\u03af\u03c3\u03c4\u03b1\u03c3\u03b7<\/strong>: 0,4 \u03a9<\/li>\n<li><strong>\u03a7\u03c9\u03c1\u03b7\u03c4\u03b9\u03ba\u03cc\u03c4\u03b7\u03c4\u03b1 \u03bc\u03c0\u03b1\u03c4\u03b1\u03c1\u03af\u03b1\u03c2<\/strong>: 1200 mAh<\/li>\n<li><strong>\u03a6\u03cc\u03c1\u03c4\u03b9\u03c3\u03b7<\/strong>: Type C, 2 A<\/li>\n<\/ul>\n<h4>\u03a0\u03b5\u03c1\u03b9\u03b5\u03c7\u03cc\u03bc\u03b5\u03bd\u03bf \u03c3\u03c5\u03c3\u03ba\u03b5\u03c5\u03b1\u03c3\u03af\u03b1\u03c2:<\/h4>\n<ul>\n<li>1 x \u039c\u03c0\u03b1\u03c4\u03b1\u03c1\u03af\u03b1 XROS Pro<\/li>\n<li>1 x Pod \u03c3\u03b5\u03b9\u03c1\u03ac\u03c2 XROS 0,4\u03a9 MESH (\u03c0\u03c1\u03bf\u03b5\u03b3\u03ba\u03b1\u03c4\u03b5\u03c3\u03c4\u03b7\u03bc\u03ad\u03bd\u03bf)<\/li>\n<li>1 x Pod \u03c3\u03b5\u03b9\u03c1\u03ac\u03c2 XROS 0,4\u03a9 MESH (\u03c3\u03c4\u03bf \u03ba\u03bf\u03c5\u03c4\u03af)<\/li>\n<li>1 x \u039a\u03b1\u03bb\u03ce\u03b4\u03b9\u03bf \u03c6\u03cc\u03c1\u03c4\u03b9\u03c3\u03b7\u03c2 \u03c4\u03cd\u03c0\u03bf\u03c5-C<\/li>\n<li>1 x \u03ba\u03ac\u03c1\u03c4\u03b1 \u03bc\u03bd\u03ae\u03bc\u03b7\u03c2<\/li>\n<li>1 x \u0395\u03b3\u03c7\u03b5\u03b9\u03c1\u03af\u03b4\u03b9\u03bf \u03c7\u03c1\u03ae\u03c3\u03c4\u03b7 \u03ba\u03b1\u03b9 \u03ba\u03ac\u03c1\u03c4\u03b1 \u03b5\u03b3\u03b3\u03cd\u03b7\u03c3\u03b7\u03c2<\/li>\n<\/ul>\n<h4>\u039b\u03b5\u03c0\u03c4\u03bf\u03bc\u03b5\u03c1\u03ae \u03c7\u03b1\u03c1\u03b1\u03ba\u03c4\u03b7\u03c1\u03b9\u03c3\u03c4\u03b9\u03ba\u03ac:<\/h4>\n<ul>\n<li><strong>\u03a0\u03c1\u03ce\u03c4\u03bf \u03c3\u03c4\u03bf\u03bd \u03ba\u03bb\u03ac\u03b4\u03bf Super-\/Puls-Pod<\/strong>: \u0397 \u03ba\u03b1\u03b9\u03bd\u03bf\u03c4\u03cc\u03bc\u03bf\u03c2 \u03c4\u03b5\u03c7\u03bd\u03bf\u03bb\u03bf\u03b3\u03af\u03b1 \u03b5\u03be\u03b1\u03c3\u03c6\u03b1\u03bb\u03af\u03b6\u03b5\u03b9 \u03bf\u03bc\u03bf\u03b9\u03cc\u03bc\u03bf\u03c1\u03c6\u03b7 \u03ba\u03b1\u03b9 \u03c0\u03b1\u03bb\u03bb\u03cc\u03bc\u03b5\u03bd\u03b7 \u03b5\u03bc\u03c0\u03b5\u03b9\u03c1\u03af\u03b1 \u03ac\u03c4\u03bc\u03b9\u03c3\u03bc\u03b1\u03c4\u03bf\u03c2.<\/li>\n<li><strong>\u039c\u03c0\u03b1\u03c4\u03b1\u03c1\u03af\u03b1 1200 mAh<\/strong>: \u0397 \u03c5\u03c8\u03b7\u03bb\u03ae \u03c7\u03c9\u03c1\u03b7\u03c4\u03b9\u03ba\u03cc\u03c4\u03b7\u03c4\u03b1 \u03c4\u03b7\u03c2 \u03bc\u03c0\u03b1\u03c4\u03b1\u03c1\u03af\u03b1\u03c2 \u03b5\u03c0\u03b9\u03c4\u03c1\u03ad\u03c0\u03b5\u03b9 \u03bc\u03b5\u03b3\u03ac\u03bb\u03b7 \u03b4\u03b9\u03ac\u03c1\u03ba\u03b5\u03b9\u03b1 \u03c7\u03c1\u03ae\u03c3\u03b7\u03c2 \u03ba\u03b1\u03b9 \u03b3\u03c1\u03ae\u03b3\u03bf\u03c1\u03b7 \u03c6\u03cc\u03c1\u03c4\u03b9\u03c3\u03b7 \u03bc\u03cc\u03bb\u03b9\u03c2 35 \u03bb\u03b5\u03c0\u03c4\u03ac.<\/li>\n<li><strong>\u0391\u03ba\u03c1\u03b9\u03b2\u03ae\u03c2 \u03b3\u03b5\u03cd\u03c3\u03b7<\/strong>: \u03a7\u03ac\u03c1\u03b7 \u03c3\u03c4\u03b7\u03bd \u03c0\u03c1\u03bf\u03b7\u03b3\u03bc\u03ad\u03bd\u03b7 \u03c4\u03b5\u03c7\u03bd\u03bf\u03bb\u03bf\u03b3\u03af\u03b1, \u03b2\u03b9\u03ce\u03bd\u03b5\u03c4\u03b5 \u03bc\u03b9\u03b1 \u03ad\u03bd\u03c4\u03bf\u03bd\u03b7 \u03b3\u03b5\u03cd\u03c3\u03b7 \u03c0\u03bf\u03c5 \u03b4\u03b9\u03b1\u03c1\u03ba\u03b5\u03af 50 % \u03c0\u03b5\u03c1\u03b9\u03c3\u03c3\u03cc\u03c4\u03b5\u03c1\u03bf.<\/li>\n<li><strong>\u03a6\u03b9\u03bb\u03b9\u03ba\u03ae \u03c0\u03c1\u03bf\u03c2 \u03c4\u03bf\u03bd \u03c7\u03c1\u03ae\u03c3\u03c4\u03b7 \u03bf\u03b8\u03cc\u03bd\u03b7<\/strong>: \u039c\u03b9\u03b1 \u03b5\u03c5\u03b1\u03bd\u03ac\u03b3\u03bd\u03c9\u03c3\u03c4\u03b7 \u03bf\u03b8\u03cc\u03bd\u03b7 \u03b5\u03bc\u03c6\u03b1\u03bd\u03af\u03b6\u03b5\u03b9 \u03cc\u03bb\u03b5\u03c2 \u03c4\u03b9\u03c2 \u03c3\u03b7\u03bc\u03b1\u03bd\u03c4\u03b9\u03ba\u03ad\u03c2 \u03c0\u03bb\u03b7\u03c1\u03bf\u03c6\u03bf\u03c1\u03af\u03b5\u03c2 \u03bc\u03b5 \u03bc\u03b9\u03b1 \u03bc\u03b1\u03c4\u03b9\u03ac.<\/li>\n<li><strong>\u039a\u03bb\u03b5\u03af\u03b4\u03c9\u03bc\u03b1 \u03bc\u03b5 slide<\/strong>: \u0388\u03bd\u03b1 \u03b1\u03c0\u03bb\u03cc \u03ba\u03b1\u03b9 \u03b1\u03c3\u03c6\u03b1\u03bb\u03ad\u03c2 \u03c3\u03cd\u03c3\u03c4\u03b7\u03bc\u03b1 \u03b1\u03bd\u03ac\u03c6\u03bb\u03b5\u03be\u03b7\u03c2 \u03c0\u03bf\u03c5 \u03b1\u03c0\u03bf\u03c4\u03c1\u03ad\u03c0\u03b5\u03b9 \u03c4\u03b7\u03bd \u03c4\u03c5\u03c7\u03b1\u03af\u03b1 \u03b5\u03bd\u03b5\u03c1\u03b3\u03bf\u03c0\u03bf\u03af\u03b7\u03c3\u03b7.<\/li>\n<li><strong>\u0395\u03af\u03c3\u03bf\u03b4\u03bf\u03c2 \u03c4\u03cd\u03c0\u03bf\u03c5-C<\/strong>: \u0393\u03b9\u03b1 \u03b3\u03c1\u03ae\u03b3\u03bf\u03c1\u03b7 \u03ba\u03b1\u03b9 \u03b5\u03cd\u03ba\u03bf\u03bb\u03b7 \u03c6\u03cc\u03c1\u03c4\u03b9\u03c3\u03b7.<\/li>\n<\/ul>\n<p>\u03a4\u03bf Vaporesso XROS Pro Pod Kit \u03b5\u03af\u03bd\u03b1\u03b9 \u03b7 \u03c4\u03ad\u03bb\u03b5\u03b9\u03b1 \u03b5\u03c0\u03b9\u03bb\u03bf\u03b3\u03ae \u03b3\u03b9\u03b1 \u03c4\u03bf\u03c5\u03c2 \u03b1\u03c4\u03bc\u03b9\u03c3\u03c4\u03ad\u03c2 \u03c0\u03bf\u03c5 \u03b4\u03af\u03bd\u03bf\u03c5\u03bd \u03ad\u03bc\u03c6\u03b1\u03c3\u03b7 \u03c3\u03c4\u03b7\u03bd \u03c0\u03bf\u03b9\u03cc\u03c4\u03b7\u03c4\u03b1, \u03c4\u03b7\u03bd \u03ba\u03b1\u03b9\u03bd\u03bf\u03c4\u03bf\u03bc\u03af\u03b1 \u03ba\u03b1\u03b9 \u03c4\u03b7\u03bd \u03b5\u03c5\u03c7\u03c1\u03b7\u03c3\u03c4\u03af\u03b1. \u039c\u03b5 \u03c4\u03b7\u03bd \u03b9\u03c3\u03c7\u03c5\u03c1\u03ae \u03bc\u03c0\u03b1\u03c4\u03b1\u03c1\u03af\u03b1 \u03c4\u03bf\u03c5, \u03c4\u03bf\u03bd \u03b3\u03c1\u03ae\u03b3\u03bf\u03c1\u03bf \u03c7\u03c1\u03cc\u03bd\u03bf \u03c6\u03cc\u03c1\u03c4\u03b9\u03c3\u03b7\u03c2 \u03ba\u03b1\u03b9 \u03c4\u03b7 \u03c3\u03c5\u03bc\u03b2\u03b1\u03c4\u03cc\u03c4\u03b7\u03c4\u03b1 \u03bc\u03b5 \u03bc\u03b9\u03b1 \u03c0\u03bf\u03b9\u03ba\u03b9\u03bb\u03af\u03b1 \u03b1\u03c0\u03cc pods, \u03c0\u03c1\u03bf\u03c3\u03c6\u03ad\u03c1\u03b5\u03b9 \u03bc\u03b9\u03b1 \u03bf\u03bb\u03bf\u03ba\u03bb\u03b7\u03c1\u03c9\u03bc\u03ad\u03bd\u03b7 \u03ba\u03b1\u03b9 \u03b9\u03ba\u03b1\u03bd\u03bf\u03c0\u03bf\u03b9\u03b7\u03c4\u03b9\u03ba\u03ae \u03b5\u03bc\u03c0\u03b5\u03b9\u03c1\u03af\u03b1 \u03b1\u03c4\u03bc\u03af\u03c3\u03bc\u03b1\u03c4\u03bf\u03c2.<\/p>","protected":false},"excerpt":{"rendered":"<p>Vaporesso XROS Pro Pod Kit Produktbeschreibung Erleben Sie den branchenweit ersten Super-\/Puls-Pod mit dem Vaporesso XROS Pro Pod Kit. Dieses innovative Ger\u00e4t setzt neue Ma\u00dfst\u00e4be im Dampfen und bietet ein au\u00dfergew\u00f6hnliches Geschmackserlebnis. Hauptmerkmale: Super-\/Puls-Pod-Technologie: Der Vaporesso XROS Pro ist der erste seiner Art mit dieser fortschrittlichen Technologie, die f\u00fcr einen gleichm\u00e4\u00dfigen und intensiven Geschmack sorgt. [&hellip;]<\/p>","protected":false},"featured_media":13565,"template":"","meta":{"inline_featured_image":false},"product_cat":[747,740,734,753,76],"product_tag":[],"tiered_pricing_type":"fixed","tiered_pricing_fixed_rules":[],"tiered_pricing_percentage_rules":[],"tiered_pricing_minimum":1,"_administrator_tiered_pricing_type":"fixed","_administrator_tiered_pricing_fixed_rules":[],"_editor_tiered_pricing_type":"fixed","_editor_tiered_pricing_fixed_rules":[],"_author_tiered_pricing_type":"fixed","_author_tiered_pricing_fixed_rules":[],"_contributor_tiered_pricing_type":"fixed","_contributor_tiered_pricing_fixed_rules":[],"_subscriber_tiered_pricing_type":"fixed","_subscriber_tiered_pricing_fixed_rules":[],"_customer_tiered_pricing_type":"fixed","_customer_tiered_pricing_fixed_rules":[],"_shop_manager_tiered_pricing_type":"fixed","_shop_manager_tiered_pricing_fixed_rules":[],"_wpseo_manager_tiered_pricing_type":"fixed","_wpseo_manager_tiered_pricing_fixed_rules":[],"_wpseo_editor_tiered_pricing_type":"fixed","_wpseo_editor_tiered_pricing_fixed_rules":[],"_wholesale_customer_tiered_pricing_type":"fixed","_wholesale_customer_tiered_pricing_fixed_rules":[],"_marketer_tiered_pricing_type":"fixed","_marketer_tiered_pricing_fixed_rules":[],"_sales_manager_tiered_pricing_type":"fixed","_sales_manager_tiered_pricing_fixed_rules":[],"_sales_rep_tiered_pricing_type":"fixed","_sales_rep_tiered_pricing_fixed_rules":[],"yoast_head":"<!-- This site is optimized with the Yoast SEO plugin v23.3 - https:\/\/yoast.com\/wordpress\/plugins\/seo\/ -->\n<title>Vaporesso XROS Pro Pod Kit Vape Kaufen1200mAh | ElementVape.de<\/title>\n<meta name=\"description\" content=\"Wir bieten Vaporesso XROS Pro Pod Kit Vape Kaufen1200mAh , Elementvape.de akzeptieren Gro\u00df-und Einzelhandel Bestellungen.\" \/>\n<meta name=\"robots\" content=\"index, follow, max-snippet:-1, max-image-preview:large, max-video-preview:-1\" \/>\n<link rel=\"canonical\" href=\"https:\/\/www.elementvape.de\/el\/produkt\/vaporesso-xros-pro-pod-kit-1200mah\/\" \/>\n<meta property=\"og:locale\" content=\"el_GR\" \/>\n<meta property=\"og:type\" content=\"article\" \/>\n<meta property=\"og:title\" content=\"Vaporesso XROS Pro Pod Kit Vape Kaufen1200mAh | ElementVape.de\" \/>\n<meta property=\"og:description\" content=\"Wir bieten Vaporesso XROS Pro Pod Kit Vape Kaufen1200mAh , Elementvape.de akzeptieren Gro\u00df-und Einzelhandel Bestellungen.\" \/>\n<meta property=\"og:url\" content=\"https:\/\/www.elementvape.de\/el\/produkt\/vaporesso-xros-pro-pod-kit-1200mah\/\" \/>\n<meta property=\"og:site_name\" content=\"ElementVape.de\" \/>\n<meta property=\"article:modified_time\" content=\"2024-09-12T10:28:39+00:00\" \/>\n<meta property=\"og:image\" content=\"https:\/\/www.elementvape.de\/wp-content\/uploads\/2024\/07\/VAPORESSO-XROS-PRO-Pod-Kit-7.webp\" \/>\n\t<meta property=\"og:image:width\" content=\"800\" \/>\n\t<meta property=\"og:image:height\" content=\"800\" \/>\n\t<meta property=\"og:image:type\" content=\"image\/webp\" \/>\n<meta name=\"twitter:card\" content=\"summary_large_image\" \/>\n<meta name=\"twitter:label1\" content=\"Est. reading time\" \/>\n\t<meta name=\"twitter:data1\" content=\"2 \u03bb\u03b5\u03c0\u03c4\u03ac\" \/>\n<script type=\"application\/ld+json\" class=\"yoast-schema-graph\">{\"@context\":\"https:\/\/schema.org\",\"@graph\":[{\"@type\":\"WebPage\",\"@id\":\"https:\/\/www.elementvape.de\/da\/produkt\/vaporesso-xros-pro-pod-kit-1200mah\/\",\"url\":\"https:\/\/www.elementvape.de\/da\/produkt\/vaporesso-xros-pro-pod-kit-1200mah\/\",\"name\":\"Vaporesso XROS Pro Pod Kit Vape Kaufen1200mAh | ElementVape.de\",\"isPartOf\":{\"@id\":\"https:\/\/www.elementvape.de\/#website\"},\"primaryImageOfPage\":{\"@id\":\"https:\/\/www.elementvape.de\/da\/produkt\/vaporesso-xros-pro-pod-kit-1200mah\/#primaryimage\"},\"image\":{\"@id\":\"https:\/\/www.elementvape.de\/da\/produkt\/vaporesso-xros-pro-pod-kit-1200mah\/#primaryimage\"},\"thumbnailUrl\":\"https:\/\/www.elementvape.de\/wp-content\/uploads\/2024\/07\/VAPORESSO-XROS-PRO-Pod-Kit-7.webp\",\"datePublished\":\"2024-07-03T09:52:47+00:00\",\"dateModified\":\"2024-09-12T10:28:39+00:00\",\"description\":\"Wir bieten Vaporesso XROS Pro Pod Kit Vape Kaufen1200mAh , Elementvape.de akzeptieren Gro\u00df-und Einzelhandel Bestellungen.\",\"breadcrumb\":{\"@id\":\"https:\/\/www.elementvape.de\/da\/produkt\/vaporesso-xros-pro-pod-kit-1200mah\/#breadcrumb\"},\"inLanguage\":\"el\",\"potentialAction\":[{\"@type\":\"ReadAction\",\"target\":[\"https:\/\/www.elementvape.de\/da\/produkt\/vaporesso-xros-pro-pod-kit-1200mah\/\"]}]},{\"@type\":\"ImageObject\",\"inLanguage\":\"el\",\"@id\":\"https:\/\/www.elementvape.de\/da\/produkt\/vaporesso-xros-pro-pod-kit-1200mah\/#primaryimage\",\"url\":\"https:\/\/www.elementvape.de\/wp-content\/uploads\/2024\/07\/VAPORESSO-XROS-PRO-Pod-Kit-7.webp\",\"contentUrl\":\"https:\/\/www.elementvape.de\/wp-content\/uploads\/2024\/07\/VAPORESSO-XROS-PRO-Pod-Kit-7.webp\",\"width\":800,\"height\":800,\"caption\":\"VAPORESSO-XROS-PRO-Pod-Kit-7\"},{\"@type\":\"BreadcrumbList\",\"@id\":\"https:\/\/www.elementvape.de\/da\/produkt\/vaporesso-xros-pro-pod-kit-1200mah\/#breadcrumb\",\"itemListElement\":[{\"@type\":\"ListItem\",\"position\":1,\"name\":\"Home\",\"item\":\"https:\/\/www.elementvape.de\/\"},{\"@type\":\"ListItem\",\"position\":2,\"name\":\"Shop\",\"item\":\"https:\/\/www.elementvape.de\/shop\/\"},{\"@type\":\"ListItem\",\"position\":3,\"name\":\"Vaporesso XROS Pro Pod Kit Vape Kaufen1200mAh\"}]},{\"@type\":\"WebSite\",\"@id\":\"https:\/\/www.elementvape.de\/#website\",\"url\":\"https:\/\/www.elementvape.de\/\",\"name\":\"ElementVape.de\",\"description\":\"\",\"publisher\":{\"@id\":\"https:\/\/www.elementvape.de\/#organization\"},\"potentialAction\":[{\"@type\":\"SearchAction\",\"target\":{\"@type\":\"EntryPoint\",\"urlTemplate\":\"https:\/\/www.elementvape.de\/?s={search_term_string}\"},\"query-input\":\"required name=search_term_string\"}],\"inLanguage\":\"el\"},{\"@type\":\"Organization\",\"@id\":\"https:\/\/www.elementvape.de\/#organization\",\"name\":\"ElementVape.DE\",\"url\":\"https:\/\/www.elementvape.de\/\",\"logo\":{\"@type\":\"ImageObject\",\"inLanguage\":\"el\",\"@id\":\"https:\/\/www.elementvape.de\/#\/schema\/logo\/image\/\",\"url\":\"https:\/\/www.elementvape.de\/wp-content\/uploads\/2024\/09\/cropped-1elementvape-3.png\",\"contentUrl\":\"https:\/\/www.elementvape.de\/wp-content\/uploads\/2024\/09\/cropped-1elementvape-3.png\",\"width\":285,\"height\":228,\"caption\":\"ElementVape.DE\"},\"image\":{\"@id\":\"https:\/\/www.elementvape.de\/#\/schema\/logo\/image\/\"}}]}<\/script>\n<!-- \/ Yoast SEO plugin. -->","yoast_head_json":{"title":"Vaporesso XROS Pro Pod Kit Vape Kaufen1200mAh | ElementVape.de","description":"Wir bieten Vaporesso XROS Pro Pod Kit Vape Kaufen1200mAh , Elementvape.de akzeptieren Gro\u00df-und Einzelhandel Bestellungen.","robots":{"index":"index","follow":"follow","max-snippet":"max-snippet:-1","max-image-preview":"max-image-preview:large","max-video-preview":"max-video-preview:-1"},"canonical":"https:\/\/www.elementvape.de\/el\/produkt\/vaporesso-xros-pro-pod-kit-1200mah\/","og_locale":"el_GR","og_type":"article","og_title":"Vaporesso XROS Pro Pod Kit Vape Kaufen1200mAh | ElementVape.de","og_description":"Wir bieten Vaporesso XROS Pro Pod Kit Vape Kaufen1200mAh , Elementvape.de akzeptieren Gro\u00df-und Einzelhandel Bestellungen.","og_url":"https:\/\/www.elementvape.de\/el\/produkt\/vaporesso-xros-pro-pod-kit-1200mah\/","og_site_name":"ElementVape.de","article_modified_time":"2024-09-12T10:28:39+00:00","og_image":[{"width":800,"height":800,"url":"https:\/\/www.elementvape.de\/wp-content\/uploads\/2024\/07\/VAPORESSO-XROS-PRO-Pod-Kit-7.webp","type":"image\/webp"}],"twitter_card":"summary_large_image","twitter_misc":{"Est. reading time":"2 \u03bb\u03b5\u03c0\u03c4\u03ac"},"schema":{"@context":"https:\/\/schema.org","@graph":[{"@type":"WebPage","@id":"https:\/\/www.elementvape.de\/da\/produkt\/vaporesso-xros-pro-pod-kit-1200mah\/","url":"https:\/\/www.elementvape.de\/da\/produkt\/vaporesso-xros-pro-pod-kit-1200mah\/","name":"Vaporesso XROS Pro Pod Kit Vape Kaufen1200mAh | ElementVape.de","isPartOf":{"@id":"https:\/\/www.elementvape.de\/#website"},"primaryImageOfPage":{"@id":"https:\/\/www.elementvape.de\/da\/produkt\/vaporesso-xros-pro-pod-kit-1200mah\/#primaryimage"},"image":{"@id":"https:\/\/www.elementvape.de\/da\/produkt\/vaporesso-xros-pro-pod-kit-1200mah\/#primaryimage"},"thumbnailUrl":"https:\/\/www.elementvape.de\/wp-content\/uploads\/2024\/07\/VAPORESSO-XROS-PRO-Pod-Kit-7.webp","datePublished":"2024-07-03T09:52:47+00:00","dateModified":"2024-09-12T10:28:39+00:00","description":"Wir bieten Vaporesso XROS Pro Pod Kit Vape Kaufen1200mAh , Elementvape.de akzeptieren Gro\u00df-und Einzelhandel Bestellungen.","breadcrumb":{"@id":"https:\/\/www.elementvape.de\/da\/produkt\/vaporesso-xros-pro-pod-kit-1200mah\/#breadcrumb"},"inLanguage":"el","potentialAction":[{"@type":"ReadAction","target":["https:\/\/www.elementvape.de\/da\/produkt\/vaporesso-xros-pro-pod-kit-1200mah\/"]}]},{"@type":"ImageObject","inLanguage":"el","@id":"https:\/\/www.elementvape.de\/da\/produkt\/vaporesso-xros-pro-pod-kit-1200mah\/#primaryimage","url":"https:\/\/www.elementvape.de\/wp-content\/uploads\/2024\/07\/VAPORESSO-XROS-PRO-Pod-Kit-7.webp","contentUrl":"https:\/\/www.elementvape.de\/wp-content\/uploads\/2024\/07\/VAPORESSO-XROS-PRO-Pod-Kit-7.webp","width":800,"height":800,"caption":"VAPORESSO-XROS-PRO-Pod-Kit-7"},{"@type":"BreadcrumbList","@id":"https:\/\/www.elementvape.de\/da\/produkt\/vaporesso-xros-pro-pod-kit-1200mah\/#breadcrumb","itemListElement":[{"@type":"ListItem","position":1,"name":"Home","item":"https:\/\/www.elementvape.de\/"},{"@type":"ListItem","position":2,"name":"Shop","item":"https:\/\/www.elementvape.de\/shop\/"},{"@type":"ListItem","position":3,"name":"Vaporesso XROS Pro Pod Kit Vape Kaufen1200mAh"}]},{"@type":"WebSite","@id":"https:\/\/www.elementvape.de\/#website","url":"https:\/\/www.elementvape.de\/","name":"ElementVape.de","description":"","publisher":{"@id":"https:\/\/www.elementvape.de\/#organization"},"potentialAction":[{"@type":"SearchAction","target":{"@type":"EntryPoint","urlTemplate":"https:\/\/www.elementvape.de\/?s={search_term_string}"},"query-input":"required name=search_term_string"}],"inLanguage":"el"},{"@type":"Organization","@id":"https:\/\/www.elementvape.de\/#organization","name":"ElementVape.DE","url":"https:\/\/www.elementvape.de\/","logo":{"@type":"ImageObject","inLanguage":"el","@id":"https:\/\/www.elementvape.de\/#\/schema\/logo\/image\/","url":"https:\/\/www.elementvape.de\/wp-content\/uploads\/2024\/09\/cropped-1elementvape-3.png","contentUrl":"https:\/\/www.elementvape.de\/wp-content\/uploads\/2024\/09\/cropped-1elementvape-3.png","width":285,"height":228,"caption":"ElementVape.DE"},"image":{"@id":"https:\/\/www.elementvape.de\/#\/schema\/logo\/image\/"}}]}},"_links":{"self":[{"href":"https:\/\/www.elementvape.de\/el\/wp-json\/wp\/v2\/product\/13563"}],"collection":[{"href":"https:\/\/www.elementvape.de\/el\/wp-json\/wp\/v2\/product"}],"about":[{"href":"https:\/\/www.elementvape.de\/el\/wp-json\/wp\/v2\/types\/product"}],"wp:featuredmedia":[{"embeddable":true,"href":"https:\/\/www.elementvape.de\/el\/wp-json\/wp\/v2\/media\/13565"}],"wp:attachment":[{"href":"https:\/\/www.elementvape.de\/el\/wp-json\/wp\/v2\/media?parent=13563"}],"wp:term":[{"taxonomy":"product_cat","embeddable":true,"href":"https:\/\/www.elementvape.de\/el\/wp-json\/wp\/v2\/product_cat?post=13563"},{"taxonomy":"product_tag","embeddable":true,"href":"https:\/\/www.elementvape.de\/el\/wp-json\/wp\/v2\/product_tag?post=13563"}],"curies":[{"name":"wp","href":"https:\/\/api.w.org\/{rel}","templated":true}]}}