{"id":13538,"date":"2024-07-01T09:16:48","date_gmt":"2024-07-01T09:16:48","guid":{"rendered":"https:\/\/www.elementvape.de\/?post_type=product&#038;p=13538"},"modified":"2024-09-12T10:28:40","modified_gmt":"2024-09-12T10:28:40","slug":"geekvape-wenax-m-starter-kit-2500mah","status":"publish","type":"product","link":"https:\/\/www.elementvape.de\/el\/produkt\/geekvape-wenax-m-starter-kit-2500mah\/","title":{"rendered":"Geekvape Wenax M Starter Kit 2500mAh \u0391\u03b3\u03bf\u03c1\u03ac\u03c3\u03c4\u03b5"},"content":{"rendered":"<div class=\"flex-shrink-0 flex flex-col relative items-end\">\n<div>\n<div class=\"pt-0.5 juice:pt-0\">\n<div class=\"gizmo-bot-avatar flex h-6 w-6 items-center justify-center overflow-hidden rounded-full juice:h-8 juice:w-8\">\n<div class=\"relative p-1 rounded-sm flex items-center justify-center bg-token-main-surface-primary text-token-text-primary h-8 w-8\"><\/div>\n<\/div>\n<\/div>\n<\/div>\n<\/div>\n<div class=\"group\/conversation-turn relative flex w-full min-w-0 flex-col agent-turn\">\n<div class=\"flex-col gap-1 md:gap-3\">\n<div class=\"flex flex-grow flex-col max-w-full\">\n<div class=\"min-h-[20px] text-message flex flex-col items-start whitespace-pre-wrap break-words [.text-message+&amp;]:mt-5 juice:w-full juice:items-end overflow-x-auto gap-2\" dir=\"auto\" data-message-author-role=\"assistant\" data-message-id=\"02db37dd-9921-44e2-b5ad-f8a43387384d\">\n<div class=\"flex w-full flex-col gap-1 juice:empty:hidden juice:first:pt-[3px]\">\n<div class=\"markdown prose w-full break-words dark:prose-invert light\">\n<h2>Geekvape Wenax M Starter Kit<\/h2>\n<p>\u03a4\u03bf Wenax M Starter Kit \u03b5\u03af\u03bd\u03b1\u03b9 \u03ad\u03bd\u03b1\u03c2 \u03ba\u03b1\u03b9\u03bd\u03bf\u03c4\u03cc\u03bc\u03bf\u03c2 \u03c3\u03c5\u03bd\u03b4\u03c5\u03b1\u03c3\u03bc\u03cc\u03c2 \u03c4\u03bf\u03c5 Wenax M Powerbank \u03ba\u03b1\u03b9 \u03c4\u03b7\u03c2 \u03c3\u03c5\u03c3\u03ba\u03b5\u03c5\u03ae\u03c2 Wenax M1. \u03a0\u03c1\u03bf\u03c3\u03c6\u03ad\u03c1\u03b5\u03b9 \u03b1\u03b9\u03c3\u03b8\u03b7\u03c4\u03b9\u03ba\u03ac \u03b5\u03bb\u03ba\u03c5\u03c3\u03c4\u03b9\u03ba\u03cc \u03c3\u03c7\u03b5\u03b4\u03b9\u03b1\u03c3\u03bc\u03cc \u03ba\u03b1\u03b9 \u03b5\u03c5\u03c7\u03ac\u03c1\u03b9\u03c3\u03c4\u03b7 \u03b1\u03af\u03c3\u03b8\u03b7\u03c3\u03b7 \u03c3\u03c4\u03bf \u03c7\u03ad\u03c1\u03b9 \u03c7\u03ac\u03c1\u03b7 \u03c3\u03c4\u03bf \u03c3\u03b1\u03c4\u03b9\u03bd\u03ad \u03ba\u03c1\u03ac\u03bc\u03b1 \u03b1\u03bb\u03bf\u03c5\u03bc\u03b9\u03bd\u03af\u03bf\u03c5. \u039c\u03b5 LED \u03ba\u03b1\u03b9 \u03b4\u03cc\u03bd\u03b7\u03c3\u03b7, \u03b7 \u03b5\u03bc\u03c0\u03b5\u03b9\u03c1\u03af\u03b1 \u03c7\u03c1\u03ae\u03c3\u03c4\u03b7 \u03b2\u03b5\u03bb\u03c4\u03b9\u03ce\u03bd\u03b5\u03c4\u03b1\u03b9 \u03c0\u03b5\u03c1\u03b1\u03b9\u03c4\u03ad\u03c1\u03c9.<\/p>\n<h4>Wenax M Powerbank:<\/h4>\n<ul>\n<li><strong>\u03a7\u03c9\u03c1\u03b7\u03c4\u03b9\u03ba\u03cc\u03c4\u03b7\u03c4\u03b1 \u03bc\u03c0\u03b1\u03c4\u03b1\u03c1\u03af\u03b1\u03c2:<\/strong> 2500 mAh<\/li>\n<li><strong>\u0388\u03be\u03c5\u03c0\u03bd\u03b7 \u03a0\u03c1\u03bf\u03c4\u03c1\u03bf\u03c0\u03ae:<\/strong> LED \u03ba\u03b1\u03b9 \u0394\u03cc\u03bd\u03b7\u03c3\u03b7<\/li>\n<li><strong>\u03a0\u03c1\u03bf\u03b4\u03b9\u03b1\u03b3\u03c1\u03b1\u03c6\u03ad\u03c2 \u03c6\u03cc\u03c1\u03c4\u03b9\u03c3\u03b7\u03c2:<\/strong> \u03a4\u03cd\u03c0\u03bf\u03c2 C 5 V 2 A<\/li>\n<li><strong>\u03a0\u03c1\u03bf\u03b4\u03b9\u03b1\u03b3\u03c1\u03b1\u03c6\u03ad\u03c2 \u03b5\u03be\u03cc\u03b4\u03bf\u03c5:<\/strong> \u03a4\u03cd\u03c0\u03bf\u03c2 C 5 V 1 A<\/li>\n<li><strong>\u0394\u03b9\u03b1\u03c3\u03c4\u03ac\u03c3\u03b5\u03b9\u03c2:<\/strong> 93,5 x 34 x 22 mm<\/li>\n<\/ul>\n<h4>Mini \u03c3\u03c5\u03c3\u03ba\u03b5\u03c5\u03ae Wenax M:<\/h4>\n<ul>\n<li><strong>\u03a7\u03c9\u03c1\u03b7\u03c4\u03b9\u03ba\u03cc\u03c4\u03b7\u03c4\u03b1 Pods:<\/strong> 2 ml<\/li>\n<li><strong>\u03a7\u03c9\u03c1\u03b7\u03c4\u03b9\u03ba\u03cc\u03c4\u03b7\u03c4\u03b1 \u03bc\u03c0\u03b1\u03c4\u03b1\u03c1\u03af\u03b1\u03c2:<\/strong> 400 mAh<\/li>\n<li><strong>\u03a5\u03c0\u03bf\u03c3\u03c4\u03b7\u03c1\u03b9\u03b6\u03cc\u03bc\u03b5\u03bd\u03b7 \u03b1\u03bd\u03c4\u03af\u03c3\u03c4\u03b1\u03c3\u03b7 Pod:<\/strong> 0,8 Ohm \/ 1,2 Ohm<\/li>\n<li><strong>\u0388\u03be\u03bf\u03b4\u03bf\u03c2 \u03c4\u03ac\u03c3\u03b7\u03c2:<\/strong> 3,2 \u2013 4,2 V<\/li>\n<li><strong>\u0388\u03be\u03bf\u03b4\u03bf\u03c2 \u03b9\u03c3\u03c7\u03cd\u03bf\u03c2:<\/strong> \u039c\u03ad\u03b3\u03b9\u03c3\u03c4\u03b7 \u03b9\u03c3\u03c7\u03cd\u03c2 16 W<\/li>\n<li><strong>\u0394\u03b9\u03b1\u03c3\u03c4\u03ac\u03c3\u03b5\u03b9\u03c2:<\/strong> 16 x 78 mm (\u03c7\u03c9\u03c1\u03af\u03c2 Pod)<\/li>\n<\/ul>\n<h3>\u039b\u03b5\u03b9\u03c4\u03bf\u03c5\u03c1\u03b3\u03af\u03b5\u03c2<\/h3>\n<ol>\n<li><strong>\u0395\u03bd\u03c3\u03c9\u03bc\u03b1\u03c4\u03c9\u03bc\u03ad\u03bd\u03bf \u03c3\u03cd\u03c3\u03c4\u03b7\u03bc\u03b1:<\/strong> \u03a3\u03c5\u03bd\u03b4\u03c5\u03ac\u03b6\u03b5\u03b9 \u03c4\u03b7\u03bd Powerbank Wenax M \u03ba\u03b1\u03b9 \u03c4\u03b7 \u03c3\u03c5\u03c3\u03ba\u03b5\u03c5\u03ae Wenax M1 \u03b3\u03b9\u03b1 \u03bc\u03b9\u03b1 \u03b1\u03c0\u03c1\u03cc\u03c3\u03ba\u03bf\u03c0\u03c4\u03b7 \u03b5\u03bc\u03c0\u03b5\u03b9\u03c1\u03af\u03b1 \u03b1\u03c4\u03bc\u03af\u03c3\u03bc\u03b1\u03c4\u03bf\u03c2.<\/li>\n<li><strong>\u0391\u03bd\u03b8\u03b5\u03ba\u03c4\u03b9\u03ba\u03ae \u03c7\u03c9\u03c1\u03b7\u03c4\u03b9\u03ba\u03cc\u03c4\u03b7\u03c4\u03b1 \u03bc\u03c0\u03b1\u03c4\u03b1\u03c1\u03af\u03b1\u03c2:<\/strong> \u0397 Powerbank \u03b4\u03b9\u03b1\u03b8\u03ad\u03c4\u03b5\u03b9 2500 mAh, \u03c0\u03bf\u03c5 \u03bc\u03c0\u03bf\u03c1\u03b5\u03af \u03bd\u03b1 \u03c6\u03bf\u03c1\u03c4\u03af\u03c3\u03b5\u03b9 \u03c4\u03b7 \u03c3\u03c5\u03c3\u03ba\u03b5\u03c5\u03ae Wenax M1 (400 mAh) \u03ad\u03c9\u03c2 \u03ba\u03b1\u03b9 5 \u03c6\u03bf\u03c1\u03ad\u03c2.<\/li>\n<li><strong>\u03a3\u03c5\u03bc\u03c0\u03b1\u03b3\u03ad\u03c2 \u03c3\u03c7\u03ad\u03b4\u03b9\u03bf:<\/strong> \u039c\u03b9\u03ba\u03c1\u03cc \u03ba\u03b1\u03b9 \u03c6\u03bf\u03c1\u03b7\u03c4\u03cc, \u03c4\u03b1\u03b9\u03c1\u03b9\u03ac\u03b6\u03b5\u03b9 \u03b5\u03cd\u03ba\u03bf\u03bb\u03b1 \u03c3\u03c4\u03b7\u03bd \u03c0\u03b1\u03bb\u03ac\u03bc\u03b7 \u03ae \u03c3\u03c4\u03b7\u03bd \u03c4\u03c3\u03ad\u03c0\u03b7.<\/li>\n<li><strong>\u03a6\u03b9\u03bb\u03b9\u03ba\u03ae \u03c0\u03c1\u03bf\u03c2 \u03c4\u03bf\u03bd \u03c7\u03c1\u03ae\u03c3\u03c4\u03b7 \u03b1\u03bd\u03b1\u03c4\u03c1\u03bf\u03c6\u03bf\u03b4\u03cc\u03c4\u03b7\u03c3\u03b7:<\/strong> \u039f\u03b9 LED \u03b5\u03bd\u03b4\u03b5\u03af\u03be\u03b5\u03b9\u03c2 \u03ba\u03b1\u03b9 \u03bf\u03b9 \u03b4\u03bf\u03bd\u03ae\u03c3\u03b5\u03b9\u03c2 \u03c0\u03b1\u03c1\u03ad\u03c7\u03bf\u03c5\u03bd \u03c7\u03c1\u03ae\u03c3\u03b9\u03bc\u03b7 \u03b1\u03bd\u03b1\u03c4\u03c1\u03bf\u03c6\u03bf\u03b4\u03cc\u03c4\u03b7\u03c3\u03b7 \u03ba\u03b1\u03c4\u03ac \u03c4\u03b7 \u03c7\u03c1\u03ae\u03c3\u03b7.<\/li>\n<li><strong>\u039c\u03b1\u03b3\u03bd\u03b7\u03c4\u03b9\u03ba\u03ae \u03c6\u03cc\u03c1\u03c4\u03b9\u03c3\u03b7:<\/strong> \u0391\u03c0\u03bb\u03ae \u03ba\u03b1\u03b9 \u03b1\u03c0\u03bf\u03b4\u03bf\u03c4\u03b9\u03ba\u03ae \u03bb\u03b5\u03b9\u03c4\u03bf\u03c5\u03c1\u03b3\u03af\u03b1 \u03c6\u03cc\u03c1\u03c4\u03b9\u03c3\u03b7\u03c2.<\/li>\n<li><strong>\u0391\u03bd\u03b8\u03b5\u03ba\u03c4\u03b9\u03ba\u03ae \u03b1\u03c0\u03cc\u03b4\u03bf\u03c3\u03b7:<\/strong> \u039c\u03c0\u03bf\u03c1\u03b5\u03af \u03bd\u03b1 \u03b4\u03b9\u03b1\u03c1\u03ba\u03ad\u03c3\u03b5\u03b9 \u03ad\u03c9\u03c2 \u03ba\u03b1\u03b9 7 \u03b7\u03bc\u03ad\u03c1\u03b5\u03c2 \u03bc\u03b5 \u03ba\u03b1\u03bd\u03bf\u03bd\u03b9\u03ba\u03ae \u03c7\u03c1\u03ae\u03c3\u03b7.<\/li>\n<\/ol>\n<h3>\u03a0\u03b5\u03c1\u03b9\u03b5\u03c7\u03cc\u03bc\u03b5\u03bd\u03bf \u03c3\u03c5\u03c3\u03ba\u03b5\u03c5\u03b1\u03c3\u03af\u03b1\u03c2<\/h3>\n<ul>\n<li>1 x \u03c3\u03c5\u03c3\u03ba\u03b5\u03c5\u03ae Wenax M1 Mini<\/li>\n<li>1 x Powerbank Wenax M<\/li>\n<li>1 x \u03b1\u03bd\u03b1\u03c0\u03bb\u03b7\u03c1\u03ce\u03c3\u03b9\u03bc\u03bf Pod 0,8 Ohm<\/li>\n<li>1 x \u03b1\u03bd\u03b1\u03c0\u03bb\u03b7\u03c1\u03ce\u03c3\u03b9\u03bc\u03bf Pod 1,2 Ohm<\/li>\n<li>1 x \u039a\u03b1\u03bb\u03ce\u03b4\u03b9\u03bf USB-C \u03c3\u03b5 C<\/li>\n<li>10 x \u039c\u03cd\u03c4\u03b5\u03c2 \u03c3\u03c4\u03ac\u03b3\u03b4\u03b7\u03bd \u03c6\u03af\u03bb\u03c4\u03c1\u03bf\u03c5 Geekvape<\/li>\n<li>1 x \u0395\u03b3\u03c7\u03b5\u03b9\u03c1\u03af\u03b4\u03b9\u03bf<\/li>\n<\/ul>\n<h3>\u03a0\u03bb\u03b5\u03bf\u03bd\u03b5\u03ba\u03c4\u03ae\u03bc\u03b1\u03c4\u03b1<\/h3>\n<ul>\n<li><strong>\u039c\u03b5\u03b3\u03ac\u03bb\u03b7 \u03b4\u03b9\u03ac\u03c1\u03ba\u03b5\u03b9\u03b1 \u03b6\u03c9\u03ae\u03c2:<\/strong> \u03a7\u03ac\u03c1\u03b7 \u03c3\u03c4\u03bf power bank, \u03bc\u03c0\u03bf\u03c1\u03b5\u03af\u03c4\u03b5 \u03bd\u03b1 \u03c6\u03bf\u03c1\u03c4\u03af\u03c3\u03b5\u03c4\u03b5 \u03c4\u03b7 \u03c3\u03c5\u03c3\u03ba\u03b5\u03c5\u03ae Wenax M1 \u03c0\u03bf\u03bb\u03bb\u03ad\u03c2 \u03c6\u03bf\u03c1\u03ad\u03c2 \u03c7\u03c9\u03c1\u03af\u03c2 \u03bd\u03b1 \u03b1\u03bd\u03b7\u03c3\u03c5\u03c7\u03b5\u03af\u03c4\u03b5 \u03b3\u03b9\u03b1 \u03bc\u03b9\u03b1 \u03ac\u03b4\u03b5\u03b9\u03b1 \u03bc\u03c0\u03b1\u03c4\u03b1\u03c1\u03af\u03b1.<\/li>\n<li><strong>\u03a3\u03c5\u03bc\u03c0\u03b1\u03b3\u03ad\u03c2 \u03bc\u03ad\u03b3\u03b5\u03b8\u03bf\u03c2:<\/strong> \u0397 \u03c3\u03c5\u03c3\u03ba\u03b5\u03c5\u03ae \u03b5\u03af\u03bd\u03b1\u03b9 \u03b5\u03bb\u03b1\u03c6\u03c1\u03b9\u03ac \u03ba\u03b1\u03b9 \u03c6\u03bf\u03c1\u03b7\u03c4\u03ae, \u03b9\u03b4\u03b1\u03bd\u03b9\u03ba\u03ae \u03b3\u03b9\u03b1 \u03c4\u03b1\u03be\u03af\u03b4\u03b9\u03b1.<\/li>\n<li><strong>\u0395\u03cd\u03ba\u03bf\u03bb\u03b7 \u03b1\u03bd\u03b1\u03c0\u03bb\u03ae\u03c1\u03c9\u03c3\u03b7:<\/strong> \u039f\u03b9 \u03bb\u03bf\u03b2\u03bf\u03af \u03b3\u03b5\u03bc\u03af\u03b6\u03bf\u03c5\u03bd \u03b1\u03c0\u03cc \u03c0\u03ac\u03bd\u03c9, \u03b3\u03b5\u03b3\u03bf\u03bd\u03cc\u03c2 \u03c0\u03bf\u03c5 \u03ba\u03b1\u03b8\u03b9\u03c3\u03c4\u03ac \u03c4\u03b7\u03bd \u03b1\u03bd\u03b1\u03c0\u03bb\u03ae\u03c1\u03c9\u03c3\u03b7 \u03b5\u03cd\u03ba\u03bf\u03bb\u03b7 \u03ba\u03b1\u03b9 \u03ba\u03b1\u03b8\u03b1\u03c1\u03ae.<\/li>\n<li><strong>\u03a0\u03bf\u03bb\u03c5\u03bc\u03bf\u03c1\u03c6\u03af\u03b1:<\/strong> \u03a5\u03c0\u03bf\u03c3\u03c4\u03b7\u03c1\u03af\u03b6\u03b5\u03b9 \u03b1\u03bd\u03c4\u03b9\u03c3\u03c4\u03ac\u03c3\u03b5\u03b9\u03c2 0,8 Ohm \u03ba\u03b1\u03b8\u03ce\u03c2 \u03ba\u03b1\u03b9 1,2 Ohm \u03b3\u03b9\u03b1 \u03b4\u03b9\u03b1\u03c6\u03bf\u03c1\u03b5\u03c4\u03b9\u03ba\u03ad\u03c2 \u03b5\u03bc\u03c0\u03b5\u03b9\u03c1\u03af\u03b5\u03c2 \u03b1\u03c4\u03bc\u03af\u03c3\u03bc\u03b1\u03c4\u03bf\u03c2.<\/li>\n<\/ul>\n<p>\u03a4\u03bf Geekvape Wenax M Starter Kit \u03b5\u03af\u03bd\u03b1\u03b9 \u03bc\u03b9\u03b1 \u03b5\u03be\u03b1\u03b9\u03c1\u03b5\u03c4\u03b9\u03ba\u03ae \u03b5\u03c0\u03b9\u03bb\u03bf\u03b3\u03ae \u03b3\u03b9\u03b1 \u03b1\u03c4\u03bc\u03b9\u03c3\u03c4\u03ad\u03c2 \u03c0\u03bf\u03c5 \u03b1\u03bd\u03b1\u03b6\u03b7\u03c4\u03bf\u03cd\u03bd \u03bc\u03b9\u03b1 \u03b1\u03be\u03b9\u03cc\u03c0\u03b9\u03c3\u03c4\u03b7, \u03c6\u03bf\u03c1\u03b7\u03c4\u03ae \u03ba\u03b1\u03b9 \u03b5\u03cd\u03c7\u03c1\u03b7\u03c3\u03c4\u03b7 \u03c3\u03c5\u03c3\u03ba\u03b5\u03c5\u03ae. \u039c\u03b5 \u03c4\u03b7 \u03bc\u03b5\u03b3\u03ac\u03bb\u03b7 \u03c7\u03c9\u03c1\u03b7\u03c4\u03b9\u03ba\u03cc\u03c4\u03b7\u03c4\u03b1 \u03c4\u03b7\u03c2 \u03bc\u03c0\u03b1\u03c4\u03b1\u03c1\u03af\u03b1\u03c2 \u03c4\u03bf\u03c5 \u03ba\u03b1\u03b9 \u03c4\u03b7 \u03b4\u03c5\u03bd\u03b1\u03c4\u03cc\u03c4\u03b7\u03c4\u03b1 \u03b1\u03bd\u03c4\u03b9\u03ba\u03b1\u03c4\u03ac\u03c3\u03c4\u03b1\u03c3\u03b7\u03c2 \u03c0\u03bf\u03bb\u03bb\u03ce\u03bd \u03bb\u03bf\u03b2\u03ce\u03bd \u03ba\u03b1\u03b9 \u03c6\u03af\u03bb\u03c4\u03c1\u03c9\u03bd, \u03c0\u03c1\u03bf\u03c3\u03c6\u03ad\u03c1\u03b5\u03b9 \u03b5\u03c5\u03b5\u03bb\u03b9\u03be\u03af\u03b1 \u03ba\u03b1\u03b9 \u03bc\u03b5\u03b3\u03ac\u03bb\u03b7 \u03b4\u03b9\u03ac\u03c1\u03ba\u03b5\u03b9\u03b1 \u03b6\u03c9\u03ae\u03c2.<\/p>\n<\/div>\n<\/div>\n<\/div>\n<\/div>\n<\/div>\n<\/div>","protected":false},"excerpt":{"rendered":"<p>Geekvape Wenax M Starter Kit Das Wenax M Starter Kit ist eine innovative Kombination aus der Wenax M Powerbank und dem Wenax M1-Ger\u00e4t. Es bietet ein \u00e4sthetisch ansprechendes Design und ein angenehmes Handgef\u00fchl dank der satinierten Aluminiumlegierung. Mit LED- und Vibrationsfeedback wird das Benutzererlebnis weiter verbessert. Wenax M Powerbank: Akkukapazit\u00e4t: 2500 mAh Smart Prompt: LED [&hellip;]<\/p>","protected":false},"featured_media":13539,"template":"","meta":{"inline_featured_image":false},"product_cat":[747,740,734,753,76],"product_tag":[],"tiered_pricing_type":"fixed","tiered_pricing_fixed_rules":[],"tiered_pricing_percentage_rules":[],"tiered_pricing_minimum":1,"_administrator_tiered_pricing_type":"fixed","_administrator_tiered_pricing_fixed_rules":[],"_editor_tiered_pricing_type":"fixed","_editor_tiered_pricing_fixed_rules":[],"_author_tiered_pricing_type":"fixed","_author_tiered_pricing_fixed_rules":[],"_contributor_tiered_pricing_type":"fixed","_contributor_tiered_pricing_fixed_rules":[],"_subscriber_tiered_pricing_type":"fixed","_subscriber_tiered_pricing_fixed_rules":[],"_customer_tiered_pricing_type":"fixed","_customer_tiered_pricing_fixed_rules":[],"_shop_manager_tiered_pricing_type":"fixed","_shop_manager_tiered_pricing_fixed_rules":[],"_wpseo_manager_tiered_pricing_type":"fixed","_wpseo_manager_tiered_pricing_fixed_rules":[],"_wpseo_editor_tiered_pricing_type":"fixed","_wpseo_editor_tiered_pricing_fixed_rules":[],"_wholesale_customer_tiered_pricing_type":"fixed","_wholesale_customer_tiered_pricing_fixed_rules":[],"_marketer_tiered_pricing_type":"fixed","_marketer_tiered_pricing_fixed_rules":[],"_sales_manager_tiered_pricing_type":"fixed","_sales_manager_tiered_pricing_fixed_rules":[],"_sales_rep_tiered_pricing_type":"fixed","_sales_rep_tiered_pricing_fixed_rules":[],"yoast_head":"<!-- This site is optimized with the Yoast SEO plugin v23.3 - https:\/\/yoast.com\/wordpress\/plugins\/seo\/ -->\n<title>Geekvape Wenax M Starter Kit 2500mAh Kaufen | ElementVape.de<\/title>\n<meta name=\"description\" content=\"Wir bieten Geekvape Wenax M Starter Kit 2500mAh Kaufen , Elementvape.de akzeptieren Gro\u00df-und Einzelhandel Bestellungen.\" \/>\n<meta name=\"robots\" content=\"index, follow, max-snippet:-1, max-image-preview:large, max-video-preview:-1\" \/>\n<link rel=\"canonical\" href=\"https:\/\/www.elementvape.de\/el\/produkt\/geekvape-wenax-m-starter-kit-2500mah\/\" \/>\n<meta property=\"og:locale\" content=\"el_GR\" \/>\n<meta property=\"og:type\" content=\"article\" \/>\n<meta property=\"og:title\" content=\"Geekvape Wenax M Starter Kit 2500mAh Kaufen | ElementVape.de\" \/>\n<meta property=\"og:description\" content=\"Wir bieten Geekvape Wenax M Starter Kit 2500mAh Kaufen , Elementvape.de akzeptieren Gro\u00df-und Einzelhandel Bestellungen.\" \/>\n<meta property=\"og:url\" content=\"https:\/\/www.elementvape.de\/el\/produkt\/geekvape-wenax-m-starter-kit-2500mah\/\" \/>\n<meta property=\"og:site_name\" content=\"ElementVape.de\" \/>\n<meta property=\"article:modified_time\" content=\"2024-09-12T10:28:40+00:00\" \/>\n<meta property=\"og:image\" content=\"https:\/\/www.elementvape.de\/wp-content\/uploads\/2024\/07\/Earth-Art.webp\" \/>\n\t<meta property=\"og:image:width\" content=\"500\" \/>\n\t<meta property=\"og:image:height\" content=\"500\" \/>\n\t<meta property=\"og:image:type\" content=\"image\/webp\" \/>\n<meta name=\"twitter:card\" content=\"summary_large_image\" \/>\n<meta name=\"twitter:label1\" content=\"Est. reading time\" \/>\n\t<meta name=\"twitter:data1\" content=\"2 \u03bb\u03b5\u03c0\u03c4\u03ac\" \/>\n<script type=\"application\/ld+json\" class=\"yoast-schema-graph\">{\"@context\":\"https:\/\/schema.org\",\"@graph\":[{\"@type\":\"WebPage\",\"@id\":\"https:\/\/www.elementvape.de\/et\/produkt\/geekvape-wenax-m-starter-kit-2500mah\/\",\"url\":\"https:\/\/www.elementvape.de\/et\/produkt\/geekvape-wenax-m-starter-kit-2500mah\/\",\"name\":\"Geekvape Wenax M Starter Kit 2500mAh Kaufen | ElementVape.de\",\"isPartOf\":{\"@id\":\"https:\/\/www.elementvape.de\/#website\"},\"primaryImageOfPage\":{\"@id\":\"https:\/\/www.elementvape.de\/et\/produkt\/geekvape-wenax-m-starter-kit-2500mah\/#primaryimage\"},\"image\":{\"@id\":\"https:\/\/www.elementvape.de\/et\/produkt\/geekvape-wenax-m-starter-kit-2500mah\/#primaryimage\"},\"thumbnailUrl\":\"https:\/\/www.elementvape.de\/wp-content\/uploads\/2024\/07\/Earth-Art.webp\",\"datePublished\":\"2024-07-01T09:16:48+00:00\",\"dateModified\":\"2024-09-12T10:28:40+00:00\",\"description\":\"Wir bieten Geekvape Wenax M Starter Kit 2500mAh Kaufen , Elementvape.de akzeptieren Gro\u00df-und Einzelhandel Bestellungen.\",\"breadcrumb\":{\"@id\":\"https:\/\/www.elementvape.de\/et\/produkt\/geekvape-wenax-m-starter-kit-2500mah\/#breadcrumb\"},\"inLanguage\":\"el\",\"potentialAction\":[{\"@type\":\"ReadAction\",\"target\":[\"https:\/\/www.elementvape.de\/et\/produkt\/geekvape-wenax-m-starter-kit-2500mah\/\"]}]},{\"@type\":\"ImageObject\",\"inLanguage\":\"el\",\"@id\":\"https:\/\/www.elementvape.de\/et\/produkt\/geekvape-wenax-m-starter-kit-2500mah\/#primaryimage\",\"url\":\"https:\/\/www.elementvape.de\/wp-content\/uploads\/2024\/07\/Earth-Art.webp\",\"contentUrl\":\"https:\/\/www.elementvape.de\/wp-content\/uploads\/2024\/07\/Earth-Art.webp\",\"width\":500,\"height\":500,\"caption\":\"Earth-Art\"},{\"@type\":\"BreadcrumbList\",\"@id\":\"https:\/\/www.elementvape.de\/et\/produkt\/geekvape-wenax-m-starter-kit-2500mah\/#breadcrumb\",\"itemListElement\":[{\"@type\":\"ListItem\",\"position\":1,\"name\":\"Home\",\"item\":\"https:\/\/www.elementvape.de\/\"},{\"@type\":\"ListItem\",\"position\":2,\"name\":\"Shop\",\"item\":\"https:\/\/www.elementvape.de\/shop\/\"},{\"@type\":\"ListItem\",\"position\":3,\"name\":\"Geekvape Wenax M Starter Kit 2500mAh Kaufen\"}]},{\"@type\":\"WebSite\",\"@id\":\"https:\/\/www.elementvape.de\/#website\",\"url\":\"https:\/\/www.elementvape.de\/\",\"name\":\"ElementVape.de\",\"description\":\"\",\"publisher\":{\"@id\":\"https:\/\/www.elementvape.de\/#organization\"},\"potentialAction\":[{\"@type\":\"SearchAction\",\"target\":{\"@type\":\"EntryPoint\",\"urlTemplate\":\"https:\/\/www.elementvape.de\/?s={search_term_string}\"},\"query-input\":\"required name=search_term_string\"}],\"inLanguage\":\"el\"},{\"@type\":\"Organization\",\"@id\":\"https:\/\/www.elementvape.de\/#organization\",\"name\":\"ElementVape.DE\",\"url\":\"https:\/\/www.elementvape.de\/\",\"logo\":{\"@type\":\"ImageObject\",\"inLanguage\":\"el\",\"@id\":\"https:\/\/www.elementvape.de\/#\/schema\/logo\/image\/\",\"url\":\"https:\/\/www.elementvape.de\/wp-content\/uploads\/2024\/09\/cropped-1elementvape-3.png\",\"contentUrl\":\"https:\/\/www.elementvape.de\/wp-content\/uploads\/2024\/09\/cropped-1elementvape-3.png\",\"width\":285,\"height\":228,\"caption\":\"ElementVape.DE\"},\"image\":{\"@id\":\"https:\/\/www.elementvape.de\/#\/schema\/logo\/image\/\"}}]}<\/script>\n<!-- \/ Yoast SEO plugin. -->","yoast_head_json":{"title":"Geekvape Wenax M Starter Kit 2500mAh Kaufen | ElementVape.de","description":"Wir bieten Geekvape Wenax M Starter Kit 2500mAh Kaufen , Elementvape.de akzeptieren Gro\u00df-und Einzelhandel Bestellungen.","robots":{"index":"index","follow":"follow","max-snippet":"max-snippet:-1","max-image-preview":"max-image-preview:large","max-video-preview":"max-video-preview:-1"},"canonical":"https:\/\/www.elementvape.de\/el\/produkt\/geekvape-wenax-m-starter-kit-2500mah\/","og_locale":"el_GR","og_type":"article","og_title":"Geekvape Wenax M Starter Kit 2500mAh Kaufen | ElementVape.de","og_description":"Wir bieten Geekvape Wenax M Starter Kit 2500mAh Kaufen , Elementvape.de akzeptieren Gro\u00df-und Einzelhandel Bestellungen.","og_url":"https:\/\/www.elementvape.de\/el\/produkt\/geekvape-wenax-m-starter-kit-2500mah\/","og_site_name":"ElementVape.de","article_modified_time":"2024-09-12T10:28:40+00:00","og_image":[{"width":500,"height":500,"url":"https:\/\/www.elementvape.de\/wp-content\/uploads\/2024\/07\/Earth-Art.webp","type":"image\/webp"}],"twitter_card":"summary_large_image","twitter_misc":{"Est. reading time":"2 \u03bb\u03b5\u03c0\u03c4\u03ac"},"schema":{"@context":"https:\/\/schema.org","@graph":[{"@type":"WebPage","@id":"https:\/\/www.elementvape.de\/et\/produkt\/geekvape-wenax-m-starter-kit-2500mah\/","url":"https:\/\/www.elementvape.de\/et\/produkt\/geekvape-wenax-m-starter-kit-2500mah\/","name":"Geekvape Wenax M Starter Kit 2500mAh Kaufen | ElementVape.de","isPartOf":{"@id":"https:\/\/www.elementvape.de\/#website"},"primaryImageOfPage":{"@id":"https:\/\/www.elementvape.de\/et\/produkt\/geekvape-wenax-m-starter-kit-2500mah\/#primaryimage"},"image":{"@id":"https:\/\/www.elementvape.de\/et\/produkt\/geekvape-wenax-m-starter-kit-2500mah\/#primaryimage"},"thumbnailUrl":"https:\/\/www.elementvape.de\/wp-content\/uploads\/2024\/07\/Earth-Art.webp","datePublished":"2024-07-01T09:16:48+00:00","dateModified":"2024-09-12T10:28:40+00:00","description":"Wir bieten Geekvape Wenax M Starter Kit 2500mAh Kaufen , Elementvape.de akzeptieren Gro\u00df-und Einzelhandel Bestellungen.","breadcrumb":{"@id":"https:\/\/www.elementvape.de\/et\/produkt\/geekvape-wenax-m-starter-kit-2500mah\/#breadcrumb"},"inLanguage":"el","potentialAction":[{"@type":"ReadAction","target":["https:\/\/www.elementvape.de\/et\/produkt\/geekvape-wenax-m-starter-kit-2500mah\/"]}]},{"@type":"ImageObject","inLanguage":"el","@id":"https:\/\/www.elementvape.de\/et\/produkt\/geekvape-wenax-m-starter-kit-2500mah\/#primaryimage","url":"https:\/\/www.elementvape.de\/wp-content\/uploads\/2024\/07\/Earth-Art.webp","contentUrl":"https:\/\/www.elementvape.de\/wp-content\/uploads\/2024\/07\/Earth-Art.webp","width":500,"height":500,"caption":"Earth-Art"},{"@type":"BreadcrumbList","@id":"https:\/\/www.elementvape.de\/et\/produkt\/geekvape-wenax-m-starter-kit-2500mah\/#breadcrumb","itemListElement":[{"@type":"ListItem","position":1,"name":"Home","item":"https:\/\/www.elementvape.de\/"},{"@type":"ListItem","position":2,"name":"Shop","item":"https:\/\/www.elementvape.de\/shop\/"},{"@type":"ListItem","position":3,"name":"Geekvape Wenax M Starter Kit 2500mAh Kaufen"}]},{"@type":"WebSite","@id":"https:\/\/www.elementvape.de\/#website","url":"https:\/\/www.elementvape.de\/","name":"ElementVape.de","description":"","publisher":{"@id":"https:\/\/www.elementvape.de\/#organization"},"potentialAction":[{"@type":"SearchAction","target":{"@type":"EntryPoint","urlTemplate":"https:\/\/www.elementvape.de\/?s={search_term_string}"},"query-input":"required name=search_term_string"}],"inLanguage":"el"},{"@type":"Organization","@id":"https:\/\/www.elementvape.de\/#organization","name":"ElementVape.DE","url":"https:\/\/www.elementvape.de\/","logo":{"@type":"ImageObject","inLanguage":"el","@id":"https:\/\/www.elementvape.de\/#\/schema\/logo\/image\/","url":"https:\/\/www.elementvape.de\/wp-content\/uploads\/2024\/09\/cropped-1elementvape-3.png","contentUrl":"https:\/\/www.elementvape.de\/wp-content\/uploads\/2024\/09\/cropped-1elementvape-3.png","width":285,"height":228,"caption":"ElementVape.DE"},"image":{"@id":"https:\/\/www.elementvape.de\/#\/schema\/logo\/image\/"}}]}},"_links":{"self":[{"href":"https:\/\/www.elementvape.de\/el\/wp-json\/wp\/v2\/product\/13538"}],"collection":[{"href":"https:\/\/www.elementvape.de\/el\/wp-json\/wp\/v2\/product"}],"about":[{"href":"https:\/\/www.elementvape.de\/el\/wp-json\/wp\/v2\/types\/product"}],"wp:featuredmedia":[{"embeddable":true,"href":"https:\/\/www.elementvape.de\/el\/wp-json\/wp\/v2\/media\/13539"}],"wp:attachment":[{"href":"https:\/\/www.elementvape.de\/el\/wp-json\/wp\/v2\/media?parent=13538"}],"wp:term":[{"taxonomy":"product_cat","embeddable":true,"href":"https:\/\/www.elementvape.de\/el\/wp-json\/wp\/v2\/product_cat?post=13538"},{"taxonomy":"product_tag","embeddable":true,"href":"https:\/\/www.elementvape.de\/el\/wp-json\/wp\/v2\/product_tag?post=13538"}],"curies":[{"name":"wp","href":"https:\/\/api.w.org\/{rel}","templated":true}]}}