{"id":13462,"date":"2024-07-01T07:13:42","date_gmt":"2024-07-01T07:13:42","guid":{"rendered":"https:\/\/www.elementvape.de\/?post_type=product&#038;p=13462"},"modified":"2024-09-12T10:28:42","modified_gmt":"2024-09-12T10:28:42","slug":"oxva-origin-se-pod-kit-1400-mah","status":"publish","type":"product","link":"https:\/\/www.elementvape.de\/el\/produkt\/oxva-origin-se-pod-kit-1400-mah\/","title":{"rendered":"OXVA Origin SE \u03a3\u03cd\u03c3\u03c4\u03b7\u03bc\u03b1 Pod 1400 mAh"},"content":{"rendered":"<h2>OXVA Origin SE Pod Kit \u2013 \u0395\u03c0\u03b9\u03c3\u03ba\u03cc\u03c0\u03b7\u03c3\u03b7 \u03ba\u03b1\u03b9 \u03bb\u03b5\u03b9\u03c4\u03bf\u03c5\u03c1\u03b3\u03af\u03b5\u03c2<\/h2>\n<ul>\n<li><strong>\u03a3\u03c5\u03bc\u03c0\u03b1\u03b3\u03ad\u03c2 \u03ba\u03b1\u03b9 \u03b5\u03bb\u03b1\u03c6\u03c1\u03cd:<\/strong> \u039c\u03b5 \u03b2\u03ac\u03c1\u03bf\u03c2 \u03bc\u03cc\u03bb\u03b9\u03c2 53 g \u03ba\u03b1\u03b9 \u03b5\u03bd\u03c3\u03c9\u03bc\u03b1\u03c4\u03c9\u03bc\u03ad\u03bd\u03b7 \u03bc\u03c0\u03b1\u03c4\u03b1\u03c1\u03af\u03b1 1400 mAh, \u03c4\u03bf Origin SE \u03c0\u03c1\u03bf\u03c3\u03c6\u03ad\u03c1\u03b5\u03b9 \u03b5\u03bb\u03b1\u03c6\u03c1\u03cd \u03ba\u03b1\u03b9 \u03c6\u03bf\u03c1\u03b7\u03c4\u03cc \u03b1\u03c4\u03bc\u03b9\u03c3\u03c4\u03b9\u03ba\u03cc \u03b5\u03bc\u03c0\u03b5\u03b9\u03c1\u03af\u03b1 \u03b3\u03b9\u03b1 \u03cc\u03bb\u03b7 \u03c4\u03b7\u03bd \u03b7\u03bc\u03ad\u03c1\u03b1.<\/li>\n<li><strong>\u0399\u03c3\u03c7\u03c5\u03c1\u03cc:<\/strong> \u0399\u03c3\u03c7\u03cd\u03c2 \u03b5\u03be\u03cc\u03b4\u03bf\u03c5 \u03b1\u03c0\u03cc 5 \u03ad\u03c9\u03c2 40 W, \u03b9\u03b4\u03b1\u03bd\u03b9\u03ba\u03ae \u03b3\u03b9\u03b1 \u03b4\u03b9\u03ac\u03c6\u03bf\u03c1\u03b5\u03c2 \u03b1\u03bd\u03ac\u03b3\u03ba\u03b5\u03c2 \u03b1\u03c4\u03bc\u03af\u03c3\u03bc\u03b1\u03c4\u03bf\u03c2.<\/li>\n<li><strong>\u03a3\u03c5\u03bc\u03b2\u03b1\u03c4\u03cc\u03c4\u03b7\u03c4\u03b1:<\/strong> \u03a7\u03c1\u03b7\u03c3\u03b9\u03bc\u03bf\u03c0\u03bf\u03b9\u03b5\u03af\u03c4\u03b1\u03b9 \u03bc\u03b5 \u03c4\u03b7 \u03b4\u03bf\u03ba\u03b9\u03bc\u03b1\u03c3\u03bc\u03ad\u03bd\u03b7 \u03c3\u03b5\u03b9\u03c1\u03ac Unicoil, \u03b3\u03bd\u03c9\u03c3\u03c4\u03ae \u03b3\u03b9\u03b1 \u03c4\u03b7\u03bd \u03b5\u03be\u03b1\u03b9\u03c1\u03b5\u03c4\u03b9\u03ba\u03ae \u03b3\u03b5\u03cd\u03c3\u03b7 \u03c4\u03b7\u03c2.<\/li>\n<li><strong>\u03a1\u03cd\u03b8\u03bc\u03b9\u03c3\u03b7 \u03c1\u03bf\u03ae\u03c2 \u03b1\u03ad\u03c1\u03b1:<\/strong> \u0395\u03c3\u03c9\u03c4\u03b5\u03c1\u03b9\u03ba\u03ae \u03c1\u03c5\u03b8\u03bc\u03b9\u03b6\u03cc\u03bc\u03b5\u03bd\u03b7 \u03c1\u03bf\u03ae \u03b1\u03ad\u03c1\u03b1 \u03c0\u03bf\u03c5 \u03c0\u03c1\u03bf\u03c3\u03c6\u03ad\u03c1\u03b5\u03b9 \u03c0\u03c1\u03bf\u03c3\u03b1\u03c1\u03bc\u03cc\u03c3\u03b9\u03bc\u03b7 \u03b5\u03bc\u03c0\u03b5\u03b9\u03c1\u03af\u03b1 \u03b1\u03c4\u03bc\u03af\u03c3\u03bc\u03b1\u03c4\u03bf\u03c2.<\/li>\n<li><strong>\u03a6\u03b9\u03bb\u03b9\u03ba\u03cc\u03c4\u03b7\u03c4\u03b1 \u03c0\u03c1\u03bf\u03c2 \u03c4\u03bf\u03bd \u03c7\u03c1\u03ae\u03c3\u03c4\u03b7:<\/strong> \u0391\u03c5\u03c4\u03cc\u03bc\u03b1\u03c4\u03bf \u03c4\u03c1\u03ac\u03b2\u03b7\u03b3\u03bc\u03b1 \u03ba\u03b1\u03b9 \u03c7\u03b5\u03b9\u03c1\u03bf\u03ba\u03af\u03bd\u03b7\u03c4\u03b7 \u03bb\u03b5\u03b9\u03c4\u03bf\u03c5\u03c1\u03b3\u03af\u03b1, \u03c0\u03c1\u03bf\u03c3\u03b1\u03c1\u03bc\u03bf\u03c3\u03c4\u03b9\u03ba\u03ae \u03c1\u03cd\u03b8\u03bc\u03b9\u03c3\u03b7 \u03c4\u03b7\u03c2 \u03b9\u03c3\u03c7\u03cd\u03bf\u03c2 \u03b5\u03be\u03cc\u03b4\u03bf\u03c5 \u03ba\u03b1\u03b9 \u03c4\u03c1\u03b5\u03b9\u03c2 \u03b5\u03c0\u03af\u03c0\u03b5\u03b4\u03b1 \u03b9\u03c3\u03c7\u03cd\u03bf\u03c2 (\u03c7\u03b1\u03bc\u03b7\u03bb\u03cc, \u03bc\u03b5\u03c3\u03b1\u03af\u03bf \u03ba\u03b1\u03b9 \u03c5\u03c8\u03b7\u03bb\u03cc).<\/li>\n<li><strong>\u0393\u03c1\u03ae\u03b3\u03bf\u03c1\u03b7 \u03c6\u03cc\u03c1\u03c4\u03b9\u03c3\u03b7:<\/strong> \u03a6\u03cc\u03c1\u03c4\u03b9\u03c3\u03b7 \u03c4\u03cd\u03c0\u03bf\u03c5-C \u03bc\u03b5 5 V \/ 2 A \u03b3\u03b9\u03b1 \u03b3\u03c1\u03ae\u03b3\u03bf\u03c1\u03b7 \u03ba\u03b1\u03b9 \u03ac\u03bd\u03b5\u03c4\u03b7 \u03c6\u03cc\u03c1\u03c4\u03b9\u03c3\u03b7.<\/li>\n<li><strong>\u03a3\u03c7\u03b5\u03b4\u03b9\u03b1\u03c3\u03bc\u03cc\u03c2:<\/strong> \u03a3\u03c4\u03c5\u03bb\u03ac\u03c4\u03bf \u03ba\u03b1\u03b9 \u03c3\u03c5\u03bc\u03c0\u03b1\u03b3\u03ad\u03c2 \u03c3\u03c7\u03ad\u03b4\u03b9\u03bf \u03c3\u03b5 8 \u03b4\u03b9\u03b1\u03c6\u03bf\u03c1\u03b5\u03c4\u03b9\u03ba\u03ac \u03c7\u03c1\u03ce\u03bc\u03b1\u03c4\u03b1.<\/li>\n<\/ul>\n<h3>\u03a4\u03b5\u03c7\u03bd\u03b9\u03ba\u03ac \u03c7\u03b1\u03c1\u03b1\u03ba\u03c4\u03b7\u03c1\u03b9\u03c3\u03c4\u03b9\u03ba\u03ac<\/h3>\n<ul>\n<li><strong>\u0388\u03be\u03bf\u03b4\u03bf\u03c2 \u03b9\u03c3\u03c7\u03cd\u03bf\u03c2:<\/strong> 5 \u2013 40 W<\/li>\n<li><strong>\u03a7\u03c9\u03c1\u03b7\u03c4\u03b9\u03ba\u03cc\u03c4\u03b7\u03c4\u03b1 \u03ba\u03ac\u03c8\u03bf\u03c5\u03bb\u03b1\u03c2:<\/strong> 3,5 ml \/ 2 ml (TPD)<\/li>\n<li><strong>\u0395\u03cd\u03c1\u03bf\u03c2 \u03b1\u03bd\u03c4\u03b9\u03c3\u03c4\u03ac\u03c3\u03b5\u03c9\u03bd:<\/strong> 0,25 \u2013 3,0 \u03a9<\/li>\n<li><strong>\u0391\u03bd\u03c4\u03b9\u03c3\u03c4\u03ac\u03c3\u03b5\u03b9\u03c2:<\/strong> Unicoil 0,3 \u03a9 \/ 0,5 \u03a9 \/ 1,0 \u03a9<\/li>\n<li><strong>\u0393\u03ad\u03bc\u03b9\u03c3\u03bc\u03b1:<\/strong> \u03a0\u03bb\u03ac\u03b3\u03b9\u03bf \u03b3\u03ad\u03bc\u03b9\u03c3\u03bc\u03b1<\/li>\n<li><strong>\u03a1\u03cd\u03b8\u03bc\u03b9\u03c3\u03b7 \u03c1\u03bf\u03ae\u03c2 \u03b1\u03ad\u03c1\u03b1:<\/strong> \u0395\u03c3\u03c9\u03c4\u03b5\u03c1\u03b9\u03ba\u03ae \u03c1\u03c5\u03b8\u03bc\u03b9\u03b6\u03cc\u03bc\u03b5\u03bd\u03b7 \u03c1\u03bf\u03ae \u03b1\u03ad\u03c1\u03b1<\/li>\n<li><strong>\u039c\u03c0\u03b1\u03c4\u03b1\u03c1\u03af\u03b1:<\/strong> 1400 mAh<\/li>\n<li><strong>\u03a6\u03cc\u03c1\u03c4\u03b9\u03c3\u03b7:<\/strong> \u03a4\u03cd\u03c0\u03bf\u03c2-C \/ 5 V \/ 2 A<\/li>\n<li><strong>\u0391\u03ba\u03c1\u03bf\u03c6\u03cd\u03c3\u03b9\u03bf \u03c3\u03c4\u03b1\u03b3\u03cc\u03bd\u03b1\u03c2:<\/strong> 510 \u03b1\u03ba\u03c1\u03bf\u03c6\u03cd\u03c3\u03b9\u03bf \u03c3\u03c4\u03b1\u03b3\u03cc\u03bd\u03b1\u03c2<\/li>\n<li><strong>\u03a5\u03bb\u03b9\u03ba\u03cc:<\/strong> PC+PCTG<\/li>\n<li><strong>\u039c\u03ad\u03b3\u03b5\u03b8\u03bf\u03c2:<\/strong> 102 x 22 x 28,6 mm<\/li>\n<li><strong>\u0392\u03ac\u03c1\u03bf\u03c2:<\/strong> 53 g<\/li>\n<\/ul>\n<h3>\u039b\u03b5\u03b9\u03c4\u03bf\u03c5\u03c1\u03b3\u03af\u03b5\u03c2<\/h3>\n<ul>\n<li><strong>\u0391\u03c5\u03c4\u03cc\u03bc\u03b1\u03c4\u03bf \u03c4\u03c1\u03ac\u03b2\u03b7\u03b3\u03bc\u03b1 \u03ba\u03b1\u03b9 \u03c7\u03b5\u03b9\u03c1\u03bf\u03ba\u03af\u03bd\u03b7\u03c4\u03b7 \u03bb\u03b5\u03b9\u03c4\u03bf\u03c5\u03c1\u03b3\u03af\u03b1:<\/strong> \u0395\u03cd\u03ba\u03bf\u03bb\u03bf \u03c3\u03c4\u03b7 \u03c7\u03c1\u03ae\u03c3\u03b7, \u03c4\u03cc\u03c3\u03bf \u03b3\u03b9\u03b1 \u03b1\u03c1\u03c7\u03ac\u03c1\u03b9\u03bf\u03c5\u03c2 \u03cc\u03c3\u03bf \u03ba\u03b1\u03b9 \u03b3\u03b9\u03b1 \u03ad\u03bc\u03c0\u03b5\u03b9\u03c1\u03bf\u03c5\u03c2 \u03b1\u03c4\u03bc\u03b9\u03c3\u03c4\u03ad\u03c2.<\/li>\n<li><strong>\u03a0\u03c1\u03bf\u03c3\u03b1\u03c1\u03bc\u03bf\u03c3\u03c4\u03b9\u03ba\u03ae \u03c1\u03cd\u03b8\u03bc\u03b9\u03c3\u03b7 \u03c4\u03b7\u03c2 \u03b5\u03be\u03cc\u03b4\u03bf\u03c5 \u03b9\u03c3\u03c7\u03cd\u03bf\u03c2:<\/strong> \u03a1\u03c5\u03b8\u03bc\u03af\u03b6\u03b5\u03b9 \u03b1\u03c5\u03c4\u03cc\u03bc\u03b1\u03c4\u03b1 \u03c4\u03b7\u03bd \u03b9\u03c3\u03c7\u03cd \u03c3\u03cd\u03bc\u03c6\u03c9\u03bd\u03b1 \u03bc\u03b5 \u03c4\u03b7\u03bd \u03c7\u03c1\u03b7\u03c3\u03b9\u03bc\u03bf\u03c0\u03bf\u03b9\u03bf\u03cd\u03bc\u03b5\u03bd\u03b7 \u03b1\u03bd\u03c4\u03af\u03c3\u03c4\u03b1\u03c3\u03b7.<\/li>\n<li><strong>\u03a3\u03c5\u03bc\u03b2\u03b1\u03c4\u03cc\u03c4\u03b7\u03c4\u03b1 \u03bc\u03b5 Unicoil:<\/strong> \u03a5\u03c0\u03bf\u03c3\u03c4\u03b7\u03c1\u03af\u03b6\u03b5\u03b9 \u03b1\u03bd\u03c4\u03b9\u03c3\u03c4\u03ac\u03c3\u03b5\u03b9\u03c2 Unicoil \u03b3\u03b9\u03b1 \u03b4\u03b9\u03ac\u03c6\u03bf\u03c1\u03b1 \u03c0\u03c1\u03bf\u03c4\u03b9\u03bc\u03ce\u03bc\u03b5\u03bd\u03b1 \u03b5\u03c0\u03af\u03c0\u03b5\u03b4\u03b1 \u03b1\u03c4\u03bc\u03af\u03c3\u03bc\u03b1\u03c4\u03bf\u03c2.<\/li>\n<li><strong>\u03a4\u03c1\u03b5\u03b9\u03c2 \u03b5\u03c0\u03af\u03c0\u03b5\u03b4\u03b1 \u03b9\u03c3\u03c7\u03cd\u03bf\u03c2:<\/strong> \u0395\u03c0\u03b9\u03c4\u03c1\u03ad\u03c0\u03b5\u03b9 \u03c4\u03b7\u03bd \u03b5\u03c0\u03b9\u03bb\u03bf\u03b3\u03ae \u03bc\u03b5\u03c4\u03b1\u03be\u03cd \u03c7\u03b1\u03bc\u03b7\u03bb\u03ae\u03c2, \u03bc\u03b5\u03c3\u03b1\u03af\u03b1\u03c2 \u03ba\u03b1\u03b9 \u03c5\u03c8\u03b7\u03bb\u03ae\u03c2 \u03b9\u03c3\u03c7\u03cd\u03bf\u03c2.<\/li>\n<li><strong>\u03a6\u03bf\u03c1\u03b7\u03c4\u03cc:<\/strong> \u03a3\u03c5\u03bc\u03c0\u03b1\u03b3\u03ae\u03c2 \u03c3\u03c7\u03b5\u03b4\u03b9\u03b1\u03c3\u03bc\u03cc\u03c2 \u03c0\u03bf\u03c5 \u03c4\u03b1\u03b9\u03c1\u03b9\u03ac\u03b6\u03b5\u03b9 \u03b5\u03cd\u03ba\u03bf\u03bb\u03b1 \u03c3\u03c4\u03b7\u03bd \u03c4\u03c3\u03ad\u03c0\u03b7.<\/li>\n<li><strong>\u03a1\u03c5\u03b8\u03bc\u03b9\u03b6\u03cc\u03bc\u03b5\u03bd\u03b7 \u03c1\u03bf\u03ae \u03b1\u03ad\u03c1\u03b1:<\/strong> \u0395\u03c0\u03b9\u03c4\u03c1\u03ad\u03c0\u03b5\u03b9 \u03c4\u03b7\u03bd \u03b1\u03ba\u03c1\u03b9\u03b2\u03ae \u03c1\u03cd\u03b8\u03bc\u03b9\u03c3\u03b7 \u03c4\u03b7\u03c2 \u03b1\u03af\u03c3\u03b8\u03b7\u03c3\u03b7\u03c2 \u03c4\u03bf\u03c5 \u03b1\u03c4\u03bc\u03bf\u03cd.<\/li>\n<li><strong>\u0393\u03c1\u03ae\u03b3\u03bf\u03c1\u03b7 \u03c6\u03cc\u03c1\u03c4\u03b9\u03c3\u03b7:<\/strong> \u0393\u03c1\u03ae\u03b3\u03bf\u03c1\u03b7 \u03c6\u03cc\u03c1\u03c4\u03b9\u03c3\u03b7 \u03c4\u03cd\u03c0\u03bf\u03c5-C \u03b3\u03b9\u03b1 \u03b5\u03bb\u03ac\u03c7\u03b9\u03c3\u03c4\u03b7 \u03c0\u03c1\u03bf\u03c3\u03c0\u03ac\u03b8\u03b5\u03b9\u03b1 \u03c6\u03cc\u03c1\u03c4\u03b9\u03c3\u03b7\u03c2.<\/li>\n<li><strong>\u03a0\u03bf\u03b9\u03ba\u03b9\u03bb\u03af\u03b1 \u03c7\u03c1\u03c9\u03bc\u03ac\u03c4\u03c9\u03bd:<\/strong> \u0394\u03b9\u03b1\u03b8\u03ad\u03c3\u03b9\u03bc\u03bf \u03c3\u03b5 8 \u03b5\u03bb\u03ba\u03c5\u03c3\u03c4\u03b9\u03ba\u03ac \u03c7\u03c1\u03ce\u03bc\u03b1\u03c4\u03b1 \u2013 \u039c\u03b1\u03c4 \u03bc\u03b1\u03cd\u03c1\u03bf, \u0391\u03c3\u03b7\u03bc\u03af \u03b3\u03ba\u03c1\u03b9, \u03a1\u03bf\u03b6 \u03a3\u03b1\u03baura, \u03a4\u03b9\u03c6\u03ac\u03bd\u03b9 \u039c\u03c0\u03bb\u03b5, \u039c\u03c0\u03bf\u03c1\u03bd\u03c4\u03ce-\u03a1\u03bf\u03b6, \u0391\u03bb\u03bb\u03b1\u03b3\u03ae \u03c7\u03c1\u03ce\u03bc\u03b1\u03c4\u03bf\u03c2 \u039c\u03c0\u03bb\u03b5, \u0391\u03bb\u03bb\u03b1\u03b3\u03ae \u03c7\u03c1\u03ce\u03bc\u03b1\u03c4\u03bf\u03c2 \u03a7\u03c1\u03c5\u03c3\u03cc, \u0391\u03bb\u03bb\u03b1\u03b3\u03ae \u03c7\u03c1\u03ce\u03bc\u03b1\u03c4\u03bf\u03c2 \u03a0\u03c1\u03ac\u03c3\u03b9\u03bd\u03bf.<\/li>\n<\/ul>\n<h3>\u03a0\u03b5\u03c1\u03b9\u03b5\u03c7\u03cc\u03bc\u03b5\u03bd\u03bf \u03c3\u03c5\u03c3\u03ba\u03b5\u03c5\u03b1\u03c3\u03af\u03b1\u03c2<\/h3>\n<ul>\n<li>1 x \u03a3\u03c5\u03c3\u03ba\u03b5\u03c5\u03ae Origin SE<\/li>\n<li>1 x \u039a\u03ac\u03c1\u03c4\u03b1 Origin SE (3,5 ml)<\/li>\n<li>1 x Unicoil 0,3 \u03a9 (\u03bc\u03b5 AFC)<\/li>\n<li>1 x Unicoil 0,5 \u03a9<\/li>\n<li>1 x \u03ba\u03b1\u03bb\u03ce\u03b4\u03b9\u03bf \u03c4\u03cd\u03c0\u03bf\u03c5-C<\/li>\n<li>1 x \u039b\u03bf\u03c5\u03c1\u03af<\/li>\n<li>1 x \u0395\u03b3\u03c7\u03b5\u03b9\u03c1\u03af\u03b4\u03b9\u03bf \u03c7\u03c1\u03ae\u03c3\u03c4\u03b7<\/li>\n<\/ul>\n<p>\u03a4\u03bf OXVA Origin SE Pod Kit \u03c3\u03c5\u03bd\u03b4\u03c5\u03ac\u03b6\u03b5\u03b9 \u03c3\u03c5\u03bc\u03c0\u03b1\u03b3\u03ad\u03c2 \u03bc\u03ad\u03b3\u03b5\u03b8\u03bf\u03c2, \u03b1\u03c0\u03cc\u03b4\u03bf\u03c3\u03b7 \u03ba\u03b1\u03b9 \u03c3\u03c4\u03c5\u03bb, \u03ba\u03b1\u03b8\u03b9\u03c3\u03c4\u03ce\u03bd\u03c4\u03b1\u03c2 \u03c4\u03bf \u03bc\u03b9\u03b1 \u03b5\u03be\u03b1\u03b9\u03c1\u03b5\u03c4\u03b9\u03ba\u03ae \u03b5\u03c0\u03b9\u03bb\u03bf\u03b3\u03ae \u03b3\u03b9\u03b1 \u03c4\u03bf\u03c5\u03c2 \u03b1\u03c4\u03bc\u03b9\u03c3\u03c4\u03ad\u03c2 \u03c0\u03bf\u03c5 \u03b1\u03bd\u03b1\u03b6\u03b7\u03c4\u03bf\u03cd\u03bd \u03b1\u03be\u03b9\u03cc\u03c0\u03b9\u03c3\u03c4\u03b7 \u03ba\u03b1\u03b9 \u03c0\u03bf\u03bb\u03c5\u03bb\u03b5\u03b9\u03c4\u03bf\u03c5\u03c1\u03b3\u03b9\u03ba\u03ae \u03c3\u03c5\u03c3\u03ba\u03b5\u03c5\u03ae. \u039c\u03b5 \u03c4\u03b9\u03c2 \u03c0\u03bf\u03b9\u03ba\u03af\u03bb\u03b5\u03c2 \u03bb\u03b5\u03b9\u03c4\u03bf\u03c5\u03c1\u03b3\u03af\u03b5\u03c2 \u03ba\u03b1\u03b9 \u03c4\u03b7\u03bd \u03c5\u03c8\u03b7\u03bb\u03ae \u03c6\u03b9\u03bb\u03b9\u03ba\u03cc\u03c4\u03b7\u03c4\u03b1 \u03c0\u03c1\u03bf\u03c2 \u03c4\u03bf\u03bd \u03c7\u03c1\u03ae\u03c3\u03c4\u03b7, \u03c0\u03c1\u03bf\u03c3\u03c6\u03ad\u03c1\u03b5\u03b9 \u03bc\u03b9\u03b1 \u03ba\u03bf\u03c1\u03c5\u03c6\u03b1\u03af\u03b1 \u03b5\u03bc\u03c0\u03b5\u03b9\u03c1\u03af\u03b1 \u03b1\u03c4\u03bc\u03af\u03c3\u03bc\u03b1\u03c4\u03bf\u03c2.<\/p>","protected":false},"excerpt":{"rendered":"<p>OXVA Origin SE Pod Kit \u2013 \u00dcbersicht und Funktionen Kompaktheit und Leichtigkeit: Mit einem Gewicht von nur 53 g und einem eingebauten 1400 mAh Akku bietet das Origin SE ein leichtes und tragbares Dampferlebnis f\u00fcr den ganzen Tag. Leistungsstark: Ausgangsleistung von 5 bis 40 W, ideal f\u00fcr verschiedene Dampfbed\u00fcrfnisse. Kompatibilit\u00e4t: Nutzbar mit der bew\u00e4hrten Unicoil-Serie, [&hellip;]<\/p>","protected":false},"featured_media":13463,"template":"","meta":{"inline_featured_image":false},"product_cat":[747,740,734,753,76],"product_tag":[],"tiered_pricing_type":"fixed","tiered_pricing_fixed_rules":[],"tiered_pricing_percentage_rules":[],"tiered_pricing_minimum":1,"_administrator_tiered_pricing_type":"fixed","_administrator_tiered_pricing_fixed_rules":[],"_editor_tiered_pricing_type":"fixed","_editor_tiered_pricing_fixed_rules":[],"_author_tiered_pricing_type":"fixed","_author_tiered_pricing_fixed_rules":[],"_contributor_tiered_pricing_type":"fixed","_contributor_tiered_pricing_fixed_rules":[],"_subscriber_tiered_pricing_type":"fixed","_subscriber_tiered_pricing_fixed_rules":[],"_customer_tiered_pricing_type":"fixed","_customer_tiered_pricing_fixed_rules":[],"_shop_manager_tiered_pricing_type":"fixed","_shop_manager_tiered_pricing_fixed_rules":[],"_wpseo_manager_tiered_pricing_type":"fixed","_wpseo_manager_tiered_pricing_fixed_rules":[],"_wpseo_editor_tiered_pricing_type":"fixed","_wpseo_editor_tiered_pricing_fixed_rules":[],"_wholesale_customer_tiered_pricing_type":"fixed","_wholesale_customer_tiered_pricing_fixed_rules":[],"_marketer_tiered_pricing_type":"fixed","_marketer_tiered_pricing_fixed_rules":[],"_sales_manager_tiered_pricing_type":"fixed","_sales_manager_tiered_pricing_fixed_rules":[],"_sales_rep_tiered_pricing_type":"fixed","_sales_rep_tiered_pricing_fixed_rules":[],"yoast_head":"<!-- This site is optimized with the Yoast SEO plugin v23.3 - https:\/\/yoast.com\/wordpress\/plugins\/seo\/ -->\n<title>OXVA Origin SE Pod Kit 1400 mAh | ElementVape.de<\/title>\n<meta name=\"description\" content=\"Wir bieten OXVA Origin SE Pod Kit 1400 mAh , Elementvape.de akzeptieren Gro\u00df-und Einzelhandel Bestellungen.\" \/>\n<meta name=\"robots\" content=\"index, follow, max-snippet:-1, max-image-preview:large, max-video-preview:-1\" \/>\n<link rel=\"canonical\" href=\"https:\/\/www.elementvape.de\/el\/produkt\/oxva-origin-se-pod-kit-1400-mah\/\" \/>\n<meta property=\"og:locale\" content=\"el_GR\" \/>\n<meta property=\"og:type\" content=\"article\" \/>\n<meta property=\"og:title\" content=\"OXVA Origin SE Pod Kit 1400 mAh | ElementVape.de\" \/>\n<meta property=\"og:description\" content=\"Wir bieten OXVA Origin SE Pod Kit 1400 mAh , Elementvape.de akzeptieren Gro\u00df-und Einzelhandel Bestellungen.\" \/>\n<meta property=\"og:url\" content=\"https:\/\/www.elementvape.de\/el\/produkt\/oxva-origin-se-pod-kit-1400-mah\/\" \/>\n<meta property=\"og:site_name\" content=\"ElementVape.de\" \/>\n<meta property=\"article:modified_time\" content=\"2024-09-12T10:28:42+00:00\" \/>\n<meta property=\"og:image\" content=\"https:\/\/www.elementvape.de\/wp-content\/uploads\/2024\/07\/OXVA-Origin-SE-Kit-_12.webp\" \/>\n\t<meta property=\"og:image:width\" content=\"800\" \/>\n\t<meta property=\"og:image:height\" content=\"800\" \/>\n\t<meta property=\"og:image:type\" content=\"image\/webp\" \/>\n<meta name=\"twitter:card\" content=\"summary_large_image\" \/>\n<meta name=\"twitter:label1\" content=\"Est. reading time\" \/>\n\t<meta name=\"twitter:data1\" content=\"2 \u03bb\u03b5\u03c0\u03c4\u03ac\" \/>\n<script type=\"application\/ld+json\" class=\"yoast-schema-graph\">{\"@context\":\"https:\/\/schema.org\",\"@graph\":[{\"@type\":\"WebPage\",\"@id\":\"https:\/\/www.elementvape.de\/produkt\/oxva-origin-se-pod-kit-1400-mah\/\",\"url\":\"https:\/\/www.elementvape.de\/produkt\/oxva-origin-se-pod-kit-1400-mah\/\",\"name\":\"OXVA Origin SE Pod Kit 1400 mAh | ElementVape.de\",\"isPartOf\":{\"@id\":\"https:\/\/www.elementvape.de\/#website\"},\"primaryImageOfPage\":{\"@id\":\"https:\/\/www.elementvape.de\/produkt\/oxva-origin-se-pod-kit-1400-mah\/#primaryimage\"},\"image\":{\"@id\":\"https:\/\/www.elementvape.de\/produkt\/oxva-origin-se-pod-kit-1400-mah\/#primaryimage\"},\"thumbnailUrl\":\"https:\/\/www.elementvape.de\/wp-content\/uploads\/2024\/07\/OXVA-Origin-SE-Kit-_12.webp\",\"datePublished\":\"2024-07-01T07:13:42+00:00\",\"dateModified\":\"2024-09-12T10:28:42+00:00\",\"description\":\"Wir bieten OXVA Origin SE Pod Kit 1400 mAh , Elementvape.de akzeptieren Gro\u00df-und Einzelhandel Bestellungen.\",\"breadcrumb\":{\"@id\":\"https:\/\/www.elementvape.de\/produkt\/oxva-origin-se-pod-kit-1400-mah\/#breadcrumb\"},\"inLanguage\":\"el\",\"potentialAction\":[{\"@type\":\"ReadAction\",\"target\":[\"https:\/\/www.elementvape.de\/produkt\/oxva-origin-se-pod-kit-1400-mah\/\"]}]},{\"@type\":\"ImageObject\",\"inLanguage\":\"el\",\"@id\":\"https:\/\/www.elementvape.de\/produkt\/oxva-origin-se-pod-kit-1400-mah\/#primaryimage\",\"url\":\"https:\/\/www.elementvape.de\/wp-content\/uploads\/2024\/07\/OXVA-Origin-SE-Kit-_12.webp\",\"contentUrl\":\"https:\/\/www.elementvape.de\/wp-content\/uploads\/2024\/07\/OXVA-Origin-SE-Kit-_12.webp\",\"width\":800,\"height\":800,\"caption\":\"OXVA-Origin-SE-Kit-_12\"},{\"@type\":\"BreadcrumbList\",\"@id\":\"https:\/\/www.elementvape.de\/produkt\/oxva-origin-se-pod-kit-1400-mah\/#breadcrumb\",\"itemListElement\":[{\"@type\":\"ListItem\",\"position\":1,\"name\":\"Home\",\"item\":\"https:\/\/www.elementvape.de\/\"},{\"@type\":\"ListItem\",\"position\":2,\"name\":\"Shop\",\"item\":\"https:\/\/www.elementvape.de\/shop\/\"},{\"@type\":\"ListItem\",\"position\":3,\"name\":\"OXVA Origin SE Pod Kit 1400 mAh\"}]},{\"@type\":\"WebSite\",\"@id\":\"https:\/\/www.elementvape.de\/#website\",\"url\":\"https:\/\/www.elementvape.de\/\",\"name\":\"ElementVape.de\",\"description\":\"\",\"publisher\":{\"@id\":\"https:\/\/www.elementvape.de\/#organization\"},\"potentialAction\":[{\"@type\":\"SearchAction\",\"target\":{\"@type\":\"EntryPoint\",\"urlTemplate\":\"https:\/\/www.elementvape.de\/?s={search_term_string}\"},\"query-input\":\"required name=search_term_string\"}],\"inLanguage\":\"el\"},{\"@type\":\"Organization\",\"@id\":\"https:\/\/www.elementvape.de\/#organization\",\"name\":\"ElementVape.DE\",\"url\":\"https:\/\/www.elementvape.de\/\",\"logo\":{\"@type\":\"ImageObject\",\"inLanguage\":\"el\",\"@id\":\"https:\/\/www.elementvape.de\/#\/schema\/logo\/image\/\",\"url\":\"https:\/\/www.elementvape.de\/wp-content\/uploads\/2024\/09\/cropped-1elementvape-3.png\",\"contentUrl\":\"https:\/\/www.elementvape.de\/wp-content\/uploads\/2024\/09\/cropped-1elementvape-3.png\",\"width\":285,\"height\":228,\"caption\":\"ElementVape.DE\"},\"image\":{\"@id\":\"https:\/\/www.elementvape.de\/#\/schema\/logo\/image\/\"}}]}<\/script>\n<!-- \/ Yoast SEO plugin. -->","yoast_head_json":{"title":"OXVA Origin SE Pod Kit 1400 mAh | ElementVape.de","description":"Wir bieten OXVA Origin SE Pod Kit 1400 mAh , Elementvape.de akzeptieren Gro\u00df-und Einzelhandel Bestellungen.","robots":{"index":"index","follow":"follow","max-snippet":"max-snippet:-1","max-image-preview":"max-image-preview:large","max-video-preview":"max-video-preview:-1"},"canonical":"https:\/\/www.elementvape.de\/el\/produkt\/oxva-origin-se-pod-kit-1400-mah\/","og_locale":"el_GR","og_type":"article","og_title":"OXVA Origin SE Pod Kit 1400 mAh | ElementVape.de","og_description":"Wir bieten OXVA Origin SE Pod Kit 1400 mAh , Elementvape.de akzeptieren Gro\u00df-und Einzelhandel Bestellungen.","og_url":"https:\/\/www.elementvape.de\/el\/produkt\/oxva-origin-se-pod-kit-1400-mah\/","og_site_name":"ElementVape.de","article_modified_time":"2024-09-12T10:28:42+00:00","og_image":[{"width":800,"height":800,"url":"https:\/\/www.elementvape.de\/wp-content\/uploads\/2024\/07\/OXVA-Origin-SE-Kit-_12.webp","type":"image\/webp"}],"twitter_card":"summary_large_image","twitter_misc":{"Est. reading time":"2 \u03bb\u03b5\u03c0\u03c4\u03ac"},"schema":{"@context":"https:\/\/schema.org","@graph":[{"@type":"WebPage","@id":"https:\/\/www.elementvape.de\/produkt\/oxva-origin-se-pod-kit-1400-mah\/","url":"https:\/\/www.elementvape.de\/produkt\/oxva-origin-se-pod-kit-1400-mah\/","name":"OXVA Origin SE Pod Kit 1400 mAh | ElementVape.de","isPartOf":{"@id":"https:\/\/www.elementvape.de\/#website"},"primaryImageOfPage":{"@id":"https:\/\/www.elementvape.de\/produkt\/oxva-origin-se-pod-kit-1400-mah\/#primaryimage"},"image":{"@id":"https:\/\/www.elementvape.de\/produkt\/oxva-origin-se-pod-kit-1400-mah\/#primaryimage"},"thumbnailUrl":"https:\/\/www.elementvape.de\/wp-content\/uploads\/2024\/07\/OXVA-Origin-SE-Kit-_12.webp","datePublished":"2024-07-01T07:13:42+00:00","dateModified":"2024-09-12T10:28:42+00:00","description":"Wir bieten OXVA Origin SE Pod Kit 1400 mAh , Elementvape.de akzeptieren Gro\u00df-und Einzelhandel Bestellungen.","breadcrumb":{"@id":"https:\/\/www.elementvape.de\/produkt\/oxva-origin-se-pod-kit-1400-mah\/#breadcrumb"},"inLanguage":"el","potentialAction":[{"@type":"ReadAction","target":["https:\/\/www.elementvape.de\/produkt\/oxva-origin-se-pod-kit-1400-mah\/"]}]},{"@type":"ImageObject","inLanguage":"el","@id":"https:\/\/www.elementvape.de\/produkt\/oxva-origin-se-pod-kit-1400-mah\/#primaryimage","url":"https:\/\/www.elementvape.de\/wp-content\/uploads\/2024\/07\/OXVA-Origin-SE-Kit-_12.webp","contentUrl":"https:\/\/www.elementvape.de\/wp-content\/uploads\/2024\/07\/OXVA-Origin-SE-Kit-_12.webp","width":800,"height":800,"caption":"OXVA-Origin-SE-Kit-_12"},{"@type":"BreadcrumbList","@id":"https:\/\/www.elementvape.de\/produkt\/oxva-origin-se-pod-kit-1400-mah\/#breadcrumb","itemListElement":[{"@type":"ListItem","position":1,"name":"Home","item":"https:\/\/www.elementvape.de\/"},{"@type":"ListItem","position":2,"name":"Shop","item":"https:\/\/www.elementvape.de\/shop\/"},{"@type":"ListItem","position":3,"name":"OXVA Origin SE Pod Kit 1400 mAh"}]},{"@type":"WebSite","@id":"https:\/\/www.elementvape.de\/#website","url":"https:\/\/www.elementvape.de\/","name":"ElementVape.de","description":"","publisher":{"@id":"https:\/\/www.elementvape.de\/#organization"},"potentialAction":[{"@type":"SearchAction","target":{"@type":"EntryPoint","urlTemplate":"https:\/\/www.elementvape.de\/?s={search_term_string}"},"query-input":"required name=search_term_string"}],"inLanguage":"el"},{"@type":"Organization","@id":"https:\/\/www.elementvape.de\/#organization","name":"ElementVape.DE","url":"https:\/\/www.elementvape.de\/","logo":{"@type":"ImageObject","inLanguage":"el","@id":"https:\/\/www.elementvape.de\/#\/schema\/logo\/image\/","url":"https:\/\/www.elementvape.de\/wp-content\/uploads\/2024\/09\/cropped-1elementvape-3.png","contentUrl":"https:\/\/www.elementvape.de\/wp-content\/uploads\/2024\/09\/cropped-1elementvape-3.png","width":285,"height":228,"caption":"ElementVape.DE"},"image":{"@id":"https:\/\/www.elementvape.de\/#\/schema\/logo\/image\/"}}]}},"_links":{"self":[{"href":"https:\/\/www.elementvape.de\/el\/wp-json\/wp\/v2\/product\/13462"}],"collection":[{"href":"https:\/\/www.elementvape.de\/el\/wp-json\/wp\/v2\/product"}],"about":[{"href":"https:\/\/www.elementvape.de\/el\/wp-json\/wp\/v2\/types\/product"}],"wp:featuredmedia":[{"embeddable":true,"href":"https:\/\/www.elementvape.de\/el\/wp-json\/wp\/v2\/media\/13463"}],"wp:attachment":[{"href":"https:\/\/www.elementvape.de\/el\/wp-json\/wp\/v2\/media?parent=13462"}],"wp:term":[{"taxonomy":"product_cat","embeddable":true,"href":"https:\/\/www.elementvape.de\/el\/wp-json\/wp\/v2\/product_cat?post=13462"},{"taxonomy":"product_tag","embeddable":true,"href":"https:\/\/www.elementvape.de\/el\/wp-json\/wp\/v2\/product_tag?post=13462"}],"curies":[{"name":"wp","href":"https:\/\/api.w.org\/{rel}","templated":true}]}}