{"id":13133,"date":"2024-06-26T02:29:07","date_gmt":"2024-06-26T02:29:07","guid":{"rendered":"https:\/\/www.elementvape.de\/?post_type=product&#038;p=13133"},"modified":"2024-09-12T10:28:51","modified_gmt":"2024-09-12T10:28:51","slug":"uwell-caliburn-koko-pod-system-kit","status":"publish","type":"product","link":"https:\/\/www.elementvape.de\/el\/produkt\/uwell-caliburn-koko-pod-system-kit\/","title":{"rendered":"Cookie \u03b7\u03bb\u03b5\u03ba\u03c4\u03c1\u03bf\u03bd\u03b9\u03ba\u03ac \u03c4\u03c3\u03b9\u03b3\u03ac\u03c1\u03b1 Vape Pens \u03b5\u03c0\u03b1\u03bd\u03b1\u03c6\u03bf\u03c1\u03c4\u03b9\u03b6\u03cc\u03bc\u03b5\u03bd\u03b1 320mAh \u03bc\u03c0\u03b1\u03c4\u03b1\u03c1\u03af\u03b5\u03c2 Kits"},"content":{"rendered":"<h3>UWELL Caliburn KOKO Pod \u03a3\u03cd\u03c3\u03c4\u03b7\u03bc\u03b1-\u03a3\u03b5\u03c4<\/h3>\n<p>\u03a0\u03b1\u03c1\u03ad\u03c7\u03bf\u03c5\u03bc\u03b5 Uwell \u03b7\u03bb\u03b5\u03ba\u03c4\u03c1\u03bf\u03bd\u03b9\u03ba\u03ac \u03c4\u03c3\u03b9\u03b3\u03ac\u03c1\u03b1, \u03c3\u03b5\u03c4 Vape \u03c4\u03b7\u03c2 Uwell \u03ba\u03b1\u03b9 \u03b1\u03be\u03b5\u03c3\u03bf\u03c5\u03ac\u03c1 Vape \u03c5\u03c8\u03b7\u03bb\u03ae\u03c2 \u03c0\u03bf\u03b9\u03cc\u03c4\u03b7\u03c4\u03b1\u03c2. \u0391\u03b3\u03bf\u03c1\u03ac\u03c3\u03c4\u03b5 \u03c4\u03bf UWELL Caliburn KOKO <strong><a href=\"https:\/\/www.elementvape.de\/el\/c\/pod\/\">Pod<\/a><\/strong> \u03a3\u03cd\u03c3\u03c4\u03b7\u03bc\u03b1-\u03a3\u03b5\u03c4 \u03c3\u03b5 \u03ba\u03b1\u03bb\u03cd\u03c4\u03b5\u03c1\u03b5\u03c2 \u03c7\u03bf\u03bd\u03b4\u03c1\u03b9\u03ba\u03ad\u03c2 \u03c4\u03b9\u03bc\u03ad\u03c2.<\/p>\n<h4>\u03a0\u03b5\u03c1\u03b9\u03b3\u03c1\u03b1\u03c6\u03ae \u03c0\u03c1\u03bf\u03ca\u03cc\u03bd\u03c4\u03bf\u03c2:<\/h4>\n<p>\u03a4\u03bf Uwell Caliburn KOKO \u03a3\u03b5\u03c4 \u03b5\u03af\u03bd\u03b1\u03b9 \u03ad\u03bd\u03b1 \u03ba\u03bf\u03bc\u03c8\u03cc \u03ba\u03b1\u03b9 \u03c3\u03c5\u03bc\u03c0\u03b1\u03b3\u03ad\u03c2 \u03c3\u03cd\u03c3\u03c4\u03b7\u03bc\u03b1 Pod \u03bc\u03b5 \u03bc\u03bf\u03bd\u03b1\u03b4\u03b9\u03ba\u03cc \u03c3\u03c7\u03b5\u03b4\u03b9\u03b1\u03c3\u03bc\u03cc \u03c0\u03b5\u03c1\u03b9\u03b2\u03bb\u03ae\u03bc\u03b1\u03c4\u03bf\u03c2. \u039c\u03b5 \u03b9\u03c3\u03c7\u03cd 520 mAh \u03b5\u03bd\u03c3\u03c9\u03bc\u03b1\u03c4\u03c9\u03bc\u03ad\u03bd\u03b7 \u03bc\u03c0\u03b1\u03c4\u03b1\u03c1\u03af\u03b1, \u03c0\u03c1\u03bf\u03c3\u03c6\u03ad\u03c1\u03b5\u03b9 \u03bc\u03ad\u03b3\u03b9\u03c3\u03c4\u03b7 \u03b1\u03c0\u03cc\u03b4\u03bf\u03c3\u03b7 11 W. \u039f \u03ba\u03b1\u03b9\u03bd\u03bf\u03c4\u03cc\u03bc\u03bf\u03c2 \u03c3\u03c7\u03b5\u03b4\u03b9\u03b1\u03c3\u03bc\u03cc\u03c2 \u03b1\u03b5\u03c1\u03b1\u03b3\u03c9\u03b3\u03bf\u03cd \u03b5\u03c0\u03b9\u03c4\u03c1\u03ad\u03c0\u03b5\u03b9 \u03b5\u03cd\u03ba\u03bf\u03bb\u03b7 \u03c7\u03c1\u03ae\u03c3\u03b7 \u03bc\u03ad\u03c3\u03c9 \u03b5\u03b9\u03c3\u03c0\u03bd\u03bf\u03ae\u03c2, \u03ba\u03b1\u03b8\u03b9\u03c3\u03c4\u03ce\u03bd\u03c4\u03b1\u03c2 \u03c4\u03bf \u03b9\u03b4\u03b1\u03bd\u03b9\u03ba\u03cc \u03b3\u03b9\u03b1 \u03b1\u03c1\u03c7\u03ac\u03c1\u03b9\u03bf\u03c5\u03c2. \u0397 \u03ba\u03ac\u03c8\u03bf\u03c5\u03bb\u03b1 Pod \u03ad\u03c7\u03b5\u03b9 \u03c7\u03c9\u03c1\u03b7\u03c4\u03b9\u03ba\u03cc\u03c4\u03b7\u03c4\u03b1 2 ml \u03ba\u03b1\u03b9 \u03b4\u03b9\u03b1\u03b8\u03ad\u03c4\u03b5\u03b9 \u03c3\u03cd\u03c3\u03c4\u03b7\u03bc\u03b1 \u03b5\u03c0\u03b1\u03bd\u03b1\u03c0\u03bb\u03ae\u03c1\u03c9\u03c3\u03b7\u03c2 \u03b1\u03c0\u03cc \u03c0\u03ac\u03bd\u03c9, \u03c0\u03bf\u03c5 \u03b1\u03c0\u03bf\u03c4\u03c1\u03ad\u03c0\u03b5\u03b9 \u03b4\u03b9\u03b1\u03c1\u03c1\u03bf\u03ad\u03c2 \u03c5\u03b3\u03c1\u03bf\u03cd.<\/p>\n<h4>\u03a4\u03b5\u03c7\u03bd\u03b9\u03ba\u03ac \u03a7\u03b1\u03c1\u03b1\u03ba\u03c4\u03b7\u03c1\u03b9\u03c3\u03c4\u03b9\u03ba\u03ac:<\/h4>\n<ul>\n<li><strong>\u039c\u03ad\u03b3\u03b5\u03b8\u03bf\u03c2<\/strong>: 67 mm * 43 mm * 12 mm<\/li>\n<li><strong>\u0392\u03ac\u03c1\u03bf\u03c2<\/strong>: 33 g<\/li>\n<li><strong>\u039c\u03ad\u03b3\u03b9\u03c3\u03c4\u03b7 \u0399\u03c3\u03c7\u03cd\u03c2<\/strong>: 11 W<\/li>\n<li><strong>\u0391\u03bd\u03c4\u03af\u03c3\u03c4\u03b1\u03c3\u03b7 \u0391\u03bd\u03c4\u03af\u03c3\u03c4\u03b1\u03c3\u03b7\u03c2<\/strong>: 1,2 \u03a9<\/li>\n<li><strong>\u03a7\u03c9\u03c1\u03b7\u03c4\u03b9\u03ba\u03cc\u03c4\u03b7\u03c4\u03b1 \u039c\u03c0\u03b1\u03c4\u03b1\u03c1\u03af\u03b1\u03c2<\/strong>: 520 mAh<\/li>\n<li><strong>\u03a7\u03c9\u03c1\u03b7\u03c4\u03b9\u03ba\u03cc\u03c4\u03b7\u03c4\u03b1 \u03c4\u03b7\u03c2 \u03ba\u03ac\u03c8\u03bf\u03c5\u03bb\u03b1\u03c2 Pod<\/strong>: 2 ml<\/li>\n<\/ul>\n<h4>\u03a3\u03b7\u03bc\u03b1\u03bd\u03c4\u03b9\u03ba\u03ad\u03c2 \u03bb\u03b5\u03b9\u03c4\u03bf\u03c5\u03c1\u03b3\u03af\u03b5\u03c2:<\/h4>\n<ol>\n<li><strong>\u039c\u03b7\u03c7\u03b1\u03bd\u03b9\u03c3\u03bc\u03cc\u03c2 \u03b5\u03bd\u03b5\u03c1\u03b3\u03bf\u03c0\u03bf\u03af\u03b7\u03c3\u03b7\u03c2 \u03bc\u03b5 \u03b5\u03b9\u03c3\u03c0\u03bd\u03bf\u03ae<\/strong>: \u0386\u03bd\u03b5\u03c4\u03b7 \u03b1\u03c4\u03bc\u03af\u03c3\u03bc\u03b1\u03c4\u03bf\u03c2 \u03bc\u03ad\u03c3\u03c9 \u03b5\u03b9\u03c3\u03c0\u03bd\u03bf\u03ae\u03c2 \u03c7\u03c9\u03c1\u03af\u03c2 \u03ba\u03bf\u03c5\u03bc\u03c0\u03af.<\/li>\n<li><strong>\u0391\u03bd\u03b1\u03c0\u03bb\u03b7\u03c1\u03ce\u03c3\u03b9\u03bc\u03b7 \u03ba\u03ac\u03c8\u03bf\u03c5\u03bb\u03b1<\/strong>: \u039f\u03b9\u03ba\u03bf\u03bd\u03bf\u03bc\u03b9\u03ba\u03ae \u03ba\u03b1\u03b9 \u03c6\u03b9\u03bb\u03b9\u03ba\u03ae \u03c0\u03c1\u03bf\u03c2 \u03c4\u03bf \u03c0\u03b5\u03c1\u03b9\u03b2\u03ac\u03bb\u03bb\u03bf\u03bd.<\/li>\n<li><strong>\u039c\u03bf\u03bd\u03ac\u03b4\u03b5\u03c2 \u03c0\u03bb\u03ae\u03c1\u03c9\u03c3\u03b7\u03c2 Top-Fill<\/strong>: \u0391\u03c0\u03bb\u03cc \u03ba\u03b1\u03b9 \u03b1\u03c3\u03c6\u03b1\u03bb\u03ad\u03c2 \u03b3\u03ad\u03bc\u03b9\u03c3\u03bc\u03b1 \u03c7\u03c9\u03c1\u03af\u03c2 \u03b4\u03b9\u03b1\u03c1\u03c1\u03bf\u03ad\u03c2.<\/li>\n<li><strong>\u03a3\u03c5\u03bc\u03c0\u03b1\u03b3\u03ad\u03c2 \u03ba\u03b1\u03b9 \u03c6\u03bf\u03c1\u03b7\u03c4\u03cc<\/strong>: \u0399\u03b4\u03b1\u03bd\u03b9\u03ba\u03cc \u03b3\u03b9\u03b1 \u03c7\u03c1\u03ae\u03c3\u03b7 \u03b5\u03bd \u03ba\u03b9\u03bd\u03ae\u03c3\u03b5\u03b9.<\/li>\n<li><strong>\u0386\u03c8\u03bf\u03b3\u03bf\u03c2 \u03c3\u03c7\u03b5\u03b4\u03b9\u03b1\u03c3\u03bc\u03cc\u03c2<\/strong>: \u039c\u03bf\u03bd\u03c4\u03ad\u03c1\u03bd\u03b1 \u03ba\u03b1\u03b9 \u03ba\u03bf\u03bc\u03c8\u03ae \u03b5\u03bc\u03c6\u03ac\u03bd\u03b9\u03c3\u03b7.<\/li>\n<\/ol>\n<h4>\u03a0\u03b5\u03c1\u03b9\u03b5\u03c7\u03cc\u03bc\u03b5\u03bd\u03bf \u03c3\u03c5\u03c3\u03ba\u03b5\u03c5\u03b1\u03c3\u03af\u03b1\u03c2:<\/h4>\n<ul>\n<li>1 \u00d7 \u03a3\u03cd\u03c3\u03c4\u03b7\u03bc\u03b1 Pod CALIBURN KOKO<\/li>\n<li>1 \u00d7 Caliburn KOKO-Pod 1,2 \u03a9 (\u03c0\u03c1\u03bf\u03b5\u03b3\u03ba\u03b1\u03c4\u03b5\u03c3\u03c4\u03b7\u03bc\u03ad\u03bd\u03bf)<\/li>\n<li>1 \u00d7 Micro-USB \u03ba\u03b1\u03bb\u03ce\u03b4\u03b9\u03bf<\/li>\n<li>1 \u00d7 \u039f\u03b4\u03b7\u03b3\u03cc\u03c2 \u03c7\u03c1\u03ae\u03c3\u03c4\u03b7<\/li>\n<li>1 \u00d7 \u039a\u03bf\u03bb\u03b9\u03ad<\/li>\n<\/ul>\n<p>\u039c\u03b5 \u03c4\u03bf\u03bd \u03c3\u03c5\u03bc\u03c0\u03b1\u03b3\u03ae \u03c3\u03c7\u03b5\u03b4\u03b9\u03b1\u03c3\u03bc\u03cc \u03ba\u03b1\u03b9 \u03c4\u03b7\u03bd \u03b5\u03cd\u03ba\u03bf\u03bb\u03b7 \u03c7\u03c1\u03ae\u03c3\u03b7, \u03c4\u03bf Uwell Caliburn KOKO Pod System-Kit \u03b5\u03af\u03bd\u03b1\u03b9 \u03b9\u03b4\u03b1\u03bd\u03b9\u03ba\u03cc \u03c4\u03cc\u03c3\u03bf \u03b3\u03b9\u03b1 \u03b1\u03c1\u03c7\u03ac\u03c1\u03b9\u03bf\u03c5\u03c2 \u03cc\u03c3\u03bf \u03ba\u03b1\u03b9 \u03b3\u03b9\u03b1 \u03ad\u03bc\u03c0\u03b5\u03b9\u03c1\u03bf\u03c5\u03c2 \u03b1\u03c4\u03bc\u03b9\u03c3\u03c4\u03ad\u03c2.<\/p>","protected":false},"excerpt":{"rendered":"<p>UWELL Caliburn KOKO Pod System-Kit Wir liefern Uwell E-Zigaretten, Uwell Vape-Kits und Uwell Vape-Zubeh\u00f6r in h\u00f6chster Qualit\u00e4t.\u00a0 Kaufen Sie das UWELL Caliburn KOKO Pod System-Kit zu den besten Gro\u00dfhandelspreisen. Produktbeschreibung: Das Uwell Caliburn KOKO Kit ist ein elegantes und kompaktes Pod-System mit einem einzigartigen Geh\u00e4usedesign. Angetrieben von einem eingebauten 520-mAh-Akku, bietet es eine maximale Leistung [&hellip;]<\/p>","protected":false},"featured_media":13134,"template":"","meta":{"inline_featured_image":false},"product_cat":[747,740,734,753,76],"product_tag":[],"tiered_pricing_type":"fixed","tiered_pricing_fixed_rules":[],"tiered_pricing_percentage_rules":[],"tiered_pricing_minimum":1,"_administrator_tiered_pricing_type":"fixed","_administrator_tiered_pricing_fixed_rules":[],"_editor_tiered_pricing_type":"fixed","_editor_tiered_pricing_fixed_rules":[],"_author_tiered_pricing_type":"fixed","_author_tiered_pricing_fixed_rules":[],"_contributor_tiered_pricing_type":"fixed","_contributor_tiered_pricing_fixed_rules":[],"_subscriber_tiered_pricing_type":"fixed","_subscriber_tiered_pricing_fixed_rules":[],"_customer_tiered_pricing_type":"fixed","_customer_tiered_pricing_fixed_rules":[],"_shop_manager_tiered_pricing_type":"fixed","_shop_manager_tiered_pricing_fixed_rules":[],"_wpseo_manager_tiered_pricing_type":"fixed","_wpseo_manager_tiered_pricing_fixed_rules":[],"_wpseo_editor_tiered_pricing_type":"fixed","_wpseo_editor_tiered_pricing_fixed_rules":[],"_wholesale_customer_tiered_pricing_type":"fixed","_wholesale_customer_tiered_pricing_fixed_rules":[],"_marketer_tiered_pricing_type":"fixed","_marketer_tiered_pricing_fixed_rules":[],"_sales_manager_tiered_pricing_type":"fixed","_sales_manager_tiered_pricing_fixed_rules":[],"_sales_rep_tiered_pricing_type":"fixed","_sales_rep_tiered_pricing_fixed_rules":[],"yoast_head":"<!-- This site is optimized with the Yoast SEO plugin v23.3 - https:\/\/yoast.com\/wordpress\/plugins\/seo\/ -->\n<title>UWELL Caliburn KOKO Pod System kit | ElementVape.de<\/title>\n<meta name=\"description\" content=\"Wir bieten UWELL Caliburn KOKO Pod System kit , Elementvape.de akzeptieren Gro\u00df-und Einzelhandel Bestellungen.\" \/>\n<meta name=\"robots\" content=\"index, follow, max-snippet:-1, max-image-preview:large, max-video-preview:-1\" \/>\n<link rel=\"canonical\" href=\"https:\/\/www.elementvape.de\/el\/produkt\/uwell-caliburn-koko-pod-system-kit\/\" \/>\n<meta property=\"og:locale\" content=\"el_GR\" \/>\n<meta property=\"og:type\" content=\"article\" \/>\n<meta property=\"og:title\" content=\"UWELL Caliburn KOKO Pod System kit | ElementVape.de\" \/>\n<meta property=\"og:description\" content=\"Wir bieten UWELL Caliburn KOKO Pod System kit , Elementvape.de akzeptieren Gro\u00df-und Einzelhandel Bestellungen.\" \/>\n<meta property=\"og:url\" content=\"https:\/\/www.elementvape.de\/el\/produkt\/uwell-caliburn-koko-pod-system-kit\/\" \/>\n<meta property=\"og:site_name\" content=\"ElementVape.de\" \/>\n<meta property=\"article:modified_time\" content=\"2024-09-12T10:28:51+00:00\" \/>\n<meta property=\"og:image\" content=\"https:\/\/www.elementvape.de\/wp-content\/uploads\/2024\/06\/UWELL-Caliburn-KOKO-Pod-System-kit.webp\" \/>\n\t<meta property=\"og:image:width\" content=\"600\" \/>\n\t<meta property=\"og:image:height\" content=\"600\" \/>\n\t<meta property=\"og:image:type\" content=\"image\/webp\" \/>\n<meta name=\"twitter:card\" content=\"summary_large_image\" \/>\n<meta name=\"twitter:label1\" content=\"Est. reading time\" \/>\n\t<meta name=\"twitter:data1\" content=\"2 \u03bb\u03b5\u03c0\u03c4\u03ac\" \/>\n<script type=\"application\/ld+json\" class=\"yoast-schema-graph\">{\"@context\":\"https:\/\/schema.org\",\"@graph\":[{\"@type\":\"WebPage\",\"@id\":\"https:\/\/www.elementvape.de\/produkt\/uwell-caliburn-koko-pod-system-kit\/\",\"url\":\"https:\/\/www.elementvape.de\/produkt\/uwell-caliburn-koko-pod-system-kit\/\",\"name\":\"UWELL Caliburn KOKO Pod System kit | ElementVape.de\",\"isPartOf\":{\"@id\":\"https:\/\/www.elementvape.de\/#website\"},\"primaryImageOfPage\":{\"@id\":\"https:\/\/www.elementvape.de\/produkt\/uwell-caliburn-koko-pod-system-kit\/#primaryimage\"},\"image\":{\"@id\":\"https:\/\/www.elementvape.de\/produkt\/uwell-caliburn-koko-pod-system-kit\/#primaryimage\"},\"thumbnailUrl\":\"https:\/\/www.elementvape.de\/wp-content\/uploads\/2024\/06\/UWELL-Caliburn-KOKO-Pod-System-kit.webp\",\"datePublished\":\"2024-06-26T02:29:07+00:00\",\"dateModified\":\"2024-09-12T10:28:51+00:00\",\"description\":\"Wir bieten UWELL Caliburn KOKO Pod System kit , Elementvape.de akzeptieren Gro\u00df-und Einzelhandel Bestellungen.\",\"breadcrumb\":{\"@id\":\"https:\/\/www.elementvape.de\/produkt\/uwell-caliburn-koko-pod-system-kit\/#breadcrumb\"},\"inLanguage\":\"el\",\"potentialAction\":[{\"@type\":\"ReadAction\",\"target\":[\"https:\/\/www.elementvape.de\/produkt\/uwell-caliburn-koko-pod-system-kit\/\"]}]},{\"@type\":\"ImageObject\",\"inLanguage\":\"el\",\"@id\":\"https:\/\/www.elementvape.de\/produkt\/uwell-caliburn-koko-pod-system-kit\/#primaryimage\",\"url\":\"https:\/\/www.elementvape.de\/wp-content\/uploads\/2024\/06\/UWELL-Caliburn-KOKO-Pod-System-kit.webp\",\"contentUrl\":\"https:\/\/www.elementvape.de\/wp-content\/uploads\/2024\/06\/UWELL-Caliburn-KOKO-Pod-System-kit.webp\",\"width\":600,\"height\":600,\"caption\":\"UWELL-Caliburn-KOKO-Pod-System-kit\"},{\"@type\":\"BreadcrumbList\",\"@id\":\"https:\/\/www.elementvape.de\/produkt\/uwell-caliburn-koko-pod-system-kit\/#breadcrumb\",\"itemListElement\":[{\"@type\":\"ListItem\",\"position\":1,\"name\":\"Home\",\"item\":\"https:\/\/www.elementvape.de\/\"},{\"@type\":\"ListItem\",\"position\":2,\"name\":\"Shop\",\"item\":\"https:\/\/www.elementvape.de\/shop\/\"},{\"@type\":\"ListItem\",\"position\":3,\"name\":\"UWELL Caliburn KOKO Pod System kit\"}]},{\"@type\":\"WebSite\",\"@id\":\"https:\/\/www.elementvape.de\/#website\",\"url\":\"https:\/\/www.elementvape.de\/\",\"name\":\"ElementVape.de\",\"description\":\"\",\"publisher\":{\"@id\":\"https:\/\/www.elementvape.de\/#organization\"},\"potentialAction\":[{\"@type\":\"SearchAction\",\"target\":{\"@type\":\"EntryPoint\",\"urlTemplate\":\"https:\/\/www.elementvape.de\/?s={search_term_string}\"},\"query-input\":\"required name=search_term_string\"}],\"inLanguage\":\"el\"},{\"@type\":\"Organization\",\"@id\":\"https:\/\/www.elementvape.de\/#organization\",\"name\":\"ElementVape.DE\",\"url\":\"https:\/\/www.elementvape.de\/\",\"logo\":{\"@type\":\"ImageObject\",\"inLanguage\":\"el\",\"@id\":\"https:\/\/www.elementvape.de\/#\/schema\/logo\/image\/\",\"url\":\"https:\/\/www.elementvape.de\/wp-content\/uploads\/2024\/09\/cropped-1elementvape-3.png\",\"contentUrl\":\"https:\/\/www.elementvape.de\/wp-content\/uploads\/2024\/09\/cropped-1elementvape-3.png\",\"width\":285,\"height\":228,\"caption\":\"ElementVape.DE\"},\"image\":{\"@id\":\"https:\/\/www.elementvape.de\/#\/schema\/logo\/image\/\"}}]}<\/script>\n<!-- \/ Yoast SEO plugin. -->","yoast_head_json":{"title":"UWELL Caliburn KOKO Pod System kit | ElementVape.de","description":"Wir bieten UWELL Caliburn KOKO Pod System kit , Elementvape.de akzeptieren Gro\u00df-und Einzelhandel Bestellungen.","robots":{"index":"index","follow":"follow","max-snippet":"max-snippet:-1","max-image-preview":"max-image-preview:large","max-video-preview":"max-video-preview:-1"},"canonical":"https:\/\/www.elementvape.de\/el\/produkt\/uwell-caliburn-koko-pod-system-kit\/","og_locale":"el_GR","og_type":"article","og_title":"UWELL Caliburn KOKO Pod System kit | ElementVape.de","og_description":"Wir bieten UWELL Caliburn KOKO Pod System kit , Elementvape.de akzeptieren Gro\u00df-und Einzelhandel Bestellungen.","og_url":"https:\/\/www.elementvape.de\/el\/produkt\/uwell-caliburn-koko-pod-system-kit\/","og_site_name":"ElementVape.de","article_modified_time":"2024-09-12T10:28:51+00:00","og_image":[{"width":600,"height":600,"url":"https:\/\/www.elementvape.de\/wp-content\/uploads\/2024\/06\/UWELL-Caliburn-KOKO-Pod-System-kit.webp","type":"image\/webp"}],"twitter_card":"summary_large_image","twitter_misc":{"Est. reading time":"2 \u03bb\u03b5\u03c0\u03c4\u03ac"},"schema":{"@context":"https:\/\/schema.org","@graph":[{"@type":"WebPage","@id":"https:\/\/www.elementvape.de\/produkt\/uwell-caliburn-koko-pod-system-kit\/","url":"https:\/\/www.elementvape.de\/produkt\/uwell-caliburn-koko-pod-system-kit\/","name":"UWELL Caliburn KOKO Pod System kit | ElementVape.de","isPartOf":{"@id":"https:\/\/www.elementvape.de\/#website"},"primaryImageOfPage":{"@id":"https:\/\/www.elementvape.de\/produkt\/uwell-caliburn-koko-pod-system-kit\/#primaryimage"},"image":{"@id":"https:\/\/www.elementvape.de\/produkt\/uwell-caliburn-koko-pod-system-kit\/#primaryimage"},"thumbnailUrl":"https:\/\/www.elementvape.de\/wp-content\/uploads\/2024\/06\/UWELL-Caliburn-KOKO-Pod-System-kit.webp","datePublished":"2024-06-26T02:29:07+00:00","dateModified":"2024-09-12T10:28:51+00:00","description":"Wir bieten UWELL Caliburn KOKO Pod System kit , Elementvape.de akzeptieren Gro\u00df-und Einzelhandel Bestellungen.","breadcrumb":{"@id":"https:\/\/www.elementvape.de\/produkt\/uwell-caliburn-koko-pod-system-kit\/#breadcrumb"},"inLanguage":"el","potentialAction":[{"@type":"ReadAction","target":["https:\/\/www.elementvape.de\/produkt\/uwell-caliburn-koko-pod-system-kit\/"]}]},{"@type":"ImageObject","inLanguage":"el","@id":"https:\/\/www.elementvape.de\/produkt\/uwell-caliburn-koko-pod-system-kit\/#primaryimage","url":"https:\/\/www.elementvape.de\/wp-content\/uploads\/2024\/06\/UWELL-Caliburn-KOKO-Pod-System-kit.webp","contentUrl":"https:\/\/www.elementvape.de\/wp-content\/uploads\/2024\/06\/UWELL-Caliburn-KOKO-Pod-System-kit.webp","width":600,"height":600,"caption":"UWELL-Caliburn-KOKO-Pod-System-kit"},{"@type":"BreadcrumbList","@id":"https:\/\/www.elementvape.de\/produkt\/uwell-caliburn-koko-pod-system-kit\/#breadcrumb","itemListElement":[{"@type":"ListItem","position":1,"name":"Home","item":"https:\/\/www.elementvape.de\/"},{"@type":"ListItem","position":2,"name":"Shop","item":"https:\/\/www.elementvape.de\/shop\/"},{"@type":"ListItem","position":3,"name":"UWELL Caliburn KOKO Pod System kit"}]},{"@type":"WebSite","@id":"https:\/\/www.elementvape.de\/#website","url":"https:\/\/www.elementvape.de\/","name":"ElementVape.de","description":"","publisher":{"@id":"https:\/\/www.elementvape.de\/#organization"},"potentialAction":[{"@type":"SearchAction","target":{"@type":"EntryPoint","urlTemplate":"https:\/\/www.elementvape.de\/?s={search_term_string}"},"query-input":"required name=search_term_string"}],"inLanguage":"el"},{"@type":"Organization","@id":"https:\/\/www.elementvape.de\/#organization","name":"ElementVape.DE","url":"https:\/\/www.elementvape.de\/","logo":{"@type":"ImageObject","inLanguage":"el","@id":"https:\/\/www.elementvape.de\/#\/schema\/logo\/image\/","url":"https:\/\/www.elementvape.de\/wp-content\/uploads\/2024\/09\/cropped-1elementvape-3.png","contentUrl":"https:\/\/www.elementvape.de\/wp-content\/uploads\/2024\/09\/cropped-1elementvape-3.png","width":285,"height":228,"caption":"ElementVape.DE"},"image":{"@id":"https:\/\/www.elementvape.de\/#\/schema\/logo\/image\/"}}]}},"_links":{"self":[{"href":"https:\/\/www.elementvape.de\/el\/wp-json\/wp\/v2\/product\/13133"}],"collection":[{"href":"https:\/\/www.elementvape.de\/el\/wp-json\/wp\/v2\/product"}],"about":[{"href":"https:\/\/www.elementvape.de\/el\/wp-json\/wp\/v2\/types\/product"}],"wp:featuredmedia":[{"embeddable":true,"href":"https:\/\/www.elementvape.de\/el\/wp-json\/wp\/v2\/media\/13134"}],"wp:attachment":[{"href":"https:\/\/www.elementvape.de\/el\/wp-json\/wp\/v2\/media?parent=13133"}],"wp:term":[{"taxonomy":"product_cat","embeddable":true,"href":"https:\/\/www.elementvape.de\/el\/wp-json\/wp\/v2\/product_cat?post=13133"},{"taxonomy":"product_tag","embeddable":true,"href":"https:\/\/www.elementvape.de\/el\/wp-json\/wp\/v2\/product_tag?post=13133"}],"curies":[{"name":"wp","href":"https:\/\/api.w.org\/{rel}","templated":true}]}}