{"id":12542,"date":"2024-06-18T09:53:11","date_gmt":"2024-06-18T09:53:11","guid":{"rendered":"https:\/\/www.elementvape.de\/?post_type=product&#038;p=12542"},"modified":"2024-12-12T03:52:21","modified_gmt":"2024-12-12T03:52:21","slug":"horizontech-binaries-sv15000-einweg-e-zigarette-15000-zuege","status":"publish","type":"product","link":"https:\/\/www.elementvape.de\/el\/produkt\/horizontech-binaries-sv15000-einweg-e-zigarette-15000-zuege\/","title":{"rendered":"HorizonTech Binaries SV15000 \u039c\u03b9\u03b1\u03c2 \u03c7\u03c1\u03ae\u03c3\u03b7\u03c2 \u03b7\u03bb\u03b5\u03ba\u03c4\u03c1\u03bf\u03bd\u03b9\u03ba\u03cc \u03c4\u03c3\u03b9\u03b3\u03ac\u03c1\u03bf 15000 \u03c4\u03c1\u03ac\u03b2\u03b7\u03b3\u03bc\u03b1"},"content":{"rendered":"<h2>HorizonTech Binaries SV15000 \u03a0\u03c1\u03bf\u03ca\u03cc\u03bd \u03a0\u03b5\u03c1\u03b9\u03b3\u03c1\u03b1\u03c6\u03ae \u0391\u03c0\u03bf\u03c3\u03c0\u03ce\u03bc\u03b5\u03bd\u03bf Vape<\/h2>\n<p>\u039f <strong>Binaries SV15000 \u0391\u03c0\u03bf\u03c3\u03c0\u03ce\u03bc\u03b5\u03bd\u03bf Vape<\/strong> \u03b5\u03af\u03bd\u03b1\u03b9 \u03b7 \u03b1\u03c0\u03cc\u03bb\u03c5\u03c4\u03b7 \u03b5\u03c0\u03b9\u03bb\u03bf\u03b3\u03ae \u03b3\u03b9\u03b1 \u03bc\u03b9\u03b1 \u03b1\u03c0\u03bb\u03ae \u03ba\u03b1\u03b9 \u03c0\u03c1\u03b1\u03ba\u03c4\u03b9\u03ba\u03ae \u03b5\u03bc\u03c0\u03b5\u03b9\u03c1\u03af\u03b1 \u03b1\u03c4\u03bc\u03af\u03c3\u03bc\u03b1\u03c4\u03bf\u03c2. \u039c\u03b5 \u03c7\u03c9\u03c1\u03b7\u03c4\u03b9\u03ba\u03cc\u03c4\u03b7\u03c4\u03b1 15.000 \u03c4\u03c3\u03b9\u03bc\u03c0\u03ae\u03bc\u03b1\u03c4\u03b1, \u03b1\u03c5\u03c4\u03cc \u03c4\u03bf \u03c0\u03c1\u03bf\u03ca\u03cc\u03bd \u03c0\u03c1\u03bf\u03c3\u03c6\u03ad\u03c1\u03b5\u03b9 \u03bc\u03b1\u03ba\u03c1\u03ac\u03c2 \u03b4\u03b9\u03ac\u03c1\u03ba\u03b5\u03b9\u03b1\u03c2 \u03c7\u03c1\u03ae\u03c3\u03b7 \u03c7\u03c9\u03c1\u03af\u03c2 \u03c3\u03c5\u03c7\u03bd\u03ae \u03b1\u03bd\u03b1\u03c0\u03bb\u03ae\u03c1\u03c9\u03c3\u03b7 \u03ae \u03c6\u03cc\u03c1\u03c4\u03b9\u03c3\u03b7. \u039f \u03bc\u03bf\u03bd\u03b1\u03b4\u03b9\u03ba\u03cc\u03c2 \u03c3\u03c7\u03b5\u03b4\u03b9\u03b1\u03c3\u03bc\u03cc\u03c2 LED \u03b5\u03c0\u03b9\u03c4\u03c1\u03ad\u03c0\u03b5\u03b9 \u03bd\u03b1 \u03c0\u03b1\u03c1\u03b1\u03ba\u03bf\u03bb\u03bf\u03c5\u03b8\u03b5\u03af\u03c4\u03b5 \u03c0\u03ac\u03bd\u03c4\u03b1 \u03c4\u03b7\u03bd \u03ba\u03b1\u03c4\u03b1\u03bd\u03ac\u03bb\u03c9\u03c3\u03b7 E-Liquid \u03ba\u03b1\u03b9 \u03c4\u03b7\u03bd \u03b1\u03c0\u03cc\u03b4\u03bf\u03c3\u03b7 \u03c4\u03b7\u03c2 \u03bc\u03c0\u03b1\u03c4\u03b1\u03c1\u03af\u03b1\u03c2.<\/p>\n<h3>\u0392\u03b1\u03c3\u03b9\u03ba\u03ac \u03c7\u03b1\u03c1\u03b1\u03ba\u03c4\u03b7\u03c1\u03b9\u03c3\u03c4\u03b9\u03ba\u03ac<\/h3>\n<ol>\n<li><strong>\u03a5\u03c8\u03b7\u03bb\u03ae \u03a7\u03c9\u03c1\u03b7\u03c4\u03b9\u03ba\u03cc\u03c4\u03b7\u03c4\u03b1 \u0395\u03b9\u03c3\u03c0\u03bd\u03bf\u03ce\u03bd:<\/strong> \u0388\u03c9\u03c2 15.000 \u03c4\u03c3\u03b9\u03bc\u03c0\u03ae\u03bc\u03b1\u03c4\u03b1 \u03b1\u03bd\u03ac \u03c3\u03c5\u03c3\u03ba\u03b5\u03c5\u03ae<\/li>\n<li><strong>\u039f\u03b8\u03cc\u03bd\u03b7 LED:<\/strong> \u0395\u03bc\u03c6\u03b1\u03bd\u03af\u03b6\u03b5\u03b9 \u03c4\u03b7\u03bd \u03ba\u03b1\u03c4\u03b1\u03bd\u03ac\u03bb\u03c9\u03c3\u03b7 E-Liquid \u03ba\u03b1\u03b9 \u03bc\u03c0\u03b1\u03c4\u03b1\u03c1\u03af\u03b1\u03c2<\/li>\n<li><strong>\u0394\u03b9\u03c0\u03bb\u03bf\u03af Mesh \u03a0\u03b7\u03bd\u03af\u03b4\u03b5\u03c2:<\/strong> \u0395\u03bd\u03b1\u03bb\u03bb\u03b1\u03c3\u03c3\u03cc\u03bc\u03b5\u03bd\u03b5\u03c2 Mesh \u03c0\u03b7\u03bd\u03af\u03b4\u03b5\u03c2 \u03bc\u03b5 \u03b1\u03bd\u03c4\u03af\u03c3\u03c4\u03b1\u03c3\u03b7 1,0 Ohm \u03c0\u03c1\u03bf\u03c3\u03c6\u03ad\u03c1\u03bf\u03c5\u03bd \u03b4\u03c5\u03bd\u03b1\u03bc\u03b9\u03ba\u03ae \u03b1\u03c0\u03cc\u03b4\u03bf\u03c3\u03b7 \u03ba\u03b1\u03b9 \u03bc\u03b5\u03b9\u03ce\u03bd\u03bf\u03c5\u03bd \u03c4\u03b7 \u03c6\u03b8\u03bf\u03c1\u03ac \u03c4\u03bf\u03c5 \u03c0\u03c5\u03c1\u03ae\u03bd\u03b1 \u03c8\u03b5\u03ba\u03b1\u03c3\u03bc\u03bf\u03cd<\/li>\n<li><strong>\u03a1\u03c5\u03b8\u03bc\u03b9\u03b6\u03cc\u03bc\u03b5\u03bd\u03b7 \u03c1\u03bf\u03ae \u03b1\u03ad\u03c1\u03b1:<\/strong> \u03a0\u03c1\u03bf\u03c3\u03c6\u03ad\u03c1\u03b5\u03b9 \u03b5\u03c5\u03b5\u03bb\u03b9\u03be\u03af\u03b1 \u03c3\u03c4\u03b7\u03bd \u03c0\u03c1\u03bf\u03c3\u03c9\u03c0\u03bf\u03c0\u03bf\u03af\u03b7\u03c3\u03b7 \u03c4\u03b7\u03c2 \u03b5\u03bc\u03c0\u03b5\u03b9\u03c1\u03af\u03b1\u03c2 \u03b1\u03c4\u03bc\u03af\u03c3\u03bc\u03b1\u03c4\u03bf\u03c2<\/li>\n<li><strong>\u039c\u03b5\u03b3\u03ac\u03bb\u03b7 \u03a7\u03c9\u03c1\u03b7\u03c4\u03b9\u03ba\u03cc\u03c4\u03b7\u03c4\u03b1 \u03a5\u03b3\u03c1\u03bf\u03cd:<\/strong> 20 ml \u03c0\u03c1\u03bf\u03b3\u03b5\u03bc\u03b9\u03c3\u03bc\u03ad\u03bd\u03bf E-\u03c5\u03b3\u03c1\u03cc<\/li>\n<li><strong>\u03a0\u03c5\u03ba\u03bd\u03cc\u03c4\u03b7\u03c4\u03b1 \u039d\u03b9\u03ba\u03bf\u03c4\u03af\u03bd\u03b7\u03c2:<\/strong> 5 % (50 mg\/ml) \u03b3\u03b9\u03b1 \u03ad\u03bd\u03c4\u03bf\u03bd\u03b7 \u03b5\u03bc\u03c0\u03b5\u03b9\u03c1\u03af\u03b1 \u03b1\u03c4\u03bc\u03af\u03c3\u03bc\u03b1\u03c4\u03bf\u03c2<\/li>\n<li><strong>\u0393\u03c1\u03ae\u03b3\u03bf\u03c1\u03b7 \u03c6\u03cc\u03c1\u03c4\u03b9\u03c3\u03b7:<\/strong> \u0395\u03c3\u03c9\u03c4\u03b5\u03c1\u03b9\u03ba\u03ae \u03bc\u03c0\u03b1\u03c4\u03b1\u03c1\u03af\u03b1 600 mAh, \u03b5\u03c0\u03b1\u03bd\u03b1\u03c6\u03bf\u03c1\u03c4\u03b9\u03b6\u03cc\u03bc\u03b5\u03bd\u03b7 \u03bc\u03ad\u03c3\u03c9 \u03b8\u03cd\u03c1\u03b1\u03c2 Type-C<\/li>\n<li><strong>\u0391\u03bd\u03b8\u03b5\u03ba\u03c4\u03b9\u03ba\u03ae \u03ba\u03b1\u03c4\u03b1\u03c3\u03ba\u03b5\u03c5\u03ae:<\/strong> \u039a\u03ad\u03bb\u03c5\u03c6\u03bf\u03c2 \u03b1\u03c0\u03cc PCTG \u03ba\u03b1\u03b9 \u03ba\u03c1\u03ac\u03bc\u03b1 \u03b1\u03bb\u03bf\u03c5\u03bc\u03b9\u03bd\u03af\u03bf\u03c5<\/li>\n<\/ol>\n<h3>\u03a6\u03c5\u03c3\u03b9\u03ba\u03ad\u03c2 \u03c0\u03b1\u03c1\u03ac\u03bc\u03b5\u03c4\u03c1\u03bf\u03b9<\/h3>\n<ul>\n<li><strong>\u0391\u03c1\u03b9\u03b8\u03bc\u03cc\u03c2 \u03c4\u03c3\u03b9\u03bc\u03c0\u03b7\u03bc\u03ac\u03c4\u03c9\u03bd:<\/strong> 15.000 \u03b5\u03b9\u03c3\u03c0\u03bd\u03bf\u03ad\u03c2<\/li>\n<li><strong>\u039c\u03ad\u03c4\u03c1\u03b1:<\/strong> 53 x 25 x 90,8 mm<\/li>\n<li><strong>\u03a7\u03c9\u03c1\u03b7\u03c4\u03b9\u03ba\u03cc\u03c4\u03b7\u03c4\u03b1 \u03bc\u03c0\u03b1\u03c4\u03b1\u03c1\u03af\u03b1\u03c2:<\/strong> 600 mAh<\/li>\n<li><strong>\u03a7\u03c9\u03c1\u03b7\u03c4\u03b9\u03ba\u03cc\u03c4\u03b7\u03c4\u03b1:<\/strong> 20 ml<\/li>\n<li><strong>\u03a0\u03c5\u03ba\u03bd\u03cc\u03c4\u03b7\u03c4\u03b1 \u039d\u03b9\u03ba\u03bf\u03c4\u03af\u03bd\u03b7\u03c2:<\/strong> 5 % (50 mg\/ml)<\/li>\n<li><strong>\u03a5\u03bb\u03b9\u03ba\u03ac \u03c0\u03b5\u03c1\u03b9\u03b2\u03bb\u03ae\u03bc\u03b1\u03c4\u03bf\u03c2:<\/strong> PCTG, \u03ba\u03c1\u03ac\u03bc\u03b1 \u03b1\u03bb\u03bf\u03c5\u03bc\u03b9\u03bd\u03af\u03bf\u03c5<\/li>\n<li><strong>\u03a4\u03ac\u03c3\u03b7 \u03bc\u03c0\u03b1\u03c4\u03b1\u03c1\u03af\u03b1\u03c2:<\/strong> 3,3\u20134,2 V<\/li>\n<li><strong>\u0388\u03be\u03bf\u03b4\u03bf\u03c2 \u03c4\u03ac\u03c3\u03b7\u03c2:<\/strong> 3,5\u20133,6 V<\/li>\n<li><strong>\u0395\u03cd\u03c1\u03bf\u03c2 \u03b9\u03c3\u03c7\u03cd\u03bf\u03c2:<\/strong> \u0388\u03c9\u03c2 15 W<\/li>\n<li><strong>\u039a\u03b1\u03c1\u03b4\u03b9\u03ac \u03b5\u03be\u03b1\u03c4\u03bc\u03b9\u03c3\u03c4\u03ae\u03c1\u03b1:<\/strong> \u0395\u03bd\u03b1\u03bb\u03bb\u03b1\u03c3\u03c3\u03cc\u03bc\u03b5\u03bd\u03b5\u03c2 \u03b4\u03b9\u03c0\u03bb\u03ad\u03c2 \u03c0\u03b7\u03bd\u03af\u03b5\u03c2 \u03b4\u03b9\u03ba\u03c4\u03cd\u03bf\u03c5 1,0 Ohm<\/li>\n<\/ul>\n<h3>\u0393\u03b5\u03cd\u03c3\u03b5\u03b9\u03c2<\/h3>\n<ul>\n<li>\u03a0\u03ac\u03b3\u03bf\u03c2 \u03bc\u03ad\u03bd\u03c4\u03b1\u03c2<\/li>\n<li>\u03a4\u03c1\u03af\u03b1 \u03bc\u03bf\u03cd\u03c1\u03b1<\/li>\n<li>\u03a0\u03ac\u03b3\u03bf\u03c2 Blue Razz<\/li>\n<li>\u03a6\u03c1\u03ac\u03bf\u03c5\u03bb\u03b1<\/li>\n<li>\u03a0\u03ac\u03b3\u03bf\u03c2 \u03bc\u03c0\u03b1\u03bd\u03ac\u03bd\u03b1\u03c2<\/li>\n<li>\u03a0\u03ac\u03b3\u03bf\u03c2 \u03ba\u03b1\u03c1\u03c0\u03bf\u03cd\u03b6\u03b9<\/li>\n<li>\u03a0\u03b1\u03b3\u03c9\u03c4\u03cc \u03ba\u03b5\u03c1\u03ac\u03c3\u03b9-\u03ba\u03cc\u03ba\u03b1-\u03c0\u03b1\u03b3\u03c9\u03c4\u03cc<\/li>\n<li>\u03a0\u03ac\u03b3\u03bf\u03c2 \u03c1\u03bf\u03b4\u03ac\u03ba\u03b9\u03bd\u03bf-\u03bc\u03ac\u03bd\u03b3\u03ba\u03bf<\/li>\n<li>\u039a\u03af\u03c4\u03c1\u03b9\u03bd\u03bf<\/li>\n<li>\u03a0\u03ac\u03b3\u03bf\u03c2 \u03c6\u03c1\u03ac\u03bf\u03c5\u03bb\u03b1\u03c2<\/li>\n<li>\u03a0\u03ac\u03b3\u03bf\u03c2 Blue Razz<\/li>\n<li>\u03a0\u03ac\u03b3\u03bf\u03c2 \u03ba\u03b5\u03c1\u03ac\u03c3\u03b9<\/li>\n<li>\u03a0\u03bf\u03c1\u03c4\u03bf\u03ba\u03b1\u03bb\u03af<\/li>\n<li>\u039b\u03b5\u03bc\u03bf\u03bd\u03ac\u03b4\u03b1 \u03bc\u03b5 \u03bb\u03ac\u03b9\u03bc<\/li>\n<\/ul>\n<h3>\u039b\u03af\u03c3\u03c4\u03b1 \u03c3\u03c5\u03c3\u03ba\u03b5\u03c5\u03b1\u03c3\u03af\u03b1\u03c2<\/h3>\n<ul>\n<li>1 x HorizonTech Binaries SV15000 \u03bc\u03b9\u03b1\u03c2 \u03c7\u03c1\u03ae\u03c3\u03b7\u03c2 Vape, 15000 \u03c4\u03c3\u03b9\u03bc\u03c0\u03ae\u03bc\u03b1\u03c4\u03b1<\/li>\n<\/ul>\n<h3>\u03a0\u03b5\u03c1\u03af\u03bb\u03b7\u03c8\u03b7<\/h3>\n<p>\u039f <strong>HorizonTech Binaries SV15000 Disposable Vape<\/strong> \u03c0\u03c1\u03bf\u03c3\u03c6\u03ad\u03c1\u03b5\u03b9 \u03bc\u03b9\u03b1 \u03b5\u03be\u03b1\u03b9\u03c1\u03b5\u03c4\u03b9\u03ba\u03ae \u03b5\u03bc\u03c0\u03b5\u03b9\u03c1\u03af\u03b1 \u03b1\u03c4\u03bc\u03af\u03c3\u03bc\u03b1\u03c4\u03bf\u03c2 \u03bc\u03b5 \u03bc\u03b9\u03b1 \u03bc\u03b5\u03b3\u03ac\u03bb\u03b7 \u03c0\u03bf\u03b9\u03ba\u03b9\u03bb\u03af\u03b1 \u03b3\u03b5\u03cd\u03c3\u03b5\u03c9\u03bd, \u03c4\u03b5\u03c1\u03ac\u03c3\u03c4\u03b9\u03b1 \u03c7\u03c9\u03c1\u03b7\u03c4\u03b9\u03ba\u03cc\u03c4\u03b7\u03c4\u03b1 \u03b5\u03b9\u03c3\u03c0\u03bd\u03bf\u03ae\u03c2 \u03ba\u03b1\u03b9 \u03c6\u03b9\u03bb\u03b9\u03ba\u03ad\u03c2 \u03c0\u03c1\u03bf\u03c2 \u03c4\u03bf\u03bd \u03c7\u03c1\u03ae\u03c3\u03c4\u03b7 \u03bb\u03b5\u03b9\u03c4\u03bf\u03c5\u03c1\u03b3\u03af\u03b5\u03c2 \u03cc\u03c0\u03c9\u03c2 \u03b7 \u03bf\u03b8\u03cc\u03bd\u03b7 LED \u03ba\u03b1\u03b9 \u03b7 \u03c1\u03c5\u03b8\u03bc\u03b9\u03b6\u03cc\u03bc\u03b5\u03bd\u03b7 \u03c1\u03bf\u03ae \u03b1\u03ad\u03c1\u03b1. \u0399\u03b4\u03b1\u03bd\u03b9\u03ba\u03cc \u03b3\u03b9\u03b1 \u03b1\u03c4\u03bc\u03b9\u03c3\u03c4\u03ad\u03c2 \u03c0\u03bf\u03c5 \u03b1\u03bd\u03b1\u03b6\u03b7\u03c4\u03bf\u03cd\u03bd \u03bc\u03b9\u03b1 \u03bc\u03b1\u03ba\u03c1\u03bf\u03c0\u03c1\u03cc\u03b8\u03b5\u03c3\u03bc\u03b7, \u03b1\u03c0\u03bb\u03ae \u03ba\u03b1\u03b9 \u03b5\u03c5\u03c7\u03ac\u03c1\u03b9\u03c3\u03c4\u03b7 \u03bb\u03cd\u03c3\u03b7 \u03b1\u03c4\u03bc\u03af\u03c3\u03bc\u03b1\u03c4\u03bf\u03c2.<\/p>","protected":false},"excerpt":{"rendered":"<p>HorizonTech Binaries SV15000 Disposable Vape Produktbeschreibung Der Binaries SV15000 Disposable Vape ist die ultimative Wahl f\u00fcr ein einfaches und praktisches Dampferlebnis. Mit einer enormen Kapazit\u00e4t von 15.000 Z\u00fcgen bietet dieses Ger\u00e4t eine langanhaltende Nutzung ohne h\u00e4ufiges Nachf\u00fcllen oder Aufladen. Das einzigartige LED-Anzeigedesign erm\u00f6glicht es Ihnen, den Verbrauch von E-Liquid und Batterieleistung stets im Blick zu [&hellip;]<\/p>","protected":false},"featured_media":12553,"template":"","meta":{"inline_featured_image":false},"product_cat":[78,754,745,742,748,744,755,738,751],"product_tag":[674],"tiered_pricing_type":"fixed","tiered_pricing_fixed_rules":[],"tiered_pricing_percentage_rules":[],"tiered_pricing_minimum":1,"_administrator_tiered_pricing_type":"fixed","_administrator_tiered_pricing_fixed_rules":[],"_editor_tiered_pricing_type":"fixed","_editor_tiered_pricing_fixed_rules":[],"_author_tiered_pricing_type":"fixed","_author_tiered_pricing_fixed_rules":[],"_contributor_tiered_pricing_type":"fixed","_contributor_tiered_pricing_fixed_rules":[],"_subscriber_tiered_pricing_type":"fixed","_subscriber_tiered_pricing_fixed_rules":[],"_customer_tiered_pricing_type":"fixed","_customer_tiered_pricing_fixed_rules":[],"_shop_manager_tiered_pricing_type":"fixed","_shop_manager_tiered_pricing_fixed_rules":[],"_wpseo_manager_tiered_pricing_type":"fixed","_wpseo_manager_tiered_pricing_fixed_rules":[],"_wpseo_editor_tiered_pricing_type":"fixed","_wpseo_editor_tiered_pricing_fixed_rules":[],"_wholesale_customer_tiered_pricing_type":"fixed","_wholesale_customer_tiered_pricing_fixed_rules":[],"_marketer_tiered_pricing_type":"fixed","_marketer_tiered_pricing_fixed_rules":[],"_sales_manager_tiered_pricing_type":"fixed","_sales_manager_tiered_pricing_fixed_rules":[],"_sales_rep_tiered_pricing_type":"fixed","_sales_rep_tiered_pricing_fixed_rules":[],"yoast_head":"<!-- This site is optimized with the Yoast SEO plugin v23.3 - https:\/\/yoast.com\/wordpress\/plugins\/seo\/ -->\n<title>HorizonTech Binaries SV15000 Einweg-E-Zigarette 15000 Z\u00fcge | ElementVape.de<\/title>\n<meta name=\"description\" content=\"Wir bieten HorizonTech Binaries SV15000 Einweg-E-Zigarette 15000 Z\u00fcge , Elementvape.de akzeptieren Gro\u00df-und Einzelhandel Bestellungen.\" \/>\n<meta name=\"robots\" content=\"index, follow, max-snippet:-1, max-image-preview:large, max-video-preview:-1\" \/>\n<link rel=\"canonical\" href=\"https:\/\/www.elementvape.de\/el\/produkt\/horizontech-binaries-sv15000-einweg-e-zigarette-15000-zuege\/\" \/>\n<meta property=\"og:locale\" content=\"el_GR\" \/>\n<meta property=\"og:type\" content=\"article\" \/>\n<meta property=\"og:title\" content=\"HorizonTech Binaries SV15000 Einweg-E-Zigarette 15000 Z\u00fcge | ElementVape.de\" \/>\n<meta property=\"og:description\" content=\"Wir bieten HorizonTech Binaries SV15000 Einweg-E-Zigarette 15000 Z\u00fcge , Elementvape.de akzeptieren Gro\u00df-und Einzelhandel Bestellungen.\" \/>\n<meta property=\"og:url\" content=\"https:\/\/www.elementvape.de\/el\/produkt\/horizontech-binaries-sv15000-einweg-e-zigarette-15000-zuege\/\" \/>\n<meta property=\"og:site_name\" content=\"ElementVape.de\" \/>\n<meta property=\"article:modified_time\" content=\"2024-12-12T03:52:21+00:00\" \/>\n<meta property=\"og:image\" content=\"https:\/\/www.elementvape.de\/wp-content\/uploads\/2024\/06\/HorizonTechBinariesSV15000-Blue-Raze-Cherry-Ice.webp\" \/>\n\t<meta property=\"og:image:width\" content=\"800\" \/>\n\t<meta property=\"og:image:height\" content=\"800\" \/>\n\t<meta property=\"og:image:type\" content=\"image\/webp\" \/>\n<meta name=\"twitter:card\" content=\"summary_large_image\" \/>\n<meta name=\"twitter:label1\" content=\"Est. reading time\" \/>\n\t<meta name=\"twitter:data1\" content=\"2 \u03bb\u03b5\u03c0\u03c4\u03ac\" \/>\n<script type=\"application\/ld+json\" class=\"yoast-schema-graph\">{\"@context\":\"https:\/\/schema.org\",\"@graph\":[{\"@type\":\"WebPage\",\"@id\":\"https:\/\/www.elementvape.de\/fr\/produkt\/horizontech-binaries-sv15000-einweg-e-zigarette-15000-zuege\/\",\"url\":\"https:\/\/www.elementvape.de\/fr\/produkt\/horizontech-binaries-sv15000-einweg-e-zigarette-15000-zuege\/\",\"name\":\"HorizonTech Binaries SV15000 Einweg-E-Zigarette 15000 Z\u00fcge | ElementVape.de\",\"isPartOf\":{\"@id\":\"https:\/\/www.elementvape.de\/#website\"},\"primaryImageOfPage\":{\"@id\":\"https:\/\/www.elementvape.de\/fr\/produkt\/horizontech-binaries-sv15000-einweg-e-zigarette-15000-zuege\/#primaryimage\"},\"image\":{\"@id\":\"https:\/\/www.elementvape.de\/fr\/produkt\/horizontech-binaries-sv15000-einweg-e-zigarette-15000-zuege\/#primaryimage\"},\"thumbnailUrl\":\"https:\/\/www.elementvape.de\/wp-content\/uploads\/2024\/06\/HorizonTechBinariesSV15000-Blue-Raze-Cherry-Ice.webp\",\"datePublished\":\"2024-06-18T09:53:11+00:00\",\"dateModified\":\"2024-12-12T03:52:21+00:00\",\"description\":\"Wir bieten HorizonTech Binaries SV15000 Einweg-E-Zigarette 15000 Z\u00fcge , Elementvape.de akzeptieren Gro\u00df-und Einzelhandel Bestellungen.\",\"breadcrumb\":{\"@id\":\"https:\/\/www.elementvape.de\/fr\/produkt\/horizontech-binaries-sv15000-einweg-e-zigarette-15000-zuege\/#breadcrumb\"},\"inLanguage\":\"el\",\"potentialAction\":[{\"@type\":\"ReadAction\",\"target\":[\"https:\/\/www.elementvape.de\/fr\/produkt\/horizontech-binaries-sv15000-einweg-e-zigarette-15000-zuege\/\"]}]},{\"@type\":\"ImageObject\",\"inLanguage\":\"el\",\"@id\":\"https:\/\/www.elementvape.de\/fr\/produkt\/horizontech-binaries-sv15000-einweg-e-zigarette-15000-zuege\/#primaryimage\",\"url\":\"https:\/\/www.elementvape.de\/wp-content\/uploads\/2024\/06\/HorizonTechBinariesSV15000-Blue-Raze-Cherry-Ice.webp\",\"contentUrl\":\"https:\/\/www.elementvape.de\/wp-content\/uploads\/2024\/06\/HorizonTechBinariesSV15000-Blue-Raze-Cherry-Ice.webp\",\"width\":800,\"height\":800,\"caption\":\"HorizonTechBinariesSV15000-Blue-Raze-Cherry-Ice\"},{\"@type\":\"BreadcrumbList\",\"@id\":\"https:\/\/www.elementvape.de\/fr\/produkt\/horizontech-binaries-sv15000-einweg-e-zigarette-15000-zuege\/#breadcrumb\",\"itemListElement\":[{\"@type\":\"ListItem\",\"position\":1,\"name\":\"Home\",\"item\":\"https:\/\/www.elementvape.de\/\"},{\"@type\":\"ListItem\",\"position\":2,\"name\":\"Shop\",\"item\":\"https:\/\/www.elementvape.de\/shop\/\"},{\"@type\":\"ListItem\",\"position\":3,\"name\":\"HorizonTech Binaries SV15000 Einweg-E-Zigarette 15000 Z\u00fcge\"}]},{\"@type\":\"WebSite\",\"@id\":\"https:\/\/www.elementvape.de\/#website\",\"url\":\"https:\/\/www.elementvape.de\/\",\"name\":\"ElementVape.de\",\"description\":\"\",\"publisher\":{\"@id\":\"https:\/\/www.elementvape.de\/#organization\"},\"potentialAction\":[{\"@type\":\"SearchAction\",\"target\":{\"@type\":\"EntryPoint\",\"urlTemplate\":\"https:\/\/www.elementvape.de\/?s={search_term_string}\"},\"query-input\":\"required name=search_term_string\"}],\"inLanguage\":\"el\"},{\"@type\":\"Organization\",\"@id\":\"https:\/\/www.elementvape.de\/#organization\",\"name\":\"ElementVape.DE\",\"url\":\"https:\/\/www.elementvape.de\/\",\"logo\":{\"@type\":\"ImageObject\",\"inLanguage\":\"el\",\"@id\":\"https:\/\/www.elementvape.de\/#\/schema\/logo\/image\/\",\"url\":\"https:\/\/www.elementvape.de\/wp-content\/uploads\/2024\/09\/cropped-1elementvape-3.png\",\"contentUrl\":\"https:\/\/www.elementvape.de\/wp-content\/uploads\/2024\/09\/cropped-1elementvape-3.png\",\"width\":285,\"height\":228,\"caption\":\"ElementVape.DE\"},\"image\":{\"@id\":\"https:\/\/www.elementvape.de\/#\/schema\/logo\/image\/\"}}]}<\/script>\n<!-- \/ Yoast SEO plugin. -->","yoast_head_json":{"title":"HorizonTech Binaries SV15000 Einweg-E-Zigarette 15000 Z\u00fcge | ElementVape.de","description":"Wir bieten HorizonTech Binaries SV15000 Einweg-E-Zigarette 15000 Z\u00fcge , Elementvape.de akzeptieren Gro\u00df-und Einzelhandel Bestellungen.","robots":{"index":"index","follow":"follow","max-snippet":"max-snippet:-1","max-image-preview":"max-image-preview:large","max-video-preview":"max-video-preview:-1"},"canonical":"https:\/\/www.elementvape.de\/el\/produkt\/horizontech-binaries-sv15000-einweg-e-zigarette-15000-zuege\/","og_locale":"el_GR","og_type":"article","og_title":"HorizonTech Binaries SV15000 Einweg-E-Zigarette 15000 Z\u00fcge | ElementVape.de","og_description":"Wir bieten HorizonTech Binaries SV15000 Einweg-E-Zigarette 15000 Z\u00fcge , Elementvape.de akzeptieren Gro\u00df-und Einzelhandel Bestellungen.","og_url":"https:\/\/www.elementvape.de\/el\/produkt\/horizontech-binaries-sv15000-einweg-e-zigarette-15000-zuege\/","og_site_name":"ElementVape.de","article_modified_time":"2024-12-12T03:52:21+00:00","og_image":[{"width":800,"height":800,"url":"https:\/\/www.elementvape.de\/wp-content\/uploads\/2024\/06\/HorizonTechBinariesSV15000-Blue-Raze-Cherry-Ice.webp","type":"image\/webp"}],"twitter_card":"summary_large_image","twitter_misc":{"Est. reading time":"2 \u03bb\u03b5\u03c0\u03c4\u03ac"},"schema":{"@context":"https:\/\/schema.org","@graph":[{"@type":"WebPage","@id":"https:\/\/www.elementvape.de\/fr\/produkt\/horizontech-binaries-sv15000-einweg-e-zigarette-15000-zuege\/","url":"https:\/\/www.elementvape.de\/fr\/produkt\/horizontech-binaries-sv15000-einweg-e-zigarette-15000-zuege\/","name":"HorizonTech Binaries SV15000 Einweg-E-Zigarette 15000 Z\u00fcge | ElementVape.de","isPartOf":{"@id":"https:\/\/www.elementvape.de\/#website"},"primaryImageOfPage":{"@id":"https:\/\/www.elementvape.de\/fr\/produkt\/horizontech-binaries-sv15000-einweg-e-zigarette-15000-zuege\/#primaryimage"},"image":{"@id":"https:\/\/www.elementvape.de\/fr\/produkt\/horizontech-binaries-sv15000-einweg-e-zigarette-15000-zuege\/#primaryimage"},"thumbnailUrl":"https:\/\/www.elementvape.de\/wp-content\/uploads\/2024\/06\/HorizonTechBinariesSV15000-Blue-Raze-Cherry-Ice.webp","datePublished":"2024-06-18T09:53:11+00:00","dateModified":"2024-12-12T03:52:21+00:00","description":"Wir bieten HorizonTech Binaries SV15000 Einweg-E-Zigarette 15000 Z\u00fcge , Elementvape.de akzeptieren Gro\u00df-und Einzelhandel Bestellungen.","breadcrumb":{"@id":"https:\/\/www.elementvape.de\/fr\/produkt\/horizontech-binaries-sv15000-einweg-e-zigarette-15000-zuege\/#breadcrumb"},"inLanguage":"el","potentialAction":[{"@type":"ReadAction","target":["https:\/\/www.elementvape.de\/fr\/produkt\/horizontech-binaries-sv15000-einweg-e-zigarette-15000-zuege\/"]}]},{"@type":"ImageObject","inLanguage":"el","@id":"https:\/\/www.elementvape.de\/fr\/produkt\/horizontech-binaries-sv15000-einweg-e-zigarette-15000-zuege\/#primaryimage","url":"https:\/\/www.elementvape.de\/wp-content\/uploads\/2024\/06\/HorizonTechBinariesSV15000-Blue-Raze-Cherry-Ice.webp","contentUrl":"https:\/\/www.elementvape.de\/wp-content\/uploads\/2024\/06\/HorizonTechBinariesSV15000-Blue-Raze-Cherry-Ice.webp","width":800,"height":800,"caption":"HorizonTechBinariesSV15000-Blue-Raze-Cherry-Ice"},{"@type":"BreadcrumbList","@id":"https:\/\/www.elementvape.de\/fr\/produkt\/horizontech-binaries-sv15000-einweg-e-zigarette-15000-zuege\/#breadcrumb","itemListElement":[{"@type":"ListItem","position":1,"name":"Home","item":"https:\/\/www.elementvape.de\/"},{"@type":"ListItem","position":2,"name":"Shop","item":"https:\/\/www.elementvape.de\/shop\/"},{"@type":"ListItem","position":3,"name":"HorizonTech Binaries SV15000 Einweg-E-Zigarette 15000 Z\u00fcge"}]},{"@type":"WebSite","@id":"https:\/\/www.elementvape.de\/#website","url":"https:\/\/www.elementvape.de\/","name":"ElementVape.de","description":"","publisher":{"@id":"https:\/\/www.elementvape.de\/#organization"},"potentialAction":[{"@type":"SearchAction","target":{"@type":"EntryPoint","urlTemplate":"https:\/\/www.elementvape.de\/?s={search_term_string}"},"query-input":"required name=search_term_string"}],"inLanguage":"el"},{"@type":"Organization","@id":"https:\/\/www.elementvape.de\/#organization","name":"ElementVape.DE","url":"https:\/\/www.elementvape.de\/","logo":{"@type":"ImageObject","inLanguage":"el","@id":"https:\/\/www.elementvape.de\/#\/schema\/logo\/image\/","url":"https:\/\/www.elementvape.de\/wp-content\/uploads\/2024\/09\/cropped-1elementvape-3.png","contentUrl":"https:\/\/www.elementvape.de\/wp-content\/uploads\/2024\/09\/cropped-1elementvape-3.png","width":285,"height":228,"caption":"ElementVape.DE"},"image":{"@id":"https:\/\/www.elementvape.de\/#\/schema\/logo\/image\/"}}]}},"_links":{"self":[{"href":"https:\/\/www.elementvape.de\/el\/wp-json\/wp\/v2\/product\/12542"}],"collection":[{"href":"https:\/\/www.elementvape.de\/el\/wp-json\/wp\/v2\/product"}],"about":[{"href":"https:\/\/www.elementvape.de\/el\/wp-json\/wp\/v2\/types\/product"}],"wp:featuredmedia":[{"embeddable":true,"href":"https:\/\/www.elementvape.de\/el\/wp-json\/wp\/v2\/media\/12553"}],"wp:attachment":[{"href":"https:\/\/www.elementvape.de\/el\/wp-json\/wp\/v2\/media?parent=12542"}],"wp:term":[{"taxonomy":"product_cat","embeddable":true,"href":"https:\/\/www.elementvape.de\/el\/wp-json\/wp\/v2\/product_cat?post=12542"},{"taxonomy":"product_tag","embeddable":true,"href":"https:\/\/www.elementvape.de\/el\/wp-json\/wp\/v2\/product_tag?post=12542"}],"curies":[{"name":"wp","href":"https:\/\/api.w.org\/{rel}","templated":true}]}}