{"id":12362,"date":"2024-06-18T03:49:30","date_gmt":"2024-06-18T03:49:30","guid":{"rendered":"https:\/\/www.elementvape.de\/?post_type=product&#038;p=12362"},"modified":"2024-09-12T10:36:01","modified_gmt":"2024-09-12T10:36:01","slug":"voopoo-vmate-max-pod-system-kit-1200mah-3ml","status":"publish","type":"product","link":"https:\/\/www.elementvape.de\/el\/produkt\/voopoo-vmate-max-pod-system-kit-1200mah-3ml\/","title":{"rendered":"VOOPOO Vmate Max Pod \u03a3\u03cd\u03c3\u03c4\u03b7\u03bc\u03b1 1200mAh 3ml"},"content":{"rendered":"<h2>VOOPOO VMATE MAX \u03a0\u03b5\u03c1\u03b9\u03b3\u03c1\u03b1\u03c6\u03ae \u03a0\u03c1\u03bf\u03ca\u03cc\u03bd\u03c4\u03bf\u03c2 \u0391\u03c4\u03bc\u03af\u03c3\u03bc\u03b1\u03c4\u03bf\u03c2<\/h2>\n<p>\u03a4\u03bf VOOPOO VMATE MAX \u03b5\u03af\u03bd\u03b1\u03b9 \u03ad\u03bd\u03b1 \u03ba\u03bf\u03c1\u03c5\u03c6\u03b1\u03af\u03bf POD \u03c3\u03cd\u03c3\u03c4\u03b7\u03bc\u03b1 \u03c0\u03bf\u03c5 \u03b5\u03bd\u03c4\u03c5\u03c0\u03c9\u03c3\u03b9\u03ac\u03b6\u03b5\u03b9 \u03bc\u03b5 \u03c4\u03b7 \u03bc\u03b5\u03b3\u03ac\u03bb\u03b7 \u03b4\u03b9\u03ac\u03c1\u03ba\u03b5\u03b9\u03b1 \u03b6\u03c9\u03ae\u03c2 \u03c4\u03c9\u03bd 90 ml \u03ba\u03b1\u03b9 \u03bc\u03b9\u03b1 \u03bd\u03ad\u03b1 \u03ba\u03c1\u03c5\u03c6\u03ae \u03bf\u03b8\u03cc\u03bd\u03b7 Horizon. \u0391\u03c5\u03c4\u03ae \u03b7 \u03bf\u03b8\u03cc\u03bd\u03b7 \u03c0\u03c1\u03bf\u03c3\u03c6\u03ad\u03c1\u03b5\u03b9 \u03bc\u03b9\u03b1 \u03b4\u03b9\u03b1\u03ba\u03c1\u03b9\u03c4\u03b9\u03ba\u03ae \u03b1\u03b9\u03c3\u03b8\u03b7\u03c4\u03b9\u03ba\u03ae \u03ba\u03b1\u03b9 \u03b5\u03be\u03b1\u03c3\u03c6\u03b1\u03bb\u03af\u03b6\u03b5\u03b9 \u03bc\u03b9\u03b1 \u03ba\u03b1\u03b8\u03b1\u03c1\u03ae, \u03ba\u03bf\u03bc\u03c8\u03ae \u03b5\u03bc\u03c6\u03ac\u03bd\u03b9\u03c3\u03b7. \u039c\u03b5 \u03c4\u03b7 \u03bd\u03ad\u03b1 \u03b1\u03bd\u03b1\u03b2\u03b1\u03b8\u03bc\u03b9\u03c3\u03bc\u03ad\u03bd\u03b7 \u00ab3X\u00bb VMATE Top-Fill \u03c6\u03c5\u03c3\u03af\u03b3\u03b3\u03b9\u03bf, \u03b7 \u03c3\u03c5\u03c3\u03ba\u03b5\u03c5\u03ae \u03c0\u03c1\u03bf\u03c3\u03c6\u03ad\u03c1\u03b5\u03b9 \u03b5\u03be\u03b1\u03b9\u03c1\u03b5\u03c4\u03b9\u03ba\u03ae \u03b1\u03bd\u03b8\u03b5\u03ba\u03c4\u03b9\u03ba\u03cc\u03c4\u03b7\u03c4\u03b1, \u03c0\u03c1\u03bf\u03c3\u03c4\u03b1\u03c3\u03af\u03b1 \u03b1\u03c0\u03cc \u03b4\u03b9\u03b1\u03c1\u03c1\u03bf\u03ad\u03c2 \u03ba\u03b1\u03b9 \u03b3\u03b5\u03cd\u03c3\u03b7. \u0388\u03c7\u03b5\u03b9 \u03c3\u03c7\u03b5\u03b4\u03b9\u03b1\u03c3\u03c4\u03b5\u03af \u03b3\u03b9\u03b1 \u03c4\u03b7 \u03c6\u03c5\u03c3\u03af\u03b3\u03b3\u03b9\u03bf \u03bc\u03b5 \u03c4\u03b7\u03bd \u03c7\u03b1\u03bc\u03b7\u03bb\u03cc\u03c4\u03b5\u03c1\u03b7 \u03b1\u03bd\u03c4\u03af\u03c3\u03c4\u03b1\u03c3\u03b7 0,4 Ohm (\u03bc\u03cc\u03bd\u03bf \u03b3\u03b9\u03b1 Vmate Max <strong><a href=\"https:\/\/www.elementvape.de\/el\/c\/pod\/\">Pod<\/a><\/strong> \u03ba\u03b1\u03c4\u03ac\u03bb\u03bb\u03b7\u03bb\u03bf) \u03ba\u03b1\u03b9 \u03bc\u03ad\u03b3\u03b9\u03c3\u03c4\u03b7 \u03b9\u03c3\u03c7\u03cd \u03b5\u03be\u03cc\u03b4\u03bf\u03c5 30 W, \u03b3\u03b9\u03b1 \u03bd\u03b1 \u03c0\u03c1\u03bf\u03c3\u03c6\u03ad\u03c1\u03b5\u03b9 \u03c0\u03c5\u03ba\u03bd\u03cc \u03b1\u03c4\u03bc\u03cc \u03ba\u03b1\u03b9 \u03bc\u03b9\u03b1 \u03bf\u03bc\u03b1\u03bb\u03ae \u03b5\u03bc\u03c0\u03b5\u03b9\u03c1\u03af\u03b1 RDL. \u0397 \u03b5\u03bd\u03c3\u03c9\u03bc\u03b1\u03c4\u03c9\u03bc\u03ad\u03bd\u03b7 \u03bc\u03c0\u03b1\u03c4\u03b1\u03c1\u03af\u03b1 1200 mAh \u03c5\u03c0\u03bf\u03c3\u03c4\u03b7\u03c1\u03af\u03b6\u03b5\u03b9 \u03ad\u03c9\u03c2 \u03ba\u03b1\u03b9 3 \u03b7\u03bc\u03ad\u03c1\u03b5\u03c2 \u03b1\u03c4\u03bc\u03af\u03c3\u03bc\u03b1\u03c4\u03bf\u03c2 \u03ba\u03b1\u03b9 \u03c0\u03c1\u03bf\u03c3\u03c6\u03ad\u03c1\u03b5\u03b9 \u03bc\u03b9\u03b1 \u03c3\u03c4\u03b1\u03b8\u03b5\u03c1\u03ae \u03ba\u03b1\u03b9 \u03bc\u03b1\u03ba\u03c1\u03ac\u03c2 \u03b4\u03b9\u03ac\u03c1\u03ba\u03b5\u03b9\u03b1\u03c2 \u03b5\u03bc\u03c0\u03b5\u03b9\u03c1\u03af\u03b1 \u03b1\u03c4\u03bc\u03af\u03c3\u03bc\u03b1\u03c4\u03bf\u03c2. \u03a7\u03ac\u03c1\u03b7 \u03c3\u03c4\u03b7 \u03b3\u03c1\u03ae\u03b3\u03bf\u03c1\u03b7 \u03c6\u03cc\u03c1\u03c4\u03b9\u03c3\u03b7 \u03bc\u03b5 5 V\/2 A, \u03b7 \u03b1\u03bd\u03b7\u03c3\u03c5\u03c7\u03af\u03b1 \u03b3\u03b9\u03b1 \u03c4\u03b7\u03bd \u03bc\u03c0\u03b1\u03c4\u03b1\u03c1\u03af\u03b1 \u03b1\u03bd\u03ae\u03ba\u03b5\u03b9 \u03c3\u03c4\u03bf \u03c0\u03b1\u03c1\u03b5\u03bb\u03b8\u03cc\u03bd.<\/p>\n<h3>\u039b\u03b5\u03b9\u03c4\u03bf\u03c5\u03c1\u03b3\u03af\u03b5\u03c2<\/h3>\n<ol>\n<li>\u0395\u03bd\u03c3\u03c9\u03bc\u03b1\u03c4\u03c9\u03bc\u03ad\u03bd\u03b7 \u03bc\u03c0\u03b1\u03c4\u03b1\u03c1\u03af\u03b1 1200mAh<\/li>\n<li>3ml \u03a7\u03c9\u03c1\u03b7\u03c4\u03b9\u03ba\u03cc\u03c4\u03b7\u03c4\u03b1 E-\u03c5\u03b3\u03c1\u03bf\u03cd<\/li>\n<li>\u0393\u03c1\u03ae\u03b3\u03bf\u03c1\u03b7 \u03c6\u03cc\u03c1\u03c4\u03b9\u03c3\u03b7 \u03c4\u03cd\u03c0\u03bf\u03c5-C<\/li>\n<li>\u03a3\u03cd\u03c3\u03c4\u03b7\u03bc\u03b1 \u03b3\u03b5\u03bc\u03af\u03c3\u03bc\u03b1\u03c4\u03bf\u03c2 \u03b1\u03c0\u03cc \u03c0\u03ac\u03bd\u03c9<\/li>\n<li>\u039c\u03ad\u03b3\u03b9\u03c3\u03c4\u03b7 \u03b9\u03c3\u03c7\u03cd\u03c2 \u03b5\u03be\u03cc\u03b4\u03bf\u03c5 30 W<\/li>\n<li>\u0394\u03b9\u03b1\u03b4\u03c1\u03b1\u03c3\u03c4\u03b9\u03ba\u03ae \u03bf\u03b8\u03cc\u03bd\u03b7 \u03ba\u03b1\u03b9 \u03c6\u03ce\u03c4\u03b1<\/li>\n<li>\u03a1\u03c5\u03b8\u03bc\u03b9\u03b6\u03cc\u03bc\u03b5\u03bd\u03b7 \u03a1\u03bf\u03ae \u0391\u03ad\u03c1\u03b1<\/li>\n<\/ol>\n<h3>\u03a6\u03c5\u03c3\u03b9\u03ba\u03ad\u03c2 \u03c0\u03b1\u03c1\u03ac\u03bc\u03b5\u03c4\u03c1\u03bf\u03b9<\/h3>\n<ul>\n<li><strong>\u039c\u03ac\u03c1\u03ba\u03b1:<\/strong> VOOPOO<\/li>\n<li><strong>\u039c\u03ad\u03b3\u03b5\u03b8\u03bf\u03c2:<\/strong> 103 x 29 x 18,7 \u03c7\u03b9\u03bb.<\/li>\n<li><strong>\u03a7\u03c9\u03c1\u03b7\u03c4\u03b9\u03ba\u03cc\u03c4\u03b7\u03c4\u03b1 E-Liquid:<\/strong> 3 ml \/ 2 ml (TPD)<\/li>\n<li><strong>\u0395\u03cd\u03c1\u03bf\u03c2 Watt:<\/strong> 5-30 W \u03c1\u03c5\u03b8\u03bc\u03b9\u03b6\u03cc\u03bc\u03b5\u03bd\u03bf<\/li>\n<li><strong>\u03a0\u03c1\u03bf\u03c4\u03b5\u03b9\u03bd\u03cc\u03bc\u03b5\u03bd\u03bf E-Liquid:<\/strong> \u226450 mg (Freebase \/ \u0386\u03bb\u03b1\u03c4\u03b1 \u03bd\u03b9\u03ba\u03bf\u03c4\u03af\u03bd\u03b7\u03c2)<\/li>\n<li><strong>\u0393\u03ad\u03bc\u03b9\u03c3\u03bc\u03b1 E-Liquid:<\/strong> \u039a\u03bf\u03c1\u03c5\u03c6\u03b1\u03af\u03b1 \u0393\u03ad\u03bc\u03b9\u03c3\u03b7<\/li>\n<li><strong>\u03a3\u03c5\u03bc\u03b2\u03b1\u03c4\u03cc\u03c4\u03b7\u03c4\u03b1:<\/strong> \u038c\u03bb\u03b5\u03c2 \u03bf\u03b9 \u03ba\u03ac\u03c8\u03bf\u03c5\u03bb\u03b5\u03c2 VMATE<\/li>\n<li><strong>\u03a7\u03c9\u03c1\u03b7\u03c4\u03b9\u03ba\u03cc\u03c4\u03b7\u03c4\u03b1 \u03bc\u03c0\u03b1\u03c4\u03b1\u03c1\u03af\u03b1\u03c2:<\/strong> 1200 mAh<\/li>\n<li><strong>\u0388\u03be\u03bf\u03b4\u03bf\u03c2 \u03c4\u03ac\u03c3\u03b7\u03c2:<\/strong> 3,2-4,2 V<\/li>\n<li><strong>\u0395\u03cd\u03c1\u03bf\u03c2 \u03b1\u03bd\u03c4\u03b9\u03c3\u03c4\u03ac\u03c3\u03b5\u03c9\u03bd:<\/strong> 0,4-3,0 Ohm<\/li>\n<li><strong>\u03a6\u03cc\u03c1\u03c4\u03b9\u03c3\u03b7:<\/strong> \u03a4\u03cd\u03c0\u03bf\u03c2-C 5 V \/ 2 A<\/li>\n<li><strong>\u03a1\u03bf\u03ae \u03b1\u03ad\u03c1\u03b1:<\/strong> \u0391\u03c3\u03cd\u03c1\u03bc\u03b1\u03c4\u03bf\u03c2 \u03c1\u03c5\u03b8\u03bc\u03b9\u03b6\u03cc\u03bc\u03b5\u03bd\u03bf\u03c2 \u03b1\u03ad\u03c1\u03b1\u03c2<\/li>\n<li><strong>\u039f\u03b8\u03cc\u03bd\u03b7:<\/strong> \u039a\u03c1\u03c5\u03c6\u03ae \u03bf\u03b8\u03cc\u03bd\u03b7 Horizon + \u0394\u03b9\u03c0\u03bb\u03ae LED \u03bb\u03c9\u03c1\u03af\u03b4\u03b1 256 \u03c7\u03c1\u03c9\u03bc\u03ac\u03c4\u03c9\u03bd<\/li>\n<li><strong>\u03a5\u03bb\u03b9\u03ba\u03cc:<\/strong> \u039f\u03c1\u03b5\u03af\u03c7\u03b1\u03bb\u03ba\u03bf\u03c2<\/li>\n<\/ul>\n<h3>\u03a0\u03b5\u03c1\u03b9\u03b5\u03c7\u03cc\u03bc\u03b5\u03bd\u03bf \u03c3\u03c5\u03c3\u03ba\u03b5\u03c5\u03b1\u03c3\u03af\u03b1\u03c2<\/h3>\n<ul>\n<li>1 x \u03a3\u03c5\u03c3\u03ba\u03b5\u03c5\u03ae VMATE MAX<\/li>\n<li>1 x \u039a\u03ac\u03c8\u03bf\u03c5\u03bb\u03b1 VMATE Top Fill 0,4 Ohm (3 ml)<\/li>\n<li>1 x \u039a\u03ac\u03c8\u03bf\u03c5\u03bb\u03b1 VMATE Top Fill 0,7 Ohm (3 ml)<\/li>\n<li>1 x \u03ba\u03b1\u03bb\u03ce\u03b4\u03b9\u03bf \u03c4\u03cd\u03c0\u03bf\u03c5-C<\/li>\n<li>1 x \u0395\u03b3\u03c7\u03b5\u03b9\u03c1\u03af\u03b4\u03b9\u03bf \u03c7\u03c1\u03ae\u03c3\u03c4\u03b7<\/li>\n<\/ul>\n<h3>\u03a0\u03b5\u03c1\u03b9\u03b3\u03c1\u03b1\u03c6\u03ae \u03bb\u03b5\u03b9\u03c4\u03bf\u03c5\u03c1\u03b3\u03af\u03b1\u03c2<\/h3>\n<ul>\n<li><strong>\u0395\u03bd\u03b5\u03c1\u03b3\u03bf\u03c0\u03bf\u03af\u03b7\u03c3\u03b7 \u03c3\u03c5\u03c3\u03ba\u03b5\u03c5\u03ae\u03c2:<\/strong> \u03a0\u03b1\u03c4\u03ae\u03c3\u03c4\u03b5 \u03c4\u03bf \u03ba\u03bf\u03c5\u03bc\u03c0\u03af 5 \u03c6\u03bf\u03c1\u03ad\u03c2 \u03c3\u03c4\u03b7 \u03c3\u03b5\u03b9\u03c1\u03ac.<\/li>\n<li><strong>\u0395\u03bd\u03b5\u03c1\u03b3\u03bf\u03c0\u03bf\u03af\u03b7\u03c3\u03b7:<\/strong> \u0391\u03c5\u03c4\u03cc\u03bc\u03b1\u03c4\u03bf \u03c4\u03c1\u03ac\u03b2\u03b7\u03b3\u03bc\u03b1, \u03b5\u03bd\u03b5\u03c1\u03b3\u03bf\u03c0\u03bf\u03b9\u03b5\u03af\u03c4\u03b1\u03b9 \u03ba\u03b1\u03c4\u03ac \u03c4\u03bf \u03c4\u03c1\u03ac\u03b2\u03b7\u03b3\u03bc\u03b1 \u03b1\u03c0\u03cc \u03c4\u03bf POD.<\/li>\n<li><strong>\u0395\u03bd\u03b5\u03c1\u03b3\u03bf\u03c0\u03bf\u03af\u03b7\u03c3\u03b7\/\u03b1\u03c0\u03b5\u03bd\u03b5\u03c1\u03b3\u03bf\u03c0\u03bf\u03af\u03b7\u03c3\u03b7 \u03bf\u03b8\u03cc\u03bd\u03b7\u03c2:<\/strong> \u03a0\u03b1\u03c4\u03ae\u03c3\u03c4\u03b5 \u03c4\u03bf \u03ba\u03bf\u03c5\u03bc\u03c0\u03af \u03b5\u03ba\u03c4\u03cc\u03be\u03b5\u03c5\u03c3\u03b7\u03c2 2 \u03c6\u03bf\u03c1\u03ad\u03c2 \u03c3\u03cd\u03bd\u03c4\u03bf\u03bc\u03b1 \u03c3\u03c4\u03b7 \u03c3\u03b5\u03b9\u03c1\u03ac.<\/li>\n<li><strong>\u03a1\u03cd\u03b8\u03bc\u03b9\u03c3\u03b7 \u03b9\u03c3\u03c7\u03cd\u03bf\u03c2:<\/strong> \u03a0\u03b1\u03c4\u03ae\u03c3\u03c4\u03b5 \u03c4\u03bf \u03ba\u03bf\u03c5\u03bc\u03c0\u03af 3 \u03c6\u03bf\u03c1\u03ad\u03c2 \u03c3\u03c4\u03b7 \u03c3\u03b5\u03b9\u03c1\u03ac.<\/li>\n<li><strong>\u0386\u03bd\u03bf\u03b9\u03b3\u03bc\u03b1 \u03bc\u03b5\u03bd\u03bf\u03cd:<\/strong> \u03a0\u03b1\u03c4\u03ae\u03c3\u03c4\u03b5 \u03c4\u03bf \u03ba\u03bf\u03c5\u03bc\u03c0\u03af 5 \u03c6\u03bf\u03c1\u03ad\u03c2 \u03c3\u03c4\u03b7 \u03c3\u03b5\u03b9\u03c1\u03ac, \u03c0\u03b1\u03c4\u03ae\u03c3\u03c4\u03b5 \u03c3\u03cd\u03bd\u03c4\u03bf\u03bc\u03b1 \u03b3\u03b9\u03b1 \u03b5\u03c0\u03b9\u03bb\u03bf\u03b3\u03ae, \u03c0\u03b1\u03c4\u03ae\u03c3\u03c4\u03b5 \u03c0\u03b1\u03c1\u03b1\u03c4\u03b5\u03c4\u03b1\u03bc\u03ad\u03bd\u03b1 \u03b3\u03b9\u03b1 \u03b5\u03c0\u03b9\u03b2\u03b5\u03b2\u03b1\u03af\u03c9\u03c3\u03b7.<\/li>\n<\/ul>\n<h4>\u0395\u03c0\u03b9\u03bb\u03bf\u03b3\u03ad\u03c2 \u03bc\u03b5\u03bd\u03bf\u03cd:<\/h4>\n<ol>\n<li>\u0394\u03b9\u03b1\u03b3\u03c1\u03b1\u03c6\u03ae Pod<\/li>\n<li>\u0395\u03bd\u03b1\u03bb\u03bb\u03b1\u03b3\u03ae \u03bc\u03b5\u03c4\u03b1\u03be\u03cd 2 \u03bb\u03b5\u03b9\u03c4\u03bf\u03c5\u03c1\u03b3\u03b9\u03ce\u03bd \u03b5\u03be\u03cc\u03b4\u03bf\u03c5: \u039b\u03b5\u03b9\u03c4\u03bf\u03c5\u03c1\u03b3\u03af\u03b1 Shift\/\u039b\u03b5\u03b9\u03c4\u03bf\u03c5\u03c1\u03b3\u03af\u03b1 Power\n<ul>\n<li><strong>\u039b\u03b5\u03b9\u03c4\u03bf\u03c5\u03c1\u03b3\u03af\u03b1 Shift:<\/strong> \u03a0\u03c1\u03bf\u03c3\u03c6\u03ad\u03c1\u03b5\u03b9 3 \u03b5\u03c0\u03b9\u03bb\u03bf\u03b3\u03ad\u03c2 \u03b5\u03be\u03cc\u03b4\u03bf\u03c5 (SPT, NOR, ECO)<\/li>\n<li><strong>\u039b\u03b5\u03b9\u03c4\u03bf\u03c5\u03c1\u03b3\u03af\u03b1 Power:<\/strong> \u03a7\u03b5\u03b9\u03c1\u03bf\u03ba\u03af\u03bd\u03b7\u03c4\u03b7 \u03c1\u03cd\u03b8\u03bc\u03b9\u03c3\u03b7 \u03c4\u03b7\u03c2 \u03b5\u03be\u03cc\u03b4\u03bf\u03c5 \u03b9\u03c3\u03c7\u03cd\u03bf\u03c2 (\u03bc\u03ad\u03b3. 30 W)<\/li>\n<\/ul>\n<\/li>\n<li>\u0391\u03c0\u03b5\u03bd\u03b5\u03c1\u03b3\u03bf\u03c0\u03bf\u03af\u03b7\u03c3\u03b7 \u03c3\u03c5\u03c3\u03ba\u03b5\u03c5\u03ae\u03c2<\/li>\n<li>\u0388\u03be\u03bf\u03b4\u03bf\u03c2 \u03b1\u03c0\u03cc \u03c4\u03b7\u03bd \u03b5\u03c0\u03b9\u03c6\u03ac\u03bd\u03b5\u03b9\u03b1 \u03b5\u03c1\u03b3\u03b1\u03c3\u03af\u03b1\u03c2 \u03c4\u03bf\u03c5 \u03bc\u03b5\u03bd\u03bf\u03cd<\/li>\n<\/ol>\n<h3>\u03a0\u03c1\u03bf\u03b5\u03b9\u03b4\u03bf\u03c0\u03bf\u03b9\u03ae\u03c3\u03b5\u03b9\u03c2<\/h3>\n<ul>\n<li><strong>\u0394\u03b9\u03ac\u03c1\u03c1\u03bf\u03b9\u03b1 Pod:<\/strong> \u039a\u03b1\u03c4\u03ac \u03c4\u03b9\u03c2 \u03c0\u03c4\u03ae\u03c3\u03b5\u03b9\u03c2, \u03c4\u03bf \u03b7\u03bb\u03b5\u03ba\u03c4\u03c1\u03bf\u03bd\u03b9\u03ba\u03cc \u03c5\u03b3\u03c1\u03cc \u03bc\u03c0\u03bf\u03c1\u03b5\u03af \u03bd\u03b1 \u03b4\u03b9\u03b1\u03c1\u03c1\u03b5\u03cd\u03c3\u03b5\u03b9 \u03c5\u03c0\u03cc \u03c5\u03c8\u03b7\u03bb\u03ae \u03c0\u03af\u03b5\u03c3\u03b7. \u0391\u03c0\u03bf\u03b8\u03b7\u03ba\u03b5\u03cd\u03c3\u03c4\u03b5 \u03c4\u03b1 Pods \u03c7\u03c9\u03c1\u03b9\u03c3\u03c4\u03ac \u03b1\u03c0\u03cc \u03c3\u03b7\u03bc\u03b1\u03bd\u03c4\u03b9\u03ba\u03ac \u03b1\u03bd\u03c4\u03b9\u03ba\u03b5\u03af\u03bc\u03b5\u03bd\u03b1.<\/li>\n<li><strong>\u03a7\u03b5\u03b9\u03c1\u03b9\u03c3\u03bc\u03cc\u03c2 \u03bc\u03b5 \u03c3\u03c5\u03bc\u03c0\u03cd\u03ba\u03bd\u03c9\u03c3\u03b7:<\/strong> \u0395\u03bb\u03b1\u03c6\u03c1\u03b9\u03ac \u03c5\u03b3\u03c1\u03ae \u03c3\u03c5\u03bc\u03c0\u03cd\u03ba\u03bd\u03c9\u03c3\u03b7 \u03bc\u03c0\u03bf\u03c1\u03b5\u03af \u03bd\u03b1 \u03b5\u03bc\u03c6\u03b1\u03bd\u03b9\u03c3\u03c4\u03b5\u03af \u03c3\u03b5 \u03b8\u03b5\u03c1\u03bc\u03bf\u03ba\u03c1\u03b1\u03c3\u03b9\u03b1\u03ba\u03ad\u03c2 \u03b4\u03b9\u03b1\u03ba\u03c5\u03bc\u03ac\u03bd\u03c3\u03b5\u03b9\u03c2. \u0391\u03c6\u03b1\u03b9\u03c1\u03ad\u03c3\u03c4\u03b5 \u03c4\u03bf Pod \u03ba\u03b1\u03b9 \u03ba\u03bf\u03c5\u03bd\u03ae\u03c3\u03c4\u03b5 \u03c4\u03bf \u03c0\u03c1\u03bf\u03c2 \u03c4\u03b1 \u03ba\u03ac\u03c4\u03c9 \u03b3\u03b9\u03b1 \u03bd\u03b1 \u03b1\u03c6\u03b1\u03b9\u03c1\u03ad\u03c3\u03b5\u03c4\u03b5 \u03c4\u03b7 \u03c3\u03c5\u03bc\u03c0\u03cd\u03ba\u03bd\u03c9\u03c3\u03b7.<\/li>\n<\/ul>\n<p>\u039f <strong>VOOPOO VMATE MAX<\/strong> \u03c0\u03c1\u03bf\u03c3\u03c6\u03ad\u03c1\u03b5\u03b9 \u03bc\u03b9\u03b1 \u03c5\u03c8\u03b7\u03bb\u03ae\u03c2 \u03c0\u03bf\u03b9\u03cc\u03c4\u03b7\u03c4\u03b1\u03c2 \u03ba\u03b1\u03b9 \u03c0\u03c1\u03bf\u03c3\u03b1\u03c1\u03bc\u03cc\u03c3\u03b9\u03bc\u03b7 \u03b5\u03bc\u03c0\u03b5\u03b9\u03c1\u03af\u03b1 \u03b1\u03c4\u03bc\u03af\u03c3\u03bc\u03b1\u03c4\u03bf\u03c2, \u03b9\u03b4\u03b1\u03bd\u03b9\u03ba\u03ae \u03b3\u03b9\u03b1 \u03b1\u03c4\u03bc\u03b9\u03c3\u03c4\u03ad\u03c2 \u03c0\u03bf\u03c5 \u03b4\u03af\u03bd\u03bf\u03c5\u03bd \u03ad\u03bc\u03c6\u03b1\u03c3\u03b7 \u03c3\u03c4\u03b7 \u03b4\u03b9\u03ac\u03c1\u03ba\u03b5\u03b9\u03b1 \u03ba\u03b1\u03b9 \u03c4\u03b7\u03bd \u03b1\u03c0\u03cc\u03b4\u03bf\u03c3\u03b7.<\/p>","protected":false},"excerpt":{"rendered":"<p>VOOPOO VMATE MAX Vape-Produktbeschreibung Der VOOPOO VMATE MAX ist ein Flaggschiff-POD-System, das mit seiner langen Lebensdauer von 90 ml und einem neuen Hidden Horizon-Bildschirm \u00fcberzeugt. Dieser Bildschirm bringt eine dezente \u00c4sthetik und sorgt f\u00fcr ein sauberes, elegantes Erscheinungsbild. Mit der neuen \u201e3X\u201c-Upgrade-VMATE-Top-Fill-Kartusche bietet das Ger\u00e4t hervorragende Langlebigkeit, Auslaufschutz und Geschmack. Es ist f\u00fcr die Kartusche [&hellip;]<\/p>","protected":false},"featured_media":12370,"template":"","meta":{"inline_featured_image":false},"product_cat":[754,745,742,748,744,755,738,751,76],"product_tag":[],"tiered_pricing_type":"fixed","tiered_pricing_fixed_rules":[],"tiered_pricing_percentage_rules":[],"tiered_pricing_minimum":1,"_administrator_tiered_pricing_type":"fixed","_administrator_tiered_pricing_fixed_rules":[],"_editor_tiered_pricing_type":"fixed","_editor_tiered_pricing_fixed_rules":[],"_author_tiered_pricing_type":"fixed","_author_tiered_pricing_fixed_rules":[],"_contributor_tiered_pricing_type":"fixed","_contributor_tiered_pricing_fixed_rules":[],"_subscriber_tiered_pricing_type":"fixed","_subscriber_tiered_pricing_fixed_rules":[],"_customer_tiered_pricing_type":"fixed","_customer_tiered_pricing_fixed_rules":[],"_shop_manager_tiered_pricing_type":"fixed","_shop_manager_tiered_pricing_fixed_rules":[],"_wpseo_manager_tiered_pricing_type":"fixed","_wpseo_manager_tiered_pricing_fixed_rules":[],"_wpseo_editor_tiered_pricing_type":"fixed","_wpseo_editor_tiered_pricing_fixed_rules":[],"_wholesale_customer_tiered_pricing_type":"fixed","_wholesale_customer_tiered_pricing_fixed_rules":[],"_marketer_tiered_pricing_type":"fixed","_marketer_tiered_pricing_fixed_rules":[],"_sales_manager_tiered_pricing_type":"fixed","_sales_manager_tiered_pricing_fixed_rules":[],"_sales_rep_tiered_pricing_type":"fixed","_sales_rep_tiered_pricing_fixed_rules":[],"yoast_head":"<!-- This site is optimized with the Yoast SEO plugin v23.3 - https:\/\/yoast.com\/wordpress\/plugins\/seo\/ -->\n<title>VOOPOO Vmate Max Pod System Kit 1200mAh 3ml | ElementVape.de<\/title>\n<meta name=\"description\" content=\"Wir bieten VOOPOO Vmate Max Pod System Kit 1200mAh 3ml , Elementvape.de akzeptieren Gro\u00df-und Einzelhandel Bestellungen.\" \/>\n<meta name=\"robots\" content=\"index, follow, max-snippet:-1, max-image-preview:large, max-video-preview:-1\" \/>\n<link rel=\"canonical\" href=\"https:\/\/www.elementvape.de\/el\/produkt\/voopoo-vmate-max-pod-system-kit-1200mah-3ml\/\" \/>\n<meta property=\"og:locale\" content=\"el_GR\" \/>\n<meta property=\"og:type\" content=\"article\" \/>\n<meta property=\"og:title\" content=\"VOOPOO Vmate Max Pod System Kit 1200mAh 3ml | ElementVape.de\" \/>\n<meta property=\"og:description\" content=\"Wir bieten VOOPOO Vmate Max Pod System Kit 1200mAh 3ml , Elementvape.de akzeptieren Gro\u00df-und Einzelhandel Bestellungen.\" \/>\n<meta property=\"og:url\" content=\"https:\/\/www.elementvape.de\/el\/produkt\/voopoo-vmate-max-pod-system-kit-1200mah-3ml\/\" \/>\n<meta property=\"og:site_name\" content=\"ElementVape.de\" \/>\n<meta property=\"article:modified_time\" content=\"2024-09-12T10:36:01+00:00\" \/>\n<meta property=\"og:image\" content=\"https:\/\/www.elementvape.de\/wp-content\/uploads\/2024\/06\/voopoo-vmate-max-pod-1.webp\" \/>\n\t<meta property=\"og:image:width\" content=\"800\" \/>\n\t<meta property=\"og:image:height\" content=\"800\" \/>\n\t<meta property=\"og:image:type\" content=\"image\/webp\" \/>\n<meta name=\"twitter:card\" content=\"summary_large_image\" \/>\n<meta name=\"twitter:label1\" content=\"Est. reading time\" \/>\n\t<meta name=\"twitter:data1\" content=\"3 \u03bb\u03b5\u03c0\u03c4\u03ac\" \/>\n<script type=\"application\/ld+json\" class=\"yoast-schema-graph\">{\"@context\":\"https:\/\/schema.org\",\"@graph\":[{\"@type\":\"WebPage\",\"@id\":\"https:\/\/www.elementvape.de\/en\/produkt\/voopoo-vmate-max-pod-system-kit-1200mah-3ml\/\",\"url\":\"https:\/\/www.elementvape.de\/en\/produkt\/voopoo-vmate-max-pod-system-kit-1200mah-3ml\/\",\"name\":\"VOOPOO Vmate Max Pod System Kit 1200mAh 3ml | ElementVape.de\",\"isPartOf\":{\"@id\":\"https:\/\/www.elementvape.de\/#website\"},\"primaryImageOfPage\":{\"@id\":\"https:\/\/www.elementvape.de\/en\/produkt\/voopoo-vmate-max-pod-system-kit-1200mah-3ml\/#primaryimage\"},\"image\":{\"@id\":\"https:\/\/www.elementvape.de\/en\/produkt\/voopoo-vmate-max-pod-system-kit-1200mah-3ml\/#primaryimage\"},\"thumbnailUrl\":\"https:\/\/www.elementvape.de\/wp-content\/uploads\/2024\/06\/voopoo-vmate-max-pod-1.webp\",\"datePublished\":\"2024-06-18T03:49:30+00:00\",\"dateModified\":\"2024-09-12T10:36:01+00:00\",\"description\":\"Wir bieten VOOPOO Vmate Max Pod System Kit 1200mAh 3ml , Elementvape.de akzeptieren Gro\u00df-und Einzelhandel Bestellungen.\",\"breadcrumb\":{\"@id\":\"https:\/\/www.elementvape.de\/en\/produkt\/voopoo-vmate-max-pod-system-kit-1200mah-3ml\/#breadcrumb\"},\"inLanguage\":\"el\",\"potentialAction\":[{\"@type\":\"ReadAction\",\"target\":[\"https:\/\/www.elementvape.de\/en\/produkt\/voopoo-vmate-max-pod-system-kit-1200mah-3ml\/\"]}]},{\"@type\":\"ImageObject\",\"inLanguage\":\"el\",\"@id\":\"https:\/\/www.elementvape.de\/en\/produkt\/voopoo-vmate-max-pod-system-kit-1200mah-3ml\/#primaryimage\",\"url\":\"https:\/\/www.elementvape.de\/wp-content\/uploads\/2024\/06\/voopoo-vmate-max-pod-1.webp\",\"contentUrl\":\"https:\/\/www.elementvape.de\/wp-content\/uploads\/2024\/06\/voopoo-vmate-max-pod-1.webp\",\"width\":800,\"height\":800,\"caption\":\"voopoo-vmate-max-pod-1\"},{\"@type\":\"BreadcrumbList\",\"@id\":\"https:\/\/www.elementvape.de\/en\/produkt\/voopoo-vmate-max-pod-system-kit-1200mah-3ml\/#breadcrumb\",\"itemListElement\":[{\"@type\":\"ListItem\",\"position\":1,\"name\":\"Home\",\"item\":\"https:\/\/www.elementvape.de\/\"},{\"@type\":\"ListItem\",\"position\":2,\"name\":\"Shop\",\"item\":\"https:\/\/www.elementvape.de\/shop\/\"},{\"@type\":\"ListItem\",\"position\":3,\"name\":\"VOOPOO Vmate Max Pod System Kit 1200mAh 3ml\"}]},{\"@type\":\"WebSite\",\"@id\":\"https:\/\/www.elementvape.de\/#website\",\"url\":\"https:\/\/www.elementvape.de\/\",\"name\":\"ElementVape.de\",\"description\":\"\",\"publisher\":{\"@id\":\"https:\/\/www.elementvape.de\/#organization\"},\"potentialAction\":[{\"@type\":\"SearchAction\",\"target\":{\"@type\":\"EntryPoint\",\"urlTemplate\":\"https:\/\/www.elementvape.de\/?s={search_term_string}\"},\"query-input\":\"required name=search_term_string\"}],\"inLanguage\":\"el\"},{\"@type\":\"Organization\",\"@id\":\"https:\/\/www.elementvape.de\/#organization\",\"name\":\"ElementVape.DE\",\"url\":\"https:\/\/www.elementvape.de\/\",\"logo\":{\"@type\":\"ImageObject\",\"inLanguage\":\"el\",\"@id\":\"https:\/\/www.elementvape.de\/#\/schema\/logo\/image\/\",\"url\":\"https:\/\/www.elementvape.de\/wp-content\/uploads\/2024\/09\/cropped-1elementvape-3.png\",\"contentUrl\":\"https:\/\/www.elementvape.de\/wp-content\/uploads\/2024\/09\/cropped-1elementvape-3.png\",\"width\":285,\"height\":228,\"caption\":\"ElementVape.DE\"},\"image\":{\"@id\":\"https:\/\/www.elementvape.de\/#\/schema\/logo\/image\/\"}}]}<\/script>\n<!-- \/ Yoast SEO plugin. -->","yoast_head_json":{"title":"VOOPOO Vmate Max Pod System Kit 1200mAh 3ml | ElementVape.de","description":"Wir bieten VOOPOO Vmate Max Pod System Kit 1200mAh 3ml , Elementvape.de akzeptieren Gro\u00df-und Einzelhandel Bestellungen.","robots":{"index":"index","follow":"follow","max-snippet":"max-snippet:-1","max-image-preview":"max-image-preview:large","max-video-preview":"max-video-preview:-1"},"canonical":"https:\/\/www.elementvape.de\/el\/produkt\/voopoo-vmate-max-pod-system-kit-1200mah-3ml\/","og_locale":"el_GR","og_type":"article","og_title":"VOOPOO Vmate Max Pod System Kit 1200mAh 3ml | ElementVape.de","og_description":"Wir bieten VOOPOO Vmate Max Pod System Kit 1200mAh 3ml , Elementvape.de akzeptieren Gro\u00df-und Einzelhandel Bestellungen.","og_url":"https:\/\/www.elementvape.de\/el\/produkt\/voopoo-vmate-max-pod-system-kit-1200mah-3ml\/","og_site_name":"ElementVape.de","article_modified_time":"2024-09-12T10:36:01+00:00","og_image":[{"width":800,"height":800,"url":"https:\/\/www.elementvape.de\/wp-content\/uploads\/2024\/06\/voopoo-vmate-max-pod-1.webp","type":"image\/webp"}],"twitter_card":"summary_large_image","twitter_misc":{"Est. reading time":"3 \u03bb\u03b5\u03c0\u03c4\u03ac"},"schema":{"@context":"https:\/\/schema.org","@graph":[{"@type":"WebPage","@id":"https:\/\/www.elementvape.de\/en\/produkt\/voopoo-vmate-max-pod-system-kit-1200mah-3ml\/","url":"https:\/\/www.elementvape.de\/en\/produkt\/voopoo-vmate-max-pod-system-kit-1200mah-3ml\/","name":"VOOPOO Vmate Max Pod System Kit 1200mAh 3ml | ElementVape.de","isPartOf":{"@id":"https:\/\/www.elementvape.de\/#website"},"primaryImageOfPage":{"@id":"https:\/\/www.elementvape.de\/en\/produkt\/voopoo-vmate-max-pod-system-kit-1200mah-3ml\/#primaryimage"},"image":{"@id":"https:\/\/www.elementvape.de\/en\/produkt\/voopoo-vmate-max-pod-system-kit-1200mah-3ml\/#primaryimage"},"thumbnailUrl":"https:\/\/www.elementvape.de\/wp-content\/uploads\/2024\/06\/voopoo-vmate-max-pod-1.webp","datePublished":"2024-06-18T03:49:30+00:00","dateModified":"2024-09-12T10:36:01+00:00","description":"Wir bieten VOOPOO Vmate Max Pod System Kit 1200mAh 3ml , Elementvape.de akzeptieren Gro\u00df-und Einzelhandel Bestellungen.","breadcrumb":{"@id":"https:\/\/www.elementvape.de\/en\/produkt\/voopoo-vmate-max-pod-system-kit-1200mah-3ml\/#breadcrumb"},"inLanguage":"el","potentialAction":[{"@type":"ReadAction","target":["https:\/\/www.elementvape.de\/en\/produkt\/voopoo-vmate-max-pod-system-kit-1200mah-3ml\/"]}]},{"@type":"ImageObject","inLanguage":"el","@id":"https:\/\/www.elementvape.de\/en\/produkt\/voopoo-vmate-max-pod-system-kit-1200mah-3ml\/#primaryimage","url":"https:\/\/www.elementvape.de\/wp-content\/uploads\/2024\/06\/voopoo-vmate-max-pod-1.webp","contentUrl":"https:\/\/www.elementvape.de\/wp-content\/uploads\/2024\/06\/voopoo-vmate-max-pod-1.webp","width":800,"height":800,"caption":"voopoo-vmate-max-pod-1"},{"@type":"BreadcrumbList","@id":"https:\/\/www.elementvape.de\/en\/produkt\/voopoo-vmate-max-pod-system-kit-1200mah-3ml\/#breadcrumb","itemListElement":[{"@type":"ListItem","position":1,"name":"Home","item":"https:\/\/www.elementvape.de\/"},{"@type":"ListItem","position":2,"name":"Shop","item":"https:\/\/www.elementvape.de\/shop\/"},{"@type":"ListItem","position":3,"name":"VOOPOO Vmate Max Pod System Kit 1200mAh 3ml"}]},{"@type":"WebSite","@id":"https:\/\/www.elementvape.de\/#website","url":"https:\/\/www.elementvape.de\/","name":"ElementVape.de","description":"","publisher":{"@id":"https:\/\/www.elementvape.de\/#organization"},"potentialAction":[{"@type":"SearchAction","target":{"@type":"EntryPoint","urlTemplate":"https:\/\/www.elementvape.de\/?s={search_term_string}"},"query-input":"required name=search_term_string"}],"inLanguage":"el"},{"@type":"Organization","@id":"https:\/\/www.elementvape.de\/#organization","name":"ElementVape.DE","url":"https:\/\/www.elementvape.de\/","logo":{"@type":"ImageObject","inLanguage":"el","@id":"https:\/\/www.elementvape.de\/#\/schema\/logo\/image\/","url":"https:\/\/www.elementvape.de\/wp-content\/uploads\/2024\/09\/cropped-1elementvape-3.png","contentUrl":"https:\/\/www.elementvape.de\/wp-content\/uploads\/2024\/09\/cropped-1elementvape-3.png","width":285,"height":228,"caption":"ElementVape.DE"},"image":{"@id":"https:\/\/www.elementvape.de\/#\/schema\/logo\/image\/"}}]}},"_links":{"self":[{"href":"https:\/\/www.elementvape.de\/el\/wp-json\/wp\/v2\/product\/12362"}],"collection":[{"href":"https:\/\/www.elementvape.de\/el\/wp-json\/wp\/v2\/product"}],"about":[{"href":"https:\/\/www.elementvape.de\/el\/wp-json\/wp\/v2\/types\/product"}],"wp:featuredmedia":[{"embeddable":true,"href":"https:\/\/www.elementvape.de\/el\/wp-json\/wp\/v2\/media\/12370"}],"wp:attachment":[{"href":"https:\/\/www.elementvape.de\/el\/wp-json\/wp\/v2\/media?parent=12362"}],"wp:term":[{"taxonomy":"product_cat","embeddable":true,"href":"https:\/\/www.elementvape.de\/el\/wp-json\/wp\/v2\/product_cat?post=12362"},{"taxonomy":"product_tag","embeddable":true,"href":"https:\/\/www.elementvape.de\/el\/wp-json\/wp\/v2\/product_tag?post=12362"}],"curies":[{"name":"wp","href":"https:\/\/api.w.org\/{rel}","templated":true}]}}