{"id":11963,"date":"2024-06-07T10:08:51","date_gmt":"2024-06-07T10:08:51","guid":{"rendered":"https:\/\/www.elementvape.de\/?post_type=product&#038;p=11963"},"modified":"2024-09-12T10:36:16","modified_gmt":"2024-09-12T10:36:16","slug":"randm-dazzle-5000-rgb-licht-leuchtender-e-zigaretten-kaufen-5000-zuege","status":"publish","type":"product","link":"https:\/\/www.elementvape.de\/el\/produkt\/randm-dazzle-5000-rgb-licht-leuchtender-e-zigaretten-kaufen-5000-zuege\/","title":{"rendered":"RandM Dazzle 5000 RGB-\u03a6\u03c9\u03c2 \u03bb\u03b1\u03bc\u03c0\u03b5\u03c1\u03cc \u03b7\u03bb\u03b5\u03ba\u03c4\u03c1\u03bf\u03bd\u03b9\u03ba\u03cc \u03c4\u03c3\u03b9\u03b3\u03ac\u03c1\u03bf \u03b1\u03b3\u03bf\u03c1\u03ac 5000 \u03c1\u03bf\u03c5\u03c6\u03b7\u03be\u03b9\u03ad\u03c2"},"content":{"rendered":"<div class=\"flex-shrink-0 flex flex-col relative items-end\">\n<div>\n<div class=\"pt-0.5 juice:pt-0\">\n<div class=\"gizmo-bot-avatar flex h-6 w-6 items-center justify-center overflow-hidden rounded-full juice:h-8 juice:w-8\">\n<div class=\"relative p-1 rounded-sm flex items-center justify-center bg-token-main-surface-primary text-token-text-primary h-8 w-8\">\n<h2>\u039b\u03b5\u03b9\u03c4\u03bf\u03c5\u03c1\u03b3\u03af\u03b5\u03c2 \u03c4\u03b7\u03c2 \u03bc\u03b9\u03b1\u03c2 \u03c7\u03c1\u03ae\u03c3\u03b7\u03c2 \u03c3\u03c5\u03c3\u03ba\u03b5\u03c5\u03ae\u03c2 RandM Dazzle 5000:<\/h2>\n<\/div>\n<\/div>\n<\/div>\n<\/div>\n<\/div>\n<div class=\"group\/conversation-turn relative flex w-full min-w-0 flex-col agent-turn\">\n<div class=\"flex-col gap-1 md:gap-3\">\n<div class=\"flex flex-grow flex-col max-w-full AIPRM__conversation__response\">\n<div class=\"min-h-[20px] text-message flex flex-col items-start whitespace-pre-wrap break-words [.text-message+&amp;]:mt-5 juice:w-full juice:items-end overflow-x-auto gap-2\" dir=\"auto\" data-message-author-role=\"assistant\" data-message-id=\"6897441a-42a8-44ac-b1e6-01a8022dda3e\">\n<div class=\"flex w-full flex-col gap-1 juice:empty:hidden juice:first:pt-[3px]\">\n<div class=\"markdown prose w-full break-words dark:prose-invert light\">\n<p>\u03a4\u03bf RandM Dazzle 5000 \u03b5\u03af\u03bd\u03b1\u03b9 \u03bc\u03b9\u03b1 <strong><a href=\"https:\/\/www.elementvape.de\/el\/c\/einweg-zigarette\/\">\u0397\u03bb\u03b5\u03ba\u03c4\u03c1\u03bf\u03bd\u03b9\u03ba\u03ce\u03bd \u03c4\u03c3\u03b9\u03b3\u03ac\u03c1\u03c9\u03bd \u03bc\u03b9\u03b1\u03c2 \u03c7\u03c1\u03ae\u03c3\u03b7\u03c2<\/a> <\/strong>\u03c3\u03c5\u03c3\u03ba\u03b5\u03c5\u03ae \u03bc\u03b5 \u03bc\u03b9\u03b1 \u03b4\u03b7\u03bc\u03bf\u03c6\u03b9\u03bb\u03ae \u03b4\u03b9\u03b1\u03c6\u03b1\u03bd\u03ae \u03b4\u03b5\u03be\u03b1\u03bc\u03b5\u03bd\u03ae, \u03c0\u03bf\u03bb\u03cd\u03c7\u03c1\u03c9\u03bc\u03bf RGB \u03c6\u03c9\u03c2 \u03ba\u03b1\u03b9 \u03b4\u03c5\u03bd\u03b1\u03c4\u03cc\u03c4\u03b7\u03c4\u03b1 \u03b5\u03c0\u03b1\u03bd\u03b1\u03c0\u03bb\u03ae\u03c1\u03c9\u03c3\u03b7\u03c2. \u03a0\u03b5\u03c1\u03b9\u03ad\u03c7\u03b5\u03b9 10 ml 0\/2\/3\/5 % \u03bd\u03b9\u03ba\u03bf\u03c4\u03b9\u03bd\u03b9\u03ba\u03cc \u03b1\u03bb\u03ac\u03c4\u03b9-\u03b7\u03bb\u03b5\u03ba\u03c4\u03c1\u03bf\u03bb\u03cd\u03c4\u03b7 \u03ba\u03b1\u03b9 \u03c0\u03c1\u03bf\u03c3\u03c6\u03ad\u03c1\u03b5\u03b9 \u03ad\u03c9\u03c2 \u03ba\u03b1\u03b9 5000 \u03c4\u03c3\u03b9\u03bc\u03c0\u03ae\u03bc\u03b1\u03c4\u03b1. \u0388\u03c7\u03b5\u03c4\u03b5 \u03b5\u03c0\u03b9\u03bb\u03bf\u03b3\u03ae \u03b1\u03bd\u03ac\u03bc\u03b5\u03c3\u03b1 \u03c3\u03b5 21 \u03b3\u03b5\u03cd\u03c3\u03b5\u03b9\u03c2. \u03a4\u03bf RGB \u03c6\u03c9\u03c2 \u03c4\u03bf \u03ba\u03b1\u03b8\u03b9\u03c3\u03c4\u03ac \u03c4\u03bf \u03c0\u03b9\u03bf \u03b4\u03c1\u03bf\u03c3\u03b5\u03c1\u03cc \u03c0\u03c1\u03bf\u03ca\u03cc\u03bd \u03bc\u03b9\u03b1\u03c2 \u03c7\u03c1\u03ae\u03c3\u03b7\u03c2 \u03ba\u03b1\u03b9 \u03b4\u03b9\u03b1\u03b8\u03ad\u03c4\u03b5\u03b9 \u03b5\u03c0\u03b1\u03bd\u03b1\u03c6\u03bf\u03c1\u03c4\u03b9\u03b6\u03cc\u03bc\u03b5\u03bd\u03b7 \u03b8\u03cd\u03c1\u03b1 USB \u03c3\u03c4\u03bf \u03ba\u03ac\u03c4\u03c9 \u03bc\u03ad\u03c1\u03bf\u03c2 \u03c4\u03b7\u03c2 \u03c3\u03c5\u03c3\u03ba\u03b5\u03c5\u03ae\u03c2, \u03c0\u03bf\u03c5 \u03b5\u03b3\u03b3\u03c5\u03ac\u03c4\u03b1\u03b9 \u03cc\u03c4\u03b9 \u03b8\u03b1 \u03ba\u03b1\u03c4\u03b1\u03bd\u03b1\u03bb\u03ce\u03c3\u03b5\u03c4\u03b5 \u03c4\u03b7\u03bd \u03c4\u03b5\u03bb\u03b5\u03c5\u03c4\u03b1\u03af\u03b1 \u03c3\u03c4\u03b1\u03b3\u03cc\u03bd\u03b1 E-liquid \u03c3\u03c4\u03b7 \u03b4\u03b5\u03be\u03b1\u03bc\u03b5\u03bd\u03ae \u03ba\u03b1\u03b9 \u03c4\u03bf \u03c6\u03c9\u03c2 \u03b8\u03b1 \u03c0\u03b1\u03c1\u03b1\u03bc\u03ad\u03bd\u03b5\u03b9 \u03b1\u03bd\u03b1\u03bc\u03bc\u03ad\u03bd\u03bf \u03cc\u03bb\u03b7 \u03c4\u03b7\u03bd \u03ce\u03c1\u03b1.<\/p>\n<ul>\n<li><strong>\u039d\u03b9\u03ba\u03bf\u03c4\u03b9\u03bd\u03b9\u03ba\u03cc \u03ac\u03bb\u03b1\u03c2<\/strong>: 0\/2\/3\/5 %<\/li>\n<li><strong>\u03a7\u03c9\u03c1\u03b7\u03c4\u03b9\u03ba\u03cc\u03c4\u03b7\u03c4\u03b1 E-Liquid<\/strong>: 10 ml<\/li>\n<li><strong>\u03a4\u03b6\u03bf\u03cd\u03c1\u03b5\u03c2<\/strong>: 5000 \u03c4\u03c3\u03b9\u03bc\u03c0\u03ae\u03bc\u03b1\u03c4\u03b1 \u03b1\u03bd\u03ac \u03c3\u03c5\u03c3\u03ba\u03b5\u03c5\u03ae<\/li>\n<li><strong>RGB \u03c6\u03c9\u03c2<\/strong>: 6 \u03c7\u03c1\u03ce\u03bc\u03b1\u03c4\u03b1<\/li>\n<li><strong>\u0395\u03c0\u03b1\u03bd\u03b1\u03c6\u03bf\u03c1\u03c4\u03b9\u03b6\u03cc\u03bc\u03b5\u03bd\u03b7 \u03bc\u03c0\u03b1\u03c4\u03b1\u03c1\u03af\u03b1<\/strong><\/li>\n<li><strong>\u0395\u03c0\u03b1\u03bd\u03b1\u03c0\u03bb\u03b7\u03c1\u03ce\u03c3\u03b9\u03bc\u03b7 \u03b4\u03b5\u03be\u03b1\u03bc\u03b5\u03bd\u03ae, Mesh Coil<\/strong><\/li>\n<li><strong>\u0395\u03bd\u03c3\u03c9\u03bc\u03b1\u03c4\u03c9\u03bc\u03ad\u03bd\u03b7 \u03bc\u03c0\u03b1\u03c4\u03b1\u03c1\u03af\u03b1 1000mAh<\/strong><\/li>\n<li><strong>\u0394\u03b9\u03b1\u03b8\u03ad\u03c3\u03b9\u03bc\u03b5\u03c2 \u03b3\u03b5\u03cd\u03c3\u03b5\u03b9\u03c2<\/strong>: 21<\/li>\n<li><strong>\u03a3\u03c5\u03c3\u03ba\u03b5\u03c5\u03b1\u03c3\u03af\u03b1<\/strong>: 10 \u03c4\u03b5\u03bc\u03ac\u03c7\u03b9\u03b1 \u03c3\u03b5 \u03bc\u03b9\u03b1 \u03bf\u03b8\u03cc\u03bd\u03b7, 300 \u03c4\u03b5\u03bc\u03ac\u03c7\u03b9\u03b1 \u03c3\u03b5 \u03ad\u03bd\u03b1 \u03ba\u03bf\u03c5\u03c4\u03af.<\/li>\n<\/ul>\n<h2>\u0394\u03b9\u03b1\u03b8\u03ad\u03c3\u03b9\u03bc\u03b5\u03c2 \u03b3\u03b5\u03cd\u03c3\u03b5\u03b9\u03c2:<\/h2>\n<ol>\n<li>\u039b\u03b1\u03c7\u03c4\u03b1\u03c1\u03b9\u03c3\u03c4\u03cc\u03c2 \u03a0\u03ac\u03b3\u03bf\u03c2<\/li>\n<li>\u0393\u03b9\u03b1\u03bf\u03cd\u03c1\u03c4\u03b9 \u03c6\u03c1\u03ac\u03bf\u03c5\u03bb\u03b1\u03c2<\/li>\n<li>\u03a0\u03ac\u03b3\u03bf\u03c2 \u03bc\u03c0\u03b1\u03bd\u03ac\u03bd\u03b1\u03c2<\/li>\n<li>\u039c\u03c0\u03bb\u03b5 Razz Ice<\/li>\n<li>\u03a0\u03bf\u03c1\u03c4\u03bf\u03ba\u03b1\u03bb\u03af \u03bb\u03b5\u03bc\u03bf\u03bd\u03ac\u03b4\u03b1<\/li>\n<li>\u0393\u03bf\u03c5\u03bc\u03bc\u03b9\u03bc\u03c0\u03ad\u03c1\u03c4\u03c3\u03b5\u03bb<\/li>\n<li>\u03a6\u03c1\u03ac\u03bf\u03c5\u03bb\u03b1 \u03ba\u03b1\u03c1\u03c0\u03bf\u03cd\u03b6\u03b9<\/li>\n<li>\u0392\u03b1\u03bc\u03b2\u03b1\u03ba\u03b5\u03c1\u03ac \u03b1\u03c7\u03bb\u03ac\u03b4\u03b9\u03b1<\/li>\n<li>\u03a1\u03cc\u03b4\u03b9<\/li>\n<li>\u03a0\u03b5\u03c1\u03b9\u03c3\u03c4\u03ad\u03c1\u03b9 \u03c0\u03b1\u03b3\u03c9\u03c4\u03cc<\/li>\n<li>\u039a\u03cc\u03ba\u03ba\u03b9\u03bd\u03bf \u03bc\u03ae\u03bb\u03bf \u03ba\u03b1\u03c1\u03c0\u03bf\u03cd\u03b6\u03b9 \u03c0\u03b1\u03b3\u03c9\u03c4\u03cc<\/li>\n<li>\u039c\u03b9\u03ba\u03c4\u03ad\u03c2 \u039c\u03bf\u03cd\u03c1\u03b5\u03c2<\/li>\n<li>\u039a\u03b1\u03c1\u03c6\u03af\u03c4\u03c3\u03b1 \u03ba\u03b1\u03c1\u03c0\u03bf\u03c5\u03b6\u03b9\u03bf\u03cd-\u03ba\u03ad\u03b9\u03ba<\/li>\n<li>\u03a3\u03c4\u03b1\u03c6\u03cd\u03bb\u03b9 \u03c0\u03b1\u03b3\u03c9\u03c4\u03cc<\/li>\n<li>\u039c\u03ac\u03bd\u03b3\u03ba\u03bf-\u0393\u03ba\u03bf\u03c5\u03ac\u03b2\u03b1<\/li>\n<li>\u039a\u03b1\u03c0\u03bd\u03cc\u03c2<\/li>\n<li>\u039a\u03b9\u03b2\u03b9\u03bc\u03c0\u03af\u03c1\u03b9<\/li>\n<li>\u0394\u03c1\u03bf\u03c3\u03b5\u03c1\u03ae \u039c\u03ad\u03bd\u03c4\u03b1<\/li>\n<li>\u03a6\u03c1\u03ac\u03bf\u03c5\u03bb\u03b1-\u039b\u03af\u03c4\u03c3\u03b9<\/li>\n<li>\u0391\u03bb\u03cc\u03b7-\u03c3\u03c4\u03b1\u03c6\u03cd\u03bb\u03b9<\/li>\n<li>Tutti Frutti<\/li>\n<\/ol>\n<h2>\u039b\u03b5\u03c0\u03c4\u03bf\u03bc\u03ad\u03c1\u03b5\u03b9\u03b5\u03c2 \u03c0\u03c1\u03bf\u03ca\u03cc\u03bd\u03c4\u03bf\u03c2:<\/h2>\n<p>1 x RandM Dazzle 5000 RGB \u03a6\u03c9\u03c2 \u03bb\u03b1\u03bc\u03c0\u03b5\u03c1\u03cc \u03bc\u03b9\u03b1\u03c2 \u03c7\u03c1\u03ae\u03c3\u03b7\u03c2 Vape<\/p>\n<\/div>\n<\/div>\n<\/div>\n<\/div>\n<\/div>\n<\/div>","protected":false},"excerpt":{"rendered":"<p>Funktionen des Einwegger\u00e4ts RandM Dazzle 5000: RandM Dazzle 5000 ist ein Einweg-E-Zigaretten Ger\u00e4t mit einem beliebten transparenten Tank, buntem RGB-Licht und der M\u00f6glichkeit zur Nachf\u00fcllung. Es enth\u00e4lt 10 ml 0\/2\/3\/5 % Nikotinsalz-E-Liquid und bietet bis zu 5000 Z\u00fcge. Sie haben die Wahl zwischen 21 Geschmacksrichtungen. Das RGB-Licht macht es zum coolsten Einwegger\u00e4t und es verf\u00fcgt [&hellip;]<\/p>","protected":false},"featured_media":11964,"template":"","meta":{"inline_featured_image":false},"product_cat":[15,78,754,745,742,748,744,755,738,751],"product_tag":[678],"tiered_pricing_type":"fixed","tiered_pricing_fixed_rules":[],"tiered_pricing_percentage_rules":[],"tiered_pricing_minimum":1,"_administrator_tiered_pricing_type":"fixed","_administrator_tiered_pricing_fixed_rules":[],"_editor_tiered_pricing_type":"fixed","_editor_tiered_pricing_fixed_rules":[],"_author_tiered_pricing_type":"fixed","_author_tiered_pricing_fixed_rules":[],"_contributor_tiered_pricing_type":"fixed","_contributor_tiered_pricing_fixed_rules":[],"_subscriber_tiered_pricing_type":"fixed","_subscriber_tiered_pricing_fixed_rules":[],"_customer_tiered_pricing_type":"fixed","_customer_tiered_pricing_fixed_rules":[],"_shop_manager_tiered_pricing_type":"fixed","_shop_manager_tiered_pricing_fixed_rules":[],"_wpseo_manager_tiered_pricing_type":"fixed","_wpseo_manager_tiered_pricing_fixed_rules":[],"_wpseo_editor_tiered_pricing_type":"fixed","_wpseo_editor_tiered_pricing_fixed_rules":[],"_wholesale_customer_tiered_pricing_type":"fixed","_wholesale_customer_tiered_pricing_fixed_rules":[],"_marketer_tiered_pricing_type":"fixed","_marketer_tiered_pricing_fixed_rules":[],"_sales_manager_tiered_pricing_type":"fixed","_sales_manager_tiered_pricing_fixed_rules":[],"_sales_rep_tiered_pricing_type":"fixed","_sales_rep_tiered_pricing_fixed_rules":[],"yoast_head":"<!-- This site is optimized with the Yoast SEO plugin v23.3 - https:\/\/yoast.com\/wordpress\/plugins\/seo\/ -->\n<title>RandM Dazzle 5000 RGB-Licht leuchtender E-Zigaretten Kaufen 5000 Z\u00fcge | ElementVape.de<\/title>\n<meta name=\"description\" content=\"Wir bieten RandM Dazzle 5000 RGB-Licht leuchtender E-Zigaretten Kaufen 5000 Z\u00fcge , Elementvape.de akzeptieren Gro\u00df-und Einzelhandel Bestellungen.\" \/>\n<meta name=\"robots\" content=\"index, follow, max-snippet:-1, max-image-preview:large, max-video-preview:-1\" \/>\n<link rel=\"canonical\" href=\"https:\/\/www.elementvape.de\/el\/produkt\/randm-dazzle-5000-rgb-licht-leuchtender-e-zigaretten-kaufen-5000-zuege\/\" \/>\n<meta property=\"og:locale\" content=\"el_GR\" \/>\n<meta property=\"og:type\" content=\"article\" \/>\n<meta property=\"og:title\" content=\"RandM Dazzle 5000 RGB-Licht leuchtender E-Zigaretten Kaufen 5000 Z\u00fcge | ElementVape.de\" \/>\n<meta property=\"og:description\" content=\"Wir bieten RandM Dazzle 5000 RGB-Licht leuchtender E-Zigaretten Kaufen 5000 Z\u00fcge , Elementvape.de akzeptieren Gro\u00df-und Einzelhandel Bestellungen.\" \/>\n<meta property=\"og:url\" content=\"https:\/\/www.elementvape.de\/el\/produkt\/randm-dazzle-5000-rgb-licht-leuchtender-e-zigaretten-kaufen-5000-zuege\/\" \/>\n<meta property=\"og:site_name\" content=\"ElementVape.de\" \/>\n<meta property=\"article:modified_time\" content=\"2024-09-12T10:36:16+00:00\" \/>\n<meta property=\"og:image\" content=\"https:\/\/www.elementvape.de\/wp-content\/uploads\/2024\/06\/RandMDazzle5000RGBLightGlowingDisposableVape_1.webp\" \/>\n\t<meta property=\"og:image:width\" content=\"800\" \/>\n\t<meta property=\"og:image:height\" content=\"831\" \/>\n\t<meta property=\"og:image:type\" content=\"image\/webp\" \/>\n<meta name=\"twitter:card\" content=\"summary_large_image\" \/>\n<meta name=\"twitter:label1\" content=\"Est. reading time\" \/>\n\t<meta name=\"twitter:data1\" content=\"2 \u03bb\u03b5\u03c0\u03c4\u03ac\" \/>\n<script type=\"application\/ld+json\" class=\"yoast-schema-graph\">{\"@context\":\"https:\/\/schema.org\",\"@graph\":[{\"@type\":\"WebPage\",\"@id\":\"https:\/\/www.elementvape.de\/produkt\/randm-dazzle-5000-rgb-licht-leuchtender-e-zigaretten-kaufen-5000-zuege\/\",\"url\":\"https:\/\/www.elementvape.de\/produkt\/randm-dazzle-5000-rgb-licht-leuchtender-e-zigaretten-kaufen-5000-zuege\/\",\"name\":\"RandM Dazzle 5000 RGB-Licht leuchtender E-Zigaretten Kaufen 5000 Z\u00fcge | ElementVape.de\",\"isPartOf\":{\"@id\":\"https:\/\/www.elementvape.de\/#website\"},\"primaryImageOfPage\":{\"@id\":\"https:\/\/www.elementvape.de\/produkt\/randm-dazzle-5000-rgb-licht-leuchtender-e-zigaretten-kaufen-5000-zuege\/#primaryimage\"},\"image\":{\"@id\":\"https:\/\/www.elementvape.de\/produkt\/randm-dazzle-5000-rgb-licht-leuchtender-e-zigaretten-kaufen-5000-zuege\/#primaryimage\"},\"thumbnailUrl\":\"https:\/\/www.elementvape.de\/wp-content\/uploads\/2024\/06\/RandMDazzle5000RGBLightGlowingDisposableVape_1.webp\",\"datePublished\":\"2024-06-07T10:08:51+00:00\",\"dateModified\":\"2024-09-12T10:36:16+00:00\",\"description\":\"Wir bieten RandM Dazzle 5000 RGB-Licht leuchtender E-Zigaretten Kaufen 5000 Z\u00fcge , Elementvape.de akzeptieren Gro\u00df-und Einzelhandel Bestellungen.\",\"breadcrumb\":{\"@id\":\"https:\/\/www.elementvape.de\/produkt\/randm-dazzle-5000-rgb-licht-leuchtender-e-zigaretten-kaufen-5000-zuege\/#breadcrumb\"},\"inLanguage\":\"el\",\"potentialAction\":[{\"@type\":\"ReadAction\",\"target\":[\"https:\/\/www.elementvape.de\/produkt\/randm-dazzle-5000-rgb-licht-leuchtender-e-zigaretten-kaufen-5000-zuege\/\"]}]},{\"@type\":\"ImageObject\",\"inLanguage\":\"el\",\"@id\":\"https:\/\/www.elementvape.de\/produkt\/randm-dazzle-5000-rgb-licht-leuchtender-e-zigaretten-kaufen-5000-zuege\/#primaryimage\",\"url\":\"https:\/\/www.elementvape.de\/wp-content\/uploads\/2024\/06\/RandMDazzle5000RGBLightGlowingDisposableVape_1.webp\",\"contentUrl\":\"https:\/\/www.elementvape.de\/wp-content\/uploads\/2024\/06\/RandMDazzle5000RGBLightGlowingDisposableVape_1.webp\",\"width\":800,\"height\":831,\"caption\":\"RandMDazzle5000RGBLightGlowingDisposableVape_1\"},{\"@type\":\"BreadcrumbList\",\"@id\":\"https:\/\/www.elementvape.de\/produkt\/randm-dazzle-5000-rgb-licht-leuchtender-e-zigaretten-kaufen-5000-zuege\/#breadcrumb\",\"itemListElement\":[{\"@type\":\"ListItem\",\"position\":1,\"name\":\"Home\",\"item\":\"https:\/\/www.elementvape.de\/\"},{\"@type\":\"ListItem\",\"position\":2,\"name\":\"Shop\",\"item\":\"https:\/\/www.elementvape.de\/shop\/\"},{\"@type\":\"ListItem\",\"position\":3,\"name\":\"RandM Dazzle 5000 RGB-Licht leuchtender E-Zigaretten Kaufen 5000 Z\u00fcge\"}]},{\"@type\":\"WebSite\",\"@id\":\"https:\/\/www.elementvape.de\/#website\",\"url\":\"https:\/\/www.elementvape.de\/\",\"name\":\"ElementVape.de\",\"description\":\"\",\"publisher\":{\"@id\":\"https:\/\/www.elementvape.de\/#organization\"},\"potentialAction\":[{\"@type\":\"SearchAction\",\"target\":{\"@type\":\"EntryPoint\",\"urlTemplate\":\"https:\/\/www.elementvape.de\/?s={search_term_string}\"},\"query-input\":\"required name=search_term_string\"}],\"inLanguage\":\"el\"},{\"@type\":\"Organization\",\"@id\":\"https:\/\/www.elementvape.de\/#organization\",\"name\":\"ElementVape.DE\",\"url\":\"https:\/\/www.elementvape.de\/\",\"logo\":{\"@type\":\"ImageObject\",\"inLanguage\":\"el\",\"@id\":\"https:\/\/www.elementvape.de\/#\/schema\/logo\/image\/\",\"url\":\"https:\/\/www.elementvape.de\/wp-content\/uploads\/2024\/09\/cropped-1elementvape-3.png\",\"contentUrl\":\"https:\/\/www.elementvape.de\/wp-content\/uploads\/2024\/09\/cropped-1elementvape-3.png\",\"width\":285,\"height\":228,\"caption\":\"ElementVape.DE\"},\"image\":{\"@id\":\"https:\/\/www.elementvape.de\/#\/schema\/logo\/image\/\"}}]}<\/script>\n<!-- \/ Yoast SEO plugin. -->","yoast_head_json":{"title":"RandM Dazzle 5000 RGB-Licht leuchtender E-Zigaretten Kaufen 5000 Z\u00fcge | ElementVape.de","description":"Wir bieten RandM Dazzle 5000 RGB-Licht leuchtender E-Zigaretten Kaufen 5000 Z\u00fcge , Elementvape.de akzeptieren Gro\u00df-und Einzelhandel Bestellungen.","robots":{"index":"index","follow":"follow","max-snippet":"max-snippet:-1","max-image-preview":"max-image-preview:large","max-video-preview":"max-video-preview:-1"},"canonical":"https:\/\/www.elementvape.de\/el\/produkt\/randm-dazzle-5000-rgb-licht-leuchtender-e-zigaretten-kaufen-5000-zuege\/","og_locale":"el_GR","og_type":"article","og_title":"RandM Dazzle 5000 RGB-Licht leuchtender E-Zigaretten Kaufen 5000 Z\u00fcge | ElementVape.de","og_description":"Wir bieten RandM Dazzle 5000 RGB-Licht leuchtender E-Zigaretten Kaufen 5000 Z\u00fcge , Elementvape.de akzeptieren Gro\u00df-und Einzelhandel Bestellungen.","og_url":"https:\/\/www.elementvape.de\/el\/produkt\/randm-dazzle-5000-rgb-licht-leuchtender-e-zigaretten-kaufen-5000-zuege\/","og_site_name":"ElementVape.de","article_modified_time":"2024-09-12T10:36:16+00:00","og_image":[{"width":800,"height":831,"url":"https:\/\/www.elementvape.de\/wp-content\/uploads\/2024\/06\/RandMDazzle5000RGBLightGlowingDisposableVape_1.webp","type":"image\/webp"}],"twitter_card":"summary_large_image","twitter_misc":{"Est. reading time":"2 \u03bb\u03b5\u03c0\u03c4\u03ac"},"schema":{"@context":"https:\/\/schema.org","@graph":[{"@type":"WebPage","@id":"https:\/\/www.elementvape.de\/produkt\/randm-dazzle-5000-rgb-licht-leuchtender-e-zigaretten-kaufen-5000-zuege\/","url":"https:\/\/www.elementvape.de\/produkt\/randm-dazzle-5000-rgb-licht-leuchtender-e-zigaretten-kaufen-5000-zuege\/","name":"RandM Dazzle 5000 RGB-Licht leuchtender E-Zigaretten Kaufen 5000 Z\u00fcge | ElementVape.de","isPartOf":{"@id":"https:\/\/www.elementvape.de\/#website"},"primaryImageOfPage":{"@id":"https:\/\/www.elementvape.de\/produkt\/randm-dazzle-5000-rgb-licht-leuchtender-e-zigaretten-kaufen-5000-zuege\/#primaryimage"},"image":{"@id":"https:\/\/www.elementvape.de\/produkt\/randm-dazzle-5000-rgb-licht-leuchtender-e-zigaretten-kaufen-5000-zuege\/#primaryimage"},"thumbnailUrl":"https:\/\/www.elementvape.de\/wp-content\/uploads\/2024\/06\/RandMDazzle5000RGBLightGlowingDisposableVape_1.webp","datePublished":"2024-06-07T10:08:51+00:00","dateModified":"2024-09-12T10:36:16+00:00","description":"Wir bieten RandM Dazzle 5000 RGB-Licht leuchtender E-Zigaretten Kaufen 5000 Z\u00fcge , Elementvape.de akzeptieren Gro\u00df-und Einzelhandel Bestellungen.","breadcrumb":{"@id":"https:\/\/www.elementvape.de\/produkt\/randm-dazzle-5000-rgb-licht-leuchtender-e-zigaretten-kaufen-5000-zuege\/#breadcrumb"},"inLanguage":"el","potentialAction":[{"@type":"ReadAction","target":["https:\/\/www.elementvape.de\/produkt\/randm-dazzle-5000-rgb-licht-leuchtender-e-zigaretten-kaufen-5000-zuege\/"]}]},{"@type":"ImageObject","inLanguage":"el","@id":"https:\/\/www.elementvape.de\/produkt\/randm-dazzle-5000-rgb-licht-leuchtender-e-zigaretten-kaufen-5000-zuege\/#primaryimage","url":"https:\/\/www.elementvape.de\/wp-content\/uploads\/2024\/06\/RandMDazzle5000RGBLightGlowingDisposableVape_1.webp","contentUrl":"https:\/\/www.elementvape.de\/wp-content\/uploads\/2024\/06\/RandMDazzle5000RGBLightGlowingDisposableVape_1.webp","width":800,"height":831,"caption":"RandMDazzle5000RGBLightGlowingDisposableVape_1"},{"@type":"BreadcrumbList","@id":"https:\/\/www.elementvape.de\/produkt\/randm-dazzle-5000-rgb-licht-leuchtender-e-zigaretten-kaufen-5000-zuege\/#breadcrumb","itemListElement":[{"@type":"ListItem","position":1,"name":"Home","item":"https:\/\/www.elementvape.de\/"},{"@type":"ListItem","position":2,"name":"Shop","item":"https:\/\/www.elementvape.de\/shop\/"},{"@type":"ListItem","position":3,"name":"RandM Dazzle 5000 RGB-Licht leuchtender E-Zigaretten Kaufen 5000 Z\u00fcge"}]},{"@type":"WebSite","@id":"https:\/\/www.elementvape.de\/#website","url":"https:\/\/www.elementvape.de\/","name":"ElementVape.de","description":"","publisher":{"@id":"https:\/\/www.elementvape.de\/#organization"},"potentialAction":[{"@type":"SearchAction","target":{"@type":"EntryPoint","urlTemplate":"https:\/\/www.elementvape.de\/?s={search_term_string}"},"query-input":"required name=search_term_string"}],"inLanguage":"el"},{"@type":"Organization","@id":"https:\/\/www.elementvape.de\/#organization","name":"ElementVape.DE","url":"https:\/\/www.elementvape.de\/","logo":{"@type":"ImageObject","inLanguage":"el","@id":"https:\/\/www.elementvape.de\/#\/schema\/logo\/image\/","url":"https:\/\/www.elementvape.de\/wp-content\/uploads\/2024\/09\/cropped-1elementvape-3.png","contentUrl":"https:\/\/www.elementvape.de\/wp-content\/uploads\/2024\/09\/cropped-1elementvape-3.png","width":285,"height":228,"caption":"ElementVape.DE"},"image":{"@id":"https:\/\/www.elementvape.de\/#\/schema\/logo\/image\/"}}]}},"_links":{"self":[{"href":"https:\/\/www.elementvape.de\/el\/wp-json\/wp\/v2\/product\/11963"}],"collection":[{"href":"https:\/\/www.elementvape.de\/el\/wp-json\/wp\/v2\/product"}],"about":[{"href":"https:\/\/www.elementvape.de\/el\/wp-json\/wp\/v2\/types\/product"}],"wp:featuredmedia":[{"embeddable":true,"href":"https:\/\/www.elementvape.de\/el\/wp-json\/wp\/v2\/media\/11964"}],"wp:attachment":[{"href":"https:\/\/www.elementvape.de\/el\/wp-json\/wp\/v2\/media?parent=11963"}],"wp:term":[{"taxonomy":"product_cat","embeddable":true,"href":"https:\/\/www.elementvape.de\/el\/wp-json\/wp\/v2\/product_cat?post=11963"},{"taxonomy":"product_tag","embeddable":true,"href":"https:\/\/www.elementvape.de\/el\/wp-json\/wp\/v2\/product_tag?post=11963"}],"curies":[{"name":"wp","href":"https:\/\/api.w.org\/{rel}","templated":true}]}}