{"id":11924,"date":"2024-06-07T09:54:38","date_gmt":"2024-06-07T09:54:38","guid":{"rendered":"https:\/\/www.elementvape.de\/?post_type=product&#038;p=11924"},"modified":"2024-09-12T10:36:16","modified_gmt":"2024-09-12T10:36:16","slug":"randm-tornado-8000-kaufen-einweg-e-zigaretten-8000-zuege","status":"publish","type":"product","link":"https:\/\/www.elementvape.de\/el\/produkt\/randm-tornado-8000-kaufen-einweg-e-zigaretten-8000-zuege\/","title":{"rendered":"RandM Tornado 8000 \u0391\u03b3\u03bf\u03c1\u03ac\u03c3\u03c4\u03b5 \u0391\u03bd\u03b1\u03bb\u03ce\u03c3\u03b9\u03bc\u03b1 \u0397\u03bb\u03b5\u03ba\u03c4\u03c1\u03bf\u03bd\u03b9\u03ba\u03ac \u03a4\u03c3\u03b9\u03b3\u03ac\u03c1\u03b1 8000 \u03c4\u03c3\u03b9\u03bc\u03c0\u03ae\u03bc\u03b1\u03c4\u03b1"},"content":{"rendered":"<h2>\u03a7\u03b1\u03c1\u03b1\u03ba\u03c4\u03b7\u03c1\u03b9\u03c3\u03c4\u03b9\u03ba\u03ac \u03c4\u03bf\u03c5 RandM Tornado 8000:<\/h2>\n<ul>\n<li><strong>\u03a0\u03b5\u03c1\u03b9\u03b5\u03ba\u03c4\u03b9\u03ba\u03cc\u03c4\u03b7\u03c4\u03b1 \u03c3\u03b5 \u03bd\u03b9\u03ba\u03bf\u03c4\u03af\u03bd\u03b7<\/strong>: \u0394\u03b9\u03b1\u03b8\u03ad\u03c3\u03b9\u03bc\u03bf \u03c3\u03b5 0%, 2%, 3% \u03ba\u03b1\u03b9 5% \u039d\u03b9\u03ba\u03bf\u03c4\u03b9\u03bd\u03b9\u03ba\u03cc \u03b1\u03bb\u03ac\u03c4\u03b9.<\/li>\n<li><strong>\u03a7\u03c9\u03c1\u03b7\u03c4\u03b9\u03ba\u03cc\u03c4\u03b7\u03c4\u03b1 E-Liquid<\/strong>: 16 ml.<\/li>\n<li><strong>\u0388\u03bb\u03b5\u03b3\u03c7\u03bf\u03c2 \u03c1\u03bf\u03ae\u03c2 \u03b1\u03ad\u03c1\u03b1<\/strong>: \u0395\u03c0\u03b9\u03c4\u03c1\u03ad\u03c0\u03b5\u03b9 \u03c4\u03b7\u03bd \u03c0\u03c1\u03bf\u03c3\u03b1\u03c1\u03bc\u03bf\u03b3\u03ae \u03c4\u03b7\u03c2 \u03c1\u03bf\u03ae\u03c2 \u03b1\u03ad\u03c1\u03b1 \u03c3\u03cd\u03bc\u03c6\u03c9\u03bd\u03b1 \u03bc\u03b5 \u03c4\u03b9\u03c2 \u03c0\u03c1\u03bf\u03c3\u03c9\u03c0\u03b9\u03ba\u03ad\u03c2 \u03c0\u03c1\u03bf\u03c4\u03b9\u03bc\u03ae\u03c3\u03b5\u03b9\u03c2.<\/li>\n<li><strong>\u039c\u03c0\u03b1\u03c4\u03b1\u03c1\u03af\u03b1 \u03c0\u03bb\u03ad\u03b3\u03bc\u03b1\u03c4\u03bf\u03c2-\u03c0\u03b7\u03bd\u03af\u03bf\u03c5<\/strong>: \u0395\u03be\u03b1\u03c3\u03c6\u03b1\u03bb\u03af\u03b6\u03b5\u03b9 \u03bf\u03bc\u03bf\u03b9\u03cc\u03bc\u03bf\u03c1\u03c6\u03b7 \u03ba\u03b1\u03b9 \u03ad\u03bd\u03c4\u03bf\u03bd\u03b7 \u03c0\u03b1\u03c1\u03b1\u03b3\u03c9\u03b3\u03ae \u03b1\u03c4\u03bc\u03bf\u03cd.<\/li>\n<li><strong>\u0395\u03c0\u03b1\u03bd\u03b1\u03c6\u03bf\u03c1\u03c4\u03b9\u03b6\u03cc\u03bc\u03b5\u03bd\u03b7 \u03bc\u03c0\u03b1\u03c4\u03b1\u03c1\u03af\u03b1<\/strong>: \u0395\u03bd\u03c3\u03c9\u03bc\u03b1\u03c4\u03c9\u03bc\u03ad\u03bd\u03b7 \u03bc\u03c0\u03b1\u03c4\u03b1\u03c1\u03af\u03b1 850 mAh \u03bc\u03b5 \u03b8\u03cd\u03c1\u03b1 Type-C \u03c3\u03c4\u03bf \u03ba\u03ac\u03c4\u03c9 \u03bc\u03ad\u03c1\u03bf\u03c2 \u03c4\u03b7\u03c2 \u03c3\u03c5\u03c3\u03ba\u03b5\u03c5\u03ae\u03c2.<\/li>\n<li><strong>\u03a4\u03b6\u03bf\u03cd\u03c1\u03b5\u03c2<\/strong>: \u03a0\u03c1\u03bf\u03c3\u03c6\u03ad\u03c1\u03b5\u03b9 \u03ad\u03c9\u03c2 \u03ba\u03b1\u03b9 8000 \u03c4\u03c3\u03b9\u03bc\u03c0\u03ae\u03bc\u03b1\u03c4\u03b1 \u03b1\u03bd\u03ac \u03c3\u03c5\u03c3\u03ba\u03b5\u03c5\u03ae.<\/li>\n<li><strong>\u03a3\u03c5\u03c3\u03ba\u03b5\u03c5\u03b1\u03c3\u03af\u03b1<\/strong>: 10 \u03c4\u03b5\u03bc\u03ac\u03c7\u03b9\u03b1 \u03c3\u03c4\u03b7\u03bd \u03bf\u03b8\u03cc\u03bd\u03b7, 240 \u03c4\u03b5\u03bc\u03ac\u03c7\u03b9\u03b1 \u03c3\u03b5 \u03ba\u03bf\u03c5\u03c4\u03af.<\/li>\n<\/ul>\n<h2>\u0394\u03b9\u03b1\u03b8\u03ad\u03c3\u03b9\u03bc\u03b5\u03c2 \u03b3\u03b5\u03cd\u03c3\u03b5\u03b9\u03c2:<\/h2>\n<ol>\n<li>\u039b\u03b1\u03c7\u03c4\u03b1\u03c1\u03b9\u03c3\u03c4\u03cc\u03c2 \u03a0\u03ac\u03b3\u03bf\u03c2<\/li>\n<li>\u039c\u03c0\u03bb\u03b5 Razz Ice<\/li>\n<li>\u03a6\u03c1\u03ac\u03bf\u03c5\u03bb\u03b1-\u03ba\u03b1\u03c1\u03c0\u03bf\u03cd\u03b6\u03b9<\/li>\n<li>\u03a6\u03c1\u03ac\u03bf\u03c5\u03bb\u03b1 \u039b\u03b5\u03bc\u03bf\u03bd\u03ac\u03b4\u03b1<\/li>\n<li>\u039e\u03b9\u03bd\u03cc \u039c\u03ae\u03bb\u03bf<\/li>\n<li>\u0392\u03b1\u03bc\u03b2\u03b1\u03ba\u03b5\u03c1\u03cc \u039c\u03ae\u03bb\u03bf<\/li>\n<li>\u039a\u03b1\u03c1\u03b1\u03bc\u03ad\u03bb\u03b1 Skittles<\/li>\n<li>\u0393\u03bf\u03c5\u03bc\u03bc\u03b9\u03bc\u03c0\u03ad\u03c1\u03c4\u03c3\u03b5\u03bb<\/li>\n<li>\u03a3\u03c4\u03b1\u03c6\u03cd\u03bb\u03b9 \u03a0\u03bf\u03c1\u03c4\u03bf\u03ba\u03ac\u03bb\u03b9<\/li>\n<li>\u03a0\u03b1\u03b3\u03c9\u03c4\u03cc \u039c\u03ad\u03bb\u03b9 \u039a\u03b1\u03c1\u03c0\u03bf\u03cd\u03b6\u03b9<\/li>\n<li>\u03a0\u03b1\u03b3\u03c9\u03c4\u03cc \u039a\u03b1\u03c1\u03c0\u03bf\u03cd\u03b6\u03b9<\/li>\n<li>\u039a\u03cc\u03ba\u03ba\u03b9\u03bd\u03bf \u039c\u03ae\u03bb\u03bf-\u039a\u03b1\u03c1\u03c0\u03bf\u03cd\u03b6\u03b9<\/li>\n<li>\u03a0\u03b1\u03b3\u03c9\u03c4\u03cc \u03a1\u03cc\u03b4\u03b9<\/li>\n<li>\u03a0\u03ac\u03b3\u03bf\u03c2 \u03bc\u03c0\u03b1\u03bd\u03ac\u03bd\u03b1\u03c2<\/li>\n<li>\u03a0\u03b1\u03b3\u03c9\u03c4\u03cc \u039c\u03c0\u03bb\u03bf\u03cd\u03bc\u03c0\u03b5\u03c1\u03b9<\/li>\n<li>\u0394\u03c1\u03bf\u03c3\u03b5\u03c1\u03ae \u039c\u03ad\u03bd\u03c4\u03b1<\/li>\n<li>\u03a6\u03c1\u03ac\u03bf\u03c5\u03bb\u03b1-\u039a\u03af\u03c4\u03c1\u03b9\u03bd\u03b7<\/li>\n<li>\u03a1\u03bf\u03b4\u03ac\u03ba\u03b9\u03bd\u03bf-\u039c\u03ac\u03bd\u03b3\u03ba\u03bf<\/li>\n<li>\u03a0\u03af\u03bd\u03b1 \u039a\u03bf\u03bb\u03ac\u03b4\u03b1<\/li>\n<li>\u039a\u03b5\u03c1\u03ac\u03c3\u03b9 \u039b\u03af\u03c4\u03c3\u03b9<\/li>\n<li>\u039c\u03c0\u03bb\u03b5 \u03c4\u03c3\u03af\u03c7\u03bb\u03b1<\/li>\n<li>\u039a\u03b1\u03c1\u03c0\u03bf\u03cd\u03b6\u03b9<\/li>\n<li>\u039e\u03b9\u03bd\u03cc \u039c\u03c0\u03bb\u03bf\u03cd\u03bc\u03c0\u03b5\u03c1\u03b9-\u03a1\u03bf\u03bc\u03c0\u03b5\u03c1\u03af<\/li>\n<li>\u03a0\u03b1\u03b3\u03c9\u03c4\u03cc \u03a3\u03c4\u03b1\u03c6\u03cd\u03bb\u03b9<\/li>\n<li>\u039c\u03c0\u03bb\u03bf\u03cd\u03bc\u03c0\u03b5\u03c1\u03b9-\u03a1\u03cc\u03b4\u03b9<\/li>\n<li>\u039a\u03cd\u03c1\u03b9\u03bf\u03c2 \u039c\u03c0\u03bb\u03b5<\/li>\n<li>\u03a1\u03bf\u03bc\u03c0\u03b5\u03c1\u03af-\u039c\u03c0\u03bb\u03bf\u03cd\u03bc\u03c0\u03b5\u03c1\u03b9<\/li>\n<li>\u03a0\u03ac\u03b3\u03bf\u03c2 \u03c6\u03c1\u03ac\u03bf\u03c5\u03bb\u03b1\u03c2<\/li>\n<li>\u03a0\u03b1\u03b3\u03c9\u03c4\u03cc \u03ba\u03b5\u03c1\u03ac\u03c3\u03b9-\u03ba\u03cc\u03ba\u03b1-\u03c0\u03b1\u03b3\u03c9\u03c4\u03cc<\/li>\n<li>Red Bull<\/li>\n<li>\u03a1\u03bf\u03b6 \u039b\u03b5\u03bc\u03bf\u03bd\u03ac\u03b4\u03b1<\/li>\n<\/ol>\n<h3>\u039b\u03b5\u03c0\u03c4\u03bf\u03bc\u03ad\u03c1\u03b5\u03b9\u03b5\u03c2 \u03c0\u03c1\u03bf\u03ca\u03cc\u03bd\u03c4\u03bf\u03c2:<\/h3>\n<ul>\n<li><strong>\u03a0\u03b5\u03c1\u03b9\u03b5\u03c7\u03cc\u03bc\u03b5\u03bd\u03bf \u03c3\u03c5\u03c3\u03ba\u03b5\u03c5\u03b1\u03c3\u03af\u03b1\u03c2<\/strong>: 1 x RandM Tornado 8000 \u03bc\u03b9\u03b1\u03c2 \u03c7\u03c1\u03ae\u03c3\u03b7\u03c2 \u03b1\u03c4\u03bc\u03b9\u03c3\u03c4\u03b9\u03ba\u03cc, \u03c0\u03c1\u03bf\u03c3\u03c6\u03ad\u03c1\u03b5\u03b9 8000 \u03c4\u03c3\u03b9\u03bc\u03c0\u03ae\u03bc\u03b1\u03c4\u03b1.<\/li>\n<\/ul>\n<p>\u0391\u03c5\u03c4\u03ae \u03b7 \u03c3\u03c5\u03c3\u03ba\u03b5\u03c5\u03ae \u03c0\u03c1\u03bf\u03c3\u03c6\u03ad\u03c1\u03b5\u03b9 \u03bc\u03b9\u03b1 \u03c0\u03bf\u03b9\u03ba\u03b9\u03bb\u03af\u03b1 \u03b3\u03b5\u03cd\u03c3\u03b5\u03c9\u03bd \u03ba\u03b1\u03b9 \u03bb\u03b5\u03b9\u03c4\u03bf\u03c5\u03c1\u03b3\u03b9\u03ce\u03bd \u03b3\u03b9\u03b1 \u03bd\u03b1 \u03ba\u03b1\u03bb\u03cd\u03c8\u03b5\u03b9 \u03c4\u03b9\u03c2 \u03b1\u03bd\u03ac\u03b3\u03ba\u03b5\u03c2 \u03b4\u03b9\u03b1\u03c6\u03cc\u03c1\u03c9\u03bd \u03b1\u03c4\u03bc\u03b9\u03c3\u03c4\u03ce\u03bd. \u0397 \u03b5\u03c0\u03b1\u03bd\u03b1\u03c6\u03bf\u03c1\u03c4\u03b9\u03b6\u03cc\u03bc\u03b5\u03bd\u03b7 \u03bb\u03b5\u03b9\u03c4\u03bf\u03c5\u03c1\u03b3\u03af\u03b1 \u03ba\u03b1\u03b9 \u03b7 \u03bc\u03b5\u03b3\u03ac\u03bb\u03b7 \u03b5\u03c0\u03b9\u03bb\u03bf\u03b3\u03ae \u03c3\u03b5 \u03bd\u03b9\u03ba\u03bf\u03c4\u03af\u03bd\u03b7 \u03ba\u03b1\u03b9 \u03b3\u03b5\u03cd\u03c3\u03b5\u03b9\u03c2 \u03ba\u03b1\u03b8\u03b9\u03c3\u03c4\u03bf\u03cd\u03bd \u03c4\u03bf RandM Tornado 8000 \u03bc\u03b9\u03b1 \u03b5\u03c5\u03ad\u03bb\u03b9\u03ba\u03c4\u03b7 \u03ba\u03b1\u03b9 \u03c6\u03b9\u03bb\u03b9\u03ba\u03ae \u03c0\u03c1\u03bf\u03c2 \u03c4\u03bf\u03bd \u03c7\u03c1\u03ae\u03c3\u03c4\u03b7 \u03b5\u03c0\u03b9\u03bb\u03bf\u03b3\u03ae \u03b3\u03b9\u03b1 \u03c4\u03bf\u03c5\u03c2 \u03b1\u03c4\u03bc\u03b9\u03c3\u03c4\u03ad\u03c2.<\/p>","protected":false},"excerpt":{"rendered":"<p>Merkmale des RandM Tornado 8000: Nikotingehalt: Verf\u00fcgbar in 0%, 2%, 3% und 5% Nikotinsalz. E-Liquid Kapazit\u00e4t: 16 ml. Luftstromkontrolle: Erm\u00f6glicht die Anpassung des Luftstroms nach den pers\u00f6nlichen Vorlieben. Mesh-Spulenbatterie: Sorgt f\u00fcr gleichm\u00e4\u00dfige und intensive Dampfproduktion. Wiederaufladbarer Akku: Eingebauter 850-mAh-Akku mit Typ-C-Anschluss an der Unterseite des Ger\u00e4ts. Z\u00fcge: Bietet bis zu 8000 Z\u00fcge pro Ger\u00e4t. Verpackung: [&hellip;]<\/p>","protected":false},"featured_media":11925,"template":"","meta":{"inline_featured_image":false},"product_cat":[78,754,745,742,748,744,755,738,751],"product_tag":[683],"tiered_pricing_type":"fixed","tiered_pricing_fixed_rules":[],"tiered_pricing_percentage_rules":[],"tiered_pricing_minimum":1,"_administrator_tiered_pricing_type":"fixed","_administrator_tiered_pricing_fixed_rules":[],"_editor_tiered_pricing_type":"fixed","_editor_tiered_pricing_fixed_rules":[],"_author_tiered_pricing_type":"fixed","_author_tiered_pricing_fixed_rules":[],"_contributor_tiered_pricing_type":"fixed","_contributor_tiered_pricing_fixed_rules":[],"_subscriber_tiered_pricing_type":"fixed","_subscriber_tiered_pricing_fixed_rules":[],"_customer_tiered_pricing_type":"fixed","_customer_tiered_pricing_fixed_rules":[],"_shop_manager_tiered_pricing_type":"fixed","_shop_manager_tiered_pricing_fixed_rules":[],"_wpseo_manager_tiered_pricing_type":"fixed","_wpseo_manager_tiered_pricing_fixed_rules":[],"_wpseo_editor_tiered_pricing_type":"fixed","_wpseo_editor_tiered_pricing_fixed_rules":[],"_wholesale_customer_tiered_pricing_type":"fixed","_wholesale_customer_tiered_pricing_fixed_rules":[],"_marketer_tiered_pricing_type":"fixed","_marketer_tiered_pricing_fixed_rules":[],"_sales_manager_tiered_pricing_type":"fixed","_sales_manager_tiered_pricing_fixed_rules":[],"_sales_rep_tiered_pricing_type":"fixed","_sales_rep_tiered_pricing_fixed_rules":[],"yoast_head":"<!-- This site is optimized with the Yoast SEO plugin v23.3 - https:\/\/yoast.com\/wordpress\/plugins\/seo\/ -->\n<title>RandM Tornado 8000 Kaufen Einweg-E-Zigaretten 8000 Z\u00fcge | ElementVape.de<\/title>\n<meta name=\"description\" content=\"Wir bieten RandM Tornado 8000 Kaufen Einweg-E-Zigaretten 8000 Z\u00fcge , Elementvape.de akzeptieren Gro\u00df-und Einzelhandel Bestellungen.\" \/>\n<meta name=\"robots\" content=\"index, follow, max-snippet:-1, max-image-preview:large, max-video-preview:-1\" \/>\n<link rel=\"canonical\" href=\"https:\/\/www.elementvape.de\/el\/produkt\/randm-tornado-8000-kaufen-einweg-e-zigaretten-8000-zuege\/\" \/>\n<meta property=\"og:locale\" content=\"el_GR\" \/>\n<meta property=\"og:type\" content=\"article\" \/>\n<meta property=\"og:title\" content=\"RandM Tornado 8000 Kaufen Einweg-E-Zigaretten 8000 Z\u00fcge | ElementVape.de\" \/>\n<meta property=\"og:description\" content=\"Wir bieten RandM Tornado 8000 Kaufen Einweg-E-Zigaretten 8000 Z\u00fcge , Elementvape.de akzeptieren Gro\u00df-und Einzelhandel Bestellungen.\" \/>\n<meta property=\"og:url\" content=\"https:\/\/www.elementvape.de\/el\/produkt\/randm-tornado-8000-kaufen-einweg-e-zigaretten-8000-zuege\/\" \/>\n<meta property=\"og:site_name\" content=\"ElementVape.de\" \/>\n<meta property=\"article:modified_time\" content=\"2024-09-12T10:36:16+00:00\" \/>\n<meta property=\"og:image\" content=\"https:\/\/www.elementvape.de\/wp-content\/uploads\/2024\/06\/RANDMTORNADO8000AIRFLOWCONTROLDISPOSABLEVAPE_2.webp\" \/>\n\t<meta property=\"og:image:width\" content=\"800\" \/>\n\t<meta property=\"og:image:height\" content=\"800\" \/>\n\t<meta property=\"og:image:type\" content=\"image\/webp\" \/>\n<meta name=\"twitter:card\" content=\"summary_large_image\" \/>\n<meta name=\"twitter:label1\" content=\"Est. reading time\" \/>\n\t<meta name=\"twitter:data1\" content=\"2 \u03bb\u03b5\u03c0\u03c4\u03ac\" \/>\n<script type=\"application\/ld+json\" class=\"yoast-schema-graph\">{\"@context\":\"https:\/\/schema.org\",\"@graph\":[{\"@type\":\"WebPage\",\"@id\":\"https:\/\/www.elementvape.de\/da\/produkt\/randm-tornado-8000-kaufen-einweg-e-zigaretten-8000-zuege\/\",\"url\":\"https:\/\/www.elementvape.de\/da\/produkt\/randm-tornado-8000-kaufen-einweg-e-zigaretten-8000-zuege\/\",\"name\":\"RandM Tornado 8000 Kaufen Einweg-E-Zigaretten 8000 Z\u00fcge | ElementVape.de\",\"isPartOf\":{\"@id\":\"https:\/\/www.elementvape.de\/#website\"},\"primaryImageOfPage\":{\"@id\":\"https:\/\/www.elementvape.de\/da\/produkt\/randm-tornado-8000-kaufen-einweg-e-zigaretten-8000-zuege\/#primaryimage\"},\"image\":{\"@id\":\"https:\/\/www.elementvape.de\/da\/produkt\/randm-tornado-8000-kaufen-einweg-e-zigaretten-8000-zuege\/#primaryimage\"},\"thumbnailUrl\":\"https:\/\/www.elementvape.de\/wp-content\/uploads\/2024\/06\/RANDMTORNADO8000AIRFLOWCONTROLDISPOSABLEVAPE_2.webp\",\"datePublished\":\"2024-06-07T09:54:38+00:00\",\"dateModified\":\"2024-09-12T10:36:16+00:00\",\"description\":\"Wir bieten RandM Tornado 8000 Kaufen Einweg-E-Zigaretten 8000 Z\u00fcge , Elementvape.de akzeptieren Gro\u00df-und Einzelhandel Bestellungen.\",\"breadcrumb\":{\"@id\":\"https:\/\/www.elementvape.de\/da\/produkt\/randm-tornado-8000-kaufen-einweg-e-zigaretten-8000-zuege\/#breadcrumb\"},\"inLanguage\":\"el\",\"potentialAction\":[{\"@type\":\"ReadAction\",\"target\":[\"https:\/\/www.elementvape.de\/da\/produkt\/randm-tornado-8000-kaufen-einweg-e-zigaretten-8000-zuege\/\"]}]},{\"@type\":\"ImageObject\",\"inLanguage\":\"el\",\"@id\":\"https:\/\/www.elementvape.de\/da\/produkt\/randm-tornado-8000-kaufen-einweg-e-zigaretten-8000-zuege\/#primaryimage\",\"url\":\"https:\/\/www.elementvape.de\/wp-content\/uploads\/2024\/06\/RANDMTORNADO8000AIRFLOWCONTROLDISPOSABLEVAPE_2.webp\",\"contentUrl\":\"https:\/\/www.elementvape.de\/wp-content\/uploads\/2024\/06\/RANDMTORNADO8000AIRFLOWCONTROLDISPOSABLEVAPE_2.webp\",\"width\":800,\"height\":800,\"caption\":\"RANDMTORNADO8000AIRFLOWCONTROLDISPOSABLEVAPE_2\"},{\"@type\":\"BreadcrumbList\",\"@id\":\"https:\/\/www.elementvape.de\/da\/produkt\/randm-tornado-8000-kaufen-einweg-e-zigaretten-8000-zuege\/#breadcrumb\",\"itemListElement\":[{\"@type\":\"ListItem\",\"position\":1,\"name\":\"Home\",\"item\":\"https:\/\/www.elementvape.de\/\"},{\"@type\":\"ListItem\",\"position\":2,\"name\":\"Shop\",\"item\":\"https:\/\/www.elementvape.de\/shop\/\"},{\"@type\":\"ListItem\",\"position\":3,\"name\":\"RandM Tornado 8000 Kaufen Einweg-E-Zigaretten 8000 Z\u00fcge\"}]},{\"@type\":\"WebSite\",\"@id\":\"https:\/\/www.elementvape.de\/#website\",\"url\":\"https:\/\/www.elementvape.de\/\",\"name\":\"ElementVape.de\",\"description\":\"\",\"publisher\":{\"@id\":\"https:\/\/www.elementvape.de\/#organization\"},\"potentialAction\":[{\"@type\":\"SearchAction\",\"target\":{\"@type\":\"EntryPoint\",\"urlTemplate\":\"https:\/\/www.elementvape.de\/?s={search_term_string}\"},\"query-input\":\"required name=search_term_string\"}],\"inLanguage\":\"el\"},{\"@type\":\"Organization\",\"@id\":\"https:\/\/www.elementvape.de\/#organization\",\"name\":\"ElementVape.DE\",\"url\":\"https:\/\/www.elementvape.de\/\",\"logo\":{\"@type\":\"ImageObject\",\"inLanguage\":\"el\",\"@id\":\"https:\/\/www.elementvape.de\/#\/schema\/logo\/image\/\",\"url\":\"https:\/\/www.elementvape.de\/wp-content\/uploads\/2024\/09\/cropped-1elementvape-3.png\",\"contentUrl\":\"https:\/\/www.elementvape.de\/wp-content\/uploads\/2024\/09\/cropped-1elementvape-3.png\",\"width\":285,\"height\":228,\"caption\":\"ElementVape.DE\"},\"image\":{\"@id\":\"https:\/\/www.elementvape.de\/#\/schema\/logo\/image\/\"}}]}<\/script>\n<!-- \/ Yoast SEO plugin. -->","yoast_head_json":{"title":"RandM Tornado 8000 Kaufen Einweg-E-Zigaretten 8000 Z\u00fcge | ElementVape.de","description":"Wir bieten RandM Tornado 8000 Kaufen Einweg-E-Zigaretten 8000 Z\u00fcge , Elementvape.de akzeptieren Gro\u00df-und Einzelhandel Bestellungen.","robots":{"index":"index","follow":"follow","max-snippet":"max-snippet:-1","max-image-preview":"max-image-preview:large","max-video-preview":"max-video-preview:-1"},"canonical":"https:\/\/www.elementvape.de\/el\/produkt\/randm-tornado-8000-kaufen-einweg-e-zigaretten-8000-zuege\/","og_locale":"el_GR","og_type":"article","og_title":"RandM Tornado 8000 Kaufen Einweg-E-Zigaretten 8000 Z\u00fcge | ElementVape.de","og_description":"Wir bieten RandM Tornado 8000 Kaufen Einweg-E-Zigaretten 8000 Z\u00fcge , Elementvape.de akzeptieren Gro\u00df-und Einzelhandel Bestellungen.","og_url":"https:\/\/www.elementvape.de\/el\/produkt\/randm-tornado-8000-kaufen-einweg-e-zigaretten-8000-zuege\/","og_site_name":"ElementVape.de","article_modified_time":"2024-09-12T10:36:16+00:00","og_image":[{"width":800,"height":800,"url":"https:\/\/www.elementvape.de\/wp-content\/uploads\/2024\/06\/RANDMTORNADO8000AIRFLOWCONTROLDISPOSABLEVAPE_2.webp","type":"image\/webp"}],"twitter_card":"summary_large_image","twitter_misc":{"Est. reading time":"2 \u03bb\u03b5\u03c0\u03c4\u03ac"},"schema":{"@context":"https:\/\/schema.org","@graph":[{"@type":"WebPage","@id":"https:\/\/www.elementvape.de\/da\/produkt\/randm-tornado-8000-kaufen-einweg-e-zigaretten-8000-zuege\/","url":"https:\/\/www.elementvape.de\/da\/produkt\/randm-tornado-8000-kaufen-einweg-e-zigaretten-8000-zuege\/","name":"RandM Tornado 8000 Kaufen Einweg-E-Zigaretten 8000 Z\u00fcge | ElementVape.de","isPartOf":{"@id":"https:\/\/www.elementvape.de\/#website"},"primaryImageOfPage":{"@id":"https:\/\/www.elementvape.de\/da\/produkt\/randm-tornado-8000-kaufen-einweg-e-zigaretten-8000-zuege\/#primaryimage"},"image":{"@id":"https:\/\/www.elementvape.de\/da\/produkt\/randm-tornado-8000-kaufen-einweg-e-zigaretten-8000-zuege\/#primaryimage"},"thumbnailUrl":"https:\/\/www.elementvape.de\/wp-content\/uploads\/2024\/06\/RANDMTORNADO8000AIRFLOWCONTROLDISPOSABLEVAPE_2.webp","datePublished":"2024-06-07T09:54:38+00:00","dateModified":"2024-09-12T10:36:16+00:00","description":"Wir bieten RandM Tornado 8000 Kaufen Einweg-E-Zigaretten 8000 Z\u00fcge , Elementvape.de akzeptieren Gro\u00df-und Einzelhandel Bestellungen.","breadcrumb":{"@id":"https:\/\/www.elementvape.de\/da\/produkt\/randm-tornado-8000-kaufen-einweg-e-zigaretten-8000-zuege\/#breadcrumb"},"inLanguage":"el","potentialAction":[{"@type":"ReadAction","target":["https:\/\/www.elementvape.de\/da\/produkt\/randm-tornado-8000-kaufen-einweg-e-zigaretten-8000-zuege\/"]}]},{"@type":"ImageObject","inLanguage":"el","@id":"https:\/\/www.elementvape.de\/da\/produkt\/randm-tornado-8000-kaufen-einweg-e-zigaretten-8000-zuege\/#primaryimage","url":"https:\/\/www.elementvape.de\/wp-content\/uploads\/2024\/06\/RANDMTORNADO8000AIRFLOWCONTROLDISPOSABLEVAPE_2.webp","contentUrl":"https:\/\/www.elementvape.de\/wp-content\/uploads\/2024\/06\/RANDMTORNADO8000AIRFLOWCONTROLDISPOSABLEVAPE_2.webp","width":800,"height":800,"caption":"RANDMTORNADO8000AIRFLOWCONTROLDISPOSABLEVAPE_2"},{"@type":"BreadcrumbList","@id":"https:\/\/www.elementvape.de\/da\/produkt\/randm-tornado-8000-kaufen-einweg-e-zigaretten-8000-zuege\/#breadcrumb","itemListElement":[{"@type":"ListItem","position":1,"name":"Home","item":"https:\/\/www.elementvape.de\/"},{"@type":"ListItem","position":2,"name":"Shop","item":"https:\/\/www.elementvape.de\/shop\/"},{"@type":"ListItem","position":3,"name":"RandM Tornado 8000 Kaufen Einweg-E-Zigaretten 8000 Z\u00fcge"}]},{"@type":"WebSite","@id":"https:\/\/www.elementvape.de\/#website","url":"https:\/\/www.elementvape.de\/","name":"ElementVape.de","description":"","publisher":{"@id":"https:\/\/www.elementvape.de\/#organization"},"potentialAction":[{"@type":"SearchAction","target":{"@type":"EntryPoint","urlTemplate":"https:\/\/www.elementvape.de\/?s={search_term_string}"},"query-input":"required name=search_term_string"}],"inLanguage":"el"},{"@type":"Organization","@id":"https:\/\/www.elementvape.de\/#organization","name":"ElementVape.DE","url":"https:\/\/www.elementvape.de\/","logo":{"@type":"ImageObject","inLanguage":"el","@id":"https:\/\/www.elementvape.de\/#\/schema\/logo\/image\/","url":"https:\/\/www.elementvape.de\/wp-content\/uploads\/2024\/09\/cropped-1elementvape-3.png","contentUrl":"https:\/\/www.elementvape.de\/wp-content\/uploads\/2024\/09\/cropped-1elementvape-3.png","width":285,"height":228,"caption":"ElementVape.DE"},"image":{"@id":"https:\/\/www.elementvape.de\/#\/schema\/logo\/image\/"}}]}},"_links":{"self":[{"href":"https:\/\/www.elementvape.de\/el\/wp-json\/wp\/v2\/product\/11924"}],"collection":[{"href":"https:\/\/www.elementvape.de\/el\/wp-json\/wp\/v2\/product"}],"about":[{"href":"https:\/\/www.elementvape.de\/el\/wp-json\/wp\/v2\/types\/product"}],"wp:featuredmedia":[{"embeddable":true,"href":"https:\/\/www.elementvape.de\/el\/wp-json\/wp\/v2\/media\/11925"}],"wp:attachment":[{"href":"https:\/\/www.elementvape.de\/el\/wp-json\/wp\/v2\/media?parent=11924"}],"wp:term":[{"taxonomy":"product_cat","embeddable":true,"href":"https:\/\/www.elementvape.de\/el\/wp-json\/wp\/v2\/product_cat?post=11924"},{"taxonomy":"product_tag","embeddable":true,"href":"https:\/\/www.elementvape.de\/el\/wp-json\/wp\/v2\/product_tag?post=11924"}],"curies":[{"name":"wp","href":"https:\/\/api.w.org\/{rel}","templated":true}]}}