{"id":11904,"date":"2024-06-07T09:25:44","date_gmt":"2024-06-07T09:25:44","guid":{"rendered":"https:\/\/www.elementvape.de\/?post_type=product&#038;p=11904"},"modified":"2024-09-12T10:36:17","modified_gmt":"2024-09-12T10:36:17","slug":"randm-crystal-4600-puffs-kaufen-einweg-e-zigarette-4600-zuege","status":"publish","type":"product","link":"https:\/\/www.elementvape.de\/el\/produkt\/randm-crystal-4600-puffs-kaufen-einweg-e-zigarette-4600-zuege\/","title":{"rendered":"RandM Crystal 4600 \u03a0\u03ac\u03c0\u03b5\u03c2 \u0391\u03b3\u03bf\u03c1\u03ac\u03c3\u03c4\u03b5 \u03bc\u03b9\u03b1\u03c2 \u03c7\u03c1\u03ae\u03c3\u03b7\u03c2 E-\u03c4\u03c3\u03b9\u03b3\u03ac\u03c1\u03bf 4600 \u03c1\u03bf\u03c5\u03c6\u03b7\u03be\u03b9\u03ad\u03c2"},"content":{"rendered":"<h2>RandM Crystal \u03a0\u03b5\u03c1\u03b9\u03b3\u03c1\u03b1\u03c6\u03ae \u03c0\u03c1\u03bf\u03ca\u03cc\u03bd\u03c4\u03bf\u03c2<\/h2>\n<p><strong>RandM Crystal<\/strong> \u03b5\u03af\u03bd\u03b1\u03b9 \u03bc\u03b9\u03b1 \u03b5\u03c0\u03b1\u03bd\u03b1\u03c6\u03bf\u03c1\u03c4\u03b9\u03b6\u03cc\u03bc\u03b5\u03bd\u03b7 \u03bc\u03b9\u03b1\u03c2 \u03c7\u03c1\u03ae\u03c3\u03b7\u03c2 \u03b7\u03bb\u03b5\u03ba\u03c4\u03c1\u03bf\u03bd\u03b9\u03ba\u03ae \u03c3\u03c5\u03c3\u03ba\u03b5\u03c5\u03ae \u03c4\u03c3\u03b9\u03b3\u03ac\u03c1\u03bf\u03c5 \u03bc\u03b5 \u03bc\u03bf\u03bd\u03c4\u03ad\u03c1\u03bd\u03bf \u03c3\u03c7\u03b5\u03b4\u03b9\u03b1\u03c3\u03bc\u03cc. \u03a0\u03b5\u03c1\u03b9\u03ad\u03c7\u03b5\u03b9 10 ml 0\/2\/3\/5 % \u03bd\u03b9\u03ba\u03bf\u03c4\u03b9\u03bd\u03b9\u03ba\u03cc \u03b1\u03bb\u03ac\u03c4\u03b9 E-\u03c5\u03b3\u03c1\u03cc \u03ba\u03b1\u03b9 \u03c0\u03c1\u03bf\u03c3\u03c6\u03ad\u03c1\u03b5\u03b9 \u03ad\u03c9\u03c2 \u03ba\u03b1\u03b9 4600 \u03c4\u03c3\u03b9\u03bc\u03c0\u03b9\u03ad\u03c2. \u039c\u03c0\u03bf\u03c1\u03b5\u03af\u03c4\u03b5 \u03bd\u03b1 \u03b5\u03c0\u03b9\u03bb\u03ad\u03be\u03b5\u03c4\u03b5 \u03b1\u03bd\u03ac\u03bc\u03b5\u03c3\u03b1 \u03c3\u03b5 12 \u03b4\u03b9\u03b1\u03c6\u03bf\u03c1\u03b5\u03c4\u03b9\u03ba\u03ad\u03c2 \u03b3\u03b5\u03cd\u03c3\u03b5\u03b9\u03c2. \u0397 \u03b5\u03c0\u03b1\u03bd\u03b1\u03c6\u03bf\u03c1\u03c4\u03b9\u03b6\u03cc\u03bc\u03b5\u03bd\u03b7 \u03c3\u03cd\u03bd\u03b4\u03b5\u03c3\u03b7 \u03c3\u03c4\u03bf \u03ba\u03ac\u03c4\u03c9 \u03bc\u03ad\u03c1\u03bf\u03c2 \u03c4\u03b7\u03c2 \u03c3\u03c5\u03c3\u03ba\u03b5\u03c5\u03ae\u03c2 \u03b4\u03b9\u03b1\u03c3\u03c6\u03b1\u03bb\u03af\u03b6\u03b5\u03b9 \u03cc\u03c4\u03b9 \u03b8\u03b1 \u03c7\u03c1\u03b7\u03c3\u03b9\u03bc\u03bf\u03c0\u03bf\u03b9\u03ae\u03c3\u03b5\u03c4\u03b5 \u03ba\u03ac\u03b8\u03b5 \u03c3\u03c4\u03b1\u03b3\u03cc\u03bd\u03b1 E-\u03c5\u03b3\u03c1\u03bf\u03cd \u03b1\u03c0\u03cc \u03c4\u03b7\u03bd \u03b4\u03b5\u03be\u03b1\u03bc\u03b5\u03bd\u03ae.<\/p>\n<h4>\u03a7\u03b1\u03c1\u03b1\u03ba\u03c4\u03b7\u03c1\u03b9\u03c3\u03c4\u03b9\u03ba\u03ac \u03c4\u03b7\u03c2 RandM Crystal \u03bc\u03b9\u03b1\u03c2 \u03c7\u03c1\u03ae\u03c3\u03b7\u03c2 \u03c3\u03c5\u03c3\u03ba\u03b5\u03c5\u03ae\u03c2:<\/h4>\n<ul>\n<li><strong>\u0395\u03c0\u03b9\u03bb\u03bf\u03b3\u03ad\u03c2 \u03bd\u03b9\u03ba\u03bf\u03c4\u03af\u03bd\u03b7\u03c2<\/strong>: 0 %, 2 %, 3 %, 5 % \u03bd\u03b9\u03ba\u03bf\u03c4\u03b9\u03bd\u03b9\u03ba\u03cc \u03ac\u03bb\u03b1\u03c2<\/li>\n<li><strong>\u03a7\u03c9\u03c1\u03b7\u03c4\u03b9\u03ba\u03cc\u03c4\u03b7\u03c4\u03b1<\/strong>: 10 ml E-\u03c5\u03b3\u03c1\u03bf\u03cd<\/li>\n<li><strong>\u03a4\u03b6\u03bf\u03cd\u03c1\u03b5\u03c2<\/strong>: \u0388\u03c9\u03c2 \u03ba\u03b1\u03b9 4600 \u03c4\u03c3\u03b9\u03bc\u03c0\u03b9\u03ad\u03c2 \u03b1\u03bd\u03ac \u03c3\u03c5\u03c3\u03ba\u03b5\u03c5\u03ae<\/li>\n<li><strong>\u03a0\u03b7\u03bd\u03af\u03bf<\/strong>: \u0394\u03af\u03ba\u03c4\u03c5\u03bf \u03c0\u03bb\u03ad\u03b3\u03bc\u03b1\u03c4\u03bf\u03c2<\/li>\n<li><strong>\u039c\u03c0\u03b1\u03c4\u03b1\u03c1\u03af\u03b1<\/strong>: 650 mAh, \u03b5\u03c0\u03b1\u03bd\u03b1\u03c6\u03bf\u03c1\u03c4\u03b9\u03b6\u03cc\u03bc\u03b5\u03bd\u03b7<\/li>\n<li><strong>\u0393\u03b5\u03cd\u03c3\u03b5\u03b9\u03c2<\/strong>: 12 \u03b4\u03b9\u03b1\u03b8\u03ad\u03c3\u03b9\u03bc\u03b5\u03c2 \u03b3\u03b5\u03cd\u03c3\u03b5\u03b9\u03c2<\/li>\n<li><strong>\u03a3\u03c5\u03c3\u03ba\u03b5\u03c5\u03b1\u03c3\u03af\u03b1<\/strong>: 10 \u03c4\u03b5\u03bc\u03ac\u03c7\u03b9\u03b1 \u03c3\u03b5 \u03bc\u03b9\u03b1 \u03bf\u03b8\u03cc\u03bd\u03b7, 300 \u03c4\u03b5\u03bc\u03ac\u03c7\u03b9\u03b1 \u03c3\u03b5 \u03ad\u03bd\u03b1 \u03ba\u03bf\u03c5\u03c4\u03af.<\/li>\n<\/ul>\n<h4>\u0394\u03b9\u03b1\u03b8\u03ad\u03c3\u03b9\u03bc\u03b5\u03c2 \u03b3\u03b5\u03cd\u03c3\u03b5\u03b9\u03c2:<\/h4>\n<ol>\n<li>\u039a\u03cd\u03c1\u03b9\u03bf\u03c2 \u039c\u03c0\u03bb\u03b5<\/li>\n<li>\u039c\u03cd\u03c1\u03c4\u03b9\u03bb\u03bf-\u03a1\u03cc\u03b4\u03b9<\/li>\n<li>\u039c\u03cd\u03c1\u03c4\u03b9\u03bb\u03bf-\u03a6\u03c1\u03b1\u03bc\u03c0\u03bf\u03c5\u03ac\u03b6<\/li>\n<li>\u039c\u03cd\u03c1\u03c4\u03b9\u03bb\u03bf \u03a4\u03c3\u03af\u03c7\u03bb\u03b1<\/li>\n<li>\u03a0\u03b1\u03b3\u03c9\u03c4\u03cc \u03c6\u03c1\u03ac\u03bf\u03c5\u03bb\u03b1\u03c2<\/li>\n<li>\u039b\u03b1\u03c7\u03c4\u03b1\u03c1\u03b9\u03c3\u03c4\u03cc\u03c2 \u03a0\u03ac\u03b3\u03bf\u03c2<\/li>\n<li>\u0393\u03ba\u03c1\u03ad\u03b9\u03c0\u03c6\u03c1\u03bf\u03c5\u03c4 \u03c0\u03ac\u03b3\u03bf\u03c2<\/li>\n<li>\u03a4\u03af\u03b3\u03c1\u03b7\u03c2 \u0391\u03af\u03bc\u03b1<\/li>\n<li>\u03a1\u03bf\u03b4\u03ac\u03ba\u03b9\u03bd\u03bf \u03bc\u03cd\u03c1\u03c4\u03b9\u03bb\u03bf \u03ba\u03b1\u03c1\u03b1\u03bc\u03ad\u03bb\u03b1<\/li>\n<li>\u03a1\u03bf\u03b4\u03ac\u03ba\u03b9\u03bd\u03bf-\u039c\u03ac\u03bd\u03b3\u03ba\u03bf<\/li>\n<li>\u039a\u03af\u03c4\u03c1\u03b9\u03bd\u03bf \u03a6\u03c1\u03b1\u03b3\u03ba\u03bf\u03c3\u03c4\u03ac\u03c6\u03c5\u03bb\u03bf-\u03a0\u03b1\u03c3\u03b9\u03c6\u03ac\u03c1\u03bf-\u03a6\u03c1\u03b1\u03b3\u03ba\u03bf\u03c3\u03c4\u03ac\u03c6\u03c5\u03bb\u03bf<\/li>\n<li>\u03a4\u03c3\u03af\u03c7\u03bb\u03b1 \u03c6\u03c1\u03ac\u03bf\u03c5\u03bb\u03b1-\u03ba\u03b1\u03c1\u03c0\u03bf\u03cd\u03b6\u03b9<\/li>\n<\/ol>\n<h4>\u039b\u03b5\u03c0\u03c4\u03bf\u03bc\u03ad\u03c1\u03b5\u03b9\u03b5\u03c2 \u03c0\u03c1\u03bf\u03ca\u03cc\u03bd\u03c4\u03bf\u03c2:<\/h4>\n<ul>\n<li><strong>\u039c\u03bf\u03bd\u03ac\u03b4\u03b1<\/strong>: 1 x RandM Crystal \u03bc\u03b9\u03b1\u03c2 \u03c7\u03c1\u03ae\u03c3\u03b7\u03c2 \u03b7\u03bb\u03b5\u03ba\u03c4\u03c1\u03bf\u03bd\u03b9\u03ba\u03cc \u03c4\u03c3\u03b9\u03b3\u03ac\u03c1\u03bf, 4600 \u03c4\u03c3\u03b9\u03bc\u03c0\u03b9\u03ad\u03c2<\/li>\n<\/ul>","protected":false},"excerpt":{"rendered":"<p>RandM Crystal\u00a0 Produktbeschreibung RandM Crystal ist ein wiederaufladbares Einweg-E-Zigarettenger\u00e4t mit einem coolen Design. Es enth\u00e4lt 10 ml 0\/2\/3\/5 % Nikotinsalz-E-Liquid und bietet bis zu 4600 Z\u00fcge. Sie k\u00f6nnen aus 12 verschiedenen Geschmacksrichtungen w\u00e4hlen. Der wiederaufladbare Anschluss an der Unterseite des Ger\u00e4ts garantiert, dass Sie immer den letzten Tropfen E-Liquid im Tank aufbrauchen k\u00f6nnen. Eigenschaften des [&hellip;]<\/p>","protected":false},"featured_media":11905,"template":"","meta":{"inline_featured_image":false},"product_cat":[15,78,754,745,742,748,744,755,738,751],"product_tag":[678],"tiered_pricing_type":"fixed","tiered_pricing_fixed_rules":[],"tiered_pricing_percentage_rules":[],"tiered_pricing_minimum":1,"_administrator_tiered_pricing_type":"fixed","_administrator_tiered_pricing_fixed_rules":[],"_editor_tiered_pricing_type":"fixed","_editor_tiered_pricing_fixed_rules":[],"_author_tiered_pricing_type":"fixed","_author_tiered_pricing_fixed_rules":[],"_contributor_tiered_pricing_type":"fixed","_contributor_tiered_pricing_fixed_rules":[],"_subscriber_tiered_pricing_type":"fixed","_subscriber_tiered_pricing_fixed_rules":[],"_customer_tiered_pricing_type":"fixed","_customer_tiered_pricing_fixed_rules":[],"_shop_manager_tiered_pricing_type":"fixed","_shop_manager_tiered_pricing_fixed_rules":[],"_wpseo_manager_tiered_pricing_type":"fixed","_wpseo_manager_tiered_pricing_fixed_rules":[],"_wpseo_editor_tiered_pricing_type":"fixed","_wpseo_editor_tiered_pricing_fixed_rules":[],"_wholesale_customer_tiered_pricing_type":"fixed","_wholesale_customer_tiered_pricing_fixed_rules":[],"_marketer_tiered_pricing_type":"fixed","_marketer_tiered_pricing_fixed_rules":[],"_sales_manager_tiered_pricing_type":"fixed","_sales_manager_tiered_pricing_fixed_rules":[],"_sales_rep_tiered_pricing_type":"fixed","_sales_rep_tiered_pricing_fixed_rules":[],"yoast_head":"<!-- This site is optimized with the Yoast SEO plugin v23.3 - https:\/\/yoast.com\/wordpress\/plugins\/seo\/ -->\n<title>RandM Crystal 4600 Puffs Kaufen Einweg-E-Zigarette 4600 Z\u00fcge | ElementVape.de<\/title>\n<meta name=\"description\" content=\"Wir bieten RandM Crystal 4600 Puffs Kaufen Einweg-E-Zigarette 4600 Z\u00fcge , Elementvape.de akzeptieren Gro\u00df-und Einzelhandel Bestellungen.\" \/>\n<meta name=\"robots\" content=\"index, follow, max-snippet:-1, max-image-preview:large, max-video-preview:-1\" \/>\n<link rel=\"canonical\" href=\"https:\/\/www.elementvape.de\/el\/produkt\/randm-crystal-4600-puffs-kaufen-einweg-e-zigarette-4600-zuege\/\" \/>\n<meta property=\"og:locale\" content=\"el_GR\" \/>\n<meta property=\"og:type\" content=\"article\" \/>\n<meta property=\"og:title\" content=\"RandM Crystal 4600 Puffs Kaufen Einweg-E-Zigarette 4600 Z\u00fcge | ElementVape.de\" \/>\n<meta property=\"og:description\" content=\"Wir bieten RandM Crystal 4600 Puffs Kaufen Einweg-E-Zigarette 4600 Z\u00fcge , Elementvape.de akzeptieren Gro\u00df-und Einzelhandel Bestellungen.\" \/>\n<meta property=\"og:url\" content=\"https:\/\/www.elementvape.de\/el\/produkt\/randm-crystal-4600-puffs-kaufen-einweg-e-zigarette-4600-zuege\/\" \/>\n<meta property=\"og:site_name\" content=\"ElementVape.de\" \/>\n<meta property=\"article:modified_time\" content=\"2024-09-12T10:36:17+00:00\" \/>\n<meta property=\"og:image\" content=\"https:\/\/www.elementvape.de\/wp-content\/uploads\/2024\/06\/RandMCrystal4600DisposableVape_1.webp\" \/>\n\t<meta property=\"og:image:width\" content=\"800\" \/>\n\t<meta property=\"og:image:height\" content=\"800\" \/>\n\t<meta property=\"og:image:type\" content=\"image\/webp\" \/>\n<meta name=\"twitter:card\" content=\"summary_large_image\" \/>\n<meta name=\"twitter:label1\" content=\"Est. reading time\" \/>\n\t<meta name=\"twitter:data1\" content=\"1 \u03bb\u03b5\u03c0\u03c4\u03cc\" \/>\n<script type=\"application\/ld+json\" class=\"yoast-schema-graph\">{\"@context\":\"https:\/\/schema.org\",\"@graph\":[{\"@type\":\"WebPage\",\"@id\":\"https:\/\/www.elementvape.de\/es\/produkt\/randm-crystal-4600-puffs-kaufen-einweg-e-zigarette-4600-zuege\/\",\"url\":\"https:\/\/www.elementvape.de\/es\/produkt\/randm-crystal-4600-puffs-kaufen-einweg-e-zigarette-4600-zuege\/\",\"name\":\"RandM Crystal 4600 Puffs Kaufen Einweg-E-Zigarette 4600 Z\u00fcge | ElementVape.de\",\"isPartOf\":{\"@id\":\"https:\/\/www.elementvape.de\/#website\"},\"primaryImageOfPage\":{\"@id\":\"https:\/\/www.elementvape.de\/es\/produkt\/randm-crystal-4600-puffs-kaufen-einweg-e-zigarette-4600-zuege\/#primaryimage\"},\"image\":{\"@id\":\"https:\/\/www.elementvape.de\/es\/produkt\/randm-crystal-4600-puffs-kaufen-einweg-e-zigarette-4600-zuege\/#primaryimage\"},\"thumbnailUrl\":\"https:\/\/www.elementvape.de\/wp-content\/uploads\/2024\/06\/RandMCrystal4600DisposableVape_1.webp\",\"datePublished\":\"2024-06-07T09:25:44+00:00\",\"dateModified\":\"2024-09-12T10:36:17+00:00\",\"description\":\"Wir bieten RandM Crystal 4600 Puffs Kaufen Einweg-E-Zigarette 4600 Z\u00fcge , Elementvape.de akzeptieren Gro\u00df-und Einzelhandel Bestellungen.\",\"breadcrumb\":{\"@id\":\"https:\/\/www.elementvape.de\/es\/produkt\/randm-crystal-4600-puffs-kaufen-einweg-e-zigarette-4600-zuege\/#breadcrumb\"},\"inLanguage\":\"el\",\"potentialAction\":[{\"@type\":\"ReadAction\",\"target\":[\"https:\/\/www.elementvape.de\/es\/produkt\/randm-crystal-4600-puffs-kaufen-einweg-e-zigarette-4600-zuege\/\"]}]},{\"@type\":\"ImageObject\",\"inLanguage\":\"el\",\"@id\":\"https:\/\/www.elementvape.de\/es\/produkt\/randm-crystal-4600-puffs-kaufen-einweg-e-zigarette-4600-zuege\/#primaryimage\",\"url\":\"https:\/\/www.elementvape.de\/wp-content\/uploads\/2024\/06\/RandMCrystal4600DisposableVape_1.webp\",\"contentUrl\":\"https:\/\/www.elementvape.de\/wp-content\/uploads\/2024\/06\/RandMCrystal4600DisposableVape_1.webp\",\"width\":800,\"height\":800,\"caption\":\"RandMCrystal4600DisposableVape_1\"},{\"@type\":\"BreadcrumbList\",\"@id\":\"https:\/\/www.elementvape.de\/es\/produkt\/randm-crystal-4600-puffs-kaufen-einweg-e-zigarette-4600-zuege\/#breadcrumb\",\"itemListElement\":[{\"@type\":\"ListItem\",\"position\":1,\"name\":\"Home\",\"item\":\"https:\/\/www.elementvape.de\/\"},{\"@type\":\"ListItem\",\"position\":2,\"name\":\"Shop\",\"item\":\"https:\/\/www.elementvape.de\/shop\/\"},{\"@type\":\"ListItem\",\"position\":3,\"name\":\"RandM Crystal 4600 Puffs Kaufen Einweg-E-Zigarette 4600 Z\u00fcge\"}]},{\"@type\":\"WebSite\",\"@id\":\"https:\/\/www.elementvape.de\/#website\",\"url\":\"https:\/\/www.elementvape.de\/\",\"name\":\"ElementVape.de\",\"description\":\"\",\"publisher\":{\"@id\":\"https:\/\/www.elementvape.de\/#organization\"},\"potentialAction\":[{\"@type\":\"SearchAction\",\"target\":{\"@type\":\"EntryPoint\",\"urlTemplate\":\"https:\/\/www.elementvape.de\/?s={search_term_string}\"},\"query-input\":\"required name=search_term_string\"}],\"inLanguage\":\"el\"},{\"@type\":\"Organization\",\"@id\":\"https:\/\/www.elementvape.de\/#organization\",\"name\":\"ElementVape.DE\",\"url\":\"https:\/\/www.elementvape.de\/\",\"logo\":{\"@type\":\"ImageObject\",\"inLanguage\":\"el\",\"@id\":\"https:\/\/www.elementvape.de\/#\/schema\/logo\/image\/\",\"url\":\"https:\/\/www.elementvape.de\/wp-content\/uploads\/2024\/09\/cropped-1elementvape-3.png\",\"contentUrl\":\"https:\/\/www.elementvape.de\/wp-content\/uploads\/2024\/09\/cropped-1elementvape-3.png\",\"width\":285,\"height\":228,\"caption\":\"ElementVape.DE\"},\"image\":{\"@id\":\"https:\/\/www.elementvape.de\/#\/schema\/logo\/image\/\"}}]}<\/script>\n<!-- \/ Yoast SEO plugin. -->","yoast_head_json":{"title":"RandM Crystal 4600 Puffs Kaufen Einweg-E-Zigarette 4600 Z\u00fcge | ElementVape.de","description":"Wir bieten RandM Crystal 4600 Puffs Kaufen Einweg-E-Zigarette 4600 Z\u00fcge , Elementvape.de akzeptieren Gro\u00df-und Einzelhandel Bestellungen.","robots":{"index":"index","follow":"follow","max-snippet":"max-snippet:-1","max-image-preview":"max-image-preview:large","max-video-preview":"max-video-preview:-1"},"canonical":"https:\/\/www.elementvape.de\/el\/produkt\/randm-crystal-4600-puffs-kaufen-einweg-e-zigarette-4600-zuege\/","og_locale":"el_GR","og_type":"article","og_title":"RandM Crystal 4600 Puffs Kaufen Einweg-E-Zigarette 4600 Z\u00fcge | ElementVape.de","og_description":"Wir bieten RandM Crystal 4600 Puffs Kaufen Einweg-E-Zigarette 4600 Z\u00fcge , Elementvape.de akzeptieren Gro\u00df-und Einzelhandel Bestellungen.","og_url":"https:\/\/www.elementvape.de\/el\/produkt\/randm-crystal-4600-puffs-kaufen-einweg-e-zigarette-4600-zuege\/","og_site_name":"ElementVape.de","article_modified_time":"2024-09-12T10:36:17+00:00","og_image":[{"width":800,"height":800,"url":"https:\/\/www.elementvape.de\/wp-content\/uploads\/2024\/06\/RandMCrystal4600DisposableVape_1.webp","type":"image\/webp"}],"twitter_card":"summary_large_image","twitter_misc":{"Est. reading time":"1 \u03bb\u03b5\u03c0\u03c4\u03cc"},"schema":{"@context":"https:\/\/schema.org","@graph":[{"@type":"WebPage","@id":"https:\/\/www.elementvape.de\/es\/produkt\/randm-crystal-4600-puffs-kaufen-einweg-e-zigarette-4600-zuege\/","url":"https:\/\/www.elementvape.de\/es\/produkt\/randm-crystal-4600-puffs-kaufen-einweg-e-zigarette-4600-zuege\/","name":"RandM Crystal 4600 Puffs Kaufen Einweg-E-Zigarette 4600 Z\u00fcge | ElementVape.de","isPartOf":{"@id":"https:\/\/www.elementvape.de\/#website"},"primaryImageOfPage":{"@id":"https:\/\/www.elementvape.de\/es\/produkt\/randm-crystal-4600-puffs-kaufen-einweg-e-zigarette-4600-zuege\/#primaryimage"},"image":{"@id":"https:\/\/www.elementvape.de\/es\/produkt\/randm-crystal-4600-puffs-kaufen-einweg-e-zigarette-4600-zuege\/#primaryimage"},"thumbnailUrl":"https:\/\/www.elementvape.de\/wp-content\/uploads\/2024\/06\/RandMCrystal4600DisposableVape_1.webp","datePublished":"2024-06-07T09:25:44+00:00","dateModified":"2024-09-12T10:36:17+00:00","description":"Wir bieten RandM Crystal 4600 Puffs Kaufen Einweg-E-Zigarette 4600 Z\u00fcge , Elementvape.de akzeptieren Gro\u00df-und Einzelhandel Bestellungen.","breadcrumb":{"@id":"https:\/\/www.elementvape.de\/es\/produkt\/randm-crystal-4600-puffs-kaufen-einweg-e-zigarette-4600-zuege\/#breadcrumb"},"inLanguage":"el","potentialAction":[{"@type":"ReadAction","target":["https:\/\/www.elementvape.de\/es\/produkt\/randm-crystal-4600-puffs-kaufen-einweg-e-zigarette-4600-zuege\/"]}]},{"@type":"ImageObject","inLanguage":"el","@id":"https:\/\/www.elementvape.de\/es\/produkt\/randm-crystal-4600-puffs-kaufen-einweg-e-zigarette-4600-zuege\/#primaryimage","url":"https:\/\/www.elementvape.de\/wp-content\/uploads\/2024\/06\/RandMCrystal4600DisposableVape_1.webp","contentUrl":"https:\/\/www.elementvape.de\/wp-content\/uploads\/2024\/06\/RandMCrystal4600DisposableVape_1.webp","width":800,"height":800,"caption":"RandMCrystal4600DisposableVape_1"},{"@type":"BreadcrumbList","@id":"https:\/\/www.elementvape.de\/es\/produkt\/randm-crystal-4600-puffs-kaufen-einweg-e-zigarette-4600-zuege\/#breadcrumb","itemListElement":[{"@type":"ListItem","position":1,"name":"Home","item":"https:\/\/www.elementvape.de\/"},{"@type":"ListItem","position":2,"name":"Shop","item":"https:\/\/www.elementvape.de\/shop\/"},{"@type":"ListItem","position":3,"name":"RandM Crystal 4600 Puffs Kaufen Einweg-E-Zigarette 4600 Z\u00fcge"}]},{"@type":"WebSite","@id":"https:\/\/www.elementvape.de\/#website","url":"https:\/\/www.elementvape.de\/","name":"ElementVape.de","description":"","publisher":{"@id":"https:\/\/www.elementvape.de\/#organization"},"potentialAction":[{"@type":"SearchAction","target":{"@type":"EntryPoint","urlTemplate":"https:\/\/www.elementvape.de\/?s={search_term_string}"},"query-input":"required name=search_term_string"}],"inLanguage":"el"},{"@type":"Organization","@id":"https:\/\/www.elementvape.de\/#organization","name":"ElementVape.DE","url":"https:\/\/www.elementvape.de\/","logo":{"@type":"ImageObject","inLanguage":"el","@id":"https:\/\/www.elementvape.de\/#\/schema\/logo\/image\/","url":"https:\/\/www.elementvape.de\/wp-content\/uploads\/2024\/09\/cropped-1elementvape-3.png","contentUrl":"https:\/\/www.elementvape.de\/wp-content\/uploads\/2024\/09\/cropped-1elementvape-3.png","width":285,"height":228,"caption":"ElementVape.DE"},"image":{"@id":"https:\/\/www.elementvape.de\/#\/schema\/logo\/image\/"}}]}},"_links":{"self":[{"href":"https:\/\/www.elementvape.de\/el\/wp-json\/wp\/v2\/product\/11904"}],"collection":[{"href":"https:\/\/www.elementvape.de\/el\/wp-json\/wp\/v2\/product"}],"about":[{"href":"https:\/\/www.elementvape.de\/el\/wp-json\/wp\/v2\/types\/product"}],"wp:featuredmedia":[{"embeddable":true,"href":"https:\/\/www.elementvape.de\/el\/wp-json\/wp\/v2\/media\/11905"}],"wp:attachment":[{"href":"https:\/\/www.elementvape.de\/el\/wp-json\/wp\/v2\/media?parent=11904"}],"wp:term":[{"taxonomy":"product_cat","embeddable":true,"href":"https:\/\/www.elementvape.de\/el\/wp-json\/wp\/v2\/product_cat?post=11904"},{"taxonomy":"product_tag","embeddable":true,"href":"https:\/\/www.elementvape.de\/el\/wp-json\/wp\/v2\/product_tag?post=11904"}],"curies":[{"name":"wp","href":"https:\/\/api.w.org\/{rel}","templated":true}]}}