{"id":11122,"date":"2024-05-29T09:59:18","date_gmt":"2024-05-29T09:59:18","guid":{"rendered":"https:\/\/www.elementvape.de\/?post_type=product&#038;p=11122"},"modified":"2024-09-12T10:36:41","modified_gmt":"2024-09-12T10:36:41","slug":"geek-bar-s3000-einweg-vape-3000-zuege-1000mah","status":"publish","type":"product","link":"https:\/\/www.elementvape.de\/el\/produkt\/geek-bar-s3000-einweg-vape-3000-zuege-1000mah\/","title":{"rendered":"Geek Bar S3000 \u039c\u03bf\u03bd\u03ae\u03c2 \u03c7\u03c1\u03ae\u03c3\u03b7\u03c2 Vape 3000 \u03b1\u03bd\u03b1\u03c0\u03bd\u03bf\u03ad\u03c2 1000mAh"},"content":{"rendered":"<h2>\u03a0\u03b5\u03c1\u03b9\u03b3\u03c1\u03b1\u03c6\u03ae\uff1a<\/h2>\n<p>\u03a4\u03bf \u03b7\u03bb\u03b5\u03ba\u03c4\u03c1\u03bf\u03bd\u03b9\u03ba\u03cc \u03ba\u03b1\u03c4\u03ac\u03c3\u03c4\u03b7\u03bc\u03b1 Vape \u03c4\u03b7\u03c2 Element Vape \u03c0\u03c1\u03bf\u03c3\u03c6\u03ad\u03c1\u03b5\u03b9 \u03c7\u03bf\u03bd\u03b4\u03c1\u03b9\u03ba\u03ad\u03c2 \u03c4\u03b9\u03bc\u03ad\u03c2 \u03c3\u03b5 \u03c0\u03b1\u03b3\u03ba\u03cc\u03c3\u03bc\u03b9\u03bf \u03b5\u03c0\u03af\u03c0\u03b5\u03b4\u03bf \u03b3\u03b9\u03b1 \u03c0\u03c1\u03bf\u03ca\u03cc\u03bd\u03c4\u03b1 GeekBar-Vape. \u0393\u03af\u03bd\u03b5\u03c4\u03b5 \u03bc\u03ad\u03bb\u03bf\u03c2. \u0391\u03b3\u03bf\u03c1\u03ac\u03c3\u03c4\u03b5 \u03c0\u03c1\u03bf\u03ca\u03cc\u03bd\u03c4\u03b1 Geek Bar S3000 \u03bc\u03b9\u03b1\u03c2 \u03c7\u03c1\u03ae\u03c3\u03b7\u03c2 \u03c3\u03b5 \u03ba\u03b1\u03bb\u03cd\u03c4\u03b5\u03c1\u03b5\u03c2 \u03c7\u03bf\u03bd\u03b4\u03c1\u03b9\u03ba\u03ad\u03c2 \u03c4\u03b9\u03bc\u03ad\u03c2.<\/p>\n<h2>\u03a0\u03b1\u03c1\u03ac\u03bc\u03b5\u03c4\u03c1\u03bf\u03b9\uff1a<\/h2>\n<p>\u039c\u03ad\u03b3\u03b5\u03b8\u03bf\u03c2: 20 x 31,8 x 100,35 mm<br \/>\n\u039c\u03c0\u03b1\u03c4\u03b1\u03c1\u03af\u03b1: \u0395\u03bd\u03c3\u03c9\u03bc\u03b1\u03c4\u03c9\u03bc\u03ad\u03bd\u03b7 1000 mAh<br \/>\nE-\u03a5\u03b3\u03c1\u03cc: 7,5 ml \u03c0\u03c1\u03bf\u03b3\u03b5\u03bc\u03b9\u03c3\u03bc\u03ad\u03bd\u03bf<br \/>\n\u03a4\u03c3\u03b9\u03bc\u03c0\u03ae\u03bc\u03b1\u03c4\u03b1: \u0388\u03c9\u03c2 3000 \u03c4\u03c3\u03b9\u03bc\u03c0\u03ae\u03bc\u03b1\u03c4\u03b1 \u039d\u03b9\u03ba\u03bf\u03c4\u03af\u03bd\u03b7: 50 mg<br \/>\n\u0391\u03c1\u03ce\u03bc\u03b1\u03c4\u03b1: 10<br \/>\n\u0399\u03c3\u03c7\u03cd\u03c2: \u03a3\u03c4\u03b1\u03b8\u03b5\u03c1\u03ac 3,6 V<\/p>\n<p>\u03a0\u03b1\u03ba\u03ad\u03c4\u03b1<br \/>\n1 x Geek Bar S3000 \u03bc\u03b9\u03b1\u03c2 \u03c7\u03c1\u03ae\u03c3\u03b7\u03c2 Vape 3000 \u03c4\u03c3\u03b9\u03bc\u03c0\u03ae\u03bc\u03b1\u03c4\u03b1<\/p>","protected":false},"excerpt":{"rendered":"<p>Beschreibung\uff1a Der Online-Vape-Shop von Element Vape bietet weltweit Gro\u00dfhandelspreise f\u00fcr GeekBar-Vape-Produkte an. Werden Sie Mitglied. Kaufen Sie Geek Bar S3000 Einweg-Vape-Produkte zu den besten Gro\u00dfhandelspreisen. Parameter\uff1a Gr\u00f6\u00dfe: 20 x 31,8 x 100,35 mm Akku: 1000 mAh eingebaut E-Saft: 7,5 ml vorgef\u00fcllt Z\u00fcge: Bis zu 3000 Z\u00fcge Nikotin: 50 mg Aromen: 10 Leistung: Konstant 3,6 V [&hellip;]<\/p>","protected":false},"featured_media":11133,"template":"","meta":{"inline_featured_image":false},"product_cat":[78,754,745,742,748,744,755,738,751],"product_tag":[676],"tiered_pricing_type":"fixed","tiered_pricing_fixed_rules":[],"tiered_pricing_percentage_rules":[],"tiered_pricing_minimum":1,"_administrator_tiered_pricing_type":"fixed","_administrator_tiered_pricing_fixed_rules":[],"_editor_tiered_pricing_type":"fixed","_editor_tiered_pricing_fixed_rules":[],"_author_tiered_pricing_type":"fixed","_author_tiered_pricing_fixed_rules":[],"_contributor_tiered_pricing_type":"fixed","_contributor_tiered_pricing_fixed_rules":[],"_subscriber_tiered_pricing_type":"fixed","_subscriber_tiered_pricing_fixed_rules":[],"_customer_tiered_pricing_type":"fixed","_customer_tiered_pricing_fixed_rules":[],"_shop_manager_tiered_pricing_type":"fixed","_shop_manager_tiered_pricing_fixed_rules":[],"_wpseo_manager_tiered_pricing_type":"fixed","_wpseo_manager_tiered_pricing_fixed_rules":[],"_wpseo_editor_tiered_pricing_type":"fixed","_wpseo_editor_tiered_pricing_fixed_rules":[],"_wholesale_customer_tiered_pricing_type":"fixed","_wholesale_customer_tiered_pricing_fixed_rules":[],"_marketer_tiered_pricing_type":"fixed","_marketer_tiered_pricing_fixed_rules":[],"_sales_manager_tiered_pricing_type":"fixed","_sales_manager_tiered_pricing_fixed_rules":[],"_sales_rep_tiered_pricing_type":"fixed","_sales_rep_tiered_pricing_fixed_rules":[],"yoast_head":"<!-- This site is optimized with the Yoast SEO plugin v23.3 - https:\/\/yoast.com\/wordpress\/plugins\/seo\/ -->\n<title>Geek Bar S3000 Einweg-Vape 3000 Z\u00fcge 1000mAh | ElementVape.de<\/title>\n<meta name=\"description\" content=\"Wir bieten Geek Bar S3000 Einweg-Vape 3000 Z\u00fcge 1000mAh , Elementvape.de akzeptieren Gro\u00df-und Einzelhandel Bestellungen.\" \/>\n<meta name=\"robots\" content=\"index, follow, max-snippet:-1, max-image-preview:large, max-video-preview:-1\" \/>\n<link rel=\"canonical\" href=\"https:\/\/www.elementvape.de\/el\/produkt\/geek-bar-s3000-einweg-vape-3000-zuege-1000mah\/\" \/>\n<meta property=\"og:locale\" content=\"el_GR\" \/>\n<meta property=\"og:type\" content=\"article\" \/>\n<meta property=\"og:title\" content=\"Geek Bar S3000 Einweg-Vape 3000 Z\u00fcge 1000mAh | ElementVape.de\" \/>\n<meta property=\"og:description\" content=\"Wir bieten Geek Bar S3000 Einweg-Vape 3000 Z\u00fcge 1000mAh , Elementvape.de akzeptieren Gro\u00df-und Einzelhandel Bestellungen.\" \/>\n<meta property=\"og:url\" content=\"https:\/\/www.elementvape.de\/el\/produkt\/geek-bar-s3000-einweg-vape-3000-zuege-1000mah\/\" \/>\n<meta property=\"og:site_name\" content=\"ElementVape.de\" \/>\n<meta property=\"article:modified_time\" content=\"2024-09-12T10:36:41+00:00\" \/>\n<meta property=\"og:image\" content=\"https:\/\/www.elementvape.de\/wp-content\/uploads\/2024\/05\/Geek-bar-S3000-Disposable-Vape-3000-Puffs.webp\" \/>\n\t<meta property=\"og:image:width\" content=\"800\" \/>\n\t<meta property=\"og:image:height\" content=\"800\" \/>\n\t<meta property=\"og:image:type\" content=\"image\/webp\" \/>\n<meta name=\"twitter:card\" content=\"summary_large_image\" \/>\n<meta name=\"twitter:label1\" content=\"Est. reading time\" \/>\n\t<meta name=\"twitter:data1\" content=\"1 \u03bb\u03b5\u03c0\u03c4\u03cc\" \/>\n<script type=\"application\/ld+json\" class=\"yoast-schema-graph\">{\"@context\":\"https:\/\/schema.org\",\"@graph\":[{\"@type\":\"WebPage\",\"@id\":\"https:\/\/www.elementvape.de\/produkt\/geek-bar-s3000-einweg-vape-3000-zuege-1000mah\/\",\"url\":\"https:\/\/www.elementvape.de\/produkt\/geek-bar-s3000-einweg-vape-3000-zuege-1000mah\/\",\"name\":\"Geek Bar S3000 Einweg-Vape 3000 Z\u00fcge 1000mAh | ElementVape.de\",\"isPartOf\":{\"@id\":\"https:\/\/www.elementvape.de\/#website\"},\"primaryImageOfPage\":{\"@id\":\"https:\/\/www.elementvape.de\/produkt\/geek-bar-s3000-einweg-vape-3000-zuege-1000mah\/#primaryimage\"},\"image\":{\"@id\":\"https:\/\/www.elementvape.de\/produkt\/geek-bar-s3000-einweg-vape-3000-zuege-1000mah\/#primaryimage\"},\"thumbnailUrl\":\"https:\/\/www.elementvape.de\/wp-content\/uploads\/2024\/05\/Geek-bar-S3000-Disposable-Vape-3000-Puffs.webp\",\"datePublished\":\"2024-05-29T09:59:18+00:00\",\"dateModified\":\"2024-09-12T10:36:41+00:00\",\"description\":\"Wir bieten Geek Bar S3000 Einweg-Vape 3000 Z\u00fcge 1000mAh , Elementvape.de akzeptieren Gro\u00df-und Einzelhandel Bestellungen.\",\"breadcrumb\":{\"@id\":\"https:\/\/www.elementvape.de\/produkt\/geek-bar-s3000-einweg-vape-3000-zuege-1000mah\/#breadcrumb\"},\"inLanguage\":\"el\",\"potentialAction\":[{\"@type\":\"ReadAction\",\"target\":[\"https:\/\/www.elementvape.de\/produkt\/geek-bar-s3000-einweg-vape-3000-zuege-1000mah\/\"]}]},{\"@type\":\"ImageObject\",\"inLanguage\":\"el\",\"@id\":\"https:\/\/www.elementvape.de\/produkt\/geek-bar-s3000-einweg-vape-3000-zuege-1000mah\/#primaryimage\",\"url\":\"https:\/\/www.elementvape.de\/wp-content\/uploads\/2024\/05\/Geek-bar-S3000-Disposable-Vape-3000-Puffs.webp\",\"contentUrl\":\"https:\/\/www.elementvape.de\/wp-content\/uploads\/2024\/05\/Geek-bar-S3000-Disposable-Vape-3000-Puffs.webp\",\"width\":800,\"height\":800,\"caption\":\"Geek-bar-S3000-Disposable-Vape-3000-Puffs\"},{\"@type\":\"BreadcrumbList\",\"@id\":\"https:\/\/www.elementvape.de\/produkt\/geek-bar-s3000-einweg-vape-3000-zuege-1000mah\/#breadcrumb\",\"itemListElement\":[{\"@type\":\"ListItem\",\"position\":1,\"name\":\"Home\",\"item\":\"https:\/\/www.elementvape.de\/\"},{\"@type\":\"ListItem\",\"position\":2,\"name\":\"Shop\",\"item\":\"https:\/\/www.elementvape.de\/shop\/\"},{\"@type\":\"ListItem\",\"position\":3,\"name\":\"Geek Bar S3000 Einweg-Vape 3000 Z\u00fcge 1000mAh\"}]},{\"@type\":\"WebSite\",\"@id\":\"https:\/\/www.elementvape.de\/#website\",\"url\":\"https:\/\/www.elementvape.de\/\",\"name\":\"ElementVape.de\",\"description\":\"\",\"publisher\":{\"@id\":\"https:\/\/www.elementvape.de\/#organization\"},\"potentialAction\":[{\"@type\":\"SearchAction\",\"target\":{\"@type\":\"EntryPoint\",\"urlTemplate\":\"https:\/\/www.elementvape.de\/?s={search_term_string}\"},\"query-input\":\"required name=search_term_string\"}],\"inLanguage\":\"el\"},{\"@type\":\"Organization\",\"@id\":\"https:\/\/www.elementvape.de\/#organization\",\"name\":\"ElementVape.DE\",\"url\":\"https:\/\/www.elementvape.de\/\",\"logo\":{\"@type\":\"ImageObject\",\"inLanguage\":\"el\",\"@id\":\"https:\/\/www.elementvape.de\/#\/schema\/logo\/image\/\",\"url\":\"https:\/\/www.elementvape.de\/wp-content\/uploads\/2024\/09\/cropped-1elementvape-3.png\",\"contentUrl\":\"https:\/\/www.elementvape.de\/wp-content\/uploads\/2024\/09\/cropped-1elementvape-3.png\",\"width\":285,\"height\":228,\"caption\":\"ElementVape.DE\"},\"image\":{\"@id\":\"https:\/\/www.elementvape.de\/#\/schema\/logo\/image\/\"}}]}<\/script>\n<!-- \/ Yoast SEO plugin. -->","yoast_head_json":{"title":"Geek Bar S3000 Einweg-Vape 3000 Z\u00fcge 1000mAh | ElementVape.de","description":"Wir bieten Geek Bar S3000 Einweg-Vape 3000 Z\u00fcge 1000mAh , Elementvape.de akzeptieren Gro\u00df-und Einzelhandel Bestellungen.","robots":{"index":"index","follow":"follow","max-snippet":"max-snippet:-1","max-image-preview":"max-image-preview:large","max-video-preview":"max-video-preview:-1"},"canonical":"https:\/\/www.elementvape.de\/el\/produkt\/geek-bar-s3000-einweg-vape-3000-zuege-1000mah\/","og_locale":"el_GR","og_type":"article","og_title":"Geek Bar S3000 Einweg-Vape 3000 Z\u00fcge 1000mAh | ElementVape.de","og_description":"Wir bieten Geek Bar S3000 Einweg-Vape 3000 Z\u00fcge 1000mAh , Elementvape.de akzeptieren Gro\u00df-und Einzelhandel Bestellungen.","og_url":"https:\/\/www.elementvape.de\/el\/produkt\/geek-bar-s3000-einweg-vape-3000-zuege-1000mah\/","og_site_name":"ElementVape.de","article_modified_time":"2024-09-12T10:36:41+00:00","og_image":[{"width":800,"height":800,"url":"https:\/\/www.elementvape.de\/wp-content\/uploads\/2024\/05\/Geek-bar-S3000-Disposable-Vape-3000-Puffs.webp","type":"image\/webp"}],"twitter_card":"summary_large_image","twitter_misc":{"Est. reading time":"1 \u03bb\u03b5\u03c0\u03c4\u03cc"},"schema":{"@context":"https:\/\/schema.org","@graph":[{"@type":"WebPage","@id":"https:\/\/www.elementvape.de\/produkt\/geek-bar-s3000-einweg-vape-3000-zuege-1000mah\/","url":"https:\/\/www.elementvape.de\/produkt\/geek-bar-s3000-einweg-vape-3000-zuege-1000mah\/","name":"Geek Bar S3000 Einweg-Vape 3000 Z\u00fcge 1000mAh | ElementVape.de","isPartOf":{"@id":"https:\/\/www.elementvape.de\/#website"},"primaryImageOfPage":{"@id":"https:\/\/www.elementvape.de\/produkt\/geek-bar-s3000-einweg-vape-3000-zuege-1000mah\/#primaryimage"},"image":{"@id":"https:\/\/www.elementvape.de\/produkt\/geek-bar-s3000-einweg-vape-3000-zuege-1000mah\/#primaryimage"},"thumbnailUrl":"https:\/\/www.elementvape.de\/wp-content\/uploads\/2024\/05\/Geek-bar-S3000-Disposable-Vape-3000-Puffs.webp","datePublished":"2024-05-29T09:59:18+00:00","dateModified":"2024-09-12T10:36:41+00:00","description":"Wir bieten Geek Bar S3000 Einweg-Vape 3000 Z\u00fcge 1000mAh , Elementvape.de akzeptieren Gro\u00df-und Einzelhandel Bestellungen.","breadcrumb":{"@id":"https:\/\/www.elementvape.de\/produkt\/geek-bar-s3000-einweg-vape-3000-zuege-1000mah\/#breadcrumb"},"inLanguage":"el","potentialAction":[{"@type":"ReadAction","target":["https:\/\/www.elementvape.de\/produkt\/geek-bar-s3000-einweg-vape-3000-zuege-1000mah\/"]}]},{"@type":"ImageObject","inLanguage":"el","@id":"https:\/\/www.elementvape.de\/produkt\/geek-bar-s3000-einweg-vape-3000-zuege-1000mah\/#primaryimage","url":"https:\/\/www.elementvape.de\/wp-content\/uploads\/2024\/05\/Geek-bar-S3000-Disposable-Vape-3000-Puffs.webp","contentUrl":"https:\/\/www.elementvape.de\/wp-content\/uploads\/2024\/05\/Geek-bar-S3000-Disposable-Vape-3000-Puffs.webp","width":800,"height":800,"caption":"Geek-bar-S3000-Disposable-Vape-3000-Puffs"},{"@type":"BreadcrumbList","@id":"https:\/\/www.elementvape.de\/produkt\/geek-bar-s3000-einweg-vape-3000-zuege-1000mah\/#breadcrumb","itemListElement":[{"@type":"ListItem","position":1,"name":"Home","item":"https:\/\/www.elementvape.de\/"},{"@type":"ListItem","position":2,"name":"Shop","item":"https:\/\/www.elementvape.de\/shop\/"},{"@type":"ListItem","position":3,"name":"Geek Bar S3000 Einweg-Vape 3000 Z\u00fcge 1000mAh"}]},{"@type":"WebSite","@id":"https:\/\/www.elementvape.de\/#website","url":"https:\/\/www.elementvape.de\/","name":"ElementVape.de","description":"","publisher":{"@id":"https:\/\/www.elementvape.de\/#organization"},"potentialAction":[{"@type":"SearchAction","target":{"@type":"EntryPoint","urlTemplate":"https:\/\/www.elementvape.de\/?s={search_term_string}"},"query-input":"required name=search_term_string"}],"inLanguage":"el"},{"@type":"Organization","@id":"https:\/\/www.elementvape.de\/#organization","name":"ElementVape.DE","url":"https:\/\/www.elementvape.de\/","logo":{"@type":"ImageObject","inLanguage":"el","@id":"https:\/\/www.elementvape.de\/#\/schema\/logo\/image\/","url":"https:\/\/www.elementvape.de\/wp-content\/uploads\/2024\/09\/cropped-1elementvape-3.png","contentUrl":"https:\/\/www.elementvape.de\/wp-content\/uploads\/2024\/09\/cropped-1elementvape-3.png","width":285,"height":228,"caption":"ElementVape.DE"},"image":{"@id":"https:\/\/www.elementvape.de\/#\/schema\/logo\/image\/"}}]}},"_links":{"self":[{"href":"https:\/\/www.elementvape.de\/el\/wp-json\/wp\/v2\/product\/11122"}],"collection":[{"href":"https:\/\/www.elementvape.de\/el\/wp-json\/wp\/v2\/product"}],"about":[{"href":"https:\/\/www.elementvape.de\/el\/wp-json\/wp\/v2\/types\/product"}],"wp:featuredmedia":[{"embeddable":true,"href":"https:\/\/www.elementvape.de\/el\/wp-json\/wp\/v2\/media\/11133"}],"wp:attachment":[{"href":"https:\/\/www.elementvape.de\/el\/wp-json\/wp\/v2\/media?parent=11122"}],"wp:term":[{"taxonomy":"product_cat","embeddable":true,"href":"https:\/\/www.elementvape.de\/el\/wp-json\/wp\/v2\/product_cat?post=11122"},{"taxonomy":"product_tag","embeddable":true,"href":"https:\/\/www.elementvape.de\/el\/wp-json\/wp\/v2\/product_tag?post=11122"}],"curies":[{"name":"wp","href":"https:\/\/api.w.org\/{rel}","templated":true}]}}