{"id":11022,"date":"2024-05-29T07:13:21","date_gmt":"2024-05-29T07:13:21","guid":{"rendered":"https:\/\/www.elementvape.de\/?post_type=product&#038;p=11022"},"modified":"2024-09-12T10:36:43","modified_gmt":"2024-09-12T10:36:43","slug":"geek-bar-x5500-einweg-vape-5500-zuege-630mah","status":"publish","type":"product","link":"https:\/\/www.elementvape.de\/el\/produkt\/geek-bar-x5500-einweg-vape-5500-zuege-630mah\/","title":{"rendered":"Geek Bar X5500 \u03bc\u03b9\u03b1\u03c2 \u03c7\u03c1\u03ae\u03c3\u03b7\u03c2 Vape 5500 \u03c1\u03bf\u03c5\u03c6\u03b7\u03be\u03b9\u03ad\u03c2 630mAh"},"content":{"rendered":"<p>\u03a0\u03b5\u03c1\u03b9\u03b3\u03c1\u03b1\u03c6\u03ae<br \/>\nElementVape \u03b5\u03af\u03bd\u03b1\u03b9 \u03ad\u03bd\u03b1\u03c2 \u03b1\u03c0\u03cc \u03c4\u03bf\u03c5\u03c2 \u03bc\u03b5\u03b3\u03b1\u03bb\u03cd\u03c4\u03b5\u03c1\u03bf\u03c5\u03c2 \u03c7\u03bf\u03bd\u03b4\u03c1\u03ad\u03bc\u03c0\u03bf\u03c1\u03bf\u03c5\u03c2 \u03ba\u03b1\u03b9 \u03c0\u03c1\u03bf\u03bc\u03b7\u03b8\u03b5\u03c5\u03c4\u03ad\u03c2 \u03c0\u03c1\u03bf\u03ca\u03cc\u03bd\u03c4\u03c9\u03bd Geek Bar Vape \u03c3\u03c4\u03b7\u03bd \u0395\u03bb\u03bb\u03ac\u03b4\u03b1. \u03a0\u03c1\u03bf\u03c3\u03c6\u03ad\u03c1\u03bf\u03c5\u03bc\u03b5 \u03c4\u03b1 \u03c0\u03b9\u03bf \u03c0\u03bf\u03b9\u03bf\u03c4\u03b9\u03ba\u03ac \u03c0\u03c1\u03bf\u03ca\u03cc\u03bd\u03c4\u03b1 Geek Bar Disposable Vape. \u0395\u03bb\u03ac\u03c4\u03b5 \u03c3\u03b5 \u03b5\u03bc\u03ac\u03c2. \u0391\u03b3\u03bf\u03c1\u03ac\u03c3\u03c4\u03b5 Geek Bar C500 Disposable Vape \u03c3\u03b5 \u03ba\u03b1\u03bb\u03cd\u03c4\u03b5\u03c1\u03b5\u03c2 \u03c7\u03bf\u03bd\u03b4\u03c1\u03b9\u03ba\u03ad\u03c2 \u03c4\u03b9\u03bc\u03ad\u03c2. \u03a4\u03bf Geek Bar X5500 \u03b4\u03b9\u03b1\u03b8\u03ad\u03c4\u03b5\u03b9 \u03b5\u03bb\u03b1\u03c6\u03c1\u03cd, \u03b1\u03b5\u03c1\u03bf\u03b4\u03c5\u03bd\u03b1\u03bc\u03b9\u03ba\u03cc, \u03ba\u03c5\u03bb\u03b9\u03bd\u03b4\u03c1\u03b9\u03ba\u03cc \u03c3\u03c7\u03b5\u03b4\u03b9\u03b1\u03c3\u03bc\u03cc. \u0395\u03af\u03bd\u03b1\u03b9 \u03b5\u03be\u03bf\u03c0\u03bb\u03b9\u03c3\u03bc\u03ad\u03bd\u03bf \u03bc\u03b5 \u03b5\u03bd\u03c3\u03c9\u03bc\u03b1\u03c4\u03c9\u03bc\u03ad\u03bd\u03bf KAl-\u03c0\u03bb\u03ad\u03b3\u03bc\u03b1\u03c4\u03b1 \u03b1\u03bd\u03c4\u03af\u03c3\u03c4\u03b1\u03c3\u03b7, \u03c0\u03bf\u03c5 \u03c0\u03c1\u03bf\u03c3\u03c6\u03ad\u03c1\u03b5\u03b9 \u03c0\u03b9\u03bf \u03bf\u03bc\u03b1\u03bb\u03ae \u03b5\u03b9\u03c3\u03c0\u03bd\u03bf\u03ae \u03bc\u03ad\u03c7\u03c1\u03b9 \u03c4\u03b7\u03bd \u03c4\u03b5\u03bb\u03b5\u03c5\u03c4\u03b1\u03af\u03b1 \u03c3\u03c4\u03b1\u03b3\u03cc\u03bd\u03b1. \u0397 \u03b2\u03b5\u03bb\u03c4\u03b9\u03c9\u03bc\u03ad\u03bd\u03b7 \u03b5\u03c0\u03af\u03c0\u03b5\u03b4\u03b7 \u03ac\u03ba\u03c1\u03b7 \u03c4\u03b1\u03b9\u03c1\u03b9\u03ac\u03b6\u03b5\u03b9 \u03ac\u03bd\u03b5\u03c4\u03b1 \u03c3\u03c4\u03b1 \u03c7\u03b5\u03af\u03bb\u03b7 \u03c3\u03b1\u03c2. \u039c\u03b9\u03b1 \u03b5\u03c0\u03b1\u03bd\u03b1\u03c6\u03bf\u03c1\u03c4\u03b9\u03b6\u03cc\u03bc\u03b5\u03bd\u03b7 \u03bc\u03c0\u03b1\u03c4\u03b1\u03c1\u03af\u03b1 630 mAh \u03b4\u03b9\u03b1\u03c3\u03c6\u03b1\u03bb\u03af\u03b6\u03b5\u03b9 \u03cc\u03c4\u03b9 \u03bc\u03c0\u03bf\u03c1\u03b5\u03af\u03c4\u03b5 \u03bd\u03b1 \u03b1\u03c4\u03bc\u03af\u03b6\u03b5\u03c4\u03b5 \u03cc\u03bb\u03b7 \u03bc\u03ad\u03c1\u03b1.<\/p>\n<p>\u0391\u03c1\u03ce\u03bc\u03b1\u03c4\u03b1:<\/p>\n<p>\u03a0\u03b1\u03b3\u03c9\u03c4\u03cc \u03ba\u03b1\u03c1\u03c0\u03bf\u03cd\u03b6\u03b9<br \/>\nLime \u039a\u03ac\u03ba\u03c4\u03bf\u03c2<br \/>\n\u0391\u03bd\u03b1\u03bd\u03ac\u03c2 \u03a1\u03bf\u03b4\u03ac\u03ba\u03b9\u03bd\u03bf \u039c\u03ac\u03bd\u03b3\u03ba\u03bf<br \/>\n\u039a\u03af\u03b2\u03b9 \u03a0\u03ac\u03c3\u03b9\u03bf\u03bd \u0393\u03ba\u03bf\u03c5\u03ac\u03b2\u03b1<br \/>\n\u03a4\u03c1\u03bf\u03c0\u03b9\u03ba\u03ac \u03a6\u03c1\u03bf\u03cd\u03c4\u03b1<br \/>\n\u03a0\u03ac\u03b3\u03bf\u03c2 \u039b\u03b5\u03bc\u03bf\u03bd\u03ac\u03b4\u03b1 \u03a3\u03cc\u03b4\u03b1<br \/>\n\u03a1\u03cc\u03b4\u03b9 \u039c\u03bf\u03cd\u03c1\u03b1 \u039c\u03ad\u03bd\u03c4\u03b1<br \/>\n\u039b\u03b5\u03bc\u03bf\u03bd\u03cc \u03a0\u03b1\u03b3\u03c9\u03c4\u03cc<br \/>\n\u03a0\u03c1\u03ac\u03c3\u03b9\u03bd\u03bf \u039c\u03ae\u03bb\u03bf Kiwi<br \/>\n\u03a0\u03bf\u03c1\u03c4\u03bf\u03ba\u03ac\u03bb\u03b9 \u039c\u03ac\u03bd\u03b3\u03ba\u03bf Guava<br \/>\nKiwi \u03a6\u03c1\u03ac\u03bf\u03c5\u03bb\u03b1<br \/>\n\u039a\u03cc\u03bb\u03b1 \u03a0\u03ac\u03b3\u03bf\u03c2<br \/>\n\u0391\u03bd\u03b1\u03bd\u03ac\u03c2 \u039a\u03b1\u03c1\u03cd\u03b4\u03b1 \u0393\u03ac\u03bb\u03b1<br \/>\n\u039c\u03b5\u03af\u03b3\u03bc\u03b1 \u03a6\u03c1\u03bf\u03cd\u03c4\u03c9\u03bd \u03a3\u03af\u03c3\u03b1<br \/>\n\u03a4\u03c1\u03bf\u03c0\u03b9\u03ba\u03ae \u0388\u03ba\u03c1\u03b7\u03be\u03b7 Skittles<br \/>\n\u03a6\u03c1\u03ac\u03bf\u03c5\u03bb\u03b1 \u039b\u03b5\u03bc\u03bf\u03bd\u03ac\u03b4\u03b1<br \/>\n\u03a4\u03c1\u03b9\u03ac\u03b4\u03b1 \u039c\u03bf\u03cd\u03c1\u03c9\u03bd<br \/>\n\u039c\u03c0\u03bb\u03b5 \u039c\u03bf\u03cd\u03c1\u03b1 Milkshake<br \/>\n\u039a\u03ad\u03b9\u03ba \u039a\u03c1\u03ad\u03bc\u03b1\u03c2 \u03a6\u03c1\u03ac\u03bf\u03c5\u03bb\u03b1\u03c2<br \/>\n\u0394\u03ac\u03c3\u03bf\u03c2 \u039c\u03bf\u03cd\u03c1\u03c9\u03bd<br \/>\n\u039c\u03b5\u03af\u03b3\u03bc\u03b1 \u03a1\u03bf\u03b4\u03ac\u03ba\u03b9\u03bd\u03bf \u039c\u03bf\u03cd\u03c1\u03c9\u03bd<br \/>\nPolar Ice \u039c\u03ad\u03bd\u03c4\u03b1<\/p>\n<p>\u03a0\u03b1\u03c1\u03ac\u03bc\u03b5\u03c4\u03c1\u03bf\u03b9<br \/>\n\u039c\u03c0\u03b1\u03c4\u03b1\u03c1\u03af\u03b1: \u03b5\u03c0\u03b1\u03bd\u03b1\u03c6\u03bf\u03c1\u03c4\u03b9\u03b6\u03cc\u03bc\u03b5\u03bd\u03b7 \u03bc\u03c0\u03b1\u03c4\u03b1\u03c1\u03af\u03b1 630 mAh<br \/>\n\u0397\u03bb\u03b5\u03ba\u03c4\u03c1\u03bf\u03bd\u03b9\u03ba\u03cc \u03c5\u03b3\u03c1\u03cc: 12 ml \u03c0\u03c1\u03bf\u03b3\u03b5\u03bc\u03b9\u03c3\u03bc\u03ad\u03bd\u03bf<br \/>\n\u03a4\u03c1\u03ad\u03bd\u03b1: \u0388\u03c9\u03c2 \u03ba\u03b1\u03b9 5500 \u03c4\u03c1\u03ad\u03bd\u03b1<br \/>\n\u039d\u03b9\u03ba\u03bf\u03c4\u03af\u03bd\u03b7: 50\/20 mg<br \/>\n\u0391\u03c1\u03ce\u03bc\u03b1\u03c4\u03b1: 22<br \/>\n\u0399\u03c3\u03c7\u03cd\u03c2: \u03a3\u03c4\u03b1\u03b8\u03b5\u03c1\u03ac 3,6 V<\/p>\n<p>\u03a0\u03b1\u03ba\u03ad\u03c4\u03b1<br \/>\n1 x Geek Bar X5500 \u039c\u03af\u03b1\u03c2 \u03c7\u03c1\u03ae\u03c3\u03b7\u03c2 Vape 5500 \u03c4\u03c1\u03ad\u03bd\u03b1<\/p>","protected":false},"excerpt":{"rendered":"<p>Beschreibung ElementVape ist einer der gr\u00f6\u00dften Gro\u00dfh\u00e4ndler und Lieferanten von Geek Bar Vape-Produkten in China. Wir liefern die hochwertigsten Geek Bar Disposable Vape-Produkte. Kommen Sie zu uns. Kaufen Sie Geek Bar C500 Disposable Vape-Produkte zu den besten Gro\u00dfhandelspreisen. Geek Bar X5500 verf\u00fcgt \u00fcber ein superleichtes, stromlinienf\u00f6rmiges, zylindrisches Design. Es ist mit einer integrierten KAl-Netzspule ausgestattet, [&hellip;]<\/p>","protected":false},"featured_media":11045,"template":"","meta":{"inline_featured_image":false},"product_cat":[78,754,745,742,748,744,755,738,751],"product_tag":[680],"tiered_pricing_type":"fixed","tiered_pricing_fixed_rules":[],"tiered_pricing_percentage_rules":[],"tiered_pricing_minimum":1,"_administrator_tiered_pricing_type":"fixed","_administrator_tiered_pricing_fixed_rules":[],"_editor_tiered_pricing_type":"fixed","_editor_tiered_pricing_fixed_rules":[],"_author_tiered_pricing_type":"fixed","_author_tiered_pricing_fixed_rules":[],"_contributor_tiered_pricing_type":"fixed","_contributor_tiered_pricing_fixed_rules":[],"_subscriber_tiered_pricing_type":"fixed","_subscriber_tiered_pricing_fixed_rules":[],"_customer_tiered_pricing_type":"fixed","_customer_tiered_pricing_fixed_rules":[],"_shop_manager_tiered_pricing_type":"fixed","_shop_manager_tiered_pricing_fixed_rules":[],"_wpseo_manager_tiered_pricing_type":"fixed","_wpseo_manager_tiered_pricing_fixed_rules":[],"_wpseo_editor_tiered_pricing_type":"fixed","_wpseo_editor_tiered_pricing_fixed_rules":[],"_wholesale_customer_tiered_pricing_type":"fixed","_wholesale_customer_tiered_pricing_fixed_rules":[],"_marketer_tiered_pricing_type":"fixed","_marketer_tiered_pricing_fixed_rules":[],"_sales_manager_tiered_pricing_type":"fixed","_sales_manager_tiered_pricing_fixed_rules":[],"_sales_rep_tiered_pricing_type":"fixed","_sales_rep_tiered_pricing_fixed_rules":[],"yoast_head":"<!-- This site is optimized with the Yoast SEO plugin v23.3 - https:\/\/yoast.com\/wordpress\/plugins\/seo\/ -->\n<title>Geek Bar X5500 Einweg-Vape 5500 Z\u00fcge 630mAh | ElementVape.de<\/title>\n<meta name=\"description\" content=\"Wir bieten Geek Bar X5500 Einweg-Vape 5500 Z\u00fcge 630mAh , Elementvape.de akzeptieren Gro\u00df-und Einzelhandel Bestellungen.\" \/>\n<meta name=\"robots\" content=\"index, follow, max-snippet:-1, max-image-preview:large, max-video-preview:-1\" \/>\n<link rel=\"canonical\" href=\"https:\/\/www.elementvape.de\/el\/produkt\/geek-bar-x5500-einweg-vape-5500-zuege-630mah\/\" \/>\n<meta property=\"og:locale\" content=\"el_GR\" \/>\n<meta property=\"og:type\" content=\"article\" \/>\n<meta property=\"og:title\" content=\"Geek Bar X5500 Einweg-Vape 5500 Z\u00fcge 630mAh | ElementVape.de\" \/>\n<meta property=\"og:description\" content=\"Wir bieten Geek Bar X5500 Einweg-Vape 5500 Z\u00fcge 630mAh , Elementvape.de akzeptieren Gro\u00df-und Einzelhandel Bestellungen.\" \/>\n<meta property=\"og:url\" content=\"https:\/\/www.elementvape.de\/el\/produkt\/geek-bar-x5500-einweg-vape-5500-zuege-630mah\/\" \/>\n<meta property=\"og:site_name\" content=\"ElementVape.de\" \/>\n<meta property=\"article:modified_time\" content=\"2024-09-12T10:36:43+00:00\" \/>\n<meta property=\"og:image\" content=\"https:\/\/www.elementvape.de\/wp-content\/uploads\/2024\/05\/Geek-bar-X5500-Disposable-Vape-5500-Puffs-972937.webp\" \/>\n\t<meta property=\"og:image:width\" content=\"600\" \/>\n\t<meta property=\"og:image:height\" content=\"600\" \/>\n\t<meta property=\"og:image:type\" content=\"image\/webp\" \/>\n<meta name=\"twitter:card\" content=\"summary_large_image\" \/>\n<meta name=\"twitter:label1\" content=\"Est. reading time\" \/>\n\t<meta name=\"twitter:data1\" content=\"2 \u03bb\u03b5\u03c0\u03c4\u03ac\" \/>\n<script type=\"application\/ld+json\" class=\"yoast-schema-graph\">{\"@context\":\"https:\/\/schema.org\",\"@graph\":[{\"@type\":\"WebPage\",\"@id\":\"https:\/\/www.elementvape.de\/it\/produkt\/geek-bar-x5500-einweg-vape-5500-zuege-630mah\/\",\"url\":\"https:\/\/www.elementvape.de\/it\/produkt\/geek-bar-x5500-einweg-vape-5500-zuege-630mah\/\",\"name\":\"Geek Bar X5500 Einweg-Vape 5500 Z\u00fcge 630mAh | ElementVape.de\",\"isPartOf\":{\"@id\":\"https:\/\/www.elementvape.de\/#website\"},\"primaryImageOfPage\":{\"@id\":\"https:\/\/www.elementvape.de\/it\/produkt\/geek-bar-x5500-einweg-vape-5500-zuege-630mah\/#primaryimage\"},\"image\":{\"@id\":\"https:\/\/www.elementvape.de\/it\/produkt\/geek-bar-x5500-einweg-vape-5500-zuege-630mah\/#primaryimage\"},\"thumbnailUrl\":\"https:\/\/www.elementvape.de\/wp-content\/uploads\/2024\/05\/Geek-bar-X5500-Disposable-Vape-5500-Puffs-972937.webp\",\"datePublished\":\"2024-05-29T07:13:21+00:00\",\"dateModified\":\"2024-09-12T10:36:43+00:00\",\"description\":\"Wir bieten Geek Bar X5500 Einweg-Vape 5500 Z\u00fcge 630mAh , Elementvape.de akzeptieren Gro\u00df-und Einzelhandel Bestellungen.\",\"breadcrumb\":{\"@id\":\"https:\/\/www.elementvape.de\/it\/produkt\/geek-bar-x5500-einweg-vape-5500-zuege-630mah\/#breadcrumb\"},\"inLanguage\":\"el\",\"potentialAction\":[{\"@type\":\"ReadAction\",\"target\":[\"https:\/\/www.elementvape.de\/it\/produkt\/geek-bar-x5500-einweg-vape-5500-zuege-630mah\/\"]}]},{\"@type\":\"ImageObject\",\"inLanguage\":\"el\",\"@id\":\"https:\/\/www.elementvape.de\/it\/produkt\/geek-bar-x5500-einweg-vape-5500-zuege-630mah\/#primaryimage\",\"url\":\"https:\/\/www.elementvape.de\/wp-content\/uploads\/2024\/05\/Geek-bar-X5500-Disposable-Vape-5500-Puffs-972937.webp\",\"contentUrl\":\"https:\/\/www.elementvape.de\/wp-content\/uploads\/2024\/05\/Geek-bar-X5500-Disposable-Vape-5500-Puffs-972937.webp\",\"width\":600,\"height\":600,\"caption\":\"Geek-bar-X5500-Disposable-Vape-5500-Puffs-972937\"},{\"@type\":\"BreadcrumbList\",\"@id\":\"https:\/\/www.elementvape.de\/it\/produkt\/geek-bar-x5500-einweg-vape-5500-zuege-630mah\/#breadcrumb\",\"itemListElement\":[{\"@type\":\"ListItem\",\"position\":1,\"name\":\"Home\",\"item\":\"https:\/\/www.elementvape.de\/\"},{\"@type\":\"ListItem\",\"position\":2,\"name\":\"Shop\",\"item\":\"https:\/\/www.elementvape.de\/shop\/\"},{\"@type\":\"ListItem\",\"position\":3,\"name\":\"Geek Bar X5500 Einweg-Vape 5500 Z\u00fcge 630mAh\"}]},{\"@type\":\"WebSite\",\"@id\":\"https:\/\/www.elementvape.de\/#website\",\"url\":\"https:\/\/www.elementvape.de\/\",\"name\":\"ElementVape.de\",\"description\":\"\",\"publisher\":{\"@id\":\"https:\/\/www.elementvape.de\/#organization\"},\"potentialAction\":[{\"@type\":\"SearchAction\",\"target\":{\"@type\":\"EntryPoint\",\"urlTemplate\":\"https:\/\/www.elementvape.de\/?s={search_term_string}\"},\"query-input\":\"required name=search_term_string\"}],\"inLanguage\":\"el\"},{\"@type\":\"Organization\",\"@id\":\"https:\/\/www.elementvape.de\/#organization\",\"name\":\"ElementVape.DE\",\"url\":\"https:\/\/www.elementvape.de\/\",\"logo\":{\"@type\":\"ImageObject\",\"inLanguage\":\"el\",\"@id\":\"https:\/\/www.elementvape.de\/#\/schema\/logo\/image\/\",\"url\":\"https:\/\/www.elementvape.de\/wp-content\/uploads\/2024\/09\/cropped-1elementvape-3.png\",\"contentUrl\":\"https:\/\/www.elementvape.de\/wp-content\/uploads\/2024\/09\/cropped-1elementvape-3.png\",\"width\":285,\"height\":228,\"caption\":\"ElementVape.DE\"},\"image\":{\"@id\":\"https:\/\/www.elementvape.de\/#\/schema\/logo\/image\/\"}}]}<\/script>\n<!-- \/ Yoast SEO plugin. -->","yoast_head_json":{"title":"Geek Bar X5500 Einweg-Vape 5500 Z\u00fcge 630mAh | ElementVape.de","description":"Wir bieten Geek Bar X5500 Einweg-Vape 5500 Z\u00fcge 630mAh , Elementvape.de akzeptieren Gro\u00df-und Einzelhandel Bestellungen.","robots":{"index":"index","follow":"follow","max-snippet":"max-snippet:-1","max-image-preview":"max-image-preview:large","max-video-preview":"max-video-preview:-1"},"canonical":"https:\/\/www.elementvape.de\/el\/produkt\/geek-bar-x5500-einweg-vape-5500-zuege-630mah\/","og_locale":"el_GR","og_type":"article","og_title":"Geek Bar X5500 Einweg-Vape 5500 Z\u00fcge 630mAh | ElementVape.de","og_description":"Wir bieten Geek Bar X5500 Einweg-Vape 5500 Z\u00fcge 630mAh , Elementvape.de akzeptieren Gro\u00df-und Einzelhandel Bestellungen.","og_url":"https:\/\/www.elementvape.de\/el\/produkt\/geek-bar-x5500-einweg-vape-5500-zuege-630mah\/","og_site_name":"ElementVape.de","article_modified_time":"2024-09-12T10:36:43+00:00","og_image":[{"width":600,"height":600,"url":"https:\/\/www.elementvape.de\/wp-content\/uploads\/2024\/05\/Geek-bar-X5500-Disposable-Vape-5500-Puffs-972937.webp","type":"image\/webp"}],"twitter_card":"summary_large_image","twitter_misc":{"Est. reading time":"2 \u03bb\u03b5\u03c0\u03c4\u03ac"},"schema":{"@context":"https:\/\/schema.org","@graph":[{"@type":"WebPage","@id":"https:\/\/www.elementvape.de\/it\/produkt\/geek-bar-x5500-einweg-vape-5500-zuege-630mah\/","url":"https:\/\/www.elementvape.de\/it\/produkt\/geek-bar-x5500-einweg-vape-5500-zuege-630mah\/","name":"Geek Bar X5500 Einweg-Vape 5500 Z\u00fcge 630mAh | ElementVape.de","isPartOf":{"@id":"https:\/\/www.elementvape.de\/#website"},"primaryImageOfPage":{"@id":"https:\/\/www.elementvape.de\/it\/produkt\/geek-bar-x5500-einweg-vape-5500-zuege-630mah\/#primaryimage"},"image":{"@id":"https:\/\/www.elementvape.de\/it\/produkt\/geek-bar-x5500-einweg-vape-5500-zuege-630mah\/#primaryimage"},"thumbnailUrl":"https:\/\/www.elementvape.de\/wp-content\/uploads\/2024\/05\/Geek-bar-X5500-Disposable-Vape-5500-Puffs-972937.webp","datePublished":"2024-05-29T07:13:21+00:00","dateModified":"2024-09-12T10:36:43+00:00","description":"Wir bieten Geek Bar X5500 Einweg-Vape 5500 Z\u00fcge 630mAh , Elementvape.de akzeptieren Gro\u00df-und Einzelhandel Bestellungen.","breadcrumb":{"@id":"https:\/\/www.elementvape.de\/it\/produkt\/geek-bar-x5500-einweg-vape-5500-zuege-630mah\/#breadcrumb"},"inLanguage":"el","potentialAction":[{"@type":"ReadAction","target":["https:\/\/www.elementvape.de\/it\/produkt\/geek-bar-x5500-einweg-vape-5500-zuege-630mah\/"]}]},{"@type":"ImageObject","inLanguage":"el","@id":"https:\/\/www.elementvape.de\/it\/produkt\/geek-bar-x5500-einweg-vape-5500-zuege-630mah\/#primaryimage","url":"https:\/\/www.elementvape.de\/wp-content\/uploads\/2024\/05\/Geek-bar-X5500-Disposable-Vape-5500-Puffs-972937.webp","contentUrl":"https:\/\/www.elementvape.de\/wp-content\/uploads\/2024\/05\/Geek-bar-X5500-Disposable-Vape-5500-Puffs-972937.webp","width":600,"height":600,"caption":"Geek-bar-X5500-Disposable-Vape-5500-Puffs-972937"},{"@type":"BreadcrumbList","@id":"https:\/\/www.elementvape.de\/it\/produkt\/geek-bar-x5500-einweg-vape-5500-zuege-630mah\/#breadcrumb","itemListElement":[{"@type":"ListItem","position":1,"name":"Home","item":"https:\/\/www.elementvape.de\/"},{"@type":"ListItem","position":2,"name":"Shop","item":"https:\/\/www.elementvape.de\/shop\/"},{"@type":"ListItem","position":3,"name":"Geek Bar X5500 Einweg-Vape 5500 Z\u00fcge 630mAh"}]},{"@type":"WebSite","@id":"https:\/\/www.elementvape.de\/#website","url":"https:\/\/www.elementvape.de\/","name":"ElementVape.de","description":"","publisher":{"@id":"https:\/\/www.elementvape.de\/#organization"},"potentialAction":[{"@type":"SearchAction","target":{"@type":"EntryPoint","urlTemplate":"https:\/\/www.elementvape.de\/?s={search_term_string}"},"query-input":"required name=search_term_string"}],"inLanguage":"el"},{"@type":"Organization","@id":"https:\/\/www.elementvape.de\/#organization","name":"ElementVape.DE","url":"https:\/\/www.elementvape.de\/","logo":{"@type":"ImageObject","inLanguage":"el","@id":"https:\/\/www.elementvape.de\/#\/schema\/logo\/image\/","url":"https:\/\/www.elementvape.de\/wp-content\/uploads\/2024\/09\/cropped-1elementvape-3.png","contentUrl":"https:\/\/www.elementvape.de\/wp-content\/uploads\/2024\/09\/cropped-1elementvape-3.png","width":285,"height":228,"caption":"ElementVape.DE"},"image":{"@id":"https:\/\/www.elementvape.de\/#\/schema\/logo\/image\/"}}]}},"_links":{"self":[{"href":"https:\/\/www.elementvape.de\/el\/wp-json\/wp\/v2\/product\/11022"}],"collection":[{"href":"https:\/\/www.elementvape.de\/el\/wp-json\/wp\/v2\/product"}],"about":[{"href":"https:\/\/www.elementvape.de\/el\/wp-json\/wp\/v2\/types\/product"}],"wp:featuredmedia":[{"embeddable":true,"href":"https:\/\/www.elementvape.de\/el\/wp-json\/wp\/v2\/media\/11045"}],"wp:attachment":[{"href":"https:\/\/www.elementvape.de\/el\/wp-json\/wp\/v2\/media?parent=11022"}],"wp:term":[{"taxonomy":"product_cat","embeddable":true,"href":"https:\/\/www.elementvape.de\/el\/wp-json\/wp\/v2\/product_cat?post=11022"},{"taxonomy":"product_tag","embeddable":true,"href":"https:\/\/www.elementvape.de\/el\/wp-json\/wp\/v2\/product_tag?post=11022"}],"curies":[{"name":"wp","href":"https:\/\/api.w.org\/{rel}","templated":true}]}}