{"id":10923,"date":"2024-05-27T09:26:42","date_gmt":"2024-05-27T09:26:42","guid":{"rendered":"https:\/\/www.elementvape.de\/?post_type=product&#038;p=10923"},"modified":"2024-09-12T10:36:45","modified_gmt":"2024-09-12T10:36:45","slug":"elf-bar-2000-einweg-vape-1200mah-2000-zuege","status":"publish","type":"product","link":"https:\/\/www.elementvape.de\/el\/produkt\/elf-bar-2000-einweg-vape-1200mah-2000-zuege\/","title":{"rendered":"ELF BAR 2000 \u039c\u03b9\u03b1 \u03c7\u03c1\u03ae\u03c3\u03b7 Vape 1200mAh 2000 \u03c4\u03c3\u03b9\u03b3\u03ac\u03c1\u03b1"},"content":{"rendered":"<div class=\"card__header\">\n<h2 class=\"card__title heading h3\"><span>\u03a0\u03b5\u03c1\u03b9\u03b3\u03c1\u03b1\u03c6\u03ae<\/span><\/h2>\n<\/div>\n<div class=\"card__section\">\n<div class=\"rte text--pull\"><span>\u03a4\u03bf \u03bc\u03b9\u03b1\u03c2 \u03c7\u03c1\u03ae\u03c3\u03b7\u03c2 Vape Elf Bar<\/span><span>\u00a02000 \u03b4\u03b9\u03b1\u03b8\u03ad\u03c4\u03b5\u03b9 \u03bc\u03b5\u03b3\u03ac\u03bb\u03b7 \u03c7\u03c9\u03c1\u03b7\u03c4\u03b9\u03ba\u03cc\u03c4\u03b7\u03c4\u03b1 \u03bc\u03c0\u03b1\u03c4\u03b1\u03c1\u03af\u03b1\u03c2 2000 mAh \u03ba\u03b1\u03b9 6,5 ml \u03c0\u03c1\u03bf\u03b3\u03b5\u03bc\u03b9\u03c3\u03bc\u03ad\u03bd\u03bf\u03c5 \u03c5\u03b3\u03c1\u03bf\u03cd, \u03c0\u03bf\u03c5 \u03b1\u03c1\u03ba\u03b5\u03af \u03b3\u03b9\u03b1 1800 \u03c4\u03c3\u03b9\u03bc\u03c0\u03ae\u03bc\u03b1\u03c4\u03b1. \u039a\u03b1\u03b9 \u03c4\u03bf \u03bc\u03b9\u03b1\u03c2 \u03c7\u03c1\u03ae\u03c3\u03b7\u03c2 Vape Elf Bar 2000 \u03ad\u03c7\u03b5\u03b9 \u03b5\u03c0\u03af\u03c0\u03b5\u03b4\u03bf \u03bd\u03b9\u03ba\u03bf\u03c4\u03af\u03bd\u03b7\u03c2 5 % \u03ae 2 % \u03b5\u03c0\u03b9\u03bb\u03bf\u03b3\u03ae\u03c2. \u0395\u03c0\u03b9\u03c0\u03bb\u03ad\u03bf\u03bd, \u03c4\u03bf Elf Bar 2000 \u03b4\u03b9\u03b1\u03b8\u03ad\u03c4\u03b5\u03b9 \u03ba\u03ac\u03b8\u03b5\u03c4\u03b7 \u03b4\u03b9\u03c0\u03bb\u03ae \u03b1\u03bd\u03c4\u03af\u03c3\u03c4\u03b1\u03c3\u03b7, \u03c0\u03bf\u03c5 \u03bc\u03b5\u03c4\u03b1\u03b4\u03af\u03b4\u03b5\u03b9 \u03ba\u03b1\u03b8\u03b1\u03c1\u03ae \u03b3\u03b5\u03cd\u03c3\u03b7 \u03ba\u03b1\u03b9 \u03bc\u03b5\u03b3\u03ac\u03bb\u03b1 \u03c3\u03cd\u03bd\u03bd\u03b5\u03c6\u03b1, \u03b3\u03b9\u03b1 \u03bd\u03b1 \u03ba\u03ac\u03bd\u03b5\u03b9 \u03ba\u03ac\u03b8\u03b5 \u03c4\u03c3\u03af\u03bc\u03c0\u03b7\u03bc\u03b1 \u03c0\u03bb\u03ae\u03c1\u03b5\u03c2 \u03ba\u03b1\u03b9 \u03b5\u03c5\u03c7\u03ac\u03c1\u03b9\u03c3\u03c4\u03bf. \u039c\u03c0\u03bf\u03c1\u03b5\u03af\u03c4\u03b5 \u03bd\u03b1 \u03b5\u03c0\u03b9\u03bb\u03ad\u03be\u03b5\u03c4\u03b5 \u03b1\u03c0\u03cc \u03bc\u03b9\u03b1 \u03c0\u03bf\u03b9\u03ba\u03b9\u03bb\u03af\u03b1 \u03bd\u03ad\u03c9\u03bd \u03bc\u03b9\u03b3\u03bc\u03ac\u03c4\u03c9\u03bd \u03c6\u03c1\u03bf\u03cd\u03c4\u03c9\u03bd. \u0391\u03c0\u03bf\u03bb\u03b1\u03cd\u03c3\u03c4\u03b5 \u03c4\u03ce\u03c1\u03b1 \u03b1\u03c0\u03b5\u03c1\u03b9\u03cc\u03c1\u03b9\u03c3\u03c4\u03b7 \u03b5\u03c5\u03c4\u03c5\u03c7\u03af\u03b1!<\/span><\/p>\n<p><span>\u03a0\u03b1\u03c1\u03ac\u03bc\u03b5\u03c4\u03c1\u03bf\u03b9<\/span><br \/>\n<span>\u039c\u03ad\u03b3\u03b5\u03b8\u03bf\u03c2: \u03c619 x 115 mm<\/span><br \/>\n<span>\u03a7\u03c9\u03c1\u03b7\u03c4\u03b9\u03ba\u03cc\u03c4\u03b7\u03c4\u03b1 \u03a5\u03b3\u03c1\u03bf\u03cd: 6,5 ml<\/span><br \/>\n<span>\u0395\u03c0\u03af\u03c0\u03b5\u03b4\u03bf \u039d\u03b9\u03ba\u03bf\u03c4\u03af\u03bd\u03b7\u03c2: 5 % \/ 2 % \/ 2 % SE<\/span><br \/>\n<span>\u03a7\u03c9\u03c1\u03b7\u03c4\u03b9\u03ba\u03cc\u03c4\u03b7\u03c4\u03b1 \u039c\u03c0\u03b1\u03c4\u03b1\u03c1\u03af\u03b1\u03c2: 1200 mAh<\/span><br \/>\n<span>\u03a4\u03c3\u03b9\u03bc\u03c0\u03ae\u03bc\u03b1\u03c4\u03b1: 2000 \u03c4\u03c3\u03b9\u03bc\u03c0\u03ae\u03bc\u03b1\u03c4\u03b1<\/span><\/p>\n<p><span>\u039a\u03ac\u03b8\u03b5\u03c4\u03b7 \u03b4\u03b9\u03c0\u03bb\u03ae \u03b1\u03bd\u03c4\u03af\u03c3\u03c4\u03b1\u03c3\u03b7 \u03bc\u03b5\u03c4\u03b1\u03b4\u03af\u03b4\u03b5\u03b9 \u03ba\u03b1\u03b8\u03b1\u03c1\u03ae \u03b3\u03b5\u03cd\u03c3\u03b7 \u03ba\u03b1\u03b9 \u03bc\u03b5\u03b3\u03ac\u03bb\u03b1 \u03c3\u03cd\u03bd\u03bd\u03b5\u03c6\u03b1<\/span><br \/>\n<span>2000 mAh \u03bc\u03b5\u03b3\u03b1\u03bb\u03cd\u03c4\u03b5\u03c1\u03b7 \u03c7\u03c9\u03c1\u03b7\u03c4\u03b9\u03ba\u03cc\u03c4\u03b7\u03c4\u03b1 \u03bc\u03c0\u03b1\u03c4\u03b1\u03c1\u03af\u03b1\u03c2 \u03ba\u03b1\u03b9 1800 \u03c4\u03c3\u03b9\u03bc\u03c0\u03ae\u03bc\u03b1\u03c4\u03b1<\/span><br \/>\n<span>\u03a3\u03c4\u03c5\u03bb\u03ac\u03c4\u03b7 \u03b5\u03bc\u03c6\u03ac\u03bd\u03b9\u03c3\u03b7 \u03bc\u03b5 Gradient \u03c7\u03c1\u03ce\u03bc\u03b1 \u03ba\u03b1\u03b9 \u03bb\u03b5\u03af\u03b1 \u03b1\u03af\u03c3\u03b8\u03b7\u03c3\u03b7 \u03c3\u03c4\u03bf \u03c7\u03ad\u03c1\u03b9<\/span><br \/>\n<span>\u03a0\u03bb\u03ae\u03c1\u03c9\u03c2 \u03bd\u03ad\u03b1 \u03bc\u03af\u03b3\u03bc\u03b1\u03c4\u03b1 \u03c6\u03c1\u03bf\u03cd\u03c4\u03c9\u03bd \u03c0\u03c1\u03bf\u03c3\u03c6\u03ad\u03c1\u03bf\u03c5\u03bd \u03b1\u03c0\u03b5\u03c1\u03b9\u03cc\u03c1\u03b9\u03c3\u03c4\u03b7 \u03b5\u03bc\u03c0\u03b5\u03b9\u03c1\u03af\u03b1<\/span><\/p>\n<p><span>\u03a3\u03c5\u03bc\u03c0\u03b5\u03c1\u03b9\u03bb\u03b1\u03bc\u03b2\u03ac\u03bd\u03bf\u03bd\u03c4\u03b1\u03b9:<\/span><br \/>\n<span>1 \u00d7 Elf Bar 2000 \u03bc\u03b9\u03b1\u03c2 \u03c7\u03c1\u03ae\u03c3\u03b7\u03c2\u00a0<\/span>-Vape<span>\u00a01200 mAh<\/span><\/div>\n<\/div>","protected":false},"excerpt":{"rendered":"<p>Beschreibung Der Einweg-Vape Elf Bar\u00a02000 verf\u00fcgt \u00fcber eine gro\u00dfe Akkukapazit\u00e4t von 2000 mAh und 6,5 ml vorgef\u00fcllten Liquid, das f\u00fcr 1800 Z\u00fcge ausreicht. Und der Einweg-Vape Elf Bar 2000 hat eine Nikotinst\u00e4rke von 5 % oder 2 % zur Auswahl. Dar\u00fcber hinaus verf\u00fcgt der Elf Bar 2000 \u00fcber eine vertikale Doppelspule, die reinen Geschmack und [&hellip;]<\/p>","protected":false},"featured_media":10924,"template":"","meta":{"inline_featured_image":false},"product_cat":[15,78,754,745,742,748,744,755,738,751],"product_tag":[675],"tiered_pricing_type":"fixed","tiered_pricing_fixed_rules":[],"tiered_pricing_percentage_rules":[],"tiered_pricing_minimum":1,"_administrator_tiered_pricing_type":"fixed","_administrator_tiered_pricing_fixed_rules":[],"_editor_tiered_pricing_type":"fixed","_editor_tiered_pricing_fixed_rules":[],"_author_tiered_pricing_type":"fixed","_author_tiered_pricing_fixed_rules":[],"_contributor_tiered_pricing_type":"fixed","_contributor_tiered_pricing_fixed_rules":[],"_subscriber_tiered_pricing_type":"fixed","_subscriber_tiered_pricing_fixed_rules":[],"_customer_tiered_pricing_type":"fixed","_customer_tiered_pricing_fixed_rules":[],"_shop_manager_tiered_pricing_type":"fixed","_shop_manager_tiered_pricing_fixed_rules":[],"_wpseo_manager_tiered_pricing_type":"fixed","_wpseo_manager_tiered_pricing_fixed_rules":[],"_wpseo_editor_tiered_pricing_type":"fixed","_wpseo_editor_tiered_pricing_fixed_rules":[],"_wholesale_customer_tiered_pricing_type":"fixed","_wholesale_customer_tiered_pricing_fixed_rules":[],"_marketer_tiered_pricing_type":"fixed","_marketer_tiered_pricing_fixed_rules":[],"_sales_manager_tiered_pricing_type":"fixed","_sales_manager_tiered_pricing_fixed_rules":[],"_sales_rep_tiered_pricing_type":"fixed","_sales_rep_tiered_pricing_fixed_rules":[],"yoast_head":"<!-- This site is optimized with the Yoast SEO plugin v23.3 - https:\/\/yoast.com\/wordpress\/plugins\/seo\/ -->\n<title>ELF BAR 2000 Einweg-Vape 1200mAh 2000 Z\u00fcge | ElementVape.de<\/title>\n<meta name=\"description\" content=\"Wir bieten ELF BAR 2000 Einweg-Vape 1200mAh 2000 Z\u00fcge , Elementvape.de akzeptieren Gro\u00df-und Einzelhandel Bestellungen.\" \/>\n<meta name=\"robots\" content=\"index, follow, max-snippet:-1, max-image-preview:large, max-video-preview:-1\" \/>\n<link rel=\"canonical\" href=\"https:\/\/www.elementvape.de\/el\/produkt\/elf-bar-2000-einweg-vape-1200mah-2000-zuege\/\" \/>\n<meta property=\"og:locale\" content=\"el_GR\" \/>\n<meta property=\"og:type\" content=\"article\" \/>\n<meta property=\"og:title\" content=\"ELF BAR 2000 Einweg-Vape 1200mAh 2000 Z\u00fcge | ElementVape.de\" \/>\n<meta property=\"og:description\" content=\"Wir bieten ELF BAR 2000 Einweg-Vape 1200mAh 2000 Z\u00fcge , Elementvape.de akzeptieren Gro\u00df-und Einzelhandel Bestellungen.\" \/>\n<meta property=\"og:url\" content=\"https:\/\/www.elementvape.de\/el\/produkt\/elf-bar-2000-einweg-vape-1200mah-2000-zuege\/\" \/>\n<meta property=\"og:site_name\" content=\"ElementVape.de\" \/>\n<meta property=\"article:modified_time\" content=\"2024-09-12T10:36:45+00:00\" \/>\n<meta property=\"og:image\" content=\"https:\/\/www.elementvape.de\/wp-content\/uploads\/2024\/05\/ELF-BAR-2000-Disposable-Vape-1200mAh-1800-puffs.webp\" \/>\n\t<meta property=\"og:image:width\" content=\"600\" \/>\n\t<meta property=\"og:image:height\" content=\"600\" \/>\n\t<meta property=\"og:image:type\" content=\"image\/webp\" \/>\n<meta name=\"twitter:card\" content=\"summary_large_image\" \/>\n<meta name=\"twitter:label1\" content=\"Est. reading time\" \/>\n\t<meta name=\"twitter:data1\" content=\"2 \u03bb\u03b5\u03c0\u03c4\u03ac\" \/>\n<script type=\"application\/ld+json\" class=\"yoast-schema-graph\">{\"@context\":\"https:\/\/schema.org\",\"@graph\":[{\"@type\":\"WebPage\",\"@id\":\"https:\/\/www.elementvape.de\/et\/produkt\/elf-bar-2000-einweg-vape-1200mah-2000-zuege\/\",\"url\":\"https:\/\/www.elementvape.de\/et\/produkt\/elf-bar-2000-einweg-vape-1200mah-2000-zuege\/\",\"name\":\"ELF BAR 2000 Einweg-Vape 1200mAh 2000 Z\u00fcge | ElementVape.de\",\"isPartOf\":{\"@id\":\"https:\/\/www.elementvape.de\/#website\"},\"primaryImageOfPage\":{\"@id\":\"https:\/\/www.elementvape.de\/et\/produkt\/elf-bar-2000-einweg-vape-1200mah-2000-zuege\/#primaryimage\"},\"image\":{\"@id\":\"https:\/\/www.elementvape.de\/et\/produkt\/elf-bar-2000-einweg-vape-1200mah-2000-zuege\/#primaryimage\"},\"thumbnailUrl\":\"https:\/\/www.elementvape.de\/wp-content\/uploads\/2024\/05\/ELF-BAR-2000-Disposable-Vape-1200mAh-1800-puffs.webp\",\"datePublished\":\"2024-05-27T09:26:42+00:00\",\"dateModified\":\"2024-09-12T10:36:45+00:00\",\"description\":\"Wir bieten ELF BAR 2000 Einweg-Vape 1200mAh 2000 Z\u00fcge , Elementvape.de akzeptieren Gro\u00df-und Einzelhandel Bestellungen.\",\"breadcrumb\":{\"@id\":\"https:\/\/www.elementvape.de\/et\/produkt\/elf-bar-2000-einweg-vape-1200mah-2000-zuege\/#breadcrumb\"},\"inLanguage\":\"el\",\"potentialAction\":[{\"@type\":\"ReadAction\",\"target\":[\"https:\/\/www.elementvape.de\/et\/produkt\/elf-bar-2000-einweg-vape-1200mah-2000-zuege\/\"]}]},{\"@type\":\"ImageObject\",\"inLanguage\":\"el\",\"@id\":\"https:\/\/www.elementvape.de\/et\/produkt\/elf-bar-2000-einweg-vape-1200mah-2000-zuege\/#primaryimage\",\"url\":\"https:\/\/www.elementvape.de\/wp-content\/uploads\/2024\/05\/ELF-BAR-2000-Disposable-Vape-1200mAh-1800-puffs.webp\",\"contentUrl\":\"https:\/\/www.elementvape.de\/wp-content\/uploads\/2024\/05\/ELF-BAR-2000-Disposable-Vape-1200mAh-1800-puffs.webp\",\"width\":600,\"height\":600,\"caption\":\"ELF-BAR-2000-Disposable-Vape-1200mAh-1800-puffs\"},{\"@type\":\"BreadcrumbList\",\"@id\":\"https:\/\/www.elementvape.de\/et\/produkt\/elf-bar-2000-einweg-vape-1200mah-2000-zuege\/#breadcrumb\",\"itemListElement\":[{\"@type\":\"ListItem\",\"position\":1,\"name\":\"Home\",\"item\":\"https:\/\/www.elementvape.de\/\"},{\"@type\":\"ListItem\",\"position\":2,\"name\":\"Shop\",\"item\":\"https:\/\/www.elementvape.de\/shop\/\"},{\"@type\":\"ListItem\",\"position\":3,\"name\":\"ELF BAR 2000 Einweg-Vape 1200mAh 2000 Z\u00fcge\"}]},{\"@type\":\"WebSite\",\"@id\":\"https:\/\/www.elementvape.de\/#website\",\"url\":\"https:\/\/www.elementvape.de\/\",\"name\":\"ElementVape.de\",\"description\":\"\",\"publisher\":{\"@id\":\"https:\/\/www.elementvape.de\/#organization\"},\"potentialAction\":[{\"@type\":\"SearchAction\",\"target\":{\"@type\":\"EntryPoint\",\"urlTemplate\":\"https:\/\/www.elementvape.de\/?s={search_term_string}\"},\"query-input\":\"required name=search_term_string\"}],\"inLanguage\":\"el\"},{\"@type\":\"Organization\",\"@id\":\"https:\/\/www.elementvape.de\/#organization\",\"name\":\"ElementVape.DE\",\"url\":\"https:\/\/www.elementvape.de\/\",\"logo\":{\"@type\":\"ImageObject\",\"inLanguage\":\"el\",\"@id\":\"https:\/\/www.elementvape.de\/#\/schema\/logo\/image\/\",\"url\":\"https:\/\/www.elementvape.de\/wp-content\/uploads\/2024\/09\/cropped-1elementvape-3.png\",\"contentUrl\":\"https:\/\/www.elementvape.de\/wp-content\/uploads\/2024\/09\/cropped-1elementvape-3.png\",\"width\":285,\"height\":228,\"caption\":\"ElementVape.DE\"},\"image\":{\"@id\":\"https:\/\/www.elementvape.de\/#\/schema\/logo\/image\/\"}}]}<\/script>\n<!-- \/ Yoast SEO plugin. -->","yoast_head_json":{"title":"ELF BAR 2000 Einweg-Vape 1200mAh 2000 Z\u00fcge | ElementVape.de","description":"Wir bieten ELF BAR 2000 Einweg-Vape 1200mAh 2000 Z\u00fcge , Elementvape.de akzeptieren Gro\u00df-und Einzelhandel Bestellungen.","robots":{"index":"index","follow":"follow","max-snippet":"max-snippet:-1","max-image-preview":"max-image-preview:large","max-video-preview":"max-video-preview:-1"},"canonical":"https:\/\/www.elementvape.de\/el\/produkt\/elf-bar-2000-einweg-vape-1200mah-2000-zuege\/","og_locale":"el_GR","og_type":"article","og_title":"ELF BAR 2000 Einweg-Vape 1200mAh 2000 Z\u00fcge | ElementVape.de","og_description":"Wir bieten ELF BAR 2000 Einweg-Vape 1200mAh 2000 Z\u00fcge , Elementvape.de akzeptieren Gro\u00df-und Einzelhandel Bestellungen.","og_url":"https:\/\/www.elementvape.de\/el\/produkt\/elf-bar-2000-einweg-vape-1200mah-2000-zuege\/","og_site_name":"ElementVape.de","article_modified_time":"2024-09-12T10:36:45+00:00","og_image":[{"width":600,"height":600,"url":"https:\/\/www.elementvape.de\/wp-content\/uploads\/2024\/05\/ELF-BAR-2000-Disposable-Vape-1200mAh-1800-puffs.webp","type":"image\/webp"}],"twitter_card":"summary_large_image","twitter_misc":{"Est. reading time":"2 \u03bb\u03b5\u03c0\u03c4\u03ac"},"schema":{"@context":"https:\/\/schema.org","@graph":[{"@type":"WebPage","@id":"https:\/\/www.elementvape.de\/et\/produkt\/elf-bar-2000-einweg-vape-1200mah-2000-zuege\/","url":"https:\/\/www.elementvape.de\/et\/produkt\/elf-bar-2000-einweg-vape-1200mah-2000-zuege\/","name":"ELF BAR 2000 Einweg-Vape 1200mAh 2000 Z\u00fcge | ElementVape.de","isPartOf":{"@id":"https:\/\/www.elementvape.de\/#website"},"primaryImageOfPage":{"@id":"https:\/\/www.elementvape.de\/et\/produkt\/elf-bar-2000-einweg-vape-1200mah-2000-zuege\/#primaryimage"},"image":{"@id":"https:\/\/www.elementvape.de\/et\/produkt\/elf-bar-2000-einweg-vape-1200mah-2000-zuege\/#primaryimage"},"thumbnailUrl":"https:\/\/www.elementvape.de\/wp-content\/uploads\/2024\/05\/ELF-BAR-2000-Disposable-Vape-1200mAh-1800-puffs.webp","datePublished":"2024-05-27T09:26:42+00:00","dateModified":"2024-09-12T10:36:45+00:00","description":"Wir bieten ELF BAR 2000 Einweg-Vape 1200mAh 2000 Z\u00fcge , Elementvape.de akzeptieren Gro\u00df-und Einzelhandel Bestellungen.","breadcrumb":{"@id":"https:\/\/www.elementvape.de\/et\/produkt\/elf-bar-2000-einweg-vape-1200mah-2000-zuege\/#breadcrumb"},"inLanguage":"el","potentialAction":[{"@type":"ReadAction","target":["https:\/\/www.elementvape.de\/et\/produkt\/elf-bar-2000-einweg-vape-1200mah-2000-zuege\/"]}]},{"@type":"ImageObject","inLanguage":"el","@id":"https:\/\/www.elementvape.de\/et\/produkt\/elf-bar-2000-einweg-vape-1200mah-2000-zuege\/#primaryimage","url":"https:\/\/www.elementvape.de\/wp-content\/uploads\/2024\/05\/ELF-BAR-2000-Disposable-Vape-1200mAh-1800-puffs.webp","contentUrl":"https:\/\/www.elementvape.de\/wp-content\/uploads\/2024\/05\/ELF-BAR-2000-Disposable-Vape-1200mAh-1800-puffs.webp","width":600,"height":600,"caption":"ELF-BAR-2000-Disposable-Vape-1200mAh-1800-puffs"},{"@type":"BreadcrumbList","@id":"https:\/\/www.elementvape.de\/et\/produkt\/elf-bar-2000-einweg-vape-1200mah-2000-zuege\/#breadcrumb","itemListElement":[{"@type":"ListItem","position":1,"name":"Home","item":"https:\/\/www.elementvape.de\/"},{"@type":"ListItem","position":2,"name":"Shop","item":"https:\/\/www.elementvape.de\/shop\/"},{"@type":"ListItem","position":3,"name":"ELF BAR 2000 Einweg-Vape 1200mAh 2000 Z\u00fcge"}]},{"@type":"WebSite","@id":"https:\/\/www.elementvape.de\/#website","url":"https:\/\/www.elementvape.de\/","name":"ElementVape.de","description":"","publisher":{"@id":"https:\/\/www.elementvape.de\/#organization"},"potentialAction":[{"@type":"SearchAction","target":{"@type":"EntryPoint","urlTemplate":"https:\/\/www.elementvape.de\/?s={search_term_string}"},"query-input":"required name=search_term_string"}],"inLanguage":"el"},{"@type":"Organization","@id":"https:\/\/www.elementvape.de\/#organization","name":"ElementVape.DE","url":"https:\/\/www.elementvape.de\/","logo":{"@type":"ImageObject","inLanguage":"el","@id":"https:\/\/www.elementvape.de\/#\/schema\/logo\/image\/","url":"https:\/\/www.elementvape.de\/wp-content\/uploads\/2024\/09\/cropped-1elementvape-3.png","contentUrl":"https:\/\/www.elementvape.de\/wp-content\/uploads\/2024\/09\/cropped-1elementvape-3.png","width":285,"height":228,"caption":"ElementVape.DE"},"image":{"@id":"https:\/\/www.elementvape.de\/#\/schema\/logo\/image\/"}}]}},"_links":{"self":[{"href":"https:\/\/www.elementvape.de\/el\/wp-json\/wp\/v2\/product\/10923"}],"collection":[{"href":"https:\/\/www.elementvape.de\/el\/wp-json\/wp\/v2\/product"}],"about":[{"href":"https:\/\/www.elementvape.de\/el\/wp-json\/wp\/v2\/types\/product"}],"wp:featuredmedia":[{"embeddable":true,"href":"https:\/\/www.elementvape.de\/el\/wp-json\/wp\/v2\/media\/10924"}],"wp:attachment":[{"href":"https:\/\/www.elementvape.de\/el\/wp-json\/wp\/v2\/media?parent=10923"}],"wp:term":[{"taxonomy":"product_cat","embeddable":true,"href":"https:\/\/www.elementvape.de\/el\/wp-json\/wp\/v2\/product_cat?post=10923"},{"taxonomy":"product_tag","embeddable":true,"href":"https:\/\/www.elementvape.de\/el\/wp-json\/wp\/v2\/product_tag?post=10923"}],"curies":[{"name":"wp","href":"https:\/\/api.w.org\/{rel}","templated":true}]}}