{"id":10885,"date":"2024-05-27T08:14:12","date_gmt":"2024-05-27T08:14:12","guid":{"rendered":"https:\/\/www.elementvape.de\/?post_type=product&#038;p=10885"},"modified":"2024-09-12T10:31:34","modified_gmt":"2024-09-12T10:31:34","slug":"elf-bar-2500-einweg-vape-2500-zuege-1400mah","status":"publish","type":"product","link":"https:\/\/www.elementvape.de\/el\/produkt\/elf-bar-2500-einweg-vape-2500-zuege-1400mah\/","title":{"rendered":"ELF BAR 2500 \u039c\u03b9\u03b1 \u03c7\u03c1\u03ae\u03c3\u03b7 Vape 2500 \u03c4\u03c3\u03b9\u03b3\u03ac\u03c1\u03b1 1400mAh"},"content":{"rendered":"<div class=\"card__header\">\n<h2 class=\"card__title heading h3\">\u03a0\u03b5\u03c1\u03b9\u03b3\u03c1\u03b1\u03c6\u03ae<\/h2>\n<\/div>\n<div class=\"card__section\">\n<div class=\"rte text--pull\">\n<p><strong><a title=\"Elf Bar\" href=\"https:\/\/www.elementvape.de\/el\/product-brand\/elfbar\/\">Elf bar<\/a><\/strong>\u00a02500 Disposable Vape \u03ad\u03c1\u03c7\u03b5\u03c4\u03b1\u03b9 \u03bc\u03b5 1400 mAh \u03c0\u03b5\u03c1\u03b9\u03c3\u03c3\u03cc\u03c4\u03b5\u03c1\u03b7 \u03c7\u03c9\u03c1\u03b7\u03c4\u03b9\u03ba\u03cc\u03c4\u03b7\u03c4\u03b1 \u03bc\u03c0\u03b1\u03c4\u03b1\u03c1\u03af\u03b1\u03c2 \u03ba\u03b1\u03b9 8 ml \u03c0\u03b5\u03c1\u03b9\u03c3\u03c3\u03cc\u03c4\u03b5\u03c1\u03bf \u03c0\u03c1\u03bf\u03b3\u03b5\u03bc\u03b9\u03c3\u03bc\u03ad\u03bd\u03bf \u03c5\u03b3\u03c1\u03cc, \u03ce\u03c3\u03c4\u03b5 \u03bd\u03b1 \u03bc\u03c0\u03bf\u03c1\u03b5\u03af\u03c4\u03b5 \u03bd\u03b1 \u03b1\u03c0\u03bf\u03bb\u03b1\u03bc\u03b2\u03ac\u03bd\u03b5\u03c4\u03b5 \u03b9\u03ba\u03b1\u03bd\u03bf\u03c0\u03bf\u03b9\u03b7\u03c4\u03b9\u03ba\u03cc \u03ac\u03c4\u03bc\u03b9\u03c3\u03bc\u03b1 \u03cc\u03bb\u03b7 \u03c4\u03b7\u03bd \u03b7\u03bc\u03ad\u03c1\u03b1. \u039a\u03b1\u03b9 \u03c4\u03bf Elf bar 2500 Disposable Vape \u03ad\u03c7\u03b5\u03b9 \u03ba\u03bf\u03bc\u03c8\u03ac \u03c7\u03c1\u03c9\u03bc\u03b1\u03c4\u03b9\u03ba\u03ac \u03b4\u03b9\u03b1\u03b2\u03b1\u03b8\u03bc\u03af\u03c3\u03b5\u03b9\u03c2 \u03ba\u03b1\u03b9 \u03bc\u03b1\u03c4 \u03b5\u03c0\u03b9\u03c6\u03ac\u03bd\u03b5\u03b9\u03b1, \u03b3\u03b9\u03b1 \u03bd\u03b1 \u03b5\u03af\u03bd\u03b1\u03b9 \u03c0\u03b9\u03bf \u03b5\u03bb\u03ba\u03c5\u03c3\u03c4\u03b9\u03ba\u03cc \u03ba\u03b1\u03b9 \u03bd\u03b1 \u03b1\u03b9\u03c3\u03b8\u03ac\u03bd\u03b5\u03c4\u03b1\u03b9 \u03bf\u03bc\u03b1\u03bb\u03cc. \u039c\u03b5 \u03c4\u03b7 \u03ba\u03ac\u03b8\u03b5\u03c4\u03b7 \u03b4\u03bf\u03bc\u03ae \u03b4\u03b9\u03c0\u03bb\u03bf\u03cd \u03c0\u03b7\u03bd\u03af\u03bf\u03c5, \u03c4\u03bf Elf bar 2500 Disposable Vape \u03c0\u03c1\u03ad\u03c0\u03b5\u03b9 \u03bd\u03b1 \u03c3\u03b1\u03c2 \u03c0\u03c1\u03bf\u03c3\u03c6\u03ad\u03c1\u03b5\u03b9 \u03ba\u03b1\u03b8\u03b1\u03c1\u03ae \u03b3\u03b5\u03cd\u03c3\u03b7. \u039f\u03b9 \u03c0\u03b9\u03bf \u03c6\u03c1\u03bf\u03c5\u03c4\u03ce\u03b4\u03b5\u03b9\u03c2 \u03b1\u03c1\u03ce\u03bc\u03b1\u03c4\u03b1 \u03ba\u03b1\u03bb\u03cd\u03c0\u03c4\u03bf\u03c5\u03bd \u03c4\u03b9\u03c2 \u03b4\u03b9\u03b1\u03c6\u03bf\u03c1\u03b5\u03c4\u03b9\u03ba\u03ad\u03c2 \u03c3\u03b1\u03c2 \u03b1\u03bd\u03ac\u03b3\u03ba\u03b5\u03c2. \u0391\u03c0\u03bb\u03ac \u03c0\u03ac\u03c1\u03c4\u03b5 \u03c4\u03bf Elf bar 2500 Disposable Vape \u03ba\u03b1\u03b9 \u03b1\u03c0\u03bf\u03bb\u03b1\u03cd\u03c3\u03c4\u03b5 \u03c4\u03bf \u03ac\u03c4\u03bc\u03b9\u03c3\u03bc\u03b1.<\/p>\n<h3>\u03a0\u03b1\u03c1\u03ac\u03bc\u03b5\u03c4\u03c1\u03bf\u03b9:<\/h3>\n<p>\u039c\u03ad\u03b3\u03b5\u03b8\u03bf\u03c2: 108 x 23 mm<br \/>\n\u03a7\u03c9\u03c1\u03b7\u03c4\u03b9\u03ba\u03cc\u03c4\u03b7\u03c4\u03b1 \u03c5\u03b3\u03c1\u03bf\u03cd: 8 ml<br \/>\n\u03a0\u03c5\u03ba\u03bd\u03cc\u03c4\u03b7\u03c4\u03b1 \u03bd\u03b9\u03ba\u03bf\u03c4\u03af\u03bd\u03b7\u03c2: 5 %\/2 %\/2 % SE<br \/>\n\u03a7\u03c9\u03c1\u03b7\u03c4\u03b9\u03ba\u03cc\u03c4\u03b7\u03c4\u03b1 \u03bc\u03c0\u03b1\u03c4\u03b1\u03c1\u03af\u03b1\u03c2: 1400 mAh<br \/>\n\u03a0\u03ac\u03c3\u03b5\u03c2: 2500 \u03c0\u03ac\u03c3\u03b5\u03c2<\/p>\n<p>\u0397 \u03ba\u03ac\u03b8\u03b5\u03c4\u03b7 \u03b4\u03bf\u03bc\u03ae \u03b4\u03b9\u03c0\u03bb\u03bf\u03cd \u03c0\u03b7\u03bd\u03af\u03bf\u03c5 \u03b4\u03b9\u03b1\u03c3\u03c6\u03b1\u03bb\u03af\u03b6\u03b5\u03b9 \u03c4\u03b7\u03bd \u03ba\u03b1\u03b8\u03b1\u03c1\u03cc\u03c4\u03b7\u03c4\u03b1 \u03c4\u03b7\u03c2 \u03b3\u03b5\u03cd\u03c3\u03b7\u03c2<br \/>\n\u039c\u03b5\u03b3\u03b1\u03bb\u03cd\u03c4\u03b5\u03c1\u03b7 \u03c7\u03c9\u03c1\u03b7\u03c4\u03b9\u03ba\u03cc\u03c4\u03b7\u03c4\u03b1 \u03bc\u03c0\u03b1\u03c4\u03b1\u03c1\u03af\u03b1\u03c2 \u03ba\u03b1\u03b9 \u03bc\u03b5\u03b3\u03b1\u03bb\u03cd\u03c4\u03b5\u03c1\u03b7 \u03c7\u03c9\u03c1\u03b7\u03c4\u03b9\u03ba\u03cc\u03c4\u03b7\u03c4\u03b1 \u03c5\u03b3\u03c1\u03bf\u03cd<br \/>\n\u039a\u03bf\u03bc\u03c8\u03ad\u03c2 \u03c7\u03c1\u03c9\u03bc\u03b1\u03c4\u03b9\u03ba\u03ad\u03c2 \u03b4\u03b9\u03b1\u03b2\u03b1\u03b8\u03bc\u03af\u03c3\u03b5\u03b9\u03c2 \u03bc\u03b5 \u03bb\u03b5\u03af\u03b1 \u03c5\u03c6\u03ae<br \/>\n\u03a0\u03b9\u03bf \u03c6\u03c1\u03bf\u03c5\u03c4\u03ce\u03b4\u03b7 \u03b1\u03c1\u03ce\u03bc\u03b1\u03c4\u03b1 \u03ba\u03b1\u03bb\u03cd\u03c0\u03c4\u03bf\u03c5\u03bd \u03b4\u03b9\u03b1\u03c6\u03bf\u03c1\u03b5\u03c4\u03b9\u03ba\u03ad\u03c2 \u03b1\u03bd\u03ac\u03b3\u03ba\u03b5\u03c2<\/p>\n<h3>\u03a3\u03c5\u03bc\u03c0\u03b5\u03c1\u03b9\u03bb\u03b1\u03bc\u03b2\u03ac\u03bd\u03bf\u03bd\u03c4\u03b1\u03b9:<\/h3>\n<p>1 \u00d7 Elf bar 2500 Disposable Vape 1400 mAh<\/p>\n<\/div>\n<\/div>","protected":false},"excerpt":{"rendered":"<p>Beschreibung Elf bar\u00a02500 Disposable Vape kommt mit 1400 mAh mehr Akkukapazit\u00e4t und 8 ml mehr vorgef\u00fcllter E-Fl\u00fcssigkeit, damit Sie den ganzen Tag lang zufriedenstellend dampfen k\u00f6nnen. Und der Elf bar 2500 Disposable Vape hat stilvolle Farbverl\u00e4ufe und eine matte Oberfl\u00e4che, um attraktiver zu sein und sich glatt anzuf\u00fchlen. Mit seiner vertikalen Doppelspulenstruktur muss der Elf [&hellip;]<\/p>","protected":false},"featured_media":10886,"template":"","meta":{"inline_featured_image":false},"product_cat":[15,78,750,737,736,749],"product_tag":[676],"tiered_pricing_type":"fixed","tiered_pricing_fixed_rules":[],"tiered_pricing_percentage_rules":[],"tiered_pricing_minimum":1,"_administrator_tiered_pricing_type":"fixed","_administrator_tiered_pricing_fixed_rules":[],"_editor_tiered_pricing_type":"fixed","_editor_tiered_pricing_fixed_rules":[],"_author_tiered_pricing_type":"fixed","_author_tiered_pricing_fixed_rules":[],"_contributor_tiered_pricing_type":"fixed","_contributor_tiered_pricing_fixed_rules":[],"_subscriber_tiered_pricing_type":"fixed","_subscriber_tiered_pricing_fixed_rules":[],"_customer_tiered_pricing_type":"fixed","_customer_tiered_pricing_fixed_rules":[],"_shop_manager_tiered_pricing_type":"fixed","_shop_manager_tiered_pricing_fixed_rules":[],"_wpseo_manager_tiered_pricing_type":"fixed","_wpseo_manager_tiered_pricing_fixed_rules":[],"_wpseo_editor_tiered_pricing_type":"fixed","_wpseo_editor_tiered_pricing_fixed_rules":[],"_wholesale_customer_tiered_pricing_type":"fixed","_wholesale_customer_tiered_pricing_fixed_rules":[],"_marketer_tiered_pricing_type":"fixed","_marketer_tiered_pricing_fixed_rules":[],"_sales_manager_tiered_pricing_type":"fixed","_sales_manager_tiered_pricing_fixed_rules":[],"_sales_rep_tiered_pricing_type":"fixed","_sales_rep_tiered_pricing_fixed_rules":[],"yoast_head":"<!-- This site is optimized with the Yoast SEO plugin v23.3 - https:\/\/yoast.com\/wordpress\/plugins\/seo\/ -->\n<title>ELF BAR 2500 Einweg-Vape 2500 Z\u00fcge 1400mAh | ElementVape.de<\/title>\n<meta name=\"description\" content=\"Wir bieten ELF BAR 2500 Einweg-Vape 2500 Z\u00fcge 1400mAh , Elementvape.de akzeptieren Gro\u00df-und Einzelhandel Bestellungen.\" \/>\n<meta name=\"robots\" content=\"index, follow, max-snippet:-1, max-image-preview:large, max-video-preview:-1\" \/>\n<link rel=\"canonical\" href=\"https:\/\/www.elementvape.de\/el\/produkt\/elf-bar-2500-einweg-vape-2500-zuege-1400mah\/\" \/>\n<meta property=\"og:locale\" content=\"el_GR\" \/>\n<meta property=\"og:type\" content=\"article\" \/>\n<meta property=\"og:title\" content=\"ELF BAR 2500 Einweg-Vape 2500 Z\u00fcge 1400mAh | ElementVape.de\" \/>\n<meta property=\"og:description\" content=\"Wir bieten ELF BAR 2500 Einweg-Vape 2500 Z\u00fcge 1400mAh , Elementvape.de akzeptieren Gro\u00df-und Einzelhandel Bestellungen.\" \/>\n<meta property=\"og:url\" content=\"https:\/\/www.elementvape.de\/el\/produkt\/elf-bar-2500-einweg-vape-2500-zuege-1400mah\/\" \/>\n<meta property=\"og:site_name\" content=\"ElementVape.de\" \/>\n<meta property=\"article:modified_time\" content=\"2024-09-12T10:31:34+00:00\" \/>\n<meta property=\"og:image\" content=\"https:\/\/www.elementvape.de\/wp-content\/uploads\/2024\/05\/ELF-BAR-2500-Disposable-Vape-1400mAh.webp\" \/>\n\t<meta property=\"og:image:width\" content=\"600\" \/>\n\t<meta property=\"og:image:height\" content=\"600\" \/>\n\t<meta property=\"og:image:type\" content=\"image\/webp\" \/>\n<meta name=\"twitter:card\" content=\"summary_large_image\" \/>\n<meta name=\"twitter:label1\" content=\"Est. reading time\" \/>\n\t<meta name=\"twitter:data1\" content=\"1 \u03bb\u03b5\u03c0\u03c4\u03cc\" \/>\n<script type=\"application\/ld+json\" class=\"yoast-schema-graph\">{\"@context\":\"https:\/\/schema.org\",\"@graph\":[{\"@type\":\"WebPage\",\"@id\":\"https:\/\/www.elementvape.de\/sk\/produkt\/elf-bar-2500-einweg-vape-2500-zuege-1400mah\/\",\"url\":\"https:\/\/www.elementvape.de\/sk\/produkt\/elf-bar-2500-einweg-vape-2500-zuege-1400mah\/\",\"name\":\"ELF BAR 2500 Einweg-Vape 2500 Z\u00fcge 1400mAh | ElementVape.de\",\"isPartOf\":{\"@id\":\"https:\/\/www.elementvape.de\/#website\"},\"primaryImageOfPage\":{\"@id\":\"https:\/\/www.elementvape.de\/sk\/produkt\/elf-bar-2500-einweg-vape-2500-zuege-1400mah\/#primaryimage\"},\"image\":{\"@id\":\"https:\/\/www.elementvape.de\/sk\/produkt\/elf-bar-2500-einweg-vape-2500-zuege-1400mah\/#primaryimage\"},\"thumbnailUrl\":\"https:\/\/www.elementvape.de\/wp-content\/uploads\/2024\/05\/ELF-BAR-2500-Disposable-Vape-1400mAh.webp\",\"datePublished\":\"2024-05-27T08:14:12+00:00\",\"dateModified\":\"2024-09-12T10:31:34+00:00\",\"description\":\"Wir bieten ELF BAR 2500 Einweg-Vape 2500 Z\u00fcge 1400mAh , Elementvape.de akzeptieren Gro\u00df-und Einzelhandel Bestellungen.\",\"breadcrumb\":{\"@id\":\"https:\/\/www.elementvape.de\/sk\/produkt\/elf-bar-2500-einweg-vape-2500-zuege-1400mah\/#breadcrumb\"},\"inLanguage\":\"el\",\"potentialAction\":[{\"@type\":\"ReadAction\",\"target\":[\"https:\/\/www.elementvape.de\/sk\/produkt\/elf-bar-2500-einweg-vape-2500-zuege-1400mah\/\"]}]},{\"@type\":\"ImageObject\",\"inLanguage\":\"el\",\"@id\":\"https:\/\/www.elementvape.de\/sk\/produkt\/elf-bar-2500-einweg-vape-2500-zuege-1400mah\/#primaryimage\",\"url\":\"https:\/\/www.elementvape.de\/wp-content\/uploads\/2024\/05\/ELF-BAR-2500-Disposable-Vape-1400mAh.webp\",\"contentUrl\":\"https:\/\/www.elementvape.de\/wp-content\/uploads\/2024\/05\/ELF-BAR-2500-Disposable-Vape-1400mAh.webp\",\"width\":600,\"height\":600,\"caption\":\"ELF-BAR-2500-Disposable-Vape-1400mAh\"},{\"@type\":\"BreadcrumbList\",\"@id\":\"https:\/\/www.elementvape.de\/sk\/produkt\/elf-bar-2500-einweg-vape-2500-zuege-1400mah\/#breadcrumb\",\"itemListElement\":[{\"@type\":\"ListItem\",\"position\":1,\"name\":\"Home\",\"item\":\"https:\/\/www.elementvape.de\/\"},{\"@type\":\"ListItem\",\"position\":2,\"name\":\"Shop\",\"item\":\"https:\/\/www.elementvape.de\/shop\/\"},{\"@type\":\"ListItem\",\"position\":3,\"name\":\"ELF BAR 2500 Einweg-Vape 2500 Z\u00fcge 1400mAh\"}]},{\"@type\":\"WebSite\",\"@id\":\"https:\/\/www.elementvape.de\/#website\",\"url\":\"https:\/\/www.elementvape.de\/\",\"name\":\"ElementVape.de\",\"description\":\"\",\"publisher\":{\"@id\":\"https:\/\/www.elementvape.de\/#organization\"},\"potentialAction\":[{\"@type\":\"SearchAction\",\"target\":{\"@type\":\"EntryPoint\",\"urlTemplate\":\"https:\/\/www.elementvape.de\/?s={search_term_string}\"},\"query-input\":\"required name=search_term_string\"}],\"inLanguage\":\"el\"},{\"@type\":\"Organization\",\"@id\":\"https:\/\/www.elementvape.de\/#organization\",\"name\":\"ElementVape.DE\",\"url\":\"https:\/\/www.elementvape.de\/\",\"logo\":{\"@type\":\"ImageObject\",\"inLanguage\":\"el\",\"@id\":\"https:\/\/www.elementvape.de\/#\/schema\/logo\/image\/\",\"url\":\"https:\/\/www.elementvape.de\/wp-content\/uploads\/2024\/09\/cropped-1elementvape-3.png\",\"contentUrl\":\"https:\/\/www.elementvape.de\/wp-content\/uploads\/2024\/09\/cropped-1elementvape-3.png\",\"width\":285,\"height\":228,\"caption\":\"ElementVape.DE\"},\"image\":{\"@id\":\"https:\/\/www.elementvape.de\/#\/schema\/logo\/image\/\"}}]}<\/script>\n<!-- \/ Yoast SEO plugin. -->","yoast_head_json":{"title":"ELF BAR 2500 Einweg-Vape 2500 Z\u00fcge 1400mAh | ElementVape.de","description":"Wir bieten ELF BAR 2500 Einweg-Vape 2500 Z\u00fcge 1400mAh , Elementvape.de akzeptieren Gro\u00df-und Einzelhandel Bestellungen.","robots":{"index":"index","follow":"follow","max-snippet":"max-snippet:-1","max-image-preview":"max-image-preview:large","max-video-preview":"max-video-preview:-1"},"canonical":"https:\/\/www.elementvape.de\/el\/produkt\/elf-bar-2500-einweg-vape-2500-zuege-1400mah\/","og_locale":"el_GR","og_type":"article","og_title":"ELF BAR 2500 Einweg-Vape 2500 Z\u00fcge 1400mAh | ElementVape.de","og_description":"Wir bieten ELF BAR 2500 Einweg-Vape 2500 Z\u00fcge 1400mAh , Elementvape.de akzeptieren Gro\u00df-und Einzelhandel Bestellungen.","og_url":"https:\/\/www.elementvape.de\/el\/produkt\/elf-bar-2500-einweg-vape-2500-zuege-1400mah\/","og_site_name":"ElementVape.de","article_modified_time":"2024-09-12T10:31:34+00:00","og_image":[{"width":600,"height":600,"url":"https:\/\/www.elementvape.de\/wp-content\/uploads\/2024\/05\/ELF-BAR-2500-Disposable-Vape-1400mAh.webp","type":"image\/webp"}],"twitter_card":"summary_large_image","twitter_misc":{"Est. reading time":"1 \u03bb\u03b5\u03c0\u03c4\u03cc"},"schema":{"@context":"https:\/\/schema.org","@graph":[{"@type":"WebPage","@id":"https:\/\/www.elementvape.de\/sk\/produkt\/elf-bar-2500-einweg-vape-2500-zuege-1400mah\/","url":"https:\/\/www.elementvape.de\/sk\/produkt\/elf-bar-2500-einweg-vape-2500-zuege-1400mah\/","name":"ELF BAR 2500 Einweg-Vape 2500 Z\u00fcge 1400mAh | ElementVape.de","isPartOf":{"@id":"https:\/\/www.elementvape.de\/#website"},"primaryImageOfPage":{"@id":"https:\/\/www.elementvape.de\/sk\/produkt\/elf-bar-2500-einweg-vape-2500-zuege-1400mah\/#primaryimage"},"image":{"@id":"https:\/\/www.elementvape.de\/sk\/produkt\/elf-bar-2500-einweg-vape-2500-zuege-1400mah\/#primaryimage"},"thumbnailUrl":"https:\/\/www.elementvape.de\/wp-content\/uploads\/2024\/05\/ELF-BAR-2500-Disposable-Vape-1400mAh.webp","datePublished":"2024-05-27T08:14:12+00:00","dateModified":"2024-09-12T10:31:34+00:00","description":"Wir bieten ELF BAR 2500 Einweg-Vape 2500 Z\u00fcge 1400mAh , Elementvape.de akzeptieren Gro\u00df-und Einzelhandel Bestellungen.","breadcrumb":{"@id":"https:\/\/www.elementvape.de\/sk\/produkt\/elf-bar-2500-einweg-vape-2500-zuege-1400mah\/#breadcrumb"},"inLanguage":"el","potentialAction":[{"@type":"ReadAction","target":["https:\/\/www.elementvape.de\/sk\/produkt\/elf-bar-2500-einweg-vape-2500-zuege-1400mah\/"]}]},{"@type":"ImageObject","inLanguage":"el","@id":"https:\/\/www.elementvape.de\/sk\/produkt\/elf-bar-2500-einweg-vape-2500-zuege-1400mah\/#primaryimage","url":"https:\/\/www.elementvape.de\/wp-content\/uploads\/2024\/05\/ELF-BAR-2500-Disposable-Vape-1400mAh.webp","contentUrl":"https:\/\/www.elementvape.de\/wp-content\/uploads\/2024\/05\/ELF-BAR-2500-Disposable-Vape-1400mAh.webp","width":600,"height":600,"caption":"ELF-BAR-2500-Disposable-Vape-1400mAh"},{"@type":"BreadcrumbList","@id":"https:\/\/www.elementvape.de\/sk\/produkt\/elf-bar-2500-einweg-vape-2500-zuege-1400mah\/#breadcrumb","itemListElement":[{"@type":"ListItem","position":1,"name":"Home","item":"https:\/\/www.elementvape.de\/"},{"@type":"ListItem","position":2,"name":"Shop","item":"https:\/\/www.elementvape.de\/shop\/"},{"@type":"ListItem","position":3,"name":"ELF BAR 2500 Einweg-Vape 2500 Z\u00fcge 1400mAh"}]},{"@type":"WebSite","@id":"https:\/\/www.elementvape.de\/#website","url":"https:\/\/www.elementvape.de\/","name":"ElementVape.de","description":"","publisher":{"@id":"https:\/\/www.elementvape.de\/#organization"},"potentialAction":[{"@type":"SearchAction","target":{"@type":"EntryPoint","urlTemplate":"https:\/\/www.elementvape.de\/?s={search_term_string}"},"query-input":"required name=search_term_string"}],"inLanguage":"el"},{"@type":"Organization","@id":"https:\/\/www.elementvape.de\/#organization","name":"ElementVape.DE","url":"https:\/\/www.elementvape.de\/","logo":{"@type":"ImageObject","inLanguage":"el","@id":"https:\/\/www.elementvape.de\/#\/schema\/logo\/image\/","url":"https:\/\/www.elementvape.de\/wp-content\/uploads\/2024\/09\/cropped-1elementvape-3.png","contentUrl":"https:\/\/www.elementvape.de\/wp-content\/uploads\/2024\/09\/cropped-1elementvape-3.png","width":285,"height":228,"caption":"ElementVape.DE"},"image":{"@id":"https:\/\/www.elementvape.de\/#\/schema\/logo\/image\/"}}]}},"_links":{"self":[{"href":"https:\/\/www.elementvape.de\/el\/wp-json\/wp\/v2\/product\/10885"}],"collection":[{"href":"https:\/\/www.elementvape.de\/el\/wp-json\/wp\/v2\/product"}],"about":[{"href":"https:\/\/www.elementvape.de\/el\/wp-json\/wp\/v2\/types\/product"}],"wp:featuredmedia":[{"embeddable":true,"href":"https:\/\/www.elementvape.de\/el\/wp-json\/wp\/v2\/media\/10886"}],"wp:attachment":[{"href":"https:\/\/www.elementvape.de\/el\/wp-json\/wp\/v2\/media?parent=10885"}],"wp:term":[{"taxonomy":"product_cat","embeddable":true,"href":"https:\/\/www.elementvape.de\/el\/wp-json\/wp\/v2\/product_cat?post=10885"},{"taxonomy":"product_tag","embeddable":true,"href":"https:\/\/www.elementvape.de\/el\/wp-json\/wp\/v2\/product_tag?post=10885"}],"curies":[{"name":"wp","href":"https:\/\/api.w.org\/{rel}","templated":true}]}}