{"id":10857,"date":"2024-05-27T08:04:21","date_gmt":"2024-05-27T08:04:21","guid":{"rendered":"https:\/\/www.elementvape.de\/?post_type=product&#038;p=10857"},"modified":"2024-09-12T10:31:35","modified_gmt":"2024-09-12T10:31:35","slug":"elf-bar-pi9000-einweg-vape-9000-zuege-650mah","status":"publish","type":"product","link":"https:\/\/www.elementvape.de\/el\/produkt\/elf-bar-pi9000-einweg-vape-9000-zuege-650mah\/","title":{"rendered":"Elf Bar Pi9000 \u039c\u03af\u03b1\u03c2 \u03c7\u03c1\u03ae\u03c3\u03b7\u03c2 Vape 9000 \u03c4\u03c3\u03b9\u03bc\u03c0\u03ae\u03bc\u03b1\u03c4\u03b1 650mAh"},"content":{"rendered":"<div class=\"card__header\">\n<h2 class=\"card__title heading h3\"><span>\u03a0\u03b5\u03c1\u03b9\u03b3\u03c1\u03b1\u03c6\u03ae<\/span><\/h2>\n<\/div>\n<div class=\"card__section\">\n<div class=\"rte text--pull\"><span>\u03a4\u03bf Disposable Vape Elf Bar Pi9000 \u03c0\u03c1\u03bf\u03c3\u03c6\u03ad\u03c1\u03b5\u03b9 9000 \u03b5\u03b9\u03c3\u03c0\u03bd\u03bf\u03ad\u03c2 \u03ae\u03c0\u03b9\u03b1\u03c2 \u03b3\u03b5\u03cd\u03c3\u03b7\u03c2 \u03bc\u03b5 5 % (50 mg) \u03bd\u03b9\u03ba\u03bf\u03c4\u03af\u03bd\u03b7 \u03ac\u03bb\u03b1\u03c2. \u03a4\u03bf Elf Bar Pi9000 \u03b4\u03b9\u03b1\u03b8\u03ad\u03c4\u03b5\u03b9 \u03b5\u03c0\u03b1\u03bd\u03b1\u03c6\u03bf\u03c1\u03c4\u03b9\u03b6\u03cc\u03bc\u03b5\u03bd\u03b7 \u03bc\u03c0\u03b1\u03c4\u03b1\u03c1\u03af\u03b1 650 mAh, \u03b8\u03cd\u03c1\u03b1 USB-C \u03ba\u03b1\u03b9 \u03c0\u03bb\u03ad\u03b3\u03bc\u03b1, \u03b5\u03bd\u03b5\u03c1\u03b3\u03bf\u03c0\u03bf\u03b9\u03b5\u03af\u03c4\u03b1\u03b9 \u03bc\u03b5 \u03ad\u03bb\u03be\u03b7 \u03ba\u03b1\u03b9 \u03c0\u03c1\u03bf\u03c3\u03c6\u03ad\u03c1\u03b5\u03b9 \u03ad\u03c9\u03c2 \u03ba\u03b1\u03b9 19 ml \u03c0\u03c1\u03bf\u03b3\u03b5\u03bc\u03b9\u03c3\u03bc\u03ad\u03bd\u03bf\u03c5 \u03c5\u03b3\u03c1\u03bf\u03cd \u03b3\u03b9\u03b1 \u03ac\u03c4\u03bc\u03b9\u03c3\u03bc\u03b1. \u0397 \u03c3\u03c5\u03c3\u03ba\u03b5\u03c5\u03ae \u03b4\u03b9\u03b1\u03b8\u03ad\u03c4\u03b5\u03b9 \u03b5\u03c0\u03af\u03c3\u03b7\u03c2 \u03b4\u03b5\u03af\u03ba\u03c4\u03b5\u03c2 \u03c5\u03b3\u03c1\u03bf\u03cd \u03ba\u03b1\u03b9 \u03bc\u03c0\u03b1\u03c4\u03b1\u03c1\u03af\u03b1\u03c2 \u03b3\u03b9\u03b1 \u03c4\u03b7\u03bd \u03b5\u03c5\u03ba\u03bf\u03bb\u03af\u03b1 \u03c3\u03b1\u03c2.<\/span><\/div>\n<div class=\"rte text--pull\">\n<h3><span>\u03a0\u03b1\u03c1\u03ac\u03bc\u03b5\u03c4\u03c1\u03bf\u03b9:<\/span><\/h3>\n<p><span>\u03a7\u03c9\u03c1\u03b7\u03c4\u03b9\u03ba\u03cc\u03c4\u03b7\u03c4\u03b1: 19 ml<\/span><br \/>\n<span>\u039c\u03c0\u03b1\u03c4\u03b1\u03c1\u03af\u03b1: 650 mAh<\/span><br \/>\n<span>\u0399\u03c3\u03c7\u03cd\u03c2 \u03bd\u03b9\u03ba\u03bf\u03c4\u03af\u03bd\u03b7\u03c2: 5 % (50 mg)<\/span><br \/>\n<span>\u0395\u03b9\u03c3\u03c0\u03bd\u03bf\u03ad\u03c2: 9000 \u03b5\u03b9\u03c3\u03c0\u03bd\u03bf\u03ad\u03c2<\/span><br \/>\n<span>\u0398\u03b5\u03c1\u03b1\u03c0\u03b5\u03af\u03bf: \u03a0\u03bb\u03ad\u03b3\u03bc\u03b1\u03c4\u03bf\u03c2<\/span><br \/>\n<span>\u03a6\u03cc\u03c1\u03c4\u03b9\u03c3\u03b7: \u0398\u03cd\u03c1\u03b1 \u03c4\u03cd\u03c0\u03bf\u03c5-C<\/span><\/div>\n<div class=\"rte text--pull\">\n<h3><span>\u0391\u03c1\u03ce\u03bc\u03b1\u03c4\u03b1:<\/span><\/h3>\n<p>\u03a7\u03c5\u03bc\u03cc\u03c2 \u0392\u03cd\u03c3\u03c3\u03b9\u03bd\u03bf<br \/>\n\u039d\u03b5\u03c1\u03cc \u039a\u03b1\u03c1\u03cd\u03b4\u03b1\u03c2<br \/>\n\u0394\u03c1\u03bf\u03c3\u03b5\u03c1\u03ae \u039c\u03ad\u03bd\u03c4\u03b1<br \/>\nElf Bull<br \/>\n\u0396\u03bf\u03c5\u03bc\u03b5\u03c1\u03cc \u03a1\u03bf\u03b4\u03ac\u03ba\u03b9\u03bd\u03bf<br \/>\n\u039b\u03b9\u03c4\u03c3\u03ac\u03b9 \u03a0\u03ac\u03b3\u03bf\u03c2<br \/>\n\u03a1\u03bf\u03b4\u03ac\u03ba\u03b9\u03bd\u03bf \u039c\u03ac\u03bd\u03b3\u03ba\u03bf \u039a\u03b1\u03c1\u03c0\u03bf\u03cd\u03b6\u03b9<br \/>\nSirap \u03a1\u03cc\u03b4\u03bf<br \/>\n\u03a0\u03b1\u03b3\u03c9\u03c4\u03cc \u03a6\u03c1\u03ac\u03bf\u03c5\u03bb\u03b1<br \/>\n\u03a6\u03c1\u03ac\u03bf\u03c5\u03bb\u03b1 \u039c\u03ac\u03bd\u03b3\u03ba\u03bf<br \/>\n\u03a4\u03c1\u03b9\u03c0\u03bb\u03cc \u039c\u03ac\u03bd\u03b3\u03ba\u03bf<br \/>\n\u0391\u03bb\u03cc\u03b7 \u0392\u03ad\u03c1\u03b1 \u03a3\u03c4\u03b1\u03c6\u03cd\u03bb\u03b9<br \/>\n\u039c\u03c0\u03b1\u03bc\u03c0\u03bf\u03cd \u0391\u03bb\u03cc\u03b7 \u03a0\u03ac\u03b3\u03bf\u03c2<br \/>\n\u039a\u03b1\u03c1\u03cd\u03b4\u03b1 \u039a\u03bf\u03bb\u03bb\u03ce\u03b4\u03b5\u03c2 \u03a1\u03cd\u03b6\u03b9<br \/>\n\u039a\u03cc\u03bb\u03b1 \u03a0\u03ac\u03b3\u03bf\u03c2<br \/>\n\u038c\u03bd\u03b5\u03b9\u03c1\u03bf Elf<br \/>\nLime \u039a\u03ac\u03ba\u03c4\u03bf\u03c2<br \/>\n\u03a0\u03ac\u03b3\u03bf\u03c2 \u03a4\u03c3\u03ac\u03b9 Longjing<br \/>\n\u03a0\u03ac\u03b3\u03bf\u03c2 Yakuit<br \/>\n\u03a6\u03c1\u03ac\u03bf\u03c5\u03bb\u03b1 \u03a7\u03c5\u03bc\u03ce\u03b4\u03b7\u03c2 \u03a1\u03bf\u03b4\u03ac\u03ba\u03b9\u03bd\u03bf<\/p>\n<h3><span>\u039b\u03af\u03c3\u03c4\u03b1 \u03c3\u03c5\u03c3\u03ba\u03b5\u03c5\u03b1\u03c3\u03af\u03b1\u03c2:<\/span><\/h3>\n<p><span>1 x Elf Bar Pi9000 \u039c\u03bf\u03bd\u03ae\u03c2 \u03a7\u03c1\u03ae\u03c3\u03b7\u03c2 Vape 9000 \u0395\u03b9\u03c3\u03c0\u03bd\u03bf\u03ad\u03c2<\/span><\/div>\n<\/div>","protected":false},"excerpt":{"rendered":"<p>Beschreibung Der Elf Bar Pi9000 Disposable Vape bietet 9000 Z\u00fcge sanften Geschmack mit 5 % (50 mg) Nikotinsalz. Der Elf Bar Pi9000 verf\u00fcgt \u00fcber einen wiederaufladbaren 650-mAh-Akku, einen USB-C-Anschluss und eine Mesh-Spule, wird durch Ziehen aktiviert und bietet bis zu 19 ml vorgef\u00fcllten Vape-Saft. Das Ger\u00e4t verf\u00fcgt au\u00dferdem \u00fcber Fl\u00fcssigkeits- und Batterieanzeigen f\u00fcr Ihre Bequemlichkeit. [&hellip;]<\/p>","protected":false},"featured_media":10858,"template":"","meta":{"inline_featured_image":false},"product_cat":[78,750,737,736,749],"product_tag":[684],"tiered_pricing_type":"fixed","tiered_pricing_fixed_rules":[],"tiered_pricing_percentage_rules":[],"tiered_pricing_minimum":1,"_administrator_tiered_pricing_type":"fixed","_administrator_tiered_pricing_fixed_rules":[],"_editor_tiered_pricing_type":"fixed","_editor_tiered_pricing_fixed_rules":[],"_author_tiered_pricing_type":"fixed","_author_tiered_pricing_fixed_rules":[],"_contributor_tiered_pricing_type":"fixed","_contributor_tiered_pricing_fixed_rules":[],"_subscriber_tiered_pricing_type":"fixed","_subscriber_tiered_pricing_fixed_rules":[],"_customer_tiered_pricing_type":"fixed","_customer_tiered_pricing_fixed_rules":[],"_shop_manager_tiered_pricing_type":"fixed","_shop_manager_tiered_pricing_fixed_rules":[],"_wpseo_manager_tiered_pricing_type":"fixed","_wpseo_manager_tiered_pricing_fixed_rules":[],"_wpseo_editor_tiered_pricing_type":"fixed","_wpseo_editor_tiered_pricing_fixed_rules":[],"_wholesale_customer_tiered_pricing_type":"fixed","_wholesale_customer_tiered_pricing_fixed_rules":[],"_marketer_tiered_pricing_type":"fixed","_marketer_tiered_pricing_fixed_rules":[],"_sales_manager_tiered_pricing_type":"fixed","_sales_manager_tiered_pricing_fixed_rules":[],"_sales_rep_tiered_pricing_type":"fixed","_sales_rep_tiered_pricing_fixed_rules":[],"yoast_head":"<!-- This site is optimized with the Yoast SEO plugin v23.3 - https:\/\/yoast.com\/wordpress\/plugins\/seo\/ -->\n<title>Elf Bar Pi9000 Einweg-Vape 9000 Z\u00fcge 650mAh | ElementVape.de<\/title>\n<meta name=\"description\" content=\"Wir bieten Elf Bar Pi9000 Einweg-Vape 9000 Z\u00fcge 650mAh , Elementvape.de akzeptieren Gro\u00df-und Einzelhandel Bestellungen.\" \/>\n<meta name=\"robots\" content=\"index, follow, max-snippet:-1, max-image-preview:large, max-video-preview:-1\" \/>\n<link rel=\"canonical\" href=\"https:\/\/www.elementvape.de\/el\/produkt\/elf-bar-pi9000-einweg-vape-9000-zuege-650mah\/\" \/>\n<meta property=\"og:locale\" content=\"el_GR\" \/>\n<meta property=\"og:type\" content=\"article\" \/>\n<meta property=\"og:title\" content=\"Elf Bar Pi9000 Einweg-Vape 9000 Z\u00fcge 650mAh | ElementVape.de\" \/>\n<meta property=\"og:description\" content=\"Wir bieten Elf Bar Pi9000 Einweg-Vape 9000 Z\u00fcge 650mAh , Elementvape.de akzeptieren Gro\u00df-und Einzelhandel Bestellungen.\" \/>\n<meta property=\"og:url\" content=\"https:\/\/www.elementvape.de\/el\/produkt\/elf-bar-pi9000-einweg-vape-9000-zuege-650mah\/\" \/>\n<meta property=\"og:site_name\" content=\"ElementVape.de\" \/>\n<meta property=\"article:modified_time\" content=\"2024-09-12T10:31:35+00:00\" \/>\n<meta property=\"og:image\" content=\"https:\/\/www.elementvape.de\/wp-content\/uploads\/2024\/05\/Elf-Bar-Pi9000-Disposable-Vape-12.jpg\" \/>\n\t<meta property=\"og:image:width\" content=\"800\" \/>\n\t<meta property=\"og:image:height\" content=\"800\" \/>\n\t<meta property=\"og:image:type\" content=\"image\/jpeg\" \/>\n<meta name=\"twitter:card\" content=\"summary_large_image\" \/>\n<meta name=\"twitter:label1\" content=\"Est. reading time\" \/>\n\t<meta name=\"twitter:data1\" content=\"1 \u03bb\u03b5\u03c0\u03c4\u03cc\" \/>\n<script type=\"application\/ld+json\" class=\"yoast-schema-graph\">{\"@context\":\"https:\/\/schema.org\",\"@graph\":[{\"@type\":\"WebPage\",\"@id\":\"https:\/\/www.elementvape.de\/en\/produkt\/elf-bar-pi9000-einweg-vape-9000-zuege-650mah\/\",\"url\":\"https:\/\/www.elementvape.de\/en\/produkt\/elf-bar-pi9000-einweg-vape-9000-zuege-650mah\/\",\"name\":\"Elf Bar Pi9000 Einweg-Vape 9000 Z\u00fcge 650mAh | ElementVape.de\",\"isPartOf\":{\"@id\":\"https:\/\/www.elementvape.de\/#website\"},\"primaryImageOfPage\":{\"@id\":\"https:\/\/www.elementvape.de\/en\/produkt\/elf-bar-pi9000-einweg-vape-9000-zuege-650mah\/#primaryimage\"},\"image\":{\"@id\":\"https:\/\/www.elementvape.de\/en\/produkt\/elf-bar-pi9000-einweg-vape-9000-zuege-650mah\/#primaryimage\"},\"thumbnailUrl\":\"https:\/\/www.elementvape.de\/wp-content\/uploads\/2024\/05\/Elf-Bar-Pi9000-Disposable-Vape-12.jpg\",\"datePublished\":\"2024-05-27T08:04:21+00:00\",\"dateModified\":\"2024-09-12T10:31:35+00:00\",\"description\":\"Wir bieten Elf Bar Pi9000 Einweg-Vape 9000 Z\u00fcge 650mAh , Elementvape.de akzeptieren Gro\u00df-und Einzelhandel Bestellungen.\",\"breadcrumb\":{\"@id\":\"https:\/\/www.elementvape.de\/en\/produkt\/elf-bar-pi9000-einweg-vape-9000-zuege-650mah\/#breadcrumb\"},\"inLanguage\":\"el\",\"potentialAction\":[{\"@type\":\"ReadAction\",\"target\":[\"https:\/\/www.elementvape.de\/en\/produkt\/elf-bar-pi9000-einweg-vape-9000-zuege-650mah\/\"]}]},{\"@type\":\"ImageObject\",\"inLanguage\":\"el\",\"@id\":\"https:\/\/www.elementvape.de\/en\/produkt\/elf-bar-pi9000-einweg-vape-9000-zuege-650mah\/#primaryimage\",\"url\":\"https:\/\/www.elementvape.de\/wp-content\/uploads\/2024\/05\/Elf-Bar-Pi9000-Disposable-Vape-12.jpg\",\"contentUrl\":\"https:\/\/www.elementvape.de\/wp-content\/uploads\/2024\/05\/Elf-Bar-Pi9000-Disposable-Vape-12.jpg\",\"width\":800,\"height\":800,\"caption\":\"Elf-Bar-Pi9000-Disposable-Vape-12\"},{\"@type\":\"BreadcrumbList\",\"@id\":\"https:\/\/www.elementvape.de\/en\/produkt\/elf-bar-pi9000-einweg-vape-9000-zuege-650mah\/#breadcrumb\",\"itemListElement\":[{\"@type\":\"ListItem\",\"position\":1,\"name\":\"Home\",\"item\":\"https:\/\/www.elementvape.de\/\"},{\"@type\":\"ListItem\",\"position\":2,\"name\":\"Shop\",\"item\":\"https:\/\/www.elementvape.de\/shop\/\"},{\"@type\":\"ListItem\",\"position\":3,\"name\":\"Elf Bar Pi9000 Einweg-Vape 9000 Z\u00fcge 650mAh\"}]},{\"@type\":\"WebSite\",\"@id\":\"https:\/\/www.elementvape.de\/#website\",\"url\":\"https:\/\/www.elementvape.de\/\",\"name\":\"ElementVape.de\",\"description\":\"\",\"publisher\":{\"@id\":\"https:\/\/www.elementvape.de\/#organization\"},\"potentialAction\":[{\"@type\":\"SearchAction\",\"target\":{\"@type\":\"EntryPoint\",\"urlTemplate\":\"https:\/\/www.elementvape.de\/?s={search_term_string}\"},\"query-input\":\"required name=search_term_string\"}],\"inLanguage\":\"el\"},{\"@type\":\"Organization\",\"@id\":\"https:\/\/www.elementvape.de\/#organization\",\"name\":\"ElementVape.DE\",\"url\":\"https:\/\/www.elementvape.de\/\",\"logo\":{\"@type\":\"ImageObject\",\"inLanguage\":\"el\",\"@id\":\"https:\/\/www.elementvape.de\/#\/schema\/logo\/image\/\",\"url\":\"https:\/\/www.elementvape.de\/wp-content\/uploads\/2024\/09\/cropped-1elementvape-3.png\",\"contentUrl\":\"https:\/\/www.elementvape.de\/wp-content\/uploads\/2024\/09\/cropped-1elementvape-3.png\",\"width\":285,\"height\":228,\"caption\":\"ElementVape.DE\"},\"image\":{\"@id\":\"https:\/\/www.elementvape.de\/#\/schema\/logo\/image\/\"}}]}<\/script>\n<!-- \/ Yoast SEO plugin. -->","yoast_head_json":{"title":"Elf Bar Pi9000 Einweg-Vape 9000 Z\u00fcge 650mAh | ElementVape.de","description":"Wir bieten Elf Bar Pi9000 Einweg-Vape 9000 Z\u00fcge 650mAh , Elementvape.de akzeptieren Gro\u00df-und Einzelhandel Bestellungen.","robots":{"index":"index","follow":"follow","max-snippet":"max-snippet:-1","max-image-preview":"max-image-preview:large","max-video-preview":"max-video-preview:-1"},"canonical":"https:\/\/www.elementvape.de\/el\/produkt\/elf-bar-pi9000-einweg-vape-9000-zuege-650mah\/","og_locale":"el_GR","og_type":"article","og_title":"Elf Bar Pi9000 Einweg-Vape 9000 Z\u00fcge 650mAh | ElementVape.de","og_description":"Wir bieten Elf Bar Pi9000 Einweg-Vape 9000 Z\u00fcge 650mAh , Elementvape.de akzeptieren Gro\u00df-und Einzelhandel Bestellungen.","og_url":"https:\/\/www.elementvape.de\/el\/produkt\/elf-bar-pi9000-einweg-vape-9000-zuege-650mah\/","og_site_name":"ElementVape.de","article_modified_time":"2024-09-12T10:31:35+00:00","og_image":[{"width":800,"height":800,"url":"https:\/\/www.elementvape.de\/wp-content\/uploads\/2024\/05\/Elf-Bar-Pi9000-Disposable-Vape-12.jpg","type":"image\/jpeg"}],"twitter_card":"summary_large_image","twitter_misc":{"Est. reading time":"1 \u03bb\u03b5\u03c0\u03c4\u03cc"},"schema":{"@context":"https:\/\/schema.org","@graph":[{"@type":"WebPage","@id":"https:\/\/www.elementvape.de\/en\/produkt\/elf-bar-pi9000-einweg-vape-9000-zuege-650mah\/","url":"https:\/\/www.elementvape.de\/en\/produkt\/elf-bar-pi9000-einweg-vape-9000-zuege-650mah\/","name":"Elf Bar Pi9000 Einweg-Vape 9000 Z\u00fcge 650mAh | ElementVape.de","isPartOf":{"@id":"https:\/\/www.elementvape.de\/#website"},"primaryImageOfPage":{"@id":"https:\/\/www.elementvape.de\/en\/produkt\/elf-bar-pi9000-einweg-vape-9000-zuege-650mah\/#primaryimage"},"image":{"@id":"https:\/\/www.elementvape.de\/en\/produkt\/elf-bar-pi9000-einweg-vape-9000-zuege-650mah\/#primaryimage"},"thumbnailUrl":"https:\/\/www.elementvape.de\/wp-content\/uploads\/2024\/05\/Elf-Bar-Pi9000-Disposable-Vape-12.jpg","datePublished":"2024-05-27T08:04:21+00:00","dateModified":"2024-09-12T10:31:35+00:00","description":"Wir bieten Elf Bar Pi9000 Einweg-Vape 9000 Z\u00fcge 650mAh , Elementvape.de akzeptieren Gro\u00df-und Einzelhandel Bestellungen.","breadcrumb":{"@id":"https:\/\/www.elementvape.de\/en\/produkt\/elf-bar-pi9000-einweg-vape-9000-zuege-650mah\/#breadcrumb"},"inLanguage":"el","potentialAction":[{"@type":"ReadAction","target":["https:\/\/www.elementvape.de\/en\/produkt\/elf-bar-pi9000-einweg-vape-9000-zuege-650mah\/"]}]},{"@type":"ImageObject","inLanguage":"el","@id":"https:\/\/www.elementvape.de\/en\/produkt\/elf-bar-pi9000-einweg-vape-9000-zuege-650mah\/#primaryimage","url":"https:\/\/www.elementvape.de\/wp-content\/uploads\/2024\/05\/Elf-Bar-Pi9000-Disposable-Vape-12.jpg","contentUrl":"https:\/\/www.elementvape.de\/wp-content\/uploads\/2024\/05\/Elf-Bar-Pi9000-Disposable-Vape-12.jpg","width":800,"height":800,"caption":"Elf-Bar-Pi9000-Disposable-Vape-12"},{"@type":"BreadcrumbList","@id":"https:\/\/www.elementvape.de\/en\/produkt\/elf-bar-pi9000-einweg-vape-9000-zuege-650mah\/#breadcrumb","itemListElement":[{"@type":"ListItem","position":1,"name":"Home","item":"https:\/\/www.elementvape.de\/"},{"@type":"ListItem","position":2,"name":"Shop","item":"https:\/\/www.elementvape.de\/shop\/"},{"@type":"ListItem","position":3,"name":"Elf Bar Pi9000 Einweg-Vape 9000 Z\u00fcge 650mAh"}]},{"@type":"WebSite","@id":"https:\/\/www.elementvape.de\/#website","url":"https:\/\/www.elementvape.de\/","name":"ElementVape.de","description":"","publisher":{"@id":"https:\/\/www.elementvape.de\/#organization"},"potentialAction":[{"@type":"SearchAction","target":{"@type":"EntryPoint","urlTemplate":"https:\/\/www.elementvape.de\/?s={search_term_string}"},"query-input":"required name=search_term_string"}],"inLanguage":"el"},{"@type":"Organization","@id":"https:\/\/www.elementvape.de\/#organization","name":"ElementVape.DE","url":"https:\/\/www.elementvape.de\/","logo":{"@type":"ImageObject","inLanguage":"el","@id":"https:\/\/www.elementvape.de\/#\/schema\/logo\/image\/","url":"https:\/\/www.elementvape.de\/wp-content\/uploads\/2024\/09\/cropped-1elementvape-3.png","contentUrl":"https:\/\/www.elementvape.de\/wp-content\/uploads\/2024\/09\/cropped-1elementvape-3.png","width":285,"height":228,"caption":"ElementVape.DE"},"image":{"@id":"https:\/\/www.elementvape.de\/#\/schema\/logo\/image\/"}}]}},"_links":{"self":[{"href":"https:\/\/www.elementvape.de\/el\/wp-json\/wp\/v2\/product\/10857"}],"collection":[{"href":"https:\/\/www.elementvape.de\/el\/wp-json\/wp\/v2\/product"}],"about":[{"href":"https:\/\/www.elementvape.de\/el\/wp-json\/wp\/v2\/types\/product"}],"wp:featuredmedia":[{"embeddable":true,"href":"https:\/\/www.elementvape.de\/el\/wp-json\/wp\/v2\/media\/10858"}],"wp:attachment":[{"href":"https:\/\/www.elementvape.de\/el\/wp-json\/wp\/v2\/media?parent=10857"}],"wp:term":[{"taxonomy":"product_cat","embeddable":true,"href":"https:\/\/www.elementvape.de\/el\/wp-json\/wp\/v2\/product_cat?post=10857"},{"taxonomy":"product_tag","embeddable":true,"href":"https:\/\/www.elementvape.de\/el\/wp-json\/wp\/v2\/product_tag?post=10857"}],"curies":[{"name":"wp","href":"https:\/\/api.w.org\/{rel}","templated":true}]}}