{"id":10784,"date":"2024-05-27T06:40:33","date_gmt":"2024-05-27T06:40:33","guid":{"rendered":"https:\/\/www.elementvape.de\/?post_type=product&#038;p=10784"},"modified":"2024-09-12T10:31:38","modified_gmt":"2024-09-12T10:31:38","slug":"elf-bar-nc600-einweg-vape-600-zuege-400mah","status":"publish","type":"product","link":"https:\/\/www.elementvape.de\/el\/produkt\/elf-bar-nc600-einweg-vape-600-zuege-400mah\/","title":{"rendered":"Elf Bar NC600 \u039c\u03af\u03b1\u03c2 \u03c7\u03c1\u03ae\u03c3\u03b7\u03c2 Vape 600 \u03c4\u03c3\u03b9\u03bc\u03c0\u03ae\u03bc\u03b1\u03c4\u03b1 400mAh"},"content":{"rendered":"<p><strong><span>\u0393\u03b5\u03cd\u03c3\u03b5\u03b9\u03c2<\/span><\/strong><br \/>\n<span>\u0393\u03b9\u03b1\u03bf\u03cd\u03c1\u03c4\u03b9: \u0393\u03b9\u03b1\u03bf\u03cd\u03c1\u03c4\u03b9 \u03c6\u03c1\u03ac\u03bf\u03c5\u03bb\u03b1\u03c2, \u0393\u03b9\u03b1\u03bf\u03cd\u03c1\u03c4\u03b9 \u03b2\u03b1\u03c4\u03cc\u03bc\u03bf\u03c5\u03c1\u03bf\u03c5, \u0393\u03b9\u03b1\u03bf\u03cd\u03c1\u03c4\u03b9 \u03b5\u03c3\u03c0\u03b5\u03c1\u03b9\u03b4\u03bf\u03b5\u03b9\u03b4\u03ce\u03bd, \u0393\u03b9\u03b1\u03bf\u03cd\u03c1\u03c4\u03b9 \u03b2\u03b1\u03bd\u03af\u03bb\u03b9\u03b1\u03c2, \u0393\u03b9\u03b1\u03bf\u03cd\u03c1\u03c4\u03b9 \u03bc\u03cd\u03c1\u03c4\u03b9\u03bb\u03bf\u03c5<\/span><br \/>\n<span>\u0395\u03bd\u03ad\u03c1\u03b3\u03b5\u03b9\u03b1: \u0395\u03bd\u03ad\u03c1\u03b3\u03b5\u03b9\u03b1 \u03b1\u03ba\u03c4\u03b9\u03bd\u03af\u03b4\u03b9\u03bf\u03c5, \u0395\u03bd\u03ad\u03c1\u03b3\u03b5\u03b9\u03b1 \u03b2\u03b1\u03c4\u03cc\u03bc\u03bf\u03c5\u03c1\u03bf\u03c5, \u0395\u03bd\u03ad\u03c1\u03b3\u03b5\u03b9\u03b1 \u03c3\u03c4\u03b1\u03c6\u03c5\u03bb\u03b9\u03bf\u03cd, \u0395\u03bd\u03ad\u03c1\u03b3\u03b5\u03b9\u03b1 \u03ba\u03b1\u03c1\u03c0\u03bf\u03c5\u03b6\u03b9\u03bf\u03cd, \u0395\u03bd\u03ad\u03c1\u03b3\u03b5\u03b9\u03b1 \u03c6\u03c1\u03ac\u03bf\u03c5\u03bb\u03b1\u03c2<\/span><br \/>\n<span>\u03a6\u03c1\u03bf\u03cd\u03c4\u03b1: \u03a6\u03c1\u03ac\u03bf\u03c5\u03bb\u03b1, \u039c\u03cd\u03c1\u03c4\u03b9\u03bb\u03bf, \u039c\u03b1\u03cd\u03c1\u03bf \u03c6\u03c1\u03b1\u03b3\u03ba\u03bf\u03c3\u03c4\u03ac\u03c6\u03c5\u03bb\u03bf, \u039c\u03b5\u03af\u03b3\u03bc\u03b1 \u03bc\u03bf\u03cd\u03c1\u03c9\u03bd, \u0392\u03b1\u03c4\u03cc\u03bc\u03bf\u03c5\u03c1\u03bf<\/span><\/p>\n<p><strong><span>\u03a7\u03b1\u03c1\u03b1\u03ba\u03c4\u03b7\u03c1\u03b9\u03c3\u03c4\u03b9\u03ba\u03ac<\/span><\/strong><br \/>\n<span>\u03a6\u03c9\u03c4\u03b5\u03b9\u03bd\u03cc\u03c2 \u03ba\u03b1\u03b9 \u03b5\u03bb\u03b1\u03c6\u03c1\u03cd\u03c2 \u03c3\u03c7\u03b5\u03b4\u03b9\u03b1\u03c3\u03bc\u03cc\u03c2<\/span><br \/>\n<span>\u0392\u03bf\u03bb\u03b9\u03ba\u03cc \u03c3\u03c4\u03b7 \u03bc\u03b5\u03c4\u03b1\u03c6\u03bf\u03c1\u03ac \u03ba\u03b1\u03b9 \u03b5\u03cd\u03ba\u03bf\u03bb\u03bf \u03c3\u03c4\u03b7 \u03c7\u03c1\u03ae\u03c3\u03b7<\/span><br \/>\n<span>\u0395\u03bd\u03b5\u03c1\u03b3\u03bf\u03c0\u03bf\u03b9\u03b5\u03af\u03c4\u03b1\u03b9 \u03bc\u03b5 \u03b5\u03b9\u03c3\u03c0\u03bd\u03bf\u03ae<\/span><br \/>\n<span>\u03a6\u03b9\u03bb\u03b9\u03ba\u03cc \u03c0\u03c1\u03bf\u03c2 \u03b1\u03c1\u03c7\u03ac\u03c1\u03b9\u03bf\u03c5\u03c2<\/span><\/p>\n<p><strong><span>\u03a0\u03c1\u03bf\u03b4\u03b9\u03b1\u03b3\u03c1\u03b1\u03c6\u03ad\u03c2<\/span><\/strong><br \/>\n<span>\u039c\u03ad\u03b3\u03b5\u03b8\u03bf\u03c2: 22 x 10,5 x 101 mm<\/span><br \/>\n<span>\u03a7\u03c9\u03c1\u03b7\u03c4\u03b9\u03ba\u03cc\u03c4\u03b7\u03c4\u03b1 E-Liquid: 2 ml<\/span><br \/>\n<span>\u03a0\u03c5\u03ba\u03bd\u03cc\u03c4\u03b7\u03c4\u03b1 \u03bd\u03b9\u03ba\u03bf\u03c4\u03af\u03bd\u03b7\u03c2: 20 mg\/ml<\/span><br \/>\n<span>\u03a7\u03c9\u03c1\u03b7\u03c4\u03b9\u03ba\u03cc\u03c4\u03b7\u03c4\u03b1 \u03bc\u03c0\u03b1\u03c4\u03b1\u03c1\u03af\u03b1\u03c2: 400 mAh<\/span><br \/>\n<span>\u0392\u03bf\u03bb\u03ad\u03c2: 600 \u03b2\u03bf\u03bb\u03ad\u03c2<\/span><\/p>\n<p><strong><span>\u03a0\u03b5\u03c1\u03b9\u03b5\u03c7\u03cc\u03bc\u03b5\u03bd\u03bf \u03c3\u03c5\u03c3\u03ba\u03b5\u03c5\u03b1\u03c3\u03af\u03b1\u03c2<\/span><\/strong><br \/>\n<span>1 x Elf Bar NC600 \u039c\u03af\u03b1\u03c2 \u03c7\u03c1\u03ae\u03c3\u03b7\u03c2 Vape<\/span><\/p>","protected":false},"excerpt":{"rendered":"<p>Geschmacksrichtungen Joghurt: Erdbeerjoghurt, Himbeerjoghurt, Zitrusjoghurt, Vanillejoghurt, Blaubeerjoghurt Energie: Kiwi-Energie, Himbeer-Energie, Trauben-Energie, Wassermelonen-Energie, Erdbeer-Energie Fr\u00fcchte: Erdbeere, Himbeere, Schwarze Johannisbeere, Beerenmischung, Himbeere Eigenschaften Helles und leichtes Design Kompakt zu tragen und einfach zu verwenden Inhalieren aktiviert Anf\u00e4ngerfreundlich Spezifikationen Gr\u00f6\u00dfe: 22 x 10,5 x 101 mm E-Liquid-Kapazit\u00e4t: 2 ml Nikotinst\u00e4rke: 20 mg\/ml Batteriekapazit\u00e4t: 400 mAh Z\u00fcge: 600 Z\u00fcge [&hellip;]<\/p>","protected":false},"featured_media":10785,"template":"","meta":{"inline_featured_image":false},"product_cat":[78,750,737,736,749],"product_tag":[679],"tiered_pricing_type":"fixed","tiered_pricing_fixed_rules":[],"tiered_pricing_percentage_rules":[],"tiered_pricing_minimum":1,"_administrator_tiered_pricing_type":"fixed","_administrator_tiered_pricing_fixed_rules":[],"_editor_tiered_pricing_type":"fixed","_editor_tiered_pricing_fixed_rules":[],"_author_tiered_pricing_type":"fixed","_author_tiered_pricing_fixed_rules":[],"_contributor_tiered_pricing_type":"fixed","_contributor_tiered_pricing_fixed_rules":[],"_subscriber_tiered_pricing_type":"fixed","_subscriber_tiered_pricing_fixed_rules":[],"_customer_tiered_pricing_type":"fixed","_customer_tiered_pricing_fixed_rules":[],"_shop_manager_tiered_pricing_type":"fixed","_shop_manager_tiered_pricing_fixed_rules":[],"_wpseo_manager_tiered_pricing_type":"fixed","_wpseo_manager_tiered_pricing_fixed_rules":[],"_wpseo_editor_tiered_pricing_type":"fixed","_wpseo_editor_tiered_pricing_fixed_rules":[],"_wholesale_customer_tiered_pricing_type":"fixed","_wholesale_customer_tiered_pricing_fixed_rules":[],"_marketer_tiered_pricing_type":"fixed","_marketer_tiered_pricing_fixed_rules":[],"_sales_manager_tiered_pricing_type":"fixed","_sales_manager_tiered_pricing_fixed_rules":[],"_sales_rep_tiered_pricing_type":"fixed","_sales_rep_tiered_pricing_fixed_rules":[],"yoast_head":"<!-- This site is optimized with the Yoast SEO plugin v23.3 - https:\/\/yoast.com\/wordpress\/plugins\/seo\/ -->\n<title>Elf Bar NC600 Einweg-Vape 600 Z\u00fcge 400mAh | ElementVape.de<\/title>\n<meta name=\"description\" content=\"Wir bieten Elf Bar NC600 Einweg-Vape 600 Z\u00fcge 400mAh , Elementvape.de akzeptieren Gro\u00df-und Einzelhandel Bestellungen.\" \/>\n<meta name=\"robots\" content=\"index, follow, max-snippet:-1, max-image-preview:large, max-video-preview:-1\" \/>\n<link rel=\"canonical\" href=\"https:\/\/www.elementvape.de\/el\/produkt\/elf-bar-nc600-einweg-vape-600-zuege-400mah\/\" \/>\n<meta property=\"og:locale\" content=\"el_GR\" \/>\n<meta property=\"og:type\" content=\"article\" \/>\n<meta property=\"og:title\" content=\"Elf Bar NC600 Einweg-Vape 600 Z\u00fcge 400mAh | ElementVape.de\" \/>\n<meta property=\"og:description\" content=\"Wir bieten Elf Bar NC600 Einweg-Vape 600 Z\u00fcge 400mAh , Elementvape.de akzeptieren Gro\u00df-und Einzelhandel Bestellungen.\" \/>\n<meta property=\"og:url\" content=\"https:\/\/www.elementvape.de\/el\/produkt\/elf-bar-nc600-einweg-vape-600-zuege-400mah\/\" \/>\n<meta property=\"og:site_name\" content=\"ElementVape.de\" \/>\n<meta property=\"article:modified_time\" content=\"2024-09-12T10:31:38+00:00\" \/>\n<meta property=\"og:image\" content=\"https:\/\/www.elementvape.de\/wp-content\/uploads\/2024\/05\/Elf-Bar-NC600-Disposable-Vape-600-Puffs.webp\" \/>\n\t<meta property=\"og:image:width\" content=\"600\" \/>\n\t<meta property=\"og:image:height\" content=\"600\" \/>\n\t<meta property=\"og:image:type\" content=\"image\/webp\" \/>\n<meta name=\"twitter:card\" content=\"summary_large_image\" \/>\n<meta name=\"twitter:label1\" content=\"Est. reading time\" \/>\n\t<meta name=\"twitter:data1\" content=\"1 \u03bb\u03b5\u03c0\u03c4\u03cc\" \/>\n<script type=\"application\/ld+json\" class=\"yoast-schema-graph\">{\"@context\":\"https:\/\/schema.org\",\"@graph\":[{\"@type\":\"WebPage\",\"@id\":\"https:\/\/www.elementvape.de\/produkt\/elf-bar-nc600-einweg-vape-600-zuege-400mah\/\",\"url\":\"https:\/\/www.elementvape.de\/produkt\/elf-bar-nc600-einweg-vape-600-zuege-400mah\/\",\"name\":\"Elf Bar NC600 Einweg-Vape 600 Z\u00fcge 400mAh | ElementVape.de\",\"isPartOf\":{\"@id\":\"https:\/\/www.elementvape.de\/#website\"},\"primaryImageOfPage\":{\"@id\":\"https:\/\/www.elementvape.de\/produkt\/elf-bar-nc600-einweg-vape-600-zuege-400mah\/#primaryimage\"},\"image\":{\"@id\":\"https:\/\/www.elementvape.de\/produkt\/elf-bar-nc600-einweg-vape-600-zuege-400mah\/#primaryimage\"},\"thumbnailUrl\":\"https:\/\/www.elementvape.de\/wp-content\/uploads\/2024\/05\/Elf-Bar-NC600-Disposable-Vape-600-Puffs.webp\",\"datePublished\":\"2024-05-27T06:40:33+00:00\",\"dateModified\":\"2024-09-12T10:31:38+00:00\",\"description\":\"Wir bieten Elf Bar NC600 Einweg-Vape 600 Z\u00fcge 400mAh , Elementvape.de akzeptieren Gro\u00df-und Einzelhandel Bestellungen.\",\"breadcrumb\":{\"@id\":\"https:\/\/www.elementvape.de\/produkt\/elf-bar-nc600-einweg-vape-600-zuege-400mah\/#breadcrumb\"},\"inLanguage\":\"el\",\"potentialAction\":[{\"@type\":\"ReadAction\",\"target\":[\"https:\/\/www.elementvape.de\/produkt\/elf-bar-nc600-einweg-vape-600-zuege-400mah\/\"]}]},{\"@type\":\"ImageObject\",\"inLanguage\":\"el\",\"@id\":\"https:\/\/www.elementvape.de\/produkt\/elf-bar-nc600-einweg-vape-600-zuege-400mah\/#primaryimage\",\"url\":\"https:\/\/www.elementvape.de\/wp-content\/uploads\/2024\/05\/Elf-Bar-NC600-Disposable-Vape-600-Puffs.webp\",\"contentUrl\":\"https:\/\/www.elementvape.de\/wp-content\/uploads\/2024\/05\/Elf-Bar-NC600-Disposable-Vape-600-Puffs.webp\",\"width\":600,\"height\":600,\"caption\":\"Elf-Bar-NC600-Disposable-Vape-600-Puffs\"},{\"@type\":\"BreadcrumbList\",\"@id\":\"https:\/\/www.elementvape.de\/produkt\/elf-bar-nc600-einweg-vape-600-zuege-400mah\/#breadcrumb\",\"itemListElement\":[{\"@type\":\"ListItem\",\"position\":1,\"name\":\"Home\",\"item\":\"https:\/\/www.elementvape.de\/\"},{\"@type\":\"ListItem\",\"position\":2,\"name\":\"Shop\",\"item\":\"https:\/\/www.elementvape.de\/shop\/\"},{\"@type\":\"ListItem\",\"position\":3,\"name\":\"Elf Bar NC600 Einweg-Vape 600 Z\u00fcge 400mAh\"}]},{\"@type\":\"WebSite\",\"@id\":\"https:\/\/www.elementvape.de\/#website\",\"url\":\"https:\/\/www.elementvape.de\/\",\"name\":\"ElementVape.de\",\"description\":\"\",\"publisher\":{\"@id\":\"https:\/\/www.elementvape.de\/#organization\"},\"potentialAction\":[{\"@type\":\"SearchAction\",\"target\":{\"@type\":\"EntryPoint\",\"urlTemplate\":\"https:\/\/www.elementvape.de\/?s={search_term_string}\"},\"query-input\":\"required name=search_term_string\"}],\"inLanguage\":\"el\"},{\"@type\":\"Organization\",\"@id\":\"https:\/\/www.elementvape.de\/#organization\",\"name\":\"ElementVape.DE\",\"url\":\"https:\/\/www.elementvape.de\/\",\"logo\":{\"@type\":\"ImageObject\",\"inLanguage\":\"el\",\"@id\":\"https:\/\/www.elementvape.de\/#\/schema\/logo\/image\/\",\"url\":\"https:\/\/www.elementvape.de\/wp-content\/uploads\/2024\/09\/cropped-1elementvape-3.png\",\"contentUrl\":\"https:\/\/www.elementvape.de\/wp-content\/uploads\/2024\/09\/cropped-1elementvape-3.png\",\"width\":285,\"height\":228,\"caption\":\"ElementVape.DE\"},\"image\":{\"@id\":\"https:\/\/www.elementvape.de\/#\/schema\/logo\/image\/\"}}]}<\/script>\n<!-- \/ Yoast SEO plugin. -->","yoast_head_json":{"title":"Elf Bar NC600 Einweg-Vape 600 Z\u00fcge 400mAh | ElementVape.de","description":"Wir bieten Elf Bar NC600 Einweg-Vape 600 Z\u00fcge 400mAh , Elementvape.de akzeptieren Gro\u00df-und Einzelhandel Bestellungen.","robots":{"index":"index","follow":"follow","max-snippet":"max-snippet:-1","max-image-preview":"max-image-preview:large","max-video-preview":"max-video-preview:-1"},"canonical":"https:\/\/www.elementvape.de\/el\/produkt\/elf-bar-nc600-einweg-vape-600-zuege-400mah\/","og_locale":"el_GR","og_type":"article","og_title":"Elf Bar NC600 Einweg-Vape 600 Z\u00fcge 400mAh | ElementVape.de","og_description":"Wir bieten Elf Bar NC600 Einweg-Vape 600 Z\u00fcge 400mAh , Elementvape.de akzeptieren Gro\u00df-und Einzelhandel Bestellungen.","og_url":"https:\/\/www.elementvape.de\/el\/produkt\/elf-bar-nc600-einweg-vape-600-zuege-400mah\/","og_site_name":"ElementVape.de","article_modified_time":"2024-09-12T10:31:38+00:00","og_image":[{"width":600,"height":600,"url":"https:\/\/www.elementvape.de\/wp-content\/uploads\/2024\/05\/Elf-Bar-NC600-Disposable-Vape-600-Puffs.webp","type":"image\/webp"}],"twitter_card":"summary_large_image","twitter_misc":{"Est. reading time":"1 \u03bb\u03b5\u03c0\u03c4\u03cc"},"schema":{"@context":"https:\/\/schema.org","@graph":[{"@type":"WebPage","@id":"https:\/\/www.elementvape.de\/produkt\/elf-bar-nc600-einweg-vape-600-zuege-400mah\/","url":"https:\/\/www.elementvape.de\/produkt\/elf-bar-nc600-einweg-vape-600-zuege-400mah\/","name":"Elf Bar NC600 Einweg-Vape 600 Z\u00fcge 400mAh | ElementVape.de","isPartOf":{"@id":"https:\/\/www.elementvape.de\/#website"},"primaryImageOfPage":{"@id":"https:\/\/www.elementvape.de\/produkt\/elf-bar-nc600-einweg-vape-600-zuege-400mah\/#primaryimage"},"image":{"@id":"https:\/\/www.elementvape.de\/produkt\/elf-bar-nc600-einweg-vape-600-zuege-400mah\/#primaryimage"},"thumbnailUrl":"https:\/\/www.elementvape.de\/wp-content\/uploads\/2024\/05\/Elf-Bar-NC600-Disposable-Vape-600-Puffs.webp","datePublished":"2024-05-27T06:40:33+00:00","dateModified":"2024-09-12T10:31:38+00:00","description":"Wir bieten Elf Bar NC600 Einweg-Vape 600 Z\u00fcge 400mAh , Elementvape.de akzeptieren Gro\u00df-und Einzelhandel Bestellungen.","breadcrumb":{"@id":"https:\/\/www.elementvape.de\/produkt\/elf-bar-nc600-einweg-vape-600-zuege-400mah\/#breadcrumb"},"inLanguage":"el","potentialAction":[{"@type":"ReadAction","target":["https:\/\/www.elementvape.de\/produkt\/elf-bar-nc600-einweg-vape-600-zuege-400mah\/"]}]},{"@type":"ImageObject","inLanguage":"el","@id":"https:\/\/www.elementvape.de\/produkt\/elf-bar-nc600-einweg-vape-600-zuege-400mah\/#primaryimage","url":"https:\/\/www.elementvape.de\/wp-content\/uploads\/2024\/05\/Elf-Bar-NC600-Disposable-Vape-600-Puffs.webp","contentUrl":"https:\/\/www.elementvape.de\/wp-content\/uploads\/2024\/05\/Elf-Bar-NC600-Disposable-Vape-600-Puffs.webp","width":600,"height":600,"caption":"Elf-Bar-NC600-Disposable-Vape-600-Puffs"},{"@type":"BreadcrumbList","@id":"https:\/\/www.elementvape.de\/produkt\/elf-bar-nc600-einweg-vape-600-zuege-400mah\/#breadcrumb","itemListElement":[{"@type":"ListItem","position":1,"name":"Home","item":"https:\/\/www.elementvape.de\/"},{"@type":"ListItem","position":2,"name":"Shop","item":"https:\/\/www.elementvape.de\/shop\/"},{"@type":"ListItem","position":3,"name":"Elf Bar NC600 Einweg-Vape 600 Z\u00fcge 400mAh"}]},{"@type":"WebSite","@id":"https:\/\/www.elementvape.de\/#website","url":"https:\/\/www.elementvape.de\/","name":"ElementVape.de","description":"","publisher":{"@id":"https:\/\/www.elementvape.de\/#organization"},"potentialAction":[{"@type":"SearchAction","target":{"@type":"EntryPoint","urlTemplate":"https:\/\/www.elementvape.de\/?s={search_term_string}"},"query-input":"required name=search_term_string"}],"inLanguage":"el"},{"@type":"Organization","@id":"https:\/\/www.elementvape.de\/#organization","name":"ElementVape.DE","url":"https:\/\/www.elementvape.de\/","logo":{"@type":"ImageObject","inLanguage":"el","@id":"https:\/\/www.elementvape.de\/#\/schema\/logo\/image\/","url":"https:\/\/www.elementvape.de\/wp-content\/uploads\/2024\/09\/cropped-1elementvape-3.png","contentUrl":"https:\/\/www.elementvape.de\/wp-content\/uploads\/2024\/09\/cropped-1elementvape-3.png","width":285,"height":228,"caption":"ElementVape.DE"},"image":{"@id":"https:\/\/www.elementvape.de\/#\/schema\/logo\/image\/"}}]}},"_links":{"self":[{"href":"https:\/\/www.elementvape.de\/el\/wp-json\/wp\/v2\/product\/10784"}],"collection":[{"href":"https:\/\/www.elementvape.de\/el\/wp-json\/wp\/v2\/product"}],"about":[{"href":"https:\/\/www.elementvape.de\/el\/wp-json\/wp\/v2\/types\/product"}],"wp:featuredmedia":[{"embeddable":true,"href":"https:\/\/www.elementvape.de\/el\/wp-json\/wp\/v2\/media\/10785"}],"wp:attachment":[{"href":"https:\/\/www.elementvape.de\/el\/wp-json\/wp\/v2\/media?parent=10784"}],"wp:term":[{"taxonomy":"product_cat","embeddable":true,"href":"https:\/\/www.elementvape.de\/el\/wp-json\/wp\/v2\/product_cat?post=10784"},{"taxonomy":"product_tag","embeddable":true,"href":"https:\/\/www.elementvape.de\/el\/wp-json\/wp\/v2\/product_tag?post=10784"}],"curies":[{"name":"wp","href":"https:\/\/api.w.org\/{rel}","templated":true}]}}