{"id":10661,"date":"2024-05-25T08:53:57","date_gmt":"2024-05-25T08:53:57","guid":{"rendered":"https:\/\/www.elementvape.de\/?post_type=product&#038;p=10661"},"modified":"2024-09-12T10:31:42","modified_gmt":"2024-09-12T10:31:42","slug":"elf-bar-2200-einweg-vape-2200-zuege","status":"publish","type":"product","link":"https:\/\/www.elementvape.de\/el\/produkt\/elf-bar-2200-einweg-vape-2200-zuege\/","title":{"rendered":"ELF BAR 2200 \u039c\u03af\u03b1\u03c2 \u03c7\u03c1\u03ae\u03c3\u03b7\u03c2 Vape 2200 \u03b5\u03b9\u03c3\u03c0\u03bd\u03bf\u03ad\u03c2"},"content":{"rendered":"<div class=\"card__header\">\n<h2 class=\"card__title heading h3\"><span>\u03a0\u03b5\u03c1\u03b9\u03b3\u03c1\u03b1\u03c6\u03ae<\/span><\/h2>\n<\/div>\n<div class=\"card__section\">\n<div class=\"rte text--pull\"><span>\u039f\u00a0<\/span><strong><a title=\"Elf Bar\" href=\"https:\/\/www.elementvape.de\/el\/product-brand\/elfbar\/\">Elf Bar<\/a><\/strong><span>\u00a0\u03a4\u03bf disposable vape 2200 \u03ad\u03c7\u03b5\u03b9 \u03c6\u03bf\u03c1\u03b7\u03c4\u03cc \u03bc\u03ad\u03b3\u03b5\u03b8\u03bf\u03c2 \u03ba\u03b1\u03b9 \u03c0\u03bf\u03bb\u03cd\u03c7\u03c1\u03c9\u03bc\u03b7 \u03b5\u03bc\u03c6\u03ac\u03bd\u03b9\u03c3\u03b7. \u03a4\u03bf Elf Bar 2200 Disposable Vape \u03bb\u03b5\u03b9\u03c4\u03bf\u03c5\u03c1\u03b3\u03b5\u03af \u03bc\u03b5 \u03b5\u03bd\u03c3\u03c9\u03bc\u03b1\u03c4\u03c9\u03bc\u03ad\u03bd\u03b7 \u03bc\u03c0\u03b1\u03c4\u03b1\u03c1\u03af\u03b1 1250 mAh \u03ba\u03b1\u03b9 \u03c0\u03c1\u03bf\u03c3\u03c6\u03ad\u03c1\u03b5\u03b9 \u03c0\u03b5\u03c1\u03af\u03c0\u03bf\u03c5 2200 \u03c4\u03b6\u03bf\u03cd\u03c1\u03b5\u03c2. \u0395\u03c0\u03b9\u03c0\u03bb\u03ad\u03bf\u03bd, \u03c4\u03bf Elf Bar 2200\u00a0<\/span>Disposable Vape \u03bc\u03b5<span>\u00a0\u03c4\u03bf \u03bc\u03b5\u03b3\u03ac\u03bb\u03bf \u03c0\u03c1\u03bf\u03b3\u03b5\u03bc\u03b9\u03c3\u03bc\u03ad\u03bd\u03bf \u03c5\u03b3\u03c1\u03cc 6 ml \u03bc\u03b5 5 % \u03bd\u03b9\u03ba\u03bf\u03c4\u03b9\u03bd\u03b9\u03ba\u03cc \u03ac\u03bb\u03b1\u03c2 \u03ba\u03b1\u03b9 \u03c4\u03b7\u03bd \u03bc\u03bf\u03bd\u03b1\u03b4\u03b9\u03ba\u03ae \u03b4\u03bf\u03bc\u03ae \u03b4\u03b9\u03b1\u03c7\u03c9\u03c1\u03b9\u03c3\u03bc\u03bf\u03cd \u03bb\u03b1\u03b4\u03b9\u03bf\u03cd \u03c0\u03c1\u03bf\u03c3\u03c6\u03ad\u03c1\u03b5\u03b9 \u03ba\u03b1\u03bb\u03cd\u03c4\u03b5\u03c1\u03b7 \u03b3\u03b5\u03cd\u03c3\u03b7. \u039a\u03b1\u03b9 \u03c4\u03bf Elf Bar 2200 \u03b4\u03b9\u03b1\u03b8\u03ad\u03c4\u03b5\u03b9 \u03b4\u03b9\u03b1\u03c6\u03b1\u03bd\u03ae, \u03bf\u03c1\u03b1\u03c4\u03ae \u03b4\u03b5\u03be\u03b1\u03bc\u03b5\u03bd\u03ae \u03bb\u03b1\u03b4\u03b9\u03bf\u03cd, \u03ce\u03c3\u03c4\u03b5 \u03bd\u03b1 \u03b3\u03bd\u03c9\u03c1\u03af\u03b6\u03b5\u03c4\u03b5 \u03c0\u03ac\u03bd\u03c4\u03b1 \u03c4\u03b7\u03bd \u03c0\u03bf\u03c3\u03cc\u03c4\u03b7\u03c4\u03b1 \u03c4\u03bf\u03c5 \u03ba\u03b1\u03c0\u03bd\u03bf\u03cd. \u0391\u03c0\u03bb\u03ac \u03c0\u03ac\u03c1\u03c4\u03b5 \u03c4\u03bf Elf Bar 2200\u00a0<\/span>\u0391\u03c0\u03bf\u03c1\u03c1\u03b9\u03c0\u03c4\u03b9\u03ba\u03cc Vape<span>\u00a0\u03ba\u03b1\u03b9 \u03b1\u03c0\u03bf\u03bb\u03b1\u03cd\u03c3\u03c4\u03b5 \u03ae\u03c1\u03b5\u03bc\u03bf \u03ba\u03b1\u03b9 \u03c5\u03c0\u03ad\u03c1\u03bf\u03c7\u03bf \u03b1\u03c4\u03bc\u03cc.<\/span><\/p>\n<p><span>\u03a0\u03b1\u03c1\u03ac\u03bc\u03b5\u03c4\u03c1\u03bf\u03b9<\/span><br \/>\n<span>\u0394\u03b9\u03b1\u03c3\u03c4\u03ac\u03c3\u03b5\u03b9\u03c2: \u03a619\u00d7108,5 mm<\/span><br \/>\n<span>\u03a7\u03c9\u03c1\u03b7\u03c4\u03b9\u03ba\u03cc\u03c4\u03b7\u03c4\u03b1 \u03c5\u03b3\u03c1\u03bf\u03cd: 6 ml<\/span><br \/>\n<span>\u039d\u03b9\u03ba\u03bf\u03c4\u03af\u03bd\u03b7: 5 %\/2 % SE<\/span><br \/>\n<span>\u03a7\u03c9\u03c1\u03b7\u03c4\u03b9\u03ba\u03cc\u03c4\u03b7\u03c4\u03b1 \u03bc\u03c0\u03b1\u03c4\u03b1\u03c1\u03af\u03b1\u03c2: 1250 mAh<\/span><br \/>\n<span>\u0391\u03bd\u03c4\u03af\u03c3\u03c4\u03b1\u03c3\u03b7 \u03b1\u03bd\u03c4\u03b9\u03c3\u03c4\u03ac\u03c3\u03b5\u03c9\u03bd: 1,0 Ohm<\/span><br \/>\n<span>\u03a5\u03bb\u03b9\u03ba\u03cc: \u0391\u03c4\u03c3\u03ac\u03bb\u03b9 \u03ba\u03b1\u03b9 PCTG<\/span><br \/>\n<span>\u03a4\u03b6\u03bf\u03cd\u03c1\u03b5\u03c2: 2200 \u03c4\u03b6\u03bf\u03cd\u03c1\u03b5\u03c2<\/span><br \/>\n<span>\u0391\u03c1\u03b9\u03b8\u03bc\u03cc\u03c2: 1 \u03c4\u03b5\u03bc\u03ac\u03c7\u03b9\u03bf\/10 \u03c4\u03b5\u03bc\u03ac\u03c7\u03b9\u03b1 (\u03bc\u03b5\u03b9\u03ba\u03c4\u03ad\u03c2 \u03b3\u03b5\u03cd\u03c3\u03b5\u03b9\u03c2)<\/span><\/p>\n<p><span>\u038c\u03bc\u03bf\u03c1\u03c6\u03b7 \u03b5\u03bc\u03c6\u03ac\u03bd\u03b9\u03c3\u03b7 \u03bc\u03b5 \u03c3\u03c5\u03bc\u03c0\u03b1\u03b3\u03ad\u03c2 \u03c3\u03ce\u03bc\u03b1<\/span><br \/>\n<span>\u0394\u03b9\u03b1\u03c6\u03b1\u03bd\u03ad\u03c2 \u03bf\u03c1\u03b1\u03c4\u03cc \u03ba\u03ac\u03c8\u03bf\u03c5\u03bb\u03b1 \u03bc\u03b5 6 ml \u03c0\u03c1\u03bf\u03b3\u03b5\u03bc\u03b9\u03c3\u03bc\u03ad\u03bd\u03bf \u03c5\u03b3\u03c1\u03cc<\/span><br \/>\n<span>\u03a0\u03bd\u03b5\u03c5\u03bc\u03b1\u03c4\u03b9\u03ba\u03cc\u03c2 \u03b4\u03b9\u03b1\u03ba\u03cc\u03c0\u03c4\u03b7\u03c2, \u03c4\u03b1\u03c7\u03cd\u03c4\u03b7\u03c4\u03b1 \u03b1\u03bd\u03c4\u03af\u03b4\u03c1\u03b1\u03c3\u03b7\u03c2 \u03c3\u03b5 \u03c7\u03b9\u03bb\u03b9\u03bf\u03c3\u03c4\u03ac \u03c4\u03bf\u03c5 \u03b4\u03b5\u03c5\u03c4\u03b5\u03c1\u03bf\u03bb\u03ad\u03c0\u03c4\u03bf\u03c5<\/span><br \/>\n<span>\u0395\u03bd\u03c3\u03c9\u03bc\u03b1\u03c4\u03c9\u03bc\u03ad\u03bd\u03b7 \u03bc\u03c0\u03b1\u03c4\u03b1\u03c1\u03af\u03b1 1250 mAh \u03bc\u03b5 2200 \u03b1\u03bd\u03b1\u03c0\u03bd\u03bf\u03ad\u03c2<\/span><br \/>\n<span>\u039c\u03bf\u03bd\u03b1\u03b4\u03b9\u03ba\u03ae \u03b4\u03bf\u03bc\u03ae \u03b4\u03b9\u03b1\u03c7\u03c9\u03c1\u03b9\u03c3\u03bc\u03bf\u03cd \u03bb\u03b1\u03b4\u03b9\u03bf\u03cd \u03b3\u03b9\u03b1 \u03ba\u03b1\u03bb\u03cd\u03c4\u03b5\u03c1\u03b7 \u03b3\u03b5\u03cd\u03c3\u03b7. \u03a3\u03c4\u03b7 \u03c3\u03c5\u03c3\u03ba\u03b5\u03c5\u03b1\u03c3\u03af\u03b1 \u03c0\u03b5\u03c1\u03b9\u03bb\u03b1\u03bc\u03b2\u03ac\u03bd\u03b5\u03c4\u03b1\u03b9 1 \u00d7 Elf Bar 2200 \u03bc\u03b9\u03b1\u03c2 \u03c7\u03c1\u03ae\u03c3\u03b7\u03c2 Vape<\/span><\/div>\n<\/div>","protected":false},"excerpt":{"rendered":"<p>Beschreibung Der\u00a0Elf Bar\u00a02200 Disposable Vape hat eine tragbare Gr\u00f6\u00dfe und ein farbenfrohes Aussehen. Der Elf Bar 2200 Disposable Vape wird von einem eingebauten 1250-mAh-Akku angetrieben und bietet etwa 2200 Z\u00fcge. Au\u00dferdem bietet der Elf Bar 2200\u00a0Disposable Vape mit\u00a0dem gro\u00dfen 6-ml-Vorf\u00fcllsaft mit 5 % Nikotinsalzst\u00e4rke und der einzigartigen \u00d6lkern-Trennstruktur einen\u00a0besseren Geschmack. Und der Elf Bar 2200 [&hellip;]<\/p>","protected":false},"featured_media":10662,"template":"","meta":{"inline_featured_image":false},"product_cat":[78,750,737,736,749],"product_tag":[678],"tiered_pricing_type":"fixed","tiered_pricing_fixed_rules":[],"tiered_pricing_percentage_rules":[],"tiered_pricing_minimum":1,"_administrator_tiered_pricing_type":"fixed","_administrator_tiered_pricing_fixed_rules":[],"_editor_tiered_pricing_type":"fixed","_editor_tiered_pricing_fixed_rules":[],"_author_tiered_pricing_type":"fixed","_author_tiered_pricing_fixed_rules":[],"_contributor_tiered_pricing_type":"fixed","_contributor_tiered_pricing_fixed_rules":[],"_subscriber_tiered_pricing_type":"fixed","_subscriber_tiered_pricing_fixed_rules":[],"_customer_tiered_pricing_type":"fixed","_customer_tiered_pricing_fixed_rules":[],"_shop_manager_tiered_pricing_type":"fixed","_shop_manager_tiered_pricing_fixed_rules":[],"_wpseo_manager_tiered_pricing_type":"fixed","_wpseo_manager_tiered_pricing_fixed_rules":[],"_wpseo_editor_tiered_pricing_type":"fixed","_wpseo_editor_tiered_pricing_fixed_rules":[],"_wholesale_customer_tiered_pricing_type":"fixed","_wholesale_customer_tiered_pricing_fixed_rules":[],"_marketer_tiered_pricing_type":"fixed","_marketer_tiered_pricing_fixed_rules":[],"_sales_manager_tiered_pricing_type":"fixed","_sales_manager_tiered_pricing_fixed_rules":[],"_sales_rep_tiered_pricing_type":"fixed","_sales_rep_tiered_pricing_fixed_rules":[],"yoast_head":"<!-- This site is optimized with the Yoast SEO plugin v23.3 - https:\/\/yoast.com\/wordpress\/plugins\/seo\/ -->\n<title>ELF BAR 2200 Einweg-Vape 2200 Z\u00fcge | ElementVape.de<\/title>\n<meta name=\"description\" content=\"Wir bieten ELF BAR 2200 Einweg-Vape 2200 Z\u00fcge , Elementvape.de akzeptieren Gro\u00df-und Einzelhandel Bestellungen.\" \/>\n<meta name=\"robots\" content=\"index, follow, max-snippet:-1, max-image-preview:large, max-video-preview:-1\" \/>\n<link rel=\"canonical\" href=\"https:\/\/www.elementvape.de\/el\/produkt\/elf-bar-2200-einweg-vape-2200-zuege\/\" \/>\n<meta property=\"og:locale\" content=\"el_GR\" \/>\n<meta property=\"og:type\" content=\"article\" \/>\n<meta property=\"og:title\" content=\"ELF BAR 2200 Einweg-Vape 2200 Z\u00fcge | ElementVape.de\" \/>\n<meta property=\"og:description\" content=\"Wir bieten ELF BAR 2200 Einweg-Vape 2200 Z\u00fcge , Elementvape.de akzeptieren Gro\u00df-und Einzelhandel Bestellungen.\" \/>\n<meta property=\"og:url\" content=\"https:\/\/www.elementvape.de\/el\/produkt\/elf-bar-2200-einweg-vape-2200-zuege\/\" \/>\n<meta property=\"og:site_name\" content=\"ElementVape.de\" \/>\n<meta property=\"article:modified_time\" content=\"2024-09-12T10:31:42+00:00\" \/>\n<meta property=\"og:image\" content=\"https:\/\/www.elementvape.de\/wp-content\/uploads\/2024\/05\/ELF-BAR-2200-Disposable-Vape-2200-Puffs-2-873104.webp\" \/>\n\t<meta property=\"og:image:width\" content=\"600\" \/>\n\t<meta property=\"og:image:height\" content=\"600\" \/>\n\t<meta property=\"og:image:type\" content=\"image\/webp\" \/>\n<meta name=\"twitter:card\" content=\"summary_large_image\" \/>\n<meta name=\"twitter:label1\" content=\"Est. reading time\" \/>\n\t<meta name=\"twitter:data1\" content=\"2 \u03bb\u03b5\u03c0\u03c4\u03ac\" \/>\n<script type=\"application\/ld+json\" class=\"yoast-schema-graph\">{\"@context\":\"https:\/\/schema.org\",\"@graph\":[{\"@type\":\"WebPage\",\"@id\":\"https:\/\/www.elementvape.de\/nl\/produkt\/elf-bar-2200-einweg-vape-2200-zuege\/\",\"url\":\"https:\/\/www.elementvape.de\/nl\/produkt\/elf-bar-2200-einweg-vape-2200-zuege\/\",\"name\":\"ELF BAR 2200 Einweg-Vape 2200 Z\u00fcge | ElementVape.de\",\"isPartOf\":{\"@id\":\"https:\/\/www.elementvape.de\/#website\"},\"primaryImageOfPage\":{\"@id\":\"https:\/\/www.elementvape.de\/nl\/produkt\/elf-bar-2200-einweg-vape-2200-zuege\/#primaryimage\"},\"image\":{\"@id\":\"https:\/\/www.elementvape.de\/nl\/produkt\/elf-bar-2200-einweg-vape-2200-zuege\/#primaryimage\"},\"thumbnailUrl\":\"https:\/\/www.elementvape.de\/wp-content\/uploads\/2024\/05\/ELF-BAR-2200-Disposable-Vape-2200-Puffs-2-873104.webp\",\"datePublished\":\"2024-05-25T08:53:57+00:00\",\"dateModified\":\"2024-09-12T10:31:42+00:00\",\"description\":\"Wir bieten ELF BAR 2200 Einweg-Vape 2200 Z\u00fcge , Elementvape.de akzeptieren Gro\u00df-und Einzelhandel Bestellungen.\",\"breadcrumb\":{\"@id\":\"https:\/\/www.elementvape.de\/nl\/produkt\/elf-bar-2200-einweg-vape-2200-zuege\/#breadcrumb\"},\"inLanguage\":\"el\",\"potentialAction\":[{\"@type\":\"ReadAction\",\"target\":[\"https:\/\/www.elementvape.de\/nl\/produkt\/elf-bar-2200-einweg-vape-2200-zuege\/\"]}]},{\"@type\":\"ImageObject\",\"inLanguage\":\"el\",\"@id\":\"https:\/\/www.elementvape.de\/nl\/produkt\/elf-bar-2200-einweg-vape-2200-zuege\/#primaryimage\",\"url\":\"https:\/\/www.elementvape.de\/wp-content\/uploads\/2024\/05\/ELF-BAR-2200-Disposable-Vape-2200-Puffs-2-873104.webp\",\"contentUrl\":\"https:\/\/www.elementvape.de\/wp-content\/uploads\/2024\/05\/ELF-BAR-2200-Disposable-Vape-2200-Puffs-2-873104.webp\",\"width\":600,\"height\":600,\"caption\":\"ELF-BAR-2200-Disposable-Vape-2200-Puffs-2-873104\"},{\"@type\":\"BreadcrumbList\",\"@id\":\"https:\/\/www.elementvape.de\/nl\/produkt\/elf-bar-2200-einweg-vape-2200-zuege\/#breadcrumb\",\"itemListElement\":[{\"@type\":\"ListItem\",\"position\":1,\"name\":\"Home\",\"item\":\"https:\/\/www.elementvape.de\/\"},{\"@type\":\"ListItem\",\"position\":2,\"name\":\"Shop\",\"item\":\"https:\/\/www.elementvape.de\/shop\/\"},{\"@type\":\"ListItem\",\"position\":3,\"name\":\"ELF BAR 2200 Einweg-Vape 2200 Z\u00fcge\"}]},{\"@type\":\"WebSite\",\"@id\":\"https:\/\/www.elementvape.de\/#website\",\"url\":\"https:\/\/www.elementvape.de\/\",\"name\":\"ElementVape.de\",\"description\":\"\",\"publisher\":{\"@id\":\"https:\/\/www.elementvape.de\/#organization\"},\"potentialAction\":[{\"@type\":\"SearchAction\",\"target\":{\"@type\":\"EntryPoint\",\"urlTemplate\":\"https:\/\/www.elementvape.de\/?s={search_term_string}\"},\"query-input\":\"required name=search_term_string\"}],\"inLanguage\":\"el\"},{\"@type\":\"Organization\",\"@id\":\"https:\/\/www.elementvape.de\/#organization\",\"name\":\"ElementVape.DE\",\"url\":\"https:\/\/www.elementvape.de\/\",\"logo\":{\"@type\":\"ImageObject\",\"inLanguage\":\"el\",\"@id\":\"https:\/\/www.elementvape.de\/#\/schema\/logo\/image\/\",\"url\":\"https:\/\/www.elementvape.de\/wp-content\/uploads\/2024\/09\/cropped-1elementvape-3.png\",\"contentUrl\":\"https:\/\/www.elementvape.de\/wp-content\/uploads\/2024\/09\/cropped-1elementvape-3.png\",\"width\":285,\"height\":228,\"caption\":\"ElementVape.DE\"},\"image\":{\"@id\":\"https:\/\/www.elementvape.de\/#\/schema\/logo\/image\/\"}}]}<\/script>\n<!-- \/ Yoast SEO plugin. -->","yoast_head_json":{"title":"ELF BAR 2200 Einweg-Vape 2200 Z\u00fcge | ElementVape.de","description":"Wir bieten ELF BAR 2200 Einweg-Vape 2200 Z\u00fcge , Elementvape.de akzeptieren Gro\u00df-und Einzelhandel Bestellungen.","robots":{"index":"index","follow":"follow","max-snippet":"max-snippet:-1","max-image-preview":"max-image-preview:large","max-video-preview":"max-video-preview:-1"},"canonical":"https:\/\/www.elementvape.de\/el\/produkt\/elf-bar-2200-einweg-vape-2200-zuege\/","og_locale":"el_GR","og_type":"article","og_title":"ELF BAR 2200 Einweg-Vape 2200 Z\u00fcge | ElementVape.de","og_description":"Wir bieten ELF BAR 2200 Einweg-Vape 2200 Z\u00fcge , Elementvape.de akzeptieren Gro\u00df-und Einzelhandel Bestellungen.","og_url":"https:\/\/www.elementvape.de\/el\/produkt\/elf-bar-2200-einweg-vape-2200-zuege\/","og_site_name":"ElementVape.de","article_modified_time":"2024-09-12T10:31:42+00:00","og_image":[{"width":600,"height":600,"url":"https:\/\/www.elementvape.de\/wp-content\/uploads\/2024\/05\/ELF-BAR-2200-Disposable-Vape-2200-Puffs-2-873104.webp","type":"image\/webp"}],"twitter_card":"summary_large_image","twitter_misc":{"Est. reading time":"2 \u03bb\u03b5\u03c0\u03c4\u03ac"},"schema":{"@context":"https:\/\/schema.org","@graph":[{"@type":"WebPage","@id":"https:\/\/www.elementvape.de\/nl\/produkt\/elf-bar-2200-einweg-vape-2200-zuege\/","url":"https:\/\/www.elementvape.de\/nl\/produkt\/elf-bar-2200-einweg-vape-2200-zuege\/","name":"ELF BAR 2200 Einweg-Vape 2200 Z\u00fcge | ElementVape.de","isPartOf":{"@id":"https:\/\/www.elementvape.de\/#website"},"primaryImageOfPage":{"@id":"https:\/\/www.elementvape.de\/nl\/produkt\/elf-bar-2200-einweg-vape-2200-zuege\/#primaryimage"},"image":{"@id":"https:\/\/www.elementvape.de\/nl\/produkt\/elf-bar-2200-einweg-vape-2200-zuege\/#primaryimage"},"thumbnailUrl":"https:\/\/www.elementvape.de\/wp-content\/uploads\/2024\/05\/ELF-BAR-2200-Disposable-Vape-2200-Puffs-2-873104.webp","datePublished":"2024-05-25T08:53:57+00:00","dateModified":"2024-09-12T10:31:42+00:00","description":"Wir bieten ELF BAR 2200 Einweg-Vape 2200 Z\u00fcge , Elementvape.de akzeptieren Gro\u00df-und Einzelhandel Bestellungen.","breadcrumb":{"@id":"https:\/\/www.elementvape.de\/nl\/produkt\/elf-bar-2200-einweg-vape-2200-zuege\/#breadcrumb"},"inLanguage":"el","potentialAction":[{"@type":"ReadAction","target":["https:\/\/www.elementvape.de\/nl\/produkt\/elf-bar-2200-einweg-vape-2200-zuege\/"]}]},{"@type":"ImageObject","inLanguage":"el","@id":"https:\/\/www.elementvape.de\/nl\/produkt\/elf-bar-2200-einweg-vape-2200-zuege\/#primaryimage","url":"https:\/\/www.elementvape.de\/wp-content\/uploads\/2024\/05\/ELF-BAR-2200-Disposable-Vape-2200-Puffs-2-873104.webp","contentUrl":"https:\/\/www.elementvape.de\/wp-content\/uploads\/2024\/05\/ELF-BAR-2200-Disposable-Vape-2200-Puffs-2-873104.webp","width":600,"height":600,"caption":"ELF-BAR-2200-Disposable-Vape-2200-Puffs-2-873104"},{"@type":"BreadcrumbList","@id":"https:\/\/www.elementvape.de\/nl\/produkt\/elf-bar-2200-einweg-vape-2200-zuege\/#breadcrumb","itemListElement":[{"@type":"ListItem","position":1,"name":"Home","item":"https:\/\/www.elementvape.de\/"},{"@type":"ListItem","position":2,"name":"Shop","item":"https:\/\/www.elementvape.de\/shop\/"},{"@type":"ListItem","position":3,"name":"ELF BAR 2200 Einweg-Vape 2200 Z\u00fcge"}]},{"@type":"WebSite","@id":"https:\/\/www.elementvape.de\/#website","url":"https:\/\/www.elementvape.de\/","name":"ElementVape.de","description":"","publisher":{"@id":"https:\/\/www.elementvape.de\/#organization"},"potentialAction":[{"@type":"SearchAction","target":{"@type":"EntryPoint","urlTemplate":"https:\/\/www.elementvape.de\/?s={search_term_string}"},"query-input":"required name=search_term_string"}],"inLanguage":"el"},{"@type":"Organization","@id":"https:\/\/www.elementvape.de\/#organization","name":"ElementVape.DE","url":"https:\/\/www.elementvape.de\/","logo":{"@type":"ImageObject","inLanguage":"el","@id":"https:\/\/www.elementvape.de\/#\/schema\/logo\/image\/","url":"https:\/\/www.elementvape.de\/wp-content\/uploads\/2024\/09\/cropped-1elementvape-3.png","contentUrl":"https:\/\/www.elementvape.de\/wp-content\/uploads\/2024\/09\/cropped-1elementvape-3.png","width":285,"height":228,"caption":"ElementVape.DE"},"image":{"@id":"https:\/\/www.elementvape.de\/#\/schema\/logo\/image\/"}}]}},"_links":{"self":[{"href":"https:\/\/www.elementvape.de\/el\/wp-json\/wp\/v2\/product\/10661"}],"collection":[{"href":"https:\/\/www.elementvape.de\/el\/wp-json\/wp\/v2\/product"}],"about":[{"href":"https:\/\/www.elementvape.de\/el\/wp-json\/wp\/v2\/types\/product"}],"wp:featuredmedia":[{"embeddable":true,"href":"https:\/\/www.elementvape.de\/el\/wp-json\/wp\/v2\/media\/10662"}],"wp:attachment":[{"href":"https:\/\/www.elementvape.de\/el\/wp-json\/wp\/v2\/media?parent=10661"}],"wp:term":[{"taxonomy":"product_cat","embeddable":true,"href":"https:\/\/www.elementvape.de\/el\/wp-json\/wp\/v2\/product_cat?post=10661"},{"taxonomy":"product_tag","embeddable":true,"href":"https:\/\/www.elementvape.de\/el\/wp-json\/wp\/v2\/product_tag?post=10661"}],"curies":[{"name":"wp","href":"https:\/\/api.w.org\/{rel}","templated":true}]}}