{"id":14267,"date":"2024-09-10T07:57:34","date_gmt":"2024-09-10T07:57:34","guid":{"rendered":"https:\/\/www.elementvape.de\/?page_id=14267"},"modified":"2024-09-10T07:57:37","modified_gmt":"2024-09-10T07:57:37","slug":"versandart","status":"publish","type":"page","link":"https:\/\/www.elementvape.de\/el\/versandart\/","title":{"rendered":"\u03a4\u03cd\u03c0\u03bf\u03c2 \u03b1\u03c0\u03bf\u03c3\u03c4\u03bf\u03bb\u03ae\u03c2"},"content":{"rendered":"<h2 class=\"wp-block-heading has-text-align-center\">\u038c\u03c1\u03bf\u03b9 \u03b1\u03c0\u03bf\u03c3\u03c4\u03bf\u03bb\u03ae\u03c2 \u03c3\u03c4\u03bf Elementvape.de<\/h2>\n\n\n\n<p class=\"has-medium-font-size\">\u0393\u03b9\u03b1 \u03cc\u03bb\u03bf\u03c5\u03c2 \u03c4\u03bf\u03c5\u03c2 \u03c4\u03c1\u03cc\u03c0\u03bf\u03c5\u03c2 \u03b1\u03c0\u03bf\u03c3\u03c4\u03bf\u03bb\u03ae\u03c2, \u03c4\u03bf Elementvape.de \u03c7\u03c1\u03b5\u03ce\u03bd\u03b5\u03b9 \u03bc\u03cc\u03bd\u03bf \u03c4\u03b1 \u03ad\u03be\u03bf\u03b4\u03b1 \u03b1\u03c0\u03bf\u03c3\u03c4\u03bf\u03bb\u03ae\u03c2, \u03b5\u03be\u03b1\u03b9\u03c1\u03bf\u03c5\u03bc\u03ad\u03bd\u03c9\u03bd \u03c4\u03c5\u03c7\u03cc\u03bd \u03c6\u03cc\u03c1\u03c9\u03bd \u03ba\u03b1\u03b9 \u03b4\u03b1\u03c3\u03bc\u03ce\u03bd. \u03a0\u03b1\u03c1\u03b1\u03ba\u03b1\u03bb\u03bf\u03cd\u03bc\u03b5 \u03c3\u03b7\u03bc\u03b5\u03b9\u03ce\u03c3\u03c4\u03b5 \u03cc\u03c4\u03b9 \u03cc\u03bb\u03bf\u03b9 \u03bf\u03b9 \u03c6\u03cc\u03c1\u03bf\u03b9 \u03ba\u03b1\u03b9 \u03b4\u03b1\u03c3\u03bc\u03bf\u03af \u03c0\u03bf\u03c5 \u03b9\u03c3\u03c7\u03cd\u03bf\u03c5\u03bd \u03c3\u03c4\u03b7 \u03c7\u03ce\u03c1\u03b1 \u03c0\u03c1\u03bf\u03bf\u03c1\u03b9\u03c3\u03bc\u03bf\u03cd \u03b5\u03af\u03bd\u03b1\u03b9 \u03b5\u03c5\u03b8\u03cd\u03bd\u03b7 \u03c4\u03bf\u03c5 \u03c0\u03b5\u03bb\u03ac\u03c4\u03b7.<\/p>\n\n\n\n<p class=\"has-medium-font-size\">\u0395\u03ac\u03bd \u03b4\u03b9\u03b1\u03b8\u03ad\u03c4\u03b5\u03c4\u03b5 \u03b4\u03b9\u03ba\u03cc \u03c3\u03b1\u03c2 \u03c4\u03c1\u03cc\u03c0\u03bf \u03b1\u03c0\u03bf\u03c3\u03c4\u03bf\u03bb\u03ae\u03c2 \u03ae \u03bc\u03b5\u03c4\u03b1\u03c6\u03bf\u03c1\u03ad\u03b1 \u03c3\u03c4\u03b7\u03bd \u039a\u03af\u03bd\u03b1, \u03c0\u03b1\u03c1\u03b1\u03ba\u03b1\u03bb\u03bf\u03cd\u03bc\u03b5 \u03b5\u03c0\u03b9\u03ba\u03bf\u03b9\u03bd\u03c9\u03bd\u03ae\u03c3\u03c4\u03b5 \u03bc\u03b1\u03b6\u03af \u03bc\u03b1\u03c2 \u03ba\u03b1\u03b9 \u03b4\u03ce\u03c3\u03c4\u03b5 \u03c4\u03b9\u03c2 \u03c3\u03c7\u03b5\u03c4\u03b9\u03ba\u03ad\u03c2 \u03c0\u03bb\u03b7\u03c1\u03bf\u03c6\u03bf\u03c1\u03af\u03b5\u03c2. \u03a3\u03c4\u03b7 \u03c3\u03c5\u03bd\u03ad\u03c7\u03b5\u03b9\u03b1, \u03b8\u03b1 \u03c3\u03c4\u03b5\u03af\u03bb\u03bf\u03c5\u03bc\u03b5 \u03c4\u03b7\u03bd \u03c0\u03b1\u03c1\u03b1\u03b3\u03b3\u03b5\u03bb\u03af\u03b1 \u03c3\u03c4\u03bf \u03b1\u03c0\u03bf\u03b8\u03b7\u03ba\u03b5\u03c5\u03c4\u03b9\u03ba\u03cc \u03c3\u03b1\u03c2 \u03c7\u03ce\u03c1\u03bf \u03ae \u03c3\u03c4\u03bf\u03bd \u03bc\u03b5\u03c4\u03b1\u03c6\u03bf\u03c1\u03ad\u03b1 \u03c3\u03b1\u03c2.<\/p>\n\n\n\n<h3 class=\"wp-block-heading has-text-align-center\">\u0395\u03c5\u03c1\u03c9\u03c0\u03b1\u03ca\u03ba\u03ae \u03bc\u03b5\u03c4\u03b1\u03c6\u03bf\u03c1\u03ac \u03b1\u03c0\u03bf\u03b8\u03ae\u03ba\u03b7\u03c2<\/h3>\n\n\n\n<ul>\n<li class=\"has-medium-font-size\"><strong>\u03a4\u03cd\u03c0\u03bf\u03c2 \u03b1\u03c0\u03bf\u03c3\u03c4\u03bf\u03bb\u03ae\u03c2<\/strong>: DHL, UPS<\/li>\n\n\n\n<li class=\"has-medium-font-size\"><strong>\u03a7\u03c1\u03cc\u03bd\u03bf\u03c2 \u03c0\u03b1\u03c1\u03ac\u03b4\u03bf\u03c3\u03b7\u03c2 \u03c3\u03c4\u03b7\u03bd \u0395\u03bb\u03bb\u03ac\u03b4\u03b1<\/strong>: 2-3 \u03b5\u03c1\u03b3\u03ac\u03c3\u03b9\u03bc\u03b5\u03c2 \u03b7\u03bc\u03ad\u03c1\u03b5\u03c2<\/li>\n\n\n\n<li class=\"has-medium-font-size\"><strong>\u03a7\u03c1\u03cc\u03bd\u03bf\u03c2 \u03c0\u03b1\u03c1\u03ac\u03b4\u03bf\u03c3\u03b7\u03c2 \u03c3\u03b5 \u03c7\u03ce\u03c1\u03b5\u03c2 \u03c4\u03b7\u03c2 \u0395\u0395<\/strong>: 3-4 \u03b5\u03c1\u03b3\u03ac\u03c3\u03b9\u03bc\u03b5\u03c2 \u03b7\u03bc\u03ad\u03c1\u03b5\u03c2<\/li>\n<\/ul>\n\n\n\n<h3 class=\"wp-block-heading has-text-align-center\">\u0395\u03ba\u03c4\u03cc\u03c2 \u0395\u03c5\u03c1\u03ce\u03c0\u03b7\u03c2 \u03bc\u03b5\u03c4\u03b1\u03c6\u03bf\u03c1\u03ac \u03b1\u03c0\u03bf\u03b8\u03ae\u03ba\u03b7\u03c2<\/h3>\n\n\n\n<ul>\n<li class=\"has-medium-font-size\"><strong>\u03a4\u03cd\u03c0\u03bf\u03c2 \u03b1\u03c0\u03bf\u03c3\u03c4\u03bf\u03bb\u03ae\u03c2<\/strong>: DHL, UPS<\/li>\n\n\n\n<li class=\"has-medium-font-size\"><strong>\u03a7\u03ce\u03c1\u03b5\u03c2 \u03c0\u03c1\u03bf\u03bf\u03c1\u03b9\u03c3\u03bc\u03bf\u03cd<\/strong>: \u03a7\u03ce\u03c1\u03b5\u03c2 \u03c4\u03b7\u03c2 \u0395\u03c5\u03c1\u03c9\u03c0\u03b1\u03ca\u03ba\u03ae\u03c2 \u0388\u03bd\u03c9\u03c3\u03b7\u03c2<\/li>\n\n\n\n<li class=\"has-medium-font-size\"><strong>\u0395\u03ba\u03c4\u03b9\u03bc\u03ce\u03bc\u03b5\u03bd\u03bf\u03c2 \u03c7\u03c1\u03cc\u03bd\u03bf\u03c2 \u03c0\u03b1\u03c1\u03ac\u03b4\u03bf\u03c3\u03b7\u03c2<\/strong>: 12-20 \u03b5\u03c1\u03b3\u03ac\u03c3\u03b9\u03bc\u03b5\u03c2 \u03b7\u03bc\u03ad\u03c1\u03b5\u03c2<\/li>\n<\/ul>\n\n\n\n<p class=\"has-medium-font-size\"><strong>\u03a3\u03b7\u03bc\u03b5\u03af\u03c9\u03c3\u03b7:<\/strong> \u0394\u03c9\u03c1\u03b5\u03ac\u03bd \u03b1\u03c0\u03bf\u03c3\u03c4\u03bf\u03bb\u03ae \u03c3\u03b5 \u03c7\u03ce\u03c1\u03b5\u03c2 \u03c4\u03b7\u03c2 \u0395\u0395 \u03b3\u03b9\u03b1 \u03c0\u03b1\u03c1\u03b1\u03b3\u03b3\u03b5\u03bb\u03af\u03b5\u03c2 \u03ac\u03bd\u03c9 \u03c4\u03c9\u03bd 3.000 \u20ac.<\/p>\n\n\n\n<h3 class=\"wp-block-heading has-text-align-center\">\u03a0\u03ce\u03c2 \u03b5\u03bb\u03ad\u03b3\u03c7\u03c9 \u03c4\u03b1 \u03ad\u03be\u03bf\u03b4\u03b1 \u03b1\u03c0\u03bf\u03c3\u03c4\u03bf\u03bb\u03ae\u03c2 \u03c3\u03c4\u03bf\u03bd \u03c0\u03c1\u03bf\u03bf\u03c1\u03b9\u03c3\u03bc\u03cc;<\/h3>\n\n\n\n<p class=\"has-medium-font-size\">\u03a4\u03b1 \u03ad\u03be\u03bf\u03b4\u03b1 \u03b1\u03c0\u03bf\u03c3\u03c4\u03bf\u03bb\u03ae\u03c2 \u03b4\u03b9\u03b1\u03c6\u03ad\u03c1\u03bf\u03c5\u03bd \u03b1\u03bd\u03ac\u03bb\u03bf\u03b3\u03b1 \u03bc\u03b5 \u03c4\u03bf \u03b2\u03ac\u03c1\u03bf\u03c2 \u03c4\u03bf\u03c5 \u03c0\u03c1\u03bf\u03ca\u03cc\u03bd\u03c4\u03bf\u03c2, \u03c4\u03bf\u03bd \u03c0\u03c1\u03bf\u03bf\u03c1\u03b9\u03c3\u03bc\u03cc, \u03c4\u03bf\u03bd \u03c4\u03c1\u03cc\u03c0\u03bf \u03b1\u03c0\u03bf\u03c3\u03c4\u03bf\u03bb\u03ae\u03c2 \u03ba\u03b1\u03b9 \u03ac\u03bb\u03bb\u03bf\u03c5\u03c2 \u03c0\u03b1\u03c1\u03ac\u03b3\u03bf\u03bd\u03c4\u03b5\u03c2. \u039b\u03b5\u03c0\u03c4\u03bf\u03bc\u03b5\u03c1\u03b5\u03af\u03c2 \u03c0\u03bb\u03b7\u03c1\u03bf\u03c6\u03bf\u03c1\u03af\u03b5\u03c2 \u03c4\u03b9\u03bc\u03ce\u03bd \u03b8\u03b1 \u03b2\u03c1\u03b5\u03af\u03c4\u03b5 \u03c3\u03c4\u03b7 \u03c3\u03b5\u03bb\u03af\u03b4\u03b1 \u03bf\u03bb\u03bf\u03ba\u03bb\u03ae\u03c1\u03c9\u03c3\u03b7\u03c2 \u03b1\u03b3\u03bf\u03c1\u03ac\u03c2. \u03a0\u03b1\u03c1\u03b1\u03ba\u03b1\u03bb\u03bf\u03cd\u03bc\u03b5 \u03b5\u03b9\u03c3\u03ac\u03b3\u03b5\u03c4\u03b5 \u03c0\u03c1\u03ce\u03c4\u03b1 \u03c4\u03b7 \u03b4\u03b9\u03b5\u03cd\u03b8\u03c5\u03bd\u03c3\u03b7 \u03c0\u03b1\u03c1\u03ac\u03b4\u03bf\u03c3\u03b7\u03c2 \u03b3\u03b9\u03b1 \u03bd\u03b1 \u03b4\u03b5\u03af\u03c4\u03b5 \u03c4\u03b1 \u03b1\u03ba\u03c1\u03b9\u03b2\u03ae \u03ad\u03be\u03bf\u03b4\u03b1.<\/p>\n\n\n\n<h3 class=\"wp-block-heading has-text-align-center\">\u0394\u03b9\u03b1\u03c7\u03b5\u03af\u03c1\u03b9\u03c3\u03b7 \u03b4\u03b1\u03c3\u03bc\u03ce\u03bd \u03ba\u03b1\u03b9 \u03c4\u03b5\u03bb\u03c9\u03bd\u03b5\u03b9\u03b1\u03ba\u03ce\u03bd \u03c6\u03cc\u03c1\u03c9\u03bd<\/h3>\n\n\n\n<p class=\"has-medium-font-size\">\u03a3\u03c5\u03bd\u03b9\u03c3\u03c4\u03bf\u03cd\u03bc\u03b5 \u03bd\u03b1 \u03b5\u03bd\u03b7\u03bc\u03b5\u03c1\u03c9\u03b8\u03b5\u03af\u03c4\u03b5 \u03c0\u03c1\u03b9\u03bd \u03b1\u03c0\u03cc \u03c4\u03b7\u03bd \u03c5\u03c0\u03bf\u03b2\u03bf\u03bb\u03ae \u03c4\u03b7\u03c2 \u03c0\u03b1\u03c1\u03b1\u03b3\u03b3\u03b5\u03bb\u03af\u03b1\u03c2 \u03c3\u03b1\u03c2 \u03b1\u03c0\u03cc \u03c4\u03b9\u03c2 \u03c4\u03bf\u03c0\u03b9\u03ba\u03ad\u03c2 \u03c4\u03b5\u03bb\u03c9\u03bd\u03b5\u03b9\u03b1\u03ba\u03ad\u03c2 \u03b1\u03c1\u03c7\u03ad\u03c2 \u03c3\u03c7\u03b5\u03c4\u03b9\u03ba\u03ac \u03bc\u03b5 \u03c0\u03b9\u03b8\u03b1\u03bd\u03bf\u03cd\u03c2 \u03b4\u03b1\u03c3\u03bc\u03bf\u03cd\u03c2, \u03c6\u03cc\u03c1\u03bf\u03c5\u03c2 \u03ba\u03b1\u03b9 \u03c4\u03ad\u03bb\u03b7 \u03b5\u03b9\u03c3\u03b1\u03b3\u03c9\u03b3\u03ae\u03c2. \u0393\u03b9\u03b1 \u03c4\u03b7\u03bd \u03b5\u03b9\u03c3\u03b1\u03b3\u03c9\u03b3\u03ae \u03bf\u03c1\u03b9\u03c3\u03bc\u03ad\u03bd\u03c9\u03bd \u03c0\u03c1\u03bf\u03ca\u03cc\u03bd\u03c4\u03c9\u03bd \u03b5\u03bd\u03b4\u03ad\u03c7\u03b5\u03c4\u03b1\u03b9 \u03bd\u03b1 \u03b1\u03c0\u03b1\u03b9\u03c4\u03bf\u03cd\u03bd\u03c4\u03b1\u03b9 \u03b5\u03b9\u03b4\u03b9\u03ba\u03ad\u03c2 \u03ac\u03b4\u03b5\u03b9\u03b5\u03c2 \u03ae \u03ac\u03b4\u03b5\u03b9\u03b5\u03c2.<\/p>\n\n\n\n<p class=\"has-medium-font-size\"><strong>Elementvapee<\/strong> \u0394\u03b5\u03bd \u03b1\u03bd\u03b1\u03bb\u03b1\u03bc\u03b2\u03ac\u03bd\u03b5\u03b9 \u03ba\u03b1\u03bc\u03af\u03b1 \u03b5\u03c5\u03b8\u03cd\u03bd\u03b7 \u03b3\u03b9\u03b1 \u03c0\u03c1\u03bf\u03ca\u03cc\u03bd\u03c4\u03b1 \u03c0\u03bf\u03c5 \u03b1\u03c0\u03bf\u03c1\u03c1\u03af\u03c0\u03c4\u03bf\u03bd\u03c4\u03b1\u03b9, \u03ba\u03b1\u03c4\u03b1\u03c3\u03c7\u03ad\u03bd\u03bf\u03bd\u03c4\u03b1\u03b9 \u03ae \u03ba\u03b1\u03c4\u03b1\u03c3\u03c4\u03c1\u03ad\u03c6\u03bf\u03bd\u03c4\u03b1\u03b9 \u03b1\u03c0\u03cc \u03c4\u03b5\u03bb\u03c9\u03bd\u03b5\u03af\u03bf \u03c3\u03c4\u03b7 \u03c7\u03ce\u03c1\u03b1 \u03c3\u03b1\u03c2. \u0394\u03b5\u03b4\u03bf\u03bc\u03ad\u03bd\u03bf\u03c5 \u03cc\u03c4\u03b9 \u03b7 \u03b1\u03c0\u03bf\u03c3\u03c4\u03bf\u03bb\u03ae \u03c0\u03c1\u03b1\u03b3\u03bc\u03b1\u03c4\u03bf\u03c0\u03bf\u03b9\u03b5\u03af\u03c4\u03b1\u03b9 \u03b1\u03c0\u03cc \u03c4\u03bf \u03a7\u03bf\u03bd\u03b3\u03ba \u039a\u03bf\u03bd\u03b3\u03ba (\u03b5\u03bb\u03b5\u03cd\u03b8\u03b5\u03c1\u03b7 \u03b6\u03ce\u03bd\u03b7), \u03b7 \u03ba\u03c5\u03b2\u03ad\u03c1\u03bd\u03b7\u03c3\u03b7 \u03c4\u03bf\u03c5 \u03a7\u03bf\u03bd\u03b3\u03ba \u039a\u03bf\u03bd\u03b3\u03ba \u03b4\u03b5\u03bd \u03b5\u03c0\u03b9\u03b2\u03ac\u03bb\u03bb\u03b5\u03b9 \u03c6\u03cc\u03c1\u03bf \u03c0\u03c1\u03bf\u03c3\u03c4\u03b9\u03b8\u03ad\u03bc\u03b5\u03bd\u03b7\u03c2 \u03b1\u03be\u03af\u03b1\u03c2 \u03ae \u03b4\u03b1\u03c3\u03bc\u03bf\u03cd\u03c2. \u039f\u03b9 \u03c6\u03cc\u03c1\u03bf\u03b9 \u03c3\u03c4\u03b7 \u03c7\u03ce\u03c1\u03b1 \u03c0\u03c1\u03bf\u03bf\u03c1\u03b9\u03c3\u03bc\u03bf\u03cd \u03b2\u03b1\u03c1\u03cd\u03bd\u03bf\u03c5\u03bd \u03c4\u03bf\u03bd \u03c0\u03b5\u03bb\u03ac\u03c4\u03b7.<\/p>","protected":false},"excerpt":{"rendered":"<p>Versandbedingungen bei Elementvape.de F\u00fcr alle Versandarten berechnet Elementvape.de lediglich die Versandkosten, exklusive etwaiger Steuern und Z\u00f6lle. Bitte beachten Sie, dass alle im Zielland anfallenden Steuern und Z\u00f6lle in der Verantwortung des Kunden liegen. Falls Sie \u00fcber eine eigene Versandart oder einen eigenen Spediteur in China verf\u00fcgen, setzen Sie sich bitte mit uns in Verbindung und [&hellip;]<\/p>","protected":false},"author":3,"featured_media":0,"parent":0,"menu_order":0,"comment_status":"closed","ping_status":"closed","template":"","meta":{"inline_featured_image":false,"footnotes":""},"yoast_head":"<!-- This site is optimized with the Yoast SEO plugin v23.3 - https:\/\/yoast.com\/wordpress\/plugins\/seo\/ -->\n<title>Versandart<\/title>\n<meta name=\"description\" content=\"Bereitgestellt vom ElementVape.de -Team, damit Sie die internationale Politik von E-Zigaretten verstehen, unser Verst\u00e4ndnis von E-Zigaretten verbessern und einige Tipps zur richtigen Verwendung von E-Zigaretten erhalten. Wenn Sie mehr wissen m\u00f6chten, k\u00f6nnen Sie unseren Kanal abonnieren\" \/>\n<meta name=\"robots\" content=\"index, follow, max-snippet:-1, max-image-preview:large, max-video-preview:-1\" \/>\n<link rel=\"canonical\" href=\"https:\/\/www.elementvape.de\/el\/versandart\/\" \/>\n<meta property=\"og:locale\" content=\"el_GR\" \/>\n<meta property=\"og:type\" content=\"article\" \/>\n<meta property=\"og:title\" content=\"Versandart\" \/>\n<meta property=\"og:description\" content=\"Bereitgestellt vom ElementVape.de -Team, damit Sie die internationale Politik von E-Zigaretten verstehen, unser Verst\u00e4ndnis von E-Zigaretten verbessern und einige Tipps zur richtigen Verwendung von E-Zigaretten erhalten. Wenn Sie mehr wissen m\u00f6chten, k\u00f6nnen Sie unseren Kanal abonnieren\" \/>\n<meta property=\"og:url\" content=\"https:\/\/www.elementvape.de\/el\/versandart\/\" \/>\n<meta property=\"og:site_name\" content=\"ElementVape.de\" \/>\n<meta property=\"article:modified_time\" content=\"2024-09-10T07:57:37+00:00\" \/>\n<meta name=\"twitter:card\" content=\"summary_large_image\" \/>\n<meta name=\"twitter:label1\" content=\"Est. reading time\" \/>\n\t<meta name=\"twitter:data1\" content=\"2 \u03bb\u03b5\u03c0\u03c4\u03ac\" \/>\n<script type=\"application\/ld+json\" class=\"yoast-schema-graph\">{\"@context\":\"https:\/\/schema.org\",\"@graph\":[{\"@type\":\"WebPage\",\"@id\":\"https:\/\/www.elementvape.de\/versandart\/\",\"url\":\"https:\/\/www.elementvape.de\/versandart\/\",\"name\":\"Versandart\",\"isPartOf\":{\"@id\":\"https:\/\/www.elementvape.de\/#website\"},\"datePublished\":\"2024-09-10T07:57:34+00:00\",\"dateModified\":\"2024-09-10T07:57:37+00:00\",\"description\":\"Bereitgestellt vom ElementVape.de -Team, damit Sie die internationale Politik von E-Zigaretten verstehen, unser Verst\u00e4ndnis von E-Zigaretten verbessern und einige Tipps zur richtigen Verwendung von E-Zigaretten erhalten. Wenn Sie mehr wissen m\u00f6chten, k\u00f6nnen Sie unseren Kanal abonnieren\",\"breadcrumb\":{\"@id\":\"https:\/\/www.elementvape.de\/versandart\/#breadcrumb\"},\"inLanguage\":\"el\",\"potentialAction\":[{\"@type\":\"ReadAction\",\"target\":[\"https:\/\/www.elementvape.de\/versandart\/\"]}]},{\"@type\":\"BreadcrumbList\",\"@id\":\"https:\/\/www.elementvape.de\/versandart\/#breadcrumb\",\"itemListElement\":[{\"@type\":\"ListItem\",\"position\":1,\"name\":\"Home\",\"item\":\"https:\/\/www.elementvape.de\/\"},{\"@type\":\"ListItem\",\"position\":2,\"name\":\"Versandart\"}]},{\"@type\":\"WebSite\",\"@id\":\"https:\/\/www.elementvape.de\/#website\",\"url\":\"https:\/\/www.elementvape.de\/\",\"name\":\"ElementVape.de\",\"description\":\"\",\"publisher\":{\"@id\":\"https:\/\/www.elementvape.de\/#organization\"},\"potentialAction\":[{\"@type\":\"SearchAction\",\"target\":{\"@type\":\"EntryPoint\",\"urlTemplate\":\"https:\/\/www.elementvape.de\/?s={search_term_string}\"},\"query-input\":\"required name=search_term_string\"}],\"inLanguage\":\"el\"},{\"@type\":\"Organization\",\"@id\":\"https:\/\/www.elementvape.de\/#organization\",\"name\":\"ElementVape.DE\",\"url\":\"https:\/\/www.elementvape.de\/\",\"logo\":{\"@type\":\"ImageObject\",\"inLanguage\":\"el\",\"@id\":\"https:\/\/www.elementvape.de\/#\/schema\/logo\/image\/\",\"url\":\"https:\/\/www.elementvape.de\/wp-content\/uploads\/2024\/09\/cropped-1elementvape-3.png\",\"contentUrl\":\"https:\/\/www.elementvape.de\/wp-content\/uploads\/2024\/09\/cropped-1elementvape-3.png\",\"width\":285,\"height\":228,\"caption\":\"ElementVape.DE\"},\"image\":{\"@id\":\"https:\/\/www.elementvape.de\/#\/schema\/logo\/image\/\"}}]}<\/script>\n<!-- \/ Yoast SEO plugin. -->","yoast_head_json":{"title":"Versandart","description":"Bereitgestellt vom ElementVape.de -Team, damit Sie die internationale Politik von E-Zigaretten verstehen, unser Verst\u00e4ndnis von E-Zigaretten verbessern und einige Tipps zur richtigen Verwendung von E-Zigaretten erhalten. Wenn Sie mehr wissen m\u00f6chten, k\u00f6nnen Sie unseren Kanal abonnieren","robots":{"index":"index","follow":"follow","max-snippet":"max-snippet:-1","max-image-preview":"max-image-preview:large","max-video-preview":"max-video-preview:-1"},"canonical":"https:\/\/www.elementvape.de\/el\/versandart\/","og_locale":"el_GR","og_type":"article","og_title":"Versandart","og_description":"Bereitgestellt vom ElementVape.de -Team, damit Sie die internationale Politik von E-Zigaretten verstehen, unser Verst\u00e4ndnis von E-Zigaretten verbessern und einige Tipps zur richtigen Verwendung von E-Zigaretten erhalten. Wenn Sie mehr wissen m\u00f6chten, k\u00f6nnen Sie unseren Kanal abonnieren","og_url":"https:\/\/www.elementvape.de\/el\/versandart\/","og_site_name":"ElementVape.de","article_modified_time":"2024-09-10T07:57:37+00:00","twitter_card":"summary_large_image","twitter_misc":{"Est. reading time":"2 \u03bb\u03b5\u03c0\u03c4\u03ac"},"schema":{"@context":"https:\/\/schema.org","@graph":[{"@type":"WebPage","@id":"https:\/\/www.elementvape.de\/versandart\/","url":"https:\/\/www.elementvape.de\/versandart\/","name":"Versandart","isPartOf":{"@id":"https:\/\/www.elementvape.de\/#website"},"datePublished":"2024-09-10T07:57:34+00:00","dateModified":"2024-09-10T07:57:37+00:00","description":"Bereitgestellt vom ElementVape.de -Team, damit Sie die internationale Politik von E-Zigaretten verstehen, unser Verst\u00e4ndnis von E-Zigaretten verbessern und einige Tipps zur richtigen Verwendung von E-Zigaretten erhalten. Wenn Sie mehr wissen m\u00f6chten, k\u00f6nnen Sie unseren Kanal abonnieren","breadcrumb":{"@id":"https:\/\/www.elementvape.de\/versandart\/#breadcrumb"},"inLanguage":"el","potentialAction":[{"@type":"ReadAction","target":["https:\/\/www.elementvape.de\/versandart\/"]}]},{"@type":"BreadcrumbList","@id":"https:\/\/www.elementvape.de\/versandart\/#breadcrumb","itemListElement":[{"@type":"ListItem","position":1,"name":"Home","item":"https:\/\/www.elementvape.de\/"},{"@type":"ListItem","position":2,"name":"Versandart"}]},{"@type":"WebSite","@id":"https:\/\/www.elementvape.de\/#website","url":"https:\/\/www.elementvape.de\/","name":"ElementVape.de","description":"","publisher":{"@id":"https:\/\/www.elementvape.de\/#organization"},"potentialAction":[{"@type":"SearchAction","target":{"@type":"EntryPoint","urlTemplate":"https:\/\/www.elementvape.de\/?s={search_term_string}"},"query-input":"required name=search_term_string"}],"inLanguage":"el"},{"@type":"Organization","@id":"https:\/\/www.elementvape.de\/#organization","name":"ElementVape.DE","url":"https:\/\/www.elementvape.de\/","logo":{"@type":"ImageObject","inLanguage":"el","@id":"https:\/\/www.elementvape.de\/#\/schema\/logo\/image\/","url":"https:\/\/www.elementvape.de\/wp-content\/uploads\/2024\/09\/cropped-1elementvape-3.png","contentUrl":"https:\/\/www.elementvape.de\/wp-content\/uploads\/2024\/09\/cropped-1elementvape-3.png","width":285,"height":228,"caption":"ElementVape.DE"},"image":{"@id":"https:\/\/www.elementvape.de\/#\/schema\/logo\/image\/"}}]}},"_links":{"self":[{"href":"https:\/\/www.elementvape.de\/el\/wp-json\/wp\/v2\/pages\/14267"}],"collection":[{"href":"https:\/\/www.elementvape.de\/el\/wp-json\/wp\/v2\/pages"}],"about":[{"href":"https:\/\/www.elementvape.de\/el\/wp-json\/wp\/v2\/types\/page"}],"author":[{"embeddable":true,"href":"https:\/\/www.elementvape.de\/el\/wp-json\/wp\/v2\/users\/3"}],"replies":[{"embeddable":true,"href":"https:\/\/www.elementvape.de\/el\/wp-json\/wp\/v2\/comments?post=14267"}],"version-history":[{"count":1,"href":"https:\/\/www.elementvape.de\/el\/wp-json\/wp\/v2\/pages\/14267\/revisions"}],"predecessor-version":[{"id":14268,"href":"https:\/\/www.elementvape.de\/el\/wp-json\/wp\/v2\/pages\/14267\/revisions\/14268"}],"wp:attachment":[{"href":"https:\/\/www.elementvape.de\/el\/wp-json\/wp\/v2\/media?parent=14267"}],"curies":[{"name":"wp","href":"https:\/\/api.w.org\/{rel}","templated":true}]}}