{"id":9968,"date":"2024-04-20T08:25:50","date_gmt":"2024-04-20T08:25:50","guid":{"rendered":"https:\/\/www.elementvape.de\/?post_type=product&#038;p=9968"},"modified":"2024-09-12T10:31:49","modified_gmt":"2024-09-12T10:31:49","slug":"e-zigaretten-packung-mann-vape-pen-starter-kit-ladbare-batterie","status":"publish","type":"product","link":"https:\/\/www.elementvape.de\/da\/produkt\/e-zigaretten-packung-mann-vape-pen-starter-kit-ladbare-batterie\/","title":{"rendered":"E- Cigaretpakke Mand Vape Pen Starter Kit genopladelig batteri"},"content":{"rendered":"<p>&nbsp;<\/p>\n<div class=\"product-specs-list-container\">\n<ul class=\"product-specs-list util-clearfix\">\n<li class=\"product-prop line-limit-length\"><span class=\"property-title\">Udseende:\u00a0<\/span><span class=\"property-desc line-limit-length\">Boksform<\/span><\/li>\n<li class=\"product-prop line-limit-length\"><span class=\"property-title\">Kompatibel Batteri:\u00a0<\/span><span class=\"property-desc line-limit-length\">18500<\/span><\/li>\n<li class=\"product-prop line-limit-length\"><span class=\"property-title\">Overv\u00e5gningsfunktion for Rygning Antal:\u00a0<\/span><span class=\"property-desc line-limit-length\">Nej<\/span><\/li>\n<li class=\"product-prop line-limit-length\"><span class=\"property-title\">Silicone Cover:\u00a0<\/span><span class=\"property-desc line-limit-length\">Nej<\/span><\/li>\n<li class=\"product-prop line-limit-length\"><span class=\"property-title\">Temperaturregulering:\u00a0<\/span><span class=\"property-desc line-limit-length\">Nej<\/span><\/li>\n<li class=\"product-prop line-limit-length\"><span class=\"property-title\">Indbygget eller Ekstern Batteri:\u00a0<\/span><span class=\"property-desc line-limit-length\">Indbygget<\/span><\/li>\n<li class=\"product-prop line-limit-length\"><span class=\"property-title\">Kortslutningsbeskyttelsesfunktion:\u00a0<\/span><span class=\"property-desc line-limit-length\">Ja<\/span><\/li>\n<li class=\"product-prop line-limit-length\"><span class=\"property-title\">Overophedningsbeskyttelsesfunktion:\u00a0<\/span><span class=\"property-desc line-limit-length\">Nej<\/span><\/li>\n<li class=\"product-prop line-limit-length\"><span class=\"property-title\">Lavsp\u00e6ndingsalarmfunktion:\u00a0<\/span><span class=\"property-desc line-limit-length\">Nej<\/span><\/li>\n<li class=\"product-prop line-limit-length\"><span class=\"property-title\">Spr\u00f8jteidentifikation Funktion:\u00a0<\/span><span class=\"property-desc line-limit-length\">Nej<\/span><\/li>\n<li class=\"product-prop line-limit-length\"><span class=\"property-title\">TCR-indstillingsmodi:\u00a0<\/span><span class=\"property-desc line-limit-length\">Nej<\/span><\/li>\n<li class=\"product-prop line-limit-length\"><span class=\"property-title\">Nominal kapacitet:\u00a0<\/span><span class=\"property-desc line-limit-length\">&lt;700 mAh<\/span><\/li>\n<li class=\"product-prop line-limit-length\"><span class=\"property-title\">Materiale:\u00a0<\/span><span class=\"property-desc line-limit-length\">Plastik<\/span><\/li>\n<li class=\"product-prop line-limit-length\"><span class=\"property-title\">Kompatibel model:\u00a0<\/span><span class=\"property-desc line-limit-length\">Tykt olie<\/span><\/li>\n<li class=\"product-prop line-limit-length\"><span class=\"property-title\">Modelnummer:\u00a0<\/span><span class=\"property-desc line-limit-length\">Pack Man Engangs Vape Pen<\/span><\/li>\n<li class=\"product-prop line-limit-length\"><span class=\"property-title\">Usb-oplader:\u00a0<\/span><span class=\"property-desc line-limit-length\">Ja<\/span><\/li>\n<li class=\"product-prop line-limit-length\"><span class=\"property-title\">Firmwareopgradering:\u00a0<\/span><span class=\"property-desc line-limit-length\">Nej<\/span><\/li>\n<li class=\"product-prop line-limit-length\"><span class=\"property-title\">Display:\u00a0<\/span><span class=\"property-desc line-limit-length\">Nej<\/span><\/li>\n<li class=\"product-prop line-limit-length\"><span class=\"property-title\">Type:\u00a0<\/span><span class=\"property-desc line-limit-length\">engangs<\/span><\/li>\n<li class=\"product-prop line-limit-length\"><span class=\"property-title\">Varem\u00e6rke:\u00a0<\/span><span class=\"property-desc line-limit-length\">SUB TO<\/span><\/li>\n<li class=\"product-prop line-limit-length\"><span class=\"property-title\">Oprindelse:\u00a0<\/span><span class=\"property-desc line-limit-length\">CN (Oprindelse)<\/span><\/li>\n<li class=\"product-prop line-limit-length\"><span class=\"property-title\">batterikapacitet:\u00a0<\/span><span class=\"property-desc line-limit-length\">380mAh<\/span><\/li>\n<li class=\"product-prop line-limit-length\"><span class=\"property-title\">Podkapacitet:\u00a0<\/span><span class=\"property-desc line-limit-length\">2,0 ml<\/span><\/li>\n<li class=\"product-prop line-limit-length\"><span class=\"property-title\">farver:\u00a0<\/span><span class=\"property-desc line-limit-length\">10 farver tilg\u00e6ngelige<\/span><\/li>\n<li class=\"product-prop line-limit-length\"><span class=\"property-title\">brug til:\u00a0<\/span><span class=\"property-desc line-limit-length\">tyk olie<\/span><\/li>\n<li class=\"product-prop line-limit-length\"><span class=\"property-title\">Modstand:\u00a0<\/span><span class=\"property-desc line-limit-length\">1,2 ohm<\/span><\/li>\n<\/ul>\n<\/div>\n<div class=\"detailmodule_html\">\n<div class=\"detail-desc-decorate-richtext\">\n<div style=\"text-align: center;\" align=\"center\"><span id=\"tl_1\" style=\"font-size: 20px;\">Pack Man Vape Pen E-cigaret Startpakke 380mAh genopladeligt batteri Keramisk spole tom 2,0 ml Patroner Pod med emballage<\/span><\/div>\n<div><span style=\"font-size: 20px;\"><strong id=\"tl_2\">Tips: Hvis du skal angive en farve, bedes du kontakte kundeservice<\/strong><\/span><\/div>\n<div>\n<p style=\"font-family: ns-r; font-size: 12px; font-weight: 400; letter-spacing: normal; text-align: start; margin: 0px 0px 15px 0px; padding: 0px 0px 10px 0px; width: 960px; height: auto;\" align=\"start\"><img decoding=\"async\" loading=\"lazy\" style=\"font-family: ns-r; border: 0px; margin: 0px; padding: 0px;\" src=\"https:\/\/ae01.alicdn.com\/kf\/Sf04dd89fca5d4d4cb7d364260d7b0cd6C.jpg?width=750&amp;height=50&amp;hash=800\" \/><span style=\"font-family: ns-r;\"><strong><span id=\"tl_3\" style=\"font-size: 16px; font-family: ns-r;\"><br \/>\nBatterikapacitet<\/span><\/strong><\/span><span id=\"tl_4\" style=\"font-size: 16px; font-family: ns-r;\">: 380mAh<\/span><span style=\"font-family: ns-r;\"><strong><span id=\"tl_5\" style=\"font-size: 16px; font-family: ns-r;\"><br \/>\nModstand<\/span><\/strong><\/span><span id=\"tl_6\" style=\"font-size: 16px; font-family: ns-r;\">: 1,2 ohm<\/span><span style=\"font-family: ns-r;\"><strong><span id=\"tl_7\" style=\"font-size: 16px; font-family: ns-r;\"><br \/>\nOpladning til<\/span><\/strong><\/span><span id=\"tl_8\" style=\"font-size: 16px; font-family: ns-r;\">: Opladet<\/span><span style=\"font-family: ns-r;\"><strong><span id=\"tl_9\" style=\"font-size: 16px; font-family: ns-r;\"><br \/>\nPodkapacitet<\/span><\/strong><\/span><span id=\"tl_10\" style=\"font-size: 16px; font-family: ns-r;\">: 2 ml<\/span><span style=\"font-family: ns-r;\"><strong><span id=\"tl_11\" style=\"font-size: 16px; font-family: ns-r;\"><br \/>\nFarver<\/span><\/strong><\/span><span style=\"font-size: 16px; font-family: arial, helvetica, sans-serif;\">:<\/span><span style=\"font-size: 16px; font-family: arial, helvetica, sans-serif;\">\u00a0<\/span><span id=\"tl_12\" style=\"font-size: 16px; font-family: ns-r;\">10 farver tilg\u00e6ngelige. Venligst sig mig, hvad du \u00f8nsker, eller vi sender tilf\u00e6ldigt<\/span><span style=\"font-family: ns-r;\"><strong><span id=\"tl_13\" style=\"font-size: 16px; font-family: ns-r;\"><br \/>\nPakken indeholder<\/span><\/strong><\/span><span id=\"tl_14\" style=\"font-size: 16px; font-family: arial, helvetica, sans-serif;\">: Vape penner + pakke bokse<br \/>\nVape har logoet p\u00e5<\/span><\/p>\n<p style=\"font-family: ns-r; font-size: 12px; font-weight: 400; letter-spacing: normal; text-align: start; margin: 0px 0px 15px 0px; padding: 0px 0px 10px 0px; width: 960px; height: auto;\" align=\"start\"><span style=\"font-size: 18px;\"><span style=\"font-family: ns-r;\"><strong id=\"tl_15\">Pakke<\/strong><\/span><\/span><span id=\"tl_16\" style=\"font-size: 18px;\"><br \/>\nHver pakke indeholder 1 stykke Pod-enhed.<\/span><img decoding=\"async\" loading=\"lazy\" style=\"font-family: ns-r; border: 0px; margin: 0px; padding: 0px;\" src=\"https:\/\/ae01.alicdn.com\/kf\/S67492dbc60f144d59e2fa3d71e41e5a9w.jpg?width=750&amp;height=50&amp;hash=800\" \/><br \/>\n<span id=\"tl_17\" style=\"font-size: 18px;\">(1). Denne pen leveres ikke med et USB-kabel.<br \/>\n(2). magnetisk sugeemballage<\/span><img decoding=\"async\" loading=\"lazy\" src=\"https:\/\/ae01.alicdn.com\/kf\/Sc800cf26091845cfa00391c11595a6dan.jpg?width=800&amp;height=800&amp;hash=1600\" \/><img decoding=\"async\" loading=\"lazy\" src=\"https:\/\/ae01.alicdn.com\/kf\/S623420d336884432b73fed4f5cdd115dL.jpg?width=800&amp;height=800&amp;hash=1600\" \/><img decoding=\"async\" loading=\"lazy\" src=\"https:\/\/ae01.alicdn.com\/kf\/Sb8689708501649c7ad7380f551e8c6a7s.jpg?width=800&amp;height=800&amp;hash=1600\" \/><img decoding=\"async\" loading=\"lazy\" src=\"https:\/\/ae01.alicdn.com\/kf\/S04ecef129d5c4ce388ea3bcab1a4d04eS.jpg?width=800&amp;height=800&amp;hash=1600\" \/><img decoding=\"async\" loading=\"lazy\" src=\"https:\/\/ae01.alicdn.com\/kf\/S74a6e85351f643ed894f421d822bfddep.jpg?width=800&amp;height=800&amp;hash=1600\" \/><img decoding=\"async\" loading=\"lazy\" src=\"https:\/\/ae01.alicdn.com\/kf\/S3afd6af9285c41a3a2b098b17ea6340cP.jpg?width=800&amp;height=800&amp;hash=1600\" \/><img decoding=\"async\" loading=\"lazy\" src=\"https:\/\/ae01.alicdn.com\/kf\/Sca2684833f29492eb96c2b4927e8064el.jpg?width=800&amp;height=800&amp;hash=1600\" \/><img decoding=\"async\" loading=\"lazy\" src=\"https:\/\/ae01.alicdn.com\/kf\/Sbf71439dbae847ad884688f0d24556bcs.jpg?width=800&amp;height=800&amp;hash=1600\" \/><img decoding=\"async\" loading=\"lazy\" src=\"https:\/\/ae01.alicdn.com\/kf\/Sbf71439dbae847ad884688f0d24556bcs.jpg?width=800&amp;height=800&amp;hash=1600\" \/><img decoding=\"async\" loading=\"lazy\" src=\"https:\/\/ae01.alicdn.com\/kf\/Sf497cd9e998c47af9923e1d3b68c7957l.jpg?width=800&amp;height=800&amp;hash=1600\" \/><img decoding=\"async\" loading=\"lazy\" src=\"https:\/\/ae01.alicdn.com\/kf\/S59a2f9bf4dd343a8acfaabc9cdcbb3bcf.jpg?width=800&amp;height=800&amp;hash=1600\" \/><img decoding=\"async\" loading=\"lazy\" src=\"https:\/\/ae01.alicdn.com\/kf\/S81f265f6695546359c2f78510d1931ce7.jpg?width=800&amp;height=800&amp;hash=1600\" \/><img decoding=\"async\" loading=\"lazy\" src=\"https:\/\/ae01.alicdn.com\/kf\/S70d9903176c3484d95f1c541af933335s.jpg?width=800&amp;height=800&amp;hash=1600\" \/><img decoding=\"async\" loading=\"lazy\" src=\"https:\/\/ae01.alicdn.com\/kf\/Se3cbb68bb3b048fea3fe6e87f9750cc0m.jpg?width=800&amp;height=800&amp;hash=1600\" \/><img decoding=\"async\" loading=\"lazy\" src=\"https:\/\/ae01.alicdn.com\/kf\/S9ca9339e057143939b187ae7c67f38aeh.jpg?width=800&amp;height=800&amp;hash=1600\" \/><img decoding=\"async\" loading=\"lazy\" src=\"https:\/\/ae01.alicdn.com\/kf\/S3e94cf1027ff48e4bbe330ce698a6c799.jpg?width=800&amp;height=800&amp;hash=1600\" \/><img decoding=\"async\" loading=\"lazy\" src=\"https:\/\/ae01.alicdn.com\/kf\/S9d3bf4b5d0b04054aef1f1789880dcd6f.jpg?width=800&amp;height=800&amp;hash=1600\" \/><img decoding=\"async\" loading=\"lazy\" src=\"https:\/\/ae01.alicdn.com\/kf\/S31000552ccec44dab318c10eaf996c11O.jpg?width=800&amp;height=800&amp;hash=1600\" \/><img decoding=\"async\" loading=\"lazy\" src=\"https:\/\/ae01.alicdn.com\/kf\/S08fd4ab67eb842a5b8700b76e9344046Z.jpg?width=800&amp;height=800&amp;hash=1600\" \/><img decoding=\"async\" loading=\"lazy\" src=\"https:\/\/ae01.alicdn.com\/kf\/Sc97ed5bf8e04430e9d223ce5d37f4f23I.jpg?width=800&amp;height=800&amp;hash=1600\" \/><img decoding=\"async\" loading=\"lazy\" src=\"https:\/\/ae01.alicdn.com\/kf\/Sd18aa4aa5d194a18986aaeecc1ff0cd9e.jpg?width=800&amp;height=800&amp;hash=1600\" \/><\/p>\n<\/div>\n<\/div>\n<\/div>","protected":false},"excerpt":{"rendered":"<p>&nbsp; Aussehen:\u00a0Box Form Kompatibler Akku:\u00a018500 \u00dcberwachung Funktion Von Rauchen Anzahl:\u00a0Nein Silikon Fall:\u00a0Nein Temperaturregelung:\u00a0Nein Eingebaute Oder Externe Batterie:\u00a0Eingebaute Kurzschlussschutz Funktion:\u00a0Ja \u00dcberhitzungsschutz-funktion:\u00a0Nein Niederspannungsalarmfunktion:\u00a0Nein Zerst\u00e4uber Identifikation Funktion:\u00a0Nein TCR Einstellung Modi:\u00a0Nein Nominale Kapazit\u00e4t:\u00a0&lt;700 mAh Material:\u00a0Plastik Compatible Model:\u00a0Thick Oil Modellnummer:\u00a0Pack Man Disposable Vape Pen Usb-ladeger\u00e4t:\u00a0Ja Firmware-upgrade:\u00a0Nein Display:\u00a0Nein Art:\u00a0disposable Markenname:\u00a0SUB TWO Ursprung:\u00a0CN (Herkunft) battery capacity:\u00a0380mah Pod capacity:\u00a02.0ml colors:\u00a010 colors available use [&hellip;]<\/p>","protected":false},"featured_media":9969,"template":"","meta":{"inline_featured_image":false},"product_cat":[15,750,737,736,749,76,81],"product_tag":[],"tiered_pricing_type":"fixed","tiered_pricing_fixed_rules":[],"tiered_pricing_percentage_rules":[],"tiered_pricing_minimum":1,"_administrator_tiered_pricing_type":"fixed","_administrator_tiered_pricing_fixed_rules":[],"_editor_tiered_pricing_type":"fixed","_editor_tiered_pricing_fixed_rules":[],"_author_tiered_pricing_type":"fixed","_author_tiered_pricing_fixed_rules":[],"_contributor_tiered_pricing_type":"fixed","_contributor_tiered_pricing_fixed_rules":[],"_subscriber_tiered_pricing_type":"fixed","_subscriber_tiered_pricing_fixed_rules":[],"_customer_tiered_pricing_type":"fixed","_customer_tiered_pricing_fixed_rules":[],"_shop_manager_tiered_pricing_type":"fixed","_shop_manager_tiered_pricing_fixed_rules":[],"_wpseo_manager_tiered_pricing_type":"fixed","_wpseo_manager_tiered_pricing_fixed_rules":[],"_wpseo_editor_tiered_pricing_type":"fixed","_wpseo_editor_tiered_pricing_fixed_rules":[],"_wholesale_customer_tiered_pricing_type":"fixed","_wholesale_customer_tiered_pricing_fixed_rules":[],"_marketer_tiered_pricing_type":"fixed","_marketer_tiered_pricing_fixed_rules":[],"_sales_manager_tiered_pricing_type":"fixed","_sales_manager_tiered_pricing_fixed_rules":[],"_sales_rep_tiered_pricing_type":"fixed","_sales_rep_tiered_pricing_fixed_rules":[],"yoast_head":"<!-- This site is optimized with the Yoast SEO plugin v23.3 - https:\/\/yoast.com\/wordpress\/plugins\/seo\/ -->\n<title>E-Zigaretten packung Mann Vape Pen Starter Kit ladbare Batterie | ElementVape.de<\/title>\n<meta name=\"description\" content=\"Wir bieten E-Zigaretten packung Mann Vape Pen Starter Kit ladbare Batterie , Elementvape.de akzeptieren Gro\u00df-und Einzelhandel Bestellungen.\" \/>\n<meta name=\"robots\" content=\"index, follow, max-snippet:-1, max-image-preview:large, max-video-preview:-1\" \/>\n<link rel=\"canonical\" href=\"https:\/\/www.elementvape.de\/da\/produkt\/e-zigaretten-packung-mann-vape-pen-starter-kit-ladbare-batterie\/\" \/>\n<meta property=\"og:locale\" content=\"da_DK\" \/>\n<meta property=\"og:type\" content=\"article\" \/>\n<meta property=\"og:title\" content=\"E-Zigaretten packung Mann Vape Pen Starter Kit ladbare Batterie | ElementVape.de\" \/>\n<meta property=\"og:description\" content=\"Wir bieten E-Zigaretten packung Mann Vape Pen Starter Kit ladbare Batterie , Elementvape.de akzeptieren Gro\u00df-und Einzelhandel Bestellungen.\" \/>\n<meta property=\"og:url\" content=\"https:\/\/www.elementvape.de\/da\/produkt\/e-zigaretten-packung-mann-vape-pen-starter-kit-ladbare-batterie\/\" \/>\n<meta property=\"og:site_name\" content=\"ElementVape.de\" \/>\n<meta property=\"article:modified_time\" content=\"2024-09-12T10:31:49+00:00\" \/>\n<meta property=\"og:image\" content=\"https:\/\/ae01.alicdn.com\/kf\/S9ef995c8adbd46ed92548a9fc6b8c921v\/E-Zigaretten-packung-Mann-Vape-Pen-Starter-Kit-Keramik-spule-380mah-wiederauf-ladbare-Batterie-leer-2ml.jpg\" \/>\n\t<meta property=\"og:image:width\" content=\"800\" \/>\n\t<meta property=\"og:image:height\" content=\"800\" \/>\n\t<meta property=\"og:image:type\" content=\"image\/jpeg\" \/>\n<meta name=\"twitter:card\" content=\"summary_large_image\" \/>\n<meta name=\"twitter:label1\" content=\"Est. reading time\" \/>\n\t<meta name=\"twitter:data1\" content=\"6 minutter\" \/>\n<script type=\"application\/ld+json\" class=\"yoast-schema-graph\">{\"@context\":\"https:\/\/schema.org\",\"@graph\":[{\"@type\":\"WebPage\",\"@id\":\"https:\/\/www.elementvape.de\/produkt\/e-zigaretten-packung-mann-vape-pen-starter-kit-ladbare-batterie\/\",\"url\":\"https:\/\/www.elementvape.de\/produkt\/e-zigaretten-packung-mann-vape-pen-starter-kit-ladbare-batterie\/\",\"name\":\"E-Zigaretten packung Mann Vape Pen Starter Kit ladbare Batterie | ElementVape.de\",\"isPartOf\":{\"@id\":\"https:\/\/www.elementvape.de\/#website\"},\"primaryImageOfPage\":{\"@id\":\"https:\/\/www.elementvape.de\/produkt\/e-zigaretten-packung-mann-vape-pen-starter-kit-ladbare-batterie\/#primaryimage\"},\"image\":{\"@id\":\"https:\/\/www.elementvape.de\/produkt\/e-zigaretten-packung-mann-vape-pen-starter-kit-ladbare-batterie\/#primaryimage\"},\"thumbnailUrl\":\"https:\/\/ae01.alicdn.com\/kf\/S9ef995c8adbd46ed92548a9fc6b8c921v\/E-Zigaretten-packung-Mann-Vape-Pen-Starter-Kit-Keramik-spule-380mah-wiederauf-ladbare-Batterie-leer-2ml.jpg\",\"datePublished\":\"2024-04-20T08:25:50+00:00\",\"dateModified\":\"2024-09-12T10:31:49+00:00\",\"description\":\"Wir bieten E-Zigaretten packung Mann Vape Pen Starter Kit ladbare Batterie , Elementvape.de akzeptieren Gro\u00df-und Einzelhandel Bestellungen.\",\"breadcrumb\":{\"@id\":\"https:\/\/www.elementvape.de\/produkt\/e-zigaretten-packung-mann-vape-pen-starter-kit-ladbare-batterie\/#breadcrumb\"},\"inLanguage\":\"da-DK\",\"potentialAction\":[{\"@type\":\"ReadAction\",\"target\":[\"https:\/\/www.elementvape.de\/produkt\/e-zigaretten-packung-mann-vape-pen-starter-kit-ladbare-batterie\/\"]}]},{\"@type\":\"ImageObject\",\"inLanguage\":\"da-DK\",\"@id\":\"https:\/\/www.elementvape.de\/produkt\/e-zigaretten-packung-mann-vape-pen-starter-kit-ladbare-batterie\/#primaryimage\",\"url\":\"https:\/\/ae01.alicdn.com\/kf\/S9ef995c8adbd46ed92548a9fc6b8c921v\/E-Zigaretten-packung-Mann-Vape-Pen-Starter-Kit-Keramik-spule-380mah-wiederauf-ladbare-Batterie-leer-2ml.jpg\",\"contentUrl\":\"https:\/\/ae01.alicdn.com\/kf\/S9ef995c8adbd46ed92548a9fc6b8c921v\/E-Zigaretten-packung-Mann-Vape-Pen-Starter-Kit-Keramik-spule-380mah-wiederauf-ladbare-Batterie-leer-2ml.jpg\",\"width\":800,\"height\":800},{\"@type\":\"BreadcrumbList\",\"@id\":\"https:\/\/www.elementvape.de\/produkt\/e-zigaretten-packung-mann-vape-pen-starter-kit-ladbare-batterie\/#breadcrumb\",\"itemListElement\":[{\"@type\":\"ListItem\",\"position\":1,\"name\":\"Home\",\"item\":\"https:\/\/www.elementvape.de\/\"},{\"@type\":\"ListItem\",\"position\":2,\"name\":\"Shop\",\"item\":\"https:\/\/www.elementvape.de\/shop\/\"},{\"@type\":\"ListItem\",\"position\":3,\"name\":\"E-Zigaretten packung Mann Vape Pen Starter Kit ladbare Batterie\"}]},{\"@type\":\"WebSite\",\"@id\":\"https:\/\/www.elementvape.de\/#website\",\"url\":\"https:\/\/www.elementvape.de\/\",\"name\":\"ElementVape.de\",\"description\":\"\",\"publisher\":{\"@id\":\"https:\/\/www.elementvape.de\/#organization\"},\"potentialAction\":[{\"@type\":\"SearchAction\",\"target\":{\"@type\":\"EntryPoint\",\"urlTemplate\":\"https:\/\/www.elementvape.de\/?s={search_term_string}\"},\"query-input\":\"required name=search_term_string\"}],\"inLanguage\":\"da-DK\"},{\"@type\":\"Organization\",\"@id\":\"https:\/\/www.elementvape.de\/#organization\",\"name\":\"ElementVape.DE\",\"url\":\"https:\/\/www.elementvape.de\/\",\"logo\":{\"@type\":\"ImageObject\",\"inLanguage\":\"da-DK\",\"@id\":\"https:\/\/www.elementvape.de\/#\/schema\/logo\/image\/\",\"url\":\"https:\/\/www.elementvape.de\/wp-content\/uploads\/2024\/09\/cropped-1elementvape-3.png\",\"contentUrl\":\"https:\/\/www.elementvape.de\/wp-content\/uploads\/2024\/09\/cropped-1elementvape-3.png\",\"width\":285,\"height\":228,\"caption\":\"ElementVape.DE\"},\"image\":{\"@id\":\"https:\/\/www.elementvape.de\/#\/schema\/logo\/image\/\"}}]}<\/script>\n<!-- \/ Yoast SEO plugin. -->","yoast_head_json":{"title":"E-Zigaretten packung Mann Vape Pen Starter Kit ladbare Batterie | ElementVape.de","description":"Wir bieten E-Zigaretten packung Mann Vape Pen Starter Kit ladbare Batterie , Elementvape.de akzeptieren Gro\u00df-und Einzelhandel Bestellungen.","robots":{"index":"index","follow":"follow","max-snippet":"max-snippet:-1","max-image-preview":"max-image-preview:large","max-video-preview":"max-video-preview:-1"},"canonical":"https:\/\/www.elementvape.de\/da\/produkt\/e-zigaretten-packung-mann-vape-pen-starter-kit-ladbare-batterie\/","og_locale":"da_DK","og_type":"article","og_title":"E-Zigaretten packung Mann Vape Pen Starter Kit ladbare Batterie | ElementVape.de","og_description":"Wir bieten E-Zigaretten packung Mann Vape Pen Starter Kit ladbare Batterie , Elementvape.de akzeptieren Gro\u00df-und Einzelhandel Bestellungen.","og_url":"https:\/\/www.elementvape.de\/da\/produkt\/e-zigaretten-packung-mann-vape-pen-starter-kit-ladbare-batterie\/","og_site_name":"ElementVape.de","article_modified_time":"2024-09-12T10:31:49+00:00","og_image":[{"width":800,"height":800,"url":"https:\/\/ae01.alicdn.com\/kf\/S9ef995c8adbd46ed92548a9fc6b8c921v\/E-Zigaretten-packung-Mann-Vape-Pen-Starter-Kit-Keramik-spule-380mah-wiederauf-ladbare-Batterie-leer-2ml.jpg","type":"image\/jpeg"}],"twitter_card":"summary_large_image","twitter_misc":{"Est. reading time":"6 minutter"},"schema":{"@context":"https:\/\/schema.org","@graph":[{"@type":"WebPage","@id":"https:\/\/www.elementvape.de\/produkt\/e-zigaretten-packung-mann-vape-pen-starter-kit-ladbare-batterie\/","url":"https:\/\/www.elementvape.de\/produkt\/e-zigaretten-packung-mann-vape-pen-starter-kit-ladbare-batterie\/","name":"E-Zigaretten packung Mann Vape Pen Starter Kit ladbare Batterie | ElementVape.de","isPartOf":{"@id":"https:\/\/www.elementvape.de\/#website"},"primaryImageOfPage":{"@id":"https:\/\/www.elementvape.de\/produkt\/e-zigaretten-packung-mann-vape-pen-starter-kit-ladbare-batterie\/#primaryimage"},"image":{"@id":"https:\/\/www.elementvape.de\/produkt\/e-zigaretten-packung-mann-vape-pen-starter-kit-ladbare-batterie\/#primaryimage"},"thumbnailUrl":"https:\/\/ae01.alicdn.com\/kf\/S9ef995c8adbd46ed92548a9fc6b8c921v\/E-Zigaretten-packung-Mann-Vape-Pen-Starter-Kit-Keramik-spule-380mah-wiederauf-ladbare-Batterie-leer-2ml.jpg","datePublished":"2024-04-20T08:25:50+00:00","dateModified":"2024-09-12T10:31:49+00:00","description":"Wir bieten E-Zigaretten packung Mann Vape Pen Starter Kit ladbare Batterie , Elementvape.de akzeptieren Gro\u00df-und Einzelhandel Bestellungen.","breadcrumb":{"@id":"https:\/\/www.elementvape.de\/produkt\/e-zigaretten-packung-mann-vape-pen-starter-kit-ladbare-batterie\/#breadcrumb"},"inLanguage":"da-DK","potentialAction":[{"@type":"ReadAction","target":["https:\/\/www.elementvape.de\/produkt\/e-zigaretten-packung-mann-vape-pen-starter-kit-ladbare-batterie\/"]}]},{"@type":"ImageObject","inLanguage":"da-DK","@id":"https:\/\/www.elementvape.de\/produkt\/e-zigaretten-packung-mann-vape-pen-starter-kit-ladbare-batterie\/#primaryimage","url":"https:\/\/ae01.alicdn.com\/kf\/S9ef995c8adbd46ed92548a9fc6b8c921v\/E-Zigaretten-packung-Mann-Vape-Pen-Starter-Kit-Keramik-spule-380mah-wiederauf-ladbare-Batterie-leer-2ml.jpg","contentUrl":"https:\/\/ae01.alicdn.com\/kf\/S9ef995c8adbd46ed92548a9fc6b8c921v\/E-Zigaretten-packung-Mann-Vape-Pen-Starter-Kit-Keramik-spule-380mah-wiederauf-ladbare-Batterie-leer-2ml.jpg","width":800,"height":800},{"@type":"BreadcrumbList","@id":"https:\/\/www.elementvape.de\/produkt\/e-zigaretten-packung-mann-vape-pen-starter-kit-ladbare-batterie\/#breadcrumb","itemListElement":[{"@type":"ListItem","position":1,"name":"Home","item":"https:\/\/www.elementvape.de\/"},{"@type":"ListItem","position":2,"name":"Shop","item":"https:\/\/www.elementvape.de\/shop\/"},{"@type":"ListItem","position":3,"name":"E-Zigaretten packung Mann Vape Pen Starter Kit ladbare Batterie"}]},{"@type":"WebSite","@id":"https:\/\/www.elementvape.de\/#website","url":"https:\/\/www.elementvape.de\/","name":"ElementVape.de","description":"","publisher":{"@id":"https:\/\/www.elementvape.de\/#organization"},"potentialAction":[{"@type":"SearchAction","target":{"@type":"EntryPoint","urlTemplate":"https:\/\/www.elementvape.de\/?s={search_term_string}"},"query-input":"required name=search_term_string"}],"inLanguage":"da-DK"},{"@type":"Organization","@id":"https:\/\/www.elementvape.de\/#organization","name":"ElementVape.DE","url":"https:\/\/www.elementvape.de\/","logo":{"@type":"ImageObject","inLanguage":"da-DK","@id":"https:\/\/www.elementvape.de\/#\/schema\/logo\/image\/","url":"https:\/\/www.elementvape.de\/wp-content\/uploads\/2024\/09\/cropped-1elementvape-3.png","contentUrl":"https:\/\/www.elementvape.de\/wp-content\/uploads\/2024\/09\/cropped-1elementvape-3.png","width":285,"height":228,"caption":"ElementVape.DE"},"image":{"@id":"https:\/\/www.elementvape.de\/#\/schema\/logo\/image\/"}}]}},"_links":{"self":[{"href":"https:\/\/www.elementvape.de\/da\/wp-json\/wp\/v2\/product\/9968"}],"collection":[{"href":"https:\/\/www.elementvape.de\/da\/wp-json\/wp\/v2\/product"}],"about":[{"href":"https:\/\/www.elementvape.de\/da\/wp-json\/wp\/v2\/types\/product"}],"wp:featuredmedia":[{"embeddable":true,"href":"https:\/\/www.elementvape.de\/da\/wp-json\/wp\/v2\/media\/9969"}],"wp:attachment":[{"href":"https:\/\/www.elementvape.de\/da\/wp-json\/wp\/v2\/media?parent=9968"}],"wp:term":[{"taxonomy":"product_cat","embeddable":true,"href":"https:\/\/www.elementvape.de\/da\/wp-json\/wp\/v2\/product_cat?post=9968"},{"taxonomy":"product_tag","embeddable":true,"href":"https:\/\/www.elementvape.de\/da\/wp-json\/wp\/v2\/product_tag?post=9968"}],"curies":[{"name":"wp","href":"https:\/\/api.w.org\/{rel}","templated":true}]}}