{"id":8686,"date":"2024-04-20T06:46:56","date_gmt":"2024-04-20T06:46:56","guid":{"rendered":"https:\/\/www.elementvape.de\/?post_type=product&#038;p=8686"},"modified":"2024-09-12T10:32:29","modified_gmt":"2024-09-12T10:32:29","slug":"voopoo-vthru-pro-pod-kit-ewigkeit-edition-900mah","status":"publish","type":"product","link":"https:\/\/www.elementvape.de\/da\/produkt\/voopoo-vthru-pro-pod-kit-ewigkeit-edition-900mah\/","title":{"rendered":"Voopoo Vthru Pro Pod Kit Evigheds Edition 900mAh Batteri 25W Vape 3ml Vmate V2 Pod Patron elektronisk cigaret"},"content":{"rendered":"<p>&nbsp;<\/p>\n<div class=\"product-specs-list-container\">\n<ul class=\"product-specs-list util-clearfix\">\n<li class=\"product-prop line-limit-length\"><span class=\"property-title\">Udseende:\u00a0<\/span><span class=\"property-desc line-limit-length\">Boksform<\/span><\/li>\n<li class=\"product-prop line-limit-length\"><span class=\"property-title\">Kompatibel Batteri:\u00a0<\/span><span class=\"property-desc line-limit-length\">Ingen<\/span><\/li>\n<li class=\"product-prop line-limit-length\"><span class=\"property-title\">Overv\u00e5gningsfunktion for Rygning Antal:\u00a0<\/span><span class=\"property-desc line-limit-length\">Nej<\/span><\/li>\n<li class=\"product-prop line-limit-length\"><span class=\"property-title\">Silicone Cover:\u00a0<\/span><span class=\"property-desc line-limit-length\">Nej<\/span><\/li>\n<li class=\"product-prop line-limit-length\"><span class=\"property-title\">Temperaturregulering:\u00a0<\/span><span class=\"property-desc line-limit-length\">Ja<\/span><\/li>\n<li class=\"product-prop line-limit-length\"><span class=\"property-title\">Indbygget eller Ekstern Batteri:\u00a0<\/span><span class=\"property-desc line-limit-length\">Indbygget<\/span><\/li>\n<li class=\"product-prop line-limit-length\"><span class=\"property-title\">Kortslutningsbeskyttelsesfunktion:\u00a0<\/span><span class=\"property-desc line-limit-length\">Ja<\/span><\/li>\n<li class=\"product-prop line-limit-length\"><span class=\"property-title\">Overophedningsbeskyttelsesfunktion:\u00a0<\/span><span class=\"property-desc line-limit-length\">Ja<\/span><\/li>\n<li class=\"product-prop line-limit-length\"><span class=\"property-title\">Lavsp\u00e6ndingsalarmfunktion:\u00a0<\/span><span class=\"property-desc line-limit-length\">Ja<\/span><\/li>\n<li class=\"product-prop line-limit-length\"><span class=\"property-title\">Spr\u00f8jteidentifikation Funktion:\u00a0<\/span><span class=\"property-desc line-limit-length\">Ja<\/span><\/li>\n<li class=\"product-prop line-limit-length\"><span class=\"property-title\">TCR-indstillingsmodi:\u00a0<\/span><span class=\"property-desc line-limit-length\">Ja<\/span><\/li>\n<li class=\"product-prop line-limit-length\"><span class=\"property-title\">Nominal kapacitet:\u00a0<\/span><span class=\"property-desc line-limit-length\">900 mAh<\/span><\/li>\n<li class=\"product-prop line-limit-length\"><span class=\"property-title\">Materiale:\u00a0<\/span><span class=\"property-desc line-limit-length\">Plastik<\/span><\/li>\n<li class=\"product-prop line-limit-length\"><span class=\"property-title\">Kompatibel model:\u00a0<\/span><span class=\"property-desc line-limit-length\">Elektronisk Cigarett Vape Pod Kit<\/span><\/li>\n<li class=\"product-prop line-limit-length\"><span class=\"property-title\">Modelnummer:\u00a0<\/span><span class=\"property-desc line-limit-length\">VOOPOO V.THRU Pro Pod Kit<\/span><\/li>\n<li class=\"product-prop line-limit-length\"><span class=\"property-title\">Usb-oplader:\u00a0<\/span><span class=\"property-desc line-limit-length\">Ja<\/span><\/li>\n<li class=\"product-prop line-limit-length\"><span class=\"property-title\">Firmwareopgradering:\u00a0<\/span><span class=\"property-desc line-limit-length\">Nej<\/span><\/li>\n<li class=\"product-prop line-limit-length\"><span class=\"property-title\">Display:\u00a0<\/span><span class=\"property-desc line-limit-length\">Ja<\/span><\/li>\n<li class=\"product-prop line-limit-length\"><span class=\"property-title\">Type:\u00a0<\/span><span class=\"property-desc line-limit-length\">Med batteri<\/span><\/li>\n<li class=\"product-prop line-limit-length\"><span class=\"property-title\">Varem\u00e6rke:\u00a0<\/span><span class=\"property-desc line-limit-length\">VOOPOO<\/span><\/li>\n<li class=\"product-prop line-limit-length\"><span class=\"property-title\">Oprindelse:\u00a0<\/span><span class=\"property-desc line-limit-length\">CN (Oprindelse)<\/span><\/li>\n<li class=\"product-prop line-limit-length\"><span class=\"property-title\">Enhedsmateriale:\u00a0<\/span><span class=\"property-desc line-limit-length\">Aluminiumlegering<\/span><\/li>\n<li class=\"product-prop line-limit-length\"><span class=\"property-title\">Pod Materiale:\u00a0<\/span><span class=\"property-desc line-limit-length\">PCTG<\/span><\/li>\n<li class=\"product-prop line-limit-length\"><span class=\"property-title\">Pod Kapacitet:\u00a0<\/span><span class=\"property-desc line-limit-length\">3ml<\/span><\/li>\n<li class=\"product-prop line-limit-length\"><span class=\"property-title\">Modstand:\u00a0<\/span><span class=\"property-desc line-limit-length\">1,2 ohm og 0,7 ohm<\/span><\/li>\n<li class=\"product-prop line-limit-length\"><span class=\"property-title\">Udbudsstr\u00f8m:\u00a0<\/span><span class=\"property-desc line-limit-length\">5-25W<\/span><\/li>\n<li class=\"product-prop line-limit-length\"><span class=\"property-title\">Batterikapacitet:\u00a0<\/span><span class=\"property-desc line-limit-length\">900mAh indbygget batteri<\/span><\/li>\n<li class=\"product-prop line-limit-length\"><span class=\"property-title\">Sk\u00e6rm:\u00a0<\/span><span class=\"property-desc line-limit-length\">0,69 tommer OLED-sk\u00e6rm<\/span><\/li>\n<\/ul>\n<\/div>\n<div class=\"detailmodule_html\">\n<div class=\"detail-desc-decorate-richtext\">\n<div class=\"detailmodule_dynamic\"><\/div>\n<div class=\"detailmodule_html\">\n<div class=\"detail-desc-decorate-richtext\">\n<div><span style=\"font-size: 22px;\"><span style=\"font-family: arial, helvetica, sans-serif;\">Original voopoo v. thru pro pod kit 900mah batteri 3ml vmate patron v2 pod magnetisk sugning elektroniske cigaretter dampere OLED-sk\u00e6rm<\/span><\/span><\/div>\n<div><img decoding=\"async\" loading=\"lazy\" src=\"https:\/\/ae01.alicdn.com\/kf\/He87e033effb740978848f3438aecdda7l.jpg\" \/><\/div>\n<div>\n<div>\n<div><span style=\"font-family: arial, helvetica, sans-serif;\"><span style=\"font-size: 18px;\"><u><strong>Beskrivelse:<\/strong><\/u><\/span><\/span><\/div>\n<div><span style=\"font-family: arial, helvetica, sans-serif;\"><span style=\"font-size: 18px;\">V. thru pro kit er et letbetjent og billigere startkit med lille st\u00f8rrelse, men stor ydeevne. Det drives af et indbygget batteri p\u00e5 900mAh med Type-C 5V\/1A hurtigopladning. Med knapl\u00f8st design er v. thru pro nemt at starte, tage i brug og inhalere. Det leveres med 3ml 0,7 Ohm og 1,2 Ohm dual V. Thru Pro pods, der giver dig den bedste opl\u00f8sning og smag. Og Gen-chipen sikrer en konstant udgangssp\u00e6nding for at give dig en perfekt smagsoplevelse. 0,69 tommer OLED-sk\u00e6rm viser informationer om enheden. Det er ogs\u00e5 udstyret med en intelligent b\u00f8rnesikret tilstand for at forhindre b\u00f8rn i utilsigtet at starte den. Med 360\u00b0 fuldpasningsdesign vil du m\u00e6rke din smag, uden pod. Det magnetiske sug- og l\u00e5semekanisme samt det super enkle l\u00e5sebeslagdesign sikrer, at det sidder fast og er let at fjerne.<\/span><\/span><\/div>\n<div><span style=\"font-family: arial, helvetica, sans-serif;\"><span style=\"font-size: 18px;\"><u><strong>Parameterer:<\/strong><\/u><\/span><\/span><\/div>\n<div><span style=\"font-family: arial, helvetica, sans-serif;\"><span style=\"font-size: 18px;\">M\u00e6rke: voopoo<\/span><\/span><\/div>\n<div><span style=\"font-family: arial, helvetica, sans-serif;\"><span style=\"font-size: 18px;\">Produktnavn: v. thru pro kit<\/span><\/span><\/div>\n<div><span style=\"font-family: arial, helvetica, sans-serif;\"><span style=\"font-size: 18px;\">Enhedsmateriale: Aluminiumlegering<\/span><\/span><\/div>\n<div><span style=\"font-family: arial, helvetica, sans-serif;\"><span style=\"font-size: 18px;\">Pod-materiale: PCTG<\/span><\/span><\/div>\n<div><span style=\"font-family: arial, helvetica, sans-serif;\"><span style=\"font-size: 18px;\">Pod Kapacitet: 3ml<\/span><\/span><\/div>\n<div><span style=\"font-family: arial, helvetica, sans-serif;\"><span style=\"font-size: 18px;\">Modstand: 1,2 Ohm og 0,7 Ohm<\/span><\/span><\/div>\n<div><span style=\"font-family: arial, helvetica, sans-serif;\"><span style=\"font-size: 18px;\">Udgaveffekt: 5-25w<\/span><\/span><\/div>\n<div><span style=\"font-family: arial, helvetica, sans-serif;\"><span style=\"font-size: 18px;\">Batterikapacitet: 900mah indbygget batteri<\/span><\/span><\/div>\n<div><span style=\"font-family: arial, helvetica, sans-serif;\"><span style=\"font-size: 18px;\">Sk\u00e6rm: 0,69 tommer OLED-sk\u00e6rm<\/span><\/span><\/div>\n<div><span style=\"font-family: arial, helvetica, sans-serif;\"><span style=\"font-size: 18px;\">Farve: Rumgr\u00e5, r\u00f8d, Neon, lyser\u00f8d, gr\u00f8n, s\u00f8lv<\/span><\/span><\/div>\n<div><span style=\"font-family: arial, helvetica, sans-serif;\"><span style=\"font-size: 18px;\"><u><strong>Detaljer:<\/strong><\/u><\/span><\/span><\/div>\n<div><span style=\"font-family: arial, helvetica, sans-serif;\"><span style=\"font-size: 18px;\">1. Lille st\u00f8rrelse og stor energi<\/span><\/span><\/div>\n<div><span style=\"font-family: arial, helvetica, sans-serif;\"><span style=\"font-size: 18px;\">2. Justerbar effekt 5-25w<\/span><\/span><\/div>\n<div><span style=\"font-family: arial, helvetica, sans-serif;\"><span style=\"font-size: 18px;\">3. 3ml E-juice kapacitet<\/span><\/span><\/div>\n<div><span style=\"font-family: arial, helvetica, sans-serif;\"><span style=\"font-size: 18px;\">4. 0,7 &amp; 1,2 Ohm Dual Pod<\/span><\/span><\/div>\n<div><span style=\"font-family: arial, helvetica, sans-serif;\"><span style=\"font-size: 18px;\">5. 0,69 tommer OLED-sk\u00e6rm<\/span><\/span><\/div>\n<div><span style=\"font-family: arial, helvetica, sans-serif;\"><span style=\"font-size: 18px;\">6. 900mAh indbygget batteri<\/span><\/span><\/div>\n<div><span style=\"font-family: arial, helvetica, sans-serif;\"><span style=\"font-size: 18px;\">7. Type-C 5V\/1A hurtigopladning<\/span><\/span><\/div>\n<div><span style=\"font-family: arial, helvetica, sans-serif;\"><span style=\"font-size: 18px;\">8. Knapl\u00f8st design, let at betjene<\/span><\/span><\/div>\n<div><span style=\"font-family: arial, helvetica, sans-serif;\"><span style=\"font-size: 18px;\">9. Rig og langvarig smag<\/span><\/span><\/div>\n<div><span style=\"font-family: arial, helvetica, sans-serif;\"><span style=\"font-size: 18px;\">10. Gen-chip f\u00f8lger smagen<\/span><\/span><\/div>\n<div><span style=\"font-family: arial, helvetica, sans-serif;\"><span style=\"font-size: 18px;\">11. Intelligent b\u00f8rnesikret mode<\/span><\/span><\/div>\n<div><span style=\"font-family: arial, helvetica, sans-serif;\"><span style=\"font-size: 18px;\">12. 360\u00b0 fuldt tilpasset design<\/span><\/span><\/div>\n<div><span style=\"font-family: arial, helvetica, sans-serif;\"><span style=\"font-size: 18px;\">13. Magnetisk suge og l\u00e5s med dobbelt forst\u00e6rkning<\/span><\/span><\/div>\n<div><span style=\"font-family: arial, helvetica, sans-serif;\"><span style=\"font-size: 18px;\">14. Super enkel bl\u00f8dt l\u00e5s<\/span><\/span><\/div>\n<div><span style=\"font-family: arial, helvetica, sans-serif;\"><span style=\"font-size: 18px;\">15. Ingen dr\u00e5be kondens slipper ud<\/span><\/span><\/div>\n<div><span style=\"font-family: arial, helvetica, sans-serif;\"><span style=\"font-size: 18px;\">15. Sikkerhedsbeskyttelse: Overarbejde\/kortslutning\/overladning\/udgangs oversp\u00e6nding\/overafladning\/tilbagevendende luftstr\u00f8m beskyttelse<\/span><\/span><\/div>\n<div><span style=\"font-family: arial, helvetica, sans-serif;\"><span style=\"font-size: 18px;\"><u><strong>Pakke:<\/strong><\/u><\/span><\/span><\/div>\n<div><span style=\"font-family: arial, helvetica, sans-serif;\"><span style=\"font-size: 18px;\">1 * v. pr. enhed<\/span><\/span><\/div>\n<div><span style=\"font-family: arial, helvetica, sans-serif;\"><span style=\"font-size: 18px;\">1 * vmate Cartridge v2 Pod (0,7 Ohm\/3ml)<\/span><\/span><\/div>\n<div><span style=\"font-family: arial, helvetica, sans-serif;\"><span style=\"font-size: 18px;\">1 * vmate Cartridge v2 Pod (1,2 Ohm\/3ml)<\/span><\/span><\/div>\n<div><span style=\"font-family: arial, helvetica, sans-serif;\"><span style=\"font-size: 18px;\">1 * Type-C-kabel<\/span><\/span><\/div>\n<div><span style=\"font-family: arial, helvetica, sans-serif;\"><span style=\"font-size: 18px;\">1 * Brugerh\u00e5ndbog<\/span><\/span><\/div>\n<\/div>\n<\/div>\n<div><img decoding=\"async\" loading=\"lazy\" src=\"https:\/\/ae01.alicdn.com\/kf\/H1fb7b52216754d148e256fde8064eaaeh.jpg\" \/><\/div>\n<div style=\"text-align: center;\" align=\"center\"><img decoding=\"async\" loading=\"lazy\" src=\"https:\/\/ae01.alicdn.com\/kf\/H4b9a69a113d242edb165d1ebcfd8a197r.jpg\" \/><\/div>\n<\/div>\n<\/div>\n<div class=\"detailmodule_dynamic\"><\/div>\n<p>&nbsp;<\/p>\n<\/div>\n<\/div>","protected":false},"excerpt":{"rendered":"<p>&nbsp; Aussehen:\u00a0Box Shape Kompatibler Akku:\u00a0Kein \u00dcberwachung Funktion Von Rauchen Anzahl:\u00a0Nein Silikon Fall:\u00a0Nein Temperaturregelung:\u00a0Ja Eingebaute Oder Externe Batterie:\u00a0Eingebaute Kurzschlussschutz Funktion:\u00a0Ja \u00dcberhitzungsschutz-funktion:\u00a0Ja Niederspannungsalarmfunktion:\u00a0Ja Zerst\u00e4uber Identifikation Funktion:\u00a0Ja TCR Einstellung Modi:\u00a0Ja Nominale Kapazit\u00e4t:\u00a0900 mAh Material:\u00a0Plastik Compatible Model:\u00a0Electronic Cigarette Vape Pod Kit Modellnummer:\u00a0VOOPOO V.THRU Pro Pod Kit Usb-ladeger\u00e4t:\u00a0Ja Firmware-upgrade:\u00a0Nein Display:\u00a0Ja Art:\u00a0Mit Batterie Markenname:\u00a0VOOPOO Ursprung:\u00a0CN (Herkunft) Device Material:\u00a0Aluminum Alloy Pod Material:\u00a0PCTG [&hellip;]<\/p>","protected":false},"featured_media":8687,"template":"","meta":{"inline_featured_image":false},"product_cat":[750,737,736,749,76],"product_tag":[],"tiered_pricing_type":"fixed","tiered_pricing_fixed_rules":[],"tiered_pricing_percentage_rules":[],"tiered_pricing_minimum":1,"_administrator_tiered_pricing_type":"fixed","_administrator_tiered_pricing_fixed_rules":[],"_editor_tiered_pricing_type":"fixed","_editor_tiered_pricing_fixed_rules":[],"_author_tiered_pricing_type":"fixed","_author_tiered_pricing_fixed_rules":[],"_contributor_tiered_pricing_type":"fixed","_contributor_tiered_pricing_fixed_rules":[],"_subscriber_tiered_pricing_type":"fixed","_subscriber_tiered_pricing_fixed_rules":[],"_customer_tiered_pricing_type":"fixed","_customer_tiered_pricing_fixed_rules":[],"_shop_manager_tiered_pricing_type":"fixed","_shop_manager_tiered_pricing_fixed_rules":[],"_wpseo_manager_tiered_pricing_type":"fixed","_wpseo_manager_tiered_pricing_fixed_rules":[],"_wpseo_editor_tiered_pricing_type":"fixed","_wpseo_editor_tiered_pricing_fixed_rules":[],"_wholesale_customer_tiered_pricing_type":"fixed","_wholesale_customer_tiered_pricing_fixed_rules":[],"_marketer_tiered_pricing_type":"fixed","_marketer_tiered_pricing_fixed_rules":[],"_sales_manager_tiered_pricing_type":"fixed","_sales_manager_tiered_pricing_fixed_rules":[],"_sales_rep_tiered_pricing_type":"fixed","_sales_rep_tiered_pricing_fixed_rules":[],"yoast_head":"<!-- This site is optimized with the Yoast SEO plugin v23.3 - https:\/\/yoast.com\/wordpress\/plugins\/seo\/ -->\n<title>Voopoo Vthru Pro Pod Kit Ewigkeit Edition 900mAh Batterie 25W Vape 3ml Vmate V2 Pod Patrone elektronische Zigarette | ElementVape.de<\/title>\n<meta name=\"description\" content=\"Wir bieten Voopoo Vthru Pro Pod Kit Ewigkeit Edition 900mAh Batterie 25W Vape 3ml Vmate V2 Pod Patrone elektronische Zigarette , Elementvape.de akzeptieren Gro\u00df-und Einzelhandel Bestellungen.\" \/>\n<meta name=\"robots\" content=\"index, follow, max-snippet:-1, max-image-preview:large, max-video-preview:-1\" \/>\n<link rel=\"canonical\" href=\"https:\/\/www.elementvape.de\/da\/produkt\/voopoo-vthru-pro-pod-kit-ewigkeit-edition-900mah\/\" \/>\n<meta property=\"og:locale\" content=\"da_DK\" \/>\n<meta property=\"og:type\" content=\"article\" \/>\n<meta property=\"og:title\" content=\"Voopoo Vthru Pro Pod Kit Ewigkeit Edition 900mAh Batterie 25W Vape 3ml Vmate V2 Pod Patrone elektronische Zigarette | ElementVape.de\" \/>\n<meta property=\"og:description\" content=\"Wir bieten Voopoo Vthru Pro Pod Kit Ewigkeit Edition 900mAh Batterie 25W Vape 3ml Vmate V2 Pod Patrone elektronische Zigarette , Elementvape.de akzeptieren Gro\u00df-und Einzelhandel Bestellungen.\" \/>\n<meta property=\"og:url\" content=\"https:\/\/www.elementvape.de\/da\/produkt\/voopoo-vthru-pro-pod-kit-ewigkeit-edition-900mah\/\" \/>\n<meta property=\"og:site_name\" content=\"ElementVape.de\" \/>\n<meta property=\"article:modified_time\" content=\"2024-09-12T10:32:29+00:00\" \/>\n<meta property=\"og:image\" content=\"https:\/\/ae01.alicdn.com\/kf\/Se4beba5c1dd94b0594ea0c393a5fffe4g\/Original-Voopoo-Vthru-Pro-Pod-Kit-Ewigkeit-Edition-900mAh-Batterie-25W-Vape-3ml-Vmate-V2-Pod.jpg\" \/>\n\t<meta property=\"og:image:width\" content=\"800\" \/>\n\t<meta property=\"og:image:height\" content=\"800\" \/>\n\t<meta property=\"og:image:type\" content=\"image\/jpeg\" \/>\n<meta name=\"twitter:card\" content=\"summary_large_image\" \/>\n<meta name=\"twitter:label1\" content=\"Est. reading time\" \/>\n\t<meta name=\"twitter:data1\" content=\"4 minutter\" \/>\n<script type=\"application\/ld+json\" class=\"yoast-schema-graph\">{\"@context\":\"https:\/\/schema.org\",\"@graph\":[{\"@type\":\"WebPage\",\"@id\":\"https:\/\/www.elementvape.de\/produkt\/voopoo-vthru-pro-pod-kit-ewigkeit-edition-900mah\/\",\"url\":\"https:\/\/www.elementvape.de\/produkt\/voopoo-vthru-pro-pod-kit-ewigkeit-edition-900mah\/\",\"name\":\"Voopoo Vthru Pro Pod Kit Ewigkeit Edition 900mAh Batterie 25W Vape 3ml Vmate V2 Pod Patrone elektronische Zigarette | ElementVape.de\",\"isPartOf\":{\"@id\":\"https:\/\/www.elementvape.de\/#website\"},\"primaryImageOfPage\":{\"@id\":\"https:\/\/www.elementvape.de\/produkt\/voopoo-vthru-pro-pod-kit-ewigkeit-edition-900mah\/#primaryimage\"},\"image\":{\"@id\":\"https:\/\/www.elementvape.de\/produkt\/voopoo-vthru-pro-pod-kit-ewigkeit-edition-900mah\/#primaryimage\"},\"thumbnailUrl\":\"https:\/\/ae01.alicdn.com\/kf\/Se4beba5c1dd94b0594ea0c393a5fffe4g\/Original-Voopoo-Vthru-Pro-Pod-Kit-Ewigkeit-Edition-900mAh-Batterie-25W-Vape-3ml-Vmate-V2-Pod.jpg\",\"datePublished\":\"2024-04-20T06:46:56+00:00\",\"dateModified\":\"2024-09-12T10:32:29+00:00\",\"description\":\"Wir bieten Voopoo Vthru Pro Pod Kit Ewigkeit Edition 900mAh Batterie 25W Vape 3ml Vmate V2 Pod Patrone elektronische Zigarette , Elementvape.de akzeptieren Gro\u00df-und Einzelhandel Bestellungen.\",\"breadcrumb\":{\"@id\":\"https:\/\/www.elementvape.de\/produkt\/voopoo-vthru-pro-pod-kit-ewigkeit-edition-900mah\/#breadcrumb\"},\"inLanguage\":\"da-DK\",\"potentialAction\":[{\"@type\":\"ReadAction\",\"target\":[\"https:\/\/www.elementvape.de\/produkt\/voopoo-vthru-pro-pod-kit-ewigkeit-edition-900mah\/\"]}]},{\"@type\":\"ImageObject\",\"inLanguage\":\"da-DK\",\"@id\":\"https:\/\/www.elementvape.de\/produkt\/voopoo-vthru-pro-pod-kit-ewigkeit-edition-900mah\/#primaryimage\",\"url\":\"https:\/\/ae01.alicdn.com\/kf\/Se4beba5c1dd94b0594ea0c393a5fffe4g\/Original-Voopoo-Vthru-Pro-Pod-Kit-Ewigkeit-Edition-900mAh-Batterie-25W-Vape-3ml-Vmate-V2-Pod.jpg\",\"contentUrl\":\"https:\/\/ae01.alicdn.com\/kf\/Se4beba5c1dd94b0594ea0c393a5fffe4g\/Original-Voopoo-Vthru-Pro-Pod-Kit-Ewigkeit-Edition-900mAh-Batterie-25W-Vape-3ml-Vmate-V2-Pod.jpg\",\"width\":800,\"height\":800},{\"@type\":\"BreadcrumbList\",\"@id\":\"https:\/\/www.elementvape.de\/produkt\/voopoo-vthru-pro-pod-kit-ewigkeit-edition-900mah\/#breadcrumb\",\"itemListElement\":[{\"@type\":\"ListItem\",\"position\":1,\"name\":\"Home\",\"item\":\"https:\/\/www.elementvape.de\/\"},{\"@type\":\"ListItem\",\"position\":2,\"name\":\"Shop\",\"item\":\"https:\/\/www.elementvape.de\/shop\/\"},{\"@type\":\"ListItem\",\"position\":3,\"name\":\"Voopoo Vthru Pro Pod Kit Ewigkeit Edition 900mAh Batterie 25W Vape 3ml Vmate V2 Pod Patrone elektronische Zigarette\"}]},{\"@type\":\"WebSite\",\"@id\":\"https:\/\/www.elementvape.de\/#website\",\"url\":\"https:\/\/www.elementvape.de\/\",\"name\":\"ElementVape.de\",\"description\":\"\",\"publisher\":{\"@id\":\"https:\/\/www.elementvape.de\/#organization\"},\"potentialAction\":[{\"@type\":\"SearchAction\",\"target\":{\"@type\":\"EntryPoint\",\"urlTemplate\":\"https:\/\/www.elementvape.de\/?s={search_term_string}\"},\"query-input\":\"required name=search_term_string\"}],\"inLanguage\":\"da-DK\"},{\"@type\":\"Organization\",\"@id\":\"https:\/\/www.elementvape.de\/#organization\",\"name\":\"ElementVape.DE\",\"url\":\"https:\/\/www.elementvape.de\/\",\"logo\":{\"@type\":\"ImageObject\",\"inLanguage\":\"da-DK\",\"@id\":\"https:\/\/www.elementvape.de\/#\/schema\/logo\/image\/\",\"url\":\"https:\/\/www.elementvape.de\/wp-content\/uploads\/2024\/09\/cropped-1elementvape-3.png\",\"contentUrl\":\"https:\/\/www.elementvape.de\/wp-content\/uploads\/2024\/09\/cropped-1elementvape-3.png\",\"width\":285,\"height\":228,\"caption\":\"ElementVape.DE\"},\"image\":{\"@id\":\"https:\/\/www.elementvape.de\/#\/schema\/logo\/image\/\"}}]}<\/script>\n<!-- \/ Yoast SEO plugin. -->","yoast_head_json":{"title":"Voopoo Vthru Pro Pod Kit Ewigkeit Edition 900mAh Batterie 25W Vape 3ml Vmate V2 Pod Patrone elektronische Zigarette | ElementVape.de","description":"Wir bieten Voopoo Vthru Pro Pod Kit Ewigkeit Edition 900mAh Batterie 25W Vape 3ml Vmate V2 Pod Patrone elektronische Zigarette , Elementvape.de akzeptieren Gro\u00df-und Einzelhandel Bestellungen.","robots":{"index":"index","follow":"follow","max-snippet":"max-snippet:-1","max-image-preview":"max-image-preview:large","max-video-preview":"max-video-preview:-1"},"canonical":"https:\/\/www.elementvape.de\/da\/produkt\/voopoo-vthru-pro-pod-kit-ewigkeit-edition-900mah\/","og_locale":"da_DK","og_type":"article","og_title":"Voopoo Vthru Pro Pod Kit Ewigkeit Edition 900mAh Batterie 25W Vape 3ml Vmate V2 Pod Patrone elektronische Zigarette | ElementVape.de","og_description":"Wir bieten Voopoo Vthru Pro Pod Kit Ewigkeit Edition 900mAh Batterie 25W Vape 3ml Vmate V2 Pod Patrone elektronische Zigarette , Elementvape.de akzeptieren Gro\u00df-und Einzelhandel Bestellungen.","og_url":"https:\/\/www.elementvape.de\/da\/produkt\/voopoo-vthru-pro-pod-kit-ewigkeit-edition-900mah\/","og_site_name":"ElementVape.de","article_modified_time":"2024-09-12T10:32:29+00:00","og_image":[{"width":800,"height":800,"url":"https:\/\/ae01.alicdn.com\/kf\/Se4beba5c1dd94b0594ea0c393a5fffe4g\/Original-Voopoo-Vthru-Pro-Pod-Kit-Ewigkeit-Edition-900mAh-Batterie-25W-Vape-3ml-Vmate-V2-Pod.jpg","type":"image\/jpeg"}],"twitter_card":"summary_large_image","twitter_misc":{"Est. reading time":"4 minutter"},"schema":{"@context":"https:\/\/schema.org","@graph":[{"@type":"WebPage","@id":"https:\/\/www.elementvape.de\/produkt\/voopoo-vthru-pro-pod-kit-ewigkeit-edition-900mah\/","url":"https:\/\/www.elementvape.de\/produkt\/voopoo-vthru-pro-pod-kit-ewigkeit-edition-900mah\/","name":"Voopoo Vthru Pro Pod Kit Ewigkeit Edition 900mAh Batterie 25W Vape 3ml Vmate V2 Pod Patrone elektronische Zigarette | ElementVape.de","isPartOf":{"@id":"https:\/\/www.elementvape.de\/#website"},"primaryImageOfPage":{"@id":"https:\/\/www.elementvape.de\/produkt\/voopoo-vthru-pro-pod-kit-ewigkeit-edition-900mah\/#primaryimage"},"image":{"@id":"https:\/\/www.elementvape.de\/produkt\/voopoo-vthru-pro-pod-kit-ewigkeit-edition-900mah\/#primaryimage"},"thumbnailUrl":"https:\/\/ae01.alicdn.com\/kf\/Se4beba5c1dd94b0594ea0c393a5fffe4g\/Original-Voopoo-Vthru-Pro-Pod-Kit-Ewigkeit-Edition-900mAh-Batterie-25W-Vape-3ml-Vmate-V2-Pod.jpg","datePublished":"2024-04-20T06:46:56+00:00","dateModified":"2024-09-12T10:32:29+00:00","description":"Wir bieten Voopoo Vthru Pro Pod Kit Ewigkeit Edition 900mAh Batterie 25W Vape 3ml Vmate V2 Pod Patrone elektronische Zigarette , Elementvape.de akzeptieren Gro\u00df-und Einzelhandel Bestellungen.","breadcrumb":{"@id":"https:\/\/www.elementvape.de\/produkt\/voopoo-vthru-pro-pod-kit-ewigkeit-edition-900mah\/#breadcrumb"},"inLanguage":"da-DK","potentialAction":[{"@type":"ReadAction","target":["https:\/\/www.elementvape.de\/produkt\/voopoo-vthru-pro-pod-kit-ewigkeit-edition-900mah\/"]}]},{"@type":"ImageObject","inLanguage":"da-DK","@id":"https:\/\/www.elementvape.de\/produkt\/voopoo-vthru-pro-pod-kit-ewigkeit-edition-900mah\/#primaryimage","url":"https:\/\/ae01.alicdn.com\/kf\/Se4beba5c1dd94b0594ea0c393a5fffe4g\/Original-Voopoo-Vthru-Pro-Pod-Kit-Ewigkeit-Edition-900mAh-Batterie-25W-Vape-3ml-Vmate-V2-Pod.jpg","contentUrl":"https:\/\/ae01.alicdn.com\/kf\/Se4beba5c1dd94b0594ea0c393a5fffe4g\/Original-Voopoo-Vthru-Pro-Pod-Kit-Ewigkeit-Edition-900mAh-Batterie-25W-Vape-3ml-Vmate-V2-Pod.jpg","width":800,"height":800},{"@type":"BreadcrumbList","@id":"https:\/\/www.elementvape.de\/produkt\/voopoo-vthru-pro-pod-kit-ewigkeit-edition-900mah\/#breadcrumb","itemListElement":[{"@type":"ListItem","position":1,"name":"Home","item":"https:\/\/www.elementvape.de\/"},{"@type":"ListItem","position":2,"name":"Shop","item":"https:\/\/www.elementvape.de\/shop\/"},{"@type":"ListItem","position":3,"name":"Voopoo Vthru Pro Pod Kit Ewigkeit Edition 900mAh Batterie 25W Vape 3ml Vmate V2 Pod Patrone elektronische Zigarette"}]},{"@type":"WebSite","@id":"https:\/\/www.elementvape.de\/#website","url":"https:\/\/www.elementvape.de\/","name":"ElementVape.de","description":"","publisher":{"@id":"https:\/\/www.elementvape.de\/#organization"},"potentialAction":[{"@type":"SearchAction","target":{"@type":"EntryPoint","urlTemplate":"https:\/\/www.elementvape.de\/?s={search_term_string}"},"query-input":"required name=search_term_string"}],"inLanguage":"da-DK"},{"@type":"Organization","@id":"https:\/\/www.elementvape.de\/#organization","name":"ElementVape.DE","url":"https:\/\/www.elementvape.de\/","logo":{"@type":"ImageObject","inLanguage":"da-DK","@id":"https:\/\/www.elementvape.de\/#\/schema\/logo\/image\/","url":"https:\/\/www.elementvape.de\/wp-content\/uploads\/2024\/09\/cropped-1elementvape-3.png","contentUrl":"https:\/\/www.elementvape.de\/wp-content\/uploads\/2024\/09\/cropped-1elementvape-3.png","width":285,"height":228,"caption":"ElementVape.DE"},"image":{"@id":"https:\/\/www.elementvape.de\/#\/schema\/logo\/image\/"}}]}},"_links":{"self":[{"href":"https:\/\/www.elementvape.de\/da\/wp-json\/wp\/v2\/product\/8686"}],"collection":[{"href":"https:\/\/www.elementvape.de\/da\/wp-json\/wp\/v2\/product"}],"about":[{"href":"https:\/\/www.elementvape.de\/da\/wp-json\/wp\/v2\/types\/product"}],"wp:featuredmedia":[{"embeddable":true,"href":"https:\/\/www.elementvape.de\/da\/wp-json\/wp\/v2\/media\/8687"}],"wp:attachment":[{"href":"https:\/\/www.elementvape.de\/da\/wp-json\/wp\/v2\/media?parent=8686"}],"wp:term":[{"taxonomy":"product_cat","embeddable":true,"href":"https:\/\/www.elementvape.de\/da\/wp-json\/wp\/v2\/product_cat?post=8686"},{"taxonomy":"product_tag","embeddable":true,"href":"https:\/\/www.elementvape.de\/da\/wp-json\/wp\/v2\/product_tag?post=8686"}],"curies":[{"name":"wp","href":"https:\/\/api.w.org\/{rel}","templated":true}]}}