{"id":8634,"date":"2024-04-20T06:45:20","date_gmt":"2024-04-20T06:45:20","guid":{"rendered":"https:\/\/www.elementvape.de\/?post_type=product&#038;p=8634"},"modified":"2024-09-12T10:32:32","modified_gmt":"2024-09-12T10:32:32","slug":"esso-luxe-xr-max-kit-2800mah-batterie-80w","status":"publish","type":"product","link":"https:\/\/www.elementvape.de\/da\/produkt\/esso-luxe-xr-max-kit-2800mah-batterie-80w\/","title":{"rendered":"Vapor esso luxe xr max kit 2800mAh batteri 80w vape 5ml podpatron passer til GTX-spole elektronisk cigaret DTL vaporizer"},"content":{"rendered":"<p>&nbsp;<\/p>\n<div class=\"product-specs-list-container\">\n<ul class=\"product-specs-list util-clearfix\">\n<li class=\"product-prop line-limit-length\"><span class=\"property-title\">Udseende:\u00a0<\/span><span class=\"property-desc line-limit-length\">Boksform<\/span><\/li>\n<li class=\"product-prop line-limit-length\"><span class=\"property-title\">Kompatibel Batteri:\u00a0<\/span><span class=\"property-desc line-limit-length\">Ingen<\/span><\/li>\n<li class=\"product-prop line-limit-length\"><span class=\"property-title\">Overv\u00e5gningsfunktion for Rygning Antal:\u00a0<\/span><span class=\"property-desc line-limit-length\">Nej<\/span><\/li>\n<li class=\"product-prop line-limit-length\"><span class=\"property-title\">Silicone Cover:\u00a0<\/span><span class=\"property-desc line-limit-length\">Nej<\/span><\/li>\n<li class=\"product-prop line-limit-length\"><span class=\"property-title\">Temperaturregulering:\u00a0<\/span><span class=\"property-desc line-limit-length\">Nej<\/span><\/li>\n<li class=\"product-prop line-limit-length\"><span class=\"property-title\">Indbygget eller Ekstern Batteri:\u00a0<\/span><span class=\"property-desc line-limit-length\">Indbygget<\/span><\/li>\n<li class=\"product-prop line-limit-length\"><span class=\"property-title\">Kortslutningsbeskyttelsesfunktion:\u00a0<\/span><span class=\"property-desc line-limit-length\">Ja<\/span><\/li>\n<li class=\"product-prop line-limit-length\"><span class=\"property-title\">Overophedningsbeskyttelsesfunktion:\u00a0<\/span><span class=\"property-desc line-limit-length\">Ja<\/span><\/li>\n<li class=\"product-prop line-limit-length\"><span class=\"property-title\">Lavsp\u00e6ndingsalarmfunktion:\u00a0<\/span><span class=\"property-desc line-limit-length\">Ja<\/span><\/li>\n<li class=\"product-prop line-limit-length\"><span class=\"property-title\">Spr\u00f8jteidentifikation Funktion:\u00a0<\/span><span class=\"property-desc line-limit-length\">Ja<\/span><\/li>\n<li class=\"product-prop line-limit-length\"><span class=\"property-title\">TCR-indstillingsmodi:\u00a0<\/span><span class=\"property-desc line-limit-length\">Nej<\/span><\/li>\n<li class=\"product-prop line-limit-length\"><span class=\"property-title\">Nominal kapacitet:\u00a0<\/span><span class=\"property-desc line-limit-length\">2800mAh<\/span><\/li>\n<li class=\"product-prop line-limit-length\"><span class=\"property-title\">Materiale:\u00a0<\/span><span class=\"property-desc line-limit-length\">Metal<\/span><\/li>\n<li class=\"product-prop line-limit-length\"><span class=\"property-title\">Kompatibel model:\u00a0<\/span><span class=\"property-desc line-limit-length\">Elektronisk cigaretvape<\/span><\/li>\n<li class=\"product-prop line-limit-length\"><span class=\"property-title\">Modelnummer:\u00a0<\/span><span class=\"property-desc line-limit-length\">Vaporesso LUXE XR Max Kit<\/span><\/li>\n<li class=\"product-prop line-limit-length\"><span class=\"property-title\">Usb-oplader:\u00a0<\/span><span class=\"property-desc line-limit-length\">Ja<\/span><\/li>\n<li class=\"product-prop line-limit-length\"><span class=\"property-title\">Firmwareopgradering:\u00a0<\/span><span class=\"property-desc line-limit-length\">Nej<\/span><\/li>\n<li class=\"product-prop line-limit-length\"><span class=\"property-title\">Display:\u00a0<\/span><span class=\"property-desc line-limit-length\">Ja<\/span><\/li>\n<li class=\"product-prop line-limit-length\"><span class=\"property-title\">Type:\u00a0<\/span><span class=\"property-desc line-limit-length\">Med batteri<\/span><\/li>\n<li class=\"product-prop line-limit-length\"><span class=\"property-title\">Varem\u00e6rke:\u00a0<\/span><span class=\"property-desc line-limit-length\">vaporesso<\/span><\/li>\n<li class=\"product-prop line-limit-length\"><span class=\"property-title\">Oprindelse:\u00a0<\/span><span class=\"property-desc line-limit-length\">CN (Oprindelse)<\/span><\/li>\n<\/ul>\n<\/div>\n<div class=\"detailmodule_html\">\n<div class=\"detail-desc-decorate-richtext\">\n<div class=\"detailmodule_text\">\n<div><\/div>\n<p id=\"tl_1\" class=\"detail-desc-decorate-title\" style=\"font-family: OpenSans; font-size: 20px; font-weight: 900; line-height: 28px; margin-bottom: 12px;\">Vapor esso luxe xr max kit 2800mAh batteri 80w vape 5ml podpatron passer til GTX-spole elektronisk cigaret DTL vaporizer<\/p>\n<\/div>\n<div class=\"detailmodule_text\">\n<p id=\"tl_2\" class=\"detail-desc-decorate-title\" style=\"font-family: OpenSans; font-size: 20px; font-weight: 900; line-height: 28px; margin-bottom: 12px;\">Beskrivelse:<\/p>\n<p id=\"tl_3\" class=\"detail-desc-decorate-content\" style=\"font-family: OpenSans; font-size: 14px; font-weight: 300; line-height: 20px; margin-bottom: 12px;\">Luxe xr max kit er den nye pod mod i luxe x-familien med 80w maksimal effekt. Med 2800mah ultra-h\u00f8j-densitets-batteri er den ikke kun meget kraftigere, men ogs\u00e5 kompakt nok til at holde dig gennem en hel dag med vaping. Drevet af axon-chip har luxe xr max en enklere brugerflade end nogensinde med smart-touch-knapper, og du kan trykke p\u00e5 knappen for at justere effekten, bekr\u00e6fte for at komme ind i menuen. Derudover kan den genkende modstand af spolerne, anbefale den bedste watt-effekt og endda begr\u00e6nse watt-effekten til sin maks for at forhindre br\u00e6ndt smag. Vaporresso luxe xr max kit er fuldt kompatibelt med luxe x\/xr pods og GTX-spoler. Den unikke Morph-Mesh-struktur og den bl\u00f8de Corex bomuld sikrer en mere j\u00e6vn opvarmning og hurtigere levering. Du beh\u00f8ver ikke bekymre dig om l\u00e6kager eller sammenfald med designet af sss tech. Pod-kapaciteten er 5 ml. Energiske, \u00e5ndende lys kan lyse gennem det krystalklare design, hvilket g\u00f8r Luxe xr max til en kombination af futuristisk design og trendy stil.<\/p>\n<\/div>\n<div class=\"detailmodule_text\">\n<p id=\"tl_4\" class=\"detail-desc-decorate-title\" style=\"font-family: OpenSans; font-size: 20px; font-weight: 900; line-height: 28px; margin-bottom: 12px;\">Parameterer:<\/p>\n<p id=\"tl_5\" class=\"detail-desc-decorate-content\" style=\"font-family: OpenSans; font-size: 14px; font-weight: 300; line-height: 20px; margin-bottom: 12px;\">M\u00e6rke: vapor esso<br \/>\nProduktnavn: luxe xr max kit<br \/>\nDimensioner: 106,5*32,1*26mm<br \/>\nPod-kapacitet: 5ml (Standard)<br \/>\nPod inkluderet: luxe xr pod (dtl)<br \/>\nSpole inkluderet: GTX 0,2 Ohm Mesh-spole, GTX 0,4 Ohm Mesh-spole<br \/>\nBatterikapacitet: 2800mah<br \/>\nUdst\u00f8dningskraft: 80w max<br \/>\nLadestrom: DC 5v\/2a. Type-c<br \/>\nDisplay: 0,54 tommer OLED-sk\u00e6rm, 2 * RGB LED-lys<br \/>\nFarve: sort, gr\u00e5, s\u00f8lv, bl\u00e5, r\u00f8d, hvid, gr\u00f8n<\/p>\n<\/div>\n<div class=\"detailmodule_text\">\n<p id=\"tl_6\" class=\"detail-desc-decorate-title\" style=\"font-family: OpenSans; font-size: 20px; font-weight: 900; line-height: 28px; margin-bottom: 12px;\">Detaljer:<\/p>\n<p id=\"tl_7\" class=\"detail-desc-decorate-content\" style=\"font-family: OpenSans; font-size: 14px; font-weight: 300; line-height: 20px; margin-bottom: 12px;\">1. 2800mah ultra-h\u00f8jdensitetsbatteri<br \/>\n2. 80w pod mod til detaljerede brugere<br \/>\n3. sss tech l\u00e5se<br \/>\n4. corex opvarmningsteknologi, axon chip<br \/>\n5. kompatibel med luxe x\/xr pods og GTX spoler<br \/>\n6. enklere end nogensinde f\u00f8r brugergr\u00e6nseflade med intelligente ber\u00f8ringsknapper<br \/>\n7. Spoles resistens med intelligent tilstand genkendes<br \/>\n8. Morph-Mesh-struktur og bl\u00f8d Corex-bomuld<br \/>\n9. pr\u00e6cis luftstr\u00f8msjustering tilbyder vaping-detaljer<br \/>\n10. Energiske \u00e5ndedr\u00e6tslys skinner gennem krystalklart design<\/p>\n<\/div>\n<div class=\"detailmodule_text\">\n<p id=\"tl_8\" class=\"detail-desc-decorate-title\" style=\"font-family: OpenSans; font-size: 20px; font-weight: 900; line-height: 28px; margin-bottom: 12px;\">Pakke:<\/p>\n<p id=\"tl_9\" class=\"detail-desc-decorate-content\" style=\"font-family: OpenSans; font-size: 14px; font-weight: 300; line-height: 20px; margin-bottom: 12px;\">1 * vapor esso luxe xr max batteri<br \/>\n1 * vapor esso luxe xr pod (dtil)<br \/>\n1 * GTX 0,2 Ohm Mesh-spole<br \/>\n1 * GTX 0,4 Ohm Mesh-spole<br \/>\n1 * Type-C-kabel<br \/>\n1 * Brugerh\u00e5ndbog &amp; Garanti kort<\/p>\n<\/div>\n<div class=\"detailmodule_image\"><img decoding=\"async\" loading=\"lazy\" class=\"detail-desc-decorate-image\" src=\"https:\/\/ae01.alicdn.com\/kf\/S35a4accfe7714640a9fdf6acec059909U.jpg\" \/><br \/>\n<img decoding=\"async\" loading=\"lazy\" class=\"detail-desc-decorate-image\" src=\"https:\/\/ae01.alicdn.com\/kf\/Sc210f2e901fc411fb4861f86b701ddcfQ.jpg\" \/><br \/>\n<img decoding=\"async\" loading=\"lazy\" class=\"detail-desc-decorate-image\" src=\"https:\/\/ae01.alicdn.com\/kf\/S1b311bd440d6445eaf3c3b8f89e61c07j.jpg\" \/><br \/>\n<img decoding=\"async\" loading=\"lazy\" class=\"detail-desc-decorate-image\" src=\"https:\/\/ae01.alicdn.com\/kf\/S5e597fb946e340ecbb483335f232ccdbh.jpg\" \/><br \/>\n<img decoding=\"async\" loading=\"lazy\" class=\"detail-desc-decorate-image\" src=\"https:\/\/ae01.alicdn.com\/kf\/S793a760a748d44ec9f5482ff0c12de93Z.jpg\" \/><br \/>\n<img decoding=\"async\" loading=\"lazy\" class=\"detail-desc-decorate-image\" src=\"https:\/\/ae01.alicdn.com\/kf\/S6f96fb973fd94cbf9539251547dcc2c91.jpg\" \/><br \/>\n<img decoding=\"async\" loading=\"lazy\" class=\"detail-desc-decorate-image\" src=\"https:\/\/ae01.alicdn.com\/kf\/S7a3b2510a4c1447f964d8a3f61b0fcb4e.jpg\" \/><br \/>\n<img decoding=\"async\" loading=\"lazy\" class=\"detail-desc-decorate-image\" src=\"https:\/\/ae01.alicdn.com\/kf\/Sb7d4fbb9a954440b8cdd6b37ab6aa311z.jpg\" \/><br \/>\n<img decoding=\"async\" loading=\"lazy\" class=\"detail-desc-decorate-image\" src=\"https:\/\/ae01.alicdn.com\/kf\/S3f91513c36754c25b9e7f1dd7bbd903bu.jpg\" \/><\/div>\n<div class=\"detailmodule_image\"><img decoding=\"async\" loading=\"lazy\" class=\"detail-desc-decorate-image\" style=\"margin-bottom: 10px;\" src=\"https:\/\/ae01.alicdn.com\/kf\/S69a8a37825a04114aa8553b12eb6d7ada.jpg\" \/><br \/>\n<img decoding=\"async\" loading=\"lazy\" class=\"detail-desc-decorate-image\" src=\"https:\/\/ae01.alicdn.com\/kf\/S6a3e0865eec147d684be98d4d70ca3e1H.jpg\" \/><br \/>\n<img decoding=\"async\" loading=\"lazy\" class=\"detail-desc-decorate-image\" style=\"margin-bottom: 10px;\" src=\"https:\/\/ae01.alicdn.com\/kf\/S2111560d248546e09435a2bf2b1f546aT.jpg\" \/><\/div>\n<p>&nbsp;<\/p>\n<\/div>\n<\/div>","protected":false},"excerpt":{"rendered":"<p>&nbsp; Aussehen:\u00a0Box Form Kompatibler Akku:\u00a0Kein \u00dcberwachung Funktion Von Rauchen Anzahl:\u00a0Nein Silikon Fall:\u00a0Nein Temperaturregelung:\u00a0Nein Eingebaute Oder Externe Batterie:\u00a0Eingebaute Kurzschlussschutz Funktion:\u00a0Ja \u00dcberhitzungsschutz-funktion:\u00a0Ja Niederspannungsalarmfunktion:\u00a0Ja Zerst\u00e4uber Identifikation Funktion:\u00a0Ja TCR Einstellung Modi:\u00a0Nein Nominale Kapazit\u00e4t:\u00a02800mAh Material:\u00a0Metall Compatible Model:\u00a0Electronic Cigarette Vape Modellnummer:\u00a0Vaporesso LUXE XR Max Kit Usb-ladeger\u00e4t:\u00a0Ja Firmware-upgrade:\u00a0Nein Display:\u00a0Ja Art:\u00a0Mit Batterie Markenname:\u00a0vaporesso Ursprung:\u00a0CN (Herkunft) Original vapor esso luxe xr max kit 2800mah [&hellip;]<\/p>","protected":false},"featured_media":8635,"template":"","meta":{"inline_featured_image":false},"product_cat":[750,737,736,749,76],"product_tag":[],"tiered_pricing_type":"fixed","tiered_pricing_fixed_rules":[],"tiered_pricing_percentage_rules":[],"tiered_pricing_minimum":1,"_administrator_tiered_pricing_type":"fixed","_administrator_tiered_pricing_fixed_rules":[],"_editor_tiered_pricing_type":"fixed","_editor_tiered_pricing_fixed_rules":[],"_author_tiered_pricing_type":"fixed","_author_tiered_pricing_fixed_rules":[],"_contributor_tiered_pricing_type":"fixed","_contributor_tiered_pricing_fixed_rules":[],"_subscriber_tiered_pricing_type":"fixed","_subscriber_tiered_pricing_fixed_rules":[],"_customer_tiered_pricing_type":"fixed","_customer_tiered_pricing_fixed_rules":[],"_shop_manager_tiered_pricing_type":"fixed","_shop_manager_tiered_pricing_fixed_rules":[],"_wpseo_manager_tiered_pricing_type":"fixed","_wpseo_manager_tiered_pricing_fixed_rules":[],"_wpseo_editor_tiered_pricing_type":"fixed","_wpseo_editor_tiered_pricing_fixed_rules":[],"_wholesale_customer_tiered_pricing_type":"fixed","_wholesale_customer_tiered_pricing_fixed_rules":[],"_marketer_tiered_pricing_type":"fixed","_marketer_tiered_pricing_fixed_rules":[],"_sales_manager_tiered_pricing_type":"fixed","_sales_manager_tiered_pricing_fixed_rules":[],"_sales_rep_tiered_pricing_type":"fixed","_sales_rep_tiered_pricing_fixed_rules":[],"yoast_head":"<!-- This site is optimized with the Yoast SEO plugin v23.3 - https:\/\/yoast.com\/wordpress\/plugins\/seo\/ -->\n<title>Vapor esso luxe xr max kit 2800mah batterie 80w vape 5ml pod patrone fit gtx spule elektronische zigarette dtl vapor izer | ElementVape.de<\/title>\n<meta name=\"description\" content=\"Wir bieten Vapor esso luxe xr max kit 2800mah batterie 80w vape 5ml pod patrone fit gtx spule elektronische zigarette dtl vapor izer , Elementvape.de akzeptieren Gro\u00df-und Einzelhandel Bestellungen.\" \/>\n<meta name=\"robots\" content=\"index, follow, max-snippet:-1, max-image-preview:large, max-video-preview:-1\" \/>\n<link rel=\"canonical\" href=\"https:\/\/www.elementvape.de\/da\/produkt\/esso-luxe-xr-max-kit-2800mah-batterie-80w\/\" \/>\n<meta property=\"og:locale\" content=\"da_DK\" \/>\n<meta property=\"og:type\" content=\"article\" \/>\n<meta property=\"og:title\" content=\"Vapor esso luxe xr max kit 2800mah batterie 80w vape 5ml pod patrone fit gtx spule elektronische zigarette dtl vapor izer | ElementVape.de\" \/>\n<meta property=\"og:description\" content=\"Wir bieten Vapor esso luxe xr max kit 2800mah batterie 80w vape 5ml pod patrone fit gtx spule elektronische zigarette dtl vapor izer , Elementvape.de akzeptieren Gro\u00df-und Einzelhandel Bestellungen.\" \/>\n<meta property=\"og:url\" content=\"https:\/\/www.elementvape.de\/da\/produkt\/esso-luxe-xr-max-kit-2800mah-batterie-80w\/\" \/>\n<meta property=\"og:site_name\" content=\"ElementVape.de\" \/>\n<meta property=\"article:modified_time\" content=\"2024-09-12T10:32:32+00:00\" \/>\n<meta property=\"og:image\" content=\"https:\/\/ae01.alicdn.com\/kf\/S592e4d0794844254980538fe41e37526c\/Original-vapor-esso-luxe-xr-max-kit-2800mah-batterie-80w-vape-5ml-pod-patrone-fit-gtx.jpg\" \/>\n\t<meta property=\"og:image:width\" content=\"800\" \/>\n\t<meta property=\"og:image:height\" content=\"800\" \/>\n\t<meta property=\"og:image:type\" content=\"image\/jpeg\" \/>\n<meta name=\"twitter:card\" content=\"summary_large_image\" \/>\n<meta name=\"twitter:label1\" content=\"Est. reading time\" \/>\n\t<meta name=\"twitter:data1\" content=\"6 minutter\" \/>\n<script type=\"application\/ld+json\" class=\"yoast-schema-graph\">{\"@context\":\"https:\/\/schema.org\",\"@graph\":[{\"@type\":\"WebPage\",\"@id\":\"https:\/\/www.elementvape.de\/ro\/produkt\/esso-luxe-xr-max-kit-2800mah-batterie-80w\/\",\"url\":\"https:\/\/www.elementvape.de\/ro\/produkt\/esso-luxe-xr-max-kit-2800mah-batterie-80w\/\",\"name\":\"Vapor esso luxe xr max kit 2800mah batterie 80w vape 5ml pod patrone fit gtx spule elektronische zigarette dtl vapor izer | ElementVape.de\",\"isPartOf\":{\"@id\":\"https:\/\/www.elementvape.de\/#website\"},\"primaryImageOfPage\":{\"@id\":\"https:\/\/www.elementvape.de\/ro\/produkt\/esso-luxe-xr-max-kit-2800mah-batterie-80w\/#primaryimage\"},\"image\":{\"@id\":\"https:\/\/www.elementvape.de\/ro\/produkt\/esso-luxe-xr-max-kit-2800mah-batterie-80w\/#primaryimage\"},\"thumbnailUrl\":\"https:\/\/ae01.alicdn.com\/kf\/S592e4d0794844254980538fe41e37526c\/Original-vapor-esso-luxe-xr-max-kit-2800mah-batterie-80w-vape-5ml-pod-patrone-fit-gtx.jpg\",\"datePublished\":\"2024-04-20T06:45:20+00:00\",\"dateModified\":\"2024-09-12T10:32:32+00:00\",\"description\":\"Wir bieten Vapor esso luxe xr max kit 2800mah batterie 80w vape 5ml pod patrone fit gtx spule elektronische zigarette dtl vapor izer , Elementvape.de akzeptieren Gro\u00df-und Einzelhandel Bestellungen.\",\"breadcrumb\":{\"@id\":\"https:\/\/www.elementvape.de\/ro\/produkt\/esso-luxe-xr-max-kit-2800mah-batterie-80w\/#breadcrumb\"},\"inLanguage\":\"da-DK\",\"potentialAction\":[{\"@type\":\"ReadAction\",\"target\":[\"https:\/\/www.elementvape.de\/ro\/produkt\/esso-luxe-xr-max-kit-2800mah-batterie-80w\/\"]}]},{\"@type\":\"ImageObject\",\"inLanguage\":\"da-DK\",\"@id\":\"https:\/\/www.elementvape.de\/ro\/produkt\/esso-luxe-xr-max-kit-2800mah-batterie-80w\/#primaryimage\",\"url\":\"https:\/\/ae01.alicdn.com\/kf\/S592e4d0794844254980538fe41e37526c\/Original-vapor-esso-luxe-xr-max-kit-2800mah-batterie-80w-vape-5ml-pod-patrone-fit-gtx.jpg\",\"contentUrl\":\"https:\/\/ae01.alicdn.com\/kf\/S592e4d0794844254980538fe41e37526c\/Original-vapor-esso-luxe-xr-max-kit-2800mah-batterie-80w-vape-5ml-pod-patrone-fit-gtx.jpg\",\"width\":800,\"height\":800},{\"@type\":\"BreadcrumbList\",\"@id\":\"https:\/\/www.elementvape.de\/ro\/produkt\/esso-luxe-xr-max-kit-2800mah-batterie-80w\/#breadcrumb\",\"itemListElement\":[{\"@type\":\"ListItem\",\"position\":1,\"name\":\"Home\",\"item\":\"https:\/\/www.elementvape.de\/\"},{\"@type\":\"ListItem\",\"position\":2,\"name\":\"Shop\",\"item\":\"https:\/\/www.elementvape.de\/shop\/\"},{\"@type\":\"ListItem\",\"position\":3,\"name\":\"Vapor esso luxe xr max kit 2800mah batterie 80w vape 5ml pod patrone fit gtx spule elektronische zigarette dtl vapor izer\"}]},{\"@type\":\"WebSite\",\"@id\":\"https:\/\/www.elementvape.de\/#website\",\"url\":\"https:\/\/www.elementvape.de\/\",\"name\":\"ElementVape.de\",\"description\":\"\",\"publisher\":{\"@id\":\"https:\/\/www.elementvape.de\/#organization\"},\"potentialAction\":[{\"@type\":\"SearchAction\",\"target\":{\"@type\":\"EntryPoint\",\"urlTemplate\":\"https:\/\/www.elementvape.de\/?s={search_term_string}\"},\"query-input\":\"required name=search_term_string\"}],\"inLanguage\":\"da-DK\"},{\"@type\":\"Organization\",\"@id\":\"https:\/\/www.elementvape.de\/#organization\",\"name\":\"ElementVape.DE\",\"url\":\"https:\/\/www.elementvape.de\/\",\"logo\":{\"@type\":\"ImageObject\",\"inLanguage\":\"da-DK\",\"@id\":\"https:\/\/www.elementvape.de\/#\/schema\/logo\/image\/\",\"url\":\"https:\/\/www.elementvape.de\/wp-content\/uploads\/2024\/09\/cropped-1elementvape-3.png\",\"contentUrl\":\"https:\/\/www.elementvape.de\/wp-content\/uploads\/2024\/09\/cropped-1elementvape-3.png\",\"width\":285,\"height\":228,\"caption\":\"ElementVape.DE\"},\"image\":{\"@id\":\"https:\/\/www.elementvape.de\/#\/schema\/logo\/image\/\"}}]}<\/script>\n<!-- \/ Yoast SEO plugin. -->","yoast_head_json":{"title":"Vapor esso luxe xr max kit 2800mah batterie 80w vape 5ml pod patrone fit gtx spule elektronische zigarette dtl vapor izer | ElementVape.de","description":"Wir bieten Vapor esso luxe xr max kit 2800mah batterie 80w vape 5ml pod patrone fit gtx spule elektronische zigarette dtl vapor izer , Elementvape.de akzeptieren Gro\u00df-und Einzelhandel Bestellungen.","robots":{"index":"index","follow":"follow","max-snippet":"max-snippet:-1","max-image-preview":"max-image-preview:large","max-video-preview":"max-video-preview:-1"},"canonical":"https:\/\/www.elementvape.de\/da\/produkt\/esso-luxe-xr-max-kit-2800mah-batterie-80w\/","og_locale":"da_DK","og_type":"article","og_title":"Vapor esso luxe xr max kit 2800mah batterie 80w vape 5ml pod patrone fit gtx spule elektronische zigarette dtl vapor izer | ElementVape.de","og_description":"Wir bieten Vapor esso luxe xr max kit 2800mah batterie 80w vape 5ml pod patrone fit gtx spule elektronische zigarette dtl vapor izer , Elementvape.de akzeptieren Gro\u00df-und Einzelhandel Bestellungen.","og_url":"https:\/\/www.elementvape.de\/da\/produkt\/esso-luxe-xr-max-kit-2800mah-batterie-80w\/","og_site_name":"ElementVape.de","article_modified_time":"2024-09-12T10:32:32+00:00","og_image":[{"width":800,"height":800,"url":"https:\/\/ae01.alicdn.com\/kf\/S592e4d0794844254980538fe41e37526c\/Original-vapor-esso-luxe-xr-max-kit-2800mah-batterie-80w-vape-5ml-pod-patrone-fit-gtx.jpg","type":"image\/jpeg"}],"twitter_card":"summary_large_image","twitter_misc":{"Est. reading time":"6 minutter"},"schema":{"@context":"https:\/\/schema.org","@graph":[{"@type":"WebPage","@id":"https:\/\/www.elementvape.de\/ro\/produkt\/esso-luxe-xr-max-kit-2800mah-batterie-80w\/","url":"https:\/\/www.elementvape.de\/ro\/produkt\/esso-luxe-xr-max-kit-2800mah-batterie-80w\/","name":"Vapor esso luxe xr max kit 2800mah batterie 80w vape 5ml pod patrone fit gtx spule elektronische zigarette dtl vapor izer | ElementVape.de","isPartOf":{"@id":"https:\/\/www.elementvape.de\/#website"},"primaryImageOfPage":{"@id":"https:\/\/www.elementvape.de\/ro\/produkt\/esso-luxe-xr-max-kit-2800mah-batterie-80w\/#primaryimage"},"image":{"@id":"https:\/\/www.elementvape.de\/ro\/produkt\/esso-luxe-xr-max-kit-2800mah-batterie-80w\/#primaryimage"},"thumbnailUrl":"https:\/\/ae01.alicdn.com\/kf\/S592e4d0794844254980538fe41e37526c\/Original-vapor-esso-luxe-xr-max-kit-2800mah-batterie-80w-vape-5ml-pod-patrone-fit-gtx.jpg","datePublished":"2024-04-20T06:45:20+00:00","dateModified":"2024-09-12T10:32:32+00:00","description":"Wir bieten Vapor esso luxe xr max kit 2800mah batterie 80w vape 5ml pod patrone fit gtx spule elektronische zigarette dtl vapor izer , Elementvape.de akzeptieren Gro\u00df-und Einzelhandel Bestellungen.","breadcrumb":{"@id":"https:\/\/www.elementvape.de\/ro\/produkt\/esso-luxe-xr-max-kit-2800mah-batterie-80w\/#breadcrumb"},"inLanguage":"da-DK","potentialAction":[{"@type":"ReadAction","target":["https:\/\/www.elementvape.de\/ro\/produkt\/esso-luxe-xr-max-kit-2800mah-batterie-80w\/"]}]},{"@type":"ImageObject","inLanguage":"da-DK","@id":"https:\/\/www.elementvape.de\/ro\/produkt\/esso-luxe-xr-max-kit-2800mah-batterie-80w\/#primaryimage","url":"https:\/\/ae01.alicdn.com\/kf\/S592e4d0794844254980538fe41e37526c\/Original-vapor-esso-luxe-xr-max-kit-2800mah-batterie-80w-vape-5ml-pod-patrone-fit-gtx.jpg","contentUrl":"https:\/\/ae01.alicdn.com\/kf\/S592e4d0794844254980538fe41e37526c\/Original-vapor-esso-luxe-xr-max-kit-2800mah-batterie-80w-vape-5ml-pod-patrone-fit-gtx.jpg","width":800,"height":800},{"@type":"BreadcrumbList","@id":"https:\/\/www.elementvape.de\/ro\/produkt\/esso-luxe-xr-max-kit-2800mah-batterie-80w\/#breadcrumb","itemListElement":[{"@type":"ListItem","position":1,"name":"Home","item":"https:\/\/www.elementvape.de\/"},{"@type":"ListItem","position":2,"name":"Shop","item":"https:\/\/www.elementvape.de\/shop\/"},{"@type":"ListItem","position":3,"name":"Vapor esso luxe xr max kit 2800mah batterie 80w vape 5ml pod patrone fit gtx spule elektronische zigarette dtl vapor izer"}]},{"@type":"WebSite","@id":"https:\/\/www.elementvape.de\/#website","url":"https:\/\/www.elementvape.de\/","name":"ElementVape.de","description":"","publisher":{"@id":"https:\/\/www.elementvape.de\/#organization"},"potentialAction":[{"@type":"SearchAction","target":{"@type":"EntryPoint","urlTemplate":"https:\/\/www.elementvape.de\/?s={search_term_string}"},"query-input":"required name=search_term_string"}],"inLanguage":"da-DK"},{"@type":"Organization","@id":"https:\/\/www.elementvape.de\/#organization","name":"ElementVape.DE","url":"https:\/\/www.elementvape.de\/","logo":{"@type":"ImageObject","inLanguage":"da-DK","@id":"https:\/\/www.elementvape.de\/#\/schema\/logo\/image\/","url":"https:\/\/www.elementvape.de\/wp-content\/uploads\/2024\/09\/cropped-1elementvape-3.png","contentUrl":"https:\/\/www.elementvape.de\/wp-content\/uploads\/2024\/09\/cropped-1elementvape-3.png","width":285,"height":228,"caption":"ElementVape.DE"},"image":{"@id":"https:\/\/www.elementvape.de\/#\/schema\/logo\/image\/"}}]}},"_links":{"self":[{"href":"https:\/\/www.elementvape.de\/da\/wp-json\/wp\/v2\/product\/8634"}],"collection":[{"href":"https:\/\/www.elementvape.de\/da\/wp-json\/wp\/v2\/product"}],"about":[{"href":"https:\/\/www.elementvape.de\/da\/wp-json\/wp\/v2\/types\/product"}],"wp:featuredmedia":[{"embeddable":true,"href":"https:\/\/www.elementvape.de\/da\/wp-json\/wp\/v2\/media\/8635"}],"wp:attachment":[{"href":"https:\/\/www.elementvape.de\/da\/wp-json\/wp\/v2\/media?parent=8634"}],"wp:term":[{"taxonomy":"product_cat","embeddable":true,"href":"https:\/\/www.elementvape.de\/da\/wp-json\/wp\/v2\/product_cat?post=8634"},{"taxonomy":"product_tag","embeddable":true,"href":"https:\/\/www.elementvape.de\/da\/wp-json\/wp\/v2\/product_tag?post=8634"}],"curies":[{"name":"wp","href":"https:\/\/api.w.org\/{rel}","templated":true}]}}