{"id":8504,"date":"2024-04-20T06:36:00","date_gmt":"2024-04-20T06:36:00","guid":{"rendered":"https:\/\/www.elementvape.de\/?post_type=product&#038;p=8504"},"modified":"2024-12-12T06:36:59","modified_gmt":"2024-12-12T06:36:59","slug":"vapor-esso-xros-2-kit-vape-mit-2ml","status":"publish","type":"product","link":"https:\/\/www.elementvape.de\/da\/produkt\/vapor-esso-xros-2-kit-vape-mit-2ml\/","title":{"rendered":"Vapor esso xros 2 kit vape med 2ml xros pod patron 1000mAh batteri 11w\/16w elektronisk cigaret mtl vaporizer"},"content":{"rendered":"<p>&nbsp;<\/p>\n<div class=\"product-specs-list-container\">\n<ul class=\"product-specs-list util-clearfix\">\n<li class=\"product-prop line-limit-length\"><span class=\"property-title\">Udseende:\u00a0<\/span><span class=\"property-desc line-limit-length\">Boksform<\/span><\/li>\n<li class=\"product-prop line-limit-length\"><span class=\"property-title\">Kompatibel Batteri:\u00a0<\/span><span class=\"property-desc line-limit-length\">Ingen<\/span><\/li>\n<li class=\"product-prop line-limit-length\"><span class=\"property-title\">Overv\u00e5gningsfunktion for Rygning Antal:\u00a0<\/span><span class=\"property-desc line-limit-length\">Nej<\/span><\/li>\n<li class=\"product-prop line-limit-length\"><span class=\"property-title\">Silicone Cover:\u00a0<\/span><span class=\"property-desc line-limit-length\">Nej<\/span><\/li>\n<li class=\"product-prop line-limit-length\"><span class=\"property-title\">Temperaturregulering:\u00a0<\/span><span class=\"property-desc line-limit-length\">Nej<\/span><\/li>\n<li class=\"product-prop line-limit-length\"><span class=\"property-title\">Indbygget eller Ekstern Batteri:\u00a0<\/span><span class=\"property-desc line-limit-length\">Indbygget<\/span><\/li>\n<li class=\"product-prop line-limit-length\"><span class=\"property-title\">Kortslutningsbeskyttelsesfunktion:\u00a0<\/span><span class=\"property-desc line-limit-length\">Ja<\/span><\/li>\n<li class=\"product-prop line-limit-length\"><span class=\"property-title\">Overophedningsbeskyttelsesfunktion:\u00a0<\/span><span class=\"property-desc line-limit-length\">Ja<\/span><\/li>\n<li class=\"product-prop line-limit-length\"><span class=\"property-title\">Lavsp\u00e6ndingsalarmfunktion:\u00a0<\/span><span class=\"property-desc line-limit-length\">Ja<\/span><\/li>\n<li class=\"product-prop line-limit-length\"><span class=\"property-title\">Spr\u00f8jteidentifikation Funktion:\u00a0<\/span><span class=\"property-desc line-limit-length\">Ja<\/span><\/li>\n<li class=\"product-prop line-limit-length\"><span class=\"property-title\">TCR-indstillingsmodi:\u00a0<\/span><span class=\"property-desc line-limit-length\">Nej<\/span><\/li>\n<li class=\"product-prop line-limit-length\"><span class=\"property-title\">Nominal kapacitet:\u00a0<\/span><span class=\"property-desc line-limit-length\">1000mAh<\/span><\/li>\n<li class=\"product-prop line-limit-length\"><span class=\"property-title\">Materiale:\u00a0<\/span><span class=\"property-desc line-limit-length\">Metal<\/span><\/li>\n<li class=\"product-prop line-limit-length\"><span class=\"property-title\">Kompatibel model:\u00a0<\/span><span class=\"property-desc line-limit-length\">Elektronisk cigaretvape<\/span><\/li>\n<li class=\"product-prop line-limit-length\"><span class=\"property-title\">Modelnummer:\u00a0<\/span><span class=\"property-desc line-limit-length\">Vaporesso XROS 2 Kit<\/span><\/li>\n<li class=\"product-prop line-limit-length\"><span class=\"property-title\">Usb-oplader:\u00a0<\/span><span class=\"property-desc line-limit-length\">Ja<\/span><\/li>\n<li class=\"product-prop line-limit-length\"><span class=\"property-title\">Firmwareopgradering:\u00a0<\/span><span class=\"property-desc line-limit-length\">Nej<\/span><\/li>\n<li class=\"product-prop line-limit-length\"><span class=\"property-title\">Display:\u00a0<\/span><span class=\"property-desc line-limit-length\">Ja<\/span><\/li>\n<li class=\"product-prop line-limit-length\"><span class=\"property-title\">Type:\u00a0<\/span><span class=\"property-desc line-limit-length\">Med batteri<\/span><\/li>\n<li class=\"product-prop line-limit-length\"><span class=\"property-title\">Varem\u00e6rke:\u00a0<\/span><span class=\"property-desc line-limit-length\">vaporesso<\/span><\/li>\n<li class=\"product-prop line-limit-length\"><span class=\"property-title\">Oprindelse:\u00a0<\/span><span class=\"property-desc line-limit-length\">CN (Oprindelse)<\/span><\/li>\n<\/ul>\n<\/div>\n<div class=\"detailmodule_html\">\n<div class=\"detail-desc-decorate-richtext\">\n<div class=\"detailmodule_dynamic\"><\/div>\n<div class=\"detailmodule_text\">\n<div><\/div>\n<p id=\"tl_1\" class=\"detail-desc-decorate-title\" style=\"font-family: OpenSans; font-size: 20px; font-weight: 900; line-height: 28px; margin-bottom: 12px;\">1* Vaporesso XROS Batteri<br \/>\n1* Vaporesso XROS Serie 0.8ohm Pod 2ml<br \/>\n1* Vaporesso XROS Serie 1.2ohm Pod 2ml<br \/>\n1* Type-C Kabel<br \/>\n1* Brugsanvisning<br \/>\n1* Garanti-kort<\/p>\n<\/div>\n<div class=\"detailmodule_text\">\n<p id=\"tl_2\" class=\"detail-desc-decorate-title\" style=\"font-family: OpenSans; font-size: 20px; font-weight: 900; line-height: 28px; margin-bottom: 12px;\">Beskrivelse:<\/p>\n<p id=\"tl_3\" class=\"detail-desc-decorate-content\" style=\"font-family: OpenSans; font-size: 14px; font-weight: 300; line-height: 20px; margin-bottom: 12px;\">XROS 2 Kit er det nye nummer i XROS-serien, det er et pod-system kit, der vil overskride gr\u00e6nserne. Det har justerbar luftstr\u00f8m med den opgraderede vanddr\u00e5be-luftindtag, og du kan nyde forskellige dampoplevelser fra MTL til l\u00f8s MTL mere pr\u00e6cist. XROS 2 er ogs\u00e5 kompatibel med XROS-serie pods (1,2 ohm 2 ml pod, 0,8 ohm 2 ml pod), og den nye 0,8 ohm mesh pod kan varme hurtigere og underst\u00f8tte fantastisk smag konsekvent. Hvad mere er, SSS ut\u00e6tningssikre teknologi vil l\u00e5se e-juice inde fast og forhindre rodet l\u00e6kage. Halo-knapdesignet hj\u00e6lper dig med at undg\u00e5 utilsigtet aktivering. Der er knapaktiverede og tr\u00e6kaktiverede tilstande, du kan v\u00e6lge imellem. XROS 2 har et batteri p\u00e5 1000mAh, der giver dig langvarig dampning, og du kan se batteriniveauet i realtid med den tilkoblede batteriindikator.<\/p>\n<\/div>\n<div class=\"detailmodule_text\">\n<p id=\"tl_4\" class=\"detail-desc-decorate-title\" style=\"font-family: OpenSans; font-size: 20px; font-weight: 900; line-height: 28px; margin-bottom: 12px;\">Parametre:<\/p>\n<p id=\"tl_5\" class=\"detail-desc-decorate-content\" style=\"font-family: OpenSans; font-size: 14px; font-weight: 300; line-height: 20px; margin-bottom: 12px;\">M\u00e6rke: Vaporesso<br \/>\nProduktnavn: XROS 2 Kit<br \/>\nDimension: 112,2*23,4*13,4mm<br \/>\nPodkapacitet: 2ml<br \/>\nPodmodstand: 1,2 ohm pod, 0,8 ohm mesh pod<br \/>\nBatterikapacitet: 1000mAh<br \/>\nBatteriudgangseffekt: 11W\/16W<br \/>\nOpladningsstr\u00f8m: Type-C, 5V\/1A<br \/>\nFarve: Sort, Space Grey, S\u00f8lv, Limegr\u00f8n, Druppurpur, Orange R\u00f8d<\/p>\n<\/div>\n<div class=\"detailmodule_text\">\n<p id=\"tl_6\" class=\"detail-desc-decorate-title\" style=\"font-family: OpenSans; font-size: 20px; font-weight: 900; line-height: 28px; margin-bottom: 12px;\">Detaljer:<\/p>\n<p id=\"tl_7\" class=\"detail-desc-decorate-content\" style=\"font-family: OpenSans; font-size: 14px; font-weight: 300; line-height: 20px; margin-bottom: 12px;\">1. Opgraderet vanddr\u00e5be-luftindtag<br \/>\n2. SSS ut\u00e6tningssikre teknologi<br \/>\n3. 1000mAh batterikapacitet<br \/>\n4. N\u00f8jagtig luftstr\u00f8mskontrol fra MTL til l\u00f8s MTL<br \/>\n5. Kompatibel med XROS pods: 1,2 ohm pod, 0,8 ohm mesh pod<br \/>\n6. Knapaktiverede og tr\u00e6kaktiverede tilstande<br \/>\n7. Halo-knap for at forhindre utilsigtet aktivering<br \/>\n8. Tiding batteriindikator for at vise realtids batteriniveau<br \/>\n9. 150\u00b0 forfinet buet base lavet af diamant h\u00f8jglanssk\u00e6ringsproces<\/p>\n<\/div>\n<div class=\"detailmodule_text\">\n<p id=\"tl_8\" class=\"detail-desc-decorate-title\" style=\"font-family: OpenSans; font-size: 20px; font-weight: 900; line-height: 28px; margin-bottom: 12px;\">Pakke:<\/p>\n<p id=\"tl_9\" class=\"detail-desc-decorate-content\" style=\"font-family: OpenSans; font-size: 14px; font-weight: 300; line-height: 20px; margin-bottom: 12px;\">1* Vaporesso XROS Batteri<br \/>\n1* Vaporesso XROS Serie 0.8ohm Pod 2ml<br \/>\n1* Vaporesso XROS Serie 1.2ohm Pod 2ml<br \/>\n1* Type-C Kabel<br \/>\n1* Brugsanvisning<br \/>\n1* Garanti-kort<\/p>\n<\/div>\n<div class=\"detailmodule_image\"><img decoding=\"async\" loading=\"lazy\" class=\"detail-desc-decorate-image\" src=\"https:\/\/ae01.alicdn.com\/kf\/H351e7fdd37f647feaf498968bc82dc60u.jpg\" \/><br \/>\n<img decoding=\"async\" loading=\"lazy\" class=\"detail-desc-decorate-image\" src=\"https:\/\/ae01.alicdn.com\/kf\/Ha3759aeabc084666b359f659b46fb8b1a.jpg\" \/><br \/>\n<img decoding=\"async\" loading=\"lazy\" class=\"detail-desc-decorate-image\" src=\"https:\/\/ae01.alicdn.com\/kf\/Ha29d04334a7c43c7a790351e2dc62813C.jpg\" \/><br \/>\n<img decoding=\"async\" loading=\"lazy\" class=\"detail-desc-decorate-image\" src=\"https:\/\/ae01.alicdn.com\/kf\/H4c0f8483487346238a65a71790b7106eV.jpg\" \/><br \/>\n<img decoding=\"async\" loading=\"lazy\" class=\"detail-desc-decorate-image\" src=\"https:\/\/ae01.alicdn.com\/kf\/H1217e16034964b178a5e9b67145357cd9.jpg\" \/><\/div>\n<p>&nbsp;<\/p>\n<\/div>\n<\/div>","protected":false},"excerpt":{"rendered":"<p>&nbsp; Aussehen:\u00a0Box Form Kompatibler Akku:\u00a0Kein \u00dcberwachung Funktion Von Rauchen Anzahl:\u00a0Nein Silikon Fall:\u00a0Nein Temperaturregelung:\u00a0Nein Eingebaute Oder Externe Batterie:\u00a0Eingebaute Kurzschlussschutz Funktion:\u00a0Ja \u00dcberhitzungsschutz-funktion:\u00a0Ja Niederspannungsalarmfunktion:\u00a0Ja Zerst\u00e4uber Identifikation Funktion:\u00a0Ja TCR Einstellung Modi:\u00a0Nein Nominale Kapazit\u00e4t:\u00a01000mAh Material:\u00a0Metall Compatible Model:\u00a0Electronic Cigarette Vape Modellnummer:\u00a0Vaporesso XROS 2 Kit Usb-ladeger\u00e4t:\u00a0Ja Firmware-upgrade:\u00a0Nein Display:\u00a0Ja Art:\u00a0Mit Batterie Markenname:\u00a0vaporesso Ursprung:\u00a0CN (Herkunft) 1* Vaporesso XROS 2 Battery 1* Vaporesso XROS Series [&hellip;]<\/p>","protected":false},"featured_media":8505,"template":"","meta":{"inline_featured_image":false},"product_cat":[750,737,736,749,76,81],"product_tag":[],"tiered_pricing_type":"fixed","tiered_pricing_fixed_rules":[],"tiered_pricing_percentage_rules":[],"tiered_pricing_minimum":1,"_administrator_tiered_pricing_type":"fixed","_administrator_tiered_pricing_fixed_rules":[],"_editor_tiered_pricing_type":"fixed","_editor_tiered_pricing_fixed_rules":[],"_author_tiered_pricing_type":"fixed","_author_tiered_pricing_fixed_rules":[],"_contributor_tiered_pricing_type":"fixed","_contributor_tiered_pricing_fixed_rules":[],"_subscriber_tiered_pricing_type":"fixed","_subscriber_tiered_pricing_fixed_rules":[],"_customer_tiered_pricing_type":"fixed","_customer_tiered_pricing_fixed_rules":[],"_shop_manager_tiered_pricing_type":"fixed","_shop_manager_tiered_pricing_fixed_rules":[],"_wpseo_manager_tiered_pricing_type":"fixed","_wpseo_manager_tiered_pricing_fixed_rules":[],"_wpseo_editor_tiered_pricing_type":"fixed","_wpseo_editor_tiered_pricing_fixed_rules":[],"_wholesale_customer_tiered_pricing_type":"fixed","_wholesale_customer_tiered_pricing_fixed_rules":[],"_marketer_tiered_pricing_type":"fixed","_marketer_tiered_pricing_fixed_rules":[],"_sales_manager_tiered_pricing_type":"fixed","_sales_manager_tiered_pricing_fixed_rules":[],"_sales_rep_tiered_pricing_type":"fixed","_sales_rep_tiered_pricing_fixed_rules":[],"yoast_head":"<!-- This site is optimized with the Yoast SEO plugin v23.3 - https:\/\/yoast.com\/wordpress\/plugins\/seo\/ -->\n<title>Vapor esso xros 2 kit vape mit 2ml xros pod patrone 1000mah batterie 11w\/16w elektronische zigarette mtl vapor izer | ElementVape.de<\/title>\n<meta name=\"description\" content=\"Wir bieten Vapor esso xros 2 kit vape mit 2ml xros pod patrone 1000mah batterie 11w\/16w elektronische zigarette mtl vapor izer , Elementvape.de akzeptieren Gro\u00df-und Einzelhandel Bestellungen.\" \/>\n<meta name=\"robots\" content=\"index, follow, max-snippet:-1, max-image-preview:large, max-video-preview:-1\" \/>\n<link rel=\"canonical\" href=\"https:\/\/www.elementvape.de\/da\/produkt\/vapor-esso-xros-2-kit-vape-mit-2ml\/\" \/>\n<meta property=\"og:locale\" content=\"da_DK\" \/>\n<meta property=\"og:type\" content=\"article\" \/>\n<meta property=\"og:title\" content=\"Vapor esso xros 2 kit vape mit 2ml xros pod patrone 1000mah batterie 11w\/16w elektronische zigarette mtl vapor izer | ElementVape.de\" \/>\n<meta property=\"og:description\" content=\"Wir bieten Vapor esso xros 2 kit vape mit 2ml xros pod patrone 1000mah batterie 11w\/16w elektronische zigarette mtl vapor izer , Elementvape.de akzeptieren Gro\u00df-und Einzelhandel Bestellungen.\" \/>\n<meta property=\"og:url\" content=\"https:\/\/www.elementvape.de\/da\/produkt\/vapor-esso-xros-2-kit-vape-mit-2ml\/\" \/>\n<meta property=\"og:site_name\" content=\"ElementVape.de\" \/>\n<meta property=\"article:modified_time\" content=\"2024-12-12T06:36:59+00:00\" \/>\n<meta property=\"og:image\" content=\"https:\/\/ae01.alicdn.com\/kf\/H9550b4fb77c349c694abf62886baa34fu\/Original-vapor-esso-xros-2-kit-vape-mit-2ml-xros-pod-patrone-1000mah-batterie-11w-16w.jpg\" \/>\n\t<meta property=\"og:image:width\" content=\"800\" \/>\n\t<meta property=\"og:image:height\" content=\"800\" \/>\n\t<meta property=\"og:image:type\" content=\"image\/jpeg\" \/>\n<meta name=\"twitter:card\" content=\"summary_large_image\" \/>\n<meta name=\"twitter:label1\" content=\"Est. reading time\" \/>\n\t<meta name=\"twitter:data1\" content=\"4 minutter\" \/>\n<script type=\"application\/ld+json\" class=\"yoast-schema-graph\">{\"@context\":\"https:\/\/schema.org\",\"@graph\":[{\"@type\":\"WebPage\",\"@id\":\"https:\/\/www.elementvape.de\/lt\/produkt\/vapor-esso-xros-2-kit-vape-mit-2ml\/\",\"url\":\"https:\/\/www.elementvape.de\/lt\/produkt\/vapor-esso-xros-2-kit-vape-mit-2ml\/\",\"name\":\"Vapor esso xros 2 kit vape mit 2ml xros pod patrone 1000mah batterie 11w\/16w elektronische zigarette mtl vapor izer | ElementVape.de\",\"isPartOf\":{\"@id\":\"https:\/\/www.elementvape.de\/#website\"},\"primaryImageOfPage\":{\"@id\":\"https:\/\/www.elementvape.de\/lt\/produkt\/vapor-esso-xros-2-kit-vape-mit-2ml\/#primaryimage\"},\"image\":{\"@id\":\"https:\/\/www.elementvape.de\/lt\/produkt\/vapor-esso-xros-2-kit-vape-mit-2ml\/#primaryimage\"},\"thumbnailUrl\":\"https:\/\/ae01.alicdn.com\/kf\/H9550b4fb77c349c694abf62886baa34fu\/Original-vapor-esso-xros-2-kit-vape-mit-2ml-xros-pod-patrone-1000mah-batterie-11w-16w.jpg\",\"datePublished\":\"2024-04-20T06:36:00+00:00\",\"dateModified\":\"2024-12-12T06:36:59+00:00\",\"description\":\"Wir bieten Vapor esso xros 2 kit vape mit 2ml xros pod patrone 1000mah batterie 11w\/16w elektronische zigarette mtl vapor izer , Elementvape.de akzeptieren Gro\u00df-und Einzelhandel Bestellungen.\",\"breadcrumb\":{\"@id\":\"https:\/\/www.elementvape.de\/lt\/produkt\/vapor-esso-xros-2-kit-vape-mit-2ml\/#breadcrumb\"},\"inLanguage\":\"da-DK\",\"potentialAction\":[{\"@type\":\"ReadAction\",\"target\":[\"https:\/\/www.elementvape.de\/lt\/produkt\/vapor-esso-xros-2-kit-vape-mit-2ml\/\"]}]},{\"@type\":\"ImageObject\",\"inLanguage\":\"da-DK\",\"@id\":\"https:\/\/www.elementvape.de\/lt\/produkt\/vapor-esso-xros-2-kit-vape-mit-2ml\/#primaryimage\",\"url\":\"https:\/\/ae01.alicdn.com\/kf\/H9550b4fb77c349c694abf62886baa34fu\/Original-vapor-esso-xros-2-kit-vape-mit-2ml-xros-pod-patrone-1000mah-batterie-11w-16w.jpg\",\"contentUrl\":\"https:\/\/ae01.alicdn.com\/kf\/H9550b4fb77c349c694abf62886baa34fu\/Original-vapor-esso-xros-2-kit-vape-mit-2ml-xros-pod-patrone-1000mah-batterie-11w-16w.jpg\",\"width\":800,\"height\":800},{\"@type\":\"BreadcrumbList\",\"@id\":\"https:\/\/www.elementvape.de\/lt\/produkt\/vapor-esso-xros-2-kit-vape-mit-2ml\/#breadcrumb\",\"itemListElement\":[{\"@type\":\"ListItem\",\"position\":1,\"name\":\"Home\",\"item\":\"https:\/\/www.elementvape.de\/\"},{\"@type\":\"ListItem\",\"position\":2,\"name\":\"Shop\",\"item\":\"https:\/\/www.elementvape.de\/shop\/\"},{\"@type\":\"ListItem\",\"position\":3,\"name\":\"Vapor esso xros 2 kit vape mit 2ml xros pod patrone 1000mah batterie 11w\/16w elektronische zigarette mtl vapor izer\"}]},{\"@type\":\"WebSite\",\"@id\":\"https:\/\/www.elementvape.de\/#website\",\"url\":\"https:\/\/www.elementvape.de\/\",\"name\":\"ElementVape.de\",\"description\":\"\",\"publisher\":{\"@id\":\"https:\/\/www.elementvape.de\/#organization\"},\"potentialAction\":[{\"@type\":\"SearchAction\",\"target\":{\"@type\":\"EntryPoint\",\"urlTemplate\":\"https:\/\/www.elementvape.de\/?s={search_term_string}\"},\"query-input\":\"required name=search_term_string\"}],\"inLanguage\":\"da-DK\"},{\"@type\":\"Organization\",\"@id\":\"https:\/\/www.elementvape.de\/#organization\",\"name\":\"ElementVape.DE\",\"url\":\"https:\/\/www.elementvape.de\/\",\"logo\":{\"@type\":\"ImageObject\",\"inLanguage\":\"da-DK\",\"@id\":\"https:\/\/www.elementvape.de\/#\/schema\/logo\/image\/\",\"url\":\"https:\/\/www.elementvape.de\/wp-content\/uploads\/2024\/09\/cropped-1elementvape-3.png\",\"contentUrl\":\"https:\/\/www.elementvape.de\/wp-content\/uploads\/2024\/09\/cropped-1elementvape-3.png\",\"width\":285,\"height\":228,\"caption\":\"ElementVape.DE\"},\"image\":{\"@id\":\"https:\/\/www.elementvape.de\/#\/schema\/logo\/image\/\"}}]}<\/script>\n<!-- \/ Yoast SEO plugin. -->","yoast_head_json":{"title":"Vapor esso xros 2 kit vape mit 2ml xros pod patrone 1000mah batterie 11w\/16w elektronische zigarette mtl vapor izer | ElementVape.de","description":"Wir bieten Vapor esso xros 2 kit vape mit 2ml xros pod patrone 1000mah batterie 11w\/16w elektronische zigarette mtl vapor izer , Elementvape.de akzeptieren Gro\u00df-und Einzelhandel Bestellungen.","robots":{"index":"index","follow":"follow","max-snippet":"max-snippet:-1","max-image-preview":"max-image-preview:large","max-video-preview":"max-video-preview:-1"},"canonical":"https:\/\/www.elementvape.de\/da\/produkt\/vapor-esso-xros-2-kit-vape-mit-2ml\/","og_locale":"da_DK","og_type":"article","og_title":"Vapor esso xros 2 kit vape mit 2ml xros pod patrone 1000mah batterie 11w\/16w elektronische zigarette mtl vapor izer | ElementVape.de","og_description":"Wir bieten Vapor esso xros 2 kit vape mit 2ml xros pod patrone 1000mah batterie 11w\/16w elektronische zigarette mtl vapor izer , Elementvape.de akzeptieren Gro\u00df-und Einzelhandel Bestellungen.","og_url":"https:\/\/www.elementvape.de\/da\/produkt\/vapor-esso-xros-2-kit-vape-mit-2ml\/","og_site_name":"ElementVape.de","article_modified_time":"2024-12-12T06:36:59+00:00","og_image":[{"width":800,"height":800,"url":"https:\/\/ae01.alicdn.com\/kf\/H9550b4fb77c349c694abf62886baa34fu\/Original-vapor-esso-xros-2-kit-vape-mit-2ml-xros-pod-patrone-1000mah-batterie-11w-16w.jpg","type":"image\/jpeg"}],"twitter_card":"summary_large_image","twitter_misc":{"Est. reading time":"4 minutter"},"schema":{"@context":"https:\/\/schema.org","@graph":[{"@type":"WebPage","@id":"https:\/\/www.elementvape.de\/lt\/produkt\/vapor-esso-xros-2-kit-vape-mit-2ml\/","url":"https:\/\/www.elementvape.de\/lt\/produkt\/vapor-esso-xros-2-kit-vape-mit-2ml\/","name":"Vapor esso xros 2 kit vape mit 2ml xros pod patrone 1000mah batterie 11w\/16w elektronische zigarette mtl vapor izer | ElementVape.de","isPartOf":{"@id":"https:\/\/www.elementvape.de\/#website"},"primaryImageOfPage":{"@id":"https:\/\/www.elementvape.de\/lt\/produkt\/vapor-esso-xros-2-kit-vape-mit-2ml\/#primaryimage"},"image":{"@id":"https:\/\/www.elementvape.de\/lt\/produkt\/vapor-esso-xros-2-kit-vape-mit-2ml\/#primaryimage"},"thumbnailUrl":"https:\/\/ae01.alicdn.com\/kf\/H9550b4fb77c349c694abf62886baa34fu\/Original-vapor-esso-xros-2-kit-vape-mit-2ml-xros-pod-patrone-1000mah-batterie-11w-16w.jpg","datePublished":"2024-04-20T06:36:00+00:00","dateModified":"2024-12-12T06:36:59+00:00","description":"Wir bieten Vapor esso xros 2 kit vape mit 2ml xros pod patrone 1000mah batterie 11w\/16w elektronische zigarette mtl vapor izer , Elementvape.de akzeptieren Gro\u00df-und Einzelhandel Bestellungen.","breadcrumb":{"@id":"https:\/\/www.elementvape.de\/lt\/produkt\/vapor-esso-xros-2-kit-vape-mit-2ml\/#breadcrumb"},"inLanguage":"da-DK","potentialAction":[{"@type":"ReadAction","target":["https:\/\/www.elementvape.de\/lt\/produkt\/vapor-esso-xros-2-kit-vape-mit-2ml\/"]}]},{"@type":"ImageObject","inLanguage":"da-DK","@id":"https:\/\/www.elementvape.de\/lt\/produkt\/vapor-esso-xros-2-kit-vape-mit-2ml\/#primaryimage","url":"https:\/\/ae01.alicdn.com\/kf\/H9550b4fb77c349c694abf62886baa34fu\/Original-vapor-esso-xros-2-kit-vape-mit-2ml-xros-pod-patrone-1000mah-batterie-11w-16w.jpg","contentUrl":"https:\/\/ae01.alicdn.com\/kf\/H9550b4fb77c349c694abf62886baa34fu\/Original-vapor-esso-xros-2-kit-vape-mit-2ml-xros-pod-patrone-1000mah-batterie-11w-16w.jpg","width":800,"height":800},{"@type":"BreadcrumbList","@id":"https:\/\/www.elementvape.de\/lt\/produkt\/vapor-esso-xros-2-kit-vape-mit-2ml\/#breadcrumb","itemListElement":[{"@type":"ListItem","position":1,"name":"Home","item":"https:\/\/www.elementvape.de\/"},{"@type":"ListItem","position":2,"name":"Shop","item":"https:\/\/www.elementvape.de\/shop\/"},{"@type":"ListItem","position":3,"name":"Vapor esso xros 2 kit vape mit 2ml xros pod patrone 1000mah batterie 11w\/16w elektronische zigarette mtl vapor izer"}]},{"@type":"WebSite","@id":"https:\/\/www.elementvape.de\/#website","url":"https:\/\/www.elementvape.de\/","name":"ElementVape.de","description":"","publisher":{"@id":"https:\/\/www.elementvape.de\/#organization"},"potentialAction":[{"@type":"SearchAction","target":{"@type":"EntryPoint","urlTemplate":"https:\/\/www.elementvape.de\/?s={search_term_string}"},"query-input":"required name=search_term_string"}],"inLanguage":"da-DK"},{"@type":"Organization","@id":"https:\/\/www.elementvape.de\/#organization","name":"ElementVape.DE","url":"https:\/\/www.elementvape.de\/","logo":{"@type":"ImageObject","inLanguage":"da-DK","@id":"https:\/\/www.elementvape.de\/#\/schema\/logo\/image\/","url":"https:\/\/www.elementvape.de\/wp-content\/uploads\/2024\/09\/cropped-1elementvape-3.png","contentUrl":"https:\/\/www.elementvape.de\/wp-content\/uploads\/2024\/09\/cropped-1elementvape-3.png","width":285,"height":228,"caption":"ElementVape.DE"},"image":{"@id":"https:\/\/www.elementvape.de\/#\/schema\/logo\/image\/"}}]}},"_links":{"self":[{"href":"https:\/\/www.elementvape.de\/da\/wp-json\/wp\/v2\/product\/8504"}],"collection":[{"href":"https:\/\/www.elementvape.de\/da\/wp-json\/wp\/v2\/product"}],"about":[{"href":"https:\/\/www.elementvape.de\/da\/wp-json\/wp\/v2\/types\/product"}],"wp:featuredmedia":[{"embeddable":true,"href":"https:\/\/www.elementvape.de\/da\/wp-json\/wp\/v2\/media\/8505"}],"wp:attachment":[{"href":"https:\/\/www.elementvape.de\/da\/wp-json\/wp\/v2\/media?parent=8504"}],"wp:term":[{"taxonomy":"product_cat","embeddable":true,"href":"https:\/\/www.elementvape.de\/da\/wp-json\/wp\/v2\/product_cat?post=8504"},{"taxonomy":"product_tag","embeddable":true,"href":"https:\/\/www.elementvape.de\/da\/wp-json\/wp\/v2\/product_tag?post=8504"}],"curies":[{"name":"wp","href":"https:\/\/api.w.org\/{rel}","templated":true}]}}