{"id":8258,"date":"2024-04-20T08:03:35","date_gmt":"2024-04-20T08:03:35","guid":{"rendered":"https:\/\/www.elementvape.de\/?post_type=product&#038;p=8258"},"modified":"2024-09-12T10:31:58","modified_gmt":"2024-09-12T10:31:58","slug":"vandy-vape-pulse-aio-v2-kit-e-zigaretten-cartomizer","status":"publish","type":"product","link":"https:\/\/www.elementvape.de\/da\/produkt\/vandy-vape-pulse-aio-v2-kit-e-zigaretten-cartomizer\/","title":{"rendered":"Vandy Vape Pulse Aio V2 Kit E-cigaretter-tilbeh\u00f8r"},"content":{"rendered":"<p>&nbsp;<\/p>\n<div class=\"product-specs-list-container\">\n<ul class=\"product-specs-list util-clearfix\">\n<li class=\"product-prop line-limit-length\"><span class=\"property-title\">Udseende:\u00a0<\/span><span class=\"property-desc line-limit-length\">Boksform<\/span><\/li>\n<li class=\"product-prop line-limit-length\"><span class=\"property-title\">Kompatibel Batteri:\u00a0<\/span><span class=\"property-desc line-limit-length\">18650<\/span><\/li>\n<li class=\"product-prop line-limit-length\"><span class=\"property-title\">Overv\u00e5gningsfunktion for Rygning Antal:\u00a0<\/span><span class=\"property-desc line-limit-length\">Nej<\/span><\/li>\n<li class=\"product-prop line-limit-length\"><span class=\"property-title\">Silicone Cover:\u00a0<\/span><span class=\"property-desc line-limit-length\">Nej<\/span><\/li>\n<li class=\"product-prop line-limit-length\"><span class=\"property-title\">Temperaturregulering:\u00a0<\/span><span class=\"property-desc line-limit-length\">Nej<\/span><\/li>\n<li class=\"product-prop line-limit-length\"><span class=\"property-title\">Indbygget eller Ekstern Batteri:\u00a0<\/span><span class=\"property-desc line-limit-length\">Ekstern<\/span><\/li>\n<li class=\"product-prop line-limit-length\"><span class=\"property-title\">Kortslutningsbeskyttelsesfunktion:\u00a0<\/span><span class=\"property-desc line-limit-length\">Ja<\/span><\/li>\n<li class=\"product-prop line-limit-length\"><span class=\"property-title\">Overophedningsbeskyttelsesfunktion:\u00a0<\/span><span class=\"property-desc line-limit-length\">Nej<\/span><\/li>\n<li class=\"product-prop line-limit-length\"><span class=\"property-title\">Lavsp\u00e6ndingsalarmfunktion:\u00a0<\/span><span class=\"property-desc line-limit-length\">Nej<\/span><\/li>\n<li class=\"product-prop line-limit-length\"><span class=\"property-title\">Spr\u00f8jteidentifikation Funktion:\u00a0<\/span><span class=\"property-desc line-limit-length\">Ja<\/span><\/li>\n<li class=\"product-prop line-limit-length\"><span class=\"property-title\">TCR-indstillingsmodi:\u00a0<\/span><span class=\"property-desc line-limit-length\">Nej<\/span><\/li>\n<li class=\"product-prop line-limit-length\"><span class=\"property-title\">Nominal kapacitet:\u00a0<\/span><span class=\"property-desc line-limit-length\">Ingen<\/span><\/li>\n<li class=\"product-prop line-limit-length\"><span class=\"property-title\">Materiale:\u00a0<\/span><span class=\"property-desc line-limit-length\">Metal<\/span><\/li>\n<li class=\"product-prop line-limit-length\"><span class=\"property-title\">Kompatibel model:\u00a0<\/span><span class=\"property-desc line-limit-length\">Elektronisk cigaretvape<\/span><\/li>\n<li class=\"product-prop line-limit-length\"><span class=\"property-title\">Modelnummer:\u00a0<\/span><span class=\"property-desc line-limit-length\">Vandy Vape Pulse AIO V2 Kit<\/span><\/li>\n<li class=\"product-prop line-limit-length\"><span class=\"property-title\">Usb-oplader:\u00a0<\/span><span class=\"property-desc line-limit-length\">Ja<\/span><\/li>\n<li class=\"product-prop line-limit-length\"><span class=\"property-title\">Firmwareopgradering:\u00a0<\/span><span class=\"property-desc line-limit-length\">Nej<\/span><\/li>\n<li class=\"product-prop line-limit-length\"><span class=\"property-title\">Display:\u00a0<\/span><span class=\"property-desc line-limit-length\">Ja<\/span><\/li>\n<li class=\"product-prop line-limit-length\"><span class=\"property-title\">Type:\u00a0<\/span><span class=\"property-desc line-limit-length\">Uden batteri<\/span><\/li>\n<li class=\"product-prop line-limit-length\"><span class=\"property-title\">Varem\u00e6rke:\u00a0<\/span><span class=\"property-desc line-limit-length\">Hapyan<\/span><\/li>\n<li class=\"product-prop line-limit-length\"><span class=\"property-title\">Oprindelse:\u00a0<\/span><span class=\"property-desc line-limit-length\">CN (Oprindelse)<\/span><\/li>\n<li class=\"product-prop line-limit-length\"><span class=\"property-title\">Outputomr\u00e5de:\u00a0<\/span><span class=\"property-desc line-limit-length\">5-80W<\/span><\/li>\n<li class=\"product-prop line-limit-length\"><span class=\"property-title\">Modstandsomr\u00e5de:\u00a0<\/span><span class=\"property-desc line-limit-length\">0,05-3,0ohm<\/span><\/li>\n<li class=\"product-prop line-limit-length\"><span class=\"property-title\">Kort:\u00a0<\/span><span class=\"property-desc line-limit-length\">IP67 PCBA Vandt\u00e6t Kredsl\u00f8bsprint<\/span><\/li>\n<\/ul>\n<\/div>\n<div class=\"detailmodule_html\">\n<div class=\"detail-desc-decorate-richtext\">\n<div class=\"detailmodule_text\">\n<p id=\"tl_1\" class=\"detail-desc-decorate-title\" style=\"font-family: OpenSans; font-size: 20px; font-weight: 900; line-height: 28px; color: #000000; margin-bottom: 12px;\">Original Vandy Vape Puls Aio V2 Kit 80W Box Mod Vape med 6ml RBA Pod Patron, IP67 PCBA Kort elektronisk cigaretvaporizer<\/p>\n<\/div>\n<div class=\"detailmodule_text\">\n<p id=\"tl_2\" class=\"detail-desc-decorate-title\" style=\"font-family: OpenSans; font-size: 20px; font-weight: 900; line-height: 28px; color: #000000; margin-bottom: 12px;\">Beskrivelse:<\/p>\n<p id=\"tl_3\" class=\"detail-desc-decorate-content\" style=\"font-family: OpenSans; font-size: 14px; font-weight: 300; line-height: 20px; color: #000000; margin-bottom: 12px;\">Vandy vape pulse aio v2 kit er kompakt og b\u00e6rbart, drevet af et enkelt 18650-batteri (medf\u00f8lger ikke) og udstyret med en RBA med 6ml kapacitet og en aktiveringsknap. Impulsens PCB er vandt\u00e6t. Det er derfor nemt at t\u00f8rre saftpletter og st\u00f8v af. Hvis du foretr\u00e6kker at dampe p\u00e5 farten, er denne Aio det bedste valg p\u00e5 grund af det udskiftelige 18650-batteri (medf\u00f8lger ikke) og den store kapacitet. Derudover leveres Vandy Vape Pulse AIO V2 ogs\u00e5 med en 510-adapter til forskellige behov.<\/p>\n<\/div>\n<div class=\"detailmodule_text\">\n<p id=\"tl_4\" class=\"detail-desc-decorate-title\" style=\"font-family: OpenSans; font-size: 20px; font-weight: 900; line-height: 28px; color: #000000; margin-bottom: 12px;\">Egenskaber:<\/p>\n<p id=\"tl_5\" class=\"detail-desc-decorate-content\" style=\"font-family: OpenSans; font-size: 14px; font-weight: 300; line-height: 20px; color: #000000; margin-bottom: 12px;\">\u2022 Batteri: enkelt 18650-batteri (medf\u00f8lger ikke)<br \/>\n\u2022 Udgaveomr\u00e5de: 5-80w<br \/>\n\u2022 Podkapacitet: 6ml<br \/>\n\u2022 Modstandsomr\u00e5de: 0,05-3,0 Ohm<br \/>\n\u2022 Opladning: Type-C-port<br \/>\n\u2022 Drift: Knapaktiveret<br \/>\n\u2022 Fyldesystem: Sidefyldssystem<br \/>\n\u2022 IP67 pcba vandt\u00e6t printplade<br \/>\n\u2022 Materiale: pctg + aluminiumlegering + rustfrit st\u00e5l<\/p>\n<\/div>\n<div class=\"detailmodule_text\">\n<p id=\"tl_6\" class=\"detail-desc-decorate-title\" style=\"font-family: OpenSans; font-size: 20px; font-weight: 900; line-height: 28px; color: #000000; margin-bottom: 12px;\">Pakke liste<\/p>\n<p id=\"tl_7\" class=\"detail-desc-decorate-content\" style=\"font-family: OpenSans; font-size: 14px; font-weight: 300; line-height: 20px; color: #000000; margin-bottom: 12px;\">1 * vandy vape puls aio v2 kit<br \/>\n4 * rba luftstr\u00f8msr\u00f8r<br \/>\n1 * 510-adapter<br \/>\n2 * drypespidser<br \/>\n1 * RBA<br \/>\n1 * tilbeh\u00f8rspose<br \/>\n3 * drypespidser-luftstr\u00f8msr\u00f8r<\/p>\n<\/div>\n<div class=\"detailmodule_image\"><img decoding=\"async\" loading=\"lazy\" class=\"detail-desc-decorate-image\" src=\"https:\/\/ae01.alicdn.com\/kf\/S3a71125efc8e4423b38730223729f248x.jpg\" \/><br \/>\n<img decoding=\"async\" loading=\"lazy\" class=\"detail-desc-decorate-image\" src=\"https:\/\/ae01.alicdn.com\/kf\/S0c6b704109f54243953d313ce2a522f1R.jpg\" \/><br \/>\n<img decoding=\"async\" loading=\"lazy\" class=\"detail-desc-decorate-image\" src=\"https:\/\/ae01.alicdn.com\/kf\/S638f7fcaf39f4f16b9ce8d7c35ec12d1Q.jpg\" \/><br \/>\n<img decoding=\"async\" loading=\"lazy\" class=\"detail-desc-decorate-image\" src=\"https:\/\/ae01.alicdn.com\/kf\/S555d4247bbfc4780911eef0c90169e91Q.jpg\" \/><br \/>\n<img decoding=\"async\" loading=\"lazy\" class=\"detail-desc-decorate-image\" src=\"https:\/\/ae01.alicdn.com\/kf\/Sa59a0a1fe11f4c82b7cb8213cd844691j.jpg\" \/><br \/>\n<img decoding=\"async\" loading=\"lazy\" class=\"detail-desc-decorate-image\" src=\"https:\/\/ae01.alicdn.com\/kf\/Sc04265c53c044381bc111ee0c5288083P.jpg\" \/><br \/>\n<img decoding=\"async\" loading=\"lazy\" class=\"detail-desc-decorate-image\" src=\"https:\/\/ae01.alicdn.com\/kf\/S3a0f2b6b51394301be1117fd496b2b2af.jpg\" \/><br \/>\n<img decoding=\"async\" loading=\"lazy\" class=\"detail-desc-decorate-image\" src=\"https:\/\/ae01.alicdn.com\/kf\/Sf167710361e54d87bde9e8676c5c15b5E.jpg\" \/><br \/>\n<img decoding=\"async\" loading=\"lazy\" class=\"detail-desc-decorate-image\" src=\"https:\/\/ae01.alicdn.com\/kf\/Sb9f2a656febc4189879e46fc10e02abd4.jpg\" \/><br \/>\n<img decoding=\"async\" loading=\"lazy\" class=\"detail-desc-decorate-image\" src=\"https:\/\/ae01.alicdn.com\/kf\/S9912a86be39e455d995191d0d3e946fai.jpg\" \/><\/div>\n<div class=\"detailmodule_image\"><img decoding=\"async\" loading=\"lazy\" class=\"detail-desc-decorate-image\" src=\"https:\/\/ae01.alicdn.com\/kf\/S78f18493b63d4f4d8cb9e11985969fdej.jpg\" \/><br \/>\n<img decoding=\"async\" loading=\"lazy\" class=\"detail-desc-decorate-image\" src=\"https:\/\/ae01.alicdn.com\/kf\/Sebee5a372b5842259f887e26c9f9f825F.jpg\" \/><br \/>\n<img decoding=\"async\" loading=\"lazy\" class=\"detail-desc-decorate-image\" src=\"https:\/\/ae01.alicdn.com\/kf\/S3ef2f7402dbe4835ab5568927b20924e2.jpg\" \/><\/div>\n<p>&nbsp;<\/p>\n<\/div>\n<\/div>","protected":false},"excerpt":{"rendered":"<p>&nbsp; Aussehen:\u00a0Box Form Kompatibler Akku:\u00a018650 \u00dcberwachung Funktion Von Rauchen Anzahl:\u00a0Nein Silikon Fall:\u00a0Nein Temperaturregelung:\u00a0Nein Eingebaute Oder Externe Batterie:\u00a0External Kurzschlussschutz Funktion:\u00a0Ja \u00dcberhitzungsschutz-funktion:\u00a0Nein Niederspannungsalarmfunktion:\u00a0Nein Zerst\u00e4uber Identifikation Funktion:\u00a0Ja TCR Einstellung Modi:\u00a0Nein Nominale Kapazit\u00e4t:\u00a0Kein Material:\u00a0Metall Compatible Model:\u00a0Electronic Cigarette Vape Modellnummer:\u00a0Vandy Vape Pulse AIO V2 Kit Usb-ladeger\u00e4t:\u00a0Ja Firmware-upgrade:\u00a0Nein Display:\u00a0Ja Art:\u00a0Ohne Batterie Markenname:\u00a0Hapyan Ursprung:\u00a0CN (Herkunft) Output Range:\u00a05-80W Resistance Range:\u00a00.05-3.0ohm Board:\u00a0IP67 PCBA Waterproof [&hellip;]<\/p>","protected":false},"featured_media":8259,"template":"","meta":{"inline_featured_image":false},"product_cat":[15,78,750,737,736,749,77],"product_tag":[],"tiered_pricing_type":"fixed","tiered_pricing_fixed_rules":[],"tiered_pricing_percentage_rules":[],"tiered_pricing_minimum":1,"_administrator_tiered_pricing_type":"fixed","_administrator_tiered_pricing_fixed_rules":[],"_editor_tiered_pricing_type":"fixed","_editor_tiered_pricing_fixed_rules":[],"_author_tiered_pricing_type":"fixed","_author_tiered_pricing_fixed_rules":[],"_contributor_tiered_pricing_type":"fixed","_contributor_tiered_pricing_fixed_rules":[],"_subscriber_tiered_pricing_type":"fixed","_subscriber_tiered_pricing_fixed_rules":[],"_customer_tiered_pricing_type":"fixed","_customer_tiered_pricing_fixed_rules":[],"_shop_manager_tiered_pricing_type":"fixed","_shop_manager_tiered_pricing_fixed_rules":[],"_wpseo_manager_tiered_pricing_type":"fixed","_wpseo_manager_tiered_pricing_fixed_rules":[],"_wpseo_editor_tiered_pricing_type":"fixed","_wpseo_editor_tiered_pricing_fixed_rules":[],"_wholesale_customer_tiered_pricing_type":"fixed","_wholesale_customer_tiered_pricing_fixed_rules":[],"_marketer_tiered_pricing_type":"fixed","_marketer_tiered_pricing_fixed_rules":[],"_sales_manager_tiered_pricing_type":"fixed","_sales_manager_tiered_pricing_fixed_rules":[],"_sales_rep_tiered_pricing_type":"fixed","_sales_rep_tiered_pricing_fixed_rules":[],"yoast_head":"<!-- This site is optimized with the Yoast SEO plugin v23.3 - https:\/\/yoast.com\/wordpress\/plugins\/seo\/ -->\n<title>Vandy Vape Pulse Aio V2 Kit E-Zigaretten-Cartomizer | ElementVape.de<\/title>\n<meta name=\"description\" content=\"Wir bieten Vandy Vape Pulse Aio V2 Kit E-Zigaretten-Cartomizer , Elementvape.de akzeptieren Gro\u00df-und Einzelhandel Bestellungen.\" \/>\n<meta name=\"robots\" content=\"index, follow, max-snippet:-1, max-image-preview:large, max-video-preview:-1\" \/>\n<link rel=\"canonical\" href=\"https:\/\/www.elementvape.de\/da\/produkt\/vandy-vape-pulse-aio-v2-kit-e-zigaretten-cartomizer\/\" \/>\n<meta property=\"og:locale\" content=\"da_DK\" \/>\n<meta property=\"og:type\" content=\"article\" \/>\n<meta property=\"og:title\" content=\"Vandy Vape Pulse Aio V2 Kit E-Zigaretten-Cartomizer | ElementVape.de\" \/>\n<meta property=\"og:description\" content=\"Wir bieten Vandy Vape Pulse Aio V2 Kit E-Zigaretten-Cartomizer , Elementvape.de akzeptieren Gro\u00df-und Einzelhandel Bestellungen.\" \/>\n<meta property=\"og:url\" content=\"https:\/\/www.elementvape.de\/da\/produkt\/vandy-vape-pulse-aio-v2-kit-e-zigaretten-cartomizer\/\" \/>\n<meta property=\"og:site_name\" content=\"ElementVape.de\" \/>\n<meta property=\"article:modified_time\" content=\"2024-09-12T10:31:58+00:00\" \/>\n<meta property=\"og:image\" content=\"https:\/\/ae01.alicdn.com\/kf\/Sc967bb874d5c47c7b23e61a174e4fefaD\/Original-Vandy-Vape-Puls-Aio-V2-Kit-80W-Box-Mod-Vape-mit-6ml-RBA-Pod-Patrone.jpg\" \/>\n\t<meta property=\"og:image:width\" content=\"800\" \/>\n\t<meta property=\"og:image:height\" content=\"800\" \/>\n\t<meta property=\"og:image:type\" content=\"image\/jpeg\" \/>\n<meta name=\"twitter:card\" content=\"summary_large_image\" \/>\n<meta name=\"twitter:label1\" content=\"Est. reading time\" \/>\n\t<meta name=\"twitter:data1\" content=\"5 minutter\" \/>\n<script type=\"application\/ld+json\" class=\"yoast-schema-graph\">{\"@context\":\"https:\/\/schema.org\",\"@graph\":[{\"@type\":\"WebPage\",\"@id\":\"https:\/\/www.elementvape.de\/el\/produkt\/vandy-vape-pulse-aio-v2-kit-e-zigaretten-cartomizer\/\",\"url\":\"https:\/\/www.elementvape.de\/el\/produkt\/vandy-vape-pulse-aio-v2-kit-e-zigaretten-cartomizer\/\",\"name\":\"Vandy Vape Pulse Aio V2 Kit E-Zigaretten-Cartomizer | ElementVape.de\",\"isPartOf\":{\"@id\":\"https:\/\/www.elementvape.de\/#website\"},\"primaryImageOfPage\":{\"@id\":\"https:\/\/www.elementvape.de\/el\/produkt\/vandy-vape-pulse-aio-v2-kit-e-zigaretten-cartomizer\/#primaryimage\"},\"image\":{\"@id\":\"https:\/\/www.elementvape.de\/el\/produkt\/vandy-vape-pulse-aio-v2-kit-e-zigaretten-cartomizer\/#primaryimage\"},\"thumbnailUrl\":\"https:\/\/ae01.alicdn.com\/kf\/Sc967bb874d5c47c7b23e61a174e4fefaD\/Original-Vandy-Vape-Puls-Aio-V2-Kit-80W-Box-Mod-Vape-mit-6ml-RBA-Pod-Patrone.jpg\",\"datePublished\":\"2024-04-20T08:03:35+00:00\",\"dateModified\":\"2024-09-12T10:31:58+00:00\",\"description\":\"Wir bieten Vandy Vape Pulse Aio V2 Kit E-Zigaretten-Cartomizer , Elementvape.de akzeptieren Gro\u00df-und Einzelhandel Bestellungen.\",\"breadcrumb\":{\"@id\":\"https:\/\/www.elementvape.de\/el\/produkt\/vandy-vape-pulse-aio-v2-kit-e-zigaretten-cartomizer\/#breadcrumb\"},\"inLanguage\":\"da-DK\",\"potentialAction\":[{\"@type\":\"ReadAction\",\"target\":[\"https:\/\/www.elementvape.de\/el\/produkt\/vandy-vape-pulse-aio-v2-kit-e-zigaretten-cartomizer\/\"]}]},{\"@type\":\"ImageObject\",\"inLanguage\":\"da-DK\",\"@id\":\"https:\/\/www.elementvape.de\/el\/produkt\/vandy-vape-pulse-aio-v2-kit-e-zigaretten-cartomizer\/#primaryimage\",\"url\":\"https:\/\/ae01.alicdn.com\/kf\/Sc967bb874d5c47c7b23e61a174e4fefaD\/Original-Vandy-Vape-Puls-Aio-V2-Kit-80W-Box-Mod-Vape-mit-6ml-RBA-Pod-Patrone.jpg\",\"contentUrl\":\"https:\/\/ae01.alicdn.com\/kf\/Sc967bb874d5c47c7b23e61a174e4fefaD\/Original-Vandy-Vape-Puls-Aio-V2-Kit-80W-Box-Mod-Vape-mit-6ml-RBA-Pod-Patrone.jpg\",\"width\":800,\"height\":800},{\"@type\":\"BreadcrumbList\",\"@id\":\"https:\/\/www.elementvape.de\/el\/produkt\/vandy-vape-pulse-aio-v2-kit-e-zigaretten-cartomizer\/#breadcrumb\",\"itemListElement\":[{\"@type\":\"ListItem\",\"position\":1,\"name\":\"Home\",\"item\":\"https:\/\/www.elementvape.de\/\"},{\"@type\":\"ListItem\",\"position\":2,\"name\":\"Shop\",\"item\":\"https:\/\/www.elementvape.de\/shop\/\"},{\"@type\":\"ListItem\",\"position\":3,\"name\":\"Vandy Vape Pulse Aio V2 Kit E-Zigaretten-Cartomizer\"}]},{\"@type\":\"WebSite\",\"@id\":\"https:\/\/www.elementvape.de\/#website\",\"url\":\"https:\/\/www.elementvape.de\/\",\"name\":\"ElementVape.de\",\"description\":\"\",\"publisher\":{\"@id\":\"https:\/\/www.elementvape.de\/#organization\"},\"potentialAction\":[{\"@type\":\"SearchAction\",\"target\":{\"@type\":\"EntryPoint\",\"urlTemplate\":\"https:\/\/www.elementvape.de\/?s={search_term_string}\"},\"query-input\":\"required name=search_term_string\"}],\"inLanguage\":\"da-DK\"},{\"@type\":\"Organization\",\"@id\":\"https:\/\/www.elementvape.de\/#organization\",\"name\":\"ElementVape.DE\",\"url\":\"https:\/\/www.elementvape.de\/\",\"logo\":{\"@type\":\"ImageObject\",\"inLanguage\":\"da-DK\",\"@id\":\"https:\/\/www.elementvape.de\/#\/schema\/logo\/image\/\",\"url\":\"https:\/\/www.elementvape.de\/wp-content\/uploads\/2024\/09\/cropped-1elementvape-3.png\",\"contentUrl\":\"https:\/\/www.elementvape.de\/wp-content\/uploads\/2024\/09\/cropped-1elementvape-3.png\",\"width\":285,\"height\":228,\"caption\":\"ElementVape.DE\"},\"image\":{\"@id\":\"https:\/\/www.elementvape.de\/#\/schema\/logo\/image\/\"}}]}<\/script>\n<!-- \/ Yoast SEO plugin. -->","yoast_head_json":{"title":"Vandy Vape Pulse Aio V2 Kit E-Zigaretten-Cartomizer | ElementVape.de","description":"Wir bieten Vandy Vape Pulse Aio V2 Kit E-Zigaretten-Cartomizer , Elementvape.de akzeptieren Gro\u00df-und Einzelhandel Bestellungen.","robots":{"index":"index","follow":"follow","max-snippet":"max-snippet:-1","max-image-preview":"max-image-preview:large","max-video-preview":"max-video-preview:-1"},"canonical":"https:\/\/www.elementvape.de\/da\/produkt\/vandy-vape-pulse-aio-v2-kit-e-zigaretten-cartomizer\/","og_locale":"da_DK","og_type":"article","og_title":"Vandy Vape Pulse Aio V2 Kit E-Zigaretten-Cartomizer | ElementVape.de","og_description":"Wir bieten Vandy Vape Pulse Aio V2 Kit E-Zigaretten-Cartomizer , Elementvape.de akzeptieren Gro\u00df-und Einzelhandel Bestellungen.","og_url":"https:\/\/www.elementvape.de\/da\/produkt\/vandy-vape-pulse-aio-v2-kit-e-zigaretten-cartomizer\/","og_site_name":"ElementVape.de","article_modified_time":"2024-09-12T10:31:58+00:00","og_image":[{"width":800,"height":800,"url":"https:\/\/ae01.alicdn.com\/kf\/Sc967bb874d5c47c7b23e61a174e4fefaD\/Original-Vandy-Vape-Puls-Aio-V2-Kit-80W-Box-Mod-Vape-mit-6ml-RBA-Pod-Patrone.jpg","type":"image\/jpeg"}],"twitter_card":"summary_large_image","twitter_misc":{"Est. reading time":"5 minutter"},"schema":{"@context":"https:\/\/schema.org","@graph":[{"@type":"WebPage","@id":"https:\/\/www.elementvape.de\/el\/produkt\/vandy-vape-pulse-aio-v2-kit-e-zigaretten-cartomizer\/","url":"https:\/\/www.elementvape.de\/el\/produkt\/vandy-vape-pulse-aio-v2-kit-e-zigaretten-cartomizer\/","name":"Vandy Vape Pulse Aio V2 Kit E-Zigaretten-Cartomizer | ElementVape.de","isPartOf":{"@id":"https:\/\/www.elementvape.de\/#website"},"primaryImageOfPage":{"@id":"https:\/\/www.elementvape.de\/el\/produkt\/vandy-vape-pulse-aio-v2-kit-e-zigaretten-cartomizer\/#primaryimage"},"image":{"@id":"https:\/\/www.elementvape.de\/el\/produkt\/vandy-vape-pulse-aio-v2-kit-e-zigaretten-cartomizer\/#primaryimage"},"thumbnailUrl":"https:\/\/ae01.alicdn.com\/kf\/Sc967bb874d5c47c7b23e61a174e4fefaD\/Original-Vandy-Vape-Puls-Aio-V2-Kit-80W-Box-Mod-Vape-mit-6ml-RBA-Pod-Patrone.jpg","datePublished":"2024-04-20T08:03:35+00:00","dateModified":"2024-09-12T10:31:58+00:00","description":"Wir bieten Vandy Vape Pulse Aio V2 Kit E-Zigaretten-Cartomizer , Elementvape.de akzeptieren Gro\u00df-und Einzelhandel Bestellungen.","breadcrumb":{"@id":"https:\/\/www.elementvape.de\/el\/produkt\/vandy-vape-pulse-aio-v2-kit-e-zigaretten-cartomizer\/#breadcrumb"},"inLanguage":"da-DK","potentialAction":[{"@type":"ReadAction","target":["https:\/\/www.elementvape.de\/el\/produkt\/vandy-vape-pulse-aio-v2-kit-e-zigaretten-cartomizer\/"]}]},{"@type":"ImageObject","inLanguage":"da-DK","@id":"https:\/\/www.elementvape.de\/el\/produkt\/vandy-vape-pulse-aio-v2-kit-e-zigaretten-cartomizer\/#primaryimage","url":"https:\/\/ae01.alicdn.com\/kf\/Sc967bb874d5c47c7b23e61a174e4fefaD\/Original-Vandy-Vape-Puls-Aio-V2-Kit-80W-Box-Mod-Vape-mit-6ml-RBA-Pod-Patrone.jpg","contentUrl":"https:\/\/ae01.alicdn.com\/kf\/Sc967bb874d5c47c7b23e61a174e4fefaD\/Original-Vandy-Vape-Puls-Aio-V2-Kit-80W-Box-Mod-Vape-mit-6ml-RBA-Pod-Patrone.jpg","width":800,"height":800},{"@type":"BreadcrumbList","@id":"https:\/\/www.elementvape.de\/el\/produkt\/vandy-vape-pulse-aio-v2-kit-e-zigaretten-cartomizer\/#breadcrumb","itemListElement":[{"@type":"ListItem","position":1,"name":"Home","item":"https:\/\/www.elementvape.de\/"},{"@type":"ListItem","position":2,"name":"Shop","item":"https:\/\/www.elementvape.de\/shop\/"},{"@type":"ListItem","position":3,"name":"Vandy Vape Pulse Aio V2 Kit E-Zigaretten-Cartomizer"}]},{"@type":"WebSite","@id":"https:\/\/www.elementvape.de\/#website","url":"https:\/\/www.elementvape.de\/","name":"ElementVape.de","description":"","publisher":{"@id":"https:\/\/www.elementvape.de\/#organization"},"potentialAction":[{"@type":"SearchAction","target":{"@type":"EntryPoint","urlTemplate":"https:\/\/www.elementvape.de\/?s={search_term_string}"},"query-input":"required name=search_term_string"}],"inLanguage":"da-DK"},{"@type":"Organization","@id":"https:\/\/www.elementvape.de\/#organization","name":"ElementVape.DE","url":"https:\/\/www.elementvape.de\/","logo":{"@type":"ImageObject","inLanguage":"da-DK","@id":"https:\/\/www.elementvape.de\/#\/schema\/logo\/image\/","url":"https:\/\/www.elementvape.de\/wp-content\/uploads\/2024\/09\/cropped-1elementvape-3.png","contentUrl":"https:\/\/www.elementvape.de\/wp-content\/uploads\/2024\/09\/cropped-1elementvape-3.png","width":285,"height":228,"caption":"ElementVape.DE"},"image":{"@id":"https:\/\/www.elementvape.de\/#\/schema\/logo\/image\/"}}]}},"_links":{"self":[{"href":"https:\/\/www.elementvape.de\/da\/wp-json\/wp\/v2\/product\/8258"}],"collection":[{"href":"https:\/\/www.elementvape.de\/da\/wp-json\/wp\/v2\/product"}],"about":[{"href":"https:\/\/www.elementvape.de\/da\/wp-json\/wp\/v2\/types\/product"}],"wp:featuredmedia":[{"embeddable":true,"href":"https:\/\/www.elementvape.de\/da\/wp-json\/wp\/v2\/media\/8259"}],"wp:attachment":[{"href":"https:\/\/www.elementvape.de\/da\/wp-json\/wp\/v2\/media?parent=8258"}],"wp:term":[{"taxonomy":"product_cat","embeddable":true,"href":"https:\/\/www.elementvape.de\/da\/wp-json\/wp\/v2\/product_cat?post=8258"},{"taxonomy":"product_tag","embeddable":true,"href":"https:\/\/www.elementvape.de\/da\/wp-json\/wp\/v2\/product_tag?post=8258"}],"curies":[{"name":"wp","href":"https:\/\/api.w.org\/{rel}","templated":true}]}}