{"id":8231,"date":"2024-04-20T08:00:31","date_gmt":"2024-04-20T08:00:31","guid":{"rendered":"https:\/\/www.elementvape.de\/?post_type=product&#038;p=8231"},"modified":"2024-09-12T10:32:00","modified_gmt":"2024-09-12T10:32:00","slug":"eleaf-istick-amnis-3-mod-900mah-batterie-vape","status":"publish","type":"product","link":"https:\/\/www.elementvape.de\/da\/produkt\/eleaf-istick-amnis-3-mod-900mah-batterie-vape\/","title":{"rendered":"Eleaf iStick Amnis 3 mod 900mAh batteri vape"},"content":{"rendered":"<p>&nbsp;<\/p>\n<div class=\"product-specs-list-container\">\n<ul class=\"product-specs-list util-clearfix\">\n<li class=\"product-prop line-limit-length\"><span class=\"property-title\">Overv\u00e5gningsfunktion for Rygning Antal:\u00a0<\/span><span class=\"property-desc line-limit-length\">Nej<\/span><\/li>\n<li class=\"product-prop line-limit-length\"><span class=\"property-title\">Silicone Cover:\u00a0<\/span><span class=\"property-desc line-limit-length\">Nej<\/span><\/li>\n<li class=\"product-prop line-limit-length\"><span class=\"property-title\">Kortslutningsbeskyttelsesfunktion:\u00a0<\/span><span class=\"property-desc line-limit-length\">Ja<\/span><\/li>\n<li class=\"product-prop line-limit-length\"><span class=\"property-title\">Overophedningsbeskyttelsesfunktion:\u00a0<\/span><span class=\"property-desc line-limit-length\">Ja<\/span><\/li>\n<li class=\"product-prop line-limit-length\"><span class=\"property-title\">Lavsp\u00e6ndingsalarmfunktion:\u00a0<\/span><span class=\"property-desc line-limit-length\">Nej<\/span><\/li>\n<li class=\"product-prop line-limit-length\"><span class=\"property-title\">Spr\u00f8jteidentifikation Funktion:\u00a0<\/span><span class=\"property-desc line-limit-length\">Nej<\/span><\/li>\n<li class=\"product-prop line-limit-length\"><span class=\"property-title\">Temperaturregulering:\u00a0<\/span><span class=\"property-desc line-limit-length\">Nej<\/span><\/li>\n<li class=\"product-prop line-limit-length\"><span class=\"property-title\">TCR-indstillingsmodi:\u00a0<\/span><span class=\"property-desc line-limit-length\">Nej<\/span><\/li>\n<li class=\"product-prop line-limit-length\"><span class=\"property-title\">Materiale:\u00a0<\/span><span class=\"property-desc line-limit-length\">Metal<\/span><\/li>\n<li class=\"product-prop line-limit-length\"><span class=\"property-title\">Kompatibel model:\u00a0<\/span><span class=\"property-desc line-limit-length\">GS Drive Tank<\/span><\/li>\n<li class=\"product-prop line-limit-length\"><span class=\"property-title\">Modelnummer:\u00a0<\/span><span class=\"property-desc line-limit-length\">Eleaf iStick Amnis 3 Mod<\/span><\/li>\n<li class=\"product-prop line-limit-length\"><span class=\"property-title\">Firmwareopgradering:\u00a0<\/span><span class=\"property-desc line-limit-length\">Nej<\/span><\/li>\n<li class=\"product-prop line-limit-length\"><span class=\"property-title\">Usb-oplader:\u00a0<\/span><span class=\"property-desc line-limit-length\">Ja<\/span><\/li>\n<li class=\"product-prop line-limit-length\"><span class=\"property-title\">Display:\u00a0<\/span><span class=\"property-desc line-limit-length\">Nej<\/span><\/li>\n<li class=\"product-prop line-limit-length\"><span class=\"property-title\">Indbygget eller Ekstern Batteri:\u00a0<\/span><span class=\"property-desc line-limit-length\">Ja<\/span><\/li>\n<li class=\"product-prop line-limit-length\"><span class=\"property-title\">Type:\u00a0<\/span><span class=\"property-desc line-limit-length\">Elektronisk Mod<\/span><\/li>\n<li class=\"product-prop line-limit-length\"><span class=\"property-title\">Varem\u00e6rke:\u00a0<\/span><span class=\"property-desc line-limit-length\">Dovpo<\/span><\/li>\n<li class=\"product-prop line-limit-length\"><span class=\"property-title\">Oprindelse:\u00a0<\/span><span class=\"property-desc line-limit-length\">CN (Oprindelse)<\/span><\/li>\n<\/ul>\n<\/div>\n<div class=\"detailmodule_html\">\n<div class=\"detail-desc-decorate-richtext\">\n<div class=\"detailmodule_text\">\n<p id=\"tl_1\" class=\"detail-desc-decorate-title\" style=\"font-family: OpenSans; font-size: 20px; font-weight: 900; line-height: 28px; margin-bottom: 12px;\">Original eleaf istick amnis 3 mod 900mah batteri vape USB-C hurtigopladning dampere e-cigaret til gs drivtank<\/p>\n<p id=\"tl_2\" class=\"detail-desc-decorate-content\" style=\"font-family: OpenSans; font-size: 14px; font-weight: 300; line-height: 20px; margin-bottom: 12px;\">Istick amnis 3 mod har slankt og str\u00f8mlinet design med mini st\u00f8rrelse. Du kan v\u00e6lge udgangssp\u00e6ndingen med justerbar sp\u00e6ndingsfunktion. Og der er en 3-farvet LED-indikator, der let og rettidigt viser batteriets levetid. Med et batteri p\u00e5 900mAh og USB-C-opladning kan istick amnis 3 oplades fuldt p\u00e5 ca. en time og underst\u00f8tter ca. 2 dages dampning.<\/p>\n<\/div>\n<div class=\"detailmodule_text\">\n<p id=\"tl_3\" class=\"detail-desc-decorate-title\" style=\"font-family: OpenSans; font-size: 20px; font-weight: 900; line-height: 28px; margin-bottom: 12px;\">Specifikation:<\/p>\n<p id=\"tl_4\" class=\"detail-desc-decorate-content\" style=\"font-family: OpenSans; font-size: 14px; font-weight: 300; line-height: 20px; margin-bottom: 12px;\">M\u00e6rke: eleaf<br \/>\nProduktnavn: istick amnis 3 mod<br \/>\nSt\u00f8rrelse: 18,5*27*77mm<br \/>\nBatterikapacitet: 900mah<br \/>\nUdgangssp\u00e6nding: niveau h (3,7 V)\/m (3,5 V)\/l (3,3 V)<br \/>\nOpladningsstr\u00f8m 5v\/1a (USB-C)<br \/>\nEgnet til: eleaf istick amnis kit, eleaf gs drivtank<br \/>\nFarve: sort, kaffe, s\u00f8lv, r\u00f8d, bl\u00e5<\/p>\n<\/div>\n<div class=\"detailmodule_text\">\n<p id=\"tl_5\" class=\"detail-desc-decorate-title\" style=\"font-family: OpenSans; font-size: 20px; font-weight: 900; line-height: 28px; margin-bottom: 12px;\">Detaljer:<\/p>\n<p id=\"tl_6\" class=\"detail-desc-decorate-content\" style=\"font-family: OpenSans; font-size: 14px; font-weight: 300; line-height: 20px; margin-bottom: 12px;\">1. slankt og str\u00f8mlinet design<br \/>\n2. Justerbar sp\u00e6nding: 3,7 V\/3,5 V\/3,3 V<br \/>\n3. Mini-st\u00f8rrelse, nem at bruge og b\u00e6re<br \/>\n4. Batteriniveau indikatorlys<br \/>\n5. 900mAh stor batterikapacitet<br \/>\n6. USB-C hurtigopladning<\/p>\n<\/div>\n<div class=\"detailmodule_text\">\n<p id=\"tl_7\" class=\"detail-desc-decorate-title\" style=\"font-family: OpenSans; font-size: 20px; font-weight: 900; line-height: 28px; margin-bottom: 12px;\">Pakke indeholder:<\/p>\n<p id=\"tl_8\" class=\"detail-desc-decorate-content\" style=\"font-family: OpenSans; font-size: 14px; font-weight: 300; line-height: 20px; margin-bottom: 12px;\">1 * iStick Amnis 3 mod<br \/>\n1 * USB-Type-C-kabel<br \/>\n1 * Brugerh\u00e5ndbog<br \/>\n1 * Garanti kort<\/p>\n<\/div>\n<div class=\"detailmodule_image\"><img decoding=\"async\" loading=\"lazy\" class=\"detail-desc-decorate-image\" src=\"https:\/\/ae01.alicdn.com\/kf\/S6a2c8b2e4ead44daa5da38d7a69466a3q.jpg\" \/><br \/>\n<img decoding=\"async\" loading=\"lazy\" class=\"detail-desc-decorate-image\" src=\"https:\/\/ae01.alicdn.com\/kf\/Sa0ac95002d3847c28e79fe107af6db09d.jpg\" \/><\/div>\n<p>&nbsp;<\/p>\n<\/div>\n<\/div>","protected":false},"excerpt":{"rendered":"<p>&nbsp; Overv\u00e5gningsfunktion for rygning: Nej  \nSiliconecover: Nej  \nKortslutningsbeskyttelsesfunktion: Ja  \nOverophedningsbeskyttelsesfunktion: Ja  \nLavsp\u00e6ndingsalarmfunktion: Nej  \nForst\u00f8veridentifikationsfunktion: Nej  \nTemperaturregulering: Nej  \nTCR-indstillingsmodi: Nej  \nMateriale: Metal  \nKompatibel model: GS Drive Tank  \nModelnummer: Eleaf iStick Amnis 3 Mod  \nFirmwareopgradering: Nej  \nUSB-oplader: Ja  \nDisplay: Nej  \nIndbygget eller ekstern batteri: Ja  \nType: Elektrisk mod  \nM\u00e6rke: Dovpo  \nOprindelse: CN  \nOriginal Eleaf iStick Amnis 3 mod 900mAh batteri vape USB-C hurtigopladning forst\u00f8ver<\/p>","protected":false},"featured_media":8232,"template":"","meta":{"inline_featured_image":false},"product_cat":[15,78,750,737,736,749,77],"product_tag":[],"tiered_pricing_type":"fixed","tiered_pricing_fixed_rules":[],"tiered_pricing_percentage_rules":[],"tiered_pricing_minimum":1,"_administrator_tiered_pricing_type":"fixed","_administrator_tiered_pricing_fixed_rules":[],"_editor_tiered_pricing_type":"fixed","_editor_tiered_pricing_fixed_rules":[],"_author_tiered_pricing_type":"fixed","_author_tiered_pricing_fixed_rules":[],"_contributor_tiered_pricing_type":"fixed","_contributor_tiered_pricing_fixed_rules":[],"_subscriber_tiered_pricing_type":"fixed","_subscriber_tiered_pricing_fixed_rules":[],"_customer_tiered_pricing_type":"fixed","_customer_tiered_pricing_fixed_rules":[],"_shop_manager_tiered_pricing_type":"fixed","_shop_manager_tiered_pricing_fixed_rules":[],"_wpseo_manager_tiered_pricing_type":"fixed","_wpseo_manager_tiered_pricing_fixed_rules":[],"_wpseo_editor_tiered_pricing_type":"fixed","_wpseo_editor_tiered_pricing_fixed_rules":[],"_wholesale_customer_tiered_pricing_type":"fixed","_wholesale_customer_tiered_pricing_fixed_rules":[],"_marketer_tiered_pricing_type":"fixed","_marketer_tiered_pricing_fixed_rules":[],"_sales_manager_tiered_pricing_type":"fixed","_sales_manager_tiered_pricing_fixed_rules":[],"_sales_rep_tiered_pricing_type":"fixed","_sales_rep_tiered_pricing_fixed_rules":[],"yoast_head":"<!-- This site is optimized with the Yoast SEO plugin v23.3 - https:\/\/yoast.com\/wordpress\/plugins\/seo\/ -->\n<title>Eleaf istick amnis 3 mod 900mah batterie vape | ElementVape.de<\/title>\n<meta name=\"description\" content=\"Wir bieten Eleaf istick amnis 3 mod 900mah batterie vape , Elementvape.de akzeptieren Gro\u00df-und Einzelhandel Bestellungen.\" \/>\n<meta name=\"robots\" content=\"index, follow, max-snippet:-1, max-image-preview:large, max-video-preview:-1\" \/>\n<link rel=\"canonical\" href=\"https:\/\/www.elementvape.de\/da\/produkt\/eleaf-istick-amnis-3-mod-900mah-batterie-vape\/\" \/>\n<meta property=\"og:locale\" content=\"da_DK\" \/>\n<meta property=\"og:type\" content=\"article\" \/>\n<meta property=\"og:title\" content=\"Eleaf istick amnis 3 mod 900mah batterie vape | ElementVape.de\" \/>\n<meta property=\"og:description\" content=\"Wir bieten Eleaf istick amnis 3 mod 900mah batterie vape , Elementvape.de akzeptieren Gro\u00df-und Einzelhandel Bestellungen.\" \/>\n<meta property=\"og:url\" content=\"https:\/\/www.elementvape.de\/da\/produkt\/eleaf-istick-amnis-3-mod-900mah-batterie-vape\/\" \/>\n<meta property=\"og:site_name\" content=\"ElementVape.de\" \/>\n<meta property=\"article:modified_time\" content=\"2024-09-12T10:32:00+00:00\" \/>\n<meta property=\"og:image\" content=\"https:\/\/ae01.alicdn.com\/kf\/S84307e7627e548dba7bf3bea2c4da73fS\/Original-eleaf-istick-amnis-3-mod-900mah-batterie-vape-USB-C-schnell-lade-verdampfer-e-zigarette.jpg\" \/>\n\t<meta property=\"og:image:width\" content=\"800\" \/>\n\t<meta property=\"og:image:height\" content=\"800\" \/>\n\t<meta property=\"og:image:type\" content=\"image\/jpeg\" \/>\n<meta name=\"twitter:card\" content=\"summary_large_image\" \/>\n<meta name=\"twitter:label1\" content=\"Est. reading time\" \/>\n\t<meta name=\"twitter:data1\" content=\"2 minutter\" \/>\n<script type=\"application\/ld+json\" class=\"yoast-schema-graph\">{\"@context\":\"https:\/\/schema.org\",\"@graph\":[{\"@type\":\"WebPage\",\"@id\":\"https:\/\/www.elementvape.de\/sv\/produkt\/eleaf-istick-amnis-3-mod-900mah-batterie-vape\/\",\"url\":\"https:\/\/www.elementvape.de\/sv\/produkt\/eleaf-istick-amnis-3-mod-900mah-batterie-vape\/\",\"name\":\"Eleaf istick amnis 3 mod 900mah batterie vape | ElementVape.de\",\"isPartOf\":{\"@id\":\"https:\/\/www.elementvape.de\/#website\"},\"primaryImageOfPage\":{\"@id\":\"https:\/\/www.elementvape.de\/sv\/produkt\/eleaf-istick-amnis-3-mod-900mah-batterie-vape\/#primaryimage\"},\"image\":{\"@id\":\"https:\/\/www.elementvape.de\/sv\/produkt\/eleaf-istick-amnis-3-mod-900mah-batterie-vape\/#primaryimage\"},\"thumbnailUrl\":\"https:\/\/ae01.alicdn.com\/kf\/S84307e7627e548dba7bf3bea2c4da73fS\/Original-eleaf-istick-amnis-3-mod-900mah-batterie-vape-USB-C-schnell-lade-verdampfer-e-zigarette.jpg\",\"datePublished\":\"2024-04-20T08:00:31+00:00\",\"dateModified\":\"2024-09-12T10:32:00+00:00\",\"description\":\"Wir bieten Eleaf istick amnis 3 mod 900mah batterie vape , Elementvape.de akzeptieren Gro\u00df-und Einzelhandel Bestellungen.\",\"breadcrumb\":{\"@id\":\"https:\/\/www.elementvape.de\/sv\/produkt\/eleaf-istick-amnis-3-mod-900mah-batterie-vape\/#breadcrumb\"},\"inLanguage\":\"da-DK\",\"potentialAction\":[{\"@type\":\"ReadAction\",\"target\":[\"https:\/\/www.elementvape.de\/sv\/produkt\/eleaf-istick-amnis-3-mod-900mah-batterie-vape\/\"]}]},{\"@type\":\"ImageObject\",\"inLanguage\":\"da-DK\",\"@id\":\"https:\/\/www.elementvape.de\/sv\/produkt\/eleaf-istick-amnis-3-mod-900mah-batterie-vape\/#primaryimage\",\"url\":\"https:\/\/ae01.alicdn.com\/kf\/S84307e7627e548dba7bf3bea2c4da73fS\/Original-eleaf-istick-amnis-3-mod-900mah-batterie-vape-USB-C-schnell-lade-verdampfer-e-zigarette.jpg\",\"contentUrl\":\"https:\/\/ae01.alicdn.com\/kf\/S84307e7627e548dba7bf3bea2c4da73fS\/Original-eleaf-istick-amnis-3-mod-900mah-batterie-vape-USB-C-schnell-lade-verdampfer-e-zigarette.jpg\",\"width\":800,\"height\":800},{\"@type\":\"BreadcrumbList\",\"@id\":\"https:\/\/www.elementvape.de\/sv\/produkt\/eleaf-istick-amnis-3-mod-900mah-batterie-vape\/#breadcrumb\",\"itemListElement\":[{\"@type\":\"ListItem\",\"position\":1,\"name\":\"Home\",\"item\":\"https:\/\/www.elementvape.de\/\"},{\"@type\":\"ListItem\",\"position\":2,\"name\":\"Shop\",\"item\":\"https:\/\/www.elementvape.de\/shop\/\"},{\"@type\":\"ListItem\",\"position\":3,\"name\":\"Eleaf istick amnis 3 mod 900mah batterie vape\"}]},{\"@type\":\"WebSite\",\"@id\":\"https:\/\/www.elementvape.de\/#website\",\"url\":\"https:\/\/www.elementvape.de\/\",\"name\":\"ElementVape.de\",\"description\":\"\",\"publisher\":{\"@id\":\"https:\/\/www.elementvape.de\/#organization\"},\"potentialAction\":[{\"@type\":\"SearchAction\",\"target\":{\"@type\":\"EntryPoint\",\"urlTemplate\":\"https:\/\/www.elementvape.de\/?s={search_term_string}\"},\"query-input\":\"required name=search_term_string\"}],\"inLanguage\":\"da-DK\"},{\"@type\":\"Organization\",\"@id\":\"https:\/\/www.elementvape.de\/#organization\",\"name\":\"ElementVape.DE\",\"url\":\"https:\/\/www.elementvape.de\/\",\"logo\":{\"@type\":\"ImageObject\",\"inLanguage\":\"da-DK\",\"@id\":\"https:\/\/www.elementvape.de\/#\/schema\/logo\/image\/\",\"url\":\"https:\/\/www.elementvape.de\/wp-content\/uploads\/2024\/09\/cropped-1elementvape-3.png\",\"contentUrl\":\"https:\/\/www.elementvape.de\/wp-content\/uploads\/2024\/09\/cropped-1elementvape-3.png\",\"width\":285,\"height\":228,\"caption\":\"ElementVape.DE\"},\"image\":{\"@id\":\"https:\/\/www.elementvape.de\/#\/schema\/logo\/image\/\"}}]}<\/script>\n<!-- \/ Yoast SEO plugin. -->","yoast_head_json":{"title":"Eleaf istick amnis 3 mod 900mah batterie vape | ElementVape.de","description":"Wir bieten Eleaf istick amnis 3 mod 900mah batterie vape , Elementvape.de akzeptieren Gro\u00df-und Einzelhandel Bestellungen.","robots":{"index":"index","follow":"follow","max-snippet":"max-snippet:-1","max-image-preview":"max-image-preview:large","max-video-preview":"max-video-preview:-1"},"canonical":"https:\/\/www.elementvape.de\/da\/produkt\/eleaf-istick-amnis-3-mod-900mah-batterie-vape\/","og_locale":"da_DK","og_type":"article","og_title":"Eleaf istick amnis 3 mod 900mah batterie vape | ElementVape.de","og_description":"Wir bieten Eleaf istick amnis 3 mod 900mah batterie vape , Elementvape.de akzeptieren Gro\u00df-und Einzelhandel Bestellungen.","og_url":"https:\/\/www.elementvape.de\/da\/produkt\/eleaf-istick-amnis-3-mod-900mah-batterie-vape\/","og_site_name":"ElementVape.de","article_modified_time":"2024-09-12T10:32:00+00:00","og_image":[{"width":800,"height":800,"url":"https:\/\/ae01.alicdn.com\/kf\/S84307e7627e548dba7bf3bea2c4da73fS\/Original-eleaf-istick-amnis-3-mod-900mah-batterie-vape-USB-C-schnell-lade-verdampfer-e-zigarette.jpg","type":"image\/jpeg"}],"twitter_card":"summary_large_image","twitter_misc":{"Est. reading time":"2 minutter"},"schema":{"@context":"https:\/\/schema.org","@graph":[{"@type":"WebPage","@id":"https:\/\/www.elementvape.de\/sv\/produkt\/eleaf-istick-amnis-3-mod-900mah-batterie-vape\/","url":"https:\/\/www.elementvape.de\/sv\/produkt\/eleaf-istick-amnis-3-mod-900mah-batterie-vape\/","name":"Eleaf istick amnis 3 mod 900mah batterie vape | ElementVape.de","isPartOf":{"@id":"https:\/\/www.elementvape.de\/#website"},"primaryImageOfPage":{"@id":"https:\/\/www.elementvape.de\/sv\/produkt\/eleaf-istick-amnis-3-mod-900mah-batterie-vape\/#primaryimage"},"image":{"@id":"https:\/\/www.elementvape.de\/sv\/produkt\/eleaf-istick-amnis-3-mod-900mah-batterie-vape\/#primaryimage"},"thumbnailUrl":"https:\/\/ae01.alicdn.com\/kf\/S84307e7627e548dba7bf3bea2c4da73fS\/Original-eleaf-istick-amnis-3-mod-900mah-batterie-vape-USB-C-schnell-lade-verdampfer-e-zigarette.jpg","datePublished":"2024-04-20T08:00:31+00:00","dateModified":"2024-09-12T10:32:00+00:00","description":"Wir bieten Eleaf istick amnis 3 mod 900mah batterie vape , Elementvape.de akzeptieren Gro\u00df-und Einzelhandel Bestellungen.","breadcrumb":{"@id":"https:\/\/www.elementvape.de\/sv\/produkt\/eleaf-istick-amnis-3-mod-900mah-batterie-vape\/#breadcrumb"},"inLanguage":"da-DK","potentialAction":[{"@type":"ReadAction","target":["https:\/\/www.elementvape.de\/sv\/produkt\/eleaf-istick-amnis-3-mod-900mah-batterie-vape\/"]}]},{"@type":"ImageObject","inLanguage":"da-DK","@id":"https:\/\/www.elementvape.de\/sv\/produkt\/eleaf-istick-amnis-3-mod-900mah-batterie-vape\/#primaryimage","url":"https:\/\/ae01.alicdn.com\/kf\/S84307e7627e548dba7bf3bea2c4da73fS\/Original-eleaf-istick-amnis-3-mod-900mah-batterie-vape-USB-C-schnell-lade-verdampfer-e-zigarette.jpg","contentUrl":"https:\/\/ae01.alicdn.com\/kf\/S84307e7627e548dba7bf3bea2c4da73fS\/Original-eleaf-istick-amnis-3-mod-900mah-batterie-vape-USB-C-schnell-lade-verdampfer-e-zigarette.jpg","width":800,"height":800},{"@type":"BreadcrumbList","@id":"https:\/\/www.elementvape.de\/sv\/produkt\/eleaf-istick-amnis-3-mod-900mah-batterie-vape\/#breadcrumb","itemListElement":[{"@type":"ListItem","position":1,"name":"Home","item":"https:\/\/www.elementvape.de\/"},{"@type":"ListItem","position":2,"name":"Shop","item":"https:\/\/www.elementvape.de\/shop\/"},{"@type":"ListItem","position":3,"name":"Eleaf istick amnis 3 mod 900mah batterie vape"}]},{"@type":"WebSite","@id":"https:\/\/www.elementvape.de\/#website","url":"https:\/\/www.elementvape.de\/","name":"ElementVape.de","description":"","publisher":{"@id":"https:\/\/www.elementvape.de\/#organization"},"potentialAction":[{"@type":"SearchAction","target":{"@type":"EntryPoint","urlTemplate":"https:\/\/www.elementvape.de\/?s={search_term_string}"},"query-input":"required name=search_term_string"}],"inLanguage":"da-DK"},{"@type":"Organization","@id":"https:\/\/www.elementvape.de\/#organization","name":"ElementVape.DE","url":"https:\/\/www.elementvape.de\/","logo":{"@type":"ImageObject","inLanguage":"da-DK","@id":"https:\/\/www.elementvape.de\/#\/schema\/logo\/image\/","url":"https:\/\/www.elementvape.de\/wp-content\/uploads\/2024\/09\/cropped-1elementvape-3.png","contentUrl":"https:\/\/www.elementvape.de\/wp-content\/uploads\/2024\/09\/cropped-1elementvape-3.png","width":285,"height":228,"caption":"ElementVape.DE"},"image":{"@id":"https:\/\/www.elementvape.de\/#\/schema\/logo\/image\/"}}]}},"_links":{"self":[{"href":"https:\/\/www.elementvape.de\/da\/wp-json\/wp\/v2\/product\/8231"}],"collection":[{"href":"https:\/\/www.elementvape.de\/da\/wp-json\/wp\/v2\/product"}],"about":[{"href":"https:\/\/www.elementvape.de\/da\/wp-json\/wp\/v2\/types\/product"}],"wp:featuredmedia":[{"embeddable":true,"href":"https:\/\/www.elementvape.de\/da\/wp-json\/wp\/v2\/media\/8232"}],"wp:attachment":[{"href":"https:\/\/www.elementvape.de\/da\/wp-json\/wp\/v2\/media?parent=8231"}],"wp:term":[{"taxonomy":"product_cat","embeddable":true,"href":"https:\/\/www.elementvape.de\/da\/wp-json\/wp\/v2\/product_cat?post=8231"},{"taxonomy":"product_tag","embeddable":true,"href":"https:\/\/www.elementvape.de\/da\/wp-json\/wp\/v2\/product_tag?post=8231"}],"curies":[{"name":"wp","href":"https:\/\/api.w.org\/{rel}","templated":true}]}}