{"id":8142,"date":"2024-04-20T07:46:49","date_gmt":"2024-04-20T07:46:49","guid":{"rendered":"https:\/\/www.elementvape.de\/?post_type=product&#038;p=8142"},"modified":"2024-09-12T10:32:06","modified_gmt":"2024-09-12T10:32:06","slug":"vapor-esso-armor-max-kit-220w-box-mod-e-zigarette-vape","status":"publish","type":"product","link":"https:\/\/www.elementvape.de\/da\/produkt\/vapor-esso-armor-max-kit-220w-box-mod-e-zigarette-vape\/","title":{"rendered":"Vapor esso Armor Max Kit 220W Box Mod E-Zigaret Vape"},"content":{"rendered":"<p>&nbsp;<\/p>\n<div class=\"product-specs-list-container\">\n<ul class=\"product-specs-list util-clearfix\">\n<li class=\"product-prop line-limit-length\"><span class=\"property-title\">Udseende:\u00a0<\/span><span class=\"property-desc line-limit-length\">Boksform<\/span><\/li>\n<li class=\"product-prop line-limit-length\"><span class=\"property-title\">Kompatibel Batteri:\u00a0<\/span><span class=\"property-desc line-limit-length\">18650<\/span><\/li>\n<li class=\"product-prop line-limit-length\"><span class=\"property-title\">Overv\u00e5gningsfunktion for Rygning Antal:\u00a0<\/span><span class=\"property-desc line-limit-length\">Nej<\/span><\/li>\n<li class=\"product-prop line-limit-length\"><span class=\"property-title\">Silicone Cover:\u00a0<\/span><span class=\"property-desc line-limit-length\">Nej<\/span><\/li>\n<li class=\"product-prop line-limit-length\"><span class=\"property-title\">Temperaturregulering:\u00a0<\/span><span class=\"property-desc line-limit-length\">Ja<\/span><\/li>\n<li class=\"product-prop line-limit-length\"><span class=\"property-title\">Indbygget eller Ekstern Batteri:\u00a0<\/span><span class=\"property-desc line-limit-length\">Ekstern<\/span><\/li>\n<li class=\"product-prop line-limit-length\"><span class=\"property-title\">Kortslutningsbeskyttelsesfunktion:\u00a0<\/span><span class=\"property-desc line-limit-length\">Ja<\/span><\/li>\n<li class=\"product-prop line-limit-length\"><span class=\"property-title\">Overophedningsbeskyttelsesfunktion:\u00a0<\/span><span class=\"property-desc line-limit-length\">Ja<\/span><\/li>\n<li class=\"product-prop line-limit-length\"><span class=\"property-title\">Lavsp\u00e6ndingsalarmfunktion:\u00a0<\/span><span class=\"property-desc line-limit-length\">Ja<\/span><\/li>\n<li class=\"product-prop line-limit-length\"><span class=\"property-title\">Spr\u00f8jteidentifikation Funktion:\u00a0<\/span><span class=\"property-desc line-limit-length\">Ja<\/span><\/li>\n<li class=\"product-prop line-limit-length\"><span class=\"property-title\">TCR-indstillingsmodi:\u00a0<\/span><span class=\"property-desc line-limit-length\">Nej<\/span><\/li>\n<li class=\"product-prop line-limit-length\"><span class=\"property-title\">Nominal kapacitet:\u00a0<\/span><span class=\"property-desc line-limit-length\">Ingen<\/span><\/li>\n<li class=\"product-prop line-limit-length\"><span class=\"property-title\">Materiale:\u00a0<\/span><span class=\"property-desc line-limit-length\">Metal<\/span><\/li>\n<li class=\"product-prop line-limit-length\"><span class=\"property-title\">Kompatibel model:\u00a0<\/span><span class=\"property-desc line-limit-length\">Elektronisk cigaretvape<\/span><\/li>\n<li class=\"product-prop line-limit-length\"><span class=\"property-title\">Modelnummer:\u00a0<\/span><span class=\"property-desc line-limit-length\">Vaporesso ARMOUR MAX S\u00e6t<\/span><\/li>\n<li class=\"product-prop line-limit-length\"><span class=\"property-title\">Usb-oplader:\u00a0<\/span><span class=\"property-desc line-limit-length\">Ja<\/span><\/li>\n<li class=\"product-prop line-limit-length\"><span class=\"property-title\">Firmwareopgradering:\u00a0<\/span><span class=\"property-desc line-limit-length\">Nej<\/span><\/li>\n<li class=\"product-prop line-limit-length\"><span class=\"property-title\">Display:\u00a0<\/span><span class=\"property-desc line-limit-length\">Ja<\/span><\/li>\n<li class=\"product-prop line-limit-length\"><span class=\"property-title\">Type:\u00a0<\/span><span class=\"property-desc line-limit-length\">Uden batteri<\/span><\/li>\n<li class=\"product-prop line-limit-length\"><span class=\"property-title\">Varem\u00e6rke:\u00a0<\/span><span class=\"property-desc line-limit-length\">vaporesso<\/span><\/li>\n<li class=\"product-prop line-limit-length\"><span class=\"property-title\">Oprindelse:\u00a0<\/span><span class=\"property-desc line-limit-length\">CN (Oprindelse)<\/span><\/li>\n<li class=\"product-prop line-limit-length\"><span class=\"property-title\">Dimensioner:\u00a0<\/span><span class=\"property-desc line-limit-length\">157 x 56,5 x 34 mm<\/span><\/li>\n<li class=\"product-prop line-limit-length\"><span class=\"property-title\">TANK Kapacitet:\u00a0<\/span><span class=\"property-desc line-limit-length\">8 ml<\/span><\/li>\n<li class=\"product-prop line-limit-length\"><span class=\"property-title\">Batterikapacitet:\u00a0<\/span><span class=\"property-desc line-limit-length\">2 x 21700 eller 18650 Batteri (Ikke inkluderet)<\/span><\/li>\n<li class=\"product-prop line-limit-length\"><span class=\"property-title\">Udbudsstr\u00f8m:\u00a0<\/span><span class=\"property-desc line-limit-length\">5-220W<\/span><\/li>\n<li class=\"product-prop line-limit-length\"><span class=\"property-title\">Display:\u00a0<\/span><span class=\"property-desc line-limit-length\">0,96 tommer TFT Sk\u00e6rm<\/span><\/li>\n<li class=\"product-prop line-limit-length\"><span class=\"property-title\">Ladningsstr\u00f8m:\u00a0<\/span><span class=\"property-desc line-limit-length\">DC 5V\/2A, Type-C<\/span><\/li>\n<\/ul>\n<\/div>\n<div class=\"detailmodule_html\">\n<div class=\"detail-desc-decorate-richtext\">\n<div class=\"detailmodule_text\">\n<div><\/div>\n<p id=\"tl_1\" class=\"detail-desc-decorate-title\" style=\"font-family: OpenSans; font-size: 20px; font-weight: 900; line-height: 28px; margin-bottom: 12px;\">Original Vapor esso Armor Max Kit 220W Boks Mod elektronisk cigaret Vape og 8ml Itank 2 Fit Gti Mesh Coil Vaporizer<\/p>\n<\/div>\n<div class=\"detailmodule_text\">\n<p id=\"tl_2\" class=\"detail-desc-decorate-title\" style=\"font-family: OpenSans; font-size: 20px; font-weight: 900; line-height: 28px; margin-bottom: 12px;\">Beskrivelse:<\/p>\n<p id=\"tl_3\" class=\"detail-desc-decorate-content\" style=\"font-family: OpenSans; font-size: 14px; font-weight: 300; line-height: 20px; margin-bottom: 12px;\">R\u00fcstung max Kit er fuldt lavet af TPU-materiale for at blive holdbart og brudbestandigt. Det best\u00e5r af R\u00fcstung max mod og Itank 2. Det underst\u00f8tter dual eksterne 21700\/18650 batterier med op til 220W og Type-C opladning. Drevet af Axon-chip, har det f (t)\/pul\/eco\/TC-TI\/TC-SS\/TC-NI tilstande for at personalisere din vaping-oplevelse. Uni-Lock-design med t\u00e6nd\/sluk-funktion kan intelligent sikre str\u00f8mforsyningen, og One-Key-Lock-designet kan forbedre b\u00e5de enkelhed og stabilitet. Derudover er det udstyret med en 0,96\u201d TFT-sk\u00e6rm, der mere intuitivt viser dine vaping-informationer. Det har ogs\u00e5 en kapacitet p\u00e5 8 ml og et enkelt topfyldningssystem. Kompatibel med GTI-spole, der bruger Corex-opvarmningsteknologi, tilbyder det mere pr\u00e6cis smag og l\u00e6ngere levetid for 50%-spolen.<\/p>\n<\/div>\n<div class=\"detailmodule_text\">\n<p id=\"tl_4\" class=\"detail-desc-decorate-title\" style=\"font-family: OpenSans; font-size: 20px; font-weight: 900; line-height: 28px; margin-bottom: 12px;\">Parameterer:<\/p>\n<p id=\"tl_5\" class=\"detail-desc-decorate-content\" style=\"font-family: OpenSans; font-size: 14px; font-weight: 300; line-height: 20px; margin-bottom: 12px;\">Dimensioner: 157\u00d756,5\u00d734 mm<br \/>\nBeholderkapacitet: 8 ml<br \/>\nSpole modstand:<br \/>\nGti 0,21 ohm mesh-spole (60-75W)<br \/>\nGti 0,402 mesh-spole (50-60W)<br \/>\nBatterikapacitet:<br \/>\n2\u00d721700 eller 18650 batteri (ikke inkluderet)<br \/>\nUdgaveffekt: 5-220W<br \/>\nLadestrom: DC 5V\/2A, Type-C<br \/>\nAnnonce: 0.96 \u201dtft-sk\u00e6rm<\/p>\n<\/div>\n<div class=\"detailmodule_text\">\n<p id=\"tl_6\" class=\"detail-desc-decorate-title\" style=\"font-family: OpenSans; font-size: 20px; font-weight: 900; line-height: 28px; margin-bottom: 12px;\">Detaljer:<\/p>\n<p id=\"tl_7\" class=\"detail-desc-decorate-content\" style=\"font-family: OpenSans; font-size: 14px; font-weight: 300; line-height: 20px; margin-bottom: 12px;\">1. best\u00e5ende af rustning mod og itank 2<br \/>\n2. kompatibel med vapor esso gti spole<br \/>\n3. fuldt lavet af TPU-materiale<br \/>\n4. Dual ekstern 21700\/18650 batterier med maks. 220w<br \/>\n5. Axon-Chip, f (t)\/pul\/eco\/tc-tilstand<br \/>\n6. uni-lock, for at sikre din magt<br \/>\n7. One-Key l\u00e5s op, for at forenkle din dampning<br \/>\n8. designet med 0,96 \u201dtft-sk\u00e6rm<br \/>\n9. 8ml kapacitet, nem top-fyldning<br \/>\n10. corex for pr\u00e6cis smag og l\u00e6ngere spoles levetid<\/p>\n<\/div>\n<div class=\"detailmodule_text\">\n<p id=\"tl_8\" class=\"detail-desc-decorate-title\" style=\"font-family: OpenSans; font-size: 20px; font-weight: 900; line-height: 28px; margin-bottom: 12px;\">Pakke:<\/p>\n<p id=\"tl_9\" class=\"detail-desc-decorate-content\" style=\"font-family: OpenSans; font-size: 14px; font-weight: 300; line-height: 20px; margin-bottom: 12px;\">1 x Vapor esso rustning max mod<br \/>\n1 x Vaporesso itank 2 (8 ml)<br \/>\n1x gti 0,2 Ohm Mesh-spole (forudinstalleret)<br \/>\n1x gti 0,4 Ohm Mesh-spole (i \u00e6ske)<br \/>\n1 x ekstra glasr\u00f8r<br \/>\n1x Tankbeskyttelsescover (forudinstalleret)<br \/>\n2x O-Ring<br \/>\n1 x genopfyldningssilicone-topping<br \/>\n2\u00d718650-\u00e6rmer (inde i modden)<br \/>\n1 x Type-C-kabel<br \/>\n1 x brugermanual &amp; garantikort<br \/>\n1 x sikkerhedsh\u00e5ndbog<br \/>\n1 x P\u00e5mindelseskort<\/p>\n<\/div>\n<div class=\"detailmodule_image\"><img decoding=\"async\" loading=\"lazy\" class=\"detail-desc-decorate-image\" src=\"https:\/\/ae01.alicdn.com\/kf\/Sb9bb1bc5bef247549d14ef66f39e2c03R.jpg\" \/><br \/>\n<img decoding=\"async\" loading=\"lazy\" class=\"detail-desc-decorate-image\" src=\"https:\/\/ae01.alicdn.com\/kf\/S3d6e3e0679424da7a2c5d7fb8456ebd0i.jpg\" \/><br \/>\n<img decoding=\"async\" loading=\"lazy\" class=\"detail-desc-decorate-image\" src=\"https:\/\/ae01.alicdn.com\/kf\/Seb7731d9d16a48d5aa67420a783fb260m.jpg\" \/><br \/>\n<img decoding=\"async\" loading=\"lazy\" class=\"detail-desc-decorate-image\" src=\"https:\/\/ae01.alicdn.com\/kf\/S8c58ac3189fa485baf660d15758d315eN.jpg\" \/><br \/>\n<img decoding=\"async\" loading=\"lazy\" class=\"detail-desc-decorate-image\" src=\"https:\/\/ae01.alicdn.com\/kf\/Sf9c4a5565d904149b2af80efcb86f649C.jpg\" \/><br \/>\n<img decoding=\"async\" loading=\"lazy\" class=\"detail-desc-decorate-image\" src=\"https:\/\/ae01.alicdn.com\/kf\/S2014b6c01cf244bd9332adbb9ab88400O.jpg\" \/><br \/>\n<img decoding=\"async\" loading=\"lazy\" class=\"detail-desc-decorate-image\" src=\"https:\/\/ae01.alicdn.com\/kf\/S43e54602ffc9449a8410d04d310b8e332.jpg\" \/><br \/>\n<img decoding=\"async\" loading=\"lazy\" class=\"detail-desc-decorate-image\" src=\"https:\/\/ae01.alicdn.com\/kf\/Sadaad3424b534784b26831ae788a47f4p.jpg\" \/><\/div>\n<div class=\"detailmodule_image\"><img decoding=\"async\" loading=\"lazy\" class=\"detail-desc-decorate-image\" src=\"https:\/\/ae01.alicdn.com\/kf\/S72abe7de9b0a40ce9ca2aa697a88bfb9I.jpg\" \/><br \/>\n<img decoding=\"async\" loading=\"lazy\" class=\"detail-desc-decorate-image\" src=\"https:\/\/ae01.alicdn.com\/kf\/S41c3f3ccb214490997d3743f738bb998d.jpg\" \/><br \/>\n<img decoding=\"async\" loading=\"lazy\" class=\"detail-desc-decorate-image\" src=\"https:\/\/ae01.alicdn.com\/kf\/Sf3c6a51df3b44a76ae184a243170b20bR.jpg\" \/><br \/>\n<img decoding=\"async\" loading=\"lazy\" class=\"detail-desc-decorate-image\" src=\"https:\/\/ae01.alicdn.com\/kf\/Sd9c3df937de54e418181350c24d2ca35o.jpg\" \/><br \/>\n<img decoding=\"async\" loading=\"lazy\" class=\"detail-desc-decorate-image\" src=\"https:\/\/ae01.alicdn.com\/kf\/Se618103f60314ecbbcd61f25591a8cc0E.jpg\" \/><\/div>\n<p>&nbsp;<\/p>\n<\/div>\n<\/div>","protected":false},"excerpt":{"rendered":"<p>&nbsp; Aussehen:\u00a0Box Form Kompatibler Akku:\u00a018650 \u00dcberwachung Funktion Von Rauchen Anzahl:\u00a0Nein Silikon Fall:\u00a0Nein Temperaturregelung:\u00a0Ja Eingebaute Oder Externe Batterie:\u00a0External Kurzschlussschutz Funktion:\u00a0Ja \u00dcberhitzungsschutz-funktion:\u00a0Ja Niederspannungsalarmfunktion:\u00a0Ja Zerst\u00e4uber Identifikation Funktion:\u00a0Ja TCR Einstellung Modi:\u00a0Nein Nominale Kapazit\u00e4t:\u00a0Kein Material:\u00a0Metall Compatible Model:\u00a0Electronic Cigarette Vape Modellnummer:\u00a0Vaporesso ARMOUR MAX Kit Usb-ladeger\u00e4t:\u00a0Ja Firmware-upgrade:\u00a0Nein Display:\u00a0Ja Art:\u00a0Ohne Batterie Markenname:\u00a0vaporesso Ursprung:\u00a0CN (Herkunft) Dimensions:\u00a0157 x 56.5 X 34mm TANK Capacity:\u00a08ml Battery Capacity:\u00a02 [&hellip;]<\/p>","protected":false},"featured_media":8143,"template":"","meta":{"inline_featured_image":false},"product_cat":[78,750,737,736,749,77],"product_tag":[],"tiered_pricing_type":"fixed","tiered_pricing_fixed_rules":[],"tiered_pricing_percentage_rules":[],"tiered_pricing_minimum":1,"_administrator_tiered_pricing_type":"fixed","_administrator_tiered_pricing_fixed_rules":[],"_editor_tiered_pricing_type":"fixed","_editor_tiered_pricing_fixed_rules":[],"_author_tiered_pricing_type":"fixed","_author_tiered_pricing_fixed_rules":[],"_contributor_tiered_pricing_type":"fixed","_contributor_tiered_pricing_fixed_rules":[],"_subscriber_tiered_pricing_type":"fixed","_subscriber_tiered_pricing_fixed_rules":[],"_customer_tiered_pricing_type":"fixed","_customer_tiered_pricing_fixed_rules":[],"_shop_manager_tiered_pricing_type":"fixed","_shop_manager_tiered_pricing_fixed_rules":[],"_wpseo_manager_tiered_pricing_type":"fixed","_wpseo_manager_tiered_pricing_fixed_rules":[],"_wpseo_editor_tiered_pricing_type":"fixed","_wpseo_editor_tiered_pricing_fixed_rules":[],"_wholesale_customer_tiered_pricing_type":"fixed","_wholesale_customer_tiered_pricing_fixed_rules":[],"_marketer_tiered_pricing_type":"fixed","_marketer_tiered_pricing_fixed_rules":[],"_sales_manager_tiered_pricing_type":"fixed","_sales_manager_tiered_pricing_fixed_rules":[],"_sales_rep_tiered_pricing_type":"fixed","_sales_rep_tiered_pricing_fixed_rules":[],"yoast_head":"<!-- This site is optimized with the Yoast SEO plugin v23.3 - https:\/\/yoast.com\/wordpress\/plugins\/seo\/ -->\n<title>Vapor esso Armor Max Kit 220W Box Mod E-Zigarette Vape | ElementVape.de<\/title>\n<meta name=\"description\" content=\"Wir bieten Vapor esso Armor Max Kit 220W Box Mod E-Zigarette Vape , Elementvape.de akzeptieren Gro\u00df-und Einzelhandel Bestellungen.\" \/>\n<meta name=\"robots\" content=\"index, follow, max-snippet:-1, max-image-preview:large, max-video-preview:-1\" \/>\n<link rel=\"canonical\" href=\"https:\/\/www.elementvape.de\/da\/produkt\/vapor-esso-armor-max-kit-220w-box-mod-e-zigarette-vape\/\" \/>\n<meta property=\"og:locale\" content=\"da_DK\" \/>\n<meta property=\"og:type\" content=\"article\" \/>\n<meta property=\"og:title\" content=\"Vapor esso Armor Max Kit 220W Box Mod E-Zigarette Vape | ElementVape.de\" \/>\n<meta property=\"og:description\" content=\"Wir bieten Vapor esso Armor Max Kit 220W Box Mod E-Zigarette Vape , Elementvape.de akzeptieren Gro\u00df-und Einzelhandel Bestellungen.\" \/>\n<meta property=\"og:url\" content=\"https:\/\/www.elementvape.de\/da\/produkt\/vapor-esso-armor-max-kit-220w-box-mod-e-zigarette-vape\/\" \/>\n<meta property=\"og:site_name\" content=\"ElementVape.de\" \/>\n<meta property=\"article:modified_time\" content=\"2024-09-12T10:32:06+00:00\" \/>\n<meta property=\"og:image\" content=\"https:\/\/ae01.alicdn.com\/kf\/Sd1861fed7cae452b97af057481e39b65n\/Original-Vapor-esso-Armor-Max-Kit-220W-Box-Mod-elektronische-Zigarette-Vape-und-8ml-Itank-2.jpg\" \/>\n\t<meta property=\"og:image:width\" content=\"800\" \/>\n\t<meta property=\"og:image:height\" content=\"800\" \/>\n\t<meta property=\"og:image:type\" content=\"image\/jpeg\" \/>\n<meta name=\"twitter:card\" content=\"summary_large_image\" \/>\n<meta name=\"twitter:label1\" content=\"Est. reading time\" \/>\n\t<meta name=\"twitter:data1\" content=\"6 minutter\" \/>\n<script type=\"application\/ld+json\" class=\"yoast-schema-graph\">{\"@context\":\"https:\/\/schema.org\",\"@graph\":[{\"@type\":\"WebPage\",\"@id\":\"https:\/\/www.elementvape.de\/en\/produkt\/vapor-esso-armor-max-kit-220w-box-mod-e-zigarette-vape\/\",\"url\":\"https:\/\/www.elementvape.de\/en\/produkt\/vapor-esso-armor-max-kit-220w-box-mod-e-zigarette-vape\/\",\"name\":\"Vapor esso Armor Max Kit 220W Box Mod E-Zigarette Vape | ElementVape.de\",\"isPartOf\":{\"@id\":\"https:\/\/www.elementvape.de\/#website\"},\"primaryImageOfPage\":{\"@id\":\"https:\/\/www.elementvape.de\/en\/produkt\/vapor-esso-armor-max-kit-220w-box-mod-e-zigarette-vape\/#primaryimage\"},\"image\":{\"@id\":\"https:\/\/www.elementvape.de\/en\/produkt\/vapor-esso-armor-max-kit-220w-box-mod-e-zigarette-vape\/#primaryimage\"},\"thumbnailUrl\":\"https:\/\/ae01.alicdn.com\/kf\/Sd1861fed7cae452b97af057481e39b65n\/Original-Vapor-esso-Armor-Max-Kit-220W-Box-Mod-elektronische-Zigarette-Vape-und-8ml-Itank-2.jpg\",\"datePublished\":\"2024-04-20T07:46:49+00:00\",\"dateModified\":\"2024-09-12T10:32:06+00:00\",\"description\":\"Wir bieten Vapor esso Armor Max Kit 220W Box Mod E-Zigarette Vape , Elementvape.de akzeptieren Gro\u00df-und Einzelhandel Bestellungen.\",\"breadcrumb\":{\"@id\":\"https:\/\/www.elementvape.de\/en\/produkt\/vapor-esso-armor-max-kit-220w-box-mod-e-zigarette-vape\/#breadcrumb\"},\"inLanguage\":\"da-DK\",\"potentialAction\":[{\"@type\":\"ReadAction\",\"target\":[\"https:\/\/www.elementvape.de\/en\/produkt\/vapor-esso-armor-max-kit-220w-box-mod-e-zigarette-vape\/\"]}]},{\"@type\":\"ImageObject\",\"inLanguage\":\"da-DK\",\"@id\":\"https:\/\/www.elementvape.de\/en\/produkt\/vapor-esso-armor-max-kit-220w-box-mod-e-zigarette-vape\/#primaryimage\",\"url\":\"https:\/\/ae01.alicdn.com\/kf\/Sd1861fed7cae452b97af057481e39b65n\/Original-Vapor-esso-Armor-Max-Kit-220W-Box-Mod-elektronische-Zigarette-Vape-und-8ml-Itank-2.jpg\",\"contentUrl\":\"https:\/\/ae01.alicdn.com\/kf\/Sd1861fed7cae452b97af057481e39b65n\/Original-Vapor-esso-Armor-Max-Kit-220W-Box-Mod-elektronische-Zigarette-Vape-und-8ml-Itank-2.jpg\",\"width\":800,\"height\":800},{\"@type\":\"BreadcrumbList\",\"@id\":\"https:\/\/www.elementvape.de\/en\/produkt\/vapor-esso-armor-max-kit-220w-box-mod-e-zigarette-vape\/#breadcrumb\",\"itemListElement\":[{\"@type\":\"ListItem\",\"position\":1,\"name\":\"Home\",\"item\":\"https:\/\/www.elementvape.de\/\"},{\"@type\":\"ListItem\",\"position\":2,\"name\":\"Shop\",\"item\":\"https:\/\/www.elementvape.de\/shop\/\"},{\"@type\":\"ListItem\",\"position\":3,\"name\":\"Vapor esso Armor Max Kit 220W Box Mod E-Zigarette Vape\"}]},{\"@type\":\"WebSite\",\"@id\":\"https:\/\/www.elementvape.de\/#website\",\"url\":\"https:\/\/www.elementvape.de\/\",\"name\":\"ElementVape.de\",\"description\":\"\",\"publisher\":{\"@id\":\"https:\/\/www.elementvape.de\/#organization\"},\"potentialAction\":[{\"@type\":\"SearchAction\",\"target\":{\"@type\":\"EntryPoint\",\"urlTemplate\":\"https:\/\/www.elementvape.de\/?s={search_term_string}\"},\"query-input\":\"required name=search_term_string\"}],\"inLanguage\":\"da-DK\"},{\"@type\":\"Organization\",\"@id\":\"https:\/\/www.elementvape.de\/#organization\",\"name\":\"ElementVape.DE\",\"url\":\"https:\/\/www.elementvape.de\/\",\"logo\":{\"@type\":\"ImageObject\",\"inLanguage\":\"da-DK\",\"@id\":\"https:\/\/www.elementvape.de\/#\/schema\/logo\/image\/\",\"url\":\"https:\/\/www.elementvape.de\/wp-content\/uploads\/2024\/09\/cropped-1elementvape-3.png\",\"contentUrl\":\"https:\/\/www.elementvape.de\/wp-content\/uploads\/2024\/09\/cropped-1elementvape-3.png\",\"width\":285,\"height\":228,\"caption\":\"ElementVape.DE\"},\"image\":{\"@id\":\"https:\/\/www.elementvape.de\/#\/schema\/logo\/image\/\"}}]}<\/script>\n<!-- \/ Yoast SEO plugin. -->","yoast_head_json":{"title":"Vapor esso Armor Max Kit 220W Box Mod E-Zigarette Vape | ElementVape.de","description":"Wir bieten Vapor esso Armor Max Kit 220W Box Mod E-Zigarette Vape , Elementvape.de akzeptieren Gro\u00df-und Einzelhandel Bestellungen.","robots":{"index":"index","follow":"follow","max-snippet":"max-snippet:-1","max-image-preview":"max-image-preview:large","max-video-preview":"max-video-preview:-1"},"canonical":"https:\/\/www.elementvape.de\/da\/produkt\/vapor-esso-armor-max-kit-220w-box-mod-e-zigarette-vape\/","og_locale":"da_DK","og_type":"article","og_title":"Vapor esso Armor Max Kit 220W Box Mod E-Zigarette Vape | ElementVape.de","og_description":"Wir bieten Vapor esso Armor Max Kit 220W Box Mod E-Zigarette Vape , Elementvape.de akzeptieren Gro\u00df-und Einzelhandel Bestellungen.","og_url":"https:\/\/www.elementvape.de\/da\/produkt\/vapor-esso-armor-max-kit-220w-box-mod-e-zigarette-vape\/","og_site_name":"ElementVape.de","article_modified_time":"2024-09-12T10:32:06+00:00","og_image":[{"width":800,"height":800,"url":"https:\/\/ae01.alicdn.com\/kf\/Sd1861fed7cae452b97af057481e39b65n\/Original-Vapor-esso-Armor-Max-Kit-220W-Box-Mod-elektronische-Zigarette-Vape-und-8ml-Itank-2.jpg","type":"image\/jpeg"}],"twitter_card":"summary_large_image","twitter_misc":{"Est. reading time":"6 minutter"},"schema":{"@context":"https:\/\/schema.org","@graph":[{"@type":"WebPage","@id":"https:\/\/www.elementvape.de\/en\/produkt\/vapor-esso-armor-max-kit-220w-box-mod-e-zigarette-vape\/","url":"https:\/\/www.elementvape.de\/en\/produkt\/vapor-esso-armor-max-kit-220w-box-mod-e-zigarette-vape\/","name":"Vapor esso Armor Max Kit 220W Box Mod E-Zigarette Vape | ElementVape.de","isPartOf":{"@id":"https:\/\/www.elementvape.de\/#website"},"primaryImageOfPage":{"@id":"https:\/\/www.elementvape.de\/en\/produkt\/vapor-esso-armor-max-kit-220w-box-mod-e-zigarette-vape\/#primaryimage"},"image":{"@id":"https:\/\/www.elementvape.de\/en\/produkt\/vapor-esso-armor-max-kit-220w-box-mod-e-zigarette-vape\/#primaryimage"},"thumbnailUrl":"https:\/\/ae01.alicdn.com\/kf\/Sd1861fed7cae452b97af057481e39b65n\/Original-Vapor-esso-Armor-Max-Kit-220W-Box-Mod-elektronische-Zigarette-Vape-und-8ml-Itank-2.jpg","datePublished":"2024-04-20T07:46:49+00:00","dateModified":"2024-09-12T10:32:06+00:00","description":"Wir bieten Vapor esso Armor Max Kit 220W Box Mod E-Zigarette Vape , Elementvape.de akzeptieren Gro\u00df-und Einzelhandel Bestellungen.","breadcrumb":{"@id":"https:\/\/www.elementvape.de\/en\/produkt\/vapor-esso-armor-max-kit-220w-box-mod-e-zigarette-vape\/#breadcrumb"},"inLanguage":"da-DK","potentialAction":[{"@type":"ReadAction","target":["https:\/\/www.elementvape.de\/en\/produkt\/vapor-esso-armor-max-kit-220w-box-mod-e-zigarette-vape\/"]}]},{"@type":"ImageObject","inLanguage":"da-DK","@id":"https:\/\/www.elementvape.de\/en\/produkt\/vapor-esso-armor-max-kit-220w-box-mod-e-zigarette-vape\/#primaryimage","url":"https:\/\/ae01.alicdn.com\/kf\/Sd1861fed7cae452b97af057481e39b65n\/Original-Vapor-esso-Armor-Max-Kit-220W-Box-Mod-elektronische-Zigarette-Vape-und-8ml-Itank-2.jpg","contentUrl":"https:\/\/ae01.alicdn.com\/kf\/Sd1861fed7cae452b97af057481e39b65n\/Original-Vapor-esso-Armor-Max-Kit-220W-Box-Mod-elektronische-Zigarette-Vape-und-8ml-Itank-2.jpg","width":800,"height":800},{"@type":"BreadcrumbList","@id":"https:\/\/www.elementvape.de\/en\/produkt\/vapor-esso-armor-max-kit-220w-box-mod-e-zigarette-vape\/#breadcrumb","itemListElement":[{"@type":"ListItem","position":1,"name":"Home","item":"https:\/\/www.elementvape.de\/"},{"@type":"ListItem","position":2,"name":"Shop","item":"https:\/\/www.elementvape.de\/shop\/"},{"@type":"ListItem","position":3,"name":"Vapor esso Armor Max Kit 220W Box Mod E-Zigarette Vape"}]},{"@type":"WebSite","@id":"https:\/\/www.elementvape.de\/#website","url":"https:\/\/www.elementvape.de\/","name":"ElementVape.de","description":"","publisher":{"@id":"https:\/\/www.elementvape.de\/#organization"},"potentialAction":[{"@type":"SearchAction","target":{"@type":"EntryPoint","urlTemplate":"https:\/\/www.elementvape.de\/?s={search_term_string}"},"query-input":"required name=search_term_string"}],"inLanguage":"da-DK"},{"@type":"Organization","@id":"https:\/\/www.elementvape.de\/#organization","name":"ElementVape.DE","url":"https:\/\/www.elementvape.de\/","logo":{"@type":"ImageObject","inLanguage":"da-DK","@id":"https:\/\/www.elementvape.de\/#\/schema\/logo\/image\/","url":"https:\/\/www.elementvape.de\/wp-content\/uploads\/2024\/09\/cropped-1elementvape-3.png","contentUrl":"https:\/\/www.elementvape.de\/wp-content\/uploads\/2024\/09\/cropped-1elementvape-3.png","width":285,"height":228,"caption":"ElementVape.DE"},"image":{"@id":"https:\/\/www.elementvape.de\/#\/schema\/logo\/image\/"}}]}},"_links":{"self":[{"href":"https:\/\/www.elementvape.de\/da\/wp-json\/wp\/v2\/product\/8142"}],"collection":[{"href":"https:\/\/www.elementvape.de\/da\/wp-json\/wp\/v2\/product"}],"about":[{"href":"https:\/\/www.elementvape.de\/da\/wp-json\/wp\/v2\/types\/product"}],"wp:featuredmedia":[{"embeddable":true,"href":"https:\/\/www.elementvape.de\/da\/wp-json\/wp\/v2\/media\/8143"}],"wp:attachment":[{"href":"https:\/\/www.elementvape.de\/da\/wp-json\/wp\/v2\/media?parent=8142"}],"wp:term":[{"taxonomy":"product_cat","embeddable":true,"href":"https:\/\/www.elementvape.de\/da\/wp-json\/wp\/v2\/product_cat?post=8142"},{"taxonomy":"product_tag","embeddable":true,"href":"https:\/\/www.elementvape.de\/da\/wp-json\/wp\/v2\/product_tag?post=8142"}],"curies":[{"name":"wp","href":"https:\/\/api.w.org\/{rel}","templated":true}]}}