{"id":8053,"date":"2024-04-20T05:50:28","date_gmt":"2024-04-20T05:50:28","guid":{"rendered":"https:\/\/www.elementvape.de\/?post_type=product&#038;p=8053"},"modified":"2024-09-12T10:34:19","modified_gmt":"2024-09-12T10:34:19","slug":"dampf-storm-bypass-200w-tc-vape-box","status":"publish","type":"product","link":"https:\/\/www.elementvape.de\/da\/produkt\/dampf-storm-bypass-200w-tc-vape-box\/","title":{"rendered":"Damp Storm Bypass 200W TC Vape Box Mod Dual 18650 Storm230 Mode Mods Box Vape Elektronisk Cigaret Vaper RDA RBA RDTA"},"content":{"rendered":"<p>&nbsp;<\/p>\n<div class=\"product-specs-list-container\">\n<ul class=\"product-specs-list util-clearfix\">\n<li class=\"product-prop line-limit-length\"><span class=\"property-title\">Overv\u00e5gningsfunktion for Rygning Antal:\u00a0<\/span><span class=\"property-desc line-limit-length\">Nej<\/span><\/li>\n<li class=\"product-prop line-limit-length\"><span class=\"property-title\">Silicone Cover:\u00a0<\/span><span class=\"property-desc line-limit-length\">Nej<\/span><\/li>\n<li class=\"product-prop line-limit-length\"><span class=\"property-title\">Kortslutningsbeskyttelsesfunktion:\u00a0<\/span><span class=\"property-desc line-limit-length\">Ja<\/span><\/li>\n<li class=\"product-prop line-limit-length\"><span class=\"property-title\">Overophedningsbeskyttelsesfunktion:\u00a0<\/span><span class=\"property-desc line-limit-length\">Ja<\/span><\/li>\n<li class=\"product-prop line-limit-length\"><span class=\"property-title\">Lavsp\u00e6ndingsalarmfunktion:\u00a0<\/span><span class=\"property-desc line-limit-length\">Ja<\/span><\/li>\n<li class=\"product-prop line-limit-length\"><span class=\"property-title\">Spr\u00f8jteidentifikation Funktion:\u00a0<\/span><span class=\"property-desc line-limit-length\">Ja<\/span><\/li>\n<li class=\"product-prop line-limit-length\"><span class=\"property-title\">Temperaturregulering:\u00a0<\/span><span class=\"property-desc line-limit-length\">Ja<\/span><\/li>\n<li class=\"product-prop line-limit-length\"><span class=\"property-title\">TCR-indstillingsmodi:\u00a0<\/span><span class=\"property-desc line-limit-length\">Ja<\/span><\/li>\n<li class=\"product-prop line-limit-length\"><span class=\"property-title\">Nominal kapacitet:\u00a0<\/span><span class=\"property-desc line-limit-length\">Ingen<\/span><\/li>\n<li class=\"product-prop line-limit-length\"><span class=\"property-title\">Kompatibel Batteri:\u00a0<\/span><span class=\"property-desc line-limit-length\">18650<\/span><\/li>\n<li class=\"product-prop line-limit-length\"><span class=\"property-title\">Materiale:\u00a0<\/span><span class=\"property-desc line-limit-length\">Plastik<\/span><\/li>\n<li class=\"product-prop line-limit-length\"><span class=\"property-title\">Kompatibel model:\u00a0<\/span><span class=\"property-desc line-limit-length\">Elektronisk Cigaret Vape Box Mod<\/span><\/li>\n<li class=\"product-prop line-limit-length\"><span class=\"property-title\">Modelnummer:\u00a0<\/span><span class=\"property-desc line-limit-length\">Kortslutningsbeskyttelsesfunktion: Ja<\/span><\/li>\n<li class=\"product-prop line-limit-length\"><span class=\"property-title\">Firmwareopgradering:\u00a0<\/span><span class=\"property-desc line-limit-length\">Nej<\/span><\/li>\n<li class=\"product-prop line-limit-length\"><span class=\"property-title\">Usb-oplader:\u00a0<\/span><span class=\"property-desc line-limit-length\">Ja<\/span><\/li>\n<li class=\"product-prop line-limit-length\"><span class=\"property-title\">Display:\u00a0<\/span><span class=\"property-desc line-limit-length\">Ja<\/span><\/li>\n<li class=\"product-prop line-limit-length\"><span class=\"property-title\">Indbygget eller Ekstern Batteri:\u00a0<\/span><span class=\"property-desc line-limit-length\">Nej<\/span><\/li>\n<li class=\"product-prop line-limit-length\"><span class=\"property-title\">Type:\u00a0<\/span><span class=\"property-desc line-limit-length\">Elektronisk Mod<\/span><\/li>\n<li class=\"product-prop line-limit-length\"><span class=\"property-title\">Varem\u00e6rke:\u00a0<\/span><span class=\"property-desc line-limit-length\">dampstorm<\/span><\/li>\n<li class=\"product-prop line-limit-length\"><span class=\"property-title\">Oprindelse:\u00a0<\/span><span class=\"property-desc line-limit-length\">CN (Oprindelse)<\/span><\/li>\n<li class=\"product-prop line-limit-length\"><span class=\"property-title\">variabel effekt:\u00a0<\/span><span class=\"property-desc line-limit-length\">Overophedningsbeskyttelsesfunktion: Ja<\/span><\/li>\n<li class=\"product-prop line-limit-length\"><span class=\"property-title\">Temperaturkontrol:\u00a0<\/span><span class=\"property-desc line-limit-length\">212 F \u2013 600 F<\/span><\/li>\n<li class=\"product-prop line-limit-length\"><span class=\"property-title\">Tr\u00e5d:\u00a0<\/span><span class=\"property-desc line-limit-length\">510<\/span><\/li>\n<li class=\"product-prop line-limit-length\"><span class=\"property-title\">Model:\u00a0<\/span><span class=\"property-desc line-limit-length\">Lavsp\u00e6ndingsalarmfunktion: Ja<\/span><\/li>\n<li class=\"product-prop line-limit-length\"><span class=\"property-title\">Batteri:\u00a0<\/span><span class=\"property-desc line-limit-length\">Underst\u00f8tter Dobbelt 18650 batteri, Eksternt Batteri<\/span><\/li>\n<li class=\"product-prop line-limit-length\"><span class=\"property-title\">S\u00e6rlige funktioner:\u00a0<\/span><span class=\"property-desc line-limit-length\">Identifikation af forst\u00f8verfunktion: Ja<\/span><\/li>\n<li class=\"product-prop line-limit-length\"><span class=\"property-title\">Funktion 1:\u00a0<\/span><span class=\"property-desc line-limit-length\">boks mod vape<\/span><\/li>\n<li class=\"product-prop line-limit-length\"><span class=\"property-title\">Funktion 2:\u00a0<\/span><span class=\"property-desc line-limit-length\">Elektronisk cigaret box mod<\/span><\/li>\n<\/ul>\n<\/div>\n<div class=\"detailmodule_html\">\n<div class=\"detail-desc-decorate-richtext\">\n<div class=\"detailmodule_dynamic\"><\/div>\n<div class=\"detailmodule_dynamic\"><\/div>\n<div class=\"detailmodule_html\">\n<div class=\"detail-desc-decorate-richtext\">\n<p>&nbsp;<\/p>\n<div class=\"detailmodule_text\">\n<p id=\"tl_1\" class=\"detail-desc-decorate-title\" style=\"font-family: OpenSans; font-size: 20px; font-weight: 900; line-height: 28px; margin-bottom: 12px;\">Dampst\u00e5rn Bypass 200w tc Vape Box Mod Dobbelt Storm230 Mode Mods Box Vape elektronisk cigaret Vaporizer RDA RBA Rdta<\/p>\n<\/div>\n<div class=\"detailmodule_text\">\n<p id=\"tl_2\" class=\"detail-desc-decorate-title\" style=\"font-family: OpenSans; font-size: 20px; font-weight: 900; line-height: 28px; margin-bottom: 12px;\">Bem\u00e6rk:<\/p>\n<p id=\"tl_3\" class=\"detail-desc-decorate-content\" style=\"font-family: OpenSans; font-size: 14px; font-weight: 300; line-height: 20px; margin-bottom: 12px;\">Det er uden batteri og uden fordamper, venligst k\u00f8b det separat!<\/p>\n<p>Og hver bel\u00e6gning er unikt, s\u00e5 du f\u00e5r alle forskellige farvemods.<\/p>\n<p>Mod-kroppen foran og bagp\u00e5 er to forskellige billeder.<\/p>\n<p>Dette kit har aftageligt batteri. Uden 18650 batteri i. Du b\u00f8r k\u00f8be to stykker (sonyvtc4\/vtc5\/vtc6, etc.) 18650 batterier selv. Momentant udgangsstr\u00f8m &gt; = 30a ville v\u00e6re bedre.<\/p>\n<\/div>\n<div class=\"detailmodule_text\">\n<p id=\"tl_4\" class=\"detail-desc-decorate-title\" style=\"font-family: OpenSans; font-size: 20px; font-weight: 900; line-height: 28px; margin-bottom: 12px;\">Ny tc temperaturreguleringsmodus:<\/p>\n<p id=\"tl_5\" class=\"detail-desc-decorate-content\" style=\"font-family: OpenSans; font-size: 14px; font-weight: 300; line-height: 20px; margin-bottom: 12px;\">Med valgbare modes tc (ni\/ti\/ss\/tcr) kan du nyde forskellige vaping-oplevelser under forskellige modes og indstillinger.<br \/>\nHvis du ikke har ni\/ti-spolen, anbefaler vi ikke at vape direkte med ni\/ti tc-tilstand.<\/p>\n<\/div>\n<div class=\"detailmodule_text\">\n<p id=\"tl_6\" class=\"detail-desc-decorate-title\" style=\"font-family: OpenSans; font-size: 20px; font-weight: 900; line-height: 28px; margin-bottom: 12px;\">Tcr-tilstand (m1 m2):<\/p>\n<p id=\"tl_7\" class=\"detail-desc-decorate-content\" style=\"font-family: OpenSans; font-size: 14px; font-weight: 300; line-height: 20px; margin-bottom: 12px;\">I Tcr-tilstand (Temperaturkoefficient for modstanden) kan enheden underst\u00f8tte forskellige temperaturkontrolspoler.<br \/>\nMed forskellige Tcr-omr\u00e5der kan du indstille Tcr til forskellige v\u00e6rdier inden for det rigtige omr\u00e5de.<\/p>\n<p>Bem\u00e6rk:<br \/>\n1. Tcr-v\u00e6rdien i arket er 105 multi pli kombineret med den faktiske Tcr.<br \/>\n2. Vores samlede Tcr-omr\u00e5de er 1-1000.<\/p>\n<\/div>\n<div class=\"detailmodule_text\">\n<p id=\"tl_8\" class=\"detail-desc-decorate-title\" style=\"font-family: OpenSans; font-size: 20px; font-weight: 900; line-height: 28px; margin-bottom: 12px;\">Bypass-tilstand:<\/p>\n<p id=\"tl_9\" class=\"detail-desc-decorate-content\" style=\"font-family: OpenSans; font-size: 14px; font-weight: 300; line-height: 20px; margin-bottom: 12px;\">N\u00e5r enheden er indstillet til Bypass-tilstand, kan den underst\u00f8tte en spole med en modstand p\u00e5 0,1 Ohm til 3,0 Ohm.<br \/>\nDirekte udgangssp\u00e6ndingssystemet er aktiveret i denne tilstand.<br \/>\nJo h\u00f8jere batteriets stand er, desto h\u00f8jere er udgangssp\u00e6ndingen, den maksimale effekt er 230W.<\/p>\n<\/div>\n<div class=\"detailmodule_text\">\n<p id=\"tl_10\" class=\"detail-desc-decorate-title\" style=\"font-family: OpenSans; font-size: 20px; font-weight: 900; line-height: 28px; margin-bottom: 12px;\">Pakke:<\/p>\n<p id=\"tl_11\" class=\"detail-desc-decorate-content\" style=\"font-family: OpenSans; font-size: 14px; font-weight: 300; line-height: 20px; margin-bottom: 12px;\">1 x Storm230 Puma-mod (uden batteri)<br \/>\n1 x Micro-USB-kabel<br \/>\n1 x Brugermanual<\/p>\n<\/div>\n<div class=\"detailmodule_text-image\">\n<p id=\"tl_12\" class=\"detail-desc-decorate-title\" style=\"font-family: OpenSans; font-size: 20px; font-weight: 900; line-height: 28px; margin-bottom: 12px;\">Vis produkter<\/p>\n<div><img decoding=\"async\" loading=\"lazy\" class=\"detail-desc-decorate-image\" style=\"margin-bottom: 10px;\" src=\"https:\/\/ae01.alicdn.com\/kf\/H644713091e50447982cb746dba5bc664f.jpg\" \/><br \/>\n<img decoding=\"async\" loading=\"lazy\" class=\"detail-desc-decorate-image\" style=\"margin-bottom: 10px;\" src=\"https:\/\/ae01.alicdn.com\/kf\/H5db976e549cf4307bd54c97df0fc7511w.jpg\" \/><br \/>\n<img decoding=\"async\" loading=\"lazy\" class=\"detail-desc-decorate-image\" style=\"margin-bottom: 10px;\" src=\"https:\/\/ae01.alicdn.com\/kf\/Hf91eac32e0324626814b2c2ee44274f6X.jpg\" \/><br \/>\n<img decoding=\"async\" loading=\"lazy\" class=\"detail-desc-decorate-image\" style=\"margin-bottom: 10px;\" src=\"https:\/\/ae01.alicdn.com\/kf\/Hf667d40933204d1b9ff561e0eb05bddd1.jpg\" \/><br \/>\n<img decoding=\"async\" loading=\"lazy\" class=\"detail-desc-decorate-image\" style=\"margin-bottom: 10px;\" src=\"https:\/\/ae01.alicdn.com\/kf\/Hf879506a386e467eaa6be44067c6624b1.jpg\" \/><br \/>\n<img decoding=\"async\" loading=\"lazy\" class=\"detail-desc-decorate-image\" style=\"margin-bottom: 10px;\" src=\"https:\/\/ae01.alicdn.com\/kf\/Hcda8535b03e240e9831e391182b569d7O.jpg\" \/><br \/>\n<img decoding=\"async\" loading=\"lazy\" class=\"detail-desc-decorate-image\" style=\"margin-bottom: 10px;\" src=\"https:\/\/ae01.alicdn.com\/kf\/He77a4752de4b49dba3a9f699f66ecbc50.jpg\" \/><br \/>\n<img decoding=\"async\" loading=\"lazy\" class=\"detail-desc-decorate-image\" style=\"margin-bottom: 10px;\" src=\"https:\/\/ae01.alicdn.com\/kf\/H72c938e212404247a1fbc7d3eea0b58e4.jpg\" \/><br \/>\n<img decoding=\"async\" loading=\"lazy\" class=\"detail-desc-decorate-image\" style=\"margin-bottom: 10px;\" src=\"https:\/\/ae01.alicdn.com\/kf\/Hbf80c80263e64d1ab41f08f58f867343K.jpg\" \/><br \/>\n<img decoding=\"async\" loading=\"lazy\" class=\"detail-desc-decorate-image\" style=\"margin-bottom: 10px;\" src=\"https:\/\/ae01.alicdn.com\/kf\/H33f531279710407b95f1135f6811f290L.jpg\" \/><\/div>\n<\/div>\n<div class=\"detailmodule_text-image\">\n<p id=\"tl_13\" class=\"detail-desc-decorate-title\" style=\"font-family: OpenSans; font-size: 20px; font-weight: 900; line-height: 28px; margin-bottom: 12px;\">Kontrol af den oprindelige sikkerhedskode<\/p>\n<div><img decoding=\"async\" loading=\"lazy\" class=\"detail-desc-decorate-image\" src=\"https:\/\/ae01.alicdn.com\/kf\/H0a6b2ed4fce84873aed2a92b6e0185e5t.jpg\" \/><\/div>\n<\/div>\n<p>&nbsp;<\/p>\n<\/div>\n<\/div>\n<div><\/div>\n<p>&nbsp;<\/p>\n<\/div>\n<\/div>","protected":false},"excerpt":{"rendered":"<p>&nbsp; \u00dcberwachung Funktion Von Rauchen Anzahl:\u00a0Nein Silikon Fall:\u00a0Nein Kurzschlussschutz Funktion:\u00a0Ja \u00dcberhitzungsschutz-funktion:\u00a0Ja Niederspannungsalarmfunktion:\u00a0Ja Zerst\u00e4uber Identifikation Funktion:\u00a0Ja Temperaturregelung:\u00a0Ja TCR Einstellung Modi:\u00a0Ja Nominale Kapazit\u00e4t:\u00a0Kein Kompatibler Akku:\u00a018650 Material:\u00a0Plastik Compatible Model:\u00a0Electronic Cigarette Vape Box Mod Modellnummer:\u00a0storm230 bypass Firmware-upgrade:\u00a0Nein Usb-ladeger\u00e4t:\u00a0Ja Display:\u00a0Ja Eingebaute Oder Externe Batterie:\u00a0Nein Art:\u00a0Elektrische Mod Markenname:\u00a0vapor storm Ursprung:\u00a0CN (Herkunft) variable power:\u00a05-200W Temperature Control:\u00a0212 F &#8211; 600 F Thread:\u00a0510 Model:\u00a0Vapor [&hellip;]<\/p>","protected":false},"featured_media":8054,"template":"","meta":{"inline_featured_image":false},"product_cat":[752,756,739,743,77],"product_tag":[],"tiered_pricing_type":"fixed","tiered_pricing_fixed_rules":[],"tiered_pricing_percentage_rules":[],"tiered_pricing_minimum":1,"_administrator_tiered_pricing_type":"fixed","_administrator_tiered_pricing_fixed_rules":[],"_editor_tiered_pricing_type":"fixed","_editor_tiered_pricing_fixed_rules":[],"_author_tiered_pricing_type":"fixed","_author_tiered_pricing_fixed_rules":[],"_contributor_tiered_pricing_type":"fixed","_contributor_tiered_pricing_fixed_rules":[],"_subscriber_tiered_pricing_type":"fixed","_subscriber_tiered_pricing_fixed_rules":[],"_customer_tiered_pricing_type":"fixed","_customer_tiered_pricing_fixed_rules":[],"_shop_manager_tiered_pricing_type":"fixed","_shop_manager_tiered_pricing_fixed_rules":[],"_wpseo_manager_tiered_pricing_type":"fixed","_wpseo_manager_tiered_pricing_fixed_rules":[],"_wpseo_editor_tiered_pricing_type":"fixed","_wpseo_editor_tiered_pricing_fixed_rules":[],"_wholesale_customer_tiered_pricing_type":"fixed","_wholesale_customer_tiered_pricing_fixed_rules":[],"_marketer_tiered_pricing_type":"fixed","_marketer_tiered_pricing_fixed_rules":[],"_sales_manager_tiered_pricing_type":"fixed","_sales_manager_tiered_pricing_fixed_rules":[],"_sales_rep_tiered_pricing_type":"fixed","_sales_rep_tiered_pricing_fixed_rules":[],"yoast_head":"<!-- This site is optimized with the Yoast SEO plugin v23.3 - https:\/\/yoast.com\/wordpress\/plugins\/seo\/ -->\n<title>Dampf Storm Bypass 200W TC Vape Box Mod Dual 18650 Storm230 Mode Mods Box Vape Elektronische Zigarette Verdampfer RDA RBA RDTA | ElementVape.de<\/title>\n<meta name=\"description\" content=\"Wir bieten Dampf Storm Bypass 200W TC Vape Box Mod Dual 18650 Storm230 Mode Mods Box Vape Elektronische Zigarette Verdampfer RDA RBA RDTA , Elementvape.de akzeptieren Gro\u00df-und Einzelhandel Bestellungen.\" \/>\n<meta name=\"robots\" content=\"index, follow, max-snippet:-1, max-image-preview:large, max-video-preview:-1\" \/>\n<link rel=\"canonical\" href=\"https:\/\/www.elementvape.de\/da\/produkt\/dampf-storm-bypass-200w-tc-vape-box\/\" \/>\n<meta property=\"og:locale\" content=\"da_DK\" \/>\n<meta property=\"og:type\" content=\"article\" \/>\n<meta property=\"og:title\" content=\"Dampf Storm Bypass 200W TC Vape Box Mod Dual 18650 Storm230 Mode Mods Box Vape Elektronische Zigarette Verdampfer RDA RBA RDTA | ElementVape.de\" \/>\n<meta property=\"og:description\" content=\"Wir bieten Dampf Storm Bypass 200W TC Vape Box Mod Dual 18650 Storm230 Mode Mods Box Vape Elektronische Zigarette Verdampfer RDA RBA RDTA , Elementvape.de akzeptieren Gro\u00df-und Einzelhandel Bestellungen.\" \/>\n<meta property=\"og:url\" content=\"https:\/\/www.elementvape.de\/da\/produkt\/dampf-storm-bypass-200w-tc-vape-box\/\" \/>\n<meta property=\"og:site_name\" content=\"ElementVape.de\" \/>\n<meta property=\"article:modified_time\" content=\"2024-09-12T10:34:19+00:00\" \/>\n<meta property=\"og:image\" content=\"https:\/\/ae01.alicdn.com\/kf\/Scf54b51f3d9748c289b2d24ceb41ba5dO\/Dampf-Storm-Bypass-200W-TC-Vape-Box-Mod-Dual-18650-Storm230-Mode-Mods-Box-Vape-Elektronische.jpg\" \/>\n\t<meta property=\"og:image:width\" content=\"800\" \/>\n\t<meta property=\"og:image:height\" content=\"800\" \/>\n\t<meta property=\"og:image:type\" content=\"image\/jpeg\" \/>\n<meta name=\"twitter:card\" content=\"summary_large_image\" \/>\n<meta name=\"twitter:label1\" content=\"Est. reading time\" \/>\n\t<meta name=\"twitter:data1\" content=\"5 minutter\" \/>\n<script type=\"application\/ld+json\" class=\"yoast-schema-graph\">{\"@context\":\"https:\/\/schema.org\",\"@graph\":[{\"@type\":\"WebPage\",\"@id\":\"https:\/\/www.elementvape.de\/produkt\/dampf-storm-bypass-200w-tc-vape-box\/\",\"url\":\"https:\/\/www.elementvape.de\/produkt\/dampf-storm-bypass-200w-tc-vape-box\/\",\"name\":\"Dampf Storm Bypass 200W TC Vape Box Mod Dual 18650 Storm230 Mode Mods Box Vape Elektronische Zigarette Verdampfer RDA RBA RDTA | ElementVape.de\",\"isPartOf\":{\"@id\":\"https:\/\/www.elementvape.de\/#website\"},\"primaryImageOfPage\":{\"@id\":\"https:\/\/www.elementvape.de\/produkt\/dampf-storm-bypass-200w-tc-vape-box\/#primaryimage\"},\"image\":{\"@id\":\"https:\/\/www.elementvape.de\/produkt\/dampf-storm-bypass-200w-tc-vape-box\/#primaryimage\"},\"thumbnailUrl\":\"https:\/\/ae01.alicdn.com\/kf\/Scf54b51f3d9748c289b2d24ceb41ba5dO\/Dampf-Storm-Bypass-200W-TC-Vape-Box-Mod-Dual-18650-Storm230-Mode-Mods-Box-Vape-Elektronische.jpg\",\"datePublished\":\"2024-04-20T05:50:28+00:00\",\"dateModified\":\"2024-09-12T10:34:19+00:00\",\"description\":\"Wir bieten Dampf Storm Bypass 200W TC Vape Box Mod Dual 18650 Storm230 Mode Mods Box Vape Elektronische Zigarette Verdampfer RDA RBA RDTA , Elementvape.de akzeptieren Gro\u00df-und Einzelhandel Bestellungen.\",\"breadcrumb\":{\"@id\":\"https:\/\/www.elementvape.de\/produkt\/dampf-storm-bypass-200w-tc-vape-box\/#breadcrumb\"},\"inLanguage\":\"da-DK\",\"potentialAction\":[{\"@type\":\"ReadAction\",\"target\":[\"https:\/\/www.elementvape.de\/produkt\/dampf-storm-bypass-200w-tc-vape-box\/\"]}]},{\"@type\":\"ImageObject\",\"inLanguage\":\"da-DK\",\"@id\":\"https:\/\/www.elementvape.de\/produkt\/dampf-storm-bypass-200w-tc-vape-box\/#primaryimage\",\"url\":\"https:\/\/ae01.alicdn.com\/kf\/Scf54b51f3d9748c289b2d24ceb41ba5dO\/Dampf-Storm-Bypass-200W-TC-Vape-Box-Mod-Dual-18650-Storm230-Mode-Mods-Box-Vape-Elektronische.jpg\",\"contentUrl\":\"https:\/\/ae01.alicdn.com\/kf\/Scf54b51f3d9748c289b2d24ceb41ba5dO\/Dampf-Storm-Bypass-200W-TC-Vape-Box-Mod-Dual-18650-Storm230-Mode-Mods-Box-Vape-Elektronische.jpg\",\"width\":800,\"height\":800},{\"@type\":\"BreadcrumbList\",\"@id\":\"https:\/\/www.elementvape.de\/produkt\/dampf-storm-bypass-200w-tc-vape-box\/#breadcrumb\",\"itemListElement\":[{\"@type\":\"ListItem\",\"position\":1,\"name\":\"Home\",\"item\":\"https:\/\/www.elementvape.de\/\"},{\"@type\":\"ListItem\",\"position\":2,\"name\":\"Shop\",\"item\":\"https:\/\/www.elementvape.de\/shop\/\"},{\"@type\":\"ListItem\",\"position\":3,\"name\":\"Dampf Storm Bypass 200W TC Vape Box Mod Dual 18650 Storm230 Mode Mods Box Vape Elektronische Zigarette Verdampfer RDA RBA RDTA\"}]},{\"@type\":\"WebSite\",\"@id\":\"https:\/\/www.elementvape.de\/#website\",\"url\":\"https:\/\/www.elementvape.de\/\",\"name\":\"ElementVape.de\",\"description\":\"\",\"publisher\":{\"@id\":\"https:\/\/www.elementvape.de\/#organization\"},\"potentialAction\":[{\"@type\":\"SearchAction\",\"target\":{\"@type\":\"EntryPoint\",\"urlTemplate\":\"https:\/\/www.elementvape.de\/?s={search_term_string}\"},\"query-input\":\"required name=search_term_string\"}],\"inLanguage\":\"da-DK\"},{\"@type\":\"Organization\",\"@id\":\"https:\/\/www.elementvape.de\/#organization\",\"name\":\"ElementVape.DE\",\"url\":\"https:\/\/www.elementvape.de\/\",\"logo\":{\"@type\":\"ImageObject\",\"inLanguage\":\"da-DK\",\"@id\":\"https:\/\/www.elementvape.de\/#\/schema\/logo\/image\/\",\"url\":\"https:\/\/www.elementvape.de\/wp-content\/uploads\/2024\/09\/cropped-1elementvape-3.png\",\"contentUrl\":\"https:\/\/www.elementvape.de\/wp-content\/uploads\/2024\/09\/cropped-1elementvape-3.png\",\"width\":285,\"height\":228,\"caption\":\"ElementVape.DE\"},\"image\":{\"@id\":\"https:\/\/www.elementvape.de\/#\/schema\/logo\/image\/\"}}]}<\/script>\n<!-- \/ Yoast SEO plugin. -->","yoast_head_json":{"title":"Dampf Storm Bypass 200W TC Vape Box Mod Dual 18650 Storm230 Mode Mods Box Vape Elektronische Zigarette Verdampfer RDA RBA RDTA | ElementVape.de","description":"Wir bieten Dampf Storm Bypass 200W TC Vape Box Mod Dual 18650 Storm230 Mode Mods Box Vape Elektronische Zigarette Verdampfer RDA RBA RDTA , Elementvape.de akzeptieren Gro\u00df-und Einzelhandel Bestellungen.","robots":{"index":"index","follow":"follow","max-snippet":"max-snippet:-1","max-image-preview":"max-image-preview:large","max-video-preview":"max-video-preview:-1"},"canonical":"https:\/\/www.elementvape.de\/da\/produkt\/dampf-storm-bypass-200w-tc-vape-box\/","og_locale":"da_DK","og_type":"article","og_title":"Dampf Storm Bypass 200W TC Vape Box Mod Dual 18650 Storm230 Mode Mods Box Vape Elektronische Zigarette Verdampfer RDA RBA RDTA | ElementVape.de","og_description":"Wir bieten Dampf Storm Bypass 200W TC Vape Box Mod Dual 18650 Storm230 Mode Mods Box Vape Elektronische Zigarette Verdampfer RDA RBA RDTA , Elementvape.de akzeptieren Gro\u00df-und Einzelhandel Bestellungen.","og_url":"https:\/\/www.elementvape.de\/da\/produkt\/dampf-storm-bypass-200w-tc-vape-box\/","og_site_name":"ElementVape.de","article_modified_time":"2024-09-12T10:34:19+00:00","og_image":[{"width":800,"height":800,"url":"https:\/\/ae01.alicdn.com\/kf\/Scf54b51f3d9748c289b2d24ceb41ba5dO\/Dampf-Storm-Bypass-200W-TC-Vape-Box-Mod-Dual-18650-Storm230-Mode-Mods-Box-Vape-Elektronische.jpg","type":"image\/jpeg"}],"twitter_card":"summary_large_image","twitter_misc":{"Est. reading time":"5 minutter"},"schema":{"@context":"https:\/\/schema.org","@graph":[{"@type":"WebPage","@id":"https:\/\/www.elementvape.de\/produkt\/dampf-storm-bypass-200w-tc-vape-box\/","url":"https:\/\/www.elementvape.de\/produkt\/dampf-storm-bypass-200w-tc-vape-box\/","name":"Dampf Storm Bypass 200W TC Vape Box Mod Dual 18650 Storm230 Mode Mods Box Vape Elektronische Zigarette Verdampfer RDA RBA RDTA | ElementVape.de","isPartOf":{"@id":"https:\/\/www.elementvape.de\/#website"},"primaryImageOfPage":{"@id":"https:\/\/www.elementvape.de\/produkt\/dampf-storm-bypass-200w-tc-vape-box\/#primaryimage"},"image":{"@id":"https:\/\/www.elementvape.de\/produkt\/dampf-storm-bypass-200w-tc-vape-box\/#primaryimage"},"thumbnailUrl":"https:\/\/ae01.alicdn.com\/kf\/Scf54b51f3d9748c289b2d24ceb41ba5dO\/Dampf-Storm-Bypass-200W-TC-Vape-Box-Mod-Dual-18650-Storm230-Mode-Mods-Box-Vape-Elektronische.jpg","datePublished":"2024-04-20T05:50:28+00:00","dateModified":"2024-09-12T10:34:19+00:00","description":"Wir bieten Dampf Storm Bypass 200W TC Vape Box Mod Dual 18650 Storm230 Mode Mods Box Vape Elektronische Zigarette Verdampfer RDA RBA RDTA , Elementvape.de akzeptieren Gro\u00df-und Einzelhandel Bestellungen.","breadcrumb":{"@id":"https:\/\/www.elementvape.de\/produkt\/dampf-storm-bypass-200w-tc-vape-box\/#breadcrumb"},"inLanguage":"da-DK","potentialAction":[{"@type":"ReadAction","target":["https:\/\/www.elementvape.de\/produkt\/dampf-storm-bypass-200w-tc-vape-box\/"]}]},{"@type":"ImageObject","inLanguage":"da-DK","@id":"https:\/\/www.elementvape.de\/produkt\/dampf-storm-bypass-200w-tc-vape-box\/#primaryimage","url":"https:\/\/ae01.alicdn.com\/kf\/Scf54b51f3d9748c289b2d24ceb41ba5dO\/Dampf-Storm-Bypass-200W-TC-Vape-Box-Mod-Dual-18650-Storm230-Mode-Mods-Box-Vape-Elektronische.jpg","contentUrl":"https:\/\/ae01.alicdn.com\/kf\/Scf54b51f3d9748c289b2d24ceb41ba5dO\/Dampf-Storm-Bypass-200W-TC-Vape-Box-Mod-Dual-18650-Storm230-Mode-Mods-Box-Vape-Elektronische.jpg","width":800,"height":800},{"@type":"BreadcrumbList","@id":"https:\/\/www.elementvape.de\/produkt\/dampf-storm-bypass-200w-tc-vape-box\/#breadcrumb","itemListElement":[{"@type":"ListItem","position":1,"name":"Home","item":"https:\/\/www.elementvape.de\/"},{"@type":"ListItem","position":2,"name":"Shop","item":"https:\/\/www.elementvape.de\/shop\/"},{"@type":"ListItem","position":3,"name":"Dampf Storm Bypass 200W TC Vape Box Mod Dual 18650 Storm230 Mode Mods Box Vape Elektronische Zigarette Verdampfer RDA RBA RDTA"}]},{"@type":"WebSite","@id":"https:\/\/www.elementvape.de\/#website","url":"https:\/\/www.elementvape.de\/","name":"ElementVape.de","description":"","publisher":{"@id":"https:\/\/www.elementvape.de\/#organization"},"potentialAction":[{"@type":"SearchAction","target":{"@type":"EntryPoint","urlTemplate":"https:\/\/www.elementvape.de\/?s={search_term_string}"},"query-input":"required name=search_term_string"}],"inLanguage":"da-DK"},{"@type":"Organization","@id":"https:\/\/www.elementvape.de\/#organization","name":"ElementVape.DE","url":"https:\/\/www.elementvape.de\/","logo":{"@type":"ImageObject","inLanguage":"da-DK","@id":"https:\/\/www.elementvape.de\/#\/schema\/logo\/image\/","url":"https:\/\/www.elementvape.de\/wp-content\/uploads\/2024\/09\/cropped-1elementvape-3.png","contentUrl":"https:\/\/www.elementvape.de\/wp-content\/uploads\/2024\/09\/cropped-1elementvape-3.png","width":285,"height":228,"caption":"ElementVape.DE"},"image":{"@id":"https:\/\/www.elementvape.de\/#\/schema\/logo\/image\/"}}]}},"_links":{"self":[{"href":"https:\/\/www.elementvape.de\/da\/wp-json\/wp\/v2\/product\/8053"}],"collection":[{"href":"https:\/\/www.elementvape.de\/da\/wp-json\/wp\/v2\/product"}],"about":[{"href":"https:\/\/www.elementvape.de\/da\/wp-json\/wp\/v2\/types\/product"}],"wp:featuredmedia":[{"embeddable":true,"href":"https:\/\/www.elementvape.de\/da\/wp-json\/wp\/v2\/media\/8054"}],"wp:attachment":[{"href":"https:\/\/www.elementvape.de\/da\/wp-json\/wp\/v2\/media?parent=8053"}],"wp:term":[{"taxonomy":"product_cat","embeddable":true,"href":"https:\/\/www.elementvape.de\/da\/wp-json\/wp\/v2\/product_cat?post=8053"},{"taxonomy":"product_tag","embeddable":true,"href":"https:\/\/www.elementvape.de\/da\/wp-json\/wp\/v2\/product_tag?post=8053"}],"curies":[{"name":"wp","href":"https:\/\/api.w.org\/{rel}","templated":true}]}}