{"id":6986,"date":"2024-04-20T05:54:43","date_gmt":"2024-04-20T05:54:43","guid":{"rendered":"https:\/\/www.elementvape.de\/?post_type=product&#038;p=6986"},"modified":"2024-12-12T06:37:22","modified_gmt":"2024-12-12T06:37:22","slug":"joyetech-eroll-slim-kit-2ml-batterie-e-zigarette-vape-pen","status":"publish","type":"product","link":"https:\/\/www.elementvape.de\/da\/produkt\/joyetech-eroll-slim-kit-2ml-batterie-e-zigarette-vape-pen\/","title":{"rendered":"Joyetech Eroll Slim Kit 2ml Batteri E-cigaret Vape Pen"},"content":{"rendered":"<p>&nbsp;<\/p>\n<div class=\"product-specs-list-container\">\n<ul class=\"product-specs-list util-clearfix\">\n<li class=\"product-prop line-limit-length\"><span class=\"property-title\">Udseende:\u00a0<\/span><span class=\"property-desc line-limit-length\">Sylinderformet<\/span><\/li>\n<li class=\"product-prop line-limit-length\"><span class=\"property-title\">Overv\u00e5gningsfunktion for Rygning Antal:\u00a0<\/span><span class=\"property-desc line-limit-length\">Nej<\/span><\/li>\n<li class=\"product-prop line-limit-length\"><span class=\"property-title\">Silicone Cover:\u00a0<\/span><span class=\"property-desc line-limit-length\">Nej<\/span><\/li>\n<li class=\"product-prop line-limit-length\"><span class=\"property-title\">Indbygget eller Ekstern Batteri:\u00a0<\/span><span class=\"property-desc line-limit-length\">Indbygget<\/span><\/li>\n<li class=\"product-prop line-limit-length\"><span class=\"property-title\">Kortslutningsbeskyttelsesfunktion:\u00a0<\/span><span class=\"property-desc line-limit-length\">Ja<\/span><\/li>\n<li class=\"product-prop line-limit-length\"><span class=\"property-title\">Spr\u00f8jteidentifikation Funktion:\u00a0<\/span><span class=\"property-desc line-limit-length\">Ja<\/span><\/li>\n<li class=\"product-prop line-limit-length\"><span class=\"property-title\">Materiale:\u00a0<\/span><span class=\"property-desc line-limit-length\">Metal<\/span><\/li>\n<li class=\"product-prop line-limit-length\"><span class=\"property-title\">Kompatibel model:\u00a0<\/span><span class=\"property-desc line-limit-length\">Elektronisk cigaret Vape pen<\/span><\/li>\n<li class=\"product-prop line-limit-length\"><span class=\"property-title\">Modelnummer:\u00a0<\/span><span class=\"property-desc line-limit-length\">Joyetech eRoll Slim Kit uden PCC-boks<\/span><\/li>\n<li class=\"product-prop line-limit-length\"><span class=\"property-title\">Usb-oplader:\u00a0<\/span><span class=\"property-desc line-limit-length\">Ja<\/span><\/li>\n<li class=\"product-prop line-limit-length\"><span class=\"property-title\">Firmwareopgradering:\u00a0<\/span><span class=\"property-desc line-limit-length\">Nej<\/span><\/li>\n<li class=\"product-prop line-limit-length\"><span class=\"property-title\">Display:\u00a0<\/span><span class=\"property-desc line-limit-length\">Nej<\/span><\/li>\n<li class=\"product-prop line-limit-length\"><span class=\"property-title\">Type:\u00a0<\/span><span class=\"property-desc line-limit-length\">Med batteri<\/span><\/li>\n<li class=\"product-prop line-limit-length\"><span class=\"property-title\">Varem\u00e6rke:\u00a0<\/span><span class=\"property-desc line-limit-length\">JOYETECH<\/span><\/li>\n<li class=\"product-prop line-limit-length\"><span class=\"property-title\">Oprindelse:\u00a0<\/span><span class=\"property-desc line-limit-length\">CN (Oprindelse)<\/span><\/li>\n<\/ul>\n<\/div>\n<div class=\"detailmodule_html\">\n<div class=\"detail-desc-decorate-richtext\">\n<div class=\"detailmodule_dynamic\"><\/div>\n<div><\/div>\n<div><span style=\"font-size: 22px;\"><span id=\"tl_1\" style=\"font-size: 22px; font-family: arial, helvetica, sans-serif;\">Original Joyetech Eroll Slim Kit 2ml tomt Pod-udstyr 480mAh Batteri 1,0 Ohm Mesh Coil elektronisk cigaret Vape Pen<\/span><\/span><\/div>\n<div><\/div>\n<p><span id=\"tl_2\" style=\"font-size: 18px; font-family: arial, helvetica, sans-serif;\">Beskrivelse:<\/span><\/p>\n<p><span id=\"tl_3\" style=\"font-size: 18px; font-family: arial, helvetica, sans-serif;\">Eroll Slim Kit drives af et indbygget 480mAh batteri med 13W. Det underst\u00f8tter USB-C opladning og kan ogs\u00e5 oplades via eroll slim 1500mAh b\u00e6rbart opladningskoffert (pcc, ikke inkluderet) for at st\u00f8tte din hele dag vape. Eroll slim kit er udstyret med en genopfyldelig 2 ml hylse, der er udstyret med en 1,0-\u03a9 mesh spole for at give dig en uforlignelig ren smag og v\u00e6re perfekt<\/span><\/p>\n<p><span id=\"tl_4\" style=\"font-size: 18px; font-family: arial, helvetica, sans-serif;\">Sv\u00e6rdet ramt. Med standard\/smal 510 mundstykke inkluderet, kan det give dig forskellige vapingoplevelser.<\/span><\/p>\n<div><\/div>\n<div><\/div>\n<p><span id=\"tl_5\" style=\"font-size: 18px; font-family: arial, helvetica, sans-serif;\">Parameterer:<\/span><\/p>\n<p><span id=\"tl_6\" style=\"font-size: 18px; font-family: arial, helvetica, sans-serif;\">M\u00e6rke: joyetech<\/span><\/p>\n<p><span id=\"tl_7\" style=\"font-size: 18px; font-family: arial, helvetica, sans-serif;\">Produktnavn: eroll slim kit uden pcc-boks<\/span><\/p>\n<p><span id=\"tl_8\" style=\"font-size: 18px; font-family: arial, helvetica, sans-serif;\">St\u00f8rrelse: 16*120mm<\/span><\/p>\n<p><span id=\"tl_9\" style=\"font-size: 18px; font-family: arial, helvetica, sans-serif;\">Batterikapacitet: indbygget 480mAh batteri<\/span><\/p>\n<p><span id=\"tl_10\" style=\"font-size: 18px; font-family: arial, helvetica, sans-serif;\">Ladestrom: USB-C (5v\/1a)<\/span><\/p>\n<p><span id=\"tl_11\" style=\"font-size: 18px; font-family: arial, helvetica, sans-serif;\">USB-C (5v\/1a): 13w max<\/span><\/p>\n<p><span id=\"tl_12\" style=\"font-size: 18px; font-family: arial, helvetica, sans-serif;\">Pod Kapacitet: 2ml<\/span><\/p>\n<p><span id=\"tl_13\" style=\"font-size: 18px; font-family: arial, helvetica, sans-serif;\">Fyldehulsdiameter: 3,5mm<\/span><\/p>\n<p><span id=\"tl_14\" style=\"font-size: 18px; font-family: arial, helvetica, sans-serif;\">Modstandsinterval: 1\u03a9<\/span><\/p>\n<p><span id=\"tl_15\" style=\"font-size: 18px; font-family: arial, helvetica, sans-serif;\">Farve: bl\u00e5, r\u00f8d, sort, Gunmetal Grey, Guld<\/span><\/p>\n<div><\/div>\n<div><\/div>\n<p><span id=\"tl_16\" style=\"font-size: 18px; font-family: arial, helvetica, sans-serif;\">Detaljer:<\/span><\/p>\n<p><span id=\"tl_17\" style=\"font-size: 18px; font-family: arial, helvetica, sans-serif;\">1. tager et indbygget 480mAh vape-stiftbatteri med max 13w<\/span><\/p>\n<p><span id=\"tl_18\" style=\"font-size: 18px; font-family: arial, helvetica, sans-serif;\">2. i stand til at blive opladet via 1500mAh b\u00e6rbart opladningskoffert (pcc)<\/span><\/p>\n<p><span id=\"tl_19\" style=\"font-size: 18px; font-family: arial, helvetica, sans-serif;\">3. underst\u00f8tter magnetisk tr\u00e5dl\u00f8s opladning og USB-C opladning<\/span><\/p>\n<p><span id=\"tl_20\" style=\"font-size: 18px; font-family: arial, helvetica, sans-serif;\">4. 3-farvet batteriindikator for slankt Vape Pen<\/span><\/p>\n<p><span id=\"tl_21\" style=\"font-size: 18px; font-family: arial, helvetica, sans-serif;\">5. indeholder eroll slank genopfyldelig pod patron 2ml<\/span><\/p>\n<p><span id=\"tl_22\" style=\"font-size: 18px; font-family: arial, helvetica, sans-serif;\">6. leveres med standard og smal 510 mundstykke<\/span><\/p>\n<p><span id=\"tl_23\" style=\"font-size: 18px; font-family: arial, helvetica, sans-serif;\">7. tager 1.0\u03a9 mesh spole indad for ren smag<\/span><\/p>\n<p><span id=\"tl_24\" style=\"font-size: 18px; font-family: arial, helvetica, sans-serif;\">8. designet med Draw aktiveret system<\/span><\/p>\n<div><\/div>\n<div><\/div>\n<p><span id=\"tl_25\" style=\"font-size: 18px; font-family: arial, helvetica, sans-serif;\">Pakken fra joyetech eroll slim easy kit indeholder:<\/span><\/p>\n<p><span id=\"tl_26\" style=\"font-size: 18px; font-family: arial, helvetica, sans-serif;\">1 * eroll slank batteri<\/span><\/p>\n<p><span id=\"tl_27\" style=\"font-size: 18px; font-family: arial, helvetica, sans-serif;\">1 * eroll slank patron<\/span><\/p>\n<p><span id=\"tl_28\" style=\"font-size: 18px; font-family: arial, helvetica, sans-serif;\">1 * Standard 510 drypespids<\/span><\/p>\n<p><span id=\"tl_29\" style=\"font-size: 18px; font-family: arial, helvetica, sans-serif;\">1 * smal 510 drypespids<\/span><\/p>\n<p><span id=\"tl_30\" style=\"font-size: 18px; font-family: arial, helvetica, sans-serif;\">1 * USB-Type-C-kabel<\/span><\/p>\n<p><span id=\"tl_31\" style=\"font-size: 18px; font-family: arial, helvetica, sans-serif;\">1 * Brugerh\u00e5ndbog<\/span><\/p>\n<p><span id=\"tl_32\" style=\"font-size: 18px; font-family: arial, helvetica, sans-serif;\">1 * Garanti kort<\/span><\/p>\n<div><\/div>\n<p><img decoding=\"async\" loading=\"lazy\" src=\"https:\/\/ae01.alicdn.com\/kf\/Sc4e033596c6c468c802c08920b878e51u.jpg\" \/><img decoding=\"async\" loading=\"lazy\" src=\"https:\/\/ae01.alicdn.com\/kf\/S7b2c287c0421489685e7623476049c75H.jpg\" \/><img decoding=\"async\" loading=\"lazy\" src=\"https:\/\/ae01.alicdn.com\/kf\/S51bb7a835de8469f913752a2ae73306fP.jpg\" \/><img decoding=\"async\" loading=\"lazy\" src=\"https:\/\/ae01.alicdn.com\/kf\/S7fb7f201256a4080aa231bde80f0f7768.jpg\" \/><\/p>\n<p>&nbsp;<\/p>\n<\/div>\n<\/div>","protected":false},"excerpt":{"rendered":"<p>&nbsp; Aussehen:\u00a0Zylindrische Form \u00dcberwachung Funktion Von Rauchen Anzahl:\u00a0Nein Silikon Fall:\u00a0Nein Eingebaute Oder Externe Batterie:\u00a0Eingebaute Kurzschlussschutz Funktion:\u00a0Ja Zerst\u00e4uber Identifikation Funktion:\u00a0Ja Material:\u00a0Metall Compatible Model:\u00a0Electronic Cigarette Vape pen Modellnummer:\u00a0Joyetech eRoll Slim Kit without PCC Box Usb-ladeger\u00e4t:\u00a0Ja Firmware-upgrade:\u00a0Nein Display:\u00a0Nein Art:\u00a0Mit Batterie Markenname:\u00a0JOYETECH Ursprung:\u00a0CN (Herkunft) Original Joyetech Eroll Slim Kit 2ml leere Pod Patrone 480mAh Batterie 1,0 Ohm Mesh Coil [&hellip;]<\/p>","protected":false},"featured_media":6987,"template":"","meta":{"inline_featured_image":false},"product_cat":[752,756,739,743,76,79,81],"product_tag":[],"tiered_pricing_type":"fixed","tiered_pricing_fixed_rules":[],"tiered_pricing_percentage_rules":[],"tiered_pricing_minimum":1,"_administrator_tiered_pricing_type":"fixed","_administrator_tiered_pricing_fixed_rules":[],"_editor_tiered_pricing_type":"fixed","_editor_tiered_pricing_fixed_rules":[],"_author_tiered_pricing_type":"fixed","_author_tiered_pricing_fixed_rules":[],"_contributor_tiered_pricing_type":"fixed","_contributor_tiered_pricing_fixed_rules":[],"_subscriber_tiered_pricing_type":"fixed","_subscriber_tiered_pricing_fixed_rules":[],"_customer_tiered_pricing_type":"fixed","_customer_tiered_pricing_fixed_rules":[],"_shop_manager_tiered_pricing_type":"fixed","_shop_manager_tiered_pricing_fixed_rules":[],"_wpseo_manager_tiered_pricing_type":"fixed","_wpseo_manager_tiered_pricing_fixed_rules":[],"_wpseo_editor_tiered_pricing_type":"fixed","_wpseo_editor_tiered_pricing_fixed_rules":[],"_wholesale_customer_tiered_pricing_type":"fixed","_wholesale_customer_tiered_pricing_fixed_rules":[],"_marketer_tiered_pricing_type":"fixed","_marketer_tiered_pricing_fixed_rules":[],"_sales_manager_tiered_pricing_type":"fixed","_sales_manager_tiered_pricing_fixed_rules":[],"_sales_rep_tiered_pricing_type":"fixed","_sales_rep_tiered_pricing_fixed_rules":[],"yoast_head":"<!-- This site is optimized with the Yoast SEO plugin v23.3 - https:\/\/yoast.com\/wordpress\/plugins\/seo\/ -->\n<title>Joyetech Eroll Slim Kit 2ml Batterie E-Zigarette Vape Pen | ElementVape.de<\/title>\n<meta name=\"description\" content=\"Wir bieten Joyetech Eroll Slim Kit 2ml Batterie E-Zigarette Vape Pen , Elementvape.de akzeptieren Gro\u00df-und Einzelhandel Bestellungen.\" \/>\n<meta name=\"robots\" content=\"index, follow, max-snippet:-1, max-image-preview:large, max-video-preview:-1\" \/>\n<link rel=\"canonical\" href=\"https:\/\/www.elementvape.de\/da\/produkt\/joyetech-eroll-slim-kit-2ml-batterie-e-zigarette-vape-pen\/\" \/>\n<meta property=\"og:locale\" content=\"da_DK\" \/>\n<meta property=\"og:type\" content=\"article\" \/>\n<meta property=\"og:title\" content=\"Joyetech Eroll Slim Kit 2ml Batterie E-Zigarette Vape Pen | ElementVape.de\" \/>\n<meta property=\"og:description\" content=\"Wir bieten Joyetech Eroll Slim Kit 2ml Batterie E-Zigarette Vape Pen , Elementvape.de akzeptieren Gro\u00df-und Einzelhandel Bestellungen.\" \/>\n<meta property=\"og:url\" content=\"https:\/\/www.elementvape.de\/da\/produkt\/joyetech-eroll-slim-kit-2ml-batterie-e-zigarette-vape-pen\/\" \/>\n<meta property=\"og:site_name\" content=\"ElementVape.de\" \/>\n<meta property=\"article:modified_time\" content=\"2024-12-12T06:37:22+00:00\" \/>\n<meta property=\"og:image\" content=\"https:\/\/ae01.alicdn.com\/kf\/S6d337598dd1d4078800140606f35a3b4v\/Original-Joyetech-Eroll-Slim-Kit-2ml-leere-Pod-Patrone-480mAh-Batterie-1-0-Ohm-Mesh-Coil.jpg\" \/>\n\t<meta property=\"og:image:width\" content=\"800\" \/>\n\t<meta property=\"og:image:height\" content=\"800\" \/>\n\t<meta property=\"og:image:type\" content=\"image\/jpeg\" \/>\n<meta name=\"twitter:card\" content=\"summary_large_image\" \/>\n<meta name=\"twitter:label1\" content=\"Est. reading time\" \/>\n\t<meta name=\"twitter:data1\" content=\"3 minutter\" \/>\n<script type=\"application\/ld+json\" class=\"yoast-schema-graph\">{\"@context\":\"https:\/\/schema.org\",\"@graph\":[{\"@type\":\"WebPage\",\"@id\":\"https:\/\/www.elementvape.de\/produkt\/joyetech-eroll-slim-kit-2ml-batterie-e-zigarette-vape-pen\/\",\"url\":\"https:\/\/www.elementvape.de\/produkt\/joyetech-eroll-slim-kit-2ml-batterie-e-zigarette-vape-pen\/\",\"name\":\"Joyetech Eroll Slim Kit 2ml Batterie E-Zigarette Vape Pen | ElementVape.de\",\"isPartOf\":{\"@id\":\"https:\/\/www.elementvape.de\/#website\"},\"primaryImageOfPage\":{\"@id\":\"https:\/\/www.elementvape.de\/produkt\/joyetech-eroll-slim-kit-2ml-batterie-e-zigarette-vape-pen\/#primaryimage\"},\"image\":{\"@id\":\"https:\/\/www.elementvape.de\/produkt\/joyetech-eroll-slim-kit-2ml-batterie-e-zigarette-vape-pen\/#primaryimage\"},\"thumbnailUrl\":\"https:\/\/ae01.alicdn.com\/kf\/S6d337598dd1d4078800140606f35a3b4v\/Original-Joyetech-Eroll-Slim-Kit-2ml-leere-Pod-Patrone-480mAh-Batterie-1-0-Ohm-Mesh-Coil.jpg\",\"datePublished\":\"2024-04-20T05:54:43+00:00\",\"dateModified\":\"2024-12-12T06:37:22+00:00\",\"description\":\"Wir bieten Joyetech Eroll Slim Kit 2ml Batterie E-Zigarette Vape Pen , Elementvape.de akzeptieren Gro\u00df-und Einzelhandel Bestellungen.\",\"breadcrumb\":{\"@id\":\"https:\/\/www.elementvape.de\/produkt\/joyetech-eroll-slim-kit-2ml-batterie-e-zigarette-vape-pen\/#breadcrumb\"},\"inLanguage\":\"da-DK\",\"potentialAction\":[{\"@type\":\"ReadAction\",\"target\":[\"https:\/\/www.elementvape.de\/produkt\/joyetech-eroll-slim-kit-2ml-batterie-e-zigarette-vape-pen\/\"]}]},{\"@type\":\"ImageObject\",\"inLanguage\":\"da-DK\",\"@id\":\"https:\/\/www.elementvape.de\/produkt\/joyetech-eroll-slim-kit-2ml-batterie-e-zigarette-vape-pen\/#primaryimage\",\"url\":\"https:\/\/ae01.alicdn.com\/kf\/S6d337598dd1d4078800140606f35a3b4v\/Original-Joyetech-Eroll-Slim-Kit-2ml-leere-Pod-Patrone-480mAh-Batterie-1-0-Ohm-Mesh-Coil.jpg\",\"contentUrl\":\"https:\/\/ae01.alicdn.com\/kf\/S6d337598dd1d4078800140606f35a3b4v\/Original-Joyetech-Eroll-Slim-Kit-2ml-leere-Pod-Patrone-480mAh-Batterie-1-0-Ohm-Mesh-Coil.jpg\",\"width\":800,\"height\":800},{\"@type\":\"BreadcrumbList\",\"@id\":\"https:\/\/www.elementvape.de\/produkt\/joyetech-eroll-slim-kit-2ml-batterie-e-zigarette-vape-pen\/#breadcrumb\",\"itemListElement\":[{\"@type\":\"ListItem\",\"position\":1,\"name\":\"Home\",\"item\":\"https:\/\/www.elementvape.de\/\"},{\"@type\":\"ListItem\",\"position\":2,\"name\":\"Shop\",\"item\":\"https:\/\/www.elementvape.de\/shop\/\"},{\"@type\":\"ListItem\",\"position\":3,\"name\":\"Joyetech Eroll Slim Kit 2ml Batterie E-Zigarette Vape Pen\"}]},{\"@type\":\"WebSite\",\"@id\":\"https:\/\/www.elementvape.de\/#website\",\"url\":\"https:\/\/www.elementvape.de\/\",\"name\":\"ElementVape.de\",\"description\":\"\",\"publisher\":{\"@id\":\"https:\/\/www.elementvape.de\/#organization\"},\"potentialAction\":[{\"@type\":\"SearchAction\",\"target\":{\"@type\":\"EntryPoint\",\"urlTemplate\":\"https:\/\/www.elementvape.de\/?s={search_term_string}\"},\"query-input\":\"required name=search_term_string\"}],\"inLanguage\":\"da-DK\"},{\"@type\":\"Organization\",\"@id\":\"https:\/\/www.elementvape.de\/#organization\",\"name\":\"ElementVape.DE\",\"url\":\"https:\/\/www.elementvape.de\/\",\"logo\":{\"@type\":\"ImageObject\",\"inLanguage\":\"da-DK\",\"@id\":\"https:\/\/www.elementvape.de\/#\/schema\/logo\/image\/\",\"url\":\"https:\/\/www.elementvape.de\/wp-content\/uploads\/2024\/09\/cropped-1elementvape-3.png\",\"contentUrl\":\"https:\/\/www.elementvape.de\/wp-content\/uploads\/2024\/09\/cropped-1elementvape-3.png\",\"width\":285,\"height\":228,\"caption\":\"ElementVape.DE\"},\"image\":{\"@id\":\"https:\/\/www.elementvape.de\/#\/schema\/logo\/image\/\"}}]}<\/script>\n<!-- \/ Yoast SEO plugin. -->","yoast_head_json":{"title":"Joyetech Eroll Slim Kit 2ml Batterie E-Zigarette Vape Pen | ElementVape.de","description":"Wir bieten Joyetech Eroll Slim Kit 2ml Batterie E-Zigarette Vape Pen , Elementvape.de akzeptieren Gro\u00df-und Einzelhandel Bestellungen.","robots":{"index":"index","follow":"follow","max-snippet":"max-snippet:-1","max-image-preview":"max-image-preview:large","max-video-preview":"max-video-preview:-1"},"canonical":"https:\/\/www.elementvape.de\/da\/produkt\/joyetech-eroll-slim-kit-2ml-batterie-e-zigarette-vape-pen\/","og_locale":"da_DK","og_type":"article","og_title":"Joyetech Eroll Slim Kit 2ml Batterie E-Zigarette Vape Pen | ElementVape.de","og_description":"Wir bieten Joyetech Eroll Slim Kit 2ml Batterie E-Zigarette Vape Pen , Elementvape.de akzeptieren Gro\u00df-und Einzelhandel Bestellungen.","og_url":"https:\/\/www.elementvape.de\/da\/produkt\/joyetech-eroll-slim-kit-2ml-batterie-e-zigarette-vape-pen\/","og_site_name":"ElementVape.de","article_modified_time":"2024-12-12T06:37:22+00:00","og_image":[{"width":800,"height":800,"url":"https:\/\/ae01.alicdn.com\/kf\/S6d337598dd1d4078800140606f35a3b4v\/Original-Joyetech-Eroll-Slim-Kit-2ml-leere-Pod-Patrone-480mAh-Batterie-1-0-Ohm-Mesh-Coil.jpg","type":"image\/jpeg"}],"twitter_card":"summary_large_image","twitter_misc":{"Est. reading time":"3 minutter"},"schema":{"@context":"https:\/\/schema.org","@graph":[{"@type":"WebPage","@id":"https:\/\/www.elementvape.de\/produkt\/joyetech-eroll-slim-kit-2ml-batterie-e-zigarette-vape-pen\/","url":"https:\/\/www.elementvape.de\/produkt\/joyetech-eroll-slim-kit-2ml-batterie-e-zigarette-vape-pen\/","name":"Joyetech Eroll Slim Kit 2ml Batterie E-Zigarette Vape Pen | ElementVape.de","isPartOf":{"@id":"https:\/\/www.elementvape.de\/#website"},"primaryImageOfPage":{"@id":"https:\/\/www.elementvape.de\/produkt\/joyetech-eroll-slim-kit-2ml-batterie-e-zigarette-vape-pen\/#primaryimage"},"image":{"@id":"https:\/\/www.elementvape.de\/produkt\/joyetech-eroll-slim-kit-2ml-batterie-e-zigarette-vape-pen\/#primaryimage"},"thumbnailUrl":"https:\/\/ae01.alicdn.com\/kf\/S6d337598dd1d4078800140606f35a3b4v\/Original-Joyetech-Eroll-Slim-Kit-2ml-leere-Pod-Patrone-480mAh-Batterie-1-0-Ohm-Mesh-Coil.jpg","datePublished":"2024-04-20T05:54:43+00:00","dateModified":"2024-12-12T06:37:22+00:00","description":"Wir bieten Joyetech Eroll Slim Kit 2ml Batterie E-Zigarette Vape Pen , Elementvape.de akzeptieren Gro\u00df-und Einzelhandel Bestellungen.","breadcrumb":{"@id":"https:\/\/www.elementvape.de\/produkt\/joyetech-eroll-slim-kit-2ml-batterie-e-zigarette-vape-pen\/#breadcrumb"},"inLanguage":"da-DK","potentialAction":[{"@type":"ReadAction","target":["https:\/\/www.elementvape.de\/produkt\/joyetech-eroll-slim-kit-2ml-batterie-e-zigarette-vape-pen\/"]}]},{"@type":"ImageObject","inLanguage":"da-DK","@id":"https:\/\/www.elementvape.de\/produkt\/joyetech-eroll-slim-kit-2ml-batterie-e-zigarette-vape-pen\/#primaryimage","url":"https:\/\/ae01.alicdn.com\/kf\/S6d337598dd1d4078800140606f35a3b4v\/Original-Joyetech-Eroll-Slim-Kit-2ml-leere-Pod-Patrone-480mAh-Batterie-1-0-Ohm-Mesh-Coil.jpg","contentUrl":"https:\/\/ae01.alicdn.com\/kf\/S6d337598dd1d4078800140606f35a3b4v\/Original-Joyetech-Eroll-Slim-Kit-2ml-leere-Pod-Patrone-480mAh-Batterie-1-0-Ohm-Mesh-Coil.jpg","width":800,"height":800},{"@type":"BreadcrumbList","@id":"https:\/\/www.elementvape.de\/produkt\/joyetech-eroll-slim-kit-2ml-batterie-e-zigarette-vape-pen\/#breadcrumb","itemListElement":[{"@type":"ListItem","position":1,"name":"Home","item":"https:\/\/www.elementvape.de\/"},{"@type":"ListItem","position":2,"name":"Shop","item":"https:\/\/www.elementvape.de\/shop\/"},{"@type":"ListItem","position":3,"name":"Joyetech Eroll Slim Kit 2ml Batterie E-Zigarette Vape Pen"}]},{"@type":"WebSite","@id":"https:\/\/www.elementvape.de\/#website","url":"https:\/\/www.elementvape.de\/","name":"ElementVape.de","description":"","publisher":{"@id":"https:\/\/www.elementvape.de\/#organization"},"potentialAction":[{"@type":"SearchAction","target":{"@type":"EntryPoint","urlTemplate":"https:\/\/www.elementvape.de\/?s={search_term_string}"},"query-input":"required name=search_term_string"}],"inLanguage":"da-DK"},{"@type":"Organization","@id":"https:\/\/www.elementvape.de\/#organization","name":"ElementVape.DE","url":"https:\/\/www.elementvape.de\/","logo":{"@type":"ImageObject","inLanguage":"da-DK","@id":"https:\/\/www.elementvape.de\/#\/schema\/logo\/image\/","url":"https:\/\/www.elementvape.de\/wp-content\/uploads\/2024\/09\/cropped-1elementvape-3.png","contentUrl":"https:\/\/www.elementvape.de\/wp-content\/uploads\/2024\/09\/cropped-1elementvape-3.png","width":285,"height":228,"caption":"ElementVape.DE"},"image":{"@id":"https:\/\/www.elementvape.de\/#\/schema\/logo\/image\/"}}]}},"_links":{"self":[{"href":"https:\/\/www.elementvape.de\/da\/wp-json\/wp\/v2\/product\/6986"}],"collection":[{"href":"https:\/\/www.elementvape.de\/da\/wp-json\/wp\/v2\/product"}],"about":[{"href":"https:\/\/www.elementvape.de\/da\/wp-json\/wp\/v2\/types\/product"}],"wp:featuredmedia":[{"embeddable":true,"href":"https:\/\/www.elementvape.de\/da\/wp-json\/wp\/v2\/media\/6987"}],"wp:attachment":[{"href":"https:\/\/www.elementvape.de\/da\/wp-json\/wp\/v2\/media?parent=6986"}],"wp:term":[{"taxonomy":"product_cat","embeddable":true,"href":"https:\/\/www.elementvape.de\/da\/wp-json\/wp\/v2\/product_cat?post=6986"},{"taxonomy":"product_tag","embeddable":true,"href":"https:\/\/www.elementvape.de\/da\/wp-json\/wp\/v2\/product_tag?post=6986"}],"curies":[{"name":"wp","href":"https:\/\/api.w.org\/{rel}","templated":true}]}}