{"id":6914,"date":"2024-04-20T05:47:53","date_gmt":"2024-04-20T05:47:53","guid":{"rendered":"https:\/\/www.elementvape.de\/?post_type=product&#038;p=6914"},"modified":"2024-12-12T06:37:27","modified_gmt":"2024-12-12T06:37:27","slug":"pack-woods-runty-x-vape-pen-geraet-pod-kits","status":"publish","type":"product","link":"https:\/\/www.elementvape.de\/da\/produkt\/pack-woods-runty-x-vape-pen-geraet-pod-kits\/","title":{"rendered":"Pack woods Runty x Vape Pen enhed, pod-kits"},"content":{"rendered":"<p>&nbsp;<\/p>\n<div class=\"product-specs-list-container\">\n<ul class=\"product-specs-list util-clearfix\">\n<li class=\"product-prop line-limit-length\"><span class=\"property-title\">Udseende:\u00a0<\/span><span class=\"property-desc line-limit-length\">Boksform<\/span><\/li>\n<li class=\"product-prop line-limit-length\"><span class=\"property-title\">Kompatibel Batteri:\u00a0<\/span><span class=\"property-desc line-limit-length\">18500<\/span><\/li>\n<li class=\"product-prop line-limit-length\"><span class=\"property-title\">Overv\u00e5gningsfunktion for Rygning Antal:\u00a0<\/span><span class=\"property-desc line-limit-length\">Nej<\/span><\/li>\n<li class=\"product-prop line-limit-length\"><span class=\"property-title\">Silicone Cover:\u00a0<\/span><span class=\"property-desc line-limit-length\">Nej<\/span><\/li>\n<li class=\"product-prop line-limit-length\"><span class=\"property-title\">Temperaturregulering:\u00a0<\/span><span class=\"property-desc line-limit-length\">Nej<\/span><\/li>\n<li class=\"product-prop line-limit-length\"><span class=\"property-title\">Indbygget eller Ekstern Batteri:\u00a0<\/span><span class=\"property-desc line-limit-length\">Indbygget<\/span><\/li>\n<li class=\"product-prop line-limit-length\"><span class=\"property-title\">Kortslutningsbeskyttelsesfunktion:\u00a0<\/span><span class=\"property-desc line-limit-length\">Ja<\/span><\/li>\n<li class=\"product-prop line-limit-length\"><span class=\"property-title\">Overophedningsbeskyttelsesfunktion:\u00a0<\/span><span class=\"property-desc line-limit-length\">Nej<\/span><\/li>\n<li class=\"product-prop line-limit-length\"><span class=\"property-title\">Lavsp\u00e6ndingsalarmfunktion:\u00a0<\/span><span class=\"property-desc line-limit-length\">Nej<\/span><\/li>\n<li class=\"product-prop line-limit-length\"><span class=\"property-title\">Spr\u00f8jteidentifikation Funktion:\u00a0<\/span><span class=\"property-desc line-limit-length\">Nej<\/span><\/li>\n<li class=\"product-prop line-limit-length\"><span class=\"property-title\">TCR-indstillingsmodi:\u00a0<\/span><span class=\"property-desc line-limit-length\">Nej<\/span><\/li>\n<li class=\"product-prop line-limit-length\"><span class=\"property-title\">Nominal kapacitet:\u00a0<\/span><span class=\"property-desc line-limit-length\">&lt;700 mAh<\/span><\/li>\n<li class=\"product-prop line-limit-length\"><span class=\"property-title\">Materiale:\u00a0<\/span><span class=\"property-desc line-limit-length\">Plastik<\/span><\/li>\n<li class=\"product-prop line-limit-length\"><span class=\"property-title\">Kompatibel model:\u00a0<\/span><span class=\"property-desc line-limit-length\">tyk oliepatroner<\/span><\/li>\n<li class=\"product-prop line-limit-length\"><span class=\"property-title\">Modelnummer:\u00a0<\/span><span class=\"property-desc line-limit-length\">Runty x Packwoods Vape Pod Kit<\/span><\/li>\n<li class=\"product-prop line-limit-length\"><span class=\"property-title\">Usb-oplader:\u00a0<\/span><span class=\"property-desc line-limit-length\">Ja<\/span><\/li>\n<li class=\"product-prop line-limit-length\"><span class=\"property-title\">Firmwareopgradering:\u00a0<\/span><span class=\"property-desc line-limit-length\">Nej<\/span><\/li>\n<li class=\"product-prop line-limit-length\"><span class=\"property-title\">Display:\u00a0<\/span><span class=\"property-desc line-limit-length\">Nej<\/span><\/li>\n<li class=\"product-prop line-limit-length\"><span class=\"property-title\">Type:\u00a0<\/span><span class=\"property-desc line-limit-length\">engangs<\/span><\/li>\n<li class=\"product-prop line-limit-length\"><span class=\"property-title\">Varem\u00e6rke:\u00a0<\/span><span class=\"property-desc line-limit-length\">SUB TO<\/span><\/li>\n<li class=\"product-prop line-limit-length\"><span class=\"property-title\">Oprindelse:\u00a0<\/span><span class=\"property-desc line-limit-length\">CN (Oprindelse)<\/span><\/li>\n<li class=\"product-prop line-limit-length\"><span class=\"property-title\">farve:\u00a0<\/span><span class=\"property-desc line-limit-length\">sendt som blandet<\/span><\/li>\n<li class=\"product-prop line-limit-length\"><span class=\"property-title\">batterikapacitet:\u00a0<\/span><span class=\"property-desc line-limit-length\">380mAh<\/span><\/li>\n<li class=\"product-prop line-limit-length\"><span class=\"property-title\">podkapacitet:\u00a0<\/span><span class=\"property-desc line-limit-length\">1ml<\/span><\/li>\n<li class=\"product-prop line-limit-length\"><span class=\"property-title\">brug til:\u00a0<\/span><span class=\"property-desc line-limit-length\">tyk olie<\/span><\/li>\n<li class=\"product-prop line-limit-length\"><span class=\"property-title\">type A:\u00a0<\/span><span class=\"property-desc line-limit-length\">elektronisk cigaretkit<\/span><\/li>\n<li class=\"product-prop line-limit-length\"><span class=\"property-title\">type B:\u00a0<\/span><span class=\"property-desc line-limit-length\">Vape pen pod<\/span><\/li>\n<\/ul>\n<\/div>\n<div class=\"detailmodule_html\">\n<div class=\"detail-desc-decorate-richtext\">\n<div>\n<div>\n<div style=\"text-align: center;\" align=\"center\"><\/div>\n<div><span style=\"font-size: 22px;\"><span style=\"font-size: 18px;\"><span id=\"tl_1\">Pod-kapacitet: 1,0 ml<\/span><\/span><\/span><\/p>\n<p><span style=\"font-size: 22px;\"><span style=\"font-size: 18px;\"><span id=\"tl_2\">Batterikapacitet: 380mah<\/span><\/span><\/span><\/p>\n<p><span style=\"font-size: 22px;\"><span style=\"font-size: 18px;\"><span id=\"tl_3\">Brug til: tykt olie<\/span><\/span><\/span><\/p>\n<p><span style=\"font-size: 22px;\"><span style=\"font-size: 18px;\"><span id=\"tl_4\">Pakke: med kasse emballage<\/span><\/span><\/span><\/div>\n<div><span id=\"tl_5\" style=\"font-size: 26px;\">Ny farve m\u00e6ngde:<\/span><\/div>\n<div>\n<img decoding=\"async\" loading=\"lazy\" src=\"https:\/\/ae01.alicdn.com\/kf\/S1ef3db1ab4be4d0da4983af2747fd4ecF.jpg\" \/><\/p>\n<p><img decoding=\"async\" loading=\"lazy\" src=\"https:\/\/ae01.alicdn.com\/kf\/S5fb1263f42e64e00a78e2d512d527a39W.jpg\" \/><\/p>\n<p><img decoding=\"async\" loading=\"lazy\" src=\"https:\/\/ae01.alicdn.com\/kf\/S563f75691d684111b29de29628d3f8eal.jpg\" \/><\/div>\n<div><img decoding=\"async\" loading=\"lazy\" style=\"width: 1000px; height: 1000px;\" src=\"https:\/\/ae01.alicdn.com\/kf\/S586d04fee1cd4d10853c4556fc9b90c2u.jpg?width=1000&amp;height=1000&amp;hash=2000\" width=\"1000px\" height=\"1000px\" \/><br \/>\n<img decoding=\"async\" loading=\"lazy\" src=\"https:\/\/ae01.alicdn.com\/kf\/Sf605948783d040cd81e26031b5631e34v.jpg?width=1000&amp;height=1000&amp;hash=2000\" \/><br \/>\n<img decoding=\"async\" loading=\"lazy\" src=\"https:\/\/ae01.alicdn.com\/kf\/S3527f275de1f4291b23805b60efb773c7.jpg?width=1000&amp;height=1000&amp;hash=2000\" \/><br \/>\n<img decoding=\"async\" loading=\"lazy\" src=\"https:\/\/ae01.alicdn.com\/kf\/Scdf1b01b691b4af2b46370bda041ca909.jpg?width=1000&amp;height=1000&amp;hash=2000\" \/><br \/>\n<img decoding=\"async\" loading=\"lazy\" src=\"https:\/\/ae01.alicdn.com\/kf\/S38cc3c446d014bd2a5447d174d4d90baG.jpg?width=1000&amp;height=1000&amp;hash=2000\" \/><br \/>\n<img decoding=\"async\" loading=\"lazy\" src=\"https:\/\/ae01.alicdn.com\/kf\/S9e52f3e8893e447e87a75ebe017dc052O.jpg?width=1000&amp;height=1000&amp;hash=2000\" \/><br \/>\n<img decoding=\"async\" loading=\"lazy\" src=\"https:\/\/ae01.alicdn.com\/kf\/S78891536510543ba9dd875382f81e612T.jpg?width=1000&amp;height=1000&amp;hash=2000\" \/><br \/>\n<img decoding=\"async\" loading=\"lazy\" src=\"https:\/\/ae01.alicdn.com\/kf\/S13ac226a9fd94bb2bc165fa2b6f0a260X.jpg?width=1000&amp;height=1000&amp;hash=2000\" \/><br \/>\n<img decoding=\"async\" loading=\"lazy\" src=\"https:\/\/ae01.alicdn.com\/kf\/Sb18175223a8c4ee09d9393c017cdef21X.jpg?width=1000&amp;height=1000&amp;hash=2000\" \/><br \/>\n<img decoding=\"async\" loading=\"lazy\" src=\"https:\/\/ae01.alicdn.com\/kf\/S558379856c5a4f9d91650fdcb6939e80p.jpg?width=1000&amp;height=1000&amp;hash=2000\" \/><br \/>\n<img decoding=\"async\" loading=\"lazy\" src=\"https:\/\/ae01.alicdn.com\/kf\/S62393ce02f894157b413f56186775e4at.jpg?width=1000&amp;height=1000&amp;hash=2000\" \/><br \/>\n<img decoding=\"async\" loading=\"lazy\" src=\"https:\/\/ae01.alicdn.com\/kf\/S4676a56196ab4343b7308c63257212e7K.jpg?width=1000&amp;height=1000&amp;hash=2000\" \/><br \/>\n<img decoding=\"async\" loading=\"lazy\" src=\"https:\/\/ae01.alicdn.com\/kf\/S67e73a8a04f14c7e936b9a3c15ee5ad4i.jpg?width=1000&amp;height=1000&amp;hash=2000\" \/><br \/>\n<img decoding=\"async\" loading=\"lazy\" src=\"https:\/\/ae01.alicdn.com\/kf\/S7715463aa162448d823b0ac99e3c5669a.jpg?width=1000&amp;height=1000&amp;hash=2000\" \/><br \/>\n<img decoding=\"async\" loading=\"lazy\" src=\"https:\/\/ae01.alicdn.com\/kf\/Sdd468ab2861c4b5995e3e042f305f9fbA.jpg?width=1000&amp;height=1000&amp;hash=2000\" \/><br \/>\n<img decoding=\"async\" loading=\"lazy\" src=\"https:\/\/ae01.alicdn.com\/kf\/S6ea6472df49f4f6783f896d630729053N.jpg?width=1000&amp;height=1000&amp;hash=2000\" \/><br \/>\n<img decoding=\"async\" loading=\"lazy\" src=\"https:\/\/ae01.alicdn.com\/kf\/S25148afeb2c243958ecd2344377572bcY.jpg?width=1000&amp;height=1000&amp;hash=2000\" \/><\/div>\n<\/div>\n<\/div>\n<p>&nbsp;<\/p>\n<\/div>\n<\/div>","protected":false},"excerpt":{"rendered":"<p>&nbsp; Aussehen:\u00a0Box Form Kompatibler Akku:\u00a018500 \u00dcberwachung Funktion Von Rauchen Anzahl:\u00a0Nein Silikon Fall:\u00a0Nein Temperaturregelung:\u00a0Nein Eingebaute Oder Externe Batterie:\u00a0Eingebaute Kurzschlussschutz Funktion:\u00a0Ja \u00dcberhitzungsschutz-funktion:\u00a0Nein Niederspannungsalarmfunktion:\u00a0Nein Zerst\u00e4uber Identifikation Funktion:\u00a0Nein TCR Einstellung Modi:\u00a0Nein Nominale Kapazit\u00e4t:\u00a0&lt;700 mAh Material:\u00a0Plastik Compatible Model:\u00a0thich oil cartridges Modellnummer:\u00a0Runty x Packwoods Vape Pod Kit Usb-ladeger\u00e4t:\u00a0Ja Firmware-upgrade:\u00a0Nein Display:\u00a0Nein Art:\u00a0disposable Markenname:\u00a0SUB TWO Ursprung:\u00a0CN (Herkunft) color:\u00a0send by mixed battery capacity:\u00a0380mah pod [&hellip;]<\/p>","protected":false},"featured_media":6915,"template":"","meta":{"inline_featured_image":false},"product_cat":[752,756,739,743,76,79,81],"product_tag":[],"tiered_pricing_type":"fixed","tiered_pricing_fixed_rules":[],"tiered_pricing_percentage_rules":[],"tiered_pricing_minimum":1,"_administrator_tiered_pricing_type":"fixed","_administrator_tiered_pricing_fixed_rules":[],"_editor_tiered_pricing_type":"fixed","_editor_tiered_pricing_fixed_rules":[],"_author_tiered_pricing_type":"fixed","_author_tiered_pricing_fixed_rules":[],"_contributor_tiered_pricing_type":"fixed","_contributor_tiered_pricing_fixed_rules":[],"_subscriber_tiered_pricing_type":"fixed","_subscriber_tiered_pricing_fixed_rules":[],"_customer_tiered_pricing_type":"fixed","_customer_tiered_pricing_fixed_rules":[],"_shop_manager_tiered_pricing_type":"fixed","_shop_manager_tiered_pricing_fixed_rules":[],"_wpseo_manager_tiered_pricing_type":"fixed","_wpseo_manager_tiered_pricing_fixed_rules":[],"_wpseo_editor_tiered_pricing_type":"fixed","_wpseo_editor_tiered_pricing_fixed_rules":[],"_wholesale_customer_tiered_pricing_type":"fixed","_wholesale_customer_tiered_pricing_fixed_rules":[],"_marketer_tiered_pricing_type":"fixed","_marketer_tiered_pricing_fixed_rules":[],"_sales_manager_tiered_pricing_type":"fixed","_sales_manager_tiered_pricing_fixed_rules":[],"_sales_rep_tiered_pricing_type":"fixed","_sales_rep_tiered_pricing_fixed_rules":[],"yoast_head":"<!-- This site is optimized with the Yoast SEO plugin v23.3 - https:\/\/yoast.com\/wordpress\/plugins\/seo\/ -->\n<title>Pack woods Runty x Vape Pen Ger\u00e4t Pod Kits | ElementVape.de<\/title>\n<meta name=\"description\" content=\"Wir bieten Pack woods Runty x Vape Pen Ger\u00e4t Pod Kits , Elementvape.de akzeptieren Gro\u00df-und Einzelhandel Bestellungen.\" \/>\n<meta name=\"robots\" content=\"index, follow, max-snippet:-1, max-image-preview:large, max-video-preview:-1\" \/>\n<link rel=\"canonical\" href=\"https:\/\/www.elementvape.de\/da\/produkt\/pack-woods-runty-x-vape-pen-geraet-pod-kits\/\" \/>\n<meta property=\"og:locale\" content=\"da_DK\" \/>\n<meta property=\"og:type\" content=\"article\" \/>\n<meta property=\"og:title\" content=\"Pack woods Runty x Vape Pen Ger\u00e4t Pod Kits | ElementVape.de\" \/>\n<meta property=\"og:description\" content=\"Wir bieten Pack woods Runty x Vape Pen Ger\u00e4t Pod Kits , Elementvape.de akzeptieren Gro\u00df-und Einzelhandel Bestellungen.\" \/>\n<meta property=\"og:url\" content=\"https:\/\/www.elementvape.de\/da\/produkt\/pack-woods-runty-x-vape-pen-geraet-pod-kits\/\" \/>\n<meta property=\"og:site_name\" content=\"ElementVape.de\" \/>\n<meta property=\"article:modified_time\" content=\"2024-12-12T06:37:27+00:00\" \/>\n<meta property=\"og:image\" content=\"https:\/\/ae01.alicdn.com\/kf\/S7d2015ced83f4e1e9af32f23ff0d87a11\/Pack-woods-Runty-x-Vape-Pen-und-Zigaretten-leer-dicke-l-wagen-Ger-t-Pod-Kits.jpg\" \/>\n\t<meta property=\"og:image:width\" content=\"800\" \/>\n\t<meta property=\"og:image:height\" content=\"800\" \/>\n\t<meta property=\"og:image:type\" content=\"image\/jpeg\" \/>\n<meta name=\"twitter:card\" content=\"summary_large_image\" \/>\n<meta name=\"twitter:label1\" content=\"Est. reading time\" \/>\n\t<meta name=\"twitter:data1\" content=\"5 minutter\" \/>\n<script type=\"application\/ld+json\" class=\"yoast-schema-graph\">{\"@context\":\"https:\/\/schema.org\",\"@graph\":[{\"@type\":\"WebPage\",\"@id\":\"https:\/\/www.elementvape.de\/produkt\/pack-woods-runty-x-vape-pen-geraet-pod-kits\/\",\"url\":\"https:\/\/www.elementvape.de\/produkt\/pack-woods-runty-x-vape-pen-geraet-pod-kits\/\",\"name\":\"Pack woods Runty x Vape Pen Ger\u00e4t Pod Kits | ElementVape.de\",\"isPartOf\":{\"@id\":\"https:\/\/www.elementvape.de\/#website\"},\"primaryImageOfPage\":{\"@id\":\"https:\/\/www.elementvape.de\/produkt\/pack-woods-runty-x-vape-pen-geraet-pod-kits\/#primaryimage\"},\"image\":{\"@id\":\"https:\/\/www.elementvape.de\/produkt\/pack-woods-runty-x-vape-pen-geraet-pod-kits\/#primaryimage\"},\"thumbnailUrl\":\"https:\/\/ae01.alicdn.com\/kf\/S7d2015ced83f4e1e9af32f23ff0d87a11\/Pack-woods-Runty-x-Vape-Pen-und-Zigaretten-leer-dicke-l-wagen-Ger-t-Pod-Kits.jpg\",\"datePublished\":\"2024-04-20T05:47:53+00:00\",\"dateModified\":\"2024-12-12T06:37:27+00:00\",\"description\":\"Wir bieten Pack woods Runty x Vape Pen Ger\u00e4t Pod Kits , Elementvape.de akzeptieren Gro\u00df-und Einzelhandel Bestellungen.\",\"breadcrumb\":{\"@id\":\"https:\/\/www.elementvape.de\/produkt\/pack-woods-runty-x-vape-pen-geraet-pod-kits\/#breadcrumb\"},\"inLanguage\":\"da-DK\",\"potentialAction\":[{\"@type\":\"ReadAction\",\"target\":[\"https:\/\/www.elementvape.de\/produkt\/pack-woods-runty-x-vape-pen-geraet-pod-kits\/\"]}]},{\"@type\":\"ImageObject\",\"inLanguage\":\"da-DK\",\"@id\":\"https:\/\/www.elementvape.de\/produkt\/pack-woods-runty-x-vape-pen-geraet-pod-kits\/#primaryimage\",\"url\":\"https:\/\/ae01.alicdn.com\/kf\/S7d2015ced83f4e1e9af32f23ff0d87a11\/Pack-woods-Runty-x-Vape-Pen-und-Zigaretten-leer-dicke-l-wagen-Ger-t-Pod-Kits.jpg\",\"contentUrl\":\"https:\/\/ae01.alicdn.com\/kf\/S7d2015ced83f4e1e9af32f23ff0d87a11\/Pack-woods-Runty-x-Vape-Pen-und-Zigaretten-leer-dicke-l-wagen-Ger-t-Pod-Kits.jpg\",\"width\":800,\"height\":800},{\"@type\":\"BreadcrumbList\",\"@id\":\"https:\/\/www.elementvape.de\/produkt\/pack-woods-runty-x-vape-pen-geraet-pod-kits\/#breadcrumb\",\"itemListElement\":[{\"@type\":\"ListItem\",\"position\":1,\"name\":\"Home\",\"item\":\"https:\/\/www.elementvape.de\/\"},{\"@type\":\"ListItem\",\"position\":2,\"name\":\"Shop\",\"item\":\"https:\/\/www.elementvape.de\/shop\/\"},{\"@type\":\"ListItem\",\"position\":3,\"name\":\"Pack woods Runty x Vape Pen Ger\u00e4t Pod Kits\"}]},{\"@type\":\"WebSite\",\"@id\":\"https:\/\/www.elementvape.de\/#website\",\"url\":\"https:\/\/www.elementvape.de\/\",\"name\":\"ElementVape.de\",\"description\":\"\",\"publisher\":{\"@id\":\"https:\/\/www.elementvape.de\/#organization\"},\"potentialAction\":[{\"@type\":\"SearchAction\",\"target\":{\"@type\":\"EntryPoint\",\"urlTemplate\":\"https:\/\/www.elementvape.de\/?s={search_term_string}\"},\"query-input\":\"required name=search_term_string\"}],\"inLanguage\":\"da-DK\"},{\"@type\":\"Organization\",\"@id\":\"https:\/\/www.elementvape.de\/#organization\",\"name\":\"ElementVape.DE\",\"url\":\"https:\/\/www.elementvape.de\/\",\"logo\":{\"@type\":\"ImageObject\",\"inLanguage\":\"da-DK\",\"@id\":\"https:\/\/www.elementvape.de\/#\/schema\/logo\/image\/\",\"url\":\"https:\/\/www.elementvape.de\/wp-content\/uploads\/2024\/09\/cropped-1elementvape-3.png\",\"contentUrl\":\"https:\/\/www.elementvape.de\/wp-content\/uploads\/2024\/09\/cropped-1elementvape-3.png\",\"width\":285,\"height\":228,\"caption\":\"ElementVape.DE\"},\"image\":{\"@id\":\"https:\/\/www.elementvape.de\/#\/schema\/logo\/image\/\"}}]}<\/script>\n<!-- \/ Yoast SEO plugin. -->","yoast_head_json":{"title":"Pack woods Runty x Vape Pen Ger\u00e4t Pod Kits | ElementVape.de","description":"Wir bieten Pack woods Runty x Vape Pen Ger\u00e4t Pod Kits , Elementvape.de akzeptieren Gro\u00df-und Einzelhandel Bestellungen.","robots":{"index":"index","follow":"follow","max-snippet":"max-snippet:-1","max-image-preview":"max-image-preview:large","max-video-preview":"max-video-preview:-1"},"canonical":"https:\/\/www.elementvape.de\/da\/produkt\/pack-woods-runty-x-vape-pen-geraet-pod-kits\/","og_locale":"da_DK","og_type":"article","og_title":"Pack woods Runty x Vape Pen Ger\u00e4t Pod Kits | ElementVape.de","og_description":"Wir bieten Pack woods Runty x Vape Pen Ger\u00e4t Pod Kits , Elementvape.de akzeptieren Gro\u00df-und Einzelhandel Bestellungen.","og_url":"https:\/\/www.elementvape.de\/da\/produkt\/pack-woods-runty-x-vape-pen-geraet-pod-kits\/","og_site_name":"ElementVape.de","article_modified_time":"2024-12-12T06:37:27+00:00","og_image":[{"width":800,"height":800,"url":"https:\/\/ae01.alicdn.com\/kf\/S7d2015ced83f4e1e9af32f23ff0d87a11\/Pack-woods-Runty-x-Vape-Pen-und-Zigaretten-leer-dicke-l-wagen-Ger-t-Pod-Kits.jpg","type":"image\/jpeg"}],"twitter_card":"summary_large_image","twitter_misc":{"Est. reading time":"5 minutter"},"schema":{"@context":"https:\/\/schema.org","@graph":[{"@type":"WebPage","@id":"https:\/\/www.elementvape.de\/produkt\/pack-woods-runty-x-vape-pen-geraet-pod-kits\/","url":"https:\/\/www.elementvape.de\/produkt\/pack-woods-runty-x-vape-pen-geraet-pod-kits\/","name":"Pack woods Runty x Vape Pen Ger\u00e4t Pod Kits | ElementVape.de","isPartOf":{"@id":"https:\/\/www.elementvape.de\/#website"},"primaryImageOfPage":{"@id":"https:\/\/www.elementvape.de\/produkt\/pack-woods-runty-x-vape-pen-geraet-pod-kits\/#primaryimage"},"image":{"@id":"https:\/\/www.elementvape.de\/produkt\/pack-woods-runty-x-vape-pen-geraet-pod-kits\/#primaryimage"},"thumbnailUrl":"https:\/\/ae01.alicdn.com\/kf\/S7d2015ced83f4e1e9af32f23ff0d87a11\/Pack-woods-Runty-x-Vape-Pen-und-Zigaretten-leer-dicke-l-wagen-Ger-t-Pod-Kits.jpg","datePublished":"2024-04-20T05:47:53+00:00","dateModified":"2024-12-12T06:37:27+00:00","description":"Wir bieten Pack woods Runty x Vape Pen Ger\u00e4t Pod Kits , Elementvape.de akzeptieren Gro\u00df-und Einzelhandel Bestellungen.","breadcrumb":{"@id":"https:\/\/www.elementvape.de\/produkt\/pack-woods-runty-x-vape-pen-geraet-pod-kits\/#breadcrumb"},"inLanguage":"da-DK","potentialAction":[{"@type":"ReadAction","target":["https:\/\/www.elementvape.de\/produkt\/pack-woods-runty-x-vape-pen-geraet-pod-kits\/"]}]},{"@type":"ImageObject","inLanguage":"da-DK","@id":"https:\/\/www.elementvape.de\/produkt\/pack-woods-runty-x-vape-pen-geraet-pod-kits\/#primaryimage","url":"https:\/\/ae01.alicdn.com\/kf\/S7d2015ced83f4e1e9af32f23ff0d87a11\/Pack-woods-Runty-x-Vape-Pen-und-Zigaretten-leer-dicke-l-wagen-Ger-t-Pod-Kits.jpg","contentUrl":"https:\/\/ae01.alicdn.com\/kf\/S7d2015ced83f4e1e9af32f23ff0d87a11\/Pack-woods-Runty-x-Vape-Pen-und-Zigaretten-leer-dicke-l-wagen-Ger-t-Pod-Kits.jpg","width":800,"height":800},{"@type":"BreadcrumbList","@id":"https:\/\/www.elementvape.de\/produkt\/pack-woods-runty-x-vape-pen-geraet-pod-kits\/#breadcrumb","itemListElement":[{"@type":"ListItem","position":1,"name":"Home","item":"https:\/\/www.elementvape.de\/"},{"@type":"ListItem","position":2,"name":"Shop","item":"https:\/\/www.elementvape.de\/shop\/"},{"@type":"ListItem","position":3,"name":"Pack woods Runty x Vape Pen Ger\u00e4t Pod Kits"}]},{"@type":"WebSite","@id":"https:\/\/www.elementvape.de\/#website","url":"https:\/\/www.elementvape.de\/","name":"ElementVape.de","description":"","publisher":{"@id":"https:\/\/www.elementvape.de\/#organization"},"potentialAction":[{"@type":"SearchAction","target":{"@type":"EntryPoint","urlTemplate":"https:\/\/www.elementvape.de\/?s={search_term_string}"},"query-input":"required name=search_term_string"}],"inLanguage":"da-DK"},{"@type":"Organization","@id":"https:\/\/www.elementvape.de\/#organization","name":"ElementVape.DE","url":"https:\/\/www.elementvape.de\/","logo":{"@type":"ImageObject","inLanguage":"da-DK","@id":"https:\/\/www.elementvape.de\/#\/schema\/logo\/image\/","url":"https:\/\/www.elementvape.de\/wp-content\/uploads\/2024\/09\/cropped-1elementvape-3.png","contentUrl":"https:\/\/www.elementvape.de\/wp-content\/uploads\/2024\/09\/cropped-1elementvape-3.png","width":285,"height":228,"caption":"ElementVape.DE"},"image":{"@id":"https:\/\/www.elementvape.de\/#\/schema\/logo\/image\/"}}]}},"_links":{"self":[{"href":"https:\/\/www.elementvape.de\/da\/wp-json\/wp\/v2\/product\/6914"}],"collection":[{"href":"https:\/\/www.elementvape.de\/da\/wp-json\/wp\/v2\/product"}],"about":[{"href":"https:\/\/www.elementvape.de\/da\/wp-json\/wp\/v2\/types\/product"}],"wp:featuredmedia":[{"embeddable":true,"href":"https:\/\/www.elementvape.de\/da\/wp-json\/wp\/v2\/media\/6915"}],"wp:attachment":[{"href":"https:\/\/www.elementvape.de\/da\/wp-json\/wp\/v2\/media?parent=6914"}],"wp:term":[{"taxonomy":"product_cat","embeddable":true,"href":"https:\/\/www.elementvape.de\/da\/wp-json\/wp\/v2\/product_cat?post=6914"},{"taxonomy":"product_tag","embeddable":true,"href":"https:\/\/www.elementvape.de\/da\/wp-json\/wp\/v2\/product_tag?post=6914"}],"curies":[{"name":"wp","href":"https:\/\/api.w.org\/{rel}","templated":true}]}}