{"id":6897,"date":"2024-04-20T05:41:28","date_gmt":"2024-04-20T05:41:28","guid":{"rendered":"https:\/\/www.elementvape.de\/?post_type=product&#038;p=6897"},"modified":"2024-12-12T06:37:29","modified_gmt":"2024-12-12T06:37:29","slug":"eleaf-ijust-d20-kit-1500mah-batterie-30w-vape-pen-elektronische-zigarette","status":"publish","type":"product","link":"https:\/\/www.elementvape.de\/da\/produkt\/eleaf-ijust-d20-kit-1500mah-batterie-30w-vape-pen-elektronische-zigarette\/","title":{"rendered":"eleaf ijust d20 kit 1500mAh batteri 30w vape pen elektronisk cigaret"},"content":{"rendered":"<p>&nbsp;<\/p>\n<div class=\"product-specs-list-container\">\n<ul class=\"product-specs-list util-clearfix\">\n<li class=\"product-prop line-limit-length\"><span class=\"property-title\">Udseende:\u00a0<\/span><span class=\"property-desc line-limit-length\">Sylinderformet<\/span><\/li>\n<li class=\"product-prop line-limit-length\"><span class=\"property-title\">Overv\u00e5gningsfunktion for Rygning Antal:\u00a0<\/span><span class=\"property-desc line-limit-length\">Nej<\/span><\/li>\n<li class=\"product-prop line-limit-length\"><span class=\"property-title\">Silicone Cover:\u00a0<\/span><span class=\"property-desc line-limit-length\">Nej<\/span><\/li>\n<li class=\"product-prop line-limit-length\"><span class=\"property-title\">Temperaturregulering:\u00a0<\/span><span class=\"property-desc line-limit-length\">Nej<\/span><\/li>\n<li class=\"product-prop line-limit-length\"><span class=\"property-title\">Indbygget eller Ekstern Batteri:\u00a0<\/span><span class=\"property-desc line-limit-length\">Indbygget<\/span><\/li>\n<li class=\"product-prop line-limit-length\"><span class=\"property-title\">Kortslutningsbeskyttelsesfunktion:\u00a0<\/span><span class=\"property-desc line-limit-length\">Ja<\/span><\/li>\n<li class=\"product-prop line-limit-length\"><span class=\"property-title\">Overophedningsbeskyttelsesfunktion:\u00a0<\/span><span class=\"property-desc line-limit-length\">Ja<\/span><\/li>\n<li class=\"product-prop line-limit-length\"><span class=\"property-title\">Lavsp\u00e6ndingsalarmfunktion:\u00a0<\/span><span class=\"property-desc line-limit-length\">Ja<\/span><\/li>\n<li class=\"product-prop line-limit-length\"><span class=\"property-title\">Spr\u00f8jteidentifikation Funktion:\u00a0<\/span><span class=\"property-desc line-limit-length\">Ja<\/span><\/li>\n<li class=\"product-prop line-limit-length\"><span class=\"property-title\">TCR-indstillingsmodi:\u00a0<\/span><span class=\"property-desc line-limit-length\">Nej<\/span><\/li>\n<li class=\"product-prop line-limit-length\"><span class=\"property-title\">Materiale:\u00a0<\/span><span class=\"property-desc line-limit-length\">Metal<\/span><\/li>\n<li class=\"product-prop line-limit-length\"><span class=\"property-title\">Kompatibel model:\u00a0<\/span><span class=\"property-desc line-limit-length\">elektronisk cigaret Vape<\/span><\/li>\n<li class=\"product-prop line-limit-length\"><span class=\"property-title\">Modelnummer:\u00a0<\/span><span class=\"property-desc line-limit-length\">Eleaf iJust D20 Kit<\/span><\/li>\n<li class=\"product-prop line-limit-length\"><span class=\"property-title\">Usb-oplader:\u00a0<\/span><span class=\"property-desc line-limit-length\">Ja<\/span><\/li>\n<li class=\"product-prop line-limit-length\"><span class=\"property-title\">Firmwareopgradering:\u00a0<\/span><span class=\"property-desc line-limit-length\">Nej<\/span><\/li>\n<li class=\"product-prop line-limit-length\"><span class=\"property-title\">Display:\u00a0<\/span><span class=\"property-desc line-limit-length\">Nej<\/span><\/li>\n<li class=\"product-prop line-limit-length\"><span class=\"property-title\">Type:\u00a0<\/span><span class=\"property-desc line-limit-length\">Elektronisk Mod<\/span><\/li>\n<li class=\"product-prop line-limit-length\"><span class=\"property-title\">Varem\u00e6rke:\u00a0<\/span><span class=\"property-desc line-limit-length\">Eleaf<\/span><\/li>\n<li class=\"product-prop line-limit-length\"><span class=\"property-title\">Oprindelse:\u00a0<\/span><span class=\"property-desc line-limit-length\">CN (Oprindelse)<\/span><\/li>\n<\/ul>\n<\/div>\n<div class=\"detailmodule_html\">\n<div class=\"detail-desc-decorate-richtext\">\n<div class=\"detailmodule_dynamic\"><\/div>\n<p><span style=\"font-size: 22px;\"><span id=\"tl_1\" style=\"font-size: 22px; font-family: arial, helvetica, sans-serif;\">Original eleaf ijust d20 kit 1500mah batteri 30w vape pen 3ml pod patron passer til gtl spule tr\u00e6k aktiveret elektronisk cigaret<\/span><\/span><\/p>\n<div><\/div>\n<p><span id=\"tl_2\" style=\"font-size: 18px; font-family: arial, helvetica, sans-serif;\">Beskrivelse:<\/span><\/p>\n<p><span id=\"tl_3\" style=\"font-size: 18px; font-family: arial, helvetica, sans-serif;\">Ijust d20 kit drives af et indbygget 1500mah batteri med maks 30w og USB-C hurtigopladning. Det har 3 power-tilstande (h\u00f8j, medium, lav) og tr\u00e6k-aktiverede &amp; knap-aktiverede tilstande for dine valgmuligheder. Ijust d20 har ogs\u00e5 en kapacitet p\u00e5 3ml e-juice, enkelt top-fyld system og raffineret luftstr\u00f8mskontrolsystem. Det er kompatibelt med alle eleaf gtl spoler for bedre at matche dine pr\u00e6ferencer. Derudover er ijust d20 kompakt og b\u00e6rbar nok til at tage med overalt.<\/span><\/p>\n<p>&nbsp;<\/p>\n<p>&nbsp;<\/p>\n<p><span id=\"tl_4\" style=\"font-size: 18px; font-family: arial, helvetica, sans-serif;\">Parameterer:<\/span><\/p>\n<p><span id=\"tl_5\" style=\"font-size: 18px; font-family: arial, helvetica, sans-serif;\">M\u00e6rke: eleaf<\/span><\/p>\n<p><span id=\"tl_6\" style=\"font-size: 18px; font-family: arial, helvetica, sans-serif;\">Produktnavn: ijust d20 kit<\/span><\/p>\n<p><span id=\"tl_7\" style=\"font-size: 18px; font-family: arial, helvetica, sans-serif;\">St\u00f8rrelse: \u03a6 20mm x 136mm<\/span><\/p>\n<p><span id=\"tl_8\" style=\"font-size: 18px; font-family: arial, helvetica, sans-serif;\">Batteritype: indbygget 1500mAh batteri<\/span><\/p>\n<p><span id=\"tl_9\" style=\"font-size: 18px; font-family: arial, helvetica, sans-serif;\">Ladestrom: 5v\/1,5a (USB-C)<\/span><\/p>\n<p><span id=\"tl_10\" style=\"font-size: 18px; font-family: arial, helvetica, sans-serif;\">Arbejdsmode: tr\u00e6k-aktiveret &amp; knap-aktiveret<\/span><\/p>\n<p><span id=\"tl_11\" style=\"font-size: 18px; font-family: arial, helvetica, sans-serif;\">Ydelsesmodus: h\u00f8j, medium, lav<\/span><\/p>\n<p><span id=\"tl_12\" style=\"font-size: 18px; font-family: arial, helvetica, sans-serif;\">Luftstr\u00f8m: raffineret luftstr\u00f8mskontrolsystem<\/span><\/p>\n<p><span id=\"tl_13\" style=\"font-size: 18px; font-family: arial, helvetica, sans-serif;\">Pod Kapacitet: 3ml<\/span><\/p>\n<p><span id=\"tl_14\" style=\"font-size: 18px; font-family: arial, helvetica, sans-serif;\">Fylling: Top-fylling<\/span><\/p>\n<p><span id=\"tl_15\" style=\"font-size: 18px; font-family: arial, helvetica, sans-serif;\">Passer til: alle eleaf gtl spoler<\/span><\/p>\n<p><span id=\"tl_16\" style=\"font-size: 18px; font-family: arial, helvetica, sans-serif;\">Farve: sort, m\u00f8rkebl\u00e5, rosa, s\u00f8lv<\/span><\/p>\n<p>&nbsp;<\/p>\n<p>&nbsp;<\/p>\n<p><span id=\"tl_17\" style=\"font-size: 18px; font-family: arial, helvetica, sans-serif;\">Detaljer:<\/span><\/p>\n<p><span id=\"tl_18\" style=\"font-size: 18px; font-family: arial, helvetica, sans-serif;\">1. holdbart indbygget 1500mah batteri med maks 30w<\/span><\/p>\n<p><span id=\"tl_19\" style=\"font-size: 18px; font-family: arial, helvetica, sans-serif;\">2. Tr\u00e6k-aktiveret og knap-aktiveret mekanisme<\/span><\/p>\n<p><span id=\"tl_20\" style=\"font-size: 18px; font-family: arial, helvetica, sans-serif;\">3. underst\u00f8tter 3 ydelsesmodi: h\u00f8j, medium, lav<\/span><\/p>\n<p><span id=\"tl_21\" style=\"font-size: 18px; font-family: arial, helvetica, sans-serif;\">4. udstyret med raffineret luftstr\u00f8mskontrolsystem<\/span><\/p>\n<p><span id=\"tl_22\" style=\"font-size: 18px; font-family: arial, helvetica, sans-serif;\">5. kompatibel med alle eleaf gtl spoler<\/span><\/p>\n<p><span id=\"tl_23\" style=\"font-size: 18px; font-family: arial, helvetica, sans-serif;\">6. 3ml E-Saft Kapacitet, Dia-to-Fill<\/span><\/p>\n<p><span id=\"tl_24\" style=\"font-size: 18px; font-family: arial, helvetica, sans-serif;\">7. kompakt og b\u00e6rbar, nem at tage med overalt<\/span><\/p>\n<p><span id=\"tl_25\" style=\"font-size: 18px; font-family: arial, helvetica, sans-serif;\">8. Overbelastning\/Overafladning\/Overstr\u00f8m\/over 10s\/Kortslutningsbeskyttelse<\/span><\/p>\n<p>&nbsp;<\/p>\n<p>&nbsp;<\/p>\n<p><span id=\"tl_26\" style=\"font-size: 18px; font-family: arial, helvetica, sans-serif;\">Pakke fra eleaf ijust d20 pod system kit kommer med:<\/span><\/p>\n<p><span id=\"tl_27\" style=\"font-size: 18px; font-family: arial, helvetica, sans-serif;\">1 * eleaf ijust d20 batteri<\/span><\/p>\n<p><span id=\"tl_28\" style=\"font-size: 18px; font-family: arial, helvetica, sans-serif;\">1 * eleaf ijust d20 Patron (3ml)<\/span><\/p>\n<p><span id=\"tl_29\" style=\"font-size: 18px; font-family: arial, helvetica, sans-serif;\">1 * eleaf gtl 1.2\u03a9 Spole<\/span><\/p>\n<p><span id=\"tl_30\" style=\"font-size: 18px; font-family: arial, helvetica, sans-serif;\">1 * eleaf gtl 0.8\u03a9 Spole<\/span><\/p>\n<p><span id=\"tl_31\" style=\"font-size: 18px; font-family: arial, helvetica, sans-serif;\">1 * USB-Type-C-kabel<\/span><\/p>\n<p><span id=\"tl_32\" style=\"font-size: 18px; font-family: arial, helvetica, sans-serif;\">2 * Brugsanvisninger<\/span><\/p>\n<p><span id=\"tl_33\" style=\"font-size: 18px; font-family: arial, helvetica, sans-serif;\">1 * Garanti kort<\/span><\/p>\n<p>&nbsp;<\/p>\n<p><img decoding=\"async\" loading=\"lazy\" src=\"https:\/\/ae01.alicdn.com\/kf\/S37b0ad13fe8240b2997700a081bb5c43A.jpg\" \/><img decoding=\"async\" loading=\"lazy\" src=\"https:\/\/ae01.alicdn.com\/kf\/Sa2d0f94d542d470a8efb1ccae173e5c8o.jpg\" \/><img decoding=\"async\" loading=\"lazy\" src=\"https:\/\/ae01.alicdn.com\/kf\/S7a47c7611d2a472b8703ca616f633c4dW.jpg\" \/><img decoding=\"async\" loading=\"lazy\" src=\"https:\/\/ae01.alicdn.com\/kf\/Sd6465c979eea4935ae1410f3c94dedf7v.jpg\" \/><img decoding=\"async\" loading=\"lazy\" src=\"https:\/\/ae01.alicdn.com\/kf\/See34cd9fb7e74fcea1731efbe9068c94L.jpg\" \/><img decoding=\"async\" loading=\"lazy\" src=\"https:\/\/ae01.alicdn.com\/kf\/Sa099289dfb22423db5b4db739c1b8d3de.jpg\" \/><img decoding=\"async\" loading=\"lazy\" src=\"https:\/\/ae01.alicdn.com\/kf\/S1ae972f8c18d4dedafd81022267aa2fdq.jpg\" \/><img decoding=\"async\" loading=\"lazy\" src=\"https:\/\/ae01.alicdn.com\/kf\/Se2db6bffcd044f2aba1d594c19c6675ev.jpg\" \/><img decoding=\"async\" loading=\"lazy\" src=\"https:\/\/ae01.alicdn.com\/kf\/S6c1f0338c35f4e428ccd07fec2741a72J.jpg\" \/><\/p>\n<\/div>\n<\/div>","protected":false},"excerpt":{"rendered":"<p>&nbsp; Aussehen:\u00a0Zylindrische Form \u00dcberwachung Funktion Von Rauchen Anzahl:\u00a0Nein Silikon Fall:\u00a0Nein Temperaturregelung:\u00a0Nein Eingebaute Oder Externe Batterie:\u00a0Eingebaute Kurzschlussschutz Funktion:\u00a0Ja \u00dcberhitzungsschutz-funktion:\u00a0Ja Niederspannungsalarmfunktion:\u00a0Ja Zerst\u00e4uber Identifikation Funktion:\u00a0Ja TCR Einstellung Modi:\u00a0Nein Material:\u00a0Metall Compatible Model:\u00a0electronic cigarette Vape Modellnummer:\u00a0Eleaf iJust D20 Kit Usb-ladeger\u00e4t:\u00a0Ja Firmware-upgrade:\u00a0Nein Display:\u00a0Nein Art:\u00a0Elektrische Mod Markenname:\u00a0Eleaf Ursprung:\u00a0CN (Herkunft) Original eleaf ijust d20 kit 1500mah batterie 30w vape pen 3ml pod patrone [&hellip;]<\/p>","protected":false},"featured_media":6898,"template":"","meta":{"inline_featured_image":false},"product_cat":[752,756,739,743,76,79,81],"product_tag":[],"tiered_pricing_type":"fixed","tiered_pricing_fixed_rules":[],"tiered_pricing_percentage_rules":[],"tiered_pricing_minimum":1,"_administrator_tiered_pricing_type":"fixed","_administrator_tiered_pricing_fixed_rules":[],"_editor_tiered_pricing_type":"fixed","_editor_tiered_pricing_fixed_rules":[],"_author_tiered_pricing_type":"fixed","_author_tiered_pricing_fixed_rules":[],"_contributor_tiered_pricing_type":"fixed","_contributor_tiered_pricing_fixed_rules":[],"_subscriber_tiered_pricing_type":"fixed","_subscriber_tiered_pricing_fixed_rules":[],"_customer_tiered_pricing_type":"fixed","_customer_tiered_pricing_fixed_rules":[],"_shop_manager_tiered_pricing_type":"fixed","_shop_manager_tiered_pricing_fixed_rules":[],"_wpseo_manager_tiered_pricing_type":"fixed","_wpseo_manager_tiered_pricing_fixed_rules":[],"_wpseo_editor_tiered_pricing_type":"fixed","_wpseo_editor_tiered_pricing_fixed_rules":[],"_wholesale_customer_tiered_pricing_type":"fixed","_wholesale_customer_tiered_pricing_fixed_rules":[],"_marketer_tiered_pricing_type":"fixed","_marketer_tiered_pricing_fixed_rules":[],"_sales_manager_tiered_pricing_type":"fixed","_sales_manager_tiered_pricing_fixed_rules":[],"_sales_rep_tiered_pricing_type":"fixed","_sales_rep_tiered_pricing_fixed_rules":[],"yoast_head":"<!-- This site is optimized with the Yoast SEO plugin v23.3 - https:\/\/yoast.com\/wordpress\/plugins\/seo\/ -->\n<title>eleaf ijust d20 kit 1500mah batterie 30w vape pen elektronische zigarette | ElementVape.de<\/title>\n<meta name=\"description\" content=\"Wir bieten eleaf ijust d20 kit 1500mah batterie 30w vape pen elektronische zigarette , Elementvape.de akzeptieren Gro\u00df-und Einzelhandel Bestellungen.\" \/>\n<meta name=\"robots\" content=\"index, follow, max-snippet:-1, max-image-preview:large, max-video-preview:-1\" \/>\n<link rel=\"canonical\" href=\"https:\/\/www.elementvape.de\/da\/produkt\/eleaf-ijust-d20-kit-1500mah-batterie-30w-vape-pen-elektronische-zigarette\/\" \/>\n<meta property=\"og:locale\" content=\"da_DK\" \/>\n<meta property=\"og:type\" content=\"article\" \/>\n<meta property=\"og:title\" content=\"eleaf ijust d20 kit 1500mah batterie 30w vape pen elektronische zigarette | ElementVape.de\" \/>\n<meta property=\"og:description\" content=\"Wir bieten eleaf ijust d20 kit 1500mah batterie 30w vape pen elektronische zigarette , Elementvape.de akzeptieren Gro\u00df-und Einzelhandel Bestellungen.\" \/>\n<meta property=\"og:url\" content=\"https:\/\/www.elementvape.de\/da\/produkt\/eleaf-ijust-d20-kit-1500mah-batterie-30w-vape-pen-elektronische-zigarette\/\" \/>\n<meta property=\"og:site_name\" content=\"ElementVape.de\" \/>\n<meta property=\"article:modified_time\" content=\"2024-12-12T06:37:29+00:00\" \/>\n<meta property=\"og:image\" content=\"https:\/\/ae01.alicdn.com\/kf\/S91ca36518e364346b2b8ad81230d5e8f6\/Original-eleaf-ijust-d20-kit-1500mah-batterie-30w-vape-pen-3ml-pod-patrone-fit-gtl-spule.jpg\" \/>\n\t<meta property=\"og:image:width\" content=\"800\" \/>\n\t<meta property=\"og:image:height\" content=\"800\" \/>\n\t<meta property=\"og:image:type\" content=\"image\/jpeg\" \/>\n<meta name=\"twitter:card\" content=\"summary_large_image\" \/>\n<meta name=\"twitter:label1\" content=\"Est. reading time\" \/>\n\t<meta name=\"twitter:data1\" content=\"4 minutter\" \/>\n<script type=\"application\/ld+json\" class=\"yoast-schema-graph\">{\"@context\":\"https:\/\/schema.org\",\"@graph\":[{\"@type\":\"WebPage\",\"@id\":\"https:\/\/www.elementvape.de\/produkt\/eleaf-ijust-d20-kit-1500mah-batterie-30w-vape-pen-elektronische-zigarette\/\",\"url\":\"https:\/\/www.elementvape.de\/produkt\/eleaf-ijust-d20-kit-1500mah-batterie-30w-vape-pen-elektronische-zigarette\/\",\"name\":\"eleaf ijust d20 kit 1500mah batterie 30w vape pen elektronische zigarette | ElementVape.de\",\"isPartOf\":{\"@id\":\"https:\/\/www.elementvape.de\/#website\"},\"primaryImageOfPage\":{\"@id\":\"https:\/\/www.elementvape.de\/produkt\/eleaf-ijust-d20-kit-1500mah-batterie-30w-vape-pen-elektronische-zigarette\/#primaryimage\"},\"image\":{\"@id\":\"https:\/\/www.elementvape.de\/produkt\/eleaf-ijust-d20-kit-1500mah-batterie-30w-vape-pen-elektronische-zigarette\/#primaryimage\"},\"thumbnailUrl\":\"https:\/\/ae01.alicdn.com\/kf\/S91ca36518e364346b2b8ad81230d5e8f6\/Original-eleaf-ijust-d20-kit-1500mah-batterie-30w-vape-pen-3ml-pod-patrone-fit-gtl-spule.jpg\",\"datePublished\":\"2024-04-20T05:41:28+00:00\",\"dateModified\":\"2024-12-12T06:37:29+00:00\",\"description\":\"Wir bieten eleaf ijust d20 kit 1500mah batterie 30w vape pen elektronische zigarette , Elementvape.de akzeptieren Gro\u00df-und Einzelhandel Bestellungen.\",\"breadcrumb\":{\"@id\":\"https:\/\/www.elementvape.de\/produkt\/eleaf-ijust-d20-kit-1500mah-batterie-30w-vape-pen-elektronische-zigarette\/#breadcrumb\"},\"inLanguage\":\"da-DK\",\"potentialAction\":[{\"@type\":\"ReadAction\",\"target\":[\"https:\/\/www.elementvape.de\/produkt\/eleaf-ijust-d20-kit-1500mah-batterie-30w-vape-pen-elektronische-zigarette\/\"]}]},{\"@type\":\"ImageObject\",\"inLanguage\":\"da-DK\",\"@id\":\"https:\/\/www.elementvape.de\/produkt\/eleaf-ijust-d20-kit-1500mah-batterie-30w-vape-pen-elektronische-zigarette\/#primaryimage\",\"url\":\"https:\/\/ae01.alicdn.com\/kf\/S91ca36518e364346b2b8ad81230d5e8f6\/Original-eleaf-ijust-d20-kit-1500mah-batterie-30w-vape-pen-3ml-pod-patrone-fit-gtl-spule.jpg\",\"contentUrl\":\"https:\/\/ae01.alicdn.com\/kf\/S91ca36518e364346b2b8ad81230d5e8f6\/Original-eleaf-ijust-d20-kit-1500mah-batterie-30w-vape-pen-3ml-pod-patrone-fit-gtl-spule.jpg\",\"width\":800,\"height\":800},{\"@type\":\"BreadcrumbList\",\"@id\":\"https:\/\/www.elementvape.de\/produkt\/eleaf-ijust-d20-kit-1500mah-batterie-30w-vape-pen-elektronische-zigarette\/#breadcrumb\",\"itemListElement\":[{\"@type\":\"ListItem\",\"position\":1,\"name\":\"Home\",\"item\":\"https:\/\/www.elementvape.de\/\"},{\"@type\":\"ListItem\",\"position\":2,\"name\":\"Shop\",\"item\":\"https:\/\/www.elementvape.de\/shop\/\"},{\"@type\":\"ListItem\",\"position\":3,\"name\":\"eleaf ijust d20 kit 1500mah batterie 30w vape pen elektronische zigarette\"}]},{\"@type\":\"WebSite\",\"@id\":\"https:\/\/www.elementvape.de\/#website\",\"url\":\"https:\/\/www.elementvape.de\/\",\"name\":\"ElementVape.de\",\"description\":\"\",\"publisher\":{\"@id\":\"https:\/\/www.elementvape.de\/#organization\"},\"potentialAction\":[{\"@type\":\"SearchAction\",\"target\":{\"@type\":\"EntryPoint\",\"urlTemplate\":\"https:\/\/www.elementvape.de\/?s={search_term_string}\"},\"query-input\":\"required name=search_term_string\"}],\"inLanguage\":\"da-DK\"},{\"@type\":\"Organization\",\"@id\":\"https:\/\/www.elementvape.de\/#organization\",\"name\":\"ElementVape.DE\",\"url\":\"https:\/\/www.elementvape.de\/\",\"logo\":{\"@type\":\"ImageObject\",\"inLanguage\":\"da-DK\",\"@id\":\"https:\/\/www.elementvape.de\/#\/schema\/logo\/image\/\",\"url\":\"https:\/\/www.elementvape.de\/wp-content\/uploads\/2024\/09\/cropped-1elementvape-3.png\",\"contentUrl\":\"https:\/\/www.elementvape.de\/wp-content\/uploads\/2024\/09\/cropped-1elementvape-3.png\",\"width\":285,\"height\":228,\"caption\":\"ElementVape.DE\"},\"image\":{\"@id\":\"https:\/\/www.elementvape.de\/#\/schema\/logo\/image\/\"}}]}<\/script>\n<!-- \/ Yoast SEO plugin. -->","yoast_head_json":{"title":"eleaf ijust d20 kit 1500mah batterie 30w vape pen elektronische zigarette | ElementVape.de","description":"Wir bieten eleaf ijust d20 kit 1500mah batterie 30w vape pen elektronische zigarette , Elementvape.de akzeptieren Gro\u00df-und Einzelhandel Bestellungen.","robots":{"index":"index","follow":"follow","max-snippet":"max-snippet:-1","max-image-preview":"max-image-preview:large","max-video-preview":"max-video-preview:-1"},"canonical":"https:\/\/www.elementvape.de\/da\/produkt\/eleaf-ijust-d20-kit-1500mah-batterie-30w-vape-pen-elektronische-zigarette\/","og_locale":"da_DK","og_type":"article","og_title":"eleaf ijust d20 kit 1500mah batterie 30w vape pen elektronische zigarette | ElementVape.de","og_description":"Wir bieten eleaf ijust d20 kit 1500mah batterie 30w vape pen elektronische zigarette , Elementvape.de akzeptieren Gro\u00df-und Einzelhandel Bestellungen.","og_url":"https:\/\/www.elementvape.de\/da\/produkt\/eleaf-ijust-d20-kit-1500mah-batterie-30w-vape-pen-elektronische-zigarette\/","og_site_name":"ElementVape.de","article_modified_time":"2024-12-12T06:37:29+00:00","og_image":[{"width":800,"height":800,"url":"https:\/\/ae01.alicdn.com\/kf\/S91ca36518e364346b2b8ad81230d5e8f6\/Original-eleaf-ijust-d20-kit-1500mah-batterie-30w-vape-pen-3ml-pod-patrone-fit-gtl-spule.jpg","type":"image\/jpeg"}],"twitter_card":"summary_large_image","twitter_misc":{"Est. reading time":"4 minutter"},"schema":{"@context":"https:\/\/schema.org","@graph":[{"@type":"WebPage","@id":"https:\/\/www.elementvape.de\/produkt\/eleaf-ijust-d20-kit-1500mah-batterie-30w-vape-pen-elektronische-zigarette\/","url":"https:\/\/www.elementvape.de\/produkt\/eleaf-ijust-d20-kit-1500mah-batterie-30w-vape-pen-elektronische-zigarette\/","name":"eleaf ijust d20 kit 1500mah batterie 30w vape pen elektronische zigarette | ElementVape.de","isPartOf":{"@id":"https:\/\/www.elementvape.de\/#website"},"primaryImageOfPage":{"@id":"https:\/\/www.elementvape.de\/produkt\/eleaf-ijust-d20-kit-1500mah-batterie-30w-vape-pen-elektronische-zigarette\/#primaryimage"},"image":{"@id":"https:\/\/www.elementvape.de\/produkt\/eleaf-ijust-d20-kit-1500mah-batterie-30w-vape-pen-elektronische-zigarette\/#primaryimage"},"thumbnailUrl":"https:\/\/ae01.alicdn.com\/kf\/S91ca36518e364346b2b8ad81230d5e8f6\/Original-eleaf-ijust-d20-kit-1500mah-batterie-30w-vape-pen-3ml-pod-patrone-fit-gtl-spule.jpg","datePublished":"2024-04-20T05:41:28+00:00","dateModified":"2024-12-12T06:37:29+00:00","description":"Wir bieten eleaf ijust d20 kit 1500mah batterie 30w vape pen elektronische zigarette , Elementvape.de akzeptieren Gro\u00df-und Einzelhandel Bestellungen.","breadcrumb":{"@id":"https:\/\/www.elementvape.de\/produkt\/eleaf-ijust-d20-kit-1500mah-batterie-30w-vape-pen-elektronische-zigarette\/#breadcrumb"},"inLanguage":"da-DK","potentialAction":[{"@type":"ReadAction","target":["https:\/\/www.elementvape.de\/produkt\/eleaf-ijust-d20-kit-1500mah-batterie-30w-vape-pen-elektronische-zigarette\/"]}]},{"@type":"ImageObject","inLanguage":"da-DK","@id":"https:\/\/www.elementvape.de\/produkt\/eleaf-ijust-d20-kit-1500mah-batterie-30w-vape-pen-elektronische-zigarette\/#primaryimage","url":"https:\/\/ae01.alicdn.com\/kf\/S91ca36518e364346b2b8ad81230d5e8f6\/Original-eleaf-ijust-d20-kit-1500mah-batterie-30w-vape-pen-3ml-pod-patrone-fit-gtl-spule.jpg","contentUrl":"https:\/\/ae01.alicdn.com\/kf\/S91ca36518e364346b2b8ad81230d5e8f6\/Original-eleaf-ijust-d20-kit-1500mah-batterie-30w-vape-pen-3ml-pod-patrone-fit-gtl-spule.jpg","width":800,"height":800},{"@type":"BreadcrumbList","@id":"https:\/\/www.elementvape.de\/produkt\/eleaf-ijust-d20-kit-1500mah-batterie-30w-vape-pen-elektronische-zigarette\/#breadcrumb","itemListElement":[{"@type":"ListItem","position":1,"name":"Home","item":"https:\/\/www.elementvape.de\/"},{"@type":"ListItem","position":2,"name":"Shop","item":"https:\/\/www.elementvape.de\/shop\/"},{"@type":"ListItem","position":3,"name":"eleaf ijust d20 kit 1500mah batterie 30w vape pen elektronische zigarette"}]},{"@type":"WebSite","@id":"https:\/\/www.elementvape.de\/#website","url":"https:\/\/www.elementvape.de\/","name":"ElementVape.de","description":"","publisher":{"@id":"https:\/\/www.elementvape.de\/#organization"},"potentialAction":[{"@type":"SearchAction","target":{"@type":"EntryPoint","urlTemplate":"https:\/\/www.elementvape.de\/?s={search_term_string}"},"query-input":"required name=search_term_string"}],"inLanguage":"da-DK"},{"@type":"Organization","@id":"https:\/\/www.elementvape.de\/#organization","name":"ElementVape.DE","url":"https:\/\/www.elementvape.de\/","logo":{"@type":"ImageObject","inLanguage":"da-DK","@id":"https:\/\/www.elementvape.de\/#\/schema\/logo\/image\/","url":"https:\/\/www.elementvape.de\/wp-content\/uploads\/2024\/09\/cropped-1elementvape-3.png","contentUrl":"https:\/\/www.elementvape.de\/wp-content\/uploads\/2024\/09\/cropped-1elementvape-3.png","width":285,"height":228,"caption":"ElementVape.DE"},"image":{"@id":"https:\/\/www.elementvape.de\/#\/schema\/logo\/image\/"}}]}},"_links":{"self":[{"href":"https:\/\/www.elementvape.de\/da\/wp-json\/wp\/v2\/product\/6897"}],"collection":[{"href":"https:\/\/www.elementvape.de\/da\/wp-json\/wp\/v2\/product"}],"about":[{"href":"https:\/\/www.elementvape.de\/da\/wp-json\/wp\/v2\/types\/product"}],"wp:featuredmedia":[{"embeddable":true,"href":"https:\/\/www.elementvape.de\/da\/wp-json\/wp\/v2\/media\/6898"}],"wp:attachment":[{"href":"https:\/\/www.elementvape.de\/da\/wp-json\/wp\/v2\/media?parent=6897"}],"wp:term":[{"taxonomy":"product_cat","embeddable":true,"href":"https:\/\/www.elementvape.de\/da\/wp-json\/wp\/v2\/product_cat?post=6897"},{"taxonomy":"product_tag","embeddable":true,"href":"https:\/\/www.elementvape.de\/da\/wp-json\/wp\/v2\/product_tag?post=6897"}],"curies":[{"name":"wp","href":"https:\/\/api.w.org\/{rel}","templated":true}]}}