{"id":6866,"date":"2024-04-20T03:50:57","date_gmt":"2024-04-20T03:50:57","guid":{"rendered":"https:\/\/www.elementvape.de\/?post_type=product&#038;p=6866"},"modified":"2024-12-12T06:37:31","modified_gmt":"2024-12-12T06:37:31","slug":"joyetech-eroll-slim-kit-mit-pcc-box-13w-vape-mit","status":"publish","type":"product","link":"https:\/\/www.elementvape.de\/da\/produkt\/joyetech-eroll-slim-kit-mit-pcc-box-13w-vape-mit\/","title":{"rendered":"Joyetech Eroll Slim Kit med PCC-boks 13W Vape med"},"content":{"rendered":"<p>&nbsp;<\/p>\n<div class=\"product-specs-list-container\">\n<ul class=\"product-specs-list util-clearfix\">\n<li class=\"product-prop line-limit-length\"><span class=\"property-title\">Udseende:\u00a0<\/span><span class=\"property-desc line-limit-length\">Boksform<\/span><\/li>\n<li class=\"product-prop line-limit-length\"><span class=\"property-title\">Kompatibel Batteri:\u00a0<\/span><span class=\"property-desc line-limit-length\">indbygget batteri<\/span><\/li>\n<li class=\"product-prop line-limit-length\"><span class=\"property-title\">Overv\u00e5gningsfunktion for Rygning Antal:\u00a0<\/span><span class=\"property-desc line-limit-length\">Nej<\/span><\/li>\n<li class=\"product-prop line-limit-length\"><span class=\"property-title\">Silicone Cover:\u00a0<\/span><span class=\"property-desc line-limit-length\">Nej<\/span><\/li>\n<li class=\"product-prop line-limit-length\"><span class=\"property-title\">Temperaturregulering:\u00a0<\/span><span class=\"property-desc line-limit-length\">Nej<\/span><\/li>\n<li class=\"product-prop line-limit-length\"><span class=\"property-title\">Indbygget eller Ekstern Batteri:\u00a0<\/span><span class=\"property-desc line-limit-length\">Indbygget<\/span><\/li>\n<li class=\"product-prop line-limit-length\"><span class=\"property-title\">Kortslutningsbeskyttelsesfunktion:\u00a0<\/span><span class=\"property-desc line-limit-length\">Ja<\/span><\/li>\n<li class=\"product-prop line-limit-length\"><span class=\"property-title\">Overophedningsbeskyttelsesfunktion:\u00a0<\/span><span class=\"property-desc line-limit-length\">Ja<\/span><\/li>\n<li class=\"product-prop line-limit-length\"><span class=\"property-title\">Lavsp\u00e6ndingsalarmfunktion:\u00a0<\/span><span class=\"property-desc line-limit-length\">Ja<\/span><\/li>\n<li class=\"product-prop line-limit-length\"><span class=\"property-title\">Spr\u00f8jteidentifikation Funktion:\u00a0<\/span><span class=\"property-desc line-limit-length\">Ja<\/span><\/li>\n<li class=\"product-prop line-limit-length\"><span class=\"property-title\">TCR-indstillingsmodi:\u00a0<\/span><span class=\"property-desc line-limit-length\">Nej<\/span><\/li>\n<li class=\"product-prop line-limit-length\"><span class=\"property-title\">Nominal kapacitet:\u00a0<\/span><span class=\"property-desc line-limit-length\">Ingen<\/span><\/li>\n<li class=\"product-prop line-limit-length\"><span class=\"property-title\">Materiale:\u00a0<\/span><span class=\"property-desc line-limit-length\">Metal<\/span><\/li>\n<li class=\"product-prop line-limit-length\"><span class=\"property-title\">Kompatibel model:\u00a0<\/span><span class=\"property-desc line-limit-length\">Elektronisk Cigaret Vape Pen<\/span><\/li>\n<li class=\"product-prop line-limit-length\"><span class=\"property-title\">Modelnummer:\u00a0<\/span><span class=\"property-desc line-limit-length\">Joyetech eRoll Slim Kit med PCC-boks<\/span><\/li>\n<li class=\"product-prop line-limit-length\"><span class=\"property-title\">Usb-oplader:\u00a0<\/span><span class=\"property-desc line-limit-length\">Ja<\/span><\/li>\n<li class=\"product-prop line-limit-length\"><span class=\"property-title\">Firmwareopgradering:\u00a0<\/span><span class=\"property-desc line-limit-length\">Ja<\/span><\/li>\n<li class=\"product-prop line-limit-length\"><span class=\"property-title\">Display:\u00a0<\/span><span class=\"property-desc line-limit-length\">Nej<\/span><\/li>\n<li class=\"product-prop line-limit-length\"><span class=\"property-title\">Type:\u00a0<\/span><span class=\"property-desc line-limit-length\">Med batteri<\/span><\/li>\n<li class=\"product-prop line-limit-length\"><span class=\"property-title\">Varem\u00e6rke:\u00a0<\/span><span class=\"property-desc line-limit-length\">JOYETECH<\/span><\/li>\n<li class=\"product-prop line-limit-length\"><span class=\"property-title\">Oprindelse:\u00a0<\/span><span class=\"property-desc line-limit-length\">CN (Oprindelse)<\/span><\/li>\n<li class=\"product-prop line-limit-length\"><span class=\"property-title\">Batterikapacitet:\u00a0<\/span><span class=\"property-desc line-limit-length\">PCC-boks: Indbygget 1500mAh batteri eRoll Slim Kit: Indbygget 480mAh batteri<\/span><\/li>\n<li class=\"product-prop line-limit-length\"><span class=\"property-title\">St\u00f8rrelse:\u00a0<\/span><span class=\"property-desc line-limit-length\">PCC-boks: 23*44*107mm eRoll Slim Kit: 16*120mm<\/span><\/li>\n<li class=\"product-prop line-limit-length\"><span class=\"property-title\">Ladningsstr\u00f8m:\u00a0<\/span><span class=\"property-desc line-limit-length\">PCC-boks: USB-C (5V\/2A) eRoll Slim Kit: USB-C (5V\/1A)<\/span><\/li>\n<li class=\"product-prop line-limit-length\"><span class=\"property-title\">Output Effekt:\u00a0<\/span><span class=\"property-desc line-limit-length\">13W maks<\/span><\/li>\n<li class=\"product-prop line-limit-length\"><span class=\"property-title\">Pod Kapacitet:\u00a0<\/span><span class=\"property-desc line-limit-length\">2ml<\/span><\/li>\n<li class=\"product-prop line-limit-length\"><span class=\"property-title\">Farve:\u00a0<\/span><span class=\"property-desc line-limit-length\">Bl\u00e5, R\u00f8d, Sort, Gunmetal Gr\u00e5, Guld<\/span><\/li>\n<\/ul>\n<\/div>\n<div class=\"detailmodule_html\">\n<div class=\"detail-desc-decorate-richtext\">\n<div class=\"detailmodule_text\">\n<p id=\"tl_1\" class=\"detail-desc-decorate-title\" style=\"font-family: OpenSans; font-size: 20px; font-weight: 900; line-height: 28px; margin-bottom: 12px;\">Original Joyetech Eroll Slim Kit med PCC-boks 13W Vape med 480mAh batteri 1500mAh opladningskuffe 2ml 1,0 Ohm Pod Patron E-cigaret<\/p>\n<\/div>\n<div class=\"detailmodule_text\">\n<p id=\"tl_2\" class=\"detail-desc-decorate-title\" style=\"font-family: OpenSans; font-size: 20px; font-weight: 900; line-height: 28px; margin-bottom: 12px;\">Beskrivelse:<\/p>\n<p id=\"tl_3\" class=\"detail-desc-decorate-content\" style=\"font-family: OpenSans; font-size: 14px; font-weight: 300; line-height: 20px; margin-bottom: 12px;\">Eroll slim kit er lavet af metal og l\u00e6dermateriale for at blive elegant og stilfuldt. Det drives af et indbygget 480mAh batteri med maksimalt 13W USB-C opladning. Det kommer ogs\u00e5 med en 1500mAh b\u00e6rbar opladningskuffe (pcc) for at st\u00f8tte din hele dag vaping. Eroll slim er udstyret med en 2ml genopfyldelig hylse, der tilbyder en 1.0\u03a9 mesh-spole for at give dig en uforlignelig ren smag og en perfekt halsst\u00f8d. Med standard\/smal 510 mundstykker inkluderet, kan det give dig forskellige vapingoplevelser.<\/p>\n<\/div>\n<div class=\"detailmodule_text\">\n<p id=\"tl_4\" class=\"detail-desc-decorate-title\" style=\"font-family: OpenSans; font-size: 20px; font-weight: 900; line-height: 28px; margin-bottom: 12px;\">Parameterer:<\/p>\n<p id=\"tl_5\" class=\"detail-desc-decorate-content\" style=\"font-family: OpenSans; font-size: 14px; font-weight: 300; line-height: 20px; margin-bottom: 12px;\">M\u00e6rke: joyetech<br \/>\nProduktnavn: eroll slim kit med pcc-boks<br \/>\nSt\u00f8rrelse pcc-boks: 23*44*107mm<br \/>\nEroll Slim Kit: 16*120mm<br \/>\nBatterikapacitet: PCC-boks: indbygget 1500mAh batteri<br \/>\nEroll Slim Kit: indbygget 480mAh batteri<br \/>\nLadestrom pcc-boks: USB-C (5V\/2A)<br \/>\nEroll slankt s\u00e6t: USB-C (5v\/1a)<br \/>\nEffekt Watt effekt: 13W max<br \/>\nPod Kapacitet: 2ml<br \/>\nFyldehulsdiameter: 3,5mm<br \/>\nModstandsinterval: 1\u03a9<br \/>\nFarve: bl\u00e5, r\u00f8d, sort, Gunmetal Grey, Guld<\/p>\n<\/div>\n<div class=\"detailmodule_text\">\n<p id=\"tl_6\" class=\"detail-desc-decorate-title\" style=\"font-family: OpenSans; font-size: 20px; font-weight: 900; line-height: 28px; margin-bottom: 12px;\">Detaljer:<\/p>\n<p id=\"tl_7\" class=\"detail-desc-decorate-content\" style=\"font-family: OpenSans; font-size: 14px; font-weight: 300; line-height: 20px; margin-bottom: 12px;\">1. tager et indbygget 480mAh vape-stiftbatteri med max 13w<br \/>\n2. udstyret med b\u00e6rbar opladningskuffe 1500mAh (pcc)<br \/>\n3. underst\u00f8tter magnetisk tr\u00e5dl\u00f8s opladning og USB-C opladning<br \/>\n4. 3-farvet batteriindikator for slankt Vape Pen<br \/>\n5. pcc batteriindikator for at kende batteristanden<br \/>\n6. designet med intelligent vibrationsalarm<br \/>\n7. Metal- og l\u00e6dermateriale, ergonomisk design<br \/>\n8. indeholder Eroll slank genopfyldelig podpatron 2ml<br \/>\n9. kommer med standard og smal 510 mundstykke<br \/>\n10. tager 1.0\u03a9 mesh-spole indad for ren smag<br \/>\n11. designet med tr\u00e6kaktiveret system<\/p>\n<\/div>\n<div class=\"detailmodule_text\">\n<p id=\"tl_8\" class=\"detail-desc-decorate-title\" style=\"font-family: OpenSans; font-size: 20px; font-weight: 900; line-height: 28px; margin-bottom: 12px;\">Komplet kit-pakke:<\/p>\n<p id=\"tl_9\" class=\"detail-desc-decorate-content\" style=\"font-family: OpenSans; font-size: 14px; font-weight: 300; line-height: 20px; margin-bottom: 12px;\">1 * pcc boks<br \/>\n1 * eroll slank batteri<br \/>\n1 * eroll slank patron<br \/>\n1 * Standard 510 drypespids<br \/>\n1 * smal 510 drypespids<br \/>\n1 * USB-Type-C-kabel<br \/>\n1 * Brugerh\u00e5ndbog<br \/>\n1 * Garanti kort<\/p>\n<\/div>\n<div class=\"detailmodule_image\"><img decoding=\"async\" loading=\"lazy\" class=\"detail-desc-decorate-image\" src=\"https:\/\/ae01.alicdn.com\/kf\/S27be604cd35e4b109e4d1ff1285a6b24h.jpg\" \/><br \/>\n<img decoding=\"async\" loading=\"lazy\" class=\"detail-desc-decorate-image\" src=\"https:\/\/ae01.alicdn.com\/kf\/Sfc2c19326cab48f4846dd7a5e9037b68n.jpg\" \/><br \/>\n<img decoding=\"async\" loading=\"lazy\" class=\"detail-desc-decorate-image\" src=\"https:\/\/ae01.alicdn.com\/kf\/Sc35e62aebb98478799d14d98da488a85e.jpg\" \/><br \/>\n<img decoding=\"async\" loading=\"lazy\" class=\"detail-desc-decorate-image\" src=\"https:\/\/ae01.alicdn.com\/kf\/S3f2d462acdf845928045051e9397302cc.jpg\" \/><br \/>\n<img decoding=\"async\" loading=\"lazy\" class=\"detail-desc-decorate-image\" src=\"https:\/\/ae01.alicdn.com\/kf\/Sc1fa826792834b37afaa8b13477119dcq.jpg\" \/><br \/>\n<img decoding=\"async\" loading=\"lazy\" class=\"detail-desc-decorate-image\" src=\"https:\/\/ae01.alicdn.com\/kf\/S8d2de2b536314e8fbf84ccc836c0e8e5D.jpg\" \/><br \/>\n<img decoding=\"async\" loading=\"lazy\" class=\"detail-desc-decorate-image\" src=\"https:\/\/ae01.alicdn.com\/kf\/S70d565d82cbe4490975e1cf87a098d8fT.jpg\" \/><br \/>\n<img decoding=\"async\" loading=\"lazy\" class=\"detail-desc-decorate-image\" src=\"https:\/\/ae01.alicdn.com\/kf\/S81048d2ac21f43c693b55070d63676e6I.jpg\" \/><br \/>\n<img decoding=\"async\" loading=\"lazy\" class=\"detail-desc-decorate-image\" src=\"https:\/\/ae01.alicdn.com\/kf\/S57958f6c12fe497c8913fc7f9275be03d.jpg\" \/><br \/>\n<img decoding=\"async\" loading=\"lazy\" class=\"detail-desc-decorate-image\" src=\"https:\/\/ae01.alicdn.com\/kf\/S04329ce0dce440a295332a1ba26e8390y.jpg\" \/><\/div>\n<div class=\"detailmodule_image\"><img decoding=\"async\" loading=\"lazy\" class=\"detail-desc-decorate-image\" src=\"https:\/\/ae01.alicdn.com\/kf\/S5c6f96c15e5348b8a03f747b32b331434.jpg\" \/><\/div>\n<p>&nbsp;<\/p>\n<\/div>\n<\/div>","protected":false},"excerpt":{"rendered":"<p>&nbsp; Aussehen:\u00a0Box Form Kompatibler Akku:\u00a0built-in battery \u00dcberwachung Funktion Von Rauchen Anzahl:\u00a0Nein Silikon Fall:\u00a0Nein Temperaturregelung:\u00a0Nein Eingebaute Oder Externe Batterie:\u00a0Eingebaute Kurzschlussschutz Funktion:\u00a0Ja \u00dcberhitzungsschutz-funktion:\u00a0Ja Niederspannungsalarmfunktion:\u00a0Ja Zerst\u00e4uber Identifikation Funktion:\u00a0Ja TCR Einstellung Modi:\u00a0Nein Nominale Kapazit\u00e4t:\u00a0Kein Material:\u00a0Metall Compatible Model:\u00a0Electronic Cigarette Vape Pen Modellnummer:\u00a0Joyetech eRoll Slim Kit with PCC Box Usb-ladeger\u00e4t:\u00a0Ja Firmware-upgrade:\u00a0Ja Display:\u00a0Nein Art:\u00a0Mit Batterie Markenname:\u00a0JOYETECH Ursprung:\u00a0CN (Herkunft) Battery Capacity:\u00a0PCC Box: Built-in [&hellip;]<\/p>","protected":false},"featured_media":6868,"template":"","meta":{"inline_featured_image":false},"product_cat":[752,756,739,743,76,79,81],"product_tag":[],"tiered_pricing_type":"fixed","tiered_pricing_fixed_rules":[],"tiered_pricing_percentage_rules":[],"tiered_pricing_minimum":1,"_administrator_tiered_pricing_type":"fixed","_administrator_tiered_pricing_fixed_rules":[],"_editor_tiered_pricing_type":"fixed","_editor_tiered_pricing_fixed_rules":[],"_author_tiered_pricing_type":"fixed","_author_tiered_pricing_fixed_rules":[],"_contributor_tiered_pricing_type":"fixed","_contributor_tiered_pricing_fixed_rules":[],"_subscriber_tiered_pricing_type":"fixed","_subscriber_tiered_pricing_fixed_rules":[],"_customer_tiered_pricing_type":"fixed","_customer_tiered_pricing_fixed_rules":[],"_shop_manager_tiered_pricing_type":"fixed","_shop_manager_tiered_pricing_fixed_rules":[],"_wpseo_manager_tiered_pricing_type":"fixed","_wpseo_manager_tiered_pricing_fixed_rules":[],"_wpseo_editor_tiered_pricing_type":"fixed","_wpseo_editor_tiered_pricing_fixed_rules":[],"_wholesale_customer_tiered_pricing_type":"fixed","_wholesale_customer_tiered_pricing_fixed_rules":[],"_marketer_tiered_pricing_type":"fixed","_marketer_tiered_pricing_fixed_rules":[],"_sales_manager_tiered_pricing_type":"fixed","_sales_manager_tiered_pricing_fixed_rules":[],"_sales_rep_tiered_pricing_type":"fixed","_sales_rep_tiered_pricing_fixed_rules":[],"yoast_head":"<!-- This site is optimized with the Yoast SEO plugin v23.3 - https:\/\/yoast.com\/wordpress\/plugins\/seo\/ -->\n<title>Joyetech Eroll Slim Kit mit PCC Box 13W Vape mit | ElementVape.de<\/title>\n<meta name=\"description\" content=\"Wir bieten Joyetech Eroll Slim Kit mit PCC Box 13W Vape mit , Elementvape.de akzeptieren Gro\u00df-und Einzelhandel Bestellungen.\" \/>\n<meta name=\"robots\" content=\"index, follow, max-snippet:-1, max-image-preview:large, max-video-preview:-1\" \/>\n<link rel=\"canonical\" href=\"https:\/\/www.elementvape.de\/da\/produkt\/joyetech-eroll-slim-kit-mit-pcc-box-13w-vape-mit\/\" \/>\n<meta property=\"og:locale\" content=\"da_DK\" \/>\n<meta property=\"og:type\" content=\"article\" \/>\n<meta property=\"og:title\" content=\"Joyetech Eroll Slim Kit mit PCC Box 13W Vape mit | ElementVape.de\" \/>\n<meta property=\"og:description\" content=\"Wir bieten Joyetech Eroll Slim Kit mit PCC Box 13W Vape mit , Elementvape.de akzeptieren Gro\u00df-und Einzelhandel Bestellungen.\" \/>\n<meta property=\"og:url\" content=\"https:\/\/www.elementvape.de\/da\/produkt\/joyetech-eroll-slim-kit-mit-pcc-box-13w-vape-mit\/\" \/>\n<meta property=\"og:site_name\" content=\"ElementVape.de\" \/>\n<meta property=\"article:modified_time\" content=\"2024-12-12T06:37:31+00:00\" \/>\n<meta property=\"og:image\" content=\"https:\/\/ae01.alicdn.com\/kf\/Sb094d586e6104294bd8cf3d84d707a5fM\/Original-Joyetech-Eroll-Slim-Kit-mit-PCC-Box-13W-Vape-mit-480mAh-Akku-1500mAh-Lade-koffer.jpg\" \/>\n\t<meta property=\"og:image:width\" content=\"800\" \/>\n\t<meta property=\"og:image:height\" content=\"800\" \/>\n\t<meta property=\"og:image:type\" content=\"image\/jpeg\" \/>\n<meta name=\"twitter:card\" content=\"summary_large_image\" \/>\n<meta name=\"twitter:label1\" content=\"Est. reading time\" \/>\n\t<meta name=\"twitter:data1\" content=\"5 minutter\" \/>\n<script type=\"application\/ld+json\" class=\"yoast-schema-graph\">{\"@context\":\"https:\/\/schema.org\",\"@graph\":[{\"@type\":\"WebPage\",\"@id\":\"https:\/\/www.elementvape.de\/produkt\/joyetech-eroll-slim-kit-mit-pcc-box-13w-vape-mit\/\",\"url\":\"https:\/\/www.elementvape.de\/produkt\/joyetech-eroll-slim-kit-mit-pcc-box-13w-vape-mit\/\",\"name\":\"Joyetech Eroll Slim Kit mit PCC Box 13W Vape mit | ElementVape.de\",\"isPartOf\":{\"@id\":\"https:\/\/www.elementvape.de\/#website\"},\"primaryImageOfPage\":{\"@id\":\"https:\/\/www.elementvape.de\/produkt\/joyetech-eroll-slim-kit-mit-pcc-box-13w-vape-mit\/#primaryimage\"},\"image\":{\"@id\":\"https:\/\/www.elementvape.de\/produkt\/joyetech-eroll-slim-kit-mit-pcc-box-13w-vape-mit\/#primaryimage\"},\"thumbnailUrl\":\"https:\/\/ae01.alicdn.com\/kf\/Sb094d586e6104294bd8cf3d84d707a5fM\/Original-Joyetech-Eroll-Slim-Kit-mit-PCC-Box-13W-Vape-mit-480mAh-Akku-1500mAh-Lade-koffer.jpg\",\"datePublished\":\"2024-04-20T03:50:57+00:00\",\"dateModified\":\"2024-12-12T06:37:31+00:00\",\"description\":\"Wir bieten Joyetech Eroll Slim Kit mit PCC Box 13W Vape mit , Elementvape.de akzeptieren Gro\u00df-und Einzelhandel Bestellungen.\",\"breadcrumb\":{\"@id\":\"https:\/\/www.elementvape.de\/produkt\/joyetech-eroll-slim-kit-mit-pcc-box-13w-vape-mit\/#breadcrumb\"},\"inLanguage\":\"da-DK\",\"potentialAction\":[{\"@type\":\"ReadAction\",\"target\":[\"https:\/\/www.elementvape.de\/produkt\/joyetech-eroll-slim-kit-mit-pcc-box-13w-vape-mit\/\"]}]},{\"@type\":\"ImageObject\",\"inLanguage\":\"da-DK\",\"@id\":\"https:\/\/www.elementvape.de\/produkt\/joyetech-eroll-slim-kit-mit-pcc-box-13w-vape-mit\/#primaryimage\",\"url\":\"https:\/\/ae01.alicdn.com\/kf\/Sb094d586e6104294bd8cf3d84d707a5fM\/Original-Joyetech-Eroll-Slim-Kit-mit-PCC-Box-13W-Vape-mit-480mAh-Akku-1500mAh-Lade-koffer.jpg\",\"contentUrl\":\"https:\/\/ae01.alicdn.com\/kf\/Sb094d586e6104294bd8cf3d84d707a5fM\/Original-Joyetech-Eroll-Slim-Kit-mit-PCC-Box-13W-Vape-mit-480mAh-Akku-1500mAh-Lade-koffer.jpg\",\"width\":800,\"height\":800},{\"@type\":\"BreadcrumbList\",\"@id\":\"https:\/\/www.elementvape.de\/produkt\/joyetech-eroll-slim-kit-mit-pcc-box-13w-vape-mit\/#breadcrumb\",\"itemListElement\":[{\"@type\":\"ListItem\",\"position\":1,\"name\":\"Home\",\"item\":\"https:\/\/www.elementvape.de\/\"},{\"@type\":\"ListItem\",\"position\":2,\"name\":\"Shop\",\"item\":\"https:\/\/www.elementvape.de\/shop\/\"},{\"@type\":\"ListItem\",\"position\":3,\"name\":\"Joyetech Eroll Slim Kit mit PCC Box 13W Vape mit\"}]},{\"@type\":\"WebSite\",\"@id\":\"https:\/\/www.elementvape.de\/#website\",\"url\":\"https:\/\/www.elementvape.de\/\",\"name\":\"ElementVape.de\",\"description\":\"\",\"publisher\":{\"@id\":\"https:\/\/www.elementvape.de\/#organization\"},\"potentialAction\":[{\"@type\":\"SearchAction\",\"target\":{\"@type\":\"EntryPoint\",\"urlTemplate\":\"https:\/\/www.elementvape.de\/?s={search_term_string}\"},\"query-input\":\"required name=search_term_string\"}],\"inLanguage\":\"da-DK\"},{\"@type\":\"Organization\",\"@id\":\"https:\/\/www.elementvape.de\/#organization\",\"name\":\"ElementVape.DE\",\"url\":\"https:\/\/www.elementvape.de\/\",\"logo\":{\"@type\":\"ImageObject\",\"inLanguage\":\"da-DK\",\"@id\":\"https:\/\/www.elementvape.de\/#\/schema\/logo\/image\/\",\"url\":\"https:\/\/www.elementvape.de\/wp-content\/uploads\/2024\/09\/cropped-1elementvape-3.png\",\"contentUrl\":\"https:\/\/www.elementvape.de\/wp-content\/uploads\/2024\/09\/cropped-1elementvape-3.png\",\"width\":285,\"height\":228,\"caption\":\"ElementVape.DE\"},\"image\":{\"@id\":\"https:\/\/www.elementvape.de\/#\/schema\/logo\/image\/\"}}]}<\/script>\n<!-- \/ Yoast SEO plugin. -->","yoast_head_json":{"title":"Joyetech Eroll Slim Kit mit PCC Box 13W Vape mit | ElementVape.de","description":"Wir bieten Joyetech Eroll Slim Kit mit PCC Box 13W Vape mit , Elementvape.de akzeptieren Gro\u00df-und Einzelhandel Bestellungen.","robots":{"index":"index","follow":"follow","max-snippet":"max-snippet:-1","max-image-preview":"max-image-preview:large","max-video-preview":"max-video-preview:-1"},"canonical":"https:\/\/www.elementvape.de\/da\/produkt\/joyetech-eroll-slim-kit-mit-pcc-box-13w-vape-mit\/","og_locale":"da_DK","og_type":"article","og_title":"Joyetech Eroll Slim Kit mit PCC Box 13W Vape mit | ElementVape.de","og_description":"Wir bieten Joyetech Eroll Slim Kit mit PCC Box 13W Vape mit , Elementvape.de akzeptieren Gro\u00df-und Einzelhandel Bestellungen.","og_url":"https:\/\/www.elementvape.de\/da\/produkt\/joyetech-eroll-slim-kit-mit-pcc-box-13w-vape-mit\/","og_site_name":"ElementVape.de","article_modified_time":"2024-12-12T06:37:31+00:00","og_image":[{"width":800,"height":800,"url":"https:\/\/ae01.alicdn.com\/kf\/Sb094d586e6104294bd8cf3d84d707a5fM\/Original-Joyetech-Eroll-Slim-Kit-mit-PCC-Box-13W-Vape-mit-480mAh-Akku-1500mAh-Lade-koffer.jpg","type":"image\/jpeg"}],"twitter_card":"summary_large_image","twitter_misc":{"Est. reading time":"5 minutter"},"schema":{"@context":"https:\/\/schema.org","@graph":[{"@type":"WebPage","@id":"https:\/\/www.elementvape.de\/produkt\/joyetech-eroll-slim-kit-mit-pcc-box-13w-vape-mit\/","url":"https:\/\/www.elementvape.de\/produkt\/joyetech-eroll-slim-kit-mit-pcc-box-13w-vape-mit\/","name":"Joyetech Eroll Slim Kit mit PCC Box 13W Vape mit | ElementVape.de","isPartOf":{"@id":"https:\/\/www.elementvape.de\/#website"},"primaryImageOfPage":{"@id":"https:\/\/www.elementvape.de\/produkt\/joyetech-eroll-slim-kit-mit-pcc-box-13w-vape-mit\/#primaryimage"},"image":{"@id":"https:\/\/www.elementvape.de\/produkt\/joyetech-eroll-slim-kit-mit-pcc-box-13w-vape-mit\/#primaryimage"},"thumbnailUrl":"https:\/\/ae01.alicdn.com\/kf\/Sb094d586e6104294bd8cf3d84d707a5fM\/Original-Joyetech-Eroll-Slim-Kit-mit-PCC-Box-13W-Vape-mit-480mAh-Akku-1500mAh-Lade-koffer.jpg","datePublished":"2024-04-20T03:50:57+00:00","dateModified":"2024-12-12T06:37:31+00:00","description":"Wir bieten Joyetech Eroll Slim Kit mit PCC Box 13W Vape mit , Elementvape.de akzeptieren Gro\u00df-und Einzelhandel Bestellungen.","breadcrumb":{"@id":"https:\/\/www.elementvape.de\/produkt\/joyetech-eroll-slim-kit-mit-pcc-box-13w-vape-mit\/#breadcrumb"},"inLanguage":"da-DK","potentialAction":[{"@type":"ReadAction","target":["https:\/\/www.elementvape.de\/produkt\/joyetech-eroll-slim-kit-mit-pcc-box-13w-vape-mit\/"]}]},{"@type":"ImageObject","inLanguage":"da-DK","@id":"https:\/\/www.elementvape.de\/produkt\/joyetech-eroll-slim-kit-mit-pcc-box-13w-vape-mit\/#primaryimage","url":"https:\/\/ae01.alicdn.com\/kf\/Sb094d586e6104294bd8cf3d84d707a5fM\/Original-Joyetech-Eroll-Slim-Kit-mit-PCC-Box-13W-Vape-mit-480mAh-Akku-1500mAh-Lade-koffer.jpg","contentUrl":"https:\/\/ae01.alicdn.com\/kf\/Sb094d586e6104294bd8cf3d84d707a5fM\/Original-Joyetech-Eroll-Slim-Kit-mit-PCC-Box-13W-Vape-mit-480mAh-Akku-1500mAh-Lade-koffer.jpg","width":800,"height":800},{"@type":"BreadcrumbList","@id":"https:\/\/www.elementvape.de\/produkt\/joyetech-eroll-slim-kit-mit-pcc-box-13w-vape-mit\/#breadcrumb","itemListElement":[{"@type":"ListItem","position":1,"name":"Home","item":"https:\/\/www.elementvape.de\/"},{"@type":"ListItem","position":2,"name":"Shop","item":"https:\/\/www.elementvape.de\/shop\/"},{"@type":"ListItem","position":3,"name":"Joyetech Eroll Slim Kit mit PCC Box 13W Vape mit"}]},{"@type":"WebSite","@id":"https:\/\/www.elementvape.de\/#website","url":"https:\/\/www.elementvape.de\/","name":"ElementVape.de","description":"","publisher":{"@id":"https:\/\/www.elementvape.de\/#organization"},"potentialAction":[{"@type":"SearchAction","target":{"@type":"EntryPoint","urlTemplate":"https:\/\/www.elementvape.de\/?s={search_term_string}"},"query-input":"required name=search_term_string"}],"inLanguage":"da-DK"},{"@type":"Organization","@id":"https:\/\/www.elementvape.de\/#organization","name":"ElementVape.DE","url":"https:\/\/www.elementvape.de\/","logo":{"@type":"ImageObject","inLanguage":"da-DK","@id":"https:\/\/www.elementvape.de\/#\/schema\/logo\/image\/","url":"https:\/\/www.elementvape.de\/wp-content\/uploads\/2024\/09\/cropped-1elementvape-3.png","contentUrl":"https:\/\/www.elementvape.de\/wp-content\/uploads\/2024\/09\/cropped-1elementvape-3.png","width":285,"height":228,"caption":"ElementVape.DE"},"image":{"@id":"https:\/\/www.elementvape.de\/#\/schema\/logo\/image\/"}}]}},"_links":{"self":[{"href":"https:\/\/www.elementvape.de\/da\/wp-json\/wp\/v2\/product\/6866"}],"collection":[{"href":"https:\/\/www.elementvape.de\/da\/wp-json\/wp\/v2\/product"}],"about":[{"href":"https:\/\/www.elementvape.de\/da\/wp-json\/wp\/v2\/types\/product"}],"wp:featuredmedia":[{"embeddable":true,"href":"https:\/\/www.elementvape.de\/da\/wp-json\/wp\/v2\/media\/6868"}],"wp:attachment":[{"href":"https:\/\/www.elementvape.de\/da\/wp-json\/wp\/v2\/media?parent=6866"}],"wp:term":[{"taxonomy":"product_cat","embeddable":true,"href":"https:\/\/www.elementvape.de\/da\/wp-json\/wp\/v2\/product_cat?post=6866"},{"taxonomy":"product_tag","embeddable":true,"href":"https:\/\/www.elementvape.de\/da\/wp-json\/wp\/v2\/product_tag?post=6866"}],"curies":[{"name":"wp","href":"https:\/\/api.w.org\/{rel}","templated":true}]}}