{"id":6765,"date":"2024-04-20T03:29:36","date_gmt":"2024-04-20T03:29:36","guid":{"rendered":"https:\/\/www.elementvape.de\/?post_type=product&#038;p=6765"},"modified":"2024-12-12T06:37:40","modified_gmt":"2024-12-12T06:37:40","slug":"600mah-batterie-16w-vape-pen-e-zigaretten-schale-system-vapor-izer","status":"publish","type":"product","link":"https:\/\/www.elementvape.de\/da\/produkt\/600mah-batterie-16w-vape-pen-e-zigaretten-schale-system-vapor-izer\/","title":{"rendered":"Geekvape Wenax K1 Kit 2ml patroner hylster 0,8 Ohm 1,0 Ohm med 600mAh batteri 16W Vape Pen e-cigaret system vaporizer"},"content":{"rendered":"<p>&nbsp;<\/p>\n<div class=\"product-specs-list-container\">\n<ul class=\"product-specs-list util-clearfix\">\n<li class=\"product-prop line-limit-length\"><span class=\"property-title\">Udseende:\u00a0<\/span><span class=\"property-desc line-limit-length\">Boksform<\/span><\/li>\n<li class=\"product-prop line-limit-length\"><span class=\"property-title\">Kompatibel Batteri:\u00a0<\/span><span class=\"property-desc line-limit-length\">Ingen<\/span><\/li>\n<li class=\"product-prop line-limit-length\"><span class=\"property-title\">Overv\u00e5gningsfunktion for Rygning Antal:\u00a0<\/span><span class=\"property-desc line-limit-length\">Nej<\/span><\/li>\n<li class=\"product-prop line-limit-length\"><span class=\"property-title\">Silicone Cover:\u00a0<\/span><span class=\"property-desc line-limit-length\">Nej<\/span><\/li>\n<li class=\"product-prop line-limit-length\"><span class=\"property-title\">Temperaturregulering:\u00a0<\/span><span class=\"property-desc line-limit-length\">Nej<\/span><\/li>\n<li class=\"product-prop line-limit-length\"><span class=\"property-title\">Indbygget eller Ekstern Batteri:\u00a0<\/span><span class=\"property-desc line-limit-length\">Indbygget<\/span><\/li>\n<li class=\"product-prop line-limit-length\"><span class=\"property-title\">Kortslutningsbeskyttelsesfunktion:\u00a0<\/span><span class=\"property-desc line-limit-length\">Ja<\/span><\/li>\n<li class=\"product-prop line-limit-length\"><span class=\"property-title\">Overophedningsbeskyttelsesfunktion:\u00a0<\/span><span class=\"property-desc line-limit-length\">Ja<\/span><\/li>\n<li class=\"product-prop line-limit-length\"><span class=\"property-title\">Lavsp\u00e6ndingsalarmfunktion:\u00a0<\/span><span class=\"property-desc line-limit-length\">Ja<\/span><\/li>\n<li class=\"product-prop line-limit-length\"><span class=\"property-title\">Spr\u00f8jteidentifikation Funktion:\u00a0<\/span><span class=\"property-desc line-limit-length\">Ja<\/span><\/li>\n<li class=\"product-prop line-limit-length\"><span class=\"property-title\">TCR-indstillingsmodi:\u00a0<\/span><span class=\"property-desc line-limit-length\">Nej<\/span><\/li>\n<li class=\"product-prop line-limit-length\"><span class=\"property-title\">Nominal kapacitet:\u00a0<\/span><span class=\"property-desc line-limit-length\">&lt;700 mAh<\/span><\/li>\n<li class=\"product-prop line-limit-length\"><span class=\"property-title\">Materiale:\u00a0<\/span><span class=\"property-desc line-limit-length\">Metal<\/span><\/li>\n<li class=\"product-prop line-limit-length\"><span class=\"property-title\">Kompatibel model:\u00a0<\/span><span class=\"property-desc line-limit-length\">Elektronisk cigaret-pod RDTA vaporizer<\/span><\/li>\n<li class=\"product-prop line-limit-length\"><span class=\"property-title\">Modelnummer:\u00a0<\/span><span class=\"property-desc line-limit-length\">GeekVape Wenax K1 Kit<\/span><\/li>\n<li class=\"product-prop line-limit-length\"><span class=\"property-title\">Usb-oplader:\u00a0<\/span><span class=\"property-desc line-limit-length\">Ja<\/span><\/li>\n<li class=\"product-prop line-limit-length\"><span class=\"property-title\">Firmwareopgradering:\u00a0<\/span><span class=\"property-desc line-limit-length\">Nej<\/span><\/li>\n<li class=\"product-prop line-limit-length\"><span class=\"property-title\">Display:\u00a0<\/span><span class=\"property-desc line-limit-length\">Ja<\/span><\/li>\n<li class=\"product-prop line-limit-length\"><span class=\"property-title\">Type:\u00a0<\/span><span class=\"property-desc line-limit-length\">Med batteri<\/span><\/li>\n<li class=\"product-prop line-limit-length\"><span class=\"property-title\">Varem\u00e6rke:\u00a0<\/span><span class=\"property-desc line-limit-length\">GEEKVAPE<\/span><\/li>\n<li class=\"product-prop line-limit-length\"><span class=\"property-title\">Oprindelse:\u00a0<\/span><span class=\"property-desc line-limit-length\">CN (Oprindelse)<\/span><\/li>\n<li class=\"product-prop line-limit-length\"><span class=\"property-title\">Batteri:\u00a0<\/span><span class=\"property-desc line-limit-length\">600mAh<\/span><\/li>\n<\/ul>\n<\/div>\n<div class=\"detailmodule_html\">\n<div class=\"detail-desc-decorate-richtext\">\n<div class=\"detailmodule_text\">\n<p id=\"tl_1\" class=\"detail-desc-decorate-title\" style=\"font-family: OpenSans; font-size: 20px; font-weight: 900; line-height: 28px; margin-bottom: 12px;\">Original Geekvape Wenax K1 Kit 2ml tom Patron Pod 600mAh Batteri 16W Vape Pen elektronisk cigaret Pod System Vaporizer<\/p>\n<\/div>\n<div class=\"detailmodule_text\">\n<p id=\"tl_2\" class=\"detail-desc-decorate-title\" style=\"font-family: OpenSans; font-size: 20px; font-weight: 900; line-height: 28px; margin-bottom: 12px;\">Geekvape Wenax K1 kit kort beskrivelse:<\/p>\n<p id=\"tl_3\" class=\"detail-desc-decorate-content\" style=\"font-family: OpenSans; font-size: 14px; font-weight: 300; line-height: 20px; margin-bottom: 12px;\">Wenax K1 kit er et pod system kit med konstant og vedvarende ydeevne. Drevet af et indbygget batteri p\u00e5 600mah, giver det dig en hel dag med vaping, og USB-Type-C-ladeporten leverer hurtig opladning. Det har en stram udl\u00f8sning for en fyldt skydningoplevelse. Derudover har det ogs\u00e5 en 3-trins justerbar effekt, som g\u00f8r det nemt at tilpasse smagen. Der er to m\u00e5der at nyde Wenax K1 p\u00e5: Auto-Draw eller knap-udl\u00f8ser. Wenax K1 kommer med anti-ved et fejl-tilstand, og det g\u00e5r automatisk i dvale, hvis der ikke er nogen operation i mere end 10 sekunder. Patronen er en 2ml genopfyldelig hylster med 300 til 400 sug. F\u00e5 den for at nyde fantastisk vaping!<\/p>\n<\/div>\n<div class=\"detailmodule_text\">\n<p id=\"tl_4\" class=\"detail-desc-decorate-title\" style=\"font-family: OpenSans; font-size: 20px; font-weight: 900; line-height: 28px; margin-bottom: 12px;\">Parameterer:<\/p>\n<p id=\"tl_5\" class=\"detail-desc-decorate-content\" style=\"font-family: OpenSans; font-size: 14px; font-weight: 300; line-height: 20px; margin-bottom: 12px;\">Produktnavn: Wenax K1 kit<br \/>\nEffektudgang: 9-16w<br \/>\nSpole modstandsinterval: 0,4-3Ohm<br \/>\nSpole: 0,8 Ohm (12-16W), 1,2 Ohm (10-12W)<br \/>\nBatterikapacitet: 600mah<br \/>\nKapacitet: 2ml<br \/>\nOpladning: USB-C opladningsport 5v<br \/>\nLavsp\u00e6ndingsadvarsel: 3,2 V \u00b1 0,1 V<br \/>\nPCBA temperaturalarm: 80 \u2103<br \/>\nL\u00e6ngste damp tid: 10s<br \/>\nArbejdstemperatur: -45 \u2103<br \/>\nStandby-str\u00f8m: \u2264 15uA<br \/>\nFarve: sort, kobberr\u00f8d, r\u00f8d, bl\u00e5, himmelbl\u00e5, pacifisk bl\u00e5, guld, milit\u00e6rgr\u00f8n, orange<\/p>\n<\/div>\n<div class=\"detailmodule_text\">\n<p id=\"tl_6\" class=\"detail-desc-decorate-title\" style=\"font-family: OpenSans; font-size: 20px; font-weight: 900; line-height: 28px; margin-bottom: 12px;\">Detaljer:<\/p>\n<p id=\"tl_7\" class=\"detail-desc-decorate-content\" style=\"font-family: OpenSans; font-size: 14px; font-weight: 300; line-height: 20px; margin-bottom: 12px;\">1. eloxeret aluminiumskrop<br \/>\n2. automatisk tr\u00e6k &amp; knapudl\u00f8st<br \/>\n3. 3-trins justerbar udgangseffekt<br \/>\n4. 600mAh batterikapacitet<br \/>\n5. USB-C opladning, stramt tr\u00e6k<br \/>\n6. Stabil og varig kraft<br \/>\n7. 2ml genopfyldelig hylster med 4, 5-4, 0 tr\u00e6k<br \/>\n8. Anti-ved et uheld: Auto-s\u00f8vn efter 10 sekunder<\/p>\n<\/div>\n<div class=\"detailmodule_text\">\n<p id=\"tl_8\" class=\"detail-desc-decorate-title\" style=\"font-family: OpenSans; font-size: 20px; font-weight: 900; line-height: 28px; margin-bottom: 12px;\">Pakke:<\/p>\n<p id=\"tl_9\" class=\"detail-desc-decorate-content\" style=\"font-family: OpenSans; font-size: 14px; font-weight: 300; line-height: 20px; margin-bottom: 12px;\">1 * geekvape wenax k1 enhed<br \/>\n1 * geekvape wenax k1 0,8 Ohm podpatron (forudinstalleret)<br \/>\n1 * geekvape wenax k1 1,2 Ohm podpatron (reservedele)<br \/>\n1 * USB-kabel (Type-C)<br \/>\n1 * Brugerh\u00e5ndbog<\/p>\n<\/div>\n<div class=\"detailmodule_image\"><img decoding=\"async\" loading=\"lazy\" class=\"detail-desc-decorate-image\" src=\"https:\/\/ae01.alicdn.com\/kf\/H4129d8ff725440a2963cc01631a166a5P.jpg\" \/><br \/>\n<img decoding=\"async\" loading=\"lazy\" class=\"detail-desc-decorate-image\" src=\"https:\/\/ae01.alicdn.com\/kf\/H976fd81fdd894e64bc3df1517f2981d2p.jpg\" \/><br \/>\n<img decoding=\"async\" loading=\"lazy\" class=\"detail-desc-decorate-image\" src=\"https:\/\/ae01.alicdn.com\/kf\/H8099c2fbc1fd401caae51218c726656a4.jpg\" \/><\/div>\n<p>&nbsp;<\/p>\n<\/div>\n<\/div>","protected":false},"excerpt":{"rendered":"<p>&nbsp; Aussehen:\u00a0Box Form Kompatibler Akku:\u00a0Kein \u00dcberwachung Funktion Von Rauchen Anzahl:\u00a0Nein Silikon Fall:\u00a0Nein Temperaturregelung:\u00a0Nein Eingebaute Oder Externe Batterie:\u00a0Eingebaute Kurzschlussschutz Funktion:\u00a0Ja \u00dcberhitzungsschutz-funktion:\u00a0Ja Niederspannungsalarmfunktion:\u00a0Ja Zerst\u00e4uber Identifikation Funktion:\u00a0Ja TCR Einstellung Modi:\u00a0Nein Nominale Kapazit\u00e4t:\u00a0&lt;700 mAh Material:\u00a0Metall Compatible Model:\u00a0Electronic Cigarette Pod RDTA Vaporizer Modellnummer:\u00a0GeekVape Wenax K1 Kit Usb-ladeger\u00e4t:\u00a0Ja Firmware-upgrade:\u00a0Nein Display:\u00a0Ja Art:\u00a0Mit Batterie Markenname:\u00a0GEEKVAPE Ursprung:\u00a0CN (Herkunft) Battery:\u00a0600mah Original Geekvape Wenax K1 Kit [&hellip;]<\/p>","protected":false},"featured_media":6766,"template":"","meta":{"inline_featured_image":false},"product_cat":[752,756,739,743,76,79,81],"product_tag":[],"tiered_pricing_type":"fixed","tiered_pricing_fixed_rules":[],"tiered_pricing_percentage_rules":[],"tiered_pricing_minimum":1,"_administrator_tiered_pricing_type":"fixed","_administrator_tiered_pricing_fixed_rules":[],"_editor_tiered_pricing_type":"fixed","_editor_tiered_pricing_fixed_rules":[],"_author_tiered_pricing_type":"fixed","_author_tiered_pricing_fixed_rules":[],"_contributor_tiered_pricing_type":"fixed","_contributor_tiered_pricing_fixed_rules":[],"_subscriber_tiered_pricing_type":"fixed","_subscriber_tiered_pricing_fixed_rules":[],"_customer_tiered_pricing_type":"fixed","_customer_tiered_pricing_fixed_rules":[],"_shop_manager_tiered_pricing_type":"fixed","_shop_manager_tiered_pricing_fixed_rules":[],"_wpseo_manager_tiered_pricing_type":"fixed","_wpseo_manager_tiered_pricing_fixed_rules":[],"_wpseo_editor_tiered_pricing_type":"fixed","_wpseo_editor_tiered_pricing_fixed_rules":[],"_wholesale_customer_tiered_pricing_type":"fixed","_wholesale_customer_tiered_pricing_fixed_rules":[],"_marketer_tiered_pricing_type":"fixed","_marketer_tiered_pricing_fixed_rules":[],"_sales_manager_tiered_pricing_type":"fixed","_sales_manager_tiered_pricing_fixed_rules":[],"_sales_rep_tiered_pricing_type":"fixed","_sales_rep_tiered_pricing_fixed_rules":[],"yoast_head":"<!-- This site is optimized with the Yoast SEO plugin v23.3 - https:\/\/yoast.com\/wordpress\/plugins\/seo\/ -->\n<title>Geekvape Wenax K1 Kit 2ml Patronen h\u00fclse 0,8 Ohm 1,0 Ohm mit 600mAh Batterie 16W Vape Pen E Zigaretten schale System Vapor izer | ElementVape.de<\/title>\n<meta name=\"description\" content=\"Wir bieten Geekvape Wenax K1 Kit 2ml Patronen h\u00fclse 0,8 Ohm 1,0 Ohm mit 600mAh Batterie 16W Vape Pen E Zigaretten schale System Vapor izer , Elementvape.de akzeptieren Gro\u00df-und Einzelhandel Bestellungen.\" \/>\n<meta name=\"robots\" content=\"index, follow, max-snippet:-1, max-image-preview:large, max-video-preview:-1\" \/>\n<link rel=\"canonical\" href=\"https:\/\/www.elementvape.de\/da\/produkt\/600mah-batterie-16w-vape-pen-e-zigaretten-schale-system-vapor-izer\/\" \/>\n<meta property=\"og:locale\" content=\"da_DK\" \/>\n<meta property=\"og:type\" content=\"article\" \/>\n<meta property=\"og:title\" content=\"Geekvape Wenax K1 Kit 2ml Patronen h\u00fclse 0,8 Ohm 1,0 Ohm mit 600mAh Batterie 16W Vape Pen E Zigaretten schale System Vapor izer | ElementVape.de\" \/>\n<meta property=\"og:description\" content=\"Wir bieten Geekvape Wenax K1 Kit 2ml Patronen h\u00fclse 0,8 Ohm 1,0 Ohm mit 600mAh Batterie 16W Vape Pen E Zigaretten schale System Vapor izer , Elementvape.de akzeptieren Gro\u00df-und Einzelhandel Bestellungen.\" \/>\n<meta property=\"og:url\" content=\"https:\/\/www.elementvape.de\/da\/produkt\/600mah-batterie-16w-vape-pen-e-zigaretten-schale-system-vapor-izer\/\" \/>\n<meta property=\"og:site_name\" content=\"ElementVape.de\" \/>\n<meta property=\"article:modified_time\" content=\"2024-12-12T06:37:40+00:00\" \/>\n<meta property=\"og:image\" content=\"https:\/\/ae01.alicdn.com\/kf\/H1106475399e247a2b1e22ebcc1ed121a3\/Original-Geekvape-Wenax-K1-Kit-2ml-Patronen-h-lse-0-8-Ohm-1-0-Ohm-mit.jpg\" \/>\n\t<meta property=\"og:image:width\" content=\"800\" \/>\n\t<meta property=\"og:image:height\" content=\"800\" \/>\n\t<meta property=\"og:image:type\" content=\"image\/jpeg\" \/>\n<meta name=\"twitter:card\" content=\"summary_large_image\" \/>\n<meta name=\"twitter:label1\" content=\"Est. reading time\" \/>\n\t<meta name=\"twitter:data1\" content=\"3 minutter\" \/>\n<script type=\"application\/ld+json\" class=\"yoast-schema-graph\">{\"@context\":\"https:\/\/schema.org\",\"@graph\":[{\"@type\":\"WebPage\",\"@id\":\"https:\/\/www.elementvape.de\/produkt\/600mah-batterie-16w-vape-pen-e-zigaretten-schale-system-vapor-izer\/\",\"url\":\"https:\/\/www.elementvape.de\/produkt\/600mah-batterie-16w-vape-pen-e-zigaretten-schale-system-vapor-izer\/\",\"name\":\"Geekvape Wenax K1 Kit 2ml Patronen h\u00fclse 0,8 Ohm 1,0 Ohm mit 600mAh Batterie 16W Vape Pen E Zigaretten schale System Vapor izer | ElementVape.de\",\"isPartOf\":{\"@id\":\"https:\/\/www.elementvape.de\/#website\"},\"primaryImageOfPage\":{\"@id\":\"https:\/\/www.elementvape.de\/produkt\/600mah-batterie-16w-vape-pen-e-zigaretten-schale-system-vapor-izer\/#primaryimage\"},\"image\":{\"@id\":\"https:\/\/www.elementvape.de\/produkt\/600mah-batterie-16w-vape-pen-e-zigaretten-schale-system-vapor-izer\/#primaryimage\"},\"thumbnailUrl\":\"https:\/\/ae01.alicdn.com\/kf\/H1106475399e247a2b1e22ebcc1ed121a3\/Original-Geekvape-Wenax-K1-Kit-2ml-Patronen-h-lse-0-8-Ohm-1-0-Ohm-mit.jpg\",\"datePublished\":\"2024-04-20T03:29:36+00:00\",\"dateModified\":\"2024-12-12T06:37:40+00:00\",\"description\":\"Wir bieten Geekvape Wenax K1 Kit 2ml Patronen h\u00fclse 0,8 Ohm 1,0 Ohm mit 600mAh Batterie 16W Vape Pen E Zigaretten schale System Vapor izer , Elementvape.de akzeptieren Gro\u00df-und Einzelhandel Bestellungen.\",\"breadcrumb\":{\"@id\":\"https:\/\/www.elementvape.de\/produkt\/600mah-batterie-16w-vape-pen-e-zigaretten-schale-system-vapor-izer\/#breadcrumb\"},\"inLanguage\":\"da-DK\",\"potentialAction\":[{\"@type\":\"ReadAction\",\"target\":[\"https:\/\/www.elementvape.de\/produkt\/600mah-batterie-16w-vape-pen-e-zigaretten-schale-system-vapor-izer\/\"]}]},{\"@type\":\"ImageObject\",\"inLanguage\":\"da-DK\",\"@id\":\"https:\/\/www.elementvape.de\/produkt\/600mah-batterie-16w-vape-pen-e-zigaretten-schale-system-vapor-izer\/#primaryimage\",\"url\":\"https:\/\/ae01.alicdn.com\/kf\/H1106475399e247a2b1e22ebcc1ed121a3\/Original-Geekvape-Wenax-K1-Kit-2ml-Patronen-h-lse-0-8-Ohm-1-0-Ohm-mit.jpg\",\"contentUrl\":\"https:\/\/ae01.alicdn.com\/kf\/H1106475399e247a2b1e22ebcc1ed121a3\/Original-Geekvape-Wenax-K1-Kit-2ml-Patronen-h-lse-0-8-Ohm-1-0-Ohm-mit.jpg\",\"width\":800,\"height\":800},{\"@type\":\"BreadcrumbList\",\"@id\":\"https:\/\/www.elementvape.de\/produkt\/600mah-batterie-16w-vape-pen-e-zigaretten-schale-system-vapor-izer\/#breadcrumb\",\"itemListElement\":[{\"@type\":\"ListItem\",\"position\":1,\"name\":\"Home\",\"item\":\"https:\/\/www.elementvape.de\/\"},{\"@type\":\"ListItem\",\"position\":2,\"name\":\"Shop\",\"item\":\"https:\/\/www.elementvape.de\/shop\/\"},{\"@type\":\"ListItem\",\"position\":3,\"name\":\"Geekvape Wenax K1 Kit 2ml Patronen h\u00fclse 0,8 Ohm 1,0 Ohm mit 600mAh Batterie 16W Vape Pen E Zigaretten schale System Vapor izer\"}]},{\"@type\":\"WebSite\",\"@id\":\"https:\/\/www.elementvape.de\/#website\",\"url\":\"https:\/\/www.elementvape.de\/\",\"name\":\"ElementVape.de\",\"description\":\"\",\"publisher\":{\"@id\":\"https:\/\/www.elementvape.de\/#organization\"},\"potentialAction\":[{\"@type\":\"SearchAction\",\"target\":{\"@type\":\"EntryPoint\",\"urlTemplate\":\"https:\/\/www.elementvape.de\/?s={search_term_string}\"},\"query-input\":\"required name=search_term_string\"}],\"inLanguage\":\"da-DK\"},{\"@type\":\"Organization\",\"@id\":\"https:\/\/www.elementvape.de\/#organization\",\"name\":\"ElementVape.DE\",\"url\":\"https:\/\/www.elementvape.de\/\",\"logo\":{\"@type\":\"ImageObject\",\"inLanguage\":\"da-DK\",\"@id\":\"https:\/\/www.elementvape.de\/#\/schema\/logo\/image\/\",\"url\":\"https:\/\/www.elementvape.de\/wp-content\/uploads\/2024\/09\/cropped-1elementvape-3.png\",\"contentUrl\":\"https:\/\/www.elementvape.de\/wp-content\/uploads\/2024\/09\/cropped-1elementvape-3.png\",\"width\":285,\"height\":228,\"caption\":\"ElementVape.DE\"},\"image\":{\"@id\":\"https:\/\/www.elementvape.de\/#\/schema\/logo\/image\/\"}}]}<\/script>\n<!-- \/ Yoast SEO plugin. -->","yoast_head_json":{"title":"Geekvape Wenax K1 Kit 2ml Patronen h\u00fclse 0,8 Ohm 1,0 Ohm mit 600mAh Batterie 16W Vape Pen E Zigaretten schale System Vapor izer | ElementVape.de","description":"Wir bieten Geekvape Wenax K1 Kit 2ml Patronen h\u00fclse 0,8 Ohm 1,0 Ohm mit 600mAh Batterie 16W Vape Pen E Zigaretten schale System Vapor izer , Elementvape.de akzeptieren Gro\u00df-und Einzelhandel Bestellungen.","robots":{"index":"index","follow":"follow","max-snippet":"max-snippet:-1","max-image-preview":"max-image-preview:large","max-video-preview":"max-video-preview:-1"},"canonical":"https:\/\/www.elementvape.de\/da\/produkt\/600mah-batterie-16w-vape-pen-e-zigaretten-schale-system-vapor-izer\/","og_locale":"da_DK","og_type":"article","og_title":"Geekvape Wenax K1 Kit 2ml Patronen h\u00fclse 0,8 Ohm 1,0 Ohm mit 600mAh Batterie 16W Vape Pen E Zigaretten schale System Vapor izer | ElementVape.de","og_description":"Wir bieten Geekvape Wenax K1 Kit 2ml Patronen h\u00fclse 0,8 Ohm 1,0 Ohm mit 600mAh Batterie 16W Vape Pen E Zigaretten schale System Vapor izer , Elementvape.de akzeptieren Gro\u00df-und Einzelhandel Bestellungen.","og_url":"https:\/\/www.elementvape.de\/da\/produkt\/600mah-batterie-16w-vape-pen-e-zigaretten-schale-system-vapor-izer\/","og_site_name":"ElementVape.de","article_modified_time":"2024-12-12T06:37:40+00:00","og_image":[{"width":800,"height":800,"url":"https:\/\/ae01.alicdn.com\/kf\/H1106475399e247a2b1e22ebcc1ed121a3\/Original-Geekvape-Wenax-K1-Kit-2ml-Patronen-h-lse-0-8-Ohm-1-0-Ohm-mit.jpg","type":"image\/jpeg"}],"twitter_card":"summary_large_image","twitter_misc":{"Est. reading time":"3 minutter"},"schema":{"@context":"https:\/\/schema.org","@graph":[{"@type":"WebPage","@id":"https:\/\/www.elementvape.de\/produkt\/600mah-batterie-16w-vape-pen-e-zigaretten-schale-system-vapor-izer\/","url":"https:\/\/www.elementvape.de\/produkt\/600mah-batterie-16w-vape-pen-e-zigaretten-schale-system-vapor-izer\/","name":"Geekvape Wenax K1 Kit 2ml Patronen h\u00fclse 0,8 Ohm 1,0 Ohm mit 600mAh Batterie 16W Vape Pen E Zigaretten schale System Vapor izer | ElementVape.de","isPartOf":{"@id":"https:\/\/www.elementvape.de\/#website"},"primaryImageOfPage":{"@id":"https:\/\/www.elementvape.de\/produkt\/600mah-batterie-16w-vape-pen-e-zigaretten-schale-system-vapor-izer\/#primaryimage"},"image":{"@id":"https:\/\/www.elementvape.de\/produkt\/600mah-batterie-16w-vape-pen-e-zigaretten-schale-system-vapor-izer\/#primaryimage"},"thumbnailUrl":"https:\/\/ae01.alicdn.com\/kf\/H1106475399e247a2b1e22ebcc1ed121a3\/Original-Geekvape-Wenax-K1-Kit-2ml-Patronen-h-lse-0-8-Ohm-1-0-Ohm-mit.jpg","datePublished":"2024-04-20T03:29:36+00:00","dateModified":"2024-12-12T06:37:40+00:00","description":"Wir bieten Geekvape Wenax K1 Kit 2ml Patronen h\u00fclse 0,8 Ohm 1,0 Ohm mit 600mAh Batterie 16W Vape Pen E Zigaretten schale System Vapor izer , Elementvape.de akzeptieren Gro\u00df-und Einzelhandel Bestellungen.","breadcrumb":{"@id":"https:\/\/www.elementvape.de\/produkt\/600mah-batterie-16w-vape-pen-e-zigaretten-schale-system-vapor-izer\/#breadcrumb"},"inLanguage":"da-DK","potentialAction":[{"@type":"ReadAction","target":["https:\/\/www.elementvape.de\/produkt\/600mah-batterie-16w-vape-pen-e-zigaretten-schale-system-vapor-izer\/"]}]},{"@type":"ImageObject","inLanguage":"da-DK","@id":"https:\/\/www.elementvape.de\/produkt\/600mah-batterie-16w-vape-pen-e-zigaretten-schale-system-vapor-izer\/#primaryimage","url":"https:\/\/ae01.alicdn.com\/kf\/H1106475399e247a2b1e22ebcc1ed121a3\/Original-Geekvape-Wenax-K1-Kit-2ml-Patronen-h-lse-0-8-Ohm-1-0-Ohm-mit.jpg","contentUrl":"https:\/\/ae01.alicdn.com\/kf\/H1106475399e247a2b1e22ebcc1ed121a3\/Original-Geekvape-Wenax-K1-Kit-2ml-Patronen-h-lse-0-8-Ohm-1-0-Ohm-mit.jpg","width":800,"height":800},{"@type":"BreadcrumbList","@id":"https:\/\/www.elementvape.de\/produkt\/600mah-batterie-16w-vape-pen-e-zigaretten-schale-system-vapor-izer\/#breadcrumb","itemListElement":[{"@type":"ListItem","position":1,"name":"Home","item":"https:\/\/www.elementvape.de\/"},{"@type":"ListItem","position":2,"name":"Shop","item":"https:\/\/www.elementvape.de\/shop\/"},{"@type":"ListItem","position":3,"name":"Geekvape Wenax K1 Kit 2ml Patronen h\u00fclse 0,8 Ohm 1,0 Ohm mit 600mAh Batterie 16W Vape Pen E Zigaretten schale System Vapor izer"}]},{"@type":"WebSite","@id":"https:\/\/www.elementvape.de\/#website","url":"https:\/\/www.elementvape.de\/","name":"ElementVape.de","description":"","publisher":{"@id":"https:\/\/www.elementvape.de\/#organization"},"potentialAction":[{"@type":"SearchAction","target":{"@type":"EntryPoint","urlTemplate":"https:\/\/www.elementvape.de\/?s={search_term_string}"},"query-input":"required name=search_term_string"}],"inLanguage":"da-DK"},{"@type":"Organization","@id":"https:\/\/www.elementvape.de\/#organization","name":"ElementVape.DE","url":"https:\/\/www.elementvape.de\/","logo":{"@type":"ImageObject","inLanguage":"da-DK","@id":"https:\/\/www.elementvape.de\/#\/schema\/logo\/image\/","url":"https:\/\/www.elementvape.de\/wp-content\/uploads\/2024\/09\/cropped-1elementvape-3.png","contentUrl":"https:\/\/www.elementvape.de\/wp-content\/uploads\/2024\/09\/cropped-1elementvape-3.png","width":285,"height":228,"caption":"ElementVape.DE"},"image":{"@id":"https:\/\/www.elementvape.de\/#\/schema\/logo\/image\/"}}]}},"_links":{"self":[{"href":"https:\/\/www.elementvape.de\/da\/wp-json\/wp\/v2\/product\/6765"}],"collection":[{"href":"https:\/\/www.elementvape.de\/da\/wp-json\/wp\/v2\/product"}],"about":[{"href":"https:\/\/www.elementvape.de\/da\/wp-json\/wp\/v2\/types\/product"}],"wp:featuredmedia":[{"embeddable":true,"href":"https:\/\/www.elementvape.de\/da\/wp-json\/wp\/v2\/media\/6766"}],"wp:attachment":[{"href":"https:\/\/www.elementvape.de\/da\/wp-json\/wp\/v2\/media?parent=6765"}],"wp:term":[{"taxonomy":"product_cat","embeddable":true,"href":"https:\/\/www.elementvape.de\/da\/wp-json\/wp\/v2\/product_cat?post=6765"},{"taxonomy":"product_tag","embeddable":true,"href":"https:\/\/www.elementvape.de\/da\/wp-json\/wp\/v2\/product_tag?post=6765"}],"curies":[{"name":"wp","href":"https:\/\/api.w.org\/{rel}","templated":true}]}}