{"id":15692,"date":"2025-02-14T08:18:05","date_gmt":"2025-02-14T08:18:05","guid":{"rendered":"https:\/\/www.elementvape.de\/?post_type=product&#038;p=15692"},"modified":"2025-07-29T01:01:47","modified_gmt":"2025-07-29T01:01:47","slug":"bang-king-digital-15000-puffs-geniessen-sie-das-ultimative-nebelungserlebnis","status":"publish","type":"product","link":"https:\/\/www.elementvape.de\/da\/produkt\/bang-king-digital-15000-puffs-geniessen-sie-das-ultimative-nebelungserlebnis\/","title":{"rendered":"BANG KING Digital 15000 PUFFS Nyd det ultimative t\u00e5geoplevelse"},"content":{"rendered":"<div data-zone-id=\"0\" data-line-index=\"0\" data-line=\"true\">\n<h2>BANG KING Digital 15000 PUFFS Komfort, Smag og Sundhed i \u00e9t apparat<\/h2>\n<p class=\"heading-h1\"><span style=\"font-size: 16px;\">F\u00f8r du begiver dig ud p\u00e5 denne vidunderlige t\u00e5geoplevelse, vil vi f\u00f8rst pr\u00e6sentere dig for vores effektive og im\u00f8dekommende logistikservice i detaljer. Vi leverer direkte fra Bremen i Tyskland, hvilket betyder, at vi bedre forst\u00e5r de lokale behov i Tyskland. Kasser fulde af forventningsfulde BANG KING Digital 15000 PUFFS sendes via den verdensber\u00f8mte DHL til lande i Den Europ\u00e6iske Union. I \u00f8jeblikket er nikotinkoncentrationen i de leverede produkter 2%, hvilket pr\u00e6cist matcher dit \u00f8nske om en moderat nikotinerfaring. Dog kan vi p\u00e5 grund af den s\u00e6rlige geografi og logistikforholdene i \u00f8ysteder i \u00f8jeblikket ikke levere til disse steder. Vi beder om din forst\u00e5else.<\/span><\/p>\n<\/div>\n<div data-zone-id=\"0\" data-line-index=\"2\" data-line=\"true\">\n<h3 class=\"heading-h2\">I. Enest\u00e5ende smagsoplevelse<\/h3>\n<\/div>\n<div data-zone-id=\"0\" data-line-index=\"3\" data-line=\"true\">Vi ved, at tyske m\u00e6nd har en unik smag og v\u00e6rds\u00e6tter klassiskhed og krydderi, samtidig med at de gerne pr\u00f8ver nye aromaer. Derfor har BANG KING Digital 15000 PUFFS udvalgt en r\u00e6kke fristende aromaer for at im\u00f8dekomme dine forskellige smags\u00f8nsker.<\/div>\n<ul>\n<li class=\"temp-li bullet1\" data-line=\"true\" data-list=\"bullet1\"><b>Jordb\u00e6r-Kiwi<\/b>: Tag et sug, og f\u00f8rst udfolder den friske jordb\u00e6rs\u00f8dme sig p\u00e5 din tunge. Den intense frugtduft f\u00f8rer dig n\u00e6sten til en tysk g\u00e5rd med jordb\u00e6r, og hver sug er fuld af naturlig s\u00f8dme. Derefter f\u00f8lger den friske syrlighed fra kiwien, som giver hele smagskombinationen en livlig friskhed. Det er som at nyde en frisk frugtssalat p\u00e5 en varm sommerdag, med en rig blanding af s\u00f8dme og syre. I kombination med 2% nikotinkoncentrationen giver det en passende tilfredsstillelse.<\/li>\n<\/ul>\n<ul>\n<li class=\"temp-li bullet1\" data-line=\"true\" data-list=\"bullet1\"><b>Sukkerknald<\/b>: Denne aroma kan straks v\u00e6kke dine barnlige s\u00f8de minder. N\u00e5r du tager et sug, m\u00f8des du af den lette og bl\u00f8de duft af sukkerspind. Den fine s\u00f8dme er ikke overv\u00e6ldende, men fylder dig med varme og s\u00f8dme. Det er som at st\u00e5 p\u00e5 et farverigt tysk marked og holde en stor, skummende sukkerspind i h\u00e5nden. Hver sug er fuld af lykkef\u00f8lelser. I kombination med 2% nikotinkoncentrationen g\u00f8r inhalationen b\u00e5de s\u00f8d og behagelig.<\/li>\n<\/ul>\n<ul>\n<li class=\"temp-li bullet1\" data-line=\"true\" data-list=\"bullet1\"><b>Fersken-mango<\/b>: Den saftige s\u00f8dme fra ferskner og den intense krydderi fra mangoer smelter perfekt sammen. F\u00f8rst m\u00e6rker du den delikate saftighed fra ferskner, som n\u00e5r du bider i en moden fersken, og saften l\u00f8ber over dine l\u00e6ber. Derefter udvikler den intense frugtduft af mangoer sig og bringer rige smagslag. Det er som at nyde en tropisk frugtfest. Samlet set, med 2% nikotinkoncentration, er hver sug fristende.<\/li>\n<\/ul>\n<ul>\n<li class=\"temp-li bullet1\" data-line=\"true\" data-list=\"bullet1\"><b>Rosa Limonade<\/b>: Den har en frisk duft af citron, med en syre, der ledsages af en let s\u00f8dme, som en iskold rosa limonade p\u00e5 en tysk sommervej. N\u00e5r du inhalerer, irriterer den friske syre fra citroner dine smagsl\u00f8g og giver en forfriskende f\u00f8lelse. Derefter dukker en let s\u00f8dme gradvist op og balancerer syren, hvilket g\u00f8r smagen rigere. I kombination med 2% nikotinkoncentration er inhalationen forfriskende og tilfredsstillende.<\/li>\n<\/ul>\n<ul>\n<li class=\"temp-li bullet1\" data-line=\"true\" data-list=\"bullet1\"><b>Triple-B\u00e6r Is<\/b>: Den kombinerer aromaerne af forskellige b\u00e6r. S\u00f8dmen fra jordb\u00e6r, syren fra bl\u00e5b\u00e6r og friskheden fra hindb\u00e6r flettes sammen og giver en intens b\u00e6rsmag. Samtidig gennemtr\u00e6nger den forfriskende f\u00f8lelse af mynte hele smagen som en let brise, s\u00e5 hver sug er fuld af iskold fornemmelse. Det er som at nyde frosne b\u00e6r p\u00e5 en kold vinterdag, sp\u00e6ndende og tiltalende. Den 2% nikotinkoncentration giver denne iskolde oplevelse en s\u00e6rlig charme.<\/li>\n<\/ul>\n<div data-zone-id=\"0\" data-line-index=\"9\" data-line=\"true\">\n<h3 class=\"heading-h2\">II. Fremragende tekniske specifikationer<\/h3>\n<\/div>\n<ul>\n<li class=\"temp-li bullet1\" data-line=\"true\" data-list=\"bullet1\"><b>Tr\u00e6kantal<\/b>: Med op til 15.000 sug betyder det, at du ikke beh\u00f8ver at skifte enhed ofte og kan fordybe dig i t\u00e5geoplevelsen i lang tid. Uanset om det er de hektiske arbejdspauser eller de afslappede weekender, n\u00e5r du nyder traditionel tysk p\u00f8lse og \u00f8l, kan den altid st\u00e5 til r\u00e5dighed og opfylde dine behov. Hvert sug ledsages af den behagelige fornemmelse af 2% nikotinkoncentrationen.<\/li>\n<\/ul>\n<ul>\n<li class=\"temp-li bullet1\" data-line=\"true\" data-list=\"bullet1\"><b>E-liquid kapacitet<\/b>: Den er udstyret med en stor kapacitet p\u00e5 25 ml e-v\u00e6ske. Dette er ikke almindelig e-v\u00e6ske, men er n\u00f8je udvalgt og omhyggeligt blandet. Hvert dr\u00e5be indeholder rige aromaer for at sikre, at du fra den f\u00f8rste til den sidste sug f\u00e5r en intens og fyldig smagsoplevelse, og at smagen ikke aftager med brugen. Og med en nikotinkoncentration p\u00e5 2% opn\u00e5r smags- og nikotinbalancen den optimale tilstand.<\/li>\n<\/ul>\n<ul>\n<li class=\"temp-li bullet1\" data-line=\"true\" data-list=\"bullet1\"><b>Batterikapacitet<\/b>: Den bruger et h\u00f8jkvalitetsbatteri p\u00e5 650 mAh, som som en p\u00e5lidelig energivogter leverer stabil og tilstr\u00e6kkelig ydeevne gennem hele brugstiden. Selv hvis du er en bruger med h\u00f8j t\u00e5gefrekvens, beh\u00f8ver du ikke at oplade ofte. N\u00e5r den er fuldt opladet, kan du bruge den hele dagen eller endda l\u00e6ngere. Nyd den afslapning, som 2% nikotinkoncentrationen tilbyder.<\/li>\n<\/ul>\n<div data-zone-id=\"0\" data-line-index=\"13\" data-line=\"true\">\n<h3 class=\"heading-h2\">III. Stilfuldt design og brugervenlighed<\/h3>\n<\/div>\n<ul>\n<li class=\"temp-li bullet1\" data-line=\"true\" data-list=\"bullet1\"><b>Kompakt st\u00f8rrelse<\/b>: Produktets designteam har taget h\u00f8jde for de daglige situationer for tyske m\u00e6nd og har gjort det kompakt og let. Det er p\u00e5 st\u00f8rrelse med et lille v\u00e6rkt\u00f8j. Uanset om det er i arbejdst\u00f8jstasken eller i det medf\u00f8lgende udstyr, tager det ikke meget plads og g\u00f8r det muligt for dig at bruge det n\u00e5r som helst og hvor som helst. Nyd produktet med 2% nikotinkoncentration nemt og bekvemt.<\/li>\n<\/ul>\n<ul>\n<li class=\"temp-li bullet1\" data-line=\"true\" data-list=\"bullet1\"><b>Nem betjening<\/b>: For praktiske tyske m\u00e6nd, der ikke kan lide komplicerede indstillinger, er BANG KING Digital 15000 PUFFS en sand velsignelse. Det kr\u00e6ver ingen komplicerede indstillinger. N\u00e5r du tager det ud af emballagen, kan du bruge det med det samme. Du skal blot inhalere let for straks at fordybe dig i den fantastiske t\u00e5geoplevelse og nyde et \u00f8jeblik af afslapning og gl\u00e6de. F\u00f8l komforten, som den 2%ige nikotinkoncentration tilbyder.<\/li>\n<\/ul>\n<div data-zone-id=\"0\" data-line-index=\"16\" data-line=\"true\">\n<h3 class=\"heading-h2\">IV. Sundhedsm\u00e6ssige aspekter<\/h3>\n<\/div>\n<div data-zone-id=\"0\" data-line-index=\"17\" data-line=\"true\">I en tid, hvor sundhedsbevidstheden konstant vokser, prioriterer BANG KING Digital 15000 PUFFS altid brugernes helbred og betragtes ofte som et mindre skadeligt alternativ til traditionel rygning:<\/div>\n<ul>\n<li class=\"temp-li bullet1\" data-line=\"true\" data-list=\"bullet1\"><b>Streng kvalitetskontrol<\/b>: Hvert produkt skal gennemg\u00e5 en r\u00e6kke strenge kvalitetskontroller f\u00f8r levering, fra udv\u00e6lgelse af r\u00e5materialer over overv\u00e5gning af produktionsprocessen til test af slutproduktet. I hvert trin kontrolleres der strengt for at sikre, at hvert produkt, der leveres til dig, er rent og sikkert. Dette g\u00e6lder ogs\u00e5 for produkter med 2%ige nikotinkoncentration. Dette svarer til den tyske produktionsmentalitet om kvalitetsbeskyttelse.<\/li>\n<\/ul>\n<ul>\n<li class=\"temp-li bullet1\" data-line=\"true\" data-list=\"bullet1\"><b>Mindre skadelige stoffer<\/b>: I mods\u00e6tning til traditionelle cigaretter indeholder BANG KING Digital 15000 PUFFS ikke tobak, hvilket betyder, at det ikke producerer tj\u00e6reholdige stoffer, kulilte og andre sundhedsskadelige stoffer. Sammenlignet med traditionel rygning er de potentielle sundhedsrisici v\u00e6sentligt reduceret. Is\u00e6r den 2%ige nikotinkoncentration reducerer farerne yderligere, mens eftersp\u00f8rgslen opfyldes.<\/li>\n<\/ul>\n<div data-zone-id=\"0\" data-line-index=\"20\" data-line=\"true\">BANG KING Digital 15000 PUFFS er det perfekte valg for brugere, der s\u00f8ger en unik t\u00e5geoplevelse med en moderat nikotinkoncentration. Uanset om du er nybegynder eller erfaren t\u00e5gebruger, kan det give dig imponerende ydeevne med sit kompakte og brugervenlige design. V\u00e6lg BANG KING Digital 15000 PUFFS, og du v\u00e6lger en ny, sund og behagelig t\u00e5geoplevelse. Nyd friskheden og tilfredsheden i hvert \u00f8jeblik, og m\u00e6rk den unikke tiltr\u00e6kning af den 2%ige nikotinkoncentration.<\/div>","protected":false},"excerpt":{"rendered":"<p>BANG KING Digital 15000 PUFFS Komfort, Geschmack und Gesundheit in einem Ger\u00e4t Bevor Sie sich auf diese wunderbare Nebelungserfahrung begeben, m\u00f6chten wir Ihnen zun\u00e4chst unseren effizienten und zuvorkommenden Logistikdienst detailliert vorstellen. Wir liefern direkt aus Bremen in Deutschland, was bedeutet, dass wir die lokalen Bed\u00fcrfnisse in Deutschland besser verstehen. Kisten voller erwartungsvoller BANG KING Digital [&hellip;]<\/p>","protected":false},"featured_media":15693,"template":"","meta":{"inline_featured_image":false},"product_cat":[762,78,756,739,743],"product_tag":[710,709,725],"tiered_pricing_type":"fixed","tiered_pricing_fixed_rules":{"60":"6.85","110":"5.66","200":"4.98"},"tiered_pricing_percentage_rules":[],"tiered_pricing_minimum":1,"_administrator_tiered_pricing_type":"fixed","_administrator_tiered_pricing_fixed_rules":[],"_editor_tiered_pricing_type":"fixed","_editor_tiered_pricing_fixed_rules":[],"_author_tiered_pricing_type":"fixed","_author_tiered_pricing_fixed_rules":[],"_contributor_tiered_pricing_type":"fixed","_contributor_tiered_pricing_fixed_rules":[],"_subscriber_tiered_pricing_type":"fixed","_subscriber_tiered_pricing_fixed_rules":[],"_customer_tiered_pricing_type":"fixed","_customer_tiered_pricing_fixed_rules":[],"_shop_manager_tiered_pricing_type":"fixed","_shop_manager_tiered_pricing_fixed_rules":[],"_wpseo_manager_tiered_pricing_type":"fixed","_wpseo_manager_tiered_pricing_fixed_rules":[],"_wpseo_editor_tiered_pricing_type":"fixed","_wpseo_editor_tiered_pricing_fixed_rules":[],"_wholesale_customer_tiered_pricing_type":"fixed","_wholesale_customer_tiered_pricing_fixed_rules":[],"_marketer_tiered_pricing_type":"fixed","_marketer_tiered_pricing_fixed_rules":[],"_sales_manager_tiered_pricing_type":"fixed","_sales_manager_tiered_pricing_fixed_rules":[],"_sales_rep_tiered_pricing_type":"fixed","_sales_rep_tiered_pricing_fixed_rules":[],"yoast_head":"<!-- This site is optimized with the Yoast SEO plugin v23.3 - https:\/\/yoast.com\/wordpress\/plugins\/seo\/ -->\n<title>BANG KING Digital 15000 PUFFS Genie\u00dfen Sie das ultimative Nebelungserlebnis | ElementVape.de<\/title>\n<meta name=\"description\" content=\"Wir bieten BANG KING Digital 15000 PUFFS Genie\u00dfen Sie das ultimative Nebelungserlebnis Elementvape.de akzeptieren Gro\u00df-und Einzelhandel Bestellungen.\" \/>\n<meta name=\"robots\" content=\"index, follow, max-snippet:-1, max-image-preview:large, max-video-preview:-1\" \/>\n<link rel=\"canonical\" href=\"https:\/\/www.elementvape.de\/da\/produkt\/bang-king-digital-15000-puffs-geniessen-sie-das-ultimative-nebelungserlebnis\/\" \/>\n<meta property=\"og:locale\" content=\"da_DK\" \/>\n<meta property=\"og:type\" content=\"article\" \/>\n<meta property=\"og:title\" content=\"BANG KING Digital 15000 PUFFS Genie\u00dfen Sie das ultimative Nebelungserlebnis | ElementVape.de\" \/>\n<meta property=\"og:description\" content=\"Wir bieten BANG KING Digital 15000 PUFFS Genie\u00dfen Sie das ultimative Nebelungserlebnis Elementvape.de akzeptieren Gro\u00df-und Einzelhandel Bestellungen.\" \/>\n<meta property=\"og:url\" content=\"https:\/\/www.elementvape.de\/da\/produkt\/bang-king-digital-15000-puffs-geniessen-sie-das-ultimative-nebelungserlebnis\/\" \/>\n<meta property=\"og:site_name\" content=\"ElementVape.de\" \/>\n<meta property=\"article:modified_time\" content=\"2025-07-29T01:01:47+00:00\" \/>\n<meta property=\"og:image\" content=\"https:\/\/www.elementvape.de\/wp-content\/uploads\/2025\/02\/Double-Apple.jpg\" \/>\n\t<meta property=\"og:image:width\" content=\"1440\" \/>\n\t<meta property=\"og:image:height\" content=\"980\" \/>\n\t<meta property=\"og:image:type\" content=\"image\/jpeg\" \/>\n<meta name=\"twitter:card\" content=\"summary_large_image\" \/>\n<meta name=\"twitter:label1\" content=\"Est. reading time\" \/>\n\t<meta name=\"twitter:data1\" content=\"7 minutter\" \/>\n<script type=\"application\/ld+json\" class=\"yoast-schema-graph\">{\"@context\":\"https:\/\/schema.org\",\"@graph\":[{\"@type\":\"WebPage\",\"@id\":\"https:\/\/www.elementvape.de\/produkt\/bang-king-digital-15000-puffs-geniessen-sie-das-ultimative-nebelungserlebnis\/\",\"url\":\"https:\/\/www.elementvape.de\/produkt\/bang-king-digital-15000-puffs-geniessen-sie-das-ultimative-nebelungserlebnis\/\",\"name\":\"BANG KING Digital 15000 PUFFS Genie\u00dfen Sie das ultimative Nebelungserlebnis | ElementVape.de\",\"isPartOf\":{\"@id\":\"https:\/\/www.elementvape.de\/#website\"},\"primaryImageOfPage\":{\"@id\":\"https:\/\/www.elementvape.de\/produkt\/bang-king-digital-15000-puffs-geniessen-sie-das-ultimative-nebelungserlebnis\/#primaryimage\"},\"image\":{\"@id\":\"https:\/\/www.elementvape.de\/produkt\/bang-king-digital-15000-puffs-geniessen-sie-das-ultimative-nebelungserlebnis\/#primaryimage\"},\"thumbnailUrl\":\"https:\/\/www.elementvape.de\/wp-content\/uploads\/2025\/02\/Double-Apple.jpg\",\"datePublished\":\"2025-02-14T08:18:05+00:00\",\"dateModified\":\"2025-07-29T01:01:47+00:00\",\"description\":\"Wir bieten BANG KING Digital 15000 PUFFS Genie\u00dfen Sie das ultimative Nebelungserlebnis Elementvape.de akzeptieren Gro\u00df-und Einzelhandel Bestellungen.\",\"breadcrumb\":{\"@id\":\"https:\/\/www.elementvape.de\/produkt\/bang-king-digital-15000-puffs-geniessen-sie-das-ultimative-nebelungserlebnis\/#breadcrumb\"},\"inLanguage\":\"da-DK\",\"potentialAction\":[{\"@type\":\"ReadAction\",\"target\":[\"https:\/\/www.elementvape.de\/produkt\/bang-king-digital-15000-puffs-geniessen-sie-das-ultimative-nebelungserlebnis\/\"]}]},{\"@type\":\"ImageObject\",\"inLanguage\":\"da-DK\",\"@id\":\"https:\/\/www.elementvape.de\/produkt\/bang-king-digital-15000-puffs-geniessen-sie-das-ultimative-nebelungserlebnis\/#primaryimage\",\"url\":\"https:\/\/www.elementvape.de\/wp-content\/uploads\/2025\/02\/Double-Apple.jpg\",\"contentUrl\":\"https:\/\/www.elementvape.de\/wp-content\/uploads\/2025\/02\/Double-Apple.jpg\",\"width\":1440,\"height\":980},{\"@type\":\"BreadcrumbList\",\"@id\":\"https:\/\/www.elementvape.de\/produkt\/bang-king-digital-15000-puffs-geniessen-sie-das-ultimative-nebelungserlebnis\/#breadcrumb\",\"itemListElement\":[{\"@type\":\"ListItem\",\"position\":1,\"name\":\"Home\",\"item\":\"https:\/\/www.elementvape.de\/\"},{\"@type\":\"ListItem\",\"position\":2,\"name\":\"Shop\",\"item\":\"https:\/\/www.elementvape.de\/shop\/\"},{\"@type\":\"ListItem\",\"position\":3,\"name\":\"BANG KING Digital 15000 PUFFS Genie\u00dfen Sie das ultimative Nebelungserlebnis\"}]},{\"@type\":\"WebSite\",\"@id\":\"https:\/\/www.elementvape.de\/#website\",\"url\":\"https:\/\/www.elementvape.de\/\",\"name\":\"ElementVape.de\",\"description\":\"\",\"publisher\":{\"@id\":\"https:\/\/www.elementvape.de\/#organization\"},\"potentialAction\":[{\"@type\":\"SearchAction\",\"target\":{\"@type\":\"EntryPoint\",\"urlTemplate\":\"https:\/\/www.elementvape.de\/?s={search_term_string}\"},\"query-input\":\"required name=search_term_string\"}],\"inLanguage\":\"da-DK\"},{\"@type\":\"Organization\",\"@id\":\"https:\/\/www.elementvape.de\/#organization\",\"name\":\"ElementVape.DE\",\"url\":\"https:\/\/www.elementvape.de\/\",\"logo\":{\"@type\":\"ImageObject\",\"inLanguage\":\"da-DK\",\"@id\":\"https:\/\/www.elementvape.de\/#\/schema\/logo\/image\/\",\"url\":\"https:\/\/www.elementvape.de\/wp-content\/uploads\/2024\/09\/cropped-1elementvape-3.png\",\"contentUrl\":\"https:\/\/www.elementvape.de\/wp-content\/uploads\/2024\/09\/cropped-1elementvape-3.png\",\"width\":285,\"height\":228,\"caption\":\"ElementVape.DE\"},\"image\":{\"@id\":\"https:\/\/www.elementvape.de\/#\/schema\/logo\/image\/\"}}]}<\/script>\n<!-- \/ Yoast SEO plugin. -->","yoast_head_json":{"title":"BANG KING Digital 15000 PUFFS Genie\u00dfen Sie das ultimative Nebelungserlebnis | ElementVape.de","description":"Wir bieten BANG KING Digital 15000 PUFFS Genie\u00dfen Sie das ultimative Nebelungserlebnis Elementvape.de akzeptieren Gro\u00df-und Einzelhandel Bestellungen.","robots":{"index":"index","follow":"follow","max-snippet":"max-snippet:-1","max-image-preview":"max-image-preview:large","max-video-preview":"max-video-preview:-1"},"canonical":"https:\/\/www.elementvape.de\/da\/produkt\/bang-king-digital-15000-puffs-geniessen-sie-das-ultimative-nebelungserlebnis\/","og_locale":"da_DK","og_type":"article","og_title":"BANG KING Digital 15000 PUFFS Genie\u00dfen Sie das ultimative Nebelungserlebnis | ElementVape.de","og_description":"Wir bieten BANG KING Digital 15000 PUFFS Genie\u00dfen Sie das ultimative Nebelungserlebnis Elementvape.de akzeptieren Gro\u00df-und Einzelhandel Bestellungen.","og_url":"https:\/\/www.elementvape.de\/da\/produkt\/bang-king-digital-15000-puffs-geniessen-sie-das-ultimative-nebelungserlebnis\/","og_site_name":"ElementVape.de","article_modified_time":"2025-07-29T01:01:47+00:00","og_image":[{"width":1440,"height":980,"url":"https:\/\/www.elementvape.de\/wp-content\/uploads\/2025\/02\/Double-Apple.jpg","type":"image\/jpeg"}],"twitter_card":"summary_large_image","twitter_misc":{"Est. reading time":"7 minutter"},"schema":{"@context":"https:\/\/schema.org","@graph":[{"@type":"WebPage","@id":"https:\/\/www.elementvape.de\/produkt\/bang-king-digital-15000-puffs-geniessen-sie-das-ultimative-nebelungserlebnis\/","url":"https:\/\/www.elementvape.de\/produkt\/bang-king-digital-15000-puffs-geniessen-sie-das-ultimative-nebelungserlebnis\/","name":"BANG KING Digital 15000 PUFFS Genie\u00dfen Sie das ultimative Nebelungserlebnis | ElementVape.de","isPartOf":{"@id":"https:\/\/www.elementvape.de\/#website"},"primaryImageOfPage":{"@id":"https:\/\/www.elementvape.de\/produkt\/bang-king-digital-15000-puffs-geniessen-sie-das-ultimative-nebelungserlebnis\/#primaryimage"},"image":{"@id":"https:\/\/www.elementvape.de\/produkt\/bang-king-digital-15000-puffs-geniessen-sie-das-ultimative-nebelungserlebnis\/#primaryimage"},"thumbnailUrl":"https:\/\/www.elementvape.de\/wp-content\/uploads\/2025\/02\/Double-Apple.jpg","datePublished":"2025-02-14T08:18:05+00:00","dateModified":"2025-07-29T01:01:47+00:00","description":"Wir bieten BANG KING Digital 15000 PUFFS Genie\u00dfen Sie das ultimative Nebelungserlebnis Elementvape.de akzeptieren Gro\u00df-und Einzelhandel Bestellungen.","breadcrumb":{"@id":"https:\/\/www.elementvape.de\/produkt\/bang-king-digital-15000-puffs-geniessen-sie-das-ultimative-nebelungserlebnis\/#breadcrumb"},"inLanguage":"da-DK","potentialAction":[{"@type":"ReadAction","target":["https:\/\/www.elementvape.de\/produkt\/bang-king-digital-15000-puffs-geniessen-sie-das-ultimative-nebelungserlebnis\/"]}]},{"@type":"ImageObject","inLanguage":"da-DK","@id":"https:\/\/www.elementvape.de\/produkt\/bang-king-digital-15000-puffs-geniessen-sie-das-ultimative-nebelungserlebnis\/#primaryimage","url":"https:\/\/www.elementvape.de\/wp-content\/uploads\/2025\/02\/Double-Apple.jpg","contentUrl":"https:\/\/www.elementvape.de\/wp-content\/uploads\/2025\/02\/Double-Apple.jpg","width":1440,"height":980},{"@type":"BreadcrumbList","@id":"https:\/\/www.elementvape.de\/produkt\/bang-king-digital-15000-puffs-geniessen-sie-das-ultimative-nebelungserlebnis\/#breadcrumb","itemListElement":[{"@type":"ListItem","position":1,"name":"Home","item":"https:\/\/www.elementvape.de\/"},{"@type":"ListItem","position":2,"name":"Shop","item":"https:\/\/www.elementvape.de\/shop\/"},{"@type":"ListItem","position":3,"name":"BANG KING Digital 15000 PUFFS Genie\u00dfen Sie das ultimative Nebelungserlebnis"}]},{"@type":"WebSite","@id":"https:\/\/www.elementvape.de\/#website","url":"https:\/\/www.elementvape.de\/","name":"ElementVape.de","description":"","publisher":{"@id":"https:\/\/www.elementvape.de\/#organization"},"potentialAction":[{"@type":"SearchAction","target":{"@type":"EntryPoint","urlTemplate":"https:\/\/www.elementvape.de\/?s={search_term_string}"},"query-input":"required name=search_term_string"}],"inLanguage":"da-DK"},{"@type":"Organization","@id":"https:\/\/www.elementvape.de\/#organization","name":"ElementVape.DE","url":"https:\/\/www.elementvape.de\/","logo":{"@type":"ImageObject","inLanguage":"da-DK","@id":"https:\/\/www.elementvape.de\/#\/schema\/logo\/image\/","url":"https:\/\/www.elementvape.de\/wp-content\/uploads\/2024\/09\/cropped-1elementvape-3.png","contentUrl":"https:\/\/www.elementvape.de\/wp-content\/uploads\/2024\/09\/cropped-1elementvape-3.png","width":285,"height":228,"caption":"ElementVape.DE"},"image":{"@id":"https:\/\/www.elementvape.de\/#\/schema\/logo\/image\/"}}]}},"_links":{"self":[{"href":"https:\/\/www.elementvape.de\/da\/wp-json\/wp\/v2\/product\/15692"}],"collection":[{"href":"https:\/\/www.elementvape.de\/da\/wp-json\/wp\/v2\/product"}],"about":[{"href":"https:\/\/www.elementvape.de\/da\/wp-json\/wp\/v2\/types\/product"}],"wp:featuredmedia":[{"embeddable":true,"href":"https:\/\/www.elementvape.de\/da\/wp-json\/wp\/v2\/media\/15693"}],"wp:attachment":[{"href":"https:\/\/www.elementvape.de\/da\/wp-json\/wp\/v2\/media?parent=15692"}],"wp:term":[{"taxonomy":"product_cat","embeddable":true,"href":"https:\/\/www.elementvape.de\/da\/wp-json\/wp\/v2\/product_cat?post=15692"},{"taxonomy":"product_tag","embeddable":true,"href":"https:\/\/www.elementvape.de\/da\/wp-json\/wp\/v2\/product_tag?post=15692"}],"curies":[{"name":"wp","href":"https:\/\/api.w.org\/{rel}","templated":true}]}}