{"id":14117,"date":"2024-09-03T03:16:36","date_gmt":"2024-09-03T03:16:36","guid":{"rendered":"https:\/\/www.elementvape.de\/?post_type=product&#038;p=14117"},"modified":"2024-10-15T03:05:06","modified_gmt":"2024-10-15T03:05:06","slug":"waspe-15000-puffs-green-apple-watermelon-ice-e-zigarette-zollfrei-und-zu-unwiderstehlich-frischen-grosshandelspreisen","status":"publish","type":"product","link":"https:\/\/www.elementvape.de\/da\/produkt\/waspe-15000-puffs-green-apple-watermelon-ice-e-zigarette-zollfrei-und-zu-unwiderstehlich-frischen-grosshandelspreisen\/","title":{"rendered":"WASPE 15000 PUFFS Green Apple Watermelon Ice E-cigaret \u2013 Toldfri og til uimodst\u00e5eligt friske engrospriser"},"content":{"rendered":"<div class=\"flex-shrink-0 flex flex-col relative items-end\">\n<div>\n<div class=\"pt-0\">\n<div class=\"gizmo-bot-avatar flex h-8 w-8 items-center justify-center overflow-hidden rounded-full\">\n<h2 class=\"relative p-1 rounded-sm flex items-center justify-center bg-token-main-surface-primary text-token-text-primary h-8 w-8\"><span style=\"font-size: 1.618em;\">WASPE 15000 PUFFS Green Apple Watermelon Ice E-cigaret \u2013 Toldfri og til uimodst\u00e5eligt friske engrospriser<\/span><\/h2>\n<\/div>\n<\/div>\n<\/div>\n<\/div>\n<div class=\"group\/conversation-turn relative flex w-full min-w-0 flex-col agent-turn\">\n<div class=\"flex-col gap-1 md:gap-3\">\n<div class=\"flex max-w-full flex-col flex-grow\">\n<div class=\"min-h-[20px] text-message flex w-full flex-col items-end gap-2 break-words [.text-message+&amp;]:mt-5 overflow-x-auto whitespace-normal\" dir=\"auto\" data-message-author-role=\"assistant\" data-message-id=\"19a29b9a-cc59-435c-b281-6fce8b80b10c\">\n<div class=\"flex w-full flex-col gap-1 empty:hidden first:pt-[3px]\">\n<div class=\"markdown prose w-full break-words dark:prose-invert light\">\n<p>WASPE 15000 PUFFS Green Apple Watermelon Ice E-cigaret tilbyder en forfriskende kombination af spr\u00f8dt gr\u00f8nt \u00e6ble og saftig vandmelon, afrundet med et k\u00f8ligt strejf af is. Denne e-cigaret lover en oplivende dampoplevelse, der is\u00e6r p\u00e5 varme dage giver en behagelig afk\u00f8ling. Nu toldfri og til uovertrufne engrospriser, er dette produkt et fremragende valg for forhandlere, der \u00f8nsker at tilbyde deres kunder en uforlignelig smagsoplevelse.<\/p>\n<p>WASPE 15000 PUFFS Green Apple Watermelon Ice E-cigaret forener den forfriskende syrlige smag af gr\u00f8nt \u00e6ble med den s\u00f8de, saftige note af vandmelon. Denne harmoniske blanding suppleres af en k\u00f8lig iskomponent, der perfekt afrunder dampoplevelsen. Kombinationen af friskhed og s\u00f8dme g\u00f8r denne e-cigaret til et perfekt valg for kunder, der leder efter en frugtagtig og samtidig forfriskende dampoplevelse.<\/p>\n<h4>Langvarig nydelse med 15.000 sug<\/h4>\n<p>Med en imponerende kapacitet p\u00e5 15.000 sug tilbyder WASPE 15000 PUFFS en us\u00e6dvanlig lang levetid, der is\u00e6r vil begejstre hyppige dampere. De gener\u00f8se 22 ml E-v\u00e6ske sikrer, at dine kunder kan <strong><a href=\"https:\/\/www.elementvape.de\/da\/\" target=\"_blank\" rel=\"noopener\">E-cigaret<\/a><\/strong> nyde den over en lang periode, uden at skulle bekymre sig om genopfyldning eller udskiftning. Denne h\u00f8je kapacitet g\u00f8r WASPE 15000 PUFFS til et praktisk og omkostningseffektivt valg til daglig brug.<\/p>\n<p>WASPE 15000 PUFFS Green Apple Watermelon Ice E-cigaret f\u00e5s i forskellige N-indhold: 2% og 5%. Dette udvalg giver brugerne mulighed for at v\u00e6lge deres foretrukne N-indhold, hvilket g\u00f8r dette produkt attraktivt for en bred m\u00e5lgruppe. Uanset om dine kunder foretr\u00e6kker en nikotinfri nydelse eller et st\u00e6rkere N-indhold \u2013 denne e-cigaret tilbyder den passende l\u00f8sning til ethvert behov.<\/p>\n<h4>Moderne teknologi for en optimal dampoplevelse<\/h4>\n<p>Udstyret med et genopladeligt 650mAh-batteri og en praktisk Type-C-ladeport, garanterer WASPE 15000 PUFFS en p\u00e5lidelig og langvarig ydeevne. Det integrerede display viser batteriniveauet og den resterende E-v\u00e6ske-m\u00e6ngde, hvilket g\u00f8r h\u00e5ndteringen af enheden s\u00e6rlig nem og komfortabel. Disse avancerede funktioner, kombineret med det kompakte og ergonomiske design, g\u00f8r WASPE 15000 PUFFS til et fremragende valg til farten.<\/p>\n<p>En afg\u00f8rende fordel for forhandlere er den toldfrie tilg\u00e6ngelighed af WASPE 15000 PUFFS Green Apple Watermelon Ice E-cigaret. Dette reducerer importomkostningerne betydeligt og giver dig mulighed for at tilbyde produktet til yderst konkurrencedygtige priser. De attraktive engrospriser maksimerer dine fortjenstmargener, mens dine kunder f\u00e5r et kvalitetsprodukt til en fair pris.<\/p>\n<p>WASPE 15000 PUFFS Green Apple Watermelon Ice E-cigaret er det perfekte valg for kunder, der leder efter en frugtagtig og forfriskende dampoplevelse. Gennem kombinationen af spr\u00f8dt gr\u00f8nt \u00e6ble, s\u00f8d vandmelon og en k\u00f8lende isnote tilbyder dette produkt en unik og oplivende smagsoplevelse. Den toldfrie tilg\u00e6ngelighed og de uimodst\u00e5eligt friske engrospriser g\u00f8r dette produkt til en uundv\u00e6rlig del af dit sortiment.<\/p>\n<\/div>\n<\/div>\n<\/div>\n<\/div>\n<\/div>\n<\/div>","protected":false},"excerpt":{"rendered":"<p>WASPE 15000 PUFFS Green Apple Watermelon Ice E-Zigarette &#8211; Zollfrei und zu unwiderstehlich frischen Gro\u00dfhandelspreisen Die WASPE 15000 PUFFS Green Apple Watermelon Ice E-Zigarette bietet eine erfrischende Kombination aus knackigem gr\u00fcnen Apfel und saftiger Wassermelone, abgerundet durch einen k\u00fchlen Hauch von Eis. Diese E-Zigarette verspricht ein belebendes Dampferlebnis, das besonders an hei\u00dfen Tagen f\u00fcr eine [&hellip;]<\/p>","protected":false},"featured_media":14118,"template":"","meta":{"inline_featured_image":false},"product_cat":[15,78,735,746,741,733,750,737,736,749,752,756,744,755,738,751,723],"product_tag":[710,674],"tiered_pricing_type":"fixed","tiered_pricing_fixed_rules":[],"tiered_pricing_percentage_rules":[],"tiered_pricing_minimum":1,"_administrator_tiered_pricing_type":"fixed","_administrator_tiered_pricing_fixed_rules":[],"_editor_tiered_pricing_type":"fixed","_editor_tiered_pricing_fixed_rules":[],"_author_tiered_pricing_type":"fixed","_author_tiered_pricing_fixed_rules":[],"_contributor_tiered_pricing_type":"fixed","_contributor_tiered_pricing_fixed_rules":[],"_subscriber_tiered_pricing_type":"fixed","_subscriber_tiered_pricing_fixed_rules":[],"_customer_tiered_pricing_type":"fixed","_customer_tiered_pricing_fixed_rules":[],"_shop_manager_tiered_pricing_type":"fixed","_shop_manager_tiered_pricing_fixed_rules":[],"_wpseo_manager_tiered_pricing_type":"fixed","_wpseo_manager_tiered_pricing_fixed_rules":[],"_wpseo_editor_tiered_pricing_type":"fixed","_wpseo_editor_tiered_pricing_fixed_rules":[],"_wholesale_customer_tiered_pricing_type":"fixed","_wholesale_customer_tiered_pricing_fixed_rules":[],"_marketer_tiered_pricing_type":"fixed","_marketer_tiered_pricing_fixed_rules":[],"_sales_manager_tiered_pricing_type":"fixed","_sales_manager_tiered_pricing_fixed_rules":[],"_sales_rep_tiered_pricing_type":"fixed","_sales_rep_tiered_pricing_fixed_rules":[],"yoast_head":"<!-- This site is optimized with the Yoast SEO plugin v23.3 - https:\/\/yoast.com\/wordpress\/plugins\/seo\/ -->\n<title>WASPE 15000 PUFFS Green Apple Watermelon Ice E-Zigarette - Zollfrei und zu unwiderstehlich frischen Gro\u00dfhandelspreisen | ElementVape.de<\/title>\n<meta name=\"description\" content=\"Wir bieten WASPE 15000 PUFFS Green Apple Watermelon Ice E-Zigarette - Zollfrei und zu unwiderstehlich frischen Gro\u00dfhandelspreisen , Elementvape.de akzeptieren Gro\u00df-und Einzelhandel Bestellungen.\" \/>\n<meta name=\"robots\" content=\"index, follow, max-snippet:-1, max-image-preview:large, max-video-preview:-1\" \/>\n<link rel=\"canonical\" href=\"https:\/\/www.elementvape.de\/da\/produkt\/waspe-15000-puffs-green-apple-watermelon-ice-e-zigarette-zollfrei-und-zu-unwiderstehlich-frischen-grosshandelspreisen\/\" \/>\n<meta property=\"og:locale\" content=\"da_DK\" \/>\n<meta property=\"og:type\" content=\"article\" \/>\n<meta property=\"og:title\" content=\"WASPE 15000 PUFFS Green Apple Watermelon Ice E-Zigarette - Zollfrei und zu unwiderstehlich frischen Gro\u00dfhandelspreisen | ElementVape.de\" \/>\n<meta property=\"og:description\" content=\"Wir bieten WASPE 15000 PUFFS Green Apple Watermelon Ice E-Zigarette - Zollfrei und zu unwiderstehlich frischen Gro\u00dfhandelspreisen , Elementvape.de akzeptieren Gro\u00df-und Einzelhandel Bestellungen.\" \/>\n<meta property=\"og:url\" content=\"https:\/\/www.elementvape.de\/da\/produkt\/waspe-15000-puffs-green-apple-watermelon-ice-e-zigarette-zollfrei-und-zu-unwiderstehlich-frischen-grosshandelspreisen\/\" \/>\n<meta property=\"og:site_name\" content=\"ElementVape.de\" \/>\n<meta property=\"article:modified_time\" content=\"2024-10-15T03:05:06+00:00\" \/>\n<meta property=\"og:image\" content=\"https:\/\/www.elementvape.de\/wp-content\/uploads\/2024\/09\/green-apple-watermelon-ice-1.jpg\" \/>\n\t<meta property=\"og:image:width\" content=\"2000\" \/>\n\t<meta property=\"og:image:height\" content=\"2000\" \/>\n\t<meta property=\"og:image:type\" content=\"image\/jpeg\" \/>\n<meta name=\"twitter:card\" content=\"summary_large_image\" \/>\n<meta name=\"twitter:label1\" content=\"Est. reading time\" \/>\n\t<meta name=\"twitter:data1\" content=\"3 minutter\" \/>\n<script type=\"application\/ld+json\" class=\"yoast-schema-graph\">{\"@context\":\"https:\/\/schema.org\",\"@graph\":[{\"@type\":\"WebPage\",\"@id\":\"https:\/\/www.elementvape.de\/produkt\/waspe-15000-puffs-green-apple-watermelon-ice-e-zigarette-zollfrei-und-zu-unwiderstehlich-frischen-grosshandelspreisen\/\",\"url\":\"https:\/\/www.elementvape.de\/produkt\/waspe-15000-puffs-green-apple-watermelon-ice-e-zigarette-zollfrei-und-zu-unwiderstehlich-frischen-grosshandelspreisen\/\",\"name\":\"WASPE 15000 PUFFS Green Apple Watermelon Ice E-Zigarette - Zollfrei und zu unwiderstehlich frischen Gro\u00dfhandelspreisen | ElementVape.de\",\"isPartOf\":{\"@id\":\"https:\/\/www.elementvape.de\/#website\"},\"primaryImageOfPage\":{\"@id\":\"https:\/\/www.elementvape.de\/produkt\/waspe-15000-puffs-green-apple-watermelon-ice-e-zigarette-zollfrei-und-zu-unwiderstehlich-frischen-grosshandelspreisen\/#primaryimage\"},\"image\":{\"@id\":\"https:\/\/www.elementvape.de\/produkt\/waspe-15000-puffs-green-apple-watermelon-ice-e-zigarette-zollfrei-und-zu-unwiderstehlich-frischen-grosshandelspreisen\/#primaryimage\"},\"thumbnailUrl\":\"https:\/\/www.elementvape.de\/wp-content\/uploads\/2024\/09\/green-apple-watermelon-ice-1.jpg\",\"datePublished\":\"2024-09-03T03:16:36+00:00\",\"dateModified\":\"2024-10-15T03:05:06+00:00\",\"description\":\"Wir bieten WASPE 15000 PUFFS Green Apple Watermelon Ice E-Zigarette - Zollfrei und zu unwiderstehlich frischen Gro\u00dfhandelspreisen , Elementvape.de akzeptieren Gro\u00df-und Einzelhandel Bestellungen.\",\"breadcrumb\":{\"@id\":\"https:\/\/www.elementvape.de\/produkt\/waspe-15000-puffs-green-apple-watermelon-ice-e-zigarette-zollfrei-und-zu-unwiderstehlich-frischen-grosshandelspreisen\/#breadcrumb\"},\"inLanguage\":\"da-DK\",\"potentialAction\":[{\"@type\":\"ReadAction\",\"target\":[\"https:\/\/www.elementvape.de\/produkt\/waspe-15000-puffs-green-apple-watermelon-ice-e-zigarette-zollfrei-und-zu-unwiderstehlich-frischen-grosshandelspreisen\/\"]}]},{\"@type\":\"ImageObject\",\"inLanguage\":\"da-DK\",\"@id\":\"https:\/\/www.elementvape.de\/produkt\/waspe-15000-puffs-green-apple-watermelon-ice-e-zigarette-zollfrei-und-zu-unwiderstehlich-frischen-grosshandelspreisen\/#primaryimage\",\"url\":\"https:\/\/www.elementvape.de\/wp-content\/uploads\/2024\/09\/green-apple-watermelon-ice-1.jpg\",\"contentUrl\":\"https:\/\/www.elementvape.de\/wp-content\/uploads\/2024\/09\/green-apple-watermelon-ice-1.jpg\",\"width\":2000,\"height\":2000,\"caption\":\"green-apple-watermelon-ice\"},{\"@type\":\"BreadcrumbList\",\"@id\":\"https:\/\/www.elementvape.de\/produkt\/waspe-15000-puffs-green-apple-watermelon-ice-e-zigarette-zollfrei-und-zu-unwiderstehlich-frischen-grosshandelspreisen\/#breadcrumb\",\"itemListElement\":[{\"@type\":\"ListItem\",\"position\":1,\"name\":\"Home\",\"item\":\"https:\/\/www.elementvape.de\/\"},{\"@type\":\"ListItem\",\"position\":2,\"name\":\"Shop\",\"item\":\"https:\/\/www.elementvape.de\/shop\/\"},{\"@type\":\"ListItem\",\"position\":3,\"name\":\"WASPE 15000 PUFFS Green Apple Watermelon Ice E-Zigarette &#8211; Zollfrei und zu unwiderstehlich frischen Gro\u00dfhandelspreisen\"}]},{\"@type\":\"WebSite\",\"@id\":\"https:\/\/www.elementvape.de\/#website\",\"url\":\"https:\/\/www.elementvape.de\/\",\"name\":\"ElementVape.de\",\"description\":\"\",\"publisher\":{\"@id\":\"https:\/\/www.elementvape.de\/#organization\"},\"potentialAction\":[{\"@type\":\"SearchAction\",\"target\":{\"@type\":\"EntryPoint\",\"urlTemplate\":\"https:\/\/www.elementvape.de\/?s={search_term_string}\"},\"query-input\":\"required name=search_term_string\"}],\"inLanguage\":\"da-DK\"},{\"@type\":\"Organization\",\"@id\":\"https:\/\/www.elementvape.de\/#organization\",\"name\":\"ElementVape.DE\",\"url\":\"https:\/\/www.elementvape.de\/\",\"logo\":{\"@type\":\"ImageObject\",\"inLanguage\":\"da-DK\",\"@id\":\"https:\/\/www.elementvape.de\/#\/schema\/logo\/image\/\",\"url\":\"https:\/\/www.elementvape.de\/wp-content\/uploads\/2024\/09\/cropped-1elementvape-3.png\",\"contentUrl\":\"https:\/\/www.elementvape.de\/wp-content\/uploads\/2024\/09\/cropped-1elementvape-3.png\",\"width\":285,\"height\":228,\"caption\":\"ElementVape.DE\"},\"image\":{\"@id\":\"https:\/\/www.elementvape.de\/#\/schema\/logo\/image\/\"}}]}<\/script>\n<!-- \/ Yoast SEO plugin. -->","yoast_head_json":{"title":"WASPE 15000 PUFFS Green Apple Watermelon Ice E-Zigarette - Zollfrei und zu unwiderstehlich frischen Gro\u00dfhandelspreisen | ElementVape.de","description":"Wir bieten WASPE 15000 PUFFS Green Apple Watermelon Ice E-Zigarette - Zollfrei und zu unwiderstehlich frischen Gro\u00dfhandelspreisen , Elementvape.de akzeptieren Gro\u00df-und Einzelhandel Bestellungen.","robots":{"index":"index","follow":"follow","max-snippet":"max-snippet:-1","max-image-preview":"max-image-preview:large","max-video-preview":"max-video-preview:-1"},"canonical":"https:\/\/www.elementvape.de\/da\/produkt\/waspe-15000-puffs-green-apple-watermelon-ice-e-zigarette-zollfrei-und-zu-unwiderstehlich-frischen-grosshandelspreisen\/","og_locale":"da_DK","og_type":"article","og_title":"WASPE 15000 PUFFS Green Apple Watermelon Ice E-Zigarette - Zollfrei und zu unwiderstehlich frischen Gro\u00dfhandelspreisen | ElementVape.de","og_description":"Wir bieten WASPE 15000 PUFFS Green Apple Watermelon Ice E-Zigarette - Zollfrei und zu unwiderstehlich frischen Gro\u00dfhandelspreisen , Elementvape.de akzeptieren Gro\u00df-und Einzelhandel Bestellungen.","og_url":"https:\/\/www.elementvape.de\/da\/produkt\/waspe-15000-puffs-green-apple-watermelon-ice-e-zigarette-zollfrei-und-zu-unwiderstehlich-frischen-grosshandelspreisen\/","og_site_name":"ElementVape.de","article_modified_time":"2024-10-15T03:05:06+00:00","og_image":[{"width":2000,"height":2000,"url":"https:\/\/www.elementvape.de\/wp-content\/uploads\/2024\/09\/green-apple-watermelon-ice-1.jpg","type":"image\/jpeg"}],"twitter_card":"summary_large_image","twitter_misc":{"Est. reading time":"3 minutter"},"schema":{"@context":"https:\/\/schema.org","@graph":[{"@type":"WebPage","@id":"https:\/\/www.elementvape.de\/produkt\/waspe-15000-puffs-green-apple-watermelon-ice-e-zigarette-zollfrei-und-zu-unwiderstehlich-frischen-grosshandelspreisen\/","url":"https:\/\/www.elementvape.de\/produkt\/waspe-15000-puffs-green-apple-watermelon-ice-e-zigarette-zollfrei-und-zu-unwiderstehlich-frischen-grosshandelspreisen\/","name":"WASPE 15000 PUFFS Green Apple Watermelon Ice E-Zigarette - Zollfrei und zu unwiderstehlich frischen Gro\u00dfhandelspreisen | ElementVape.de","isPartOf":{"@id":"https:\/\/www.elementvape.de\/#website"},"primaryImageOfPage":{"@id":"https:\/\/www.elementvape.de\/produkt\/waspe-15000-puffs-green-apple-watermelon-ice-e-zigarette-zollfrei-und-zu-unwiderstehlich-frischen-grosshandelspreisen\/#primaryimage"},"image":{"@id":"https:\/\/www.elementvape.de\/produkt\/waspe-15000-puffs-green-apple-watermelon-ice-e-zigarette-zollfrei-und-zu-unwiderstehlich-frischen-grosshandelspreisen\/#primaryimage"},"thumbnailUrl":"https:\/\/www.elementvape.de\/wp-content\/uploads\/2024\/09\/green-apple-watermelon-ice-1.jpg","datePublished":"2024-09-03T03:16:36+00:00","dateModified":"2024-10-15T03:05:06+00:00","description":"Wir bieten WASPE 15000 PUFFS Green Apple Watermelon Ice E-Zigarette - Zollfrei und zu unwiderstehlich frischen Gro\u00dfhandelspreisen , Elementvape.de akzeptieren Gro\u00df-und Einzelhandel Bestellungen.","breadcrumb":{"@id":"https:\/\/www.elementvape.de\/produkt\/waspe-15000-puffs-green-apple-watermelon-ice-e-zigarette-zollfrei-und-zu-unwiderstehlich-frischen-grosshandelspreisen\/#breadcrumb"},"inLanguage":"da-DK","potentialAction":[{"@type":"ReadAction","target":["https:\/\/www.elementvape.de\/produkt\/waspe-15000-puffs-green-apple-watermelon-ice-e-zigarette-zollfrei-und-zu-unwiderstehlich-frischen-grosshandelspreisen\/"]}]},{"@type":"ImageObject","inLanguage":"da-DK","@id":"https:\/\/www.elementvape.de\/produkt\/waspe-15000-puffs-green-apple-watermelon-ice-e-zigarette-zollfrei-und-zu-unwiderstehlich-frischen-grosshandelspreisen\/#primaryimage","url":"https:\/\/www.elementvape.de\/wp-content\/uploads\/2024\/09\/green-apple-watermelon-ice-1.jpg","contentUrl":"https:\/\/www.elementvape.de\/wp-content\/uploads\/2024\/09\/green-apple-watermelon-ice-1.jpg","width":2000,"height":2000,"caption":"green-apple-watermelon-ice"},{"@type":"BreadcrumbList","@id":"https:\/\/www.elementvape.de\/produkt\/waspe-15000-puffs-green-apple-watermelon-ice-e-zigarette-zollfrei-und-zu-unwiderstehlich-frischen-grosshandelspreisen\/#breadcrumb","itemListElement":[{"@type":"ListItem","position":1,"name":"Home","item":"https:\/\/www.elementvape.de\/"},{"@type":"ListItem","position":2,"name":"Shop","item":"https:\/\/www.elementvape.de\/shop\/"},{"@type":"ListItem","position":3,"name":"WASPE 15000 PUFFS Green Apple Watermelon Ice E-Zigarette &#8211; Zollfrei und zu unwiderstehlich frischen Gro\u00dfhandelspreisen"}]},{"@type":"WebSite","@id":"https:\/\/www.elementvape.de\/#website","url":"https:\/\/www.elementvape.de\/","name":"ElementVape.de","description":"","publisher":{"@id":"https:\/\/www.elementvape.de\/#organization"},"potentialAction":[{"@type":"SearchAction","target":{"@type":"EntryPoint","urlTemplate":"https:\/\/www.elementvape.de\/?s={search_term_string}"},"query-input":"required name=search_term_string"}],"inLanguage":"da-DK"},{"@type":"Organization","@id":"https:\/\/www.elementvape.de\/#organization","name":"ElementVape.DE","url":"https:\/\/www.elementvape.de\/","logo":{"@type":"ImageObject","inLanguage":"da-DK","@id":"https:\/\/www.elementvape.de\/#\/schema\/logo\/image\/","url":"https:\/\/www.elementvape.de\/wp-content\/uploads\/2024\/09\/cropped-1elementvape-3.png","contentUrl":"https:\/\/www.elementvape.de\/wp-content\/uploads\/2024\/09\/cropped-1elementvape-3.png","width":285,"height":228,"caption":"ElementVape.DE"},"image":{"@id":"https:\/\/www.elementvape.de\/#\/schema\/logo\/image\/"}}]}},"_links":{"self":[{"href":"https:\/\/www.elementvape.de\/da\/wp-json\/wp\/v2\/product\/14117"}],"collection":[{"href":"https:\/\/www.elementvape.de\/da\/wp-json\/wp\/v2\/product"}],"about":[{"href":"https:\/\/www.elementvape.de\/da\/wp-json\/wp\/v2\/types\/product"}],"wp:featuredmedia":[{"embeddable":true,"href":"https:\/\/www.elementvape.de\/da\/wp-json\/wp\/v2\/media\/14118"}],"wp:attachment":[{"href":"https:\/\/www.elementvape.de\/da\/wp-json\/wp\/v2\/media?parent=14117"}],"wp:term":[{"taxonomy":"product_cat","embeddable":true,"href":"https:\/\/www.elementvape.de\/da\/wp-json\/wp\/v2\/product_cat?post=14117"},{"taxonomy":"product_tag","embeddable":true,"href":"https:\/\/www.elementvape.de\/da\/wp-json\/wp\/v2\/product_tag?post=14117"}],"curies":[{"name":"wp","href":"https:\/\/api.w.org\/{rel}","templated":true}]}}